{"id":70934,"date":"2025-06-02T13:42:23","date_gmt":"2025-06-02T10:42:23","guid":{"rendered":"https:\/\/padelhaus.mustlammas-dev.in\/muugitingimused\/"},"modified":"2026-03-06T13:19:38","modified_gmt":"2026-03-06T11:19:38","slug":"myyntiehdot","status":"publish","type":"page","link":"https:\/\/padelhaus.mustlammas-dev.in\/fi\/myyntiehdot\/","title":{"rendered":"Myyntiehdot"},"content":{"rendered":"\t\t<div data-elementor-type=\"wp-page\" data-elementor-id=\"70934\" class=\"elementor elementor-70934 elementor-14\" data-elementor-post-type=\"page\">\n\t\t\t\t<div class=\"elementor-element elementor-element-4780ed5 e-flex e-con-boxed e-con e-parent\" data-id=\"4780ed5\" data-element_type=\"container\" data-e-type=\"container\">\n\t\t\t\t\t<div class=\"e-con-inner\">\n\t\t<div class=\"elementor-element elementor-element-ae109b2 e-con-full e-flex e-con e-child\" data-id=\"ae109b2\" data-element_type=\"container\" data-e-type=\"container\">\n\t\t<div class=\"elementor-element elementor-element-25cef19 e-con-full e-flex e-con e-child\" data-id=\"25cef19\" data-element_type=\"container\" data-e-type=\"container\">\n\t\t\t\t<div class=\"elementor-element elementor-element-39985b6 elementor-widget elementor-widget-heading\" data-id=\"39985b6\" data-element_type=\"widget\" data-e-type=\"widget\" data-widget_type=\"heading.default\">\n\t\t\t\t<div class=\"elementor-widget-container\">\n\t\t\t\t\t<h2 class=\"elementor-heading-title elementor-size-default\">01. Yleiset ehdot<\/h2>\t\t\t\t<\/div>\n\t\t\t\t<\/div>\n\t\t\t\t<div class=\"elementor-element elementor-element-78349ec elementor-widget elementor-widget-text-editor\" data-id=\"78349ec\" data-element_type=\"widget\" data-e-type=\"widget\" data-widget_type=\"text-editor.default\">\n\t\t\t\t<div class=\"elementor-widget-container\">\n\t\t\t\t\t\t\t\t\t<p data-start=\"353\" data-end=\"559\">Verkkokaupan omistaja on <strong>LATCHKUM O\u00dc<\/strong><br \/>Y-tunnus: <strong>17377335<br \/><\/strong>ALV-tunniste: <strong>EE102947375<\/strong><br \/>Osoite: <strong>Harju maakond, Tallinn, Kesklinna linnaosa, Jalgpalli tn 1, 11312<\/strong><br data-start=\"479\" data-end=\"482\" \/>S\u00e4hk\u00f6posti: <strong><a class=\"contact__value\" title=\"S\u00e4hk\u00f6posti: headiil@disenjador.com\" href=\"mailto:info@padelhaus.ee\" data-wplink-edit=\"true\">info@padelhaus.fi<\/a><\/strong><br data-start=\"519\" data-end=\"522\" \/>Puhelin: <strong><a class=\"contact__value\" title=\"Matkapuhelin: +372 5348 6035\" href=\"tel:+37253004654\">+372 5300 4654<\/a><\/strong><\/p><p data-start=\"561\" data-end=\"678\">LATCHKUM O\u00dc:n verkkokaupassa myyt\u00e4vien tuotteiden ostamiseen sovelletaan n\u00e4it\u00e4 myyntiehtoja sek\u00e4 Viron tasavallan lakeja.<\/p><p data-start=\"680\" data-end=\"768\">Yrityksell\u00e4 on oikeus muuttaa myyntiehtoja ja hintoja julkaisemalla muutokset verkkosivustolla.<\/p>\t\t\t\t\t\t\t\t<\/div>\n\t\t\t\t<\/div>\n\t\t<div class=\"elementor-element elementor-element-f406e9d e-con-full e-flex e-con e-child\" data-id=\"f406e9d\" data-element_type=\"container\" data-e-type=\"container\">\n\t\t\t\t<div class=\"elementor-element elementor-element-57f1968 elementor-widget elementor-widget-heading\" data-id=\"57f1968\" data-element_type=\"widget\" data-e-type=\"widget\" data-widget_type=\"heading.default\">\n\t\t\t\t<div class=\"elementor-widget-container\">\n\t\t\t\t\t<h2 class=\"elementor-heading-title elementor-size-default\">02. Hinnat<\/h2>\t\t\t\t<\/div>\n\t\t\t\t<\/div>\n\t\t\t\t<div class=\"elementor-element elementor-element-340d292 elementor-widget elementor-widget-text-editor\" data-id=\"340d292\" data-element_type=\"widget\" data-e-type=\"widget\" data-widget_type=\"text-editor.default\">\n\t\t\t\t<div class=\"elementor-widget-container\">\n\t\t\t\t\t\t\t\t\t<p data-start=\"784\" data-end=\"863\">Kaikki hinnat ovat euroissa (\u20ac) ja sis\u00e4lt\u00e4v\u00e4t arvonlis\u00e4veron, ellei toisin mainita.<\/p>\n<p data-start=\"865\" data-end=\"968\">Tuotteisiin voi lis\u00e4t\u00e4 toimitusmaksun, jonka suuruus riippuu valitusta toimitustavasta ja -alueesta.<\/p>\t\t\t\t\t\t\t\t<\/div>\n\t\t\t\t<\/div>\n\t\t\t\t<\/div>\n\t\t<div class=\"elementor-element elementor-element-79b2f5c e-con-full e-flex e-con e-child\" data-id=\"79b2f5c\" data-element_type=\"container\" data-e-type=\"container\">\n\t\t\t\t<div class=\"elementor-element elementor-element-178134e elementor-widget elementor-widget-heading\" data-id=\"178134e\" data-element_type=\"widget\" data-e-type=\"widget\" data-widget_type=\"heading.default\">\n\t\t\t\t<div class=\"elementor-widget-container\">\n\t\t\t\t\t<h2 class=\"elementor-heading-title elementor-size-default\">03. Tilauksen tekeminen<\/h2>\t\t\t\t<\/div>\n\t\t\t\t<\/div>\n\t\t\t\t<div class=\"elementor-element elementor-element-b24eabb elementor-widget elementor-widget-text-editor\" data-id=\"b24eabb\" data-element_type=\"widget\" data-e-type=\"widget\" data-widget_type=\"text-editor.default\">\n\t\t\t\t<div class=\"elementor-widget-container\">\n\t\t\t\t\t\t\t\t\t<p data-start=\"1000\" data-end=\"1136\">Ostaja valitsee tuotteet, lis\u00e4\u00e4 ne ostoskoriin, t\u00e4ytt\u00e4\u00e4 tarvittavat tiedot ja vahvistaa tilauksen. Maksu tapahtuu turvallisen Montonio Finance O\u00dc:n kautta. <\/p><p data-start=\"1138\" data-end=\"1219\">Sopimus astuu voimaan, kun koko tilauksen summa on vastaanotettu LATCHKUM O\u00dc:n tilille.<\/p><p data-start=\"1221\" data-end=\"1360\">Jos tilattua tuotetta ei jostain syyst\u00e4 voida toimittaa, ilmoitamme siit\u00e4 ostajalle ja palautamme maksetun summan viimeist\u00e4\u00e4n 14 p\u00e4iv\u00e4n kuluessa.<\/p>\t\t\t\t\t\t\t\t<\/div>\n\t\t\t\t<\/div>\n\t\t<div class=\"elementor-element elementor-element-02a0eb1 e-con-full e-flex e-con e-child\" data-id=\"02a0eb1\" data-element_type=\"container\" data-e-type=\"container\">\n\t\t\t\t<div class=\"elementor-element elementor-element-ece7ff2 elementor-widget elementor-widget-heading\" data-id=\"ece7ff2\" data-element_type=\"widget\" data-e-type=\"widget\" data-widget_type=\"heading.default\">\n\t\t\t\t<div class=\"elementor-widget-container\">\n\t\t\t\t\t<h2 class=\"elementor-heading-title elementor-size-default\">04. Toimitus<\/h2>\t\t\t\t<\/div>\n\t\t\t\t<\/div>\n\t\t\t\t<div class=\"elementor-element elementor-element-2c74407 elementor-widget elementor-widget-text-editor\" data-id=\"2c74407\" data-element_type=\"widget\" data-e-type=\"widget\" data-widget_type=\"text-editor.default\">\n\t\t\t\t<div class=\"elementor-widget-container\">\n\t\t\t\t\t\t\t\t\t<p data-start=\"1387\" data-end=\"1501\">Tuotteita l\u00e4hetet\u00e4\u00e4n <strong data-start=\"1404\" data-end=\"1422\">Viron sis\u00e4ll\u00e4<\/strong> ja tarvittaessa my\u00f6s <strong data-start=\"1441\" data-end=\"1471\">valittuihin Euroopan maihin<\/strong> (tarkentuu tilauksen yhteydess\u00e4).<\/p><p data-start=\"1503\" data-end=\"1643\">Toimituskulut ja -aika riippuvat valitusta toimitustavasta. Tavallinen postitusaika on <strong data-start=\"1601\" data-end=\"1617\">2\u201312 ty\u00f6p\u00e4iv\u00e4\u00e4<\/strong> maksun saapumisesta. <\/p>\t\t\t\t\t\t\t\t<\/div>\n\t\t\t\t<\/div>\n\t\t\t\t<div class=\"elementor-element elementor-element-2fd24bd elementor-widget elementor-widget-heading\" data-id=\"2fd24bd\" data-element_type=\"widget\" data-e-type=\"widget\" data-widget_type=\"heading.default\">\n\t\t\t\t<div class=\"elementor-widget-container\">\n\t\t\t\t\t<h2 class=\"elementor-heading-title elementor-size-default\">05. Peruuttamisoikeus<\/h2>\t\t\t\t<\/div>\n\t\t\t\t<\/div>\n\t\t\t\t<div class=\"elementor-element elementor-element-fce7c9a elementor-widget elementor-widget-text-editor\" data-id=\"fce7c9a\" data-element_type=\"widget\" data-e-type=\"widget\" data-widget_type=\"text-editor.default\">\n\t\t\t\t<div class=\"elementor-widget-container\">\n\t\t\t\t\t\t\t\t\t<p data-start=\"1667\" data-end=\"1798\">Ostajalla on oikeus peruuttaa verkkokaupasta ostettu tuote 14 p\u00e4iv\u00e4n kuluessa tuotteen vastaanottamisesta. Tuotteen palautuskulut maksaa ostaja.<\/p><p data-start=\"1800\" data-end=\"1889\">Peruuttamista varten on l\u00e4hetett\u00e4v\u00e4 asiaankuuluva s\u00e4hk\u00f6posti osoitteeseen <strong><a title=\"S\u00e4hk\u00f6posti: headiil@disenjador.com\" href=\"mailto:info@padelhaus.fi\">info@padelhaus.fi<\/a><\/strong>.<\/p><p data-start=\"1891\" data-end=\"1976\">Tuote on palautettava viimeist\u00e4\u00e4n <strong>14 p\u00e4iv\u00e4n<\/strong> kuluessa peruuttamisilmoituksen tekemisest\u00e4.<\/p><p data-start=\"1978\" data-end=\"2054\">Hyvitys suoritetaan <strong>14 p\u00e4iv\u00e4n<\/strong> kuluessa palautetun tuotteen vastaanottamisesta.<\/p><p data-start=\"1978\" data-end=\"2054\">Tuote on palautettava alkuper\u00e4ispakkauksessaan, muoveissaan ja ilman k\u00e4yt\u00f6n j\u00e4lki\u00e4.<\/p>\t\t\t\t\t\t\t\t<\/div>\n\t\t\t\t<\/div>\n\t\t<div class=\"elementor-element elementor-element-ffad206 e-con-full e-flex e-con e-child\" data-id=\"ffad206\" data-element_type=\"container\" data-e-type=\"container\">\n\t\t<div class=\"elementor-element elementor-element-4e44aa1 e-con-full e-flex e-con e-child\" data-id=\"4e44aa1\" data-element_type=\"container\" data-e-type=\"container\">\n\t\t\t\t<div class=\"elementor-element elementor-element-430f51f elementor-widget elementor-widget-heading\" data-id=\"430f51f\" data-element_type=\"widget\" data-e-type=\"widget\" data-widget_type=\"heading.default\">\n\t\t\t\t<div class=\"elementor-widget-container\">\n\t\t\t\t\t<h2 class=\"elementor-heading-title elementor-size-default\">06. Reklamaatioiden tekeminen<\/h2>\t\t\t\t<\/div>\n\t\t\t\t<\/div>\n\t\t\t\t<div class=\"elementor-element elementor-element-783aa48 elementor-widget elementor-widget-text-editor\" data-id=\"783aa48\" data-element_type=\"widget\" data-e-type=\"widget\" data-widget_type=\"text-editor.default\">\n\t\t\t\t<div class=\"elementor-widget-container\">\n\t\t\t\t\t\t\t\t\t<p data-start=\"2088\" data-end=\"2328\">Jos ostetussa tuotteessa ilmenee vika, on reklamaatio teht\u00e4v\u00e4 s\u00e4hk\u00f6postitse osoitteeseen <strong><a class=\"contact__value\" title=\"S\u00e4hk\u00f6posti: headiil@disenjador.com\" href=\"mailto:info@padelhaus.fi\">info@padelhaus.fi<\/a><\/strong> viimeist\u00e4\u00e4n kahden kuukauden kuluessa vian havaitsemisesta. Ostajalla on oikeus tehd\u00e4 reklamaatio kahden vuoden kuluessa tuotteen vastaanottamisesta.<\/p><p data-start=\"2330\" data-end=\"2390\">LATCHKUM O\u00dc vastaa reklamaatioon kirjallisesti 15 p\u00e4iv\u00e4n kuluessa.<\/p>\t\t\t\t\t\t\t\t<\/div>\n\t\t\t\t<\/div>\n\t\t\t\t<div class=\"elementor-element elementor-element-c59c386 elementor-widget elementor-widget-heading\" data-id=\"c59c386\" data-element_type=\"widget\" data-e-type=\"widget\" data-widget_type=\"heading.default\">\n\t\t\t\t<div class=\"elementor-widget-container\">\n\t\t\t\t\t<h2 class=\"elementor-heading-title elementor-size-default\">07. Riitojen ratkaisu<\/h2>\t\t\t\t<\/div>\n\t\t\t\t<\/div>\n\t\t\t\t<div class=\"elementor-element elementor-element-2c755b2 elementor-widget elementor-widget-text-editor\" data-id=\"2c755b2\" data-element_type=\"widget\" data-e-type=\"widget\" data-widget_type=\"text-editor.default\">\n\t\t\t\t<div class=\"elementor-widget-container\">\n\t\t\t\t\t\t\t\t\t<p data-start=\"2421\" data-end=\"2536\">Jos ostajan ja LATCHKUM O\u00dc:n v\u00e4lille syntyy riita, jota ei voida ratkaista sopimalla, ostaja voi k\u00e4\u00e4nty\u00e4:<\/p><ul data-start=\"2538\" data-end=\"2732\"><li data-start=\"2538\" data-end=\"2610\"><p data-start=\"2540\" data-end=\"2610\">Kuluttajariitalautakuntaan: <strong><a class=\"\" href=\"https:\/\/komisjon.ee\/\" target=\"_new\" rel=\"noopener\" data-start=\"2568\" data-end=\"2610\">https:\/\/komisjon.ee<\/a><\/strong><\/p><\/li><li data-start=\"2611\" data-end=\"2732\"><p data-start=\"2613\" data-end=\"2732\">Euroopan unionin riidanratkaisualustalle: <strong><a class=\"\" href=\"https:\/\/ec.europa.eu\/consumers\/odr\" target=\"_new\" rel=\"noopener\" data-start=\"2660\" data-end=\"2732\">https:\/\/ec.europa.eu\/consumers\/odr<\/a><\/strong><\/p><\/li><\/ul>\t\t\t\t\t\t\t\t<\/div>\n\t\t\t\t<\/div>\n\t\t\t\t<\/div>\n\t\t\t\t<\/div>\n\t\t\t\t<\/div>\n\t\t\t\t<\/div>\n\t\t\t\t<\/div>\n\t\t\t\t<\/div>\n\t\t\t\t\t<\/div>\n\t\t\t\t<\/div>\n\t\t\t\t<\/div>\n\t\t","protected":false},"excerpt":{"rendered":"<p>01. Yleiset ehdot Verkkokaupan omistaja on LATCHKUM O\u00dcY-tunnus: 17377335ALV-tunniste: EE102947375Osoite: Harju maakond, Tallinn, Kesklinna linnaosa, Jalgpalli tn 1, 11312S\u00e4hk\u00f6posti: info@padelhaus.fiPuhelin: +372 5300 4654 LATCHKUM O\u00dc:n verkkokaupassa myyt\u00e4vien tuotteiden ostamiseen sovelletaan n\u00e4it\u00e4 myyntiehtoja sek\u00e4 Viron tasavallan lakeja. Yrityksell\u00e4 on oikeus muuttaa myyntiehtoja ja hintoja julkaisemalla muutokset verkkosivustolla. 02. Hinnat Kaikki hinnat ovat euroissa (\u20ac) ja sis\u00e4lt\u00e4v\u00e4t [&hellip;]<\/p>\n","protected":false},"author":8,"featured_media":0,"parent":0,"menu_order":0,"comment_status":"closed","ping_status":"closed","template":"","meta":{"_eb_attr":"","footnotes":""},"class_list":["post-70934","page","type-page","status-publish","hentry"],"yoast_head":"<!-- This site is optimized with the Yoast SEO Premium plugin v27.1 (Yoast SEO v27.1.1) - https:\/\/yoast.com\/product\/yoast-seo-premium-wordpress\/ -->\n<title>Myyntiehdot | Test Padelhaus<\/title>\n<meta name=\"description\" content=\"Etsitk\u00f6 uutta padelmailaa edullisesti? Padelhaus tarjoaa parhaan valikoiman padelmailoja joka tasolle \u2013 padelvarusteidesi koti.\" \/>\n<meta name=\"robots\" content=\"noindex, nofollow\" \/>\n<meta property=\"og:locale\" content=\"fi_FI\" \/>\n<meta property=\"og:type\" content=\"article\" \/>\n<meta property=\"og:title\" content=\"Myyntiehdot\" \/>\n<meta property=\"og:description\" content=\"Etsitk\u00f6 uutta padelmailaa edullisesti? Padelhaus tarjoaa parhaan valikoiman padelmailoja joka tasolle \u2013 padelvarusteidesi koti.\" \/>\n<meta property=\"og:url\" content=\"https:\/\/padelhaus.mustlammas-dev.in\/fi\/myyntiehdot\/\" \/>\n<meta property=\"og:site_name\" content=\"Test Padelhaus\" \/>\n<meta property=\"article:modified_time\" content=\"2026-03-06T11:19:38+00:00\" \/>\n<meta name=\"twitter:card\" content=\"summary_large_image\" \/>\n<meta name=\"twitter:label1\" content=\"Arvioitu lukuaika\" \/>\n\t<meta name=\"twitter:data1\" content=\"2 minuuttia\" \/>\n<script type=\"application\/ld+json\" class=\"yoast-schema-graph\">{\"@context\":\"https:\/\/schema.org\",\"@graph\":[{\"@type\":\"WebPage\",\"@id\":\"https:\/\/padelhaus.mustlammas-dev.in\/fi\/myyntiehdot\/\",\"url\":\"https:\/\/padelhaus.mustlammas-dev.in\/fi\/myyntiehdot\/\",\"name\":\"Myyntiehdot | Test Padelhaus\",\"isPartOf\":{\"@id\":\"https:\/\/padelhaus.mustlammas-dev.in\/fi\/#website\"},\"datePublished\":\"2025-06-02T10:42:23+00:00\",\"dateModified\":\"2026-03-06T11:19:38+00:00\",\"description\":\"Etsitk\u00f6 uutta padelmailaa edullisesti? Padelhaus tarjoaa parhaan valikoiman padelmailoja joka tasolle \u2013 padelvarusteidesi koti.\",\"breadcrumb\":{\"@id\":\"https:\/\/padelhaus.mustlammas-dev.in\/fi\/myyntiehdot\/#breadcrumb\"},\"inLanguage\":\"fi\",\"potentialAction\":[{\"@type\":\"ReadAction\",\"target\":[\"https:\/\/padelhaus.mustlammas-dev.in\/fi\/myyntiehdot\/\"]}]},{\"@type\":\"BreadcrumbList\",\"@id\":\"https:\/\/padelhaus.mustlammas-dev.in\/fi\/myyntiehdot\/#breadcrumb\",\"itemListElement\":[{\"@type\":\"ListItem\",\"position\":1,\"name\":\"Avaleht\",\"item\":\"https:\/\/padelhaus.fi\/\"},{\"@type\":\"ListItem\",\"position\":2,\"name\":\"Myyntiehdot\"}]},{\"@type\":\"WebSite\",\"@id\":\"https:\/\/padelhaus.mustlammas-dev.in\/fi\/#website\",\"url\":\"https:\/\/padelhaus.mustlammas-dev.in\/fi\/\",\"name\":\"Claude Padelhaus\",\"description\":\"Sinu padelivarustuse kodu\",\"publisher\":{\"@id\":\"https:\/\/padelhaus.mustlammas-dev.in\/fi\/#organization\"},\"potentialAction\":[{\"@type\":\"SearchAction\",\"target\":{\"@type\":\"EntryPoint\",\"urlTemplate\":\"https:\/\/padelhaus.mustlammas-dev.in\/fi\/?s={search_term_string}\"},\"query-input\":{\"@type\":\"PropertyValueSpecification\",\"valueRequired\":true,\"valueName\":\"search_term_string\"}}],\"inLanguage\":\"fi\"},{\"@type\":\"Organization\",\"@id\":\"https:\/\/padelhaus.mustlammas-dev.in\/fi\/#organization\",\"name\":\"Claude Padelhaus\",\"url\":\"https:\/\/padelhaus.mustlammas-dev.in\/fi\/\",\"logo\":{\"@type\":\"ImageObject\",\"inLanguage\":\"fi\",\"@id\":\"https:\/\/padelhaus.mustlammas-dev.in\/fi\/#\/schema\/logo\/image\/\",\"url\":\"https:\/\/padelhaus.mustlammas-dev.in\/wp-content\/uploads\/2025\/05\/Logo-1.png\",\"contentUrl\":\"https:\/\/padelhaus.mustlammas-dev.in\/wp-content\/uploads\/2025\/05\/Logo-1.png\",\"width\":280,\"height\":115,\"caption\":\"Claude Padelhaus\"},\"image\":{\"@id\":\"https:\/\/padelhaus.mustlammas-dev.in\/fi\/#\/schema\/logo\/image\/\"}}]}<\/script>\n<!-- \/ Yoast SEO Premium plugin. -->","yoast_head_json":{"title":"Myyntiehdot | Test Padelhaus","description":"Etsitk\u00f6 uutta padelmailaa edullisesti? Padelhaus tarjoaa parhaan valikoiman padelmailoja joka tasolle \u2013 padelvarusteidesi koti.","robots":{"index":"noindex","follow":"nofollow"},"og_locale":"fi_FI","og_type":"article","og_title":"Myyntiehdot","og_description":"Etsitk\u00f6 uutta padelmailaa edullisesti? Padelhaus tarjoaa parhaan valikoiman padelmailoja joka tasolle \u2013 padelvarusteidesi koti.","og_url":"https:\/\/padelhaus.mustlammas-dev.in\/fi\/myyntiehdot\/","og_site_name":"Test Padelhaus","article_modified_time":"2026-03-06T11:19:38+00:00","twitter_card":"summary_large_image","twitter_misc":{"Arvioitu lukuaika":"2 minuuttia"},"schema":{"@context":"https:\/\/schema.org","@graph":[{"@type":"WebPage","@id":"https:\/\/padelhaus.mustlammas-dev.in\/fi\/myyntiehdot\/","url":"https:\/\/padelhaus.mustlammas-dev.in\/fi\/myyntiehdot\/","name":"Myyntiehdot | Test Padelhaus","isPartOf":{"@id":"https:\/\/padelhaus.mustlammas-dev.in\/fi\/#website"},"datePublished":"2025-06-02T10:42:23+00:00","dateModified":"2026-03-06T11:19:38+00:00","description":"Etsitk\u00f6 uutta padelmailaa edullisesti? Padelhaus tarjoaa parhaan valikoiman padelmailoja joka tasolle \u2013 padelvarusteidesi koti.","breadcrumb":{"@id":"https:\/\/padelhaus.mustlammas-dev.in\/fi\/myyntiehdot\/#breadcrumb"},"inLanguage":"fi","potentialAction":[{"@type":"ReadAction","target":["https:\/\/padelhaus.mustlammas-dev.in\/fi\/myyntiehdot\/"]}]},{"@type":"BreadcrumbList","@id":"https:\/\/padelhaus.mustlammas-dev.in\/fi\/myyntiehdot\/#breadcrumb","itemListElement":[{"@type":"ListItem","position":1,"name":"Avaleht","item":"https:\/\/padelhaus.fi\/"},{"@type":"ListItem","position":2,"name":"Myyntiehdot"}]},{"@type":"WebSite","@id":"https:\/\/padelhaus.mustlammas-dev.in\/fi\/#website","url":"https:\/\/padelhaus.mustlammas-dev.in\/fi\/","name":"Claude Padelhaus","description":"Sinu padelivarustuse kodu","publisher":{"@id":"https:\/\/padelhaus.mustlammas-dev.in\/fi\/#organization"},"potentialAction":[{"@type":"SearchAction","target":{"@type":"EntryPoint","urlTemplate":"https:\/\/padelhaus.mustlammas-dev.in\/fi\/?s={search_term_string}"},"query-input":{"@type":"PropertyValueSpecification","valueRequired":true,"valueName":"search_term_string"}}],"inLanguage":"fi"},{"@type":"Organization","@id":"https:\/\/padelhaus.mustlammas-dev.in\/fi\/#organization","name":"Claude Padelhaus","url":"https:\/\/padelhaus.mustlammas-dev.in\/fi\/","logo":{"@type":"ImageObject","inLanguage":"fi","@id":"https:\/\/padelhaus.mustlammas-dev.in\/fi\/#\/schema\/logo\/image\/","url":"https:\/\/padelhaus.mustlammas-dev.in\/wp-content\/uploads\/2025\/05\/Logo-1.png","contentUrl":"https:\/\/padelhaus.mustlammas-dev.in\/wp-content\/uploads\/2025\/05\/Logo-1.png","width":280,"height":115,"caption":"Claude Padelhaus"},"image":{"@id":"https:\/\/padelhaus.mustlammas-dev.in\/fi\/#\/schema\/logo\/image\/"}}]}},"_links":{"self":[{"href":"https:\/\/padelhaus.mustlammas-dev.in\/fi\/wp-json\/wp\/v2\/pages\/70934","targetHints":{"allow":["GET"]}}],"collection":[{"href":"https:\/\/padelhaus.mustlammas-dev.in\/fi\/wp-json\/wp\/v2\/pages"}],"about":[{"href":"https:\/\/padelhaus.mustlammas-dev.in\/fi\/wp-json\/wp\/v2\/types\/page"}],"author":[{"embeddable":true,"href":"https:\/\/padelhaus.mustlammas-dev.in\/fi\/wp-json\/wp\/v2\/users\/8"}],"replies":[{"embeddable":true,"href":"https:\/\/padelhaus.mustlammas-dev.in\/fi\/wp-json\/wp\/v2\/comments?post=70934"}],"version-history":[{"count":6,"href":"https:\/\/padelhaus.mustlammas-dev.in\/fi\/wp-json\/wp\/v2\/pages\/70934\/revisions"}],"predecessor-version":[{"id":72878,"href":"https:\/\/padelhaus.mustlammas-dev.in\/fi\/wp-json\/wp\/v2\/pages\/70934\/revisions\/72878"}],"wp:attachment":[{"href":"https:\/\/padelhaus.mustlammas-dev.in\/fi\/wp-json\/wp\/v2\/media?parent=70934"}],"curies":[{"name":"wp","href":"https:\/\/api.w.org\/{rel}","templated":true}]}}