{"id":71045,"date":"2026-03-04T12:03:47","date_gmt":"2026-03-04T10:03:47","guid":{"rendered":"https:\/\/padelhaus.mustlammas-dev.in\/pood\/nox-equation-soft-advanced\/"},"modified":"2026-03-05T17:56:39","modified_gmt":"2026-03-05T15:56:39","slug":"nox-equation-soft-advanced","status":"publish","type":"product","link":"https:\/\/padelhaus.mustlammas-dev.in\/fi\/kauppa\/nox-equation-soft-advanced\/","title":{"rendered":"NOX EQUATION SOFT ADVANCED"},"content":{"rendered":"<p><strong>Nox Equation Soft Advanced 2026<\/strong> on suunniteltu pelaajille, jotka etsiv\u00e4t pehme\u00e4\u00e4 ly\u00f6ntituntumaa ja hyv\u00e4\u00e4 pallon l\u00e4ht\u00f6nopeutta, mik\u00e4 sopii t\u00e4ydellisesti pitkiin ja intensiivisiin peleihin. Erityisen HR3 Soft EVA -ytimen ansiosta maila tarjoaa mukavamman ja paremmin hallittavan ly\u00f6nnin s\u00e4ilytt\u00e4en samalla erinomaisen tarkkuuden jokaisessa pisteess\u00e4. Mailan py\u00f6re\u00e4 muoto ja keskisuuri tasapaino takaavat tasapainoisen k\u00e4sitelt\u00e4vyyden sek\u00e4 vakaan ja johdonmukaisen pelin.  <\/p>\n<h5>Kest\u00e4v\u00e4 ja tasapainoinen muotoilu<\/h5>\n<p>Hiilikuiturunko antaa mailalle vahvan ja vakaan rakenteen, kun taas Fiber Glass 3K -viimeistely lis\u00e4\u00e4 kest\u00e4vyytt\u00e4 peliominaisuuksista tinkim\u00e4tt\u00e4. Lis\u00e4ksi t\u00e4rin\u00e4nvaimennusj\u00e4rjestelm\u00e4 auttaa v\u00e4hent\u00e4m\u00e4\u00e4n loukkaantumisriski\u00e4 ja parantaa mukavuutta jokaisen ly\u00f6nnin aikana. <\/p>\n<p>Mailassa yhdistyv\u00e4t tyylik\u00e4s valkoinen muotoilu sinisill\u00e4 ja mustilla yksityiskohdilla sek\u00e4 peliominaisuudet, jotka on suunniteltu keskitason pelaajille, jotka etsiv\u00e4t tarkkuutta ja hallintaa.<\/p>\n<h5>Keskeiset teknologiat ja ominaisuudet<\/h5>\n<ul>\n<li><strong>HR3 Soft EVA \u2013<\/strong> matalatiheyksinen ydin, joka parantaa hallintaa ja pallon l\u00e4ht\u00f6nopeutta<\/li>\n<li><strong>Fiber Glass 3K \u2013<\/strong> kolme lasikuitukerrosta parantamaan kest\u00e4vyytt\u00e4<\/li>\n<li><strong>Exclusive Spin \u2013<\/strong> karkea pinta kaksoisviimeistelyll\u00e4 (hiekkapuhallus + 3D-kuusikulmiokuvio), joka auttaa antamaan pallolle enemm\u00e4n kierteit\u00e4<\/li>\n<li><strong>Anti Vibration System (AVS) \u2013<\/strong> runkoon asennetut kumielementit, jotka vaimentavat t\u00e4rin\u00e4\u00e4<\/li>\n<li><strong>Dynamic Composite Structure (DCS) \u2013<\/strong> sis\u00e4inen vahvistus, joka lis\u00e4\u00e4 mailan kest\u00e4vyytt\u00e4<\/li>\n<li><strong>Carbon Frame \u2013<\/strong> j\u00e4ykempi ja kest\u00e4v\u00e4mpi hiilikuiturunko<\/li>\n<li><strong>Smartstrap\u00ae \u2013<\/strong> vaihdettava, hygieeninen ja turvallinen rannelenkki<\/li>\n<\/ul>\n","protected":false},"excerpt":{"rendered":"<p>Nox Equation Soft Advanced 2026 on suunniteltu pelaajille, jotka etsiv\u00e4t pehme\u00e4\u00e4 ly\u00f6ntituntumaa ja hyv\u00e4\u00e4 pallon l\u00e4ht\u00f6nopeutta, mik\u00e4 sopii t\u00e4ydellisesti pitkiin ja intensiivisiin peleihin. Erityisen HR3 Soft EVA -ytimen ansiosta maila tarjoaa mukavamman ja paremmin hallittavan ly\u00f6nnin s\u00e4ilytt\u00e4en samalla erinomaisen tarkkuuden jokaisessa pisteess\u00e4. Mailan py\u00f6re\u00e4 muoto ja keskisuuri tasapaino takaavat tasapainoisen k\u00e4sitelt\u00e4vyyden sek\u00e4 vakaan ja johdonmukaisen [&hellip;]<\/p>\n","protected":false},"featured_media":71046,"comment_status":"open","ping_status":"closed","template":"","meta":{"_eb_attr":""},"product_brand":[493],"product_cat":[496,495,497,494],"product_tag":[],"class_list":{"0":"post-71045","1":"product","2":"type-product","3":"status-publish","4":"has-post-thumbnail","6":"product_brand-nox","7":"product_cat-edistynyt","8":"product_cat-keskitaso","9":"product_cat-nox","10":"product_cat-padelmailat","11":"pa_kaal-360g","12":"pa_kuju-pyorea","13":"pa_mangustiil-kontrolli","14":"pa_tasakaal-keskella","15":"pa_tase-aloittelija","16":"pa_tase-keskitaso","17":"pa_varv-sininen","18":"pa_varv-valkoinen","21":"first","22":"onbackorder","23":"sale","24":"taxable","25":"shipping-taxable","26":"purchasable","27":"product-type-simple"},"yoast_head":"<!-- This site is optimized with the Yoast SEO Premium plugin v27.1 (Yoast SEO v27.1.1) - https:\/\/yoast.com\/product\/yoast-seo-premium-wordpress\/ -->\n<title>NOX EQUATION SOFT ADVANCED | Test Padelhaus<\/title>\n<meta name=\"description\" content=\"Padelmailat ja padelvarusteet edullisesti. Padelhaus on padel verkkokauppa, josta l\u00f6yd\u00e4t parhaat padelmailat kaikille tasoille.\" \/>\n<meta name=\"robots\" content=\"noindex, follow, max-snippet:-1, max-image-preview:large, max-video-preview:-1\" \/>\n<meta property=\"og:locale\" content=\"fi_FI\" \/>\n<meta property=\"og:type\" content=\"article\" \/>\n<meta property=\"og:title\" content=\"NOX EQUATION SOFT ADVANCED\" \/>\n<meta property=\"og:description\" content=\"Padelmailat ja padelvarusteet edullisesti. Padelhaus on padel verkkokauppa, josta l\u00f6yd\u00e4t parhaat padelmailat kaikille tasoille.\" \/>\n<meta property=\"og:url\" content=\"https:\/\/padelhaus.mustlammas-dev.in\/fi\/kauppa\/nox-equation-soft-advanced\/\" \/>\n<meta property=\"og:site_name\" content=\"Test Padelhaus\" \/>\n<meta property=\"article:modified_time\" content=\"2026-03-05T15:56:39+00:00\" \/>\n<meta property=\"og:image\" content=\"https:\/\/padelhaus.mustlammas-dev.in\/wp-content\/uploads\/2026\/03\/1.webp\" \/>\n\t<meta property=\"og:image:width\" content=\"1000\" \/>\n\t<meta property=\"og:image:height\" content=\"1000\" \/>\n\t<meta property=\"og:image:type\" content=\"image\/webp\" \/>\n<meta name=\"twitter:card\" content=\"summary_large_image\" \/>\n<meta name=\"twitter:label1\" content=\"Hinta\" \/>\n\t<meta name=\"twitter:data1\" content=\"107,95&nbsp;&euro;\" \/>\n\t<meta name=\"twitter:label2\" content=\"Saatavuus\" \/>\n\t<meta name=\"twitter:data2\" content=\"J\u00e4lkitoimituksessa\" \/>\n<script type=\"application\/ld+json\" class=\"yoast-schema-graph\">{\"@context\":\"https:\/\/schema.org\",\"@graph\":[{\"@type\":[\"WebPage\",\"ItemPage\"],\"@id\":\"https:\/\/padelhaus.mustlammas-dev.in\/fi\/kauppa\/nox-equation-soft-advanced\/\",\"url\":\"https:\/\/padelhaus.mustlammas-dev.in\/fi\/kauppa\/nox-equation-soft-advanced\/\",\"name\":\"NOX EQUATION SOFT ADVANCED | Test Padelhaus\",\"isPartOf\":{\"@id\":\"https:\/\/padelhaus.mustlammas-dev.in\/fi\/#website\"},\"primaryImageOfPage\":{\"@id\":\"https:\/\/padelhaus.mustlammas-dev.in\/fi\/kauppa\/nox-equation-soft-advanced\/#primaryimage\"},\"image\":{\"@id\":\"https:\/\/padelhaus.mustlammas-dev.in\/fi\/kauppa\/nox-equation-soft-advanced\/#primaryimage\"},\"thumbnailUrl\":\"https:\/\/padelhaus.mustlammas-dev.in\/wp-content\/uploads\/2026\/03\/1.webp\",\"datePublished\":\"2026-03-04T10:03:47+00:00\",\"dateModified\":\"2026-03-05T15:56:39+00:00\",\"description\":\"Padelmailat ja padelvarusteet edullisesti. Padelhaus on padel verkkokauppa, josta l\u00f6yd\u00e4t parhaat padelmailat kaikille tasoille.\",\"breadcrumb\":{\"@id\":\"https:\/\/padelhaus.mustlammas-dev.in\/fi\/kauppa\/nox-equation-soft-advanced\/#breadcrumb\"},\"inLanguage\":\"fi\",\"potentialAction\":[{\"@type\":\"ReadAction\",\"target\":[\"https:\/\/padelhaus.mustlammas-dev.in\/fi\/kauppa\/nox-equation-soft-advanced\/\"]}]},{\"@type\":\"ImageObject\",\"inLanguage\":\"fi\",\"@id\":\"https:\/\/padelhaus.mustlammas-dev.in\/fi\/kauppa\/nox-equation-soft-advanced\/#primaryimage\",\"url\":\"https:\/\/padelhaus.mustlammas-dev.in\/wp-content\/uploads\/2026\/03\/1.webp\",\"contentUrl\":\"https:\/\/padelhaus.mustlammas-dev.in\/wp-content\/uploads\/2026\/03\/1.webp\",\"width\":1000,\"height\":1000,\"caption\":\"NOX EQUATION SOFT ADVANCED 2026\"},{\"@type\":\"BreadcrumbList\",\"@id\":\"https:\/\/padelhaus.mustlammas-dev.in\/fi\/kauppa\/nox-equation-soft-advanced\/#breadcrumb\",\"itemListElement\":[{\"@type\":\"ListItem\",\"position\":1,\"name\":\"Avaleht\",\"item\":\"https:\/\/padelhaus.fi\/\"},{\"@type\":\"ListItem\",\"position\":2,\"name\":\"Kauppa\",\"item\":\"https:\/\/padelhaus.fi\/kauppa\/\"},{\"@type\":\"ListItem\",\"position\":3,\"name\":\"NOX EQUATION SOFT ADVANCED\"}]},{\"@type\":\"WebSite\",\"@id\":\"https:\/\/padelhaus.mustlammas-dev.in\/fi\/#website\",\"url\":\"https:\/\/padelhaus.mustlammas-dev.in\/fi\/\",\"name\":\"Claude Padelhaus\",\"description\":\"Sinu padelivarustuse kodu\",\"publisher\":{\"@id\":\"https:\/\/padelhaus.mustlammas-dev.in\/fi\/#organization\"},\"potentialAction\":[{\"@type\":\"SearchAction\",\"target\":{\"@type\":\"EntryPoint\",\"urlTemplate\":\"https:\/\/padelhaus.mustlammas-dev.in\/fi\/?s={search_term_string}\"},\"query-input\":{\"@type\":\"PropertyValueSpecification\",\"valueRequired\":true,\"valueName\":\"search_term_string\"}}],\"inLanguage\":\"fi\"},{\"@type\":\"Organization\",\"@id\":\"https:\/\/padelhaus.mustlammas-dev.in\/fi\/#organization\",\"name\":\"Claude Padelhaus\",\"url\":\"https:\/\/padelhaus.mustlammas-dev.in\/fi\/\",\"logo\":{\"@type\":\"ImageObject\",\"inLanguage\":\"fi\",\"@id\":\"https:\/\/padelhaus.mustlammas-dev.in\/fi\/#\/schema\/logo\/image\/\",\"url\":\"https:\/\/padelhaus.mustlammas-dev.in\/wp-content\/uploads\/2025\/05\/Logo-1.png\",\"contentUrl\":\"https:\/\/padelhaus.mustlammas-dev.in\/wp-content\/uploads\/2025\/05\/Logo-1.png\",\"width\":280,\"height\":115,\"caption\":\"Claude Padelhaus\"},\"image\":{\"@id\":\"https:\/\/padelhaus.mustlammas-dev.in\/fi\/#\/schema\/logo\/image\/\"}}]}<\/script>\n<meta property=\"product:price:amount\" content=\"107.95\" \/>\n<meta property=\"product:price:currency\" content=\"EUR\" \/>\n<meta property=\"og:availability\" content=\"backorder\" \/>\n<meta property=\"product:availability\" content=\"available for order\" \/>\n<meta property=\"product:retailer_item_id\" content=\"NOX-R-45\" \/>\n<meta property=\"product:condition\" content=\"new\" \/>\n<!-- \/ Yoast SEO Premium plugin. -->","yoast_head_json":{"title":"NOX EQUATION SOFT ADVANCED | Test Padelhaus","description":"Padelmailat ja padelvarusteet edullisesti. Padelhaus on padel verkkokauppa, josta l\u00f6yd\u00e4t parhaat padelmailat kaikille tasoille.","robots":{"index":"noindex","follow":"follow","max-snippet":"max-snippet:-1","max-image-preview":"max-image-preview:large","max-video-preview":"max-video-preview:-1"},"og_locale":"fi_FI","og_type":"article","og_title":"NOX EQUATION SOFT ADVANCED","og_description":"Padelmailat ja padelvarusteet edullisesti. Padelhaus on padel verkkokauppa, josta l\u00f6yd\u00e4t parhaat padelmailat kaikille tasoille.","og_url":"https:\/\/padelhaus.mustlammas-dev.in\/fi\/kauppa\/nox-equation-soft-advanced\/","og_site_name":"Test Padelhaus","article_modified_time":"2026-03-05T15:56:39+00:00","og_image":[{"width":1000,"height":1000,"url":"https:\/\/padelhaus.mustlammas-dev.in\/wp-content\/uploads\/2026\/03\/1.webp","type":"image\/webp"}],"twitter_card":"summary_large_image","twitter_misc":{"Hinta":"107,95&nbsp;&euro;","Saatavuus":"J\u00e4lkitoimituksessa"},"schema":{"@context":"https:\/\/schema.org","@graph":[{"@type":["WebPage","ItemPage"],"@id":"https:\/\/padelhaus.mustlammas-dev.in\/fi\/kauppa\/nox-equation-soft-advanced\/","url":"https:\/\/padelhaus.mustlammas-dev.in\/fi\/kauppa\/nox-equation-soft-advanced\/","name":"NOX EQUATION SOFT ADVANCED | Test Padelhaus","isPartOf":{"@id":"https:\/\/padelhaus.mustlammas-dev.in\/fi\/#website"},"primaryImageOfPage":{"@id":"https:\/\/padelhaus.mustlammas-dev.in\/fi\/kauppa\/nox-equation-soft-advanced\/#primaryimage"},"image":{"@id":"https:\/\/padelhaus.mustlammas-dev.in\/fi\/kauppa\/nox-equation-soft-advanced\/#primaryimage"},"thumbnailUrl":"https:\/\/padelhaus.mustlammas-dev.in\/wp-content\/uploads\/2026\/03\/1.webp","datePublished":"2026-03-04T10:03:47+00:00","dateModified":"2026-03-05T15:56:39+00:00","description":"Padelmailat ja padelvarusteet edullisesti. Padelhaus on padel verkkokauppa, josta l\u00f6yd\u00e4t parhaat padelmailat kaikille tasoille.","breadcrumb":{"@id":"https:\/\/padelhaus.mustlammas-dev.in\/fi\/kauppa\/nox-equation-soft-advanced\/#breadcrumb"},"inLanguage":"fi","potentialAction":[{"@type":"ReadAction","target":["https:\/\/padelhaus.mustlammas-dev.in\/fi\/kauppa\/nox-equation-soft-advanced\/"]}]},{"@type":"ImageObject","inLanguage":"fi","@id":"https:\/\/padelhaus.mustlammas-dev.in\/fi\/kauppa\/nox-equation-soft-advanced\/#primaryimage","url":"https:\/\/padelhaus.mustlammas-dev.in\/wp-content\/uploads\/2026\/03\/1.webp","contentUrl":"https:\/\/padelhaus.mustlammas-dev.in\/wp-content\/uploads\/2026\/03\/1.webp","width":1000,"height":1000,"caption":"NOX EQUATION SOFT ADVANCED 2026"},{"@type":"BreadcrumbList","@id":"https:\/\/padelhaus.mustlammas-dev.in\/fi\/kauppa\/nox-equation-soft-advanced\/#breadcrumb","itemListElement":[{"@type":"ListItem","position":1,"name":"Avaleht","item":"https:\/\/padelhaus.fi\/"},{"@type":"ListItem","position":2,"name":"Kauppa","item":"https:\/\/padelhaus.fi\/kauppa\/"},{"@type":"ListItem","position":3,"name":"NOX EQUATION SOFT ADVANCED"}]},{"@type":"WebSite","@id":"https:\/\/padelhaus.mustlammas-dev.in\/fi\/#website","url":"https:\/\/padelhaus.mustlammas-dev.in\/fi\/","name":"Claude Padelhaus","description":"Sinu padelivarustuse kodu","publisher":{"@id":"https:\/\/padelhaus.mustlammas-dev.in\/fi\/#organization"},"potentialAction":[{"@type":"SearchAction","target":{"@type":"EntryPoint","urlTemplate":"https:\/\/padelhaus.mustlammas-dev.in\/fi\/?s={search_term_string}"},"query-input":{"@type":"PropertyValueSpecification","valueRequired":true,"valueName":"search_term_string"}}],"inLanguage":"fi"},{"@type":"Organization","@id":"https:\/\/padelhaus.mustlammas-dev.in\/fi\/#organization","name":"Claude Padelhaus","url":"https:\/\/padelhaus.mustlammas-dev.in\/fi\/","logo":{"@type":"ImageObject","inLanguage":"fi","@id":"https:\/\/padelhaus.mustlammas-dev.in\/fi\/#\/schema\/logo\/image\/","url":"https:\/\/padelhaus.mustlammas-dev.in\/wp-content\/uploads\/2025\/05\/Logo-1.png","contentUrl":"https:\/\/padelhaus.mustlammas-dev.in\/wp-content\/uploads\/2025\/05\/Logo-1.png","width":280,"height":115,"caption":"Claude Padelhaus"},"image":{"@id":"https:\/\/padelhaus.mustlammas-dev.in\/fi\/#\/schema\/logo\/image\/"}}]},"product_price_amount":"107.95","product_price_currency":"EUR","og_availability":"backorder","product_availability":"available for order","product_retailer_item_id":"NOX-R-45","product_condition":"new"},"_links":{"self":[{"href":"https:\/\/padelhaus.mustlammas-dev.in\/fi\/wp-json\/wp\/v2\/product\/71045","targetHints":{"allow":["GET"]}}],"collection":[{"href":"https:\/\/padelhaus.mustlammas-dev.in\/fi\/wp-json\/wp\/v2\/product"}],"about":[{"href":"https:\/\/padelhaus.mustlammas-dev.in\/fi\/wp-json\/wp\/v2\/types\/product"}],"replies":[{"embeddable":true,"href":"https:\/\/padelhaus.mustlammas-dev.in\/fi\/wp-json\/wp\/v2\/comments?post=71045"}],"wp:featuredmedia":[{"embeddable":true,"href":"https:\/\/padelhaus.mustlammas-dev.in\/fi\/wp-json\/wp\/v2\/media\/71046"}],"wp:attachment":[{"href":"https:\/\/padelhaus.mustlammas-dev.in\/fi\/wp-json\/wp\/v2\/media?parent=71045"}],"wp:term":[{"taxonomy":"product_brand","embeddable":true,"href":"https:\/\/padelhaus.mustlammas-dev.in\/fi\/wp-json\/wp\/v2\/product_brand?post=71045"},{"taxonomy":"product_cat","embeddable":true,"href":"https:\/\/padelhaus.mustlammas-dev.in\/fi\/wp-json\/wp\/v2\/product_cat?post=71045"},{"taxonomy":"product_tag","embeddable":true,"href":"https:\/\/padelhaus.mustlammas-dev.in\/fi\/wp-json\/wp\/v2\/product_tag?post=71045"}],"curies":[{"name":"wp","href":"https:\/\/api.w.org\/{rel}","templated":true}]}}