{"id":71050,"date":"2025-11-18T11:18:41","date_gmt":"2025-11-18T09:18:41","guid":{"rendered":"https:\/\/padelhaus.mustlammas-dev.in\/pood\/bullpadel-wonder-2026\/"},"modified":"2026-03-05T17:58:07","modified_gmt":"2026-03-05T15:58:07","slug":"bullpadel-wonder-2026","status":"publish","type":"product","link":"https:\/\/padelhaus.mustlammas-dev.in\/fi\/kauppa\/bullpadel-wonder-2026\/","title":{"rendered":"BULLPADEL WONDER 2026"},"content":{"rendered":"<p>Uusi <strong>Bullpadel Wonder 2026<\/strong> on enemm\u00e4n kuin pelkk\u00e4 maila \u2013 se on selke\u00e4 luottamuksen osoitus. Nuoren t\u00e4hden Claudia Fern\u00e1ndezin, joka tunnetaan my\u00f6s nimell\u00e4 <em data-start=\"173\" data-end=\"194\">\u201cLa Ni\u00f1a Maravilla\u201d<\/em>, inspiroimana t\u00e4m\u00e4 maila ohjaa padelin tulevaisuutta t\u00e4ysin uudistetulla muotoilulla. T\u00e4ydellinen pelaajalle, joka etsii tarkkuutta, nopeutta ja kontrollia.  <\/p>\n<h5 data-start=\"329\" data-end=\"356\">Avainominaisuudet<\/h5>\n<p data-start=\"357\" data-end=\"599\">Innovatiivinen <strong>ExoFrame<\/strong>-rakenne parantaa vakautta jokaisella ly\u00f6nnill\u00e4 tarjoten suurempaa j\u00e4ykkyytt\u00e4 lis\u00e4\u00e4m\u00e4tt\u00e4 painoa.<\/p>\n<p data-start=\"357\" data-end=\"599\"><strong>Hybridimuoto <\/strong>ja keskitasapaino tekev\u00e4t t\u00e4st\u00e4 mailasta eritt\u00e4in monipuolisen ja sopivan kaikille pelityyleille.<\/p>\n<p data-start=\"601\" data-end=\"827\"><strong>Multieva<\/strong>-ytimen ja <strong>Fibrix-pinnan<\/strong> ansiosta maila mukautuu pelitempoosi tarjoten mukavuutta ja erinomaista tuntumaa jokaisella ly\u00f6nnill\u00e4.<\/p>\n<p data-start=\"601\" data-end=\"827\"><strong>3D-karhea<\/strong> pinta lis\u00e4\u00e4 ly\u00f6nteihin voimakasta pallon kierrett\u00e4 yll\u00e4tt\u00e4\u00e4ksesi vastustajat.<\/p>\n<h5 data-start=\"834\" data-end=\"851\">Koostumus<\/h5>\n<ul data-start=\"852\" data-end=\"1062\" data-is-last-node=\"\" data-is-only-node=\"\">\n<li data-start=\"852\" data-end=\"873\">\n<p data-start=\"854\" data-end=\"873\"><strong data-start=\"854\" data-end=\"863\">Muoto:<\/strong> Hybridi<\/p>\n<\/li>\n<li data-start=\"874\" data-end=\"897\">\n<p data-start=\"876\" data-end=\"897\"><strong data-start=\"876\" data-end=\"885\">Paino:<\/strong> 350\u2013360 g<\/p>\n<\/li>\n<li data-start=\"898\" data-end=\"926\">\n<p data-start=\"900\" data-end=\"926\"><strong data-start=\"900\" data-end=\"913\">Tasapaino:<\/strong> Keskell\u00e4<\/p>\n<\/li>\n<li data-start=\"927\" data-end=\"948\">\n<p data-start=\"929\" data-end=\"948\"><strong data-start=\"929\" data-end=\"940\">Paksuus:<\/strong> 38 mm<\/p>\n<\/li>\n<li data-start=\"976\" data-end=\"1005\">\n<p data-start=\"978\" data-end=\"1005\"><strong data-start=\"978\" data-end=\"996\">Pintamateriaali:<\/strong> Fibrix<\/p>\n<\/li>\n<li data-start=\"1006\" data-end=\"1031\">\n<p data-start=\"1008\" data-end=\"1031\"><strong data-start=\"1008\" data-end=\"1020\">Ydin:<\/strong> Multieva<\/p>\n<\/li>\n<li data-start=\"1032\" data-end=\"1062\" data-is-last-node=\"\">\n<p data-start=\"1034\" data-end=\"1062\" data-is-last-node=\"\"><strong data-start=\"1034\" data-end=\"1049\">Viimeistely:<\/strong> 3D-karhea pinta<\/p>\n<\/li>\n<\/ul>\n","protected":false},"excerpt":{"rendered":"<p>Uusi Bullpadel Wonder 2026 on enemm\u00e4n kuin pelkk\u00e4 maila \u2013 se on selke\u00e4 luottamuksen osoitus. Nuoren t\u00e4hden Claudia Fern\u00e1ndezin, joka tunnetaan my\u00f6s nimell\u00e4 \u201cLa Ni\u00f1a Maravilla\u201d, inspiroimana t\u00e4m\u00e4 maila ohjaa padelin tulevaisuutta t\u00e4ysin uudistetulla muotoilulla. T\u00e4ydellinen pelaajalle, joka etsii tarkkuutta, nopeutta ja kontrollia. Avainominaisuudet Innovatiivinen ExoFrame-rakenne parantaa vakautta jokaisella ly\u00f6nnill\u00e4 tarjoten suurempaa j\u00e4ykkyytt\u00e4 lis\u00e4\u00e4m\u00e4tt\u00e4 painoa. [&hellip;]<\/p>\n","protected":false},"featured_media":71051,"comment_status":"open","ping_status":"closed","template":"","meta":{"_eb_attr":""},"product_brand":[503],"product_cat":[504,496,505,494],"product_tag":[],"class_list":{"0":"post-71050","1":"product","2":"type-product","3":"status-publish","4":"has-post-thumbnail","6":"product_brand-bullpadel","7":"product_cat-bullpadel","8":"product_cat-edistynyt","9":"product_cat-naiset","10":"product_cat-padelmailat","11":"pa_kaal-360g","12":"pa_kuju-pisaranmuotoinen","13":"pa_mangustiil-hybridi","14":"pa_tasakaal-keskella","15":"pa_tase-edistynyt","16":"pa_varv-harmaa","19":"first","20":"onbackorder","21":"sale","22":"featured","23":"taxable","24":"shipping-taxable","25":"purchasable","26":"product-type-simple"},"yoast_head":"<!-- This site is optimized with the Yoast SEO Premium plugin v27.1 (Yoast SEO v27.1.1) - https:\/\/yoast.com\/product\/yoast-seo-premium-wordpress\/ -->\n<title>BULLPADEL WONDER 2026 | Test Padelhaus<\/title>\n<meta name=\"description\" content=\"Padelmailat ja padelvarusteet edullisesti. Padelhaus on padel verkkokauppa, josta l\u00f6yd\u00e4t parhaat padelmailat kaikille tasoille.\" \/>\n<meta name=\"robots\" content=\"noindex, follow, max-snippet:-1, max-image-preview:large, max-video-preview:-1\" \/>\n<meta property=\"og:locale\" content=\"fi_FI\" \/>\n<meta property=\"og:type\" content=\"article\" \/>\n<meta property=\"og:title\" content=\"BULLPADEL WONDER 2026\" \/>\n<meta property=\"og:description\" content=\"Padelmailat ja padelvarusteet edullisesti. Padelhaus on padel verkkokauppa, josta l\u00f6yd\u00e4t parhaat padelmailat kaikille tasoille.\" \/>\n<meta property=\"og:url\" content=\"https:\/\/padelhaus.mustlammas-dev.in\/fi\/kauppa\/bullpadel-wonder-2026\/\" \/>\n<meta property=\"og:site_name\" content=\"Test Padelhaus\" \/>\n<meta property=\"article:modified_time\" content=\"2026-03-05T15:58:07+00:00\" \/>\n<meta property=\"og:image\" content=\"https:\/\/padelhaus.mustlammas-dev.in\/wp-content\/uploads\/2025\/11\/beezbullpadelwonder-1.webp\" \/>\n\t<meta property=\"og:image:width\" content=\"960\" \/>\n\t<meta property=\"og:image:height\" content=\"960\" \/>\n\t<meta property=\"og:image:type\" content=\"image\/webp\" \/>\n<meta name=\"twitter:card\" content=\"summary_large_image\" \/>\n<meta name=\"twitter:label1\" content=\"Hinta\" \/>\n\t<meta name=\"twitter:data1\" content=\"209,95&nbsp;&euro;\" \/>\n\t<meta name=\"twitter:label2\" content=\"Saatavuus\" \/>\n\t<meta name=\"twitter:data2\" content=\"J\u00e4lkitoimituksessa\" \/>\n<script type=\"application\/ld+json\" class=\"yoast-schema-graph\">{\"@context\":\"https:\/\/schema.org\",\"@graph\":[{\"@type\":[\"WebPage\",\"ItemPage\"],\"@id\":\"https:\/\/padelhaus.mustlammas-dev.in\/fi\/kauppa\/bullpadel-wonder-2026\/\",\"url\":\"https:\/\/padelhaus.mustlammas-dev.in\/fi\/kauppa\/bullpadel-wonder-2026\/\",\"name\":\"BULLPADEL WONDER 2026 | Test Padelhaus\",\"isPartOf\":{\"@id\":\"https:\/\/padelhaus.mustlammas-dev.in\/fi\/#website\"},\"primaryImageOfPage\":{\"@id\":\"https:\/\/padelhaus.mustlammas-dev.in\/fi\/kauppa\/bullpadel-wonder-2026\/#primaryimage\"},\"image\":{\"@id\":\"https:\/\/padelhaus.mustlammas-dev.in\/fi\/kauppa\/bullpadel-wonder-2026\/#primaryimage\"},\"thumbnailUrl\":\"https:\/\/padelhaus.mustlammas-dev.in\/wp-content\/uploads\/2025\/11\/beezbullpadelwonder-1.webp\",\"datePublished\":\"2025-11-18T09:18:41+00:00\",\"dateModified\":\"2026-03-05T15:58:07+00:00\",\"description\":\"Padelmailat ja padelvarusteet edullisesti. Padelhaus on padel verkkokauppa, josta l\u00f6yd\u00e4t parhaat padelmailat kaikille tasoille.\",\"breadcrumb\":{\"@id\":\"https:\/\/padelhaus.mustlammas-dev.in\/fi\/kauppa\/bullpadel-wonder-2026\/#breadcrumb\"},\"inLanguage\":\"fi\",\"potentialAction\":[{\"@type\":\"ReadAction\",\"target\":[\"https:\/\/padelhaus.mustlammas-dev.in\/fi\/kauppa\/bullpadel-wonder-2026\/\"]}]},{\"@type\":\"ImageObject\",\"inLanguage\":\"fi\",\"@id\":\"https:\/\/padelhaus.mustlammas-dev.in\/fi\/kauppa\/bullpadel-wonder-2026\/#primaryimage\",\"url\":\"https:\/\/padelhaus.mustlammas-dev.in\/wp-content\/uploads\/2025\/11\/beezbullpadelwonder-1.webp\",\"contentUrl\":\"https:\/\/padelhaus.mustlammas-dev.in\/wp-content\/uploads\/2025\/11\/beezbullpadelwonder-1.webp\",\"width\":960,\"height\":960,\"caption\":\"BULLPADEL WONDER 2026\"},{\"@type\":\"BreadcrumbList\",\"@id\":\"https:\/\/padelhaus.mustlammas-dev.in\/fi\/kauppa\/bullpadel-wonder-2026\/#breadcrumb\",\"itemListElement\":[{\"@type\":\"ListItem\",\"position\":1,\"name\":\"Avaleht\",\"item\":\"https:\/\/padelhaus.fi\/\"},{\"@type\":\"ListItem\",\"position\":2,\"name\":\"Kauppa\",\"item\":\"https:\/\/padelhaus.fi\/kauppa\/\"},{\"@type\":\"ListItem\",\"position\":3,\"name\":\"BULLPADEL WONDER 2026\"}]},{\"@type\":\"WebSite\",\"@id\":\"https:\/\/padelhaus.mustlammas-dev.in\/fi\/#website\",\"url\":\"https:\/\/padelhaus.mustlammas-dev.in\/fi\/\",\"name\":\"Claude Padelhaus\",\"description\":\"Sinu padelivarustuse kodu\",\"publisher\":{\"@id\":\"https:\/\/padelhaus.mustlammas-dev.in\/fi\/#organization\"},\"potentialAction\":[{\"@type\":\"SearchAction\",\"target\":{\"@type\":\"EntryPoint\",\"urlTemplate\":\"https:\/\/padelhaus.mustlammas-dev.in\/fi\/?s={search_term_string}\"},\"query-input\":{\"@type\":\"PropertyValueSpecification\",\"valueRequired\":true,\"valueName\":\"search_term_string\"}}],\"inLanguage\":\"fi\"},{\"@type\":\"Organization\",\"@id\":\"https:\/\/padelhaus.mustlammas-dev.in\/fi\/#organization\",\"name\":\"Claude Padelhaus\",\"url\":\"https:\/\/padelhaus.mustlammas-dev.in\/fi\/\",\"logo\":{\"@type\":\"ImageObject\",\"inLanguage\":\"fi\",\"@id\":\"https:\/\/padelhaus.mustlammas-dev.in\/fi\/#\/schema\/logo\/image\/\",\"url\":\"https:\/\/padelhaus.mustlammas-dev.in\/wp-content\/uploads\/2025\/05\/Logo-1.png\",\"contentUrl\":\"https:\/\/padelhaus.mustlammas-dev.in\/wp-content\/uploads\/2025\/05\/Logo-1.png\",\"width\":280,\"height\":115,\"caption\":\"Claude Padelhaus\"},\"image\":{\"@id\":\"https:\/\/padelhaus.mustlammas-dev.in\/fi\/#\/schema\/logo\/image\/\"}}]}<\/script>\n<meta property=\"product:price:amount\" content=\"209.95\" \/>\n<meta property=\"product:price:currency\" content=\"EUR\" \/>\n<meta property=\"og:availability\" content=\"backorder\" \/>\n<meta property=\"product:availability\" content=\"available for order\" \/>\n<meta property=\"product:retailer_item_id\" content=\"BUL-R-26\" \/>\n<meta property=\"product:condition\" content=\"new\" \/>\n<!-- \/ Yoast SEO Premium plugin. -->","yoast_head_json":{"title":"BULLPADEL WONDER 2026 | Test Padelhaus","description":"Padelmailat ja padelvarusteet edullisesti. Padelhaus on padel verkkokauppa, josta l\u00f6yd\u00e4t parhaat padelmailat kaikille tasoille.","robots":{"index":"noindex","follow":"follow","max-snippet":"max-snippet:-1","max-image-preview":"max-image-preview:large","max-video-preview":"max-video-preview:-1"},"og_locale":"fi_FI","og_type":"article","og_title":"BULLPADEL WONDER 2026","og_description":"Padelmailat ja padelvarusteet edullisesti. Padelhaus on padel verkkokauppa, josta l\u00f6yd\u00e4t parhaat padelmailat kaikille tasoille.","og_url":"https:\/\/padelhaus.mustlammas-dev.in\/fi\/kauppa\/bullpadel-wonder-2026\/","og_site_name":"Test Padelhaus","article_modified_time":"2026-03-05T15:58:07+00:00","og_image":[{"width":960,"height":960,"url":"https:\/\/padelhaus.mustlammas-dev.in\/wp-content\/uploads\/2025\/11\/beezbullpadelwonder-1.webp","type":"image\/webp"}],"twitter_card":"summary_large_image","twitter_misc":{"Hinta":"209,95&nbsp;&euro;","Saatavuus":"J\u00e4lkitoimituksessa"},"schema":{"@context":"https:\/\/schema.org","@graph":[{"@type":["WebPage","ItemPage"],"@id":"https:\/\/padelhaus.mustlammas-dev.in\/fi\/kauppa\/bullpadel-wonder-2026\/","url":"https:\/\/padelhaus.mustlammas-dev.in\/fi\/kauppa\/bullpadel-wonder-2026\/","name":"BULLPADEL WONDER 2026 | Test Padelhaus","isPartOf":{"@id":"https:\/\/padelhaus.mustlammas-dev.in\/fi\/#website"},"primaryImageOfPage":{"@id":"https:\/\/padelhaus.mustlammas-dev.in\/fi\/kauppa\/bullpadel-wonder-2026\/#primaryimage"},"image":{"@id":"https:\/\/padelhaus.mustlammas-dev.in\/fi\/kauppa\/bullpadel-wonder-2026\/#primaryimage"},"thumbnailUrl":"https:\/\/padelhaus.mustlammas-dev.in\/wp-content\/uploads\/2025\/11\/beezbullpadelwonder-1.webp","datePublished":"2025-11-18T09:18:41+00:00","dateModified":"2026-03-05T15:58:07+00:00","description":"Padelmailat ja padelvarusteet edullisesti. Padelhaus on padel verkkokauppa, josta l\u00f6yd\u00e4t parhaat padelmailat kaikille tasoille.","breadcrumb":{"@id":"https:\/\/padelhaus.mustlammas-dev.in\/fi\/kauppa\/bullpadel-wonder-2026\/#breadcrumb"},"inLanguage":"fi","potentialAction":[{"@type":"ReadAction","target":["https:\/\/padelhaus.mustlammas-dev.in\/fi\/kauppa\/bullpadel-wonder-2026\/"]}]},{"@type":"ImageObject","inLanguage":"fi","@id":"https:\/\/padelhaus.mustlammas-dev.in\/fi\/kauppa\/bullpadel-wonder-2026\/#primaryimage","url":"https:\/\/padelhaus.mustlammas-dev.in\/wp-content\/uploads\/2025\/11\/beezbullpadelwonder-1.webp","contentUrl":"https:\/\/padelhaus.mustlammas-dev.in\/wp-content\/uploads\/2025\/11\/beezbullpadelwonder-1.webp","width":960,"height":960,"caption":"BULLPADEL WONDER 2026"},{"@type":"BreadcrumbList","@id":"https:\/\/padelhaus.mustlammas-dev.in\/fi\/kauppa\/bullpadel-wonder-2026\/#breadcrumb","itemListElement":[{"@type":"ListItem","position":1,"name":"Avaleht","item":"https:\/\/padelhaus.fi\/"},{"@type":"ListItem","position":2,"name":"Kauppa","item":"https:\/\/padelhaus.fi\/kauppa\/"},{"@type":"ListItem","position":3,"name":"BULLPADEL WONDER 2026"}]},{"@type":"WebSite","@id":"https:\/\/padelhaus.mustlammas-dev.in\/fi\/#website","url":"https:\/\/padelhaus.mustlammas-dev.in\/fi\/","name":"Claude Padelhaus","description":"Sinu padelivarustuse kodu","publisher":{"@id":"https:\/\/padelhaus.mustlammas-dev.in\/fi\/#organization"},"potentialAction":[{"@type":"SearchAction","target":{"@type":"EntryPoint","urlTemplate":"https:\/\/padelhaus.mustlammas-dev.in\/fi\/?s={search_term_string}"},"query-input":{"@type":"PropertyValueSpecification","valueRequired":true,"valueName":"search_term_string"}}],"inLanguage":"fi"},{"@type":"Organization","@id":"https:\/\/padelhaus.mustlammas-dev.in\/fi\/#organization","name":"Claude Padelhaus","url":"https:\/\/padelhaus.mustlammas-dev.in\/fi\/","logo":{"@type":"ImageObject","inLanguage":"fi","@id":"https:\/\/padelhaus.mustlammas-dev.in\/fi\/#\/schema\/logo\/image\/","url":"https:\/\/padelhaus.mustlammas-dev.in\/wp-content\/uploads\/2025\/05\/Logo-1.png","contentUrl":"https:\/\/padelhaus.mustlammas-dev.in\/wp-content\/uploads\/2025\/05\/Logo-1.png","width":280,"height":115,"caption":"Claude Padelhaus"},"image":{"@id":"https:\/\/padelhaus.mustlammas-dev.in\/fi\/#\/schema\/logo\/image\/"}}]},"product_price_amount":"209.95","product_price_currency":"EUR","og_availability":"backorder","product_availability":"available for order","product_retailer_item_id":"BUL-R-26","product_condition":"new"},"_links":{"self":[{"href":"https:\/\/padelhaus.mustlammas-dev.in\/fi\/wp-json\/wp\/v2\/product\/71050","targetHints":{"allow":["GET"]}}],"collection":[{"href":"https:\/\/padelhaus.mustlammas-dev.in\/fi\/wp-json\/wp\/v2\/product"}],"about":[{"href":"https:\/\/padelhaus.mustlammas-dev.in\/fi\/wp-json\/wp\/v2\/types\/product"}],"replies":[{"embeddable":true,"href":"https:\/\/padelhaus.mustlammas-dev.in\/fi\/wp-json\/wp\/v2\/comments?post=71050"}],"wp:featuredmedia":[{"embeddable":true,"href":"https:\/\/padelhaus.mustlammas-dev.in\/fi\/wp-json\/wp\/v2\/media\/71051"}],"wp:attachment":[{"href":"https:\/\/padelhaus.mustlammas-dev.in\/fi\/wp-json\/wp\/v2\/media?parent=71050"}],"wp:term":[{"taxonomy":"product_brand","embeddable":true,"href":"https:\/\/padelhaus.mustlammas-dev.in\/fi\/wp-json\/wp\/v2\/product_brand?post=71050"},{"taxonomy":"product_cat","embeddable":true,"href":"https:\/\/padelhaus.mustlammas-dev.in\/fi\/wp-json\/wp\/v2\/product_cat?post=71050"},{"taxonomy":"product_tag","embeddable":true,"href":"https:\/\/padelhaus.mustlammas-dev.in\/fi\/wp-json\/wp\/v2\/product_tag?post=71050"}],"curies":[{"name":"wp","href":"https:\/\/api.w.org\/{rel}","templated":true}]}}