{"id":71055,"date":"2025-11-18T11:33:47","date_gmt":"2025-11-18T09:33:47","guid":{"rendered":"https:\/\/padelhaus.mustlammas-dev.in\/pood\/head-speed-motion-2025\/"},"modified":"2026-03-05T17:58:06","modified_gmt":"2026-03-05T15:58:06","slug":"head-speed-motion-2025","status":"publish","type":"product","link":"https:\/\/padelhaus.mustlammas-dev.in\/fi\/kauppa\/head-speed-motion-2025\/","title":{"rendered":"Head Speed Motion 2025"},"content":{"rendered":"<p data-start=\"0\" data-end=\"413\"><strong>HEAD SPEED Motion 2025<\/strong>, jota maailman ykk\u00f6spelaaja Ari S\u00e1nchez k\u00e4ytt\u00e4\u00e4, on kevyt ja monipuolinen valinta edistyneille ja kilpapelaajille, jotka haluavat nopeuttaa peli\u00e4\u00e4n reagoivalla ja hyvin k\u00e4sitelt\u00e4v\u00e4ll\u00e4 mailalla. T\u00e4m\u00e4 rajoitetun er\u00e4n malli luotiin yhteisty\u00f6ss\u00e4 Ari S\u00e1nchezin kanssa ja sis\u00e4lt\u00e4\u00e4 h\u00e4nen valitsemansa v\u00e4rit, holografiset yksityiskohdat ja nimikirjoituksen, jotka heijastavat h\u00e4nen ainutlaatuista tyyli\u00e4\u00e4n kent\u00e4ll\u00e4. <\/p>\n<h5 data-start=\"380\" data-end=\"405\">Tekniset ominaisuudet<\/h5>\n<ul data-start=\"406\" data-end=\"530\">\n<li data-start=\"406\" data-end=\"436\">\n<p data-start=\"408\" data-end=\"436\"><strong data-start=\"408\" data-end=\"417\">Muoto:<\/strong> pisara (teardrop)<\/p>\n<\/li>\n<li data-start=\"437\" data-end=\"456\">\n<p data-start=\"439\" data-end=\"456\"><strong data-start=\"439\" data-end=\"448\">Paino:<\/strong> 360 g<\/p>\n<\/li>\n<li data-start=\"457\" data-end=\"483\">\n<p data-start=\"459\" data-end=\"483\"><strong data-start=\"459\" data-end=\"473\">Ly\u00f6ntipinta-ala:<\/strong> 465 cm\u00b2<\/p>\n<\/li>\n<li data-start=\"484\" data-end=\"508\">\n<p data-start=\"486\" data-end=\"508\"><strong data-start=\"486\" data-end=\"499\">Tasapaino:<\/strong> 270 mm<\/p>\n<\/li>\n<li data-start=\"509\" data-end=\"530\">\n<p data-start=\"511\" data-end=\"530\"><strong data-start=\"511\" data-end=\"522\">Paksuus:<\/strong> 38 mm<\/p>\n<\/li>\n<\/ul>\n<h5 data-start=\"532\" data-end=\"564\">Materiaalit ja teknologiat<\/h5>\n<ul data-start=\"565\" data-end=\"1539\" data-is-last-node=\"\" data-is-only-node=\"\">\n<li data-start=\"565\" data-end=\"698\">\n<p data-start=\"567\" data-end=\"698\"><strong data-start=\"567\" data-end=\"594\">Hybrid Hitting Surface:<\/strong> hiilikuidun ja lasikuidun yhdistelm\u00e4 keskim\u00e4\u00e4r\u00e4isen kovalla ly\u00f6ntituntumalla, mik\u00e4 parantaa kontrollia ja voimaa.<\/p>\n<\/li>\n<li data-start=\"699\" data-end=\"800\">\n<p data-start=\"701\" data-end=\"800\"><strong data-start=\"701\" data-end=\"717\">Auxetic 2.0:<\/strong> sillassa ja kahvan hiilikuitutangossa; antaa poikkeuksellisen ly\u00f6ntituntuman ja lis\u00e4voimaa.<\/p>\n<\/li>\n<li data-start=\"801\" data-end=\"887\">\n<p data-start=\"803\" data-end=\"887\"><strong data-start=\"803\" data-end=\"818\">Power Foam:<\/strong> nopeasti reagoiva vaahtomateriaali hy\u00f6kk\u00e4ysly\u00f6ntien voiman lis\u00e4\u00e4miseksi.<\/p>\n<\/li>\n<li data-start=\"888\" data-end=\"974\">\n<p data-start=\"890\" data-end=\"974\"><strong data-start=\"890\" data-end=\"915\">Optimized Sweet Spot:<\/strong> ainutlaatuinen reik\u00e4kuvio, joka laajentaa tehokasta ly\u00f6ntialuetta.<\/p>\n<\/li>\n<li data-start=\"975\" data-end=\"1067\">\n<p data-start=\"977\" data-end=\"1067\"><strong data-start=\"977\" data-end=\"994\">Smart Bridge:<\/strong> erityisesti suunniteltu silta, joka tukee mailan tiettyj\u00e4 ominaisuuksia.<\/p>\n<\/li>\n<li data-start=\"1068\" data-end=\"1215\">\n<p data-start=\"1070\" data-end=\"1215\"><strong data-start=\"1070\" data-end=\"1089\">Tailored Frame:<\/strong> jokaiselle runko-osalle erikseen suunniteltu rakenne; vaahtomateriaali ulottuu reunoihin asti, mik\u00e4 lis\u00e4\u00e4 ly\u00f6ntialuetta ja anteeksiantavuutta.<\/p>\n<\/li>\n<li data-start=\"1216\" data-end=\"1326\">\n<p data-start=\"1218\" data-end=\"1326\"><strong data-start=\"1218\" data-end=\"1240\">Soft Butt Cap 2.0:<\/strong> pehme\u00e4 kahvan p\u00e4\u00e4tykappale t\u00e4rin\u00e4n ja paineen v\u00e4hent\u00e4miseksi sek\u00e4 mukavamman otteen saavuttamiseksi.<\/p>\n<\/li>\n<li data-start=\"1327\" data-end=\"1419\">\n<p data-start=\"1329\" data-end=\"1419\"><strong data-start=\"1329\" data-end=\"1349\">Graphene Inside:<\/strong> vahvistaa runkoa, parantaa vakautta ja optimoi pallon l\u00e4ht\u00f6\u00e4.<\/p>\n<\/li>\n<li data-start=\"1420\" data-end=\"1539\" data-is-last-node=\"\">\n<p data-start=\"1422\" data-end=\"1539\" data-is-last-node=\"\"><strong data-start=\"1422\" data-end=\"1448\">Anti Shock Skin Padel:<\/strong> polymeerikerros, joka suojaa mailaa naarmuilta ja iskuilta sek\u00e4 pident\u00e4\u00e4 sen k\u00e4ytt\u00f6ik\u00e4\u00e4.<\/p>\n<\/li>\n<\/ul>\n","protected":false},"excerpt":{"rendered":"<p>HEAD SPEED Motion 2025, jota maailman ykk\u00f6spelaaja Ari S\u00e1nchez k\u00e4ytt\u00e4\u00e4, on kevyt ja monipuolinen valinta edistyneille ja kilpapelaajille, jotka haluavat nopeuttaa peli\u00e4\u00e4n reagoivalla ja hyvin k\u00e4sitelt\u00e4v\u00e4ll\u00e4 mailalla. T\u00e4m\u00e4 rajoitetun er\u00e4n malli luotiin yhteisty\u00f6ss\u00e4 Ari S\u00e1nchezin kanssa ja sis\u00e4lt\u00e4\u00e4 h\u00e4nen valitsemansa v\u00e4rit, holografiset yksityiskohdat ja nimikirjoituksen, jotka heijastavat h\u00e4nen ainutlaatuista tyyli\u00e4\u00e4n kent\u00e4ll\u00e4. Tekniset ominaisuudet Muoto: pisara [&hellip;]<\/p>\n","protected":false},"featured_media":71056,"comment_status":"open","ping_status":"closed","template":"","meta":{"_eb_attr":""},"product_brand":[509],"product_cat":[496,510,505,494],"product_tag":[],"class_list":{"0":"post-71055","1":"product","2":"type-product","3":"status-publish","4":"has-post-thumbnail","6":"product_brand-head","7":"product_cat-edistynyt","8":"product_cat-head","9":"product_cat-naiset","10":"product_cat-padelmailat","11":"pa_kaal-355g","12":"pa_kuju-pisaranmuotoinen","13":"pa_mangustiil-hybridi","14":"pa_tasakaal-ylhaalla","15":"pa_tase-edistynyt","16":"pa_varv-harmaa","19":"first","20":"onbackorder","21":"sale","22":"taxable","23":"shipping-taxable","24":"purchasable","25":"product-type-simple"},"yoast_head":"<!-- This site is optimized with the Yoast SEO Premium plugin v27.1 (Yoast SEO v27.1.1) - https:\/\/yoast.com\/product\/yoast-seo-premium-wordpress\/ -->\n<title>Head Speed Motion 2025 | Test Padelhaus<\/title>\n<meta name=\"description\" content=\"Padelmailat ja padelvarusteet edullisesti. Padelhaus on padel verkkokauppa, josta l\u00f6yd\u00e4t parhaat padelmailat kaikille tasoille.\" \/>\n<meta name=\"robots\" content=\"noindex, follow, max-snippet:-1, max-image-preview:large, max-video-preview:-1\" \/>\n<meta property=\"og:locale\" content=\"fi_FI\" \/>\n<meta property=\"og:type\" content=\"article\" \/>\n<meta property=\"og:title\" content=\"Head Speed Motion 2025\" \/>\n<meta property=\"og:description\" content=\"Padelmailat ja padelvarusteet edullisesti. Padelhaus on padel verkkokauppa, josta l\u00f6yd\u00e4t parhaat padelmailat kaikille tasoille.\" \/>\n<meta property=\"og:url\" content=\"https:\/\/padelhaus.mustlammas-dev.in\/fi\/kauppa\/head-speed-motion-2025\/\" \/>\n<meta property=\"og:site_name\" content=\"Test Padelhaus\" \/>\n<meta property=\"article:modified_time\" content=\"2026-03-05T15:58:06+00:00\" \/>\n<meta property=\"og:image\" content=\"https:\/\/padelhaus.mustlammas-dev.in\/wp-content\/uploads\/2025\/11\/beezheadspeedmotion-1.webp\" \/>\n\t<meta property=\"og:image:width\" content=\"960\" \/>\n\t<meta property=\"og:image:height\" content=\"960\" \/>\n\t<meta property=\"og:image:type\" content=\"image\/webp\" \/>\n<meta name=\"twitter:card\" content=\"summary_large_image\" \/>\n<meta name=\"twitter:label1\" content=\"Hinta\" \/>\n\t<meta name=\"twitter:data1\" content=\"179,00&nbsp;&euro;\" \/>\n\t<meta name=\"twitter:label2\" content=\"Saatavuus\" \/>\n\t<meta name=\"twitter:data2\" content=\"J\u00e4lkitoimituksessa\" \/>\n<script type=\"application\/ld+json\" class=\"yoast-schema-graph\">{\"@context\":\"https:\/\/schema.org\",\"@graph\":[{\"@type\":[\"WebPage\",\"ItemPage\"],\"@id\":\"https:\/\/padelhaus.mustlammas-dev.in\/fi\/kauppa\/head-speed-motion-2025\/\",\"url\":\"https:\/\/padelhaus.mustlammas-dev.in\/fi\/kauppa\/head-speed-motion-2025\/\",\"name\":\"Head Speed Motion 2025 | Test Padelhaus\",\"isPartOf\":{\"@id\":\"https:\/\/padelhaus.mustlammas-dev.in\/fi\/#website\"},\"primaryImageOfPage\":{\"@id\":\"https:\/\/padelhaus.mustlammas-dev.in\/fi\/kauppa\/head-speed-motion-2025\/#primaryimage\"},\"image\":{\"@id\":\"https:\/\/padelhaus.mustlammas-dev.in\/fi\/kauppa\/head-speed-motion-2025\/#primaryimage\"},\"thumbnailUrl\":\"https:\/\/padelhaus.mustlammas-dev.in\/wp-content\/uploads\/2025\/11\/beezheadspeedmotion-1.webp\",\"datePublished\":\"2025-11-18T09:33:47+00:00\",\"dateModified\":\"2026-03-05T15:58:06+00:00\",\"description\":\"Padelmailat ja padelvarusteet edullisesti. Padelhaus on padel verkkokauppa, josta l\u00f6yd\u00e4t parhaat padelmailat kaikille tasoille.\",\"breadcrumb\":{\"@id\":\"https:\/\/padelhaus.mustlammas-dev.in\/fi\/kauppa\/head-speed-motion-2025\/#breadcrumb\"},\"inLanguage\":\"fi\",\"potentialAction\":[{\"@type\":\"ReadAction\",\"target\":[\"https:\/\/padelhaus.mustlammas-dev.in\/fi\/kauppa\/head-speed-motion-2025\/\"]}]},{\"@type\":\"ImageObject\",\"inLanguage\":\"fi\",\"@id\":\"https:\/\/padelhaus.mustlammas-dev.in\/fi\/kauppa\/head-speed-motion-2025\/#primaryimage\",\"url\":\"https:\/\/padelhaus.mustlammas-dev.in\/wp-content\/uploads\/2025\/11\/beezheadspeedmotion-1.webp\",\"contentUrl\":\"https:\/\/padelhaus.mustlammas-dev.in\/wp-content\/uploads\/2025\/11\/beezheadspeedmotion-1.webp\",\"width\":960,\"height\":960,\"caption\":\"Head Speed Motion 2025\"},{\"@type\":\"BreadcrumbList\",\"@id\":\"https:\/\/padelhaus.mustlammas-dev.in\/fi\/kauppa\/head-speed-motion-2025\/#breadcrumb\",\"itemListElement\":[{\"@type\":\"ListItem\",\"position\":1,\"name\":\"Avaleht\",\"item\":\"https:\/\/padelhaus.fi\/\"},{\"@type\":\"ListItem\",\"position\":2,\"name\":\"Kauppa\",\"item\":\"https:\/\/padelhaus.fi\/kauppa\/\"},{\"@type\":\"ListItem\",\"position\":3,\"name\":\"Head Speed Motion 2025\"}]},{\"@type\":\"WebSite\",\"@id\":\"https:\/\/padelhaus.mustlammas-dev.in\/fi\/#website\",\"url\":\"https:\/\/padelhaus.mustlammas-dev.in\/fi\/\",\"name\":\"Claude Padelhaus\",\"description\":\"Sinu padelivarustuse kodu\",\"publisher\":{\"@id\":\"https:\/\/padelhaus.mustlammas-dev.in\/fi\/#organization\"},\"potentialAction\":[{\"@type\":\"SearchAction\",\"target\":{\"@type\":\"EntryPoint\",\"urlTemplate\":\"https:\/\/padelhaus.mustlammas-dev.in\/fi\/?s={search_term_string}\"},\"query-input\":{\"@type\":\"PropertyValueSpecification\",\"valueRequired\":true,\"valueName\":\"search_term_string\"}}],\"inLanguage\":\"fi\"},{\"@type\":\"Organization\",\"@id\":\"https:\/\/padelhaus.mustlammas-dev.in\/fi\/#organization\",\"name\":\"Claude Padelhaus\",\"url\":\"https:\/\/padelhaus.mustlammas-dev.in\/fi\/\",\"logo\":{\"@type\":\"ImageObject\",\"inLanguage\":\"fi\",\"@id\":\"https:\/\/padelhaus.mustlammas-dev.in\/fi\/#\/schema\/logo\/image\/\",\"url\":\"https:\/\/padelhaus.mustlammas-dev.in\/wp-content\/uploads\/2025\/05\/Logo-1.png\",\"contentUrl\":\"https:\/\/padelhaus.mustlammas-dev.in\/wp-content\/uploads\/2025\/05\/Logo-1.png\",\"width\":280,\"height\":115,\"caption\":\"Claude Padelhaus\"},\"image\":{\"@id\":\"https:\/\/padelhaus.mustlammas-dev.in\/fi\/#\/schema\/logo\/image\/\"}}]}<\/script>\n<meta property=\"product:price:amount\" content=\"179.00\" \/>\n<meta property=\"product:price:currency\" content=\"EUR\" \/>\n<meta property=\"og:availability\" content=\"backorder\" \/>\n<meta property=\"product:availability\" content=\"available for order\" \/>\n<meta property=\"product:retailer_item_id\" content=\"HEA-R-27\" \/>\n<meta property=\"product:condition\" content=\"new\" \/>\n<!-- \/ Yoast SEO Premium plugin. -->","yoast_head_json":{"title":"Head Speed Motion 2025 | Test Padelhaus","description":"Padelmailat ja padelvarusteet edullisesti. Padelhaus on padel verkkokauppa, josta l\u00f6yd\u00e4t parhaat padelmailat kaikille tasoille.","robots":{"index":"noindex","follow":"follow","max-snippet":"max-snippet:-1","max-image-preview":"max-image-preview:large","max-video-preview":"max-video-preview:-1"},"og_locale":"fi_FI","og_type":"article","og_title":"Head Speed Motion 2025","og_description":"Padelmailat ja padelvarusteet edullisesti. Padelhaus on padel verkkokauppa, josta l\u00f6yd\u00e4t parhaat padelmailat kaikille tasoille.","og_url":"https:\/\/padelhaus.mustlammas-dev.in\/fi\/kauppa\/head-speed-motion-2025\/","og_site_name":"Test Padelhaus","article_modified_time":"2026-03-05T15:58:06+00:00","og_image":[{"width":960,"height":960,"url":"https:\/\/padelhaus.mustlammas-dev.in\/wp-content\/uploads\/2025\/11\/beezheadspeedmotion-1.webp","type":"image\/webp"}],"twitter_card":"summary_large_image","twitter_misc":{"Hinta":"179,00&nbsp;&euro;","Saatavuus":"J\u00e4lkitoimituksessa"},"schema":{"@context":"https:\/\/schema.org","@graph":[{"@type":["WebPage","ItemPage"],"@id":"https:\/\/padelhaus.mustlammas-dev.in\/fi\/kauppa\/head-speed-motion-2025\/","url":"https:\/\/padelhaus.mustlammas-dev.in\/fi\/kauppa\/head-speed-motion-2025\/","name":"Head Speed Motion 2025 | Test Padelhaus","isPartOf":{"@id":"https:\/\/padelhaus.mustlammas-dev.in\/fi\/#website"},"primaryImageOfPage":{"@id":"https:\/\/padelhaus.mustlammas-dev.in\/fi\/kauppa\/head-speed-motion-2025\/#primaryimage"},"image":{"@id":"https:\/\/padelhaus.mustlammas-dev.in\/fi\/kauppa\/head-speed-motion-2025\/#primaryimage"},"thumbnailUrl":"https:\/\/padelhaus.mustlammas-dev.in\/wp-content\/uploads\/2025\/11\/beezheadspeedmotion-1.webp","datePublished":"2025-11-18T09:33:47+00:00","dateModified":"2026-03-05T15:58:06+00:00","description":"Padelmailat ja padelvarusteet edullisesti. Padelhaus on padel verkkokauppa, josta l\u00f6yd\u00e4t parhaat padelmailat kaikille tasoille.","breadcrumb":{"@id":"https:\/\/padelhaus.mustlammas-dev.in\/fi\/kauppa\/head-speed-motion-2025\/#breadcrumb"},"inLanguage":"fi","potentialAction":[{"@type":"ReadAction","target":["https:\/\/padelhaus.mustlammas-dev.in\/fi\/kauppa\/head-speed-motion-2025\/"]}]},{"@type":"ImageObject","inLanguage":"fi","@id":"https:\/\/padelhaus.mustlammas-dev.in\/fi\/kauppa\/head-speed-motion-2025\/#primaryimage","url":"https:\/\/padelhaus.mustlammas-dev.in\/wp-content\/uploads\/2025\/11\/beezheadspeedmotion-1.webp","contentUrl":"https:\/\/padelhaus.mustlammas-dev.in\/wp-content\/uploads\/2025\/11\/beezheadspeedmotion-1.webp","width":960,"height":960,"caption":"Head Speed Motion 2025"},{"@type":"BreadcrumbList","@id":"https:\/\/padelhaus.mustlammas-dev.in\/fi\/kauppa\/head-speed-motion-2025\/#breadcrumb","itemListElement":[{"@type":"ListItem","position":1,"name":"Avaleht","item":"https:\/\/padelhaus.fi\/"},{"@type":"ListItem","position":2,"name":"Kauppa","item":"https:\/\/padelhaus.fi\/kauppa\/"},{"@type":"ListItem","position":3,"name":"Head Speed Motion 2025"}]},{"@type":"WebSite","@id":"https:\/\/padelhaus.mustlammas-dev.in\/fi\/#website","url":"https:\/\/padelhaus.mustlammas-dev.in\/fi\/","name":"Claude Padelhaus","description":"Sinu padelivarustuse kodu","publisher":{"@id":"https:\/\/padelhaus.mustlammas-dev.in\/fi\/#organization"},"potentialAction":[{"@type":"SearchAction","target":{"@type":"EntryPoint","urlTemplate":"https:\/\/padelhaus.mustlammas-dev.in\/fi\/?s={search_term_string}"},"query-input":{"@type":"PropertyValueSpecification","valueRequired":true,"valueName":"search_term_string"}}],"inLanguage":"fi"},{"@type":"Organization","@id":"https:\/\/padelhaus.mustlammas-dev.in\/fi\/#organization","name":"Claude Padelhaus","url":"https:\/\/padelhaus.mustlammas-dev.in\/fi\/","logo":{"@type":"ImageObject","inLanguage":"fi","@id":"https:\/\/padelhaus.mustlammas-dev.in\/fi\/#\/schema\/logo\/image\/","url":"https:\/\/padelhaus.mustlammas-dev.in\/wp-content\/uploads\/2025\/05\/Logo-1.png","contentUrl":"https:\/\/padelhaus.mustlammas-dev.in\/wp-content\/uploads\/2025\/05\/Logo-1.png","width":280,"height":115,"caption":"Claude Padelhaus"},"image":{"@id":"https:\/\/padelhaus.mustlammas-dev.in\/fi\/#\/schema\/logo\/image\/"}}]},"product_price_amount":"179.00","product_price_currency":"EUR","og_availability":"backorder","product_availability":"available for order","product_retailer_item_id":"HEA-R-27","product_condition":"new"},"_links":{"self":[{"href":"https:\/\/padelhaus.mustlammas-dev.in\/fi\/wp-json\/wp\/v2\/product\/71055","targetHints":{"allow":["GET"]}}],"collection":[{"href":"https:\/\/padelhaus.mustlammas-dev.in\/fi\/wp-json\/wp\/v2\/product"}],"about":[{"href":"https:\/\/padelhaus.mustlammas-dev.in\/fi\/wp-json\/wp\/v2\/types\/product"}],"replies":[{"embeddable":true,"href":"https:\/\/padelhaus.mustlammas-dev.in\/fi\/wp-json\/wp\/v2\/comments?post=71055"}],"wp:featuredmedia":[{"embeddable":true,"href":"https:\/\/padelhaus.mustlammas-dev.in\/fi\/wp-json\/wp\/v2\/media\/71056"}],"wp:attachment":[{"href":"https:\/\/padelhaus.mustlammas-dev.in\/fi\/wp-json\/wp\/v2\/media?parent=71055"}],"wp:term":[{"taxonomy":"product_brand","embeddable":true,"href":"https:\/\/padelhaus.mustlammas-dev.in\/fi\/wp-json\/wp\/v2\/product_brand?post=71055"},{"taxonomy":"product_cat","embeddable":true,"href":"https:\/\/padelhaus.mustlammas-dev.in\/fi\/wp-json\/wp\/v2\/product_cat?post=71055"},{"taxonomy":"product_tag","embeddable":true,"href":"https:\/\/padelhaus.mustlammas-dev.in\/fi\/wp-json\/wp\/v2\/product_tag?post=71055"}],"curies":[{"name":"wp","href":"https:\/\/api.w.org\/{rel}","templated":true}]}}