{"id":71061,"date":"2025-11-06T12:39:51","date_gmt":"2025-11-06T10:39:51","guid":{"rendered":"https:\/\/padelhaus.mustlammas-dev.in\/pood\/nox-ml10-ventus-control-3k\/"},"modified":"2026-03-05T17:58:14","modified_gmt":"2026-03-05T15:58:14","slug":"nox-ml10-ventus-control-3k","status":"publish","type":"product","link":"https:\/\/padelhaus.mustlammas-dev.in\/fi\/kauppa\/nox-ml10-ventus-control-3k\/","title":{"rendered":"NOX ML10 VENTUS CONTROL 3K"},"content":{"rendered":"<p data-start=\"0\" data-end=\"215\"><strong data-start=\"0\" data-end=\"30\">Nox ML10 Ventus Control 3K<\/strong> on klassisen padelmailan kehittyneempi versio. Sen py\u00f6re\u00e4 muoto ja tasapainoinen paino takaavat laajan osuma-alueen, joka tarjoaa erinomaisen kontrollin ja vakauden jokaiseen ly\u00f6ntiin. T\u00e4m\u00e4 malli, jonka paino on 360\u2013375 grammaa ja paksuus 38 mm, yhdist\u00e4\u00e4 keveyden ja varmuuden. Hiilikuiturunko lis\u00e4\u00e4 kest\u00e4vyytt\u00e4, kun taas 3K hiilikuituiset ly\u00f6ntipinnat parantavat sek\u00e4 ly\u00f6ntivoimaa ett\u00e4 pallon l\u00e4ht\u00f6\u00e4. HR3 Color EVA -ydin antaa keskim\u00e4\u00e4r\u00e4isen ly\u00f6ntituntuman, joka sopii ihanteellisesti pelaajille, jotka haluavat s\u00e4ilytt\u00e4\u00e4 tarkkuuden ja mukavuuden my\u00f6s intensiivisimmiss\u00e4 palloralleissa.    <\/p>\n<h5 data-start=\"638\" data-end=\"1149\">ML10 Ventus Control 3K \u2013 kun etsit kontrollia<\/h5>\n<p data-start=\"638\" data-end=\"1149\">T\u00e4m\u00e4 py\u00f6re\u00e4muotoinen Nox-maila, joka on luotu yhteisty\u00f6ss\u00e4 Miguel Lampertin kanssa, on suunniteltu edistyneille ja ammattilaispelaajille, jotka suosivat strategiaa voiman sijaan. T\u00e4ydellinen niille, jotka nauttivat pelitempon m\u00e4\u00e4ritt\u00e4misest\u00e4, pallon tarkasta sijoittamisesta ja pisteiden rakentamisesta vankalla kontrollilla. T\u00e4m\u00e4 malli vastaa t\u00e4ysin niiden pelaajien odotuksia, jotka etsiv\u00e4t maksimaalista kontrollia mukavuudesta ja varmasta ly\u00f6ntituntumasta tinkim\u00e4tt\u00e4.  <\/p>\n<h5 data-start=\"1151\" data-end=\"1205\">Tekniset edut ja innovatiiviset teknologiat:<\/h5>\n<ul data-start=\"1206\" data-end=\"1944\" data-is-last-node=\"\" data-is-only-node=\"\">\n<li data-start=\"1206\" data-end=\"1293\">\n<p data-start=\"1208\" data-end=\"1293\"><strong data-start=\"1208\" data-end=\"1228\">Carbon Fiber 3K:<\/strong> vahva ja tasainen ly\u00f6ntipinta ruudukuvioisen rakenteen ansiosta<\/p>\n<\/li>\n<li data-start=\"1294\" data-end=\"1386\">\n<p data-start=\"1296\" data-end=\"1386\"><strong data-start=\"1296\" data-end=\"1314\">HR3 Color EVA:<\/strong> matalatiheyksinen kumi parempaan kontrolliin ja pehme\u00e4mp\u00e4\u00e4n ly\u00f6ntituntumaan<\/p>\n<\/li>\n<li data-start=\"1387\" data-end=\"1468\">\n<p data-start=\"1389\" data-end=\"1468\"><strong data-start=\"1389\" data-end=\"1406\">Carbon Frame:<\/strong> hiilikuiturunko maksimaalisen j\u00e4ykkyyden ja kest\u00e4vyyden takaamiseksi<\/p>\n<\/li>\n<li data-start=\"1469\" data-end=\"1545\">\n<p data-start=\"1471\" data-end=\"1545\"><strong data-start=\"1471\" data-end=\"1485\">Dual Spin:<\/strong> karhea yhdistelm\u00e4pinta, joka lis\u00e4\u00e4 pallon kierrett\u00e4<\/p>\n<\/li>\n<li data-start=\"1546\" data-end=\"1643\">\n<p data-start=\"1548\" data-end=\"1643\"><strong data-start=\"1548\" data-end=\"1586\">DCS (Dynamic Composite Structure):<\/strong> sis\u00e4inen vahvistusrakenne, joka v\u00e4hent\u00e4\u00e4 rikkoutumisriski\u00e4<\/p>\n<\/li>\n<li data-start=\"1644\" data-end=\"1728\">\n<p data-start=\"1646\" data-end=\"1728\"><strong data-start=\"1646\" data-end=\"1663\">Pulse System:<\/strong> v\u00e4r\u00e4htely\u00e4 vaimentava j\u00e4rjestelm\u00e4, joka parantaa mukavuutta jokaisessa ly\u00f6nniss\u00e4<\/p>\n<\/li>\n<li data-start=\"1729\" data-end=\"1789\">\n<p data-start=\"1731\" data-end=\"1789\"><strong data-start=\"1731\" data-end=\"1747\">Custom Grip:<\/strong> parannettu ote ja v\u00e4hentynyt t\u00e4rin\u00e4<\/p>\n<\/li>\n<li data-start=\"1790\" data-end=\"1859\">\n<p data-start=\"1792\" data-end=\"1859\"><strong data-start=\"1792\" data-end=\"1808\">Smart Strap:<\/strong> vaihdettava turvanauhaj\u00e4rjestelm\u00e4, mukava ja turvallinen<\/p>\n<\/li>\n<li data-start=\"1860\" data-end=\"1944\" data-is-last-node=\"\">\n<p data-start=\"1862\" data-end=\"1944\" data-is-last-node=\"\"><strong data-start=\"1862\" data-end=\"1877\">EOS Tunnel:<\/strong> sivuttaiset aukot, jotka parantavat aerodynamiikkaa ja ohjattavuutta<\/p>\n<\/li>\n<\/ul>\n","protected":false},"excerpt":{"rendered":"<p>Nox ML10 Ventus Control 3K on klassisen padelmailan kehittyneempi versio. Sen py\u00f6re\u00e4 muoto ja tasapainoinen paino takaavat laajan osuma-alueen, joka tarjoaa erinomaisen kontrollin ja vakauden jokaiseen ly\u00f6ntiin. T\u00e4m\u00e4 malli, jonka paino on 360\u2013375 grammaa ja paksuus 38 mm, yhdist\u00e4\u00e4 keveyden ja varmuuden. Hiilikuiturunko lis\u00e4\u00e4 kest\u00e4vyytt\u00e4, kun taas 3K hiilikuituiset ly\u00f6ntipinnat parantavat sek\u00e4 ly\u00f6ntivoimaa ett\u00e4 pallon [&hellip;]<\/p>\n","protected":false},"featured_media":71063,"comment_status":"open","ping_status":"closed","template":"","meta":{"_eb_attr":""},"product_brand":[493],"product_cat":[496,497,494],"product_tag":[],"class_list":{"0":"post-71061","1":"product","2":"type-product","3":"status-publish","4":"has-post-thumbnail","6":"product_brand-nox","7":"product_cat-edistynyt","8":"product_cat-nox","9":"product_cat-padelmailat","10":"pa_kaal-365g","11":"pa_kuju-pyorea","12":"pa_mangustiil-kontrolli","13":"pa_tasakaal-keskella","14":"pa_tase-edistynyt","15":"pa_varv-harmaa","18":"first","19":"onbackorder","20":"sale","21":"taxable","22":"shipping-taxable","23":"purchasable","24":"product-type-simple"},"yoast_head":"<!-- This site is optimized with the Yoast SEO Premium plugin v27.1 (Yoast SEO v27.1.1) - https:\/\/yoast.com\/product\/yoast-seo-premium-wordpress\/ -->\n<title>NOX ML10 VENTUS CONTROL 3K | Test Padelhaus<\/title>\n<meta name=\"description\" content=\"Padelmailat ja padelvarusteet edullisesti. Padelhaus on padel verkkokauppa, josta l\u00f6yd\u00e4t parhaat padelmailat kaikille tasoille.\" \/>\n<meta name=\"robots\" content=\"noindex, follow, max-snippet:-1, max-image-preview:large, max-video-preview:-1\" \/>\n<meta property=\"og:locale\" content=\"fi_FI\" \/>\n<meta property=\"og:type\" content=\"article\" \/>\n<meta property=\"og:title\" content=\"NOX ML10 VENTUS CONTROL 3K\" \/>\n<meta property=\"og:description\" content=\"Padelmailat ja padelvarusteet edullisesti. Padelhaus on padel verkkokauppa, josta l\u00f6yd\u00e4t parhaat padelmailat kaikille tasoille.\" \/>\n<meta property=\"og:url\" content=\"https:\/\/padelhaus.mustlammas-dev.in\/fi\/kauppa\/nox-ml10-ventus-control-3k\/\" \/>\n<meta property=\"og:site_name\" content=\"Test Padelhaus\" \/>\n<meta property=\"article:modified_time\" content=\"2026-03-05T15:58:14+00:00\" \/>\n<meta property=\"og:image\" content=\"https:\/\/padelhaus.mustlammas-dev.in\/wp-content\/uploads\/2025\/11\/NOX-ML10-VENTUS-CONTROL-3K-BY-MIGUEL-LAMPERTI-20261-1.png\" \/>\n\t<meta property=\"og:image:width\" content=\"960\" \/>\n\t<meta property=\"og:image:height\" content=\"960\" \/>\n\t<meta property=\"og:image:type\" content=\"image\/png\" \/>\n<meta name=\"twitter:card\" content=\"summary_large_image\" \/>\n<meta name=\"twitter:label1\" content=\"Hinta\" \/>\n\t<meta name=\"twitter:data1\" content=\"249,95&nbsp;&euro;\" \/>\n\t<meta name=\"twitter:label2\" content=\"Saatavuus\" \/>\n\t<meta name=\"twitter:data2\" content=\"J\u00e4lkitoimituksessa\" \/>\n<script type=\"application\/ld+json\" class=\"yoast-schema-graph\">{\"@context\":\"https:\/\/schema.org\",\"@graph\":[{\"@type\":[\"WebPage\",\"ItemPage\"],\"@id\":\"https:\/\/padelhaus.mustlammas-dev.in\/fi\/kauppa\/nox-ml10-ventus-control-3k\/\",\"url\":\"https:\/\/padelhaus.mustlammas-dev.in\/fi\/kauppa\/nox-ml10-ventus-control-3k\/\",\"name\":\"NOX ML10 VENTUS CONTROL 3K | Test Padelhaus\",\"isPartOf\":{\"@id\":\"https:\/\/padelhaus.mustlammas-dev.in\/fi\/#website\"},\"primaryImageOfPage\":{\"@id\":\"https:\/\/padelhaus.mustlammas-dev.in\/fi\/kauppa\/nox-ml10-ventus-control-3k\/#primaryimage\"},\"image\":{\"@id\":\"https:\/\/padelhaus.mustlammas-dev.in\/fi\/kauppa\/nox-ml10-ventus-control-3k\/#primaryimage\"},\"thumbnailUrl\":\"https:\/\/padelhaus.mustlammas-dev.in\/wp-content\/uploads\/2025\/11\/NOX-ML10-VENTUS-CONTROL-3K-BY-MIGUEL-LAMPERTI-20261-1.png\",\"datePublished\":\"2025-11-06T10:39:51+00:00\",\"dateModified\":\"2026-03-05T15:58:14+00:00\",\"description\":\"Padelmailat ja padelvarusteet edullisesti. Padelhaus on padel verkkokauppa, josta l\u00f6yd\u00e4t parhaat padelmailat kaikille tasoille.\",\"breadcrumb\":{\"@id\":\"https:\/\/padelhaus.mustlammas-dev.in\/fi\/kauppa\/nox-ml10-ventus-control-3k\/#breadcrumb\"},\"inLanguage\":\"fi\",\"potentialAction\":[{\"@type\":\"ReadAction\",\"target\":[\"https:\/\/padelhaus.mustlammas-dev.in\/fi\/kauppa\/nox-ml10-ventus-control-3k\/\"]}]},{\"@type\":\"ImageObject\",\"inLanguage\":\"fi\",\"@id\":\"https:\/\/padelhaus.mustlammas-dev.in\/fi\/kauppa\/nox-ml10-ventus-control-3k\/#primaryimage\",\"url\":\"https:\/\/padelhaus.mustlammas-dev.in\/wp-content\/uploads\/2025\/11\/NOX-ML10-VENTUS-CONTROL-3K-BY-MIGUEL-LAMPERTI-20261-1.png\",\"contentUrl\":\"https:\/\/padelhaus.mustlammas-dev.in\/wp-content\/uploads\/2025\/11\/NOX-ML10-VENTUS-CONTROL-3K-BY-MIGUEL-LAMPERTI-20261-1.png\",\"width\":960,\"height\":960,\"caption\":\"NOX ML10 VENTUS CONTROL 3K\"},{\"@type\":\"BreadcrumbList\",\"@id\":\"https:\/\/padelhaus.mustlammas-dev.in\/fi\/kauppa\/nox-ml10-ventus-control-3k\/#breadcrumb\",\"itemListElement\":[{\"@type\":\"ListItem\",\"position\":1,\"name\":\"Avaleht\",\"item\":\"https:\/\/padelhaus.fi\/\"},{\"@type\":\"ListItem\",\"position\":2,\"name\":\"Kauppa\",\"item\":\"https:\/\/padelhaus.fi\/kauppa\/\"},{\"@type\":\"ListItem\",\"position\":3,\"name\":\"NOX ML10 VENTUS CONTROL 3K\"}]},{\"@type\":\"WebSite\",\"@id\":\"https:\/\/padelhaus.mustlammas-dev.in\/fi\/#website\",\"url\":\"https:\/\/padelhaus.mustlammas-dev.in\/fi\/\",\"name\":\"Claude Padelhaus\",\"description\":\"Sinu padelivarustuse kodu\",\"publisher\":{\"@id\":\"https:\/\/padelhaus.mustlammas-dev.in\/fi\/#organization\"},\"potentialAction\":[{\"@type\":\"SearchAction\",\"target\":{\"@type\":\"EntryPoint\",\"urlTemplate\":\"https:\/\/padelhaus.mustlammas-dev.in\/fi\/?s={search_term_string}\"},\"query-input\":{\"@type\":\"PropertyValueSpecification\",\"valueRequired\":true,\"valueName\":\"search_term_string\"}}],\"inLanguage\":\"fi\"},{\"@type\":\"Organization\",\"@id\":\"https:\/\/padelhaus.mustlammas-dev.in\/fi\/#organization\",\"name\":\"Claude Padelhaus\",\"url\":\"https:\/\/padelhaus.mustlammas-dev.in\/fi\/\",\"logo\":{\"@type\":\"ImageObject\",\"inLanguage\":\"fi\",\"@id\":\"https:\/\/padelhaus.mustlammas-dev.in\/fi\/#\/schema\/logo\/image\/\",\"url\":\"https:\/\/padelhaus.mustlammas-dev.in\/wp-content\/uploads\/2025\/05\/Logo-1.png\",\"contentUrl\":\"https:\/\/padelhaus.mustlammas-dev.in\/wp-content\/uploads\/2025\/05\/Logo-1.png\",\"width\":280,\"height\":115,\"caption\":\"Claude Padelhaus\"},\"image\":{\"@id\":\"https:\/\/padelhaus.mustlammas-dev.in\/fi\/#\/schema\/logo\/image\/\"}}]}<\/script>\n<meta property=\"product:price:amount\" content=\"249.95\" \/>\n<meta property=\"product:price:currency\" content=\"EUR\" \/>\n<meta property=\"og:availability\" content=\"backorder\" \/>\n<meta property=\"product:availability\" content=\"available for order\" \/>\n<meta property=\"product:retailer_item_id\" content=\"NOX-R-26\" \/>\n<meta property=\"product:condition\" content=\"new\" \/>\n<!-- \/ Yoast SEO Premium plugin. -->","yoast_head_json":{"title":"NOX ML10 VENTUS CONTROL 3K | Test Padelhaus","description":"Padelmailat ja padelvarusteet edullisesti. Padelhaus on padel verkkokauppa, josta l\u00f6yd\u00e4t parhaat padelmailat kaikille tasoille.","robots":{"index":"noindex","follow":"follow","max-snippet":"max-snippet:-1","max-image-preview":"max-image-preview:large","max-video-preview":"max-video-preview:-1"},"og_locale":"fi_FI","og_type":"article","og_title":"NOX ML10 VENTUS CONTROL 3K","og_description":"Padelmailat ja padelvarusteet edullisesti. Padelhaus on padel verkkokauppa, josta l\u00f6yd\u00e4t parhaat padelmailat kaikille tasoille.","og_url":"https:\/\/padelhaus.mustlammas-dev.in\/fi\/kauppa\/nox-ml10-ventus-control-3k\/","og_site_name":"Test Padelhaus","article_modified_time":"2026-03-05T15:58:14+00:00","og_image":[{"width":960,"height":960,"url":"https:\/\/padelhaus.mustlammas-dev.in\/wp-content\/uploads\/2025\/11\/NOX-ML10-VENTUS-CONTROL-3K-BY-MIGUEL-LAMPERTI-20261-1.png","type":"image\/png"}],"twitter_card":"summary_large_image","twitter_misc":{"Hinta":"249,95&nbsp;&euro;","Saatavuus":"J\u00e4lkitoimituksessa"},"schema":{"@context":"https:\/\/schema.org","@graph":[{"@type":["WebPage","ItemPage"],"@id":"https:\/\/padelhaus.mustlammas-dev.in\/fi\/kauppa\/nox-ml10-ventus-control-3k\/","url":"https:\/\/padelhaus.mustlammas-dev.in\/fi\/kauppa\/nox-ml10-ventus-control-3k\/","name":"NOX ML10 VENTUS CONTROL 3K | Test Padelhaus","isPartOf":{"@id":"https:\/\/padelhaus.mustlammas-dev.in\/fi\/#website"},"primaryImageOfPage":{"@id":"https:\/\/padelhaus.mustlammas-dev.in\/fi\/kauppa\/nox-ml10-ventus-control-3k\/#primaryimage"},"image":{"@id":"https:\/\/padelhaus.mustlammas-dev.in\/fi\/kauppa\/nox-ml10-ventus-control-3k\/#primaryimage"},"thumbnailUrl":"https:\/\/padelhaus.mustlammas-dev.in\/wp-content\/uploads\/2025\/11\/NOX-ML10-VENTUS-CONTROL-3K-BY-MIGUEL-LAMPERTI-20261-1.png","datePublished":"2025-11-06T10:39:51+00:00","dateModified":"2026-03-05T15:58:14+00:00","description":"Padelmailat ja padelvarusteet edullisesti. Padelhaus on padel verkkokauppa, josta l\u00f6yd\u00e4t parhaat padelmailat kaikille tasoille.","breadcrumb":{"@id":"https:\/\/padelhaus.mustlammas-dev.in\/fi\/kauppa\/nox-ml10-ventus-control-3k\/#breadcrumb"},"inLanguage":"fi","potentialAction":[{"@type":"ReadAction","target":["https:\/\/padelhaus.mustlammas-dev.in\/fi\/kauppa\/nox-ml10-ventus-control-3k\/"]}]},{"@type":"ImageObject","inLanguage":"fi","@id":"https:\/\/padelhaus.mustlammas-dev.in\/fi\/kauppa\/nox-ml10-ventus-control-3k\/#primaryimage","url":"https:\/\/padelhaus.mustlammas-dev.in\/wp-content\/uploads\/2025\/11\/NOX-ML10-VENTUS-CONTROL-3K-BY-MIGUEL-LAMPERTI-20261-1.png","contentUrl":"https:\/\/padelhaus.mustlammas-dev.in\/wp-content\/uploads\/2025\/11\/NOX-ML10-VENTUS-CONTROL-3K-BY-MIGUEL-LAMPERTI-20261-1.png","width":960,"height":960,"caption":"NOX ML10 VENTUS CONTROL 3K"},{"@type":"BreadcrumbList","@id":"https:\/\/padelhaus.mustlammas-dev.in\/fi\/kauppa\/nox-ml10-ventus-control-3k\/#breadcrumb","itemListElement":[{"@type":"ListItem","position":1,"name":"Avaleht","item":"https:\/\/padelhaus.fi\/"},{"@type":"ListItem","position":2,"name":"Kauppa","item":"https:\/\/padelhaus.fi\/kauppa\/"},{"@type":"ListItem","position":3,"name":"NOX ML10 VENTUS CONTROL 3K"}]},{"@type":"WebSite","@id":"https:\/\/padelhaus.mustlammas-dev.in\/fi\/#website","url":"https:\/\/padelhaus.mustlammas-dev.in\/fi\/","name":"Claude Padelhaus","description":"Sinu padelivarustuse kodu","publisher":{"@id":"https:\/\/padelhaus.mustlammas-dev.in\/fi\/#organization"},"potentialAction":[{"@type":"SearchAction","target":{"@type":"EntryPoint","urlTemplate":"https:\/\/padelhaus.mustlammas-dev.in\/fi\/?s={search_term_string}"},"query-input":{"@type":"PropertyValueSpecification","valueRequired":true,"valueName":"search_term_string"}}],"inLanguage":"fi"},{"@type":"Organization","@id":"https:\/\/padelhaus.mustlammas-dev.in\/fi\/#organization","name":"Claude Padelhaus","url":"https:\/\/padelhaus.mustlammas-dev.in\/fi\/","logo":{"@type":"ImageObject","inLanguage":"fi","@id":"https:\/\/padelhaus.mustlammas-dev.in\/fi\/#\/schema\/logo\/image\/","url":"https:\/\/padelhaus.mustlammas-dev.in\/wp-content\/uploads\/2025\/05\/Logo-1.png","contentUrl":"https:\/\/padelhaus.mustlammas-dev.in\/wp-content\/uploads\/2025\/05\/Logo-1.png","width":280,"height":115,"caption":"Claude Padelhaus"},"image":{"@id":"https:\/\/padelhaus.mustlammas-dev.in\/fi\/#\/schema\/logo\/image\/"}}]},"product_price_amount":"249.95","product_price_currency":"EUR","og_availability":"backorder","product_availability":"available for order","product_retailer_item_id":"NOX-R-26","product_condition":"new"},"_links":{"self":[{"href":"https:\/\/padelhaus.mustlammas-dev.in\/fi\/wp-json\/wp\/v2\/product\/71061","targetHints":{"allow":["GET"]}}],"collection":[{"href":"https:\/\/padelhaus.mustlammas-dev.in\/fi\/wp-json\/wp\/v2\/product"}],"about":[{"href":"https:\/\/padelhaus.mustlammas-dev.in\/fi\/wp-json\/wp\/v2\/types\/product"}],"replies":[{"embeddable":true,"href":"https:\/\/padelhaus.mustlammas-dev.in\/fi\/wp-json\/wp\/v2\/comments?post=71061"}],"wp:featuredmedia":[{"embeddable":true,"href":"https:\/\/padelhaus.mustlammas-dev.in\/fi\/wp-json\/wp\/v2\/media\/71063"}],"wp:attachment":[{"href":"https:\/\/padelhaus.mustlammas-dev.in\/fi\/wp-json\/wp\/v2\/media?parent=71061"}],"wp:term":[{"taxonomy":"product_brand","embeddable":true,"href":"https:\/\/padelhaus.mustlammas-dev.in\/fi\/wp-json\/wp\/v2\/product_brand?post=71061"},{"taxonomy":"product_cat","embeddable":true,"href":"https:\/\/padelhaus.mustlammas-dev.in\/fi\/wp-json\/wp\/v2\/product_cat?post=71061"},{"taxonomy":"product_tag","embeddable":true,"href":"https:\/\/padelhaus.mustlammas-dev.in\/fi\/wp-json\/wp\/v2\/product_tag?post=71061"}],"curies":[{"name":"wp","href":"https:\/\/api.w.org\/{rel}","templated":true}]}}