{"id":71066,"date":"2025-11-05T10:22:24","date_gmt":"2025-11-05T08:22:24","guid":{"rendered":"https:\/\/padelhaus.mustlammas-dev.in\/pood\/head-extreme-team-2025\/"},"modified":"2026-03-05T17:58:17","modified_gmt":"2026-03-05T15:58:17","slug":"head-extreme-team-2025","status":"publish","type":"product","link":"https:\/\/padelhaus.mustlammas-dev.in\/fi\/kauppa\/head-extreme-team-2025\/","title":{"rendered":"HEAD EXTREME TEAM 2025"},"content":{"rendered":"<p data-start=\"28\" data-end=\"634\"><strong data-start=\"28\" data-end=\"54\">Head Extreme Team 2025<\/strong> on ihanteellinen maila hy\u00f6kk\u00e4\u00e4v\u00e4\u00e4 peli\u00e4 suosiville pelaajille, jotka arvostavat sek\u00e4 voimaa ett\u00e4 mukavuutta. Sen timantinmuotoinen kehys, keski-korkea tasapainopiste ja keskim\u00e4\u00e4r\u00e4inen paino (360 g) tekev\u00e4t siit\u00e4 hyvin tasapainoisen mailan, joka tarjoaa r\u00e4j\u00e4ht\u00e4v\u00e4\u00e4 voimaa hy\u00f6kk\u00e4yksess\u00e4 menett\u00e4m\u00e4tt\u00e4 ohjattavuutta. Lasikuitupinta antaa ly\u00f6nneille pehme\u00e4mm\u00e4n ja joustavamman tuntuman, mik\u00e4 takaa mukavan ja varman pallon ulostulon. Lis\u00e4ksi Power Foam -vaahtoydin takaa erinomaisen reagoinnin nopeissa ly\u00f6nneiss\u00e4, saavuttaen t\u00e4ydellisen tasapainon hy\u00f6kk\u00e4yksen ja puolustuksen v\u00e4lill\u00e4.   <\/p>\n<h5 data-start=\"641\" data-end=\"685\">Extreme Team \u2013 hy\u00f6kk\u00e4\u00e4v\u00e4n pelaajan maila<\/h5>\n<p data-start=\"687\" data-end=\"1317\">Timantinmuotoinen Head Extreme Team on suunniteltu keskitason ja edistyneille pelaajille, jotka haluavat ihanteellisen tasapainon voiman, mukavuuden ja kontrollin v\u00e4lill\u00e4. Pehme\u00e4mm\u00e4n ly\u00f6ntituntuman ansiosta t\u00e4m\u00e4 on monipuolinen maila, joka mahdollistaa pallorallien hallitsemisen s\u00e4ilytt\u00e4en samalla maksimaalisen mukavuuden. Se sopii pelaajille, jotka nauttivat hy\u00f6kk\u00e4\u00e4misest\u00e4 takakent\u00e4lt\u00e4 ja ly\u00f6ntien viimeistelyst\u00e4 verkolla, mutta haluavat samalla s\u00e4ilytt\u00e4\u00e4 erinomaisen kontrollin puolustuspeliss\u00e4. Sen vakaa ja joustava tuntuma tekee siit\u00e4 t\u00e4ydellisen kumppanin pelaajalle, joka haluaa kehitt\u00e4\u00e4 tekniikkaansa varmasti ja johdonmukaisesti.   <\/p>\n<h5 data-start=\"1324\" data-end=\"1357\">Innovatiiviset teknologiat<\/h5>\n<ul data-start=\"1358\" data-end=\"1908\">\n<li data-start=\"1358\" data-end=\"1437\">\n<p data-start=\"1360\" data-end=\"1437\"><strong data-start=\"1360\" data-end=\"1375\">Auxetic 2.0<\/strong> \u2013 optimoitu ly\u00f6ntituntuma ja parempi vaste ly\u00f6ntihetkell\u00e4<\/p>\n<\/li>\n<li data-start=\"1438\" data-end=\"1520\">\n<p data-start=\"1440\" data-end=\"1520\"><strong data-start=\"1440\" data-end=\"1454\">Power Foam<\/strong> \u2013 reaktiivinen vaahtoydin, joka lis\u00e4\u00e4 voimaa nopeissa ly\u00f6nneiss\u00e4<\/p>\n<\/li>\n<li data-start=\"1521\" data-end=\"1600\">\n<p data-start=\"1523\" data-end=\"1600\"><strong data-start=\"1523\" data-end=\"1547\">Optimized Sweet Spot<\/strong> \u2013 laajennettu osuma-alue parannetun reik\u00e4kuvion ansiosta<\/p>\n<\/li>\n<li data-start=\"1601\" data-end=\"1665\">\n<p data-start=\"1603\" data-end=\"1665\"><strong data-start=\"1603\" data-end=\"1619\">Smart Bridge<\/strong> \u2013 vakautta ja mukavuutta lis\u00e4\u00e4v\u00e4 siltarakenne<\/p>\n<\/li>\n<li data-start=\"1666\" data-end=\"1754\">\n<p data-start=\"1668\" data-end=\"1754\"><strong data-start=\"1668\" data-end=\"1686\">Tailored Frame<\/strong> \u2013 r\u00e4\u00e4t\u00e4l\u00f6ity kehys maksimaalisen kontrollin ja anteeksiantavuuden takaamiseksi<\/p>\n<\/li>\n<li data-start=\"1755\" data-end=\"1841\">\n<p data-start=\"1757\" data-end=\"1841\"><strong data-start=\"1757\" data-end=\"1770\">Soft Cap+<\/strong> \u2013 pehme\u00e4 korkki vaihdettavalla turvanarulla, joka parantaa otteen mukavuutta<\/p>\n<\/li>\n<li data-start=\"1842\" data-end=\"1908\">\n<p data-start=\"1844\" data-end=\"1908\"><strong data-start=\"1844\" data-end=\"1863\">Anti Shock Skin<\/strong> \u2013 lis\u00e4suoja iskuja ja naarmuja vastaan<\/p>\n<\/li>\n<\/ul>\n<p data-start=\"1969\" data-end=\"2341\" data-is-last-node=\"\" data-is-only-node=\"\"><strong data-start=\"1969\" data-end=\"1995\">Head Extreme Team 2025<\/strong> yhdist\u00e4\u00e4 voiman, kontrollin ja pehme\u00e4n ly\u00f6ntituntuman, joka valloittaa jo ensimm\u00e4isest\u00e4 pelist\u00e4. Innovatiivisen muotoilun ja eksklusiivisten teknologioiden ansiosta se on ihanteellinen valinta pelaajalle, joka haluaa hallita kentt\u00e4\u00e4 itsevarmasti ja tyylill\u00e4. <\/p>\n","protected":false},"excerpt":{"rendered":"<p>Head Extreme Team 2025 on ihanteellinen maila hy\u00f6kk\u00e4\u00e4v\u00e4\u00e4 peli\u00e4 suosiville pelaajille, jotka arvostavat sek\u00e4 voimaa ett\u00e4 mukavuutta. Sen timantinmuotoinen kehys, keski-korkea tasapainopiste ja keskim\u00e4\u00e4r\u00e4inen paino (360 g) tekev\u00e4t siit\u00e4 hyvin tasapainoisen mailan, joka tarjoaa r\u00e4j\u00e4ht\u00e4v\u00e4\u00e4 voimaa hy\u00f6kk\u00e4yksess\u00e4 menett\u00e4m\u00e4tt\u00e4 ohjattavuutta. Lasikuitupinta antaa ly\u00f6nneille pehme\u00e4mm\u00e4n ja joustavamman tuntuman, mik\u00e4 takaa mukavan ja varman pallon ulostulon. Lis\u00e4ksi Power [&hellip;]<\/p>\n","protected":false},"featured_media":71074,"comment_status":"open","ping_status":"closed","template":"","meta":{"_eb_attr":""},"product_brand":[509],"product_cat":[496,510,494],"product_tag":[],"class_list":{"0":"post-71066","1":"product","2":"type-product","3":"status-publish","4":"has-post-thumbnail","6":"product_brand-head","7":"product_cat-edistynyt","8":"product_cat-head","9":"product_cat-padelmailat","10":"pa_kaal-360g","11":"pa_kuju-timantti","12":"pa_mangustiil-hyokkaava","13":"pa_tasakaal-ylhaalla","14":"pa_tase-edistynyt","15":"pa_varv-musta","16":"pa_varv-vihrea","19":"first","20":"instock","21":"sale","22":"featured","23":"taxable","24":"shipping-taxable","25":"purchasable","26":"product-type-simple"},"yoast_head":"<!-- This site is optimized with the Yoast SEO Premium plugin v27.1 (Yoast SEO v27.1.1) - https:\/\/yoast.com\/product\/yoast-seo-premium-wordpress\/ -->\n<title>HEAD EXTREME TEAM 2025 | Test Padelhaus<\/title>\n<meta name=\"description\" content=\"Padelmailat ja padelvarusteet edullisesti. Padelhaus on padel verkkokauppa, josta l\u00f6yd\u00e4t parhaat padelmailat kaikille tasoille.\" \/>\n<meta name=\"robots\" content=\"noindex, follow, max-snippet:-1, max-image-preview:large, max-video-preview:-1\" \/>\n<meta property=\"og:locale\" content=\"fi_FI\" \/>\n<meta property=\"og:type\" content=\"article\" \/>\n<meta property=\"og:title\" content=\"HEAD EXTREME TEAM 2025\" \/>\n<meta property=\"og:description\" content=\"Padelmailat ja padelvarusteet edullisesti. Padelhaus on padel verkkokauppa, josta l\u00f6yd\u00e4t parhaat padelmailat kaikille tasoille.\" \/>\n<meta property=\"og:url\" content=\"https:\/\/padelhaus.mustlammas-dev.in\/fi\/kauppa\/head-extreme-team-2025\/\" \/>\n<meta property=\"og:site_name\" content=\"Test Padelhaus\" \/>\n<meta property=\"article:modified_time\" content=\"2026-03-05T15:58:17+00:00\" \/>\n<meta property=\"og:image\" content=\"https:\/\/padelhaus.mustlammas-dev.in\/wp-content\/uploads\/2025\/11\/HEAD-EXTREME-TEAM-2025.png\" \/>\n\t<meta property=\"og:image:width\" content=\"960\" \/>\n\t<meta property=\"og:image:height\" content=\"960\" \/>\n\t<meta property=\"og:image:type\" content=\"image\/png\" \/>\n<meta name=\"twitter:card\" content=\"summary_large_image\" \/>\n<meta name=\"twitter:label1\" content=\"Hinta\" \/>\n\t<meta name=\"twitter:data1\" content=\"159,95&nbsp;&euro;\" \/>\n\t<meta name=\"twitter:label2\" content=\"Saatavuus\" \/>\n\t<meta name=\"twitter:data2\" content=\"Varastossa\" \/>\n<script type=\"application\/ld+json\" class=\"yoast-schema-graph\">{\"@context\":\"https:\/\/schema.org\",\"@graph\":[{\"@type\":[\"WebPage\",\"ItemPage\"],\"@id\":\"https:\/\/padelhaus.mustlammas-dev.in\/fi\/kauppa\/head-extreme-team-2025\/\",\"url\":\"https:\/\/padelhaus.mustlammas-dev.in\/fi\/kauppa\/head-extreme-team-2025\/\",\"name\":\"HEAD EXTREME TEAM 2025 | Test Padelhaus\",\"isPartOf\":{\"@id\":\"https:\/\/padelhaus.mustlammas-dev.in\/fi\/#website\"},\"primaryImageOfPage\":{\"@id\":\"https:\/\/padelhaus.mustlammas-dev.in\/fi\/kauppa\/head-extreme-team-2025\/#primaryimage\"},\"image\":{\"@id\":\"https:\/\/padelhaus.mustlammas-dev.in\/fi\/kauppa\/head-extreme-team-2025\/#primaryimage\"},\"thumbnailUrl\":\"https:\/\/padelhaus.mustlammas-dev.in\/wp-content\/uploads\/2025\/11\/HEAD-EXTREME-TEAM-2025.png\",\"datePublished\":\"2025-11-05T08:22:24+00:00\",\"dateModified\":\"2026-03-05T15:58:17+00:00\",\"description\":\"Padelmailat ja padelvarusteet edullisesti. Padelhaus on padel verkkokauppa, josta l\u00f6yd\u00e4t parhaat padelmailat kaikille tasoille.\",\"breadcrumb\":{\"@id\":\"https:\/\/padelhaus.mustlammas-dev.in\/fi\/kauppa\/head-extreme-team-2025\/#breadcrumb\"},\"inLanguage\":\"fi\",\"potentialAction\":[{\"@type\":\"ReadAction\",\"target\":[\"https:\/\/padelhaus.mustlammas-dev.in\/fi\/kauppa\/head-extreme-team-2025\/\"]}]},{\"@type\":\"ImageObject\",\"inLanguage\":\"fi\",\"@id\":\"https:\/\/padelhaus.mustlammas-dev.in\/fi\/kauppa\/head-extreme-team-2025\/#primaryimage\",\"url\":\"https:\/\/padelhaus.mustlammas-dev.in\/wp-content\/uploads\/2025\/11\/HEAD-EXTREME-TEAM-2025.png\",\"contentUrl\":\"https:\/\/padelhaus.mustlammas-dev.in\/wp-content\/uploads\/2025\/11\/HEAD-EXTREME-TEAM-2025.png\",\"width\":960,\"height\":960,\"caption\":\"HEAD EXTREME TEAM 2025\"},{\"@type\":\"BreadcrumbList\",\"@id\":\"https:\/\/padelhaus.mustlammas-dev.in\/fi\/kauppa\/head-extreme-team-2025\/#breadcrumb\",\"itemListElement\":[{\"@type\":\"ListItem\",\"position\":1,\"name\":\"Avaleht\",\"item\":\"https:\/\/padelhaus.fi\/\"},{\"@type\":\"ListItem\",\"position\":2,\"name\":\"Kauppa\",\"item\":\"https:\/\/padelhaus.fi\/kauppa\/\"},{\"@type\":\"ListItem\",\"position\":3,\"name\":\"HEAD EXTREME TEAM 2025\"}]},{\"@type\":\"WebSite\",\"@id\":\"https:\/\/padelhaus.mustlammas-dev.in\/fi\/#website\",\"url\":\"https:\/\/padelhaus.mustlammas-dev.in\/fi\/\",\"name\":\"Claude Padelhaus\",\"description\":\"Sinu padelivarustuse kodu\",\"publisher\":{\"@id\":\"https:\/\/padelhaus.mustlammas-dev.in\/fi\/#organization\"},\"potentialAction\":[{\"@type\":\"SearchAction\",\"target\":{\"@type\":\"EntryPoint\",\"urlTemplate\":\"https:\/\/padelhaus.mustlammas-dev.in\/fi\/?s={search_term_string}\"},\"query-input\":{\"@type\":\"PropertyValueSpecification\",\"valueRequired\":true,\"valueName\":\"search_term_string\"}}],\"inLanguage\":\"fi\"},{\"@type\":\"Organization\",\"@id\":\"https:\/\/padelhaus.mustlammas-dev.in\/fi\/#organization\",\"name\":\"Claude Padelhaus\",\"url\":\"https:\/\/padelhaus.mustlammas-dev.in\/fi\/\",\"logo\":{\"@type\":\"ImageObject\",\"inLanguage\":\"fi\",\"@id\":\"https:\/\/padelhaus.mustlammas-dev.in\/fi\/#\/schema\/logo\/image\/\",\"url\":\"https:\/\/padelhaus.mustlammas-dev.in\/wp-content\/uploads\/2025\/05\/Logo-1.png\",\"contentUrl\":\"https:\/\/padelhaus.mustlammas-dev.in\/wp-content\/uploads\/2025\/05\/Logo-1.png\",\"width\":280,\"height\":115,\"caption\":\"Claude Padelhaus\"},\"image\":{\"@id\":\"https:\/\/padelhaus.mustlammas-dev.in\/fi\/#\/schema\/logo\/image\/\"}}]}<\/script>\n<meta property=\"product:price:amount\" content=\"159.95\" \/>\n<meta property=\"product:price:currency\" content=\"EUR\" \/>\n<meta property=\"og:availability\" content=\"instock\" \/>\n<meta property=\"product:availability\" content=\"instock\" \/>\n<meta property=\"product:retailer_item_id\" content=\"HEA-R-26\" \/>\n<meta property=\"product:condition\" content=\"new\" \/>\n<!-- \/ Yoast SEO Premium plugin. -->","yoast_head_json":{"title":"HEAD EXTREME TEAM 2025 | Test Padelhaus","description":"Padelmailat ja padelvarusteet edullisesti. Padelhaus on padel verkkokauppa, josta l\u00f6yd\u00e4t parhaat padelmailat kaikille tasoille.","robots":{"index":"noindex","follow":"follow","max-snippet":"max-snippet:-1","max-image-preview":"max-image-preview:large","max-video-preview":"max-video-preview:-1"},"og_locale":"fi_FI","og_type":"article","og_title":"HEAD EXTREME TEAM 2025","og_description":"Padelmailat ja padelvarusteet edullisesti. Padelhaus on padel verkkokauppa, josta l\u00f6yd\u00e4t parhaat padelmailat kaikille tasoille.","og_url":"https:\/\/padelhaus.mustlammas-dev.in\/fi\/kauppa\/head-extreme-team-2025\/","og_site_name":"Test Padelhaus","article_modified_time":"2026-03-05T15:58:17+00:00","og_image":[{"width":960,"height":960,"url":"https:\/\/padelhaus.mustlammas-dev.in\/wp-content\/uploads\/2025\/11\/HEAD-EXTREME-TEAM-2025.png","type":"image\/png"}],"twitter_card":"summary_large_image","twitter_misc":{"Hinta":"159,95&nbsp;&euro;","Saatavuus":"Varastossa"},"schema":{"@context":"https:\/\/schema.org","@graph":[{"@type":["WebPage","ItemPage"],"@id":"https:\/\/padelhaus.mustlammas-dev.in\/fi\/kauppa\/head-extreme-team-2025\/","url":"https:\/\/padelhaus.mustlammas-dev.in\/fi\/kauppa\/head-extreme-team-2025\/","name":"HEAD EXTREME TEAM 2025 | Test Padelhaus","isPartOf":{"@id":"https:\/\/padelhaus.mustlammas-dev.in\/fi\/#website"},"primaryImageOfPage":{"@id":"https:\/\/padelhaus.mustlammas-dev.in\/fi\/kauppa\/head-extreme-team-2025\/#primaryimage"},"image":{"@id":"https:\/\/padelhaus.mustlammas-dev.in\/fi\/kauppa\/head-extreme-team-2025\/#primaryimage"},"thumbnailUrl":"https:\/\/padelhaus.mustlammas-dev.in\/wp-content\/uploads\/2025\/11\/HEAD-EXTREME-TEAM-2025.png","datePublished":"2025-11-05T08:22:24+00:00","dateModified":"2026-03-05T15:58:17+00:00","description":"Padelmailat ja padelvarusteet edullisesti. Padelhaus on padel verkkokauppa, josta l\u00f6yd\u00e4t parhaat padelmailat kaikille tasoille.","breadcrumb":{"@id":"https:\/\/padelhaus.mustlammas-dev.in\/fi\/kauppa\/head-extreme-team-2025\/#breadcrumb"},"inLanguage":"fi","potentialAction":[{"@type":"ReadAction","target":["https:\/\/padelhaus.mustlammas-dev.in\/fi\/kauppa\/head-extreme-team-2025\/"]}]},{"@type":"ImageObject","inLanguage":"fi","@id":"https:\/\/padelhaus.mustlammas-dev.in\/fi\/kauppa\/head-extreme-team-2025\/#primaryimage","url":"https:\/\/padelhaus.mustlammas-dev.in\/wp-content\/uploads\/2025\/11\/HEAD-EXTREME-TEAM-2025.png","contentUrl":"https:\/\/padelhaus.mustlammas-dev.in\/wp-content\/uploads\/2025\/11\/HEAD-EXTREME-TEAM-2025.png","width":960,"height":960,"caption":"HEAD EXTREME TEAM 2025"},{"@type":"BreadcrumbList","@id":"https:\/\/padelhaus.mustlammas-dev.in\/fi\/kauppa\/head-extreme-team-2025\/#breadcrumb","itemListElement":[{"@type":"ListItem","position":1,"name":"Avaleht","item":"https:\/\/padelhaus.fi\/"},{"@type":"ListItem","position":2,"name":"Kauppa","item":"https:\/\/padelhaus.fi\/kauppa\/"},{"@type":"ListItem","position":3,"name":"HEAD EXTREME TEAM 2025"}]},{"@type":"WebSite","@id":"https:\/\/padelhaus.mustlammas-dev.in\/fi\/#website","url":"https:\/\/padelhaus.mustlammas-dev.in\/fi\/","name":"Claude Padelhaus","description":"Sinu padelivarustuse kodu","publisher":{"@id":"https:\/\/padelhaus.mustlammas-dev.in\/fi\/#organization"},"potentialAction":[{"@type":"SearchAction","target":{"@type":"EntryPoint","urlTemplate":"https:\/\/padelhaus.mustlammas-dev.in\/fi\/?s={search_term_string}"},"query-input":{"@type":"PropertyValueSpecification","valueRequired":true,"valueName":"search_term_string"}}],"inLanguage":"fi"},{"@type":"Organization","@id":"https:\/\/padelhaus.mustlammas-dev.in\/fi\/#organization","name":"Claude Padelhaus","url":"https:\/\/padelhaus.mustlammas-dev.in\/fi\/","logo":{"@type":"ImageObject","inLanguage":"fi","@id":"https:\/\/padelhaus.mustlammas-dev.in\/fi\/#\/schema\/logo\/image\/","url":"https:\/\/padelhaus.mustlammas-dev.in\/wp-content\/uploads\/2025\/05\/Logo-1.png","contentUrl":"https:\/\/padelhaus.mustlammas-dev.in\/wp-content\/uploads\/2025\/05\/Logo-1.png","width":280,"height":115,"caption":"Claude Padelhaus"},"image":{"@id":"https:\/\/padelhaus.mustlammas-dev.in\/fi\/#\/schema\/logo\/image\/"}}]},"product_price_amount":"159.95","product_price_currency":"EUR","og_availability":"instock","product_availability":"instock","product_retailer_item_id":"HEA-R-26","product_condition":"new"},"_links":{"self":[{"href":"https:\/\/padelhaus.mustlammas-dev.in\/fi\/wp-json\/wp\/v2\/product\/71066","targetHints":{"allow":["GET"]}}],"collection":[{"href":"https:\/\/padelhaus.mustlammas-dev.in\/fi\/wp-json\/wp\/v2\/product"}],"about":[{"href":"https:\/\/padelhaus.mustlammas-dev.in\/fi\/wp-json\/wp\/v2\/types\/product"}],"replies":[{"embeddable":true,"href":"https:\/\/padelhaus.mustlammas-dev.in\/fi\/wp-json\/wp\/v2\/comments?post=71066"}],"wp:featuredmedia":[{"embeddable":true,"href":"https:\/\/padelhaus.mustlammas-dev.in\/fi\/wp-json\/wp\/v2\/media\/71074"}],"wp:attachment":[{"href":"https:\/\/padelhaus.mustlammas-dev.in\/fi\/wp-json\/wp\/v2\/media?parent=71066"}],"wp:term":[{"taxonomy":"product_brand","embeddable":true,"href":"https:\/\/padelhaus.mustlammas-dev.in\/fi\/wp-json\/wp\/v2\/product_brand?post=71066"},{"taxonomy":"product_cat","embeddable":true,"href":"https:\/\/padelhaus.mustlammas-dev.in\/fi\/wp-json\/wp\/v2\/product_cat?post=71066"},{"taxonomy":"product_tag","embeddable":true,"href":"https:\/\/padelhaus.mustlammas-dev.in\/fi\/wp-json\/wp\/v2\/product_tag?post=71066"}],"curies":[{"name":"wp","href":"https:\/\/api.w.org\/{rel}","templated":true}]}}