{"id":71067,"date":"2025-11-06T13:05:54","date_gmt":"2025-11-06T11:05:54","guid":{"rendered":"https:\/\/padelhaus.mustlammas-dev.in\/pood\/bullpadel-xplo-comfort-26\/"},"modified":"2026-03-05T17:58:12","modified_gmt":"2026-03-05T15:58:12","slug":"bullpadel-xplo-comfort-26","status":"publish","type":"product","link":"https:\/\/padelhaus.mustlammas-dev.in\/fi\/kauppa\/bullpadel-xplo-comfort-26\/","title":{"rendered":"BULLPADEL XPLO COMFORT 26"},"content":{"rendered":"<p data-start=\"0\" data-end=\"593\"><strong data-start=\"0\" data-end=\"26\">Bullpadel Xplo Comfort<\/strong> m\u00e4\u00e4rittelee hy\u00f6kk\u00e4yspeleiss\u00e4 voiman uudelleen geometrisen kehysrakenteensa ja eritt\u00e4in kest\u00e4v\u00e4n hiilikuiturakenteensa ansiosta. Korkean tasapainopisteen muotoilu ohjaa painon mailan yl\u00e4osaan, luoden laajemman ly\u00f6ntikulman ja suuremman vipuvaikutuksen jokaisessa ly\u00f6nniss\u00e4. Laajennettu kehys kriittisill\u00e4 alueilla takaa vakauden ja tarkkuuden ly\u00f6nneiss\u00e4, mahdollistaen ilmaly\u00f6nnit r\u00e4j\u00e4ht\u00e4v\u00e4ll\u00e4 voimalla ja tarkalla kontrollilla. Lis\u00e4ksi Custom Weight -j\u00e4rjestelm\u00e4 mahdollistaa mailan painon s\u00e4\u00e4t\u00e4misen pelikokemuksen mukauttamiseksi ja t\u00e4ydellisen suorituskyvyn saavuttamiseksi oman pelityylisi mukaan.   <\/p>\n<h5 data-start=\"595\" data-end=\"1184\">Xplo Comfort \u2013 hallitseville pelaajille<\/h5>\n<p data-start=\"595\" data-end=\"1184\">T\u00e4m\u00e4 geometrisen muotoinen Bullpadel-maila on suunniteltu edistyneille hy\u00f6kk\u00e4\u00e4ville pelaajille, jotka haluavat hallita voimalla ja nopeudella mukavuudesta tinkim\u00e4tt\u00e4. Jos pid\u00e4t aggressiivisesta pelityylist\u00e4, suosien smashej\u00e4 ja ilmaly\u00f6ntej\u00e4, Xplo CMF on ihanteellinen liittolaisesi. Sen hiili- ja lasikuituhybridirakenne antaa pehme\u00e4mm\u00e4n ly\u00f6ntituntuman, mik\u00e4 tekee siit\u00e4 sopivan valinnan niin kokeneille pelaajille kuin niillekin, jotka haluavat kehitty\u00e4 monipuolisella, mukavalla ja vakaalla mailalla jokaisessa pisteess\u00e4.  <\/p>\n<h5 data-start=\"1186\" data-end=\"1227\">Teknologiat ja tekniset edut:<\/h5>\n<ul data-start=\"1228\" data-end=\"2032\" data-is-last-node=\"\" data-is-only-node=\"\">\n<li data-start=\"1228\" data-end=\"1343\">\n<p data-start=\"1230\" data-end=\"1343\"><strong data-start=\"1230\" data-end=\"1249\">Geometric Core:<\/strong> diagonaalinen vahvistuselement mailan syd\u00e4mess\u00e4, joka parantaa vakautta ja v\u00e4hent\u00e4\u00e4 v\u00e4\u00e4ntymist\u00e4<\/p>\n<\/li>\n<li data-start=\"1344\" data-end=\"1417\">\n<p data-start=\"1346\" data-end=\"1417\"><strong data-start=\"1346\" data-end=\"1359\">Hexature:<\/strong> kuusikulmainen kehys, joka lis\u00e4\u00e4 j\u00e4ykkyytt\u00e4 ja kest\u00e4vyytt\u00e4<\/p>\n<\/li>\n<li data-start=\"1418\" data-end=\"1488\">\n<p data-start=\"1420\" data-end=\"1488\"><strong data-start=\"1420\" data-end=\"1434\">Ease Vibe:<\/strong> vaimennusj\u00e4rjestelm\u00e4, joka vaimentaa jopa 49 % t\u00e4rin\u00e4st\u00e4<\/p>\n<\/li>\n<li data-start=\"1489\" data-end=\"1574\">\n<p data-start=\"1491\" data-end=\"1574\"><strong data-start=\"1491\" data-end=\"1519\">Wave System + Air Power:<\/strong> maksimaalinen r\u00e4j\u00e4ht\u00e4vyys ja kiihtyvyys jokaisessa ly\u00f6nniss\u00e4<\/p>\n<\/li>\n<li data-start=\"1575\" data-end=\"1669\">\n<p data-start=\"1577\" data-end=\"1669\"><strong data-start=\"1577\" data-end=\"1588\">Fibrix:<\/strong> lasikuitujen ja hiilikuidun yhdistelm\u00e4, joka tarjoaa voimaa ja mukavuutta samanaikaisesti<\/p>\n<\/li>\n<li data-start=\"1670\" data-end=\"1745\">\n<p data-start=\"1672\" data-end=\"1745\"><strong data-start=\"1672\" data-end=\"1685\">3D Grain:<\/strong> karhea 3D-viimeistely suuremman pallon kierretuntuman saavuttamiseksi<\/p>\n<\/li>\n<li data-start=\"1746\" data-end=\"1840\">\n<p data-start=\"1748\" data-end=\"1840\"><strong data-start=\"1748\" data-end=\"1766\">Multieva Core:<\/strong> kolmikerroksinen EVA-ydin, joka tasapainottaa kontrollia, voimaa ja mukavuutta<\/p>\n<\/li>\n<li data-start=\"1841\" data-end=\"1918\">\n<p data-start=\"1843\" data-end=\"1918\"><strong data-start=\"1843\" data-end=\"1859\">Smart Holes:<\/strong> optimoitu reik\u00e4kuvio suuremman voiman ja vakauden saavuttamiseksi<\/p>\n<\/li>\n<li data-start=\"1919\" data-end=\"2032\" data-is-last-node=\"\">\n<p data-start=\"1921\" data-end=\"2032\" data-is-last-node=\"\"><strong data-start=\"1921\" data-end=\"1947\">Hesacore + Vibradrive:<\/strong> ergonominen kahva ja t\u00e4rin\u00e4\u00e4 vaimentava j\u00e4rjestelm\u00e4, joka suojaa k\u00e4sivartta ja rannetta<\/p>\n<\/li>\n<\/ul>\n","protected":false},"excerpt":{"rendered":"<p>Bullpadel Xplo Comfort m\u00e4\u00e4rittelee hy\u00f6kk\u00e4yspeleiss\u00e4 voiman uudelleen geometrisen kehysrakenteensa ja eritt\u00e4in kest\u00e4v\u00e4n hiilikuiturakenteensa ansiosta. Korkean tasapainopisteen muotoilu ohjaa painon mailan yl\u00e4osaan, luoden laajemman ly\u00f6ntikulman ja suuremman vipuvaikutuksen jokaisessa ly\u00f6nniss\u00e4. Laajennettu kehys kriittisill\u00e4 alueilla takaa vakauden ja tarkkuuden ly\u00f6nneiss\u00e4, mahdollistaen ilmaly\u00f6nnit r\u00e4j\u00e4ht\u00e4v\u00e4ll\u00e4 voimalla ja tarkalla kontrollilla. Lis\u00e4ksi Custom Weight -j\u00e4rjestelm\u00e4 mahdollistaa mailan painon s\u00e4\u00e4t\u00e4misen pelikokemuksen mukauttamiseksi [&hellip;]<\/p>\n","protected":false},"featured_media":71068,"comment_status":"open","ping_status":"closed","template":"","meta":{"_eb_attr":""},"product_brand":[503],"product_cat":[504,496,494],"product_tag":[],"class_list":{"0":"post-71067","1":"product","2":"type-product","3":"status-publish","4":"has-post-thumbnail","6":"product_brand-bullpadel","7":"product_cat-bullpadel","8":"product_cat-edistynyt","9":"product_cat-padelmailat","10":"pa_kaal-365g","11":"pa_kuju-timantti","12":"pa_mangustiil-hyokkaava","13":"pa_tasakaal-ylhaalla","14":"pa_tase-edistynyt","15":"pa_varv-harmaa","18":"first","19":"instock","20":"sale","21":"taxable","22":"shipping-taxable","23":"purchasable","24":"product-type-simple"},"yoast_head":"<!-- This site is optimized with the Yoast SEO Premium plugin v27.1 (Yoast SEO v27.1.1) - https:\/\/yoast.com\/product\/yoast-seo-premium-wordpress\/ -->\n<title>BULLPADEL XPLO COMFORT 26 | Test Padelhaus<\/title>\n<meta name=\"description\" content=\"Padelmailat ja padelvarusteet edullisesti. Padelhaus on padel verkkokauppa, josta l\u00f6yd\u00e4t parhaat padelmailat kaikille tasoille.\" \/>\n<meta name=\"robots\" content=\"noindex, follow, max-snippet:-1, max-image-preview:large, max-video-preview:-1\" \/>\n<meta property=\"og:locale\" content=\"fi_FI\" \/>\n<meta property=\"og:type\" content=\"article\" \/>\n<meta property=\"og:title\" content=\"BULLPADEL XPLO COMFORT 26\" \/>\n<meta property=\"og:description\" content=\"Padelmailat ja padelvarusteet edullisesti. Padelhaus on padel verkkokauppa, josta l\u00f6yd\u00e4t parhaat padelmailat kaikille tasoille.\" \/>\n<meta property=\"og:url\" content=\"https:\/\/padelhaus.mustlammas-dev.in\/fi\/kauppa\/bullpadel-xplo-comfort-26\/\" \/>\n<meta property=\"og:site_name\" content=\"Test Padelhaus\" \/>\n<meta property=\"article:modified_time\" content=\"2026-03-05T15:58:12+00:00\" \/>\n<meta property=\"og:image\" content=\"https:\/\/padelhaus.mustlammas-dev.in\/wp-content\/uploads\/2025\/11\/BULLPADEL-XPLO-COMFORT-26.png\" \/>\n\t<meta property=\"og:image:width\" content=\"960\" \/>\n\t<meta property=\"og:image:height\" content=\"960\" \/>\n\t<meta property=\"og:image:type\" content=\"image\/png\" \/>\n<meta name=\"twitter:card\" content=\"summary_large_image\" \/>\n<meta name=\"twitter:label1\" content=\"Hinta\" \/>\n\t<meta name=\"twitter:data1\" content=\"209,95&nbsp;&euro;\" \/>\n\t<meta name=\"twitter:label2\" content=\"Saatavuus\" \/>\n\t<meta name=\"twitter:data2\" content=\"Varastossa\" \/>\n<script type=\"application\/ld+json\" class=\"yoast-schema-graph\">{\"@context\":\"https:\/\/schema.org\",\"@graph\":[{\"@type\":[\"WebPage\",\"ItemPage\"],\"@id\":\"https:\/\/padelhaus.mustlammas-dev.in\/fi\/kauppa\/bullpadel-xplo-comfort-26\/\",\"url\":\"https:\/\/padelhaus.mustlammas-dev.in\/fi\/kauppa\/bullpadel-xplo-comfort-26\/\",\"name\":\"BULLPADEL XPLO COMFORT 26 | Test Padelhaus\",\"isPartOf\":{\"@id\":\"https:\/\/padelhaus.mustlammas-dev.in\/fi\/#website\"},\"primaryImageOfPage\":{\"@id\":\"https:\/\/padelhaus.mustlammas-dev.in\/fi\/kauppa\/bullpadel-xplo-comfort-26\/#primaryimage\"},\"image\":{\"@id\":\"https:\/\/padelhaus.mustlammas-dev.in\/fi\/kauppa\/bullpadel-xplo-comfort-26\/#primaryimage\"},\"thumbnailUrl\":\"https:\/\/padelhaus.mustlammas-dev.in\/wp-content\/uploads\/2025\/11\/BULLPADEL-XPLO-COMFORT-26.png\",\"datePublished\":\"2025-11-06T11:05:54+00:00\",\"dateModified\":\"2026-03-05T15:58:12+00:00\",\"description\":\"Padelmailat ja padelvarusteet edullisesti. Padelhaus on padel verkkokauppa, josta l\u00f6yd\u00e4t parhaat padelmailat kaikille tasoille.\",\"breadcrumb\":{\"@id\":\"https:\/\/padelhaus.mustlammas-dev.in\/fi\/kauppa\/bullpadel-xplo-comfort-26\/#breadcrumb\"},\"inLanguage\":\"fi\",\"potentialAction\":[{\"@type\":\"ReadAction\",\"target\":[\"https:\/\/padelhaus.mustlammas-dev.in\/fi\/kauppa\/bullpadel-xplo-comfort-26\/\"]}]},{\"@type\":\"ImageObject\",\"inLanguage\":\"fi\",\"@id\":\"https:\/\/padelhaus.mustlammas-dev.in\/fi\/kauppa\/bullpadel-xplo-comfort-26\/#primaryimage\",\"url\":\"https:\/\/padelhaus.mustlammas-dev.in\/wp-content\/uploads\/2025\/11\/BULLPADEL-XPLO-COMFORT-26.png\",\"contentUrl\":\"https:\/\/padelhaus.mustlammas-dev.in\/wp-content\/uploads\/2025\/11\/BULLPADEL-XPLO-COMFORT-26.png\",\"width\":960,\"height\":960,\"caption\":\"BULLPADEL XPLO COMFORT 26\"},{\"@type\":\"BreadcrumbList\",\"@id\":\"https:\/\/padelhaus.mustlammas-dev.in\/fi\/kauppa\/bullpadel-xplo-comfort-26\/#breadcrumb\",\"itemListElement\":[{\"@type\":\"ListItem\",\"position\":1,\"name\":\"Avaleht\",\"item\":\"https:\/\/padelhaus.fi\/\"},{\"@type\":\"ListItem\",\"position\":2,\"name\":\"Kauppa\",\"item\":\"https:\/\/padelhaus.fi\/kauppa\/\"},{\"@type\":\"ListItem\",\"position\":3,\"name\":\"BULLPADEL XPLO COMFORT 26\"}]},{\"@type\":\"WebSite\",\"@id\":\"https:\/\/padelhaus.mustlammas-dev.in\/fi\/#website\",\"url\":\"https:\/\/padelhaus.mustlammas-dev.in\/fi\/\",\"name\":\"Claude Padelhaus\",\"description\":\"Sinu padelivarustuse kodu\",\"publisher\":{\"@id\":\"https:\/\/padelhaus.mustlammas-dev.in\/fi\/#organization\"},\"potentialAction\":[{\"@type\":\"SearchAction\",\"target\":{\"@type\":\"EntryPoint\",\"urlTemplate\":\"https:\/\/padelhaus.mustlammas-dev.in\/fi\/?s={search_term_string}\"},\"query-input\":{\"@type\":\"PropertyValueSpecification\",\"valueRequired\":true,\"valueName\":\"search_term_string\"}}],\"inLanguage\":\"fi\"},{\"@type\":\"Organization\",\"@id\":\"https:\/\/padelhaus.mustlammas-dev.in\/fi\/#organization\",\"name\":\"Claude Padelhaus\",\"url\":\"https:\/\/padelhaus.mustlammas-dev.in\/fi\/\",\"logo\":{\"@type\":\"ImageObject\",\"inLanguage\":\"fi\",\"@id\":\"https:\/\/padelhaus.mustlammas-dev.in\/fi\/#\/schema\/logo\/image\/\",\"url\":\"https:\/\/padelhaus.mustlammas-dev.in\/wp-content\/uploads\/2025\/05\/Logo-1.png\",\"contentUrl\":\"https:\/\/padelhaus.mustlammas-dev.in\/wp-content\/uploads\/2025\/05\/Logo-1.png\",\"width\":280,\"height\":115,\"caption\":\"Claude Padelhaus\"},\"image\":{\"@id\":\"https:\/\/padelhaus.mustlammas-dev.in\/fi\/#\/schema\/logo\/image\/\"}}]}<\/script>\n<meta property=\"product:price:amount\" content=\"209.95\" \/>\n<meta property=\"product:price:currency\" content=\"EUR\" \/>\n<meta property=\"og:availability\" content=\"instock\" \/>\n<meta property=\"product:availability\" content=\"instock\" \/>\n<meta property=\"product:retailer_item_id\" content=\"BUL-R-23\" \/>\n<meta property=\"product:condition\" content=\"new\" \/>\n<!-- \/ Yoast SEO Premium plugin. -->","yoast_head_json":{"title":"BULLPADEL XPLO COMFORT 26 | Test Padelhaus","description":"Padelmailat ja padelvarusteet edullisesti. Padelhaus on padel verkkokauppa, josta l\u00f6yd\u00e4t parhaat padelmailat kaikille tasoille.","robots":{"index":"noindex","follow":"follow","max-snippet":"max-snippet:-1","max-image-preview":"max-image-preview:large","max-video-preview":"max-video-preview:-1"},"og_locale":"fi_FI","og_type":"article","og_title":"BULLPADEL XPLO COMFORT 26","og_description":"Padelmailat ja padelvarusteet edullisesti. Padelhaus on padel verkkokauppa, josta l\u00f6yd\u00e4t parhaat padelmailat kaikille tasoille.","og_url":"https:\/\/padelhaus.mustlammas-dev.in\/fi\/kauppa\/bullpadel-xplo-comfort-26\/","og_site_name":"Test Padelhaus","article_modified_time":"2026-03-05T15:58:12+00:00","og_image":[{"width":960,"height":960,"url":"https:\/\/padelhaus.mustlammas-dev.in\/wp-content\/uploads\/2025\/11\/BULLPADEL-XPLO-COMFORT-26.png","type":"image\/png"}],"twitter_card":"summary_large_image","twitter_misc":{"Hinta":"209,95&nbsp;&euro;","Saatavuus":"Varastossa"},"schema":{"@context":"https:\/\/schema.org","@graph":[{"@type":["WebPage","ItemPage"],"@id":"https:\/\/padelhaus.mustlammas-dev.in\/fi\/kauppa\/bullpadel-xplo-comfort-26\/","url":"https:\/\/padelhaus.mustlammas-dev.in\/fi\/kauppa\/bullpadel-xplo-comfort-26\/","name":"BULLPADEL XPLO COMFORT 26 | Test Padelhaus","isPartOf":{"@id":"https:\/\/padelhaus.mustlammas-dev.in\/fi\/#website"},"primaryImageOfPage":{"@id":"https:\/\/padelhaus.mustlammas-dev.in\/fi\/kauppa\/bullpadel-xplo-comfort-26\/#primaryimage"},"image":{"@id":"https:\/\/padelhaus.mustlammas-dev.in\/fi\/kauppa\/bullpadel-xplo-comfort-26\/#primaryimage"},"thumbnailUrl":"https:\/\/padelhaus.mustlammas-dev.in\/wp-content\/uploads\/2025\/11\/BULLPADEL-XPLO-COMFORT-26.png","datePublished":"2025-11-06T11:05:54+00:00","dateModified":"2026-03-05T15:58:12+00:00","description":"Padelmailat ja padelvarusteet edullisesti. Padelhaus on padel verkkokauppa, josta l\u00f6yd\u00e4t parhaat padelmailat kaikille tasoille.","breadcrumb":{"@id":"https:\/\/padelhaus.mustlammas-dev.in\/fi\/kauppa\/bullpadel-xplo-comfort-26\/#breadcrumb"},"inLanguage":"fi","potentialAction":[{"@type":"ReadAction","target":["https:\/\/padelhaus.mustlammas-dev.in\/fi\/kauppa\/bullpadel-xplo-comfort-26\/"]}]},{"@type":"ImageObject","inLanguage":"fi","@id":"https:\/\/padelhaus.mustlammas-dev.in\/fi\/kauppa\/bullpadel-xplo-comfort-26\/#primaryimage","url":"https:\/\/padelhaus.mustlammas-dev.in\/wp-content\/uploads\/2025\/11\/BULLPADEL-XPLO-COMFORT-26.png","contentUrl":"https:\/\/padelhaus.mustlammas-dev.in\/wp-content\/uploads\/2025\/11\/BULLPADEL-XPLO-COMFORT-26.png","width":960,"height":960,"caption":"BULLPADEL XPLO COMFORT 26"},{"@type":"BreadcrumbList","@id":"https:\/\/padelhaus.mustlammas-dev.in\/fi\/kauppa\/bullpadel-xplo-comfort-26\/#breadcrumb","itemListElement":[{"@type":"ListItem","position":1,"name":"Avaleht","item":"https:\/\/padelhaus.fi\/"},{"@type":"ListItem","position":2,"name":"Kauppa","item":"https:\/\/padelhaus.fi\/kauppa\/"},{"@type":"ListItem","position":3,"name":"BULLPADEL XPLO COMFORT 26"}]},{"@type":"WebSite","@id":"https:\/\/padelhaus.mustlammas-dev.in\/fi\/#website","url":"https:\/\/padelhaus.mustlammas-dev.in\/fi\/","name":"Claude Padelhaus","description":"Sinu padelivarustuse kodu","publisher":{"@id":"https:\/\/padelhaus.mustlammas-dev.in\/fi\/#organization"},"potentialAction":[{"@type":"SearchAction","target":{"@type":"EntryPoint","urlTemplate":"https:\/\/padelhaus.mustlammas-dev.in\/fi\/?s={search_term_string}"},"query-input":{"@type":"PropertyValueSpecification","valueRequired":true,"valueName":"search_term_string"}}],"inLanguage":"fi"},{"@type":"Organization","@id":"https:\/\/padelhaus.mustlammas-dev.in\/fi\/#organization","name":"Claude Padelhaus","url":"https:\/\/padelhaus.mustlammas-dev.in\/fi\/","logo":{"@type":"ImageObject","inLanguage":"fi","@id":"https:\/\/padelhaus.mustlammas-dev.in\/fi\/#\/schema\/logo\/image\/","url":"https:\/\/padelhaus.mustlammas-dev.in\/wp-content\/uploads\/2025\/05\/Logo-1.png","contentUrl":"https:\/\/padelhaus.mustlammas-dev.in\/wp-content\/uploads\/2025\/05\/Logo-1.png","width":280,"height":115,"caption":"Claude Padelhaus"},"image":{"@id":"https:\/\/padelhaus.mustlammas-dev.in\/fi\/#\/schema\/logo\/image\/"}}]},"product_price_amount":"209.95","product_price_currency":"EUR","og_availability":"instock","product_availability":"instock","product_retailer_item_id":"BUL-R-23","product_condition":"new"},"_links":{"self":[{"href":"https:\/\/padelhaus.mustlammas-dev.in\/fi\/wp-json\/wp\/v2\/product\/71067","targetHints":{"allow":["GET"]}}],"collection":[{"href":"https:\/\/padelhaus.mustlammas-dev.in\/fi\/wp-json\/wp\/v2\/product"}],"about":[{"href":"https:\/\/padelhaus.mustlammas-dev.in\/fi\/wp-json\/wp\/v2\/types\/product"}],"replies":[{"embeddable":true,"href":"https:\/\/padelhaus.mustlammas-dev.in\/fi\/wp-json\/wp\/v2\/comments?post=71067"}],"wp:featuredmedia":[{"embeddable":true,"href":"https:\/\/padelhaus.mustlammas-dev.in\/fi\/wp-json\/wp\/v2\/media\/71068"}],"wp:attachment":[{"href":"https:\/\/padelhaus.mustlammas-dev.in\/fi\/wp-json\/wp\/v2\/media?parent=71067"}],"wp:term":[{"taxonomy":"product_brand","embeddable":true,"href":"https:\/\/padelhaus.mustlammas-dev.in\/fi\/wp-json\/wp\/v2\/product_brand?post=71067"},{"taxonomy":"product_cat","embeddable":true,"href":"https:\/\/padelhaus.mustlammas-dev.in\/fi\/wp-json\/wp\/v2\/product_cat?post=71067"},{"taxonomy":"product_tag","embeddable":true,"href":"https:\/\/padelhaus.mustlammas-dev.in\/fi\/wp-json\/wp\/v2\/product_tag?post=71067"}],"curies":[{"name":"wp","href":"https:\/\/api.w.org\/{rel}","templated":true}]}}