{"id":71076,"date":"2025-11-06T12:59:32","date_gmt":"2025-11-06T10:59:32","guid":{"rendered":"https:\/\/padelhaus.mustlammas-dev.in\/pood\/bullpadel-vertex-05-hybrid\/"},"modified":"2026-03-05T17:58:13","modified_gmt":"2026-03-05T15:58:13","slug":"bullpadel-vertex-05-hybrid","status":"publish","type":"product","link":"https:\/\/padelhaus.mustlammas-dev.in\/fi\/kauppa\/bullpadel-vertex-05-hybrid\/","title":{"rendered":"BULLPADEL VERTEX 05 HYBRID"},"content":{"rendered":"<p data-start=\"0\" data-end=\"309\"><strong data-start=\"0\" data-end=\"30\">Bullpadel Vertex 05 Hybrid<\/strong> on uusi lis\u00e4ys Vertex 05 -sarjaan, joka on suunniteltu tarjoamaan tasapainoista suorituskyky\u00e4 kontrollin ja voiman v\u00e4lill\u00e4. Sen rakenne yhdist\u00e4\u00e4 sarjan ytimen muotoiluun, joka on suunnattu pelaajille, jotka etsiv\u00e4t tarkkuutta takakent\u00e4lt\u00e4 menett\u00e4m\u00e4tt\u00e4 hy\u00f6kk\u00e4ysvoimaa verkon l\u00e4hell\u00e4. <\/p>\n<h5 data-start=\"311\" data-end=\"675\">Kontrolli ja voimaa tasapainossa<\/h5>\n<p>T\u00e4m\u00e4n mailan suurin uudistus on mailan syd\u00e4mess\u00e4 oleva kaksoisdiagonaalisilta, joka on uudelleenmuotoiltu kolmiomaisemmalla geometrialla voimien jakautumisen optimoimiseksi. T\u00e4m\u00e4n parannuksen ansiosta maila tarjoaa suurempaa vakautta ja kontrollia, antaen pelaajalle mahdollisuuden ly\u00f6d\u00e4 r\u00e4j\u00e4ht\u00e4vi\u00e4 mutta tarkkoja ly\u00f6ntej\u00e4 sek\u00e4 puolustuksessa ett\u00e4 hy\u00f6kk\u00e4yksess\u00e4. <\/p>\n<h5 data-start=\"677\" data-end=\"717\">T\u00e4rkeimm\u00e4t teknologiat ja ominaisuudet:<\/h5>\n<ul data-start=\"718\" data-end=\"1433\" data-is-last-node=\"\" data-is-only-node=\"\">\n<li data-start=\"718\" data-end=\"780\">\n<p data-start=\"720\" data-end=\"780\"><strong data-start=\"720\" data-end=\"729\">Paino:<\/strong> 365\u2013375 g \u2013 takaa nopean ja vakaan k\u00e4sitelt\u00e4vyyden<\/p>\n<\/li>\n<li data-start=\"781\" data-end=\"841\">\n<p data-start=\"783\" data-end=\"841\"><strong data-start=\"783\" data-end=\"795\">Profiili:<\/strong> 38 mm \u2013 ammattimailojen standardi<\/p>\n<\/li>\n<li data-start=\"842\" data-end=\"906\">\n<p data-start=\"844\" data-end=\"906\"><strong data-start=\"844\" data-end=\"853\">Muoto:<\/strong> hybridi \u2013 t\u00e4ydellinen tasapaino kontrollin ja voiman v\u00e4lill\u00e4<\/p>\n<\/li>\n<li data-start=\"907\" data-end=\"995\">\n<p data-start=\"909\" data-end=\"995\"><strong data-start=\"909\" data-end=\"922\">Tasapaino:<\/strong> keski \u2013 ihanteellinen pelaajille, jotka arvostavat hyv\u00e4\u00e4 ohjattavuutta<\/p>\n<\/li>\n<li data-start=\"996\" data-end=\"1070\">\n<p data-start=\"998\" data-end=\"1070\"><strong data-start=\"998\" data-end=\"1019\">Ulkoinen koostumus:<\/strong> <em data-start=\"1020\" data-end=\"1037\">Real Carbon 12k<\/em> \u2013 kest\u00e4v\u00e4 ja luja materiaali<\/p>\n<\/li>\n<li data-start=\"1071\" data-end=\"1178\">\n<p data-start=\"1073\" data-end=\"1178\"><strong data-start=\"1073\" data-end=\"1094\">Sis\u00e4inen koostumus:<\/strong> <em data-start=\"1095\" data-end=\"1113\">MultiEva-ydin<\/em> \u2013 eri tiheyksill\u00e4 varustetut kerrokset, jotka tarjoavat monipuolisuutta ly\u00f6nteihin<\/p>\n<\/li>\n<li data-start=\"1179\" data-end=\"1264\">\n<p data-start=\"1181\" data-end=\"1264\"><strong data-start=\"1181\" data-end=\"1190\">Pinta:<\/strong> <em data-start=\"1191\" data-end=\"1207\">Rough Top Skin<\/em> \u2013 karkea rakenne, joka parantaa pallokosketusta ja kierrett\u00e4<\/p>\n<\/li>\n<li data-start=\"1265\" data-end=\"1331\">\n<p data-start=\"1267\" data-end=\"1331\"><strong data-start=\"1267\" data-end=\"1282\">Ly\u00f6ntituntuma:<\/strong> keski \u2013 takaa mukavuuden tarkkuudesta tinkim\u00e4tt\u00e4<\/p>\n<\/li>\n<li data-start=\"1332\" data-end=\"1433\" data-is-last-node=\"\">\n<p data-start=\"1334\" data-end=\"1433\" data-is-last-node=\"\"><strong data-start=\"1334\" data-end=\"1346\">Suunniteltu:<\/strong> kokeneille aikuispelaajille, jotka arvostavat tasaista kontrollia ja tarkkuutta peliss\u00e4<\/p>\n<\/li>\n<\/ul>\n","protected":false},"excerpt":{"rendered":"<p>Bullpadel Vertex 05 Hybrid on uusi lis\u00e4ys Vertex 05 -sarjaan, joka on suunniteltu tarjoamaan tasapainoista suorituskyky\u00e4 kontrollin ja voiman v\u00e4lill\u00e4. Sen rakenne yhdist\u00e4\u00e4 sarjan ytimen muotoiluun, joka on suunnattu pelaajille, jotka etsiv\u00e4t tarkkuutta takakent\u00e4lt\u00e4 menett\u00e4m\u00e4tt\u00e4 hy\u00f6kk\u00e4ysvoimaa verkon l\u00e4hell\u00e4. Kontrolli ja voimaa tasapainossa T\u00e4m\u00e4n mailan suurin uudistus on mailan syd\u00e4mess\u00e4 oleva kaksoisdiagonaalisilta, joka on uudelleenmuotoiltu kolmiomaisemmalla [&hellip;]<\/p>\n","protected":false},"featured_media":71077,"comment_status":"open","ping_status":"closed","template":"","meta":{"_eb_attr":""},"product_brand":[503],"product_cat":[504,496,516,494],"product_tag":[],"class_list":{"0":"post-71076","1":"product","2":"type-product","3":"status-publish","4":"has-post-thumbnail","6":"product_brand-bullpadel","7":"product_cat-bullpadel","8":"product_cat-edistynyt","9":"product_cat-miehet","10":"product_cat-padelmailat","11":"pa_kaal-365g","12":"pa_kuju-pisaranmuotoinen","13":"pa_mangustiil-hybridi","14":"pa_tasakaal-keskella","15":"pa_tase-edistynyt","16":"pa_varv-musta","17":"pa_varv-sininen","20":"first","21":"onbackorder","22":"sale","23":"featured","24":"taxable","25":"shipping-taxable","26":"purchasable","27":"product-type-simple"},"yoast_head":"<!-- This site is optimized with the Yoast SEO Premium plugin v27.1 (Yoast SEO v27.1.1) - https:\/\/yoast.com\/product\/yoast-seo-premium-wordpress\/ -->\n<title>BULLPADEL VERTEX 05 HYBRID | Test Padelhaus<\/title>\n<meta name=\"description\" content=\"Padelmailat ja padelvarusteet edullisesti. Padelhaus on padel verkkokauppa, josta l\u00f6yd\u00e4t parhaat padelmailat kaikille tasoille.\" \/>\n<meta name=\"robots\" content=\"noindex, follow, max-snippet:-1, max-image-preview:large, max-video-preview:-1\" \/>\n<meta property=\"og:locale\" content=\"fi_FI\" \/>\n<meta property=\"og:type\" content=\"article\" \/>\n<meta property=\"og:title\" content=\"BULLPADEL VERTEX 05 HYBRID\" \/>\n<meta property=\"og:description\" content=\"Padelmailat ja padelvarusteet edullisesti. Padelhaus on padel verkkokauppa, josta l\u00f6yd\u00e4t parhaat padelmailat kaikille tasoille.\" \/>\n<meta property=\"og:url\" content=\"https:\/\/padelhaus.mustlammas-dev.in\/fi\/kauppa\/bullpadel-vertex-05-hybrid\/\" \/>\n<meta property=\"og:site_name\" content=\"Test Padelhaus\" \/>\n<meta property=\"article:modified_time\" content=\"2026-03-05T15:58:13+00:00\" \/>\n<meta property=\"og:image\" content=\"https:\/\/padelhaus.mustlammas-dev.in\/wp-content\/uploads\/2025\/11\/BULLPADEL-VERTEX-05-HYBRID.png\" \/>\n\t<meta property=\"og:image:width\" content=\"960\" \/>\n\t<meta property=\"og:image:height\" content=\"960\" \/>\n\t<meta property=\"og:image:type\" content=\"image\/png\" \/>\n<meta name=\"twitter:card\" content=\"summary_large_image\" \/>\n<meta name=\"twitter:label1\" content=\"Hinta\" \/>\n\t<meta name=\"twitter:data1\" content=\"259,95&nbsp;&euro;\" \/>\n\t<meta name=\"twitter:label2\" content=\"Saatavuus\" \/>\n\t<meta name=\"twitter:data2\" content=\"J\u00e4lkitoimituksessa\" \/>\n<script type=\"application\/ld+json\" class=\"yoast-schema-graph\">{\"@context\":\"https:\/\/schema.org\",\"@graph\":[{\"@type\":[\"WebPage\",\"ItemPage\"],\"@id\":\"https:\/\/padelhaus.mustlammas-dev.in\/fi\/kauppa\/bullpadel-vertex-05-hybrid\/\",\"url\":\"https:\/\/padelhaus.mustlammas-dev.in\/fi\/kauppa\/bullpadel-vertex-05-hybrid\/\",\"name\":\"BULLPADEL VERTEX 05 HYBRID | Test Padelhaus\",\"isPartOf\":{\"@id\":\"https:\/\/padelhaus.mustlammas-dev.in\/fi\/#website\"},\"primaryImageOfPage\":{\"@id\":\"https:\/\/padelhaus.mustlammas-dev.in\/fi\/kauppa\/bullpadel-vertex-05-hybrid\/#primaryimage\"},\"image\":{\"@id\":\"https:\/\/padelhaus.mustlammas-dev.in\/fi\/kauppa\/bullpadel-vertex-05-hybrid\/#primaryimage\"},\"thumbnailUrl\":\"https:\/\/padelhaus.mustlammas-dev.in\/wp-content\/uploads\/2025\/11\/BULLPADEL-VERTEX-05-HYBRID.png\",\"datePublished\":\"2025-11-06T10:59:32+00:00\",\"dateModified\":\"2026-03-05T15:58:13+00:00\",\"description\":\"Padelmailat ja padelvarusteet edullisesti. Padelhaus on padel verkkokauppa, josta l\u00f6yd\u00e4t parhaat padelmailat kaikille tasoille.\",\"breadcrumb\":{\"@id\":\"https:\/\/padelhaus.mustlammas-dev.in\/fi\/kauppa\/bullpadel-vertex-05-hybrid\/#breadcrumb\"},\"inLanguage\":\"fi\",\"potentialAction\":[{\"@type\":\"ReadAction\",\"target\":[\"https:\/\/padelhaus.mustlammas-dev.in\/fi\/kauppa\/bullpadel-vertex-05-hybrid\/\"]}]},{\"@type\":\"ImageObject\",\"inLanguage\":\"fi\",\"@id\":\"https:\/\/padelhaus.mustlammas-dev.in\/fi\/kauppa\/bullpadel-vertex-05-hybrid\/#primaryimage\",\"url\":\"https:\/\/padelhaus.mustlammas-dev.in\/wp-content\/uploads\/2025\/11\/BULLPADEL-VERTEX-05-HYBRID.png\",\"contentUrl\":\"https:\/\/padelhaus.mustlammas-dev.in\/wp-content\/uploads\/2025\/11\/BULLPADEL-VERTEX-05-HYBRID.png\",\"width\":960,\"height\":960,\"caption\":\"BULLPADEL VERTEX 05 HYBRID\"},{\"@type\":\"BreadcrumbList\",\"@id\":\"https:\/\/padelhaus.mustlammas-dev.in\/fi\/kauppa\/bullpadel-vertex-05-hybrid\/#breadcrumb\",\"itemListElement\":[{\"@type\":\"ListItem\",\"position\":1,\"name\":\"Avaleht\",\"item\":\"https:\/\/padelhaus.fi\/\"},{\"@type\":\"ListItem\",\"position\":2,\"name\":\"Kauppa\",\"item\":\"https:\/\/padelhaus.fi\/kauppa\/\"},{\"@type\":\"ListItem\",\"position\":3,\"name\":\"BULLPADEL VERTEX 05 HYBRID\"}]},{\"@type\":\"WebSite\",\"@id\":\"https:\/\/padelhaus.mustlammas-dev.in\/fi\/#website\",\"url\":\"https:\/\/padelhaus.mustlammas-dev.in\/fi\/\",\"name\":\"Claude Padelhaus\",\"description\":\"Sinu padelivarustuse kodu\",\"publisher\":{\"@id\":\"https:\/\/padelhaus.mustlammas-dev.in\/fi\/#organization\"},\"potentialAction\":[{\"@type\":\"SearchAction\",\"target\":{\"@type\":\"EntryPoint\",\"urlTemplate\":\"https:\/\/padelhaus.mustlammas-dev.in\/fi\/?s={search_term_string}\"},\"query-input\":{\"@type\":\"PropertyValueSpecification\",\"valueRequired\":true,\"valueName\":\"search_term_string\"}}],\"inLanguage\":\"fi\"},{\"@type\":\"Organization\",\"@id\":\"https:\/\/padelhaus.mustlammas-dev.in\/fi\/#organization\",\"name\":\"Claude Padelhaus\",\"url\":\"https:\/\/padelhaus.mustlammas-dev.in\/fi\/\",\"logo\":{\"@type\":\"ImageObject\",\"inLanguage\":\"fi\",\"@id\":\"https:\/\/padelhaus.mustlammas-dev.in\/fi\/#\/schema\/logo\/image\/\",\"url\":\"https:\/\/padelhaus.mustlammas-dev.in\/wp-content\/uploads\/2025\/05\/Logo-1.png\",\"contentUrl\":\"https:\/\/padelhaus.mustlammas-dev.in\/wp-content\/uploads\/2025\/05\/Logo-1.png\",\"width\":280,\"height\":115,\"caption\":\"Claude Padelhaus\"},\"image\":{\"@id\":\"https:\/\/padelhaus.mustlammas-dev.in\/fi\/#\/schema\/logo\/image\/\"}}]}<\/script>\n<meta property=\"product:price:amount\" content=\"259.95\" \/>\n<meta property=\"product:price:currency\" content=\"EUR\" \/>\n<meta property=\"og:availability\" content=\"backorder\" \/>\n<meta property=\"product:availability\" content=\"available for order\" \/>\n<meta property=\"product:retailer_item_id\" content=\"BUL-R-22\" \/>\n<meta property=\"product:condition\" content=\"new\" \/>\n<!-- \/ Yoast SEO Premium plugin. -->","yoast_head_json":{"title":"BULLPADEL VERTEX 05 HYBRID | Test Padelhaus","description":"Padelmailat ja padelvarusteet edullisesti. Padelhaus on padel verkkokauppa, josta l\u00f6yd\u00e4t parhaat padelmailat kaikille tasoille.","robots":{"index":"noindex","follow":"follow","max-snippet":"max-snippet:-1","max-image-preview":"max-image-preview:large","max-video-preview":"max-video-preview:-1"},"og_locale":"fi_FI","og_type":"article","og_title":"BULLPADEL VERTEX 05 HYBRID","og_description":"Padelmailat ja padelvarusteet edullisesti. Padelhaus on padel verkkokauppa, josta l\u00f6yd\u00e4t parhaat padelmailat kaikille tasoille.","og_url":"https:\/\/padelhaus.mustlammas-dev.in\/fi\/kauppa\/bullpadel-vertex-05-hybrid\/","og_site_name":"Test Padelhaus","article_modified_time":"2026-03-05T15:58:13+00:00","og_image":[{"width":960,"height":960,"url":"https:\/\/padelhaus.mustlammas-dev.in\/wp-content\/uploads\/2025\/11\/BULLPADEL-VERTEX-05-HYBRID.png","type":"image\/png"}],"twitter_card":"summary_large_image","twitter_misc":{"Hinta":"259,95&nbsp;&euro;","Saatavuus":"J\u00e4lkitoimituksessa"},"schema":{"@context":"https:\/\/schema.org","@graph":[{"@type":["WebPage","ItemPage"],"@id":"https:\/\/padelhaus.mustlammas-dev.in\/fi\/kauppa\/bullpadel-vertex-05-hybrid\/","url":"https:\/\/padelhaus.mustlammas-dev.in\/fi\/kauppa\/bullpadel-vertex-05-hybrid\/","name":"BULLPADEL VERTEX 05 HYBRID | Test Padelhaus","isPartOf":{"@id":"https:\/\/padelhaus.mustlammas-dev.in\/fi\/#website"},"primaryImageOfPage":{"@id":"https:\/\/padelhaus.mustlammas-dev.in\/fi\/kauppa\/bullpadel-vertex-05-hybrid\/#primaryimage"},"image":{"@id":"https:\/\/padelhaus.mustlammas-dev.in\/fi\/kauppa\/bullpadel-vertex-05-hybrid\/#primaryimage"},"thumbnailUrl":"https:\/\/padelhaus.mustlammas-dev.in\/wp-content\/uploads\/2025\/11\/BULLPADEL-VERTEX-05-HYBRID.png","datePublished":"2025-11-06T10:59:32+00:00","dateModified":"2026-03-05T15:58:13+00:00","description":"Padelmailat ja padelvarusteet edullisesti. Padelhaus on padel verkkokauppa, josta l\u00f6yd\u00e4t parhaat padelmailat kaikille tasoille.","breadcrumb":{"@id":"https:\/\/padelhaus.mustlammas-dev.in\/fi\/kauppa\/bullpadel-vertex-05-hybrid\/#breadcrumb"},"inLanguage":"fi","potentialAction":[{"@type":"ReadAction","target":["https:\/\/padelhaus.mustlammas-dev.in\/fi\/kauppa\/bullpadel-vertex-05-hybrid\/"]}]},{"@type":"ImageObject","inLanguage":"fi","@id":"https:\/\/padelhaus.mustlammas-dev.in\/fi\/kauppa\/bullpadel-vertex-05-hybrid\/#primaryimage","url":"https:\/\/padelhaus.mustlammas-dev.in\/wp-content\/uploads\/2025\/11\/BULLPADEL-VERTEX-05-HYBRID.png","contentUrl":"https:\/\/padelhaus.mustlammas-dev.in\/wp-content\/uploads\/2025\/11\/BULLPADEL-VERTEX-05-HYBRID.png","width":960,"height":960,"caption":"BULLPADEL VERTEX 05 HYBRID"},{"@type":"BreadcrumbList","@id":"https:\/\/padelhaus.mustlammas-dev.in\/fi\/kauppa\/bullpadel-vertex-05-hybrid\/#breadcrumb","itemListElement":[{"@type":"ListItem","position":1,"name":"Avaleht","item":"https:\/\/padelhaus.fi\/"},{"@type":"ListItem","position":2,"name":"Kauppa","item":"https:\/\/padelhaus.fi\/kauppa\/"},{"@type":"ListItem","position":3,"name":"BULLPADEL VERTEX 05 HYBRID"}]},{"@type":"WebSite","@id":"https:\/\/padelhaus.mustlammas-dev.in\/fi\/#website","url":"https:\/\/padelhaus.mustlammas-dev.in\/fi\/","name":"Claude Padelhaus","description":"Sinu padelivarustuse kodu","publisher":{"@id":"https:\/\/padelhaus.mustlammas-dev.in\/fi\/#organization"},"potentialAction":[{"@type":"SearchAction","target":{"@type":"EntryPoint","urlTemplate":"https:\/\/padelhaus.mustlammas-dev.in\/fi\/?s={search_term_string}"},"query-input":{"@type":"PropertyValueSpecification","valueRequired":true,"valueName":"search_term_string"}}],"inLanguage":"fi"},{"@type":"Organization","@id":"https:\/\/padelhaus.mustlammas-dev.in\/fi\/#organization","name":"Claude Padelhaus","url":"https:\/\/padelhaus.mustlammas-dev.in\/fi\/","logo":{"@type":"ImageObject","inLanguage":"fi","@id":"https:\/\/padelhaus.mustlammas-dev.in\/fi\/#\/schema\/logo\/image\/","url":"https:\/\/padelhaus.mustlammas-dev.in\/wp-content\/uploads\/2025\/05\/Logo-1.png","contentUrl":"https:\/\/padelhaus.mustlammas-dev.in\/wp-content\/uploads\/2025\/05\/Logo-1.png","width":280,"height":115,"caption":"Claude Padelhaus"},"image":{"@id":"https:\/\/padelhaus.mustlammas-dev.in\/fi\/#\/schema\/logo\/image\/"}}]},"product_price_amount":"259.95","product_price_currency":"EUR","og_availability":"backorder","product_availability":"available for order","product_retailer_item_id":"BUL-R-22","product_condition":"new"},"_links":{"self":[{"href":"https:\/\/padelhaus.mustlammas-dev.in\/fi\/wp-json\/wp\/v2\/product\/71076","targetHints":{"allow":["GET"]}}],"collection":[{"href":"https:\/\/padelhaus.mustlammas-dev.in\/fi\/wp-json\/wp\/v2\/product"}],"about":[{"href":"https:\/\/padelhaus.mustlammas-dev.in\/fi\/wp-json\/wp\/v2\/types\/product"}],"replies":[{"embeddable":true,"href":"https:\/\/padelhaus.mustlammas-dev.in\/fi\/wp-json\/wp\/v2\/comments?post=71076"}],"wp:featuredmedia":[{"embeddable":true,"href":"https:\/\/padelhaus.mustlammas-dev.in\/fi\/wp-json\/wp\/v2\/media\/71077"}],"wp:attachment":[{"href":"https:\/\/padelhaus.mustlammas-dev.in\/fi\/wp-json\/wp\/v2\/media?parent=71076"}],"wp:term":[{"taxonomy":"product_brand","embeddable":true,"href":"https:\/\/padelhaus.mustlammas-dev.in\/fi\/wp-json\/wp\/v2\/product_brand?post=71076"},{"taxonomy":"product_cat","embeddable":true,"href":"https:\/\/padelhaus.mustlammas-dev.in\/fi\/wp-json\/wp\/v2\/product_cat?post=71076"},{"taxonomy":"product_tag","embeddable":true,"href":"https:\/\/padelhaus.mustlammas-dev.in\/fi\/wp-json\/wp\/v2\/product_tag?post=71076"}],"curies":[{"name":"wp","href":"https:\/\/api.w.org\/{rel}","templated":true}]}}