{"id":71081,"date":"2025-11-06T12:49:51","date_gmt":"2025-11-06T10:49:51","guid":{"rendered":"https:\/\/padelhaus.mustlammas-dev.in\/pood\/bullpadel-hack-04-26\/"},"modified":"2026-03-05T17:58:13","modified_gmt":"2026-03-05T15:58:13","slug":"bullpadel-hack-04-26","status":"publish","type":"product","link":"https:\/\/padelhaus.mustlammas-dev.in\/fi\/kauppa\/bullpadel-hack-04-26\/","title":{"rendered":"BULLPADEL HACK 04 26"},"content":{"rendered":"<p data-start=\"0\" data-end=\"426\"><strong data-start=\"0\" data-end=\"24\">Bullpadel Hack 04 26<\/strong> edustaa 10 vuoden innovaation ja kehitysty\u00f6n huipentumaa Bullpadelin Hack-sarjassa. T\u00e4m\u00e4n kehityspolun aikana t\u00e4m\u00e4 maila on ollut voiman symboli ja yksi arvostetuimmista malleista ammattimaisen padelin maailmassa. Nyt se ottaa viel\u00e4 yhden askeleen eteenp\u00e4in esitellen vallankumouksellisen konseptin \u2013 dynaamisen voiman, joka pystyy muuttamaan jokaisen liikkeen pys\u00e4ytt\u00e4m\u00e4tt\u00f6m\u00e4ksi ly\u00f6nniksi.  <\/p>\n<h5 data-start=\"428\" data-end=\"796\">Dynaamisen voiman uusi konsepti<\/h5>\n<p data-start=\"428\" data-end=\"796\">Dynaaminen voima ei perustu ainoastaan mailan vahvuuteen, vaan my\u00f6s pelaajan liikkeest\u00e4 syntyv\u00e4n kineettisen energian hy\u00f6dynt\u00e4miseen. T\u00e4m\u00e4n muotoilun ansiosta Hack 04 26 pystyy muuttamaan liikenopeuden tehokkaammiksi ja tarkemmiksi ly\u00f6nneiksi tarjoten poikkeuksellisen suorituskyvyn sek\u00e4 takakent\u00e4n ly\u00f6nneiss\u00e4 ett\u00e4 hy\u00f6kk\u00e4yksiss\u00e4 verkon l\u00e4hell\u00e4. <\/p>\n<h5 data-start=\"798\" data-end=\"838\">T\u00e4rkeimm\u00e4t ominaisuudet ja teknologiat:<\/h5>\n<ul data-start=\"839\" data-end=\"1489\" data-is-last-node=\"\" data-is-only-node=\"\">\n<li data-start=\"839\" data-end=\"901\">\n<p data-start=\"841\" data-end=\"901\"><strong data-start=\"841\" data-end=\"850\">Paino:<\/strong> 365\u2013375 g \u2013 takaa vakauden ja voiman jokaisessa ly\u00f6nniss\u00e4<\/p>\n<\/li>\n<li data-start=\"902\" data-end=\"966\">\n<p data-start=\"904\" data-end=\"966\"><strong data-start=\"904\" data-end=\"916\">Profiili:<\/strong> 38 mm \u2013 huippuluokan mailoille standardi paksuus<\/p>\n<\/li>\n<li data-start=\"967\" data-end=\"1018\">\n<p data-start=\"969\" data-end=\"1018\"><strong data-start=\"969\" data-end=\"978\">Muoto:<\/strong> timantti \u2013 suunniteltu hy\u00f6kk\u00e4\u00e4v\u00e4lle pelaajalle<\/p>\n<\/li>\n<li data-start=\"1019\" data-end=\"1081\">\n<p data-start=\"1021\" data-end=\"1081\"><strong data-start=\"1021\" data-end=\"1034\">Tasapaino:<\/strong> \u2248 26 \u2013 parantaa voimaa ilmaly\u00f6nneiss\u00e4 ja smasheissa<\/p>\n<\/li>\n<li data-start=\"1082\" data-end=\"1216\">\n<p data-start=\"1084\" data-end=\"1216\"><strong data-start=\"1084\" data-end=\"1105\">Ulkoinen koostumus:<\/strong> <em data-start=\"1106\" data-end=\"1121\">Tricarbon 18k<\/em> \u2013 edistyksellinen hiilikuitujen yhdistelm\u00e4 maksimaalisen j\u00e4ykkyyden ja kest\u00e4vyyden saavuttamiseksi<\/p>\n<\/li>\n<li data-start=\"1217\" data-end=\"1321\">\n<p data-start=\"1219\" data-end=\"1321\"><strong data-start=\"1219\" data-end=\"1240\">Sis\u00e4inen koostumus:<\/strong> <em data-start=\"1241\" data-end=\"1259\">MultiEva-ydin<\/em> \u2013 mukauttaa mailan k\u00e4ytt\u00e4ytymist\u00e4 ly\u00f6nnin intensiteetin mukaan<\/p>\n<\/li>\n<li data-start=\"1322\" data-end=\"1390\">\n<p data-start=\"1324\" data-end=\"1390\"><strong data-start=\"1324\" data-end=\"1333\">Pinta:<\/strong> <em data-start=\"1334\" data-end=\"1344\">3D Grain<\/em> \u2013 karkea tekstuur, joka edist\u00e4\u00e4 pallon kierrett\u00e4<\/p>\n<\/li>\n<li data-start=\"1391\" data-end=\"1489\" data-is-last-node=\"\">\n<p data-start=\"1393\" data-end=\"1489\" data-is-last-node=\"\"><strong data-start=\"1393\" data-end=\"1408\">Ly\u00f6ntituntuma:<\/strong> keskikova \u2013 suunniteltu ammattitason pelaajille hy\u00f6kk\u00e4\u00e4v\u00e4ll\u00e4 pelityylill\u00e4<\/p>\n<\/li>\n<\/ul>\n","protected":false},"excerpt":{"rendered":"<p>Bullpadel Hack 04 26 edustaa 10 vuoden innovaation ja kehitysty\u00f6n huipentumaa Bullpadelin Hack-sarjassa. T\u00e4m\u00e4n kehityspolun aikana t\u00e4m\u00e4 maila on ollut voiman symboli ja yksi arvostetuimmista malleista ammattimaisen padelin maailmassa. Nyt se ottaa viel\u00e4 yhden askeleen eteenp\u00e4in esitellen vallankumouksellisen konseptin \u2013 dynaamisen voiman, joka pystyy muuttamaan jokaisen liikkeen pys\u00e4ytt\u00e4m\u00e4tt\u00f6m\u00e4ksi ly\u00f6nniksi. Dynaamisen voiman uusi konsepti Dynaaminen voima [&hellip;]<\/p>\n","protected":false},"featured_media":71082,"comment_status":"open","ping_status":"closed","template":"","meta":{"_eb_attr":""},"product_brand":[503],"product_cat":[504,496,494],"product_tag":[],"class_list":{"0":"post-71081","1":"product","2":"type-product","3":"status-publish","4":"has-post-thumbnail","6":"product_brand-bullpadel","7":"product_cat-bullpadel","8":"product_cat-edistynyt","9":"product_cat-padelmailat","10":"pa_kaal-370-g","11":"pa_kuju-timantti","12":"pa_mangustiil-hyokkaava","13":"pa_tasakaal-ylhaalla","14":"pa_tase-edistynyt","15":"pa_varv-harmaa","16":"pa_varv-musta","19":"first","20":"onbackorder","21":"sale","22":"taxable","23":"shipping-taxable","24":"purchasable","25":"product-type-simple"},"yoast_head":"<!-- This site is optimized with the Yoast SEO Premium plugin v27.1 (Yoast SEO v27.1.1) - https:\/\/yoast.com\/product\/yoast-seo-premium-wordpress\/ -->\n<title>BULLPADEL HACK 04 26 | Test Padelhaus<\/title>\n<meta name=\"description\" content=\"Padelmailat ja padelvarusteet edullisesti. Padelhaus on padel verkkokauppa, josta l\u00f6yd\u00e4t parhaat padelmailat kaikille tasoille.\" \/>\n<meta name=\"robots\" content=\"noindex, follow, max-snippet:-1, max-image-preview:large, max-video-preview:-1\" \/>\n<meta property=\"og:locale\" content=\"fi_FI\" \/>\n<meta property=\"og:type\" content=\"article\" \/>\n<meta property=\"og:title\" content=\"BULLPADEL HACK 04 26\" \/>\n<meta property=\"og:description\" content=\"Padelmailat ja padelvarusteet edullisesti. Padelhaus on padel verkkokauppa, josta l\u00f6yd\u00e4t parhaat padelmailat kaikille tasoille.\" \/>\n<meta property=\"og:url\" content=\"https:\/\/padelhaus.mustlammas-dev.in\/fi\/kauppa\/bullpadel-hack-04-26\/\" \/>\n<meta property=\"og:site_name\" content=\"Test Padelhaus\" \/>\n<meta property=\"article:modified_time\" content=\"2026-03-05T15:58:13+00:00\" \/>\n<meta property=\"og:image\" content=\"https:\/\/padelhaus.mustlammas-dev.in\/wp-content\/uploads\/2025\/11\/BULLPADEL-HACK-04-26.png\" \/>\n\t<meta property=\"og:image:width\" content=\"960\" \/>\n\t<meta property=\"og:image:height\" content=\"960\" \/>\n\t<meta property=\"og:image:type\" content=\"image\/png\" \/>\n<meta name=\"twitter:card\" content=\"summary_large_image\" \/>\n<meta name=\"twitter:label1\" content=\"Hinta\" \/>\n\t<meta name=\"twitter:data1\" content=\"249,95&nbsp;&euro;\" \/>\n\t<meta name=\"twitter:label2\" content=\"Saatavuus\" \/>\n\t<meta name=\"twitter:data2\" content=\"J\u00e4lkitoimituksessa\" \/>\n<script type=\"application\/ld+json\" class=\"yoast-schema-graph\">{\"@context\":\"https:\/\/schema.org\",\"@graph\":[{\"@type\":[\"WebPage\",\"ItemPage\"],\"@id\":\"https:\/\/padelhaus.mustlammas-dev.in\/fi\/kauppa\/bullpadel-hack-04-26\/\",\"url\":\"https:\/\/padelhaus.mustlammas-dev.in\/fi\/kauppa\/bullpadel-hack-04-26\/\",\"name\":\"BULLPADEL HACK 04 26 | Test Padelhaus\",\"isPartOf\":{\"@id\":\"https:\/\/padelhaus.mustlammas-dev.in\/fi\/#website\"},\"primaryImageOfPage\":{\"@id\":\"https:\/\/padelhaus.mustlammas-dev.in\/fi\/kauppa\/bullpadel-hack-04-26\/#primaryimage\"},\"image\":{\"@id\":\"https:\/\/padelhaus.mustlammas-dev.in\/fi\/kauppa\/bullpadel-hack-04-26\/#primaryimage\"},\"thumbnailUrl\":\"https:\/\/padelhaus.mustlammas-dev.in\/wp-content\/uploads\/2025\/11\/BULLPADEL-HACK-04-26.png\",\"datePublished\":\"2025-11-06T10:49:51+00:00\",\"dateModified\":\"2026-03-05T15:58:13+00:00\",\"description\":\"Padelmailat ja padelvarusteet edullisesti. Padelhaus on padel verkkokauppa, josta l\u00f6yd\u00e4t parhaat padelmailat kaikille tasoille.\",\"breadcrumb\":{\"@id\":\"https:\/\/padelhaus.mustlammas-dev.in\/fi\/kauppa\/bullpadel-hack-04-26\/#breadcrumb\"},\"inLanguage\":\"fi\",\"potentialAction\":[{\"@type\":\"ReadAction\",\"target\":[\"https:\/\/padelhaus.mustlammas-dev.in\/fi\/kauppa\/bullpadel-hack-04-26\/\"]}]},{\"@type\":\"ImageObject\",\"inLanguage\":\"fi\",\"@id\":\"https:\/\/padelhaus.mustlammas-dev.in\/fi\/kauppa\/bullpadel-hack-04-26\/#primaryimage\",\"url\":\"https:\/\/padelhaus.mustlammas-dev.in\/wp-content\/uploads\/2025\/11\/BULLPADEL-HACK-04-26.png\",\"contentUrl\":\"https:\/\/padelhaus.mustlammas-dev.in\/wp-content\/uploads\/2025\/11\/BULLPADEL-HACK-04-26.png\",\"width\":960,\"height\":960,\"caption\":\"BULLPADEL HACK 04 26\"},{\"@type\":\"BreadcrumbList\",\"@id\":\"https:\/\/padelhaus.mustlammas-dev.in\/fi\/kauppa\/bullpadel-hack-04-26\/#breadcrumb\",\"itemListElement\":[{\"@type\":\"ListItem\",\"position\":1,\"name\":\"Avaleht\",\"item\":\"https:\/\/padelhaus.fi\/\"},{\"@type\":\"ListItem\",\"position\":2,\"name\":\"Kauppa\",\"item\":\"https:\/\/padelhaus.fi\/kauppa\/\"},{\"@type\":\"ListItem\",\"position\":3,\"name\":\"BULLPADEL HACK 04 26\"}]},{\"@type\":\"WebSite\",\"@id\":\"https:\/\/padelhaus.mustlammas-dev.in\/fi\/#website\",\"url\":\"https:\/\/padelhaus.mustlammas-dev.in\/fi\/\",\"name\":\"Claude Padelhaus\",\"description\":\"Sinu padelivarustuse kodu\",\"publisher\":{\"@id\":\"https:\/\/padelhaus.mustlammas-dev.in\/fi\/#organization\"},\"potentialAction\":[{\"@type\":\"SearchAction\",\"target\":{\"@type\":\"EntryPoint\",\"urlTemplate\":\"https:\/\/padelhaus.mustlammas-dev.in\/fi\/?s={search_term_string}\"},\"query-input\":{\"@type\":\"PropertyValueSpecification\",\"valueRequired\":true,\"valueName\":\"search_term_string\"}}],\"inLanguage\":\"fi\"},{\"@type\":\"Organization\",\"@id\":\"https:\/\/padelhaus.mustlammas-dev.in\/fi\/#organization\",\"name\":\"Claude Padelhaus\",\"url\":\"https:\/\/padelhaus.mustlammas-dev.in\/fi\/\",\"logo\":{\"@type\":\"ImageObject\",\"inLanguage\":\"fi\",\"@id\":\"https:\/\/padelhaus.mustlammas-dev.in\/fi\/#\/schema\/logo\/image\/\",\"url\":\"https:\/\/padelhaus.mustlammas-dev.in\/wp-content\/uploads\/2025\/05\/Logo-1.png\",\"contentUrl\":\"https:\/\/padelhaus.mustlammas-dev.in\/wp-content\/uploads\/2025\/05\/Logo-1.png\",\"width\":280,\"height\":115,\"caption\":\"Claude Padelhaus\"},\"image\":{\"@id\":\"https:\/\/padelhaus.mustlammas-dev.in\/fi\/#\/schema\/logo\/image\/\"}}]}<\/script>\n<meta property=\"product:price:amount\" content=\"249.95\" \/>\n<meta property=\"product:price:currency\" content=\"EUR\" \/>\n<meta property=\"og:availability\" content=\"backorder\" \/>\n<meta property=\"product:availability\" content=\"available for order\" \/>\n<meta property=\"product:retailer_item_id\" content=\"BUL-R-21\" \/>\n<meta property=\"product:condition\" content=\"new\" \/>\n<!-- \/ Yoast SEO Premium plugin. -->","yoast_head_json":{"title":"BULLPADEL HACK 04 26 | Test Padelhaus","description":"Padelmailat ja padelvarusteet edullisesti. Padelhaus on padel verkkokauppa, josta l\u00f6yd\u00e4t parhaat padelmailat kaikille tasoille.","robots":{"index":"noindex","follow":"follow","max-snippet":"max-snippet:-1","max-image-preview":"max-image-preview:large","max-video-preview":"max-video-preview:-1"},"og_locale":"fi_FI","og_type":"article","og_title":"BULLPADEL HACK 04 26","og_description":"Padelmailat ja padelvarusteet edullisesti. Padelhaus on padel verkkokauppa, josta l\u00f6yd\u00e4t parhaat padelmailat kaikille tasoille.","og_url":"https:\/\/padelhaus.mustlammas-dev.in\/fi\/kauppa\/bullpadel-hack-04-26\/","og_site_name":"Test Padelhaus","article_modified_time":"2026-03-05T15:58:13+00:00","og_image":[{"width":960,"height":960,"url":"https:\/\/padelhaus.mustlammas-dev.in\/wp-content\/uploads\/2025\/11\/BULLPADEL-HACK-04-26.png","type":"image\/png"}],"twitter_card":"summary_large_image","twitter_misc":{"Hinta":"249,95&nbsp;&euro;","Saatavuus":"J\u00e4lkitoimituksessa"},"schema":{"@context":"https:\/\/schema.org","@graph":[{"@type":["WebPage","ItemPage"],"@id":"https:\/\/padelhaus.mustlammas-dev.in\/fi\/kauppa\/bullpadel-hack-04-26\/","url":"https:\/\/padelhaus.mustlammas-dev.in\/fi\/kauppa\/bullpadel-hack-04-26\/","name":"BULLPADEL HACK 04 26 | Test Padelhaus","isPartOf":{"@id":"https:\/\/padelhaus.mustlammas-dev.in\/fi\/#website"},"primaryImageOfPage":{"@id":"https:\/\/padelhaus.mustlammas-dev.in\/fi\/kauppa\/bullpadel-hack-04-26\/#primaryimage"},"image":{"@id":"https:\/\/padelhaus.mustlammas-dev.in\/fi\/kauppa\/bullpadel-hack-04-26\/#primaryimage"},"thumbnailUrl":"https:\/\/padelhaus.mustlammas-dev.in\/wp-content\/uploads\/2025\/11\/BULLPADEL-HACK-04-26.png","datePublished":"2025-11-06T10:49:51+00:00","dateModified":"2026-03-05T15:58:13+00:00","description":"Padelmailat ja padelvarusteet edullisesti. Padelhaus on padel verkkokauppa, josta l\u00f6yd\u00e4t parhaat padelmailat kaikille tasoille.","breadcrumb":{"@id":"https:\/\/padelhaus.mustlammas-dev.in\/fi\/kauppa\/bullpadel-hack-04-26\/#breadcrumb"},"inLanguage":"fi","potentialAction":[{"@type":"ReadAction","target":["https:\/\/padelhaus.mustlammas-dev.in\/fi\/kauppa\/bullpadel-hack-04-26\/"]}]},{"@type":"ImageObject","inLanguage":"fi","@id":"https:\/\/padelhaus.mustlammas-dev.in\/fi\/kauppa\/bullpadel-hack-04-26\/#primaryimage","url":"https:\/\/padelhaus.mustlammas-dev.in\/wp-content\/uploads\/2025\/11\/BULLPADEL-HACK-04-26.png","contentUrl":"https:\/\/padelhaus.mustlammas-dev.in\/wp-content\/uploads\/2025\/11\/BULLPADEL-HACK-04-26.png","width":960,"height":960,"caption":"BULLPADEL HACK 04 26"},{"@type":"BreadcrumbList","@id":"https:\/\/padelhaus.mustlammas-dev.in\/fi\/kauppa\/bullpadel-hack-04-26\/#breadcrumb","itemListElement":[{"@type":"ListItem","position":1,"name":"Avaleht","item":"https:\/\/padelhaus.fi\/"},{"@type":"ListItem","position":2,"name":"Kauppa","item":"https:\/\/padelhaus.fi\/kauppa\/"},{"@type":"ListItem","position":3,"name":"BULLPADEL HACK 04 26"}]},{"@type":"WebSite","@id":"https:\/\/padelhaus.mustlammas-dev.in\/fi\/#website","url":"https:\/\/padelhaus.mustlammas-dev.in\/fi\/","name":"Claude Padelhaus","description":"Sinu padelivarustuse kodu","publisher":{"@id":"https:\/\/padelhaus.mustlammas-dev.in\/fi\/#organization"},"potentialAction":[{"@type":"SearchAction","target":{"@type":"EntryPoint","urlTemplate":"https:\/\/padelhaus.mustlammas-dev.in\/fi\/?s={search_term_string}"},"query-input":{"@type":"PropertyValueSpecification","valueRequired":true,"valueName":"search_term_string"}}],"inLanguage":"fi"},{"@type":"Organization","@id":"https:\/\/padelhaus.mustlammas-dev.in\/fi\/#organization","name":"Claude Padelhaus","url":"https:\/\/padelhaus.mustlammas-dev.in\/fi\/","logo":{"@type":"ImageObject","inLanguage":"fi","@id":"https:\/\/padelhaus.mustlammas-dev.in\/fi\/#\/schema\/logo\/image\/","url":"https:\/\/padelhaus.mustlammas-dev.in\/wp-content\/uploads\/2025\/05\/Logo-1.png","contentUrl":"https:\/\/padelhaus.mustlammas-dev.in\/wp-content\/uploads\/2025\/05\/Logo-1.png","width":280,"height":115,"caption":"Claude Padelhaus"},"image":{"@id":"https:\/\/padelhaus.mustlammas-dev.in\/fi\/#\/schema\/logo\/image\/"}}]},"product_price_amount":"249.95","product_price_currency":"EUR","og_availability":"backorder","product_availability":"available for order","product_retailer_item_id":"BUL-R-21","product_condition":"new"},"_links":{"self":[{"href":"https:\/\/padelhaus.mustlammas-dev.in\/fi\/wp-json\/wp\/v2\/product\/71081","targetHints":{"allow":["GET"]}}],"collection":[{"href":"https:\/\/padelhaus.mustlammas-dev.in\/fi\/wp-json\/wp\/v2\/product"}],"about":[{"href":"https:\/\/padelhaus.mustlammas-dev.in\/fi\/wp-json\/wp\/v2\/types\/product"}],"replies":[{"embeddable":true,"href":"https:\/\/padelhaus.mustlammas-dev.in\/fi\/wp-json\/wp\/v2\/comments?post=71081"}],"wp:featuredmedia":[{"embeddable":true,"href":"https:\/\/padelhaus.mustlammas-dev.in\/fi\/wp-json\/wp\/v2\/media\/71082"}],"wp:attachment":[{"href":"https:\/\/padelhaus.mustlammas-dev.in\/fi\/wp-json\/wp\/v2\/media?parent=71081"}],"wp:term":[{"taxonomy":"product_brand","embeddable":true,"href":"https:\/\/padelhaus.mustlammas-dev.in\/fi\/wp-json\/wp\/v2\/product_brand?post=71081"},{"taxonomy":"product_cat","embeddable":true,"href":"https:\/\/padelhaus.mustlammas-dev.in\/fi\/wp-json\/wp\/v2\/product_cat?post=71081"},{"taxonomy":"product_tag","embeddable":true,"href":"https:\/\/padelhaus.mustlammas-dev.in\/fi\/wp-json\/wp\/v2\/product_tag?post=71081"}],"curies":[{"name":"wp","href":"https:\/\/api.w.org\/{rel}","templated":true}]}}