{"id":71086,"date":"2025-11-06T12:29:11","date_gmt":"2025-11-06T10:29:11","guid":{"rendered":"https:\/\/padelhaus.mustlammas-dev.in\/pood\/nox-ea10-ventus-hybrid-12k-xtrem\/"},"modified":"2026-03-05T17:58:14","modified_gmt":"2026-03-05T15:58:14","slug":"nox-ea10-ventus-hybrid-12k-xtrem","status":"publish","type":"product","link":"https:\/\/padelhaus.mustlammas-dev.in\/fi\/kauppa\/nox-ea10-ventus-hybrid-12k-xtrem\/","title":{"rendered":"NOX EA10 VENTUS HYBRID 12K XTREM"},"content":{"rendered":"<p data-start=\"0\" data-end=\"383\"><strong data-start=\"0\" data-end=\"32\">NOX EA10 Ventus Hybrid 12K Xtrem<\/strong> by Nox on maila, joka on kehitetty yhteisty\u00f6ss\u00e4 Edu Alonson kanssa, yhden Espanjan padelmaailman lupaavimmista lahjakkuuksista. Sen pisaranmuotoinen kehys ja keskikorkea tasapainopiste tarjoavat t\u00e4ydellisen tasapainon voiman ja kontrollin v\u00e4lill\u00e4, mahdollistaen joustavan ja tarkan reagoinnin nopeissa pallonvaihdoissa vakaudesta tinkim\u00e4tt\u00e4. Mailan paino on 360\u2013375 grammaa, mik\u00e4 tekee siit\u00e4 helposti hallittavan ja s\u00e4ilytt\u00e4\u00e4 tasaisen suorituskyvyn kaikissa tilanteissa. Hiilikuiturunko ja 12K XTREM -hiilikuituiset ly\u00f6ntipinnat takaavat poikkeuksellisen kest\u00e4vyyden, j\u00e4ykkyyden ja premium-ulkon\u00e4\u00f6n, joka erottuu kent\u00e4ll\u00e4.   <\/p>\n<h5 data-start=\"674\" data-end=\"1286\">NOX EA10 Ventus Hybrid 12K Xtrem \u2013 ammattilaisille<\/h5>\n<p data-start=\"674\" data-end=\"1286\">T\u00e4m\u00e4 pisaranmuotoinen Nox-maila on suunniteltu edistyneille ja ammattilaispelaajille, jotka etsiv\u00e4t monipuolista ja nopeaa pelityyli\u00e4. Se sopii ihanteellisesti kilpailijoille, jotka haluavat hallita sek\u00e4 puolustuksessa ett\u00e4 hy\u00f6kk\u00e4yksess\u00e4, mukautuen jokaiseen pelitilanteeseen. Keskitason kovan ly\u00f6ntituntuman ja laajennetun ly\u00f6ntialueen ansiosta t\u00e4m\u00e4 on ihanteellinen valinta pelaajille, jotka pelaavat intensiivisesti ja voimakkaasti jokaisessa pisteess\u00e4. Jos etsit mailaa, joka yhdist\u00e4\u00e4 hyv\u00e4n ohjattavuuden, hallitun voiman ja tarkkuuden, t\u00e4m\u00e4 malli on juuri sinulle.   <\/p>\n<h5 data-start=\"1288\" data-end=\"1328\">T\u00e4rkeimm\u00e4t ominaisuudet ja teknologiat:<\/h5>\n<ul data-start=\"1329\" data-end=\"2067\" data-is-last-node=\"\" data-is-only-node=\"\">\n<li data-start=\"1329\" data-end=\"1423\">\n<p data-start=\"1331\" data-end=\"1423\"><strong data-start=\"1331\" data-end=\"1352\">Carbon 12K XTREM:<\/strong> tasainen ja j\u00e4ykk\u00e4 ly\u00f6ntipinta, joka parantaa kest\u00e4vyytt\u00e4 ja vakautta<\/p>\n<\/li>\n<li data-start=\"1424\" data-end=\"1528\">\n<p data-start=\"1426\" data-end=\"1528\"><strong data-start=\"1426\" data-end=\"1444\">MLD Black EVA:<\/strong> monikerroksinen ydin, joka optimoi pallon ulostulon ja lis\u00e4\u00e4 voimaa ly\u00f6nneiss\u00e4<\/p>\n<\/li>\n<li data-start=\"1529\" data-end=\"1598\">\n<p data-start=\"1531\" data-end=\"1598\"><strong data-start=\"1531\" data-end=\"1548\">Carbon Frame:<\/strong> hiilikuiturunko, joka lis\u00e4\u00e4 j\u00e4ykkyytt\u00e4 ja kest\u00e4vyytt\u00e4<\/p>\n<\/li>\n<li data-start=\"1599\" data-end=\"1692\">\n<p data-start=\"1601\" data-end=\"1692\"><strong data-start=\"1601\" data-end=\"1615\">Dual Spin:<\/strong> karhea 3D + hiekkapintaviimeistely, joka tarjoaa enemm\u00e4n pallon efekti\u00e4 ja kontrollia<\/p>\n<\/li>\n<li data-start=\"1693\" data-end=\"1789\">\n<p data-start=\"1695\" data-end=\"1789\"><strong data-start=\"1695\" data-end=\"1733\">DCS (Dynamic Composite Structure):<\/strong> sis\u00e4inen vahvistuselementti, joka v\u00e4hent\u00e4\u00e4 rikkoutumisriski\u00e4<\/p>\n<\/li>\n<li data-start=\"1790\" data-end=\"1868\">\n<p data-start=\"1792\" data-end=\"1868\"><strong data-start=\"1792\" data-end=\"1809\">Pulse System:<\/strong> v\u00e4r\u00e4htely\u00e4 vaimentava teknologia mukavampien ly\u00f6ntien takaamiseksi<\/p>\n<\/li>\n<li data-start=\"1869\" data-end=\"1932\">\n<p data-start=\"1871\" data-end=\"1932\"><strong data-start=\"1871\" data-end=\"1887\">Custom Grip:<\/strong> parempi pito ja v\u00e4r\u00e4htelyn v\u00e4heneminen<\/p>\n<\/li>\n<li data-start=\"1933\" data-end=\"1982\">\n<p data-start=\"1935\" data-end=\"1982\"><strong data-start=\"1935\" data-end=\"1951\">Smart Strap:<\/strong> vaihdettava turvanauhaj\u00e4rjestelm\u00e4<\/p>\n<\/li>\n<li data-start=\"1983\" data-end=\"2067\" data-is-last-node=\"\">\n<p data-start=\"1985\" data-end=\"2067\" data-is-last-node=\"\"><strong data-start=\"1985\" data-end=\"2000\">EOS Tunnel:<\/strong> sivuttaiset aukot, jotka parantavat aerodynamiikkaa ja ohjattavuutta<\/p>\n<\/li>\n<\/ul>\n","protected":false},"excerpt":{"rendered":"<p>NOX EA10 Ventus Hybrid 12K Xtrem by Nox on maila, joka on kehitetty yhteisty\u00f6ss\u00e4 Edu Alonson kanssa, yhden Espanjan padelmaailman lupaavimmista lahjakkuuksista. Sen pisaranmuotoinen kehys ja keskikorkea tasapainopiste tarjoavat t\u00e4ydellisen tasapainon voiman ja kontrollin v\u00e4lill\u00e4, mahdollistaen joustavan ja tarkan reagoinnin nopeissa pallonvaihdoissa vakaudesta tinkim\u00e4tt\u00e4. Mailan paino on 360\u2013375 grammaa, mik\u00e4 tekee siit\u00e4 helposti hallittavan ja [&hellip;]<\/p>\n","protected":false},"featured_media":71087,"comment_status":"open","ping_status":"closed","template":"","meta":{"_eb_attr":""},"product_brand":[493],"product_cat":[496,497,494],"product_tag":[],"class_list":{"0":"post-71086","1":"product","2":"type-product","3":"status-publish","4":"has-post-thumbnail","6":"product_brand-nox","7":"product_cat-edistynyt","8":"product_cat-nox","9":"product_cat-padelmailat","10":"pa_kaal-365g","11":"pa_kuju-pisaranmuotoinen","12":"pa_mangustiil-hybridi","13":"pa_tasakaal-keskella","14":"pa_tase-edistynyt","15":"pa_varv-punainen","18":"first","19":"onbackorder","20":"sale","21":"taxable","22":"shipping-taxable","23":"purchasable","24":"product-type-simple"},"yoast_head":"<!-- This site is optimized with the Yoast SEO Premium plugin v27.1 (Yoast SEO v27.1.1) - https:\/\/yoast.com\/product\/yoast-seo-premium-wordpress\/ -->\n<title>NOX EA10 VENTUS HYBRID 12K XTREM | Test Padelhaus<\/title>\n<meta name=\"description\" content=\"Padelmailat ja padelvarusteet edullisesti. Padelhaus on padel verkkokauppa, josta l\u00f6yd\u00e4t parhaat padelmailat kaikille tasoille.\" \/>\n<meta name=\"robots\" content=\"noindex, follow, max-snippet:-1, max-image-preview:large, max-video-preview:-1\" \/>\n<meta property=\"og:locale\" content=\"fi_FI\" \/>\n<meta property=\"og:type\" content=\"article\" \/>\n<meta property=\"og:title\" content=\"NOX EA10 VENTUS HYBRID 12K XTREM\" \/>\n<meta property=\"og:description\" content=\"Padelmailat ja padelvarusteet edullisesti. Padelhaus on padel verkkokauppa, josta l\u00f6yd\u00e4t parhaat padelmailat kaikille tasoille.\" \/>\n<meta property=\"og:url\" content=\"https:\/\/padelhaus.mustlammas-dev.in\/fi\/kauppa\/nox-ea10-ventus-hybrid-12k-xtrem\/\" \/>\n<meta property=\"og:site_name\" content=\"Test Padelhaus\" \/>\n<meta property=\"article:modified_time\" content=\"2026-03-05T15:58:14+00:00\" \/>\n<meta property=\"og:image\" content=\"https:\/\/padelhaus.mustlammas-dev.in\/wp-content\/uploads\/2025\/11\/NOX-EA10-VENTUS-HYBRID-12K-XTREM-BY-EDU-ALONSO-2026.png\" \/>\n\t<meta property=\"og:image:width\" content=\"960\" \/>\n\t<meta property=\"og:image:height\" content=\"960\" \/>\n\t<meta property=\"og:image:type\" content=\"image\/png\" \/>\n<meta name=\"twitter:card\" content=\"summary_large_image\" \/>\n<meta name=\"twitter:label1\" content=\"Hinta\" \/>\n\t<meta name=\"twitter:data1\" content=\"234,95&nbsp;&euro;\" \/>\n\t<meta name=\"twitter:label2\" content=\"Saatavuus\" \/>\n\t<meta name=\"twitter:data2\" content=\"J\u00e4lkitoimituksessa\" \/>\n<script type=\"application\/ld+json\" class=\"yoast-schema-graph\">{\"@context\":\"https:\/\/schema.org\",\"@graph\":[{\"@type\":[\"WebPage\",\"ItemPage\"],\"@id\":\"https:\/\/padelhaus.mustlammas-dev.in\/fi\/kauppa\/nox-ea10-ventus-hybrid-12k-xtrem\/\",\"url\":\"https:\/\/padelhaus.mustlammas-dev.in\/fi\/kauppa\/nox-ea10-ventus-hybrid-12k-xtrem\/\",\"name\":\"NOX EA10 VENTUS HYBRID 12K XTREM | Test Padelhaus\",\"isPartOf\":{\"@id\":\"https:\/\/padelhaus.mustlammas-dev.in\/fi\/#website\"},\"primaryImageOfPage\":{\"@id\":\"https:\/\/padelhaus.mustlammas-dev.in\/fi\/kauppa\/nox-ea10-ventus-hybrid-12k-xtrem\/#primaryimage\"},\"image\":{\"@id\":\"https:\/\/padelhaus.mustlammas-dev.in\/fi\/kauppa\/nox-ea10-ventus-hybrid-12k-xtrem\/#primaryimage\"},\"thumbnailUrl\":\"https:\/\/padelhaus.mustlammas-dev.in\/wp-content\/uploads\/2025\/11\/NOX-EA10-VENTUS-HYBRID-12K-XTREM-BY-EDU-ALONSO-2026.png\",\"datePublished\":\"2025-11-06T10:29:11+00:00\",\"dateModified\":\"2026-03-05T15:58:14+00:00\",\"description\":\"Padelmailat ja padelvarusteet edullisesti. Padelhaus on padel verkkokauppa, josta l\u00f6yd\u00e4t parhaat padelmailat kaikille tasoille.\",\"breadcrumb\":{\"@id\":\"https:\/\/padelhaus.mustlammas-dev.in\/fi\/kauppa\/nox-ea10-ventus-hybrid-12k-xtrem\/#breadcrumb\"},\"inLanguage\":\"fi\",\"potentialAction\":[{\"@type\":\"ReadAction\",\"target\":[\"https:\/\/padelhaus.mustlammas-dev.in\/fi\/kauppa\/nox-ea10-ventus-hybrid-12k-xtrem\/\"]}]},{\"@type\":\"ImageObject\",\"inLanguage\":\"fi\",\"@id\":\"https:\/\/padelhaus.mustlammas-dev.in\/fi\/kauppa\/nox-ea10-ventus-hybrid-12k-xtrem\/#primaryimage\",\"url\":\"https:\/\/padelhaus.mustlammas-dev.in\/wp-content\/uploads\/2025\/11\/NOX-EA10-VENTUS-HYBRID-12K-XTREM-BY-EDU-ALONSO-2026.png\",\"contentUrl\":\"https:\/\/padelhaus.mustlammas-dev.in\/wp-content\/uploads\/2025\/11\/NOX-EA10-VENTUS-HYBRID-12K-XTREM-BY-EDU-ALONSO-2026.png\",\"width\":960,\"height\":960,\"caption\":\"NOX EA10 VENTUS HYBRID 12K XTREM\"},{\"@type\":\"BreadcrumbList\",\"@id\":\"https:\/\/padelhaus.mustlammas-dev.in\/fi\/kauppa\/nox-ea10-ventus-hybrid-12k-xtrem\/#breadcrumb\",\"itemListElement\":[{\"@type\":\"ListItem\",\"position\":1,\"name\":\"Avaleht\",\"item\":\"https:\/\/padelhaus.fi\/\"},{\"@type\":\"ListItem\",\"position\":2,\"name\":\"Kauppa\",\"item\":\"https:\/\/padelhaus.fi\/kauppa\/\"},{\"@type\":\"ListItem\",\"position\":3,\"name\":\"NOX EA10 VENTUS HYBRID 12K XTREM\"}]},{\"@type\":\"WebSite\",\"@id\":\"https:\/\/padelhaus.mustlammas-dev.in\/fi\/#website\",\"url\":\"https:\/\/padelhaus.mustlammas-dev.in\/fi\/\",\"name\":\"Claude Padelhaus\",\"description\":\"Sinu padelivarustuse kodu\",\"publisher\":{\"@id\":\"https:\/\/padelhaus.mustlammas-dev.in\/fi\/#organization\"},\"potentialAction\":[{\"@type\":\"SearchAction\",\"target\":{\"@type\":\"EntryPoint\",\"urlTemplate\":\"https:\/\/padelhaus.mustlammas-dev.in\/fi\/?s={search_term_string}\"},\"query-input\":{\"@type\":\"PropertyValueSpecification\",\"valueRequired\":true,\"valueName\":\"search_term_string\"}}],\"inLanguage\":\"fi\"},{\"@type\":\"Organization\",\"@id\":\"https:\/\/padelhaus.mustlammas-dev.in\/fi\/#organization\",\"name\":\"Claude Padelhaus\",\"url\":\"https:\/\/padelhaus.mustlammas-dev.in\/fi\/\",\"logo\":{\"@type\":\"ImageObject\",\"inLanguage\":\"fi\",\"@id\":\"https:\/\/padelhaus.mustlammas-dev.in\/fi\/#\/schema\/logo\/image\/\",\"url\":\"https:\/\/padelhaus.mustlammas-dev.in\/wp-content\/uploads\/2025\/05\/Logo-1.png\",\"contentUrl\":\"https:\/\/padelhaus.mustlammas-dev.in\/wp-content\/uploads\/2025\/05\/Logo-1.png\",\"width\":280,\"height\":115,\"caption\":\"Claude Padelhaus\"},\"image\":{\"@id\":\"https:\/\/padelhaus.mustlammas-dev.in\/fi\/#\/schema\/logo\/image\/\"}}]}<\/script>\n<meta property=\"product:price:amount\" content=\"234.95\" \/>\n<meta property=\"product:price:currency\" content=\"EUR\" \/>\n<meta property=\"og:availability\" content=\"backorder\" \/>\n<meta property=\"product:availability\" content=\"available for order\" \/>\n<meta property=\"product:retailer_item_id\" content=\"NOX-R-25\" \/>\n<meta property=\"product:condition\" content=\"new\" \/>\n<!-- \/ Yoast SEO Premium plugin. -->","yoast_head_json":{"title":"NOX EA10 VENTUS HYBRID 12K XTREM | Test Padelhaus","description":"Padelmailat ja padelvarusteet edullisesti. Padelhaus on padel verkkokauppa, josta l\u00f6yd\u00e4t parhaat padelmailat kaikille tasoille.","robots":{"index":"noindex","follow":"follow","max-snippet":"max-snippet:-1","max-image-preview":"max-image-preview:large","max-video-preview":"max-video-preview:-1"},"og_locale":"fi_FI","og_type":"article","og_title":"NOX EA10 VENTUS HYBRID 12K XTREM","og_description":"Padelmailat ja padelvarusteet edullisesti. Padelhaus on padel verkkokauppa, josta l\u00f6yd\u00e4t parhaat padelmailat kaikille tasoille.","og_url":"https:\/\/padelhaus.mustlammas-dev.in\/fi\/kauppa\/nox-ea10-ventus-hybrid-12k-xtrem\/","og_site_name":"Test Padelhaus","article_modified_time":"2026-03-05T15:58:14+00:00","og_image":[{"width":960,"height":960,"url":"https:\/\/padelhaus.mustlammas-dev.in\/wp-content\/uploads\/2025\/11\/NOX-EA10-VENTUS-HYBRID-12K-XTREM-BY-EDU-ALONSO-2026.png","type":"image\/png"}],"twitter_card":"summary_large_image","twitter_misc":{"Hinta":"234,95&nbsp;&euro;","Saatavuus":"J\u00e4lkitoimituksessa"},"schema":{"@context":"https:\/\/schema.org","@graph":[{"@type":["WebPage","ItemPage"],"@id":"https:\/\/padelhaus.mustlammas-dev.in\/fi\/kauppa\/nox-ea10-ventus-hybrid-12k-xtrem\/","url":"https:\/\/padelhaus.mustlammas-dev.in\/fi\/kauppa\/nox-ea10-ventus-hybrid-12k-xtrem\/","name":"NOX EA10 VENTUS HYBRID 12K XTREM | Test Padelhaus","isPartOf":{"@id":"https:\/\/padelhaus.mustlammas-dev.in\/fi\/#website"},"primaryImageOfPage":{"@id":"https:\/\/padelhaus.mustlammas-dev.in\/fi\/kauppa\/nox-ea10-ventus-hybrid-12k-xtrem\/#primaryimage"},"image":{"@id":"https:\/\/padelhaus.mustlammas-dev.in\/fi\/kauppa\/nox-ea10-ventus-hybrid-12k-xtrem\/#primaryimage"},"thumbnailUrl":"https:\/\/padelhaus.mustlammas-dev.in\/wp-content\/uploads\/2025\/11\/NOX-EA10-VENTUS-HYBRID-12K-XTREM-BY-EDU-ALONSO-2026.png","datePublished":"2025-11-06T10:29:11+00:00","dateModified":"2026-03-05T15:58:14+00:00","description":"Padelmailat ja padelvarusteet edullisesti. Padelhaus on padel verkkokauppa, josta l\u00f6yd\u00e4t parhaat padelmailat kaikille tasoille.","breadcrumb":{"@id":"https:\/\/padelhaus.mustlammas-dev.in\/fi\/kauppa\/nox-ea10-ventus-hybrid-12k-xtrem\/#breadcrumb"},"inLanguage":"fi","potentialAction":[{"@type":"ReadAction","target":["https:\/\/padelhaus.mustlammas-dev.in\/fi\/kauppa\/nox-ea10-ventus-hybrid-12k-xtrem\/"]}]},{"@type":"ImageObject","inLanguage":"fi","@id":"https:\/\/padelhaus.mustlammas-dev.in\/fi\/kauppa\/nox-ea10-ventus-hybrid-12k-xtrem\/#primaryimage","url":"https:\/\/padelhaus.mustlammas-dev.in\/wp-content\/uploads\/2025\/11\/NOX-EA10-VENTUS-HYBRID-12K-XTREM-BY-EDU-ALONSO-2026.png","contentUrl":"https:\/\/padelhaus.mustlammas-dev.in\/wp-content\/uploads\/2025\/11\/NOX-EA10-VENTUS-HYBRID-12K-XTREM-BY-EDU-ALONSO-2026.png","width":960,"height":960,"caption":"NOX EA10 VENTUS HYBRID 12K XTREM"},{"@type":"BreadcrumbList","@id":"https:\/\/padelhaus.mustlammas-dev.in\/fi\/kauppa\/nox-ea10-ventus-hybrid-12k-xtrem\/#breadcrumb","itemListElement":[{"@type":"ListItem","position":1,"name":"Avaleht","item":"https:\/\/padelhaus.fi\/"},{"@type":"ListItem","position":2,"name":"Kauppa","item":"https:\/\/padelhaus.fi\/kauppa\/"},{"@type":"ListItem","position":3,"name":"NOX EA10 VENTUS HYBRID 12K XTREM"}]},{"@type":"WebSite","@id":"https:\/\/padelhaus.mustlammas-dev.in\/fi\/#website","url":"https:\/\/padelhaus.mustlammas-dev.in\/fi\/","name":"Claude Padelhaus","description":"Sinu padelivarustuse kodu","publisher":{"@id":"https:\/\/padelhaus.mustlammas-dev.in\/fi\/#organization"},"potentialAction":[{"@type":"SearchAction","target":{"@type":"EntryPoint","urlTemplate":"https:\/\/padelhaus.mustlammas-dev.in\/fi\/?s={search_term_string}"},"query-input":{"@type":"PropertyValueSpecification","valueRequired":true,"valueName":"search_term_string"}}],"inLanguage":"fi"},{"@type":"Organization","@id":"https:\/\/padelhaus.mustlammas-dev.in\/fi\/#organization","name":"Claude Padelhaus","url":"https:\/\/padelhaus.mustlammas-dev.in\/fi\/","logo":{"@type":"ImageObject","inLanguage":"fi","@id":"https:\/\/padelhaus.mustlammas-dev.in\/fi\/#\/schema\/logo\/image\/","url":"https:\/\/padelhaus.mustlammas-dev.in\/wp-content\/uploads\/2025\/05\/Logo-1.png","contentUrl":"https:\/\/padelhaus.mustlammas-dev.in\/wp-content\/uploads\/2025\/05\/Logo-1.png","width":280,"height":115,"caption":"Claude Padelhaus"},"image":{"@id":"https:\/\/padelhaus.mustlammas-dev.in\/fi\/#\/schema\/logo\/image\/"}}]},"product_price_amount":"234.95","product_price_currency":"EUR","og_availability":"backorder","product_availability":"available for order","product_retailer_item_id":"NOX-R-25","product_condition":"new"},"_links":{"self":[{"href":"https:\/\/padelhaus.mustlammas-dev.in\/fi\/wp-json\/wp\/v2\/product\/71086","targetHints":{"allow":["GET"]}}],"collection":[{"href":"https:\/\/padelhaus.mustlammas-dev.in\/fi\/wp-json\/wp\/v2\/product"}],"about":[{"href":"https:\/\/padelhaus.mustlammas-dev.in\/fi\/wp-json\/wp\/v2\/types\/product"}],"replies":[{"embeddable":true,"href":"https:\/\/padelhaus.mustlammas-dev.in\/fi\/wp-json\/wp\/v2\/comments?post=71086"}],"wp:featuredmedia":[{"embeddable":true,"href":"https:\/\/padelhaus.mustlammas-dev.in\/fi\/wp-json\/wp\/v2\/media\/71087"}],"wp:attachment":[{"href":"https:\/\/padelhaus.mustlammas-dev.in\/fi\/wp-json\/wp\/v2\/media?parent=71086"}],"wp:term":[{"taxonomy":"product_brand","embeddable":true,"href":"https:\/\/padelhaus.mustlammas-dev.in\/fi\/wp-json\/wp\/v2\/product_brand?post=71086"},{"taxonomy":"product_cat","embeddable":true,"href":"https:\/\/padelhaus.mustlammas-dev.in\/fi\/wp-json\/wp\/v2\/product_cat?post=71086"},{"taxonomy":"product_tag","embeddable":true,"href":"https:\/\/padelhaus.mustlammas-dev.in\/fi\/wp-json\/wp\/v2\/product_tag?post=71086"}],"curies":[{"name":"wp","href":"https:\/\/api.w.org\/{rel}","templated":true}]}}