{"id":71091,"date":"2025-11-05T10:51:44","date_gmt":"2025-11-05T08:51:44","guid":{"rendered":"https:\/\/padelhaus.mustlammas-dev.in\/pood\/nox-at10-genius-12k-alum-xtrem-by-agustin-tapia-2026\/"},"modified":"2026-03-05T17:58:16","modified_gmt":"2026-03-05T15:58:16","slug":"nox-at10-genius-12k-alum-xtrem-by-agustin-tapia-2026","status":"publish","type":"product","link":"https:\/\/padelhaus.mustlammas-dev.in\/fi\/kauppa\/nox-at10-genius-12k-alum-xtrem-by-agustin-tapia-2026\/","title":{"rendered":"NOX AT10 GENIUS 12K ALUM XTREM BY AGUSTIN TAPIA 2026"},"content":{"rendered":"<article class=\"text-token-text-primary w-full focus:outline-none [--shadow-height:45px] has-data-writing-block:pointer-events-none has-data-writing-block:-mt-(--shadow-height) has-data-writing-block:pt-(--shadow-height) [&amp;:has([data-writing-block])&gt;*]:pointer-events-auto [content-visibility:auto] supports-[content-visibility:auto]:[contain-intrinsic-size:auto_100lvh] scroll-mt-[calc(var(--header-height)+min(200px,max(70px,20svh)))]\" dir=\"auto\" data-turn-id=\"request-69089760-96c4-832a-afb6-2d24838c29f0-1\" data-testid=\"conversation-turn-8\" data-scroll-anchor=\"true\" data-turn=\"assistant\">\n<div class=\"text-base my-auto mx-auto pb-10 [--thread-content-margin:--spacing(4)] thread-sm:[--thread-content-margin:--spacing(6)] thread-lg:[--thread-content-margin:--spacing(16)] px-(--thread-content-margin)\">\n<div class=\"[--thread-content-max-width:40rem] thread-lg:[--thread-content-max-width:48rem] mx-auto max-w-(--thread-content-max-width) flex-1 group\/turn-messages focus-visible:outline-hidden relative flex w-full min-w-0 flex-col agent-turn\">\n<div class=\"flex max-w-full flex-col grow\">\n<div class=\"min-h-8 text-message relative flex w-full flex-col items-end gap-2 text-start break-words whitespace-normal [.text-message+&amp;]:mt-1\" dir=\"auto\" data-message-author-role=\"assistant\" data-message-id=\"426a7161-caf3-4e7e-a032-7179bdbd18b7\" data-message-model-slug=\"gpt-5\">\n<div class=\"flex w-full flex-col gap-1 empty:hidden first:pt-[1px]\">\n<div class=\"markdown prose dark:prose-invert w-full break-words dark markdown-new-styling\">\n<p data-start=\"0\" data-end=\"230\">Uusi <strong>Nox AT10 Genius 12k Alum Xtrem 2026<\/strong> on monipuolinen pisaranmuotoinen maila, joka mukautuu erilaisiin pelityyleihin yhdist\u00e4en voiman ja kontrollin keskikovaan ly\u00f6ntituntumaan. Kyseess\u00e4 on Agust\u00edn Tapian virallinen maila kaudelle 2026.  <\/p>\n<p data-start=\"232\" data-end=\"533\">Mailan paino on 360\u2013375 grammia ja profiili on 38 mm, mik\u00e4 takaa ihanteellisen tasapainon ohjattavuuden ja vakauden v\u00e4lill\u00e4. 12k Alum Xtrem -hiilirakenteen ansiosta maila tarjoaa tasaisen suorituskyvyn, suuremman j\u00e4ykkyyden ja kest\u00e4vyyden jopa \u00e4killisten l\u00e4mp\u00f6tilanvaihteluiden yhteydess\u00e4. <\/p>\n<p data-start=\"535\" data-end=\"915\">At10 Genius 12k Alum Xtrem on suunniteltu ammattilaisille ja edistyneille pelaajille, jotka etsiv\u00e4t lis\u00e4voimaa tarkkuudesta tinkim\u00e4tt\u00e4. Se sopii ihanteellisesti niille, jotka tarvitsevat mukautuvan mailan sek\u00e4 puolustus- ett\u00e4 hy\u00f6kk\u00e4yspeliin. Weight Balance -vastapainoj\u00e4rjestelm\u00e4 mahdollistaa tasapainon s\u00e4\u00e4t\u00e4misen jokaisen pelaajan tyylin mukaan, tarjoten t\u00e4ysin yksil\u00f6llisen pelikokemuksen.  <\/p>\n<h5 data-start=\"917\" data-end=\"957\"><strong data-start=\"917\" data-end=\"955\">T\u00e4rkeimm\u00e4t ominaisuudet ja teknologiat:<\/strong><\/h5>\n<ul data-start=\"958\" data-end=\"1581\" data-is-last-node=\"\" data-is-only-node=\"\">\n<li data-start=\"958\" data-end=\"1034\">\n<p data-start=\"960\" data-end=\"1034\"><strong data-start=\"960\" data-end=\"987\">12k Alum Xtrem -hiilikuitu:<\/strong> j\u00e4ykempi, vakaampi ja kest\u00e4v\u00e4mpi ly\u00f6ntipinta<\/p>\n<\/li>\n<li data-start=\"1035\" data-end=\"1109\">\n<p data-start=\"1037\" data-end=\"1109\"><strong data-start=\"1037\" data-end=\"1055\">HR3 Black EVA:<\/strong> tihe\u00e4 kumi, joka lis\u00e4\u00e4 voimaa ly\u00f6nneiss\u00e4<\/p>\n<\/li>\n<li data-start=\"1110\" data-end=\"1196\">\n<p data-start=\"1112\" data-end=\"1196\"><strong data-start=\"1112\" data-end=\"1131\">Weight Balance:<\/strong> vaihdettava vastapainoj\u00e4rjestelm\u00e4, joka mahdollistaa tasapainon s\u00e4\u00e4t\u00e4misen<\/p>\n<\/li>\n<li data-start=\"1197\" data-end=\"1273\">\n<p data-start=\"1199\" data-end=\"1273\"><strong data-start=\"1199\" data-end=\"1213\">Dual Spin:<\/strong> sekoitettu karhea viimeistely, joka lis\u00e4\u00e4 pallon kierrett\u00e4<\/p>\n<\/li>\n<li data-start=\"1274\" data-end=\"1340\">\n<p data-start=\"1276\" data-end=\"1340\"><strong data-start=\"1276\" data-end=\"1291\">EOS Tunnel:<\/strong> parantaa aerodynamiikkaa ja tarkkuutta jokaisessa ly\u00f6nniss\u00e4<\/p>\n<\/li>\n<li data-start=\"1341\" data-end=\"1411\">\n<p data-start=\"1343\" data-end=\"1411\"><strong data-start=\"1343\" data-end=\"1360\">Pulse System:<\/strong> v\u00e4hent\u00e4\u00e4 t\u00e4rin\u00e4\u00e4 ja lis\u00e4\u00e4 ly\u00f6ntimukavuutta<\/p>\n<\/li>\n<li data-start=\"1412\" data-end=\"1495\">\n<p data-start=\"1414\" data-end=\"1495\"><strong data-start=\"1414\" data-end=\"1444\">Custom Grip ja Smartstrap:<\/strong> parannettu ote ja helposti vaihdettava turvanauha<\/p>\n<\/li>\n<li data-start=\"1496\" data-end=\"1581\" data-is-last-node=\"\">\n<p data-start=\"1498\" data-end=\"1581\" data-is-last-node=\"\"><strong data-start=\"1498\" data-end=\"1520\">Fotokrominen v\u00e4ri:<\/strong> reagoiva v\u00e4ri, joka antaa ainutlaatuisen ja n\u00e4ytt\u00e4v\u00e4n ulkon\u00e4\u00f6n<\/p>\n<\/li>\n<\/ul>\n<\/div>\n<\/div>\n<\/div>\n<\/div>\n<\/div>\n<\/div>\n<\/article>\n","protected":false},"excerpt":{"rendered":"<p>Uusi Nox AT10 Genius 12k Alum Xtrem 2026 on monipuolinen pisaranmuotoinen maila, joka mukautuu erilaisiin pelityyleihin yhdist\u00e4en voiman ja kontrollin keskikovaan ly\u00f6ntituntumaan. Kyseess\u00e4 on Agust\u00edn Tapian virallinen maila kaudelle 2026. Mailan paino on 360\u2013375 grammia ja profiili on 38 mm, mik\u00e4 takaa ihanteellisen tasapainon ohjattavuuden ja vakauden v\u00e4lill\u00e4. 12k Alum Xtrem -hiilirakenteen ansiosta maila tarjoaa [&hellip;]<\/p>\n","protected":false},"featured_media":71094,"comment_status":"open","ping_status":"closed","template":"","meta":{"_eb_attr":""},"product_brand":[493],"product_cat":[496,497,494],"product_tag":[],"class_list":{"0":"post-71091","1":"product","2":"type-product","3":"status-publish","4":"has-post-thumbnail","6":"product_brand-nox","7":"product_cat-edistynyt","8":"product_cat-nox","9":"product_cat-padelmailat","10":"pa_kaal-370-g","11":"pa_kuju-pisaranmuotoinen","12":"pa_mangustiil-hybridi","13":"pa_tasakaal-keskella","14":"pa_tase-edistynyt","15":"pa_varv-valkoinen","18":"first","19":"onbackorder","20":"sale","21":"taxable","22":"shipping-taxable","23":"purchasable","24":"product-type-simple"},"yoast_head":"<!-- This site is optimized with the Yoast SEO Premium plugin v27.1 (Yoast SEO v27.1.1) - https:\/\/yoast.com\/product\/yoast-seo-premium-wordpress\/ -->\n<title>NOX AT10 GENIUS 12K ALUM XTREM BY AGUSTIN TAPIA 2026 | Test Padelhaus<\/title>\n<meta name=\"description\" content=\"Padelmailat ja padelvarusteet edullisesti. Padelhaus on padel verkkokauppa, josta l\u00f6yd\u00e4t parhaat padelmailat kaikille tasoille.\" \/>\n<meta name=\"robots\" content=\"noindex, follow, max-snippet:-1, max-image-preview:large, max-video-preview:-1\" \/>\n<meta property=\"og:locale\" content=\"fi_FI\" \/>\n<meta property=\"og:type\" content=\"article\" \/>\n<meta property=\"og:title\" content=\"NOX AT10 GENIUS 12K ALUM XTREM BY AGUSTIN TAPIA 2026\" \/>\n<meta property=\"og:description\" content=\"Padelmailat ja padelvarusteet edullisesti. Padelhaus on padel verkkokauppa, josta l\u00f6yd\u00e4t parhaat padelmailat kaikille tasoille.\" \/>\n<meta property=\"og:url\" content=\"https:\/\/padelhaus.mustlammas-dev.in\/fi\/kauppa\/nox-at10-genius-12k-alum-xtrem-by-agustin-tapia-2026\/\" \/>\n<meta property=\"og:site_name\" content=\"Test Padelhaus\" \/>\n<meta property=\"article:modified_time\" content=\"2026-03-05T15:58:16+00:00\" \/>\n<meta property=\"og:image\" content=\"https:\/\/padelhaus.mustlammas-dev.in\/wp-content\/uploads\/2025\/11\/NOX-AT10-GENIUS-12K-ALUM-XTREM-BY-AGUSTIN-TAPIA-20261-1.png\" \/>\n\t<meta property=\"og:image:width\" content=\"960\" \/>\n\t<meta property=\"og:image:height\" content=\"960\" \/>\n\t<meta property=\"og:image:type\" content=\"image\/png\" \/>\n<meta name=\"twitter:card\" content=\"summary_large_image\" \/>\n<meta name=\"twitter:label1\" content=\"Hinta\" \/>\n\t<meta name=\"twitter:data1\" content=\"284,95&nbsp;&euro;\" \/>\n\t<meta name=\"twitter:label2\" content=\"Saatavuus\" \/>\n\t<meta name=\"twitter:data2\" content=\"J\u00e4lkitoimituksessa\" \/>\n<script type=\"application\/ld+json\" class=\"yoast-schema-graph\">{\"@context\":\"https:\/\/schema.org\",\"@graph\":[{\"@type\":[\"WebPage\",\"ItemPage\"],\"@id\":\"https:\/\/padelhaus.mustlammas-dev.in\/fi\/kauppa\/nox-at10-genius-12k-alum-xtrem-by-agustin-tapia-2026\/\",\"url\":\"https:\/\/padelhaus.mustlammas-dev.in\/fi\/kauppa\/nox-at10-genius-12k-alum-xtrem-by-agustin-tapia-2026\/\",\"name\":\"NOX AT10 GENIUS 12K ALUM XTREM BY AGUSTIN TAPIA 2026 | Test Padelhaus\",\"isPartOf\":{\"@id\":\"https:\/\/padelhaus.mustlammas-dev.in\/fi\/#website\"},\"primaryImageOfPage\":{\"@id\":\"https:\/\/padelhaus.mustlammas-dev.in\/fi\/kauppa\/nox-at10-genius-12k-alum-xtrem-by-agustin-tapia-2026\/#primaryimage\"},\"image\":{\"@id\":\"https:\/\/padelhaus.mustlammas-dev.in\/fi\/kauppa\/nox-at10-genius-12k-alum-xtrem-by-agustin-tapia-2026\/#primaryimage\"},\"thumbnailUrl\":\"https:\/\/padelhaus.mustlammas-dev.in\/wp-content\/uploads\/2025\/11\/NOX-AT10-GENIUS-12K-ALUM-XTREM-BY-AGUSTIN-TAPIA-20261-1.png\",\"datePublished\":\"2025-11-05T08:51:44+00:00\",\"dateModified\":\"2026-03-05T15:58:16+00:00\",\"description\":\"Padelmailat ja padelvarusteet edullisesti. Padelhaus on padel verkkokauppa, josta l\u00f6yd\u00e4t parhaat padelmailat kaikille tasoille.\",\"breadcrumb\":{\"@id\":\"https:\/\/padelhaus.mustlammas-dev.in\/fi\/kauppa\/nox-at10-genius-12k-alum-xtrem-by-agustin-tapia-2026\/#breadcrumb\"},\"inLanguage\":\"fi\",\"potentialAction\":[{\"@type\":\"ReadAction\",\"target\":[\"https:\/\/padelhaus.mustlammas-dev.in\/fi\/kauppa\/nox-at10-genius-12k-alum-xtrem-by-agustin-tapia-2026\/\"]}]},{\"@type\":\"ImageObject\",\"inLanguage\":\"fi\",\"@id\":\"https:\/\/padelhaus.mustlammas-dev.in\/fi\/kauppa\/nox-at10-genius-12k-alum-xtrem-by-agustin-tapia-2026\/#primaryimage\",\"url\":\"https:\/\/padelhaus.mustlammas-dev.in\/wp-content\/uploads\/2025\/11\/NOX-AT10-GENIUS-12K-ALUM-XTREM-BY-AGUSTIN-TAPIA-20261-1.png\",\"contentUrl\":\"https:\/\/padelhaus.mustlammas-dev.in\/wp-content\/uploads\/2025\/11\/NOX-AT10-GENIUS-12K-ALUM-XTREM-BY-AGUSTIN-TAPIA-20261-1.png\",\"width\":960,\"height\":960,\"caption\":\"NOX AT10 GENIUS 12K ALUM XTREM BY AGUSTIN TAPIA 2026\"},{\"@type\":\"BreadcrumbList\",\"@id\":\"https:\/\/padelhaus.mustlammas-dev.in\/fi\/kauppa\/nox-at10-genius-12k-alum-xtrem-by-agustin-tapia-2026\/#breadcrumb\",\"itemListElement\":[{\"@type\":\"ListItem\",\"position\":1,\"name\":\"Avaleht\",\"item\":\"https:\/\/padelhaus.fi\/\"},{\"@type\":\"ListItem\",\"position\":2,\"name\":\"Kauppa\",\"item\":\"https:\/\/padelhaus.fi\/kauppa\/\"},{\"@type\":\"ListItem\",\"position\":3,\"name\":\"NOX AT10 GENIUS 12K ALUM XTREM BY AGUSTIN TAPIA 2026\"}]},{\"@type\":\"WebSite\",\"@id\":\"https:\/\/padelhaus.mustlammas-dev.in\/fi\/#website\",\"url\":\"https:\/\/padelhaus.mustlammas-dev.in\/fi\/\",\"name\":\"Claude Padelhaus\",\"description\":\"Sinu padelivarustuse kodu\",\"publisher\":{\"@id\":\"https:\/\/padelhaus.mustlammas-dev.in\/fi\/#organization\"},\"potentialAction\":[{\"@type\":\"SearchAction\",\"target\":{\"@type\":\"EntryPoint\",\"urlTemplate\":\"https:\/\/padelhaus.mustlammas-dev.in\/fi\/?s={search_term_string}\"},\"query-input\":{\"@type\":\"PropertyValueSpecification\",\"valueRequired\":true,\"valueName\":\"search_term_string\"}}],\"inLanguage\":\"fi\"},{\"@type\":\"Organization\",\"@id\":\"https:\/\/padelhaus.mustlammas-dev.in\/fi\/#organization\",\"name\":\"Claude Padelhaus\",\"url\":\"https:\/\/padelhaus.mustlammas-dev.in\/fi\/\",\"logo\":{\"@type\":\"ImageObject\",\"inLanguage\":\"fi\",\"@id\":\"https:\/\/padelhaus.mustlammas-dev.in\/fi\/#\/schema\/logo\/image\/\",\"url\":\"https:\/\/padelhaus.mustlammas-dev.in\/wp-content\/uploads\/2025\/05\/Logo-1.png\",\"contentUrl\":\"https:\/\/padelhaus.mustlammas-dev.in\/wp-content\/uploads\/2025\/05\/Logo-1.png\",\"width\":280,\"height\":115,\"caption\":\"Claude Padelhaus\"},\"image\":{\"@id\":\"https:\/\/padelhaus.mustlammas-dev.in\/fi\/#\/schema\/logo\/image\/\"}}]}<\/script>\n<meta property=\"product:price:amount\" content=\"284.95\" \/>\n<meta property=\"product:price:currency\" content=\"EUR\" \/>\n<meta property=\"og:availability\" content=\"backorder\" \/>\n<meta property=\"product:availability\" content=\"available for order\" \/>\n<meta property=\"product:retailer_item_id\" content=\"NOX-R-22\" \/>\n<meta property=\"product:condition\" content=\"new\" \/>\n<!-- \/ Yoast SEO Premium plugin. -->","yoast_head_json":{"title":"NOX AT10 GENIUS 12K ALUM XTREM BY AGUSTIN TAPIA 2026 | Test Padelhaus","description":"Padelmailat ja padelvarusteet edullisesti. Padelhaus on padel verkkokauppa, josta l\u00f6yd\u00e4t parhaat padelmailat kaikille tasoille.","robots":{"index":"noindex","follow":"follow","max-snippet":"max-snippet:-1","max-image-preview":"max-image-preview:large","max-video-preview":"max-video-preview:-1"},"og_locale":"fi_FI","og_type":"article","og_title":"NOX AT10 GENIUS 12K ALUM XTREM BY AGUSTIN TAPIA 2026","og_description":"Padelmailat ja padelvarusteet edullisesti. Padelhaus on padel verkkokauppa, josta l\u00f6yd\u00e4t parhaat padelmailat kaikille tasoille.","og_url":"https:\/\/padelhaus.mustlammas-dev.in\/fi\/kauppa\/nox-at10-genius-12k-alum-xtrem-by-agustin-tapia-2026\/","og_site_name":"Test Padelhaus","article_modified_time":"2026-03-05T15:58:16+00:00","og_image":[{"width":960,"height":960,"url":"https:\/\/padelhaus.mustlammas-dev.in\/wp-content\/uploads\/2025\/11\/NOX-AT10-GENIUS-12K-ALUM-XTREM-BY-AGUSTIN-TAPIA-20261-1.png","type":"image\/png"}],"twitter_card":"summary_large_image","twitter_misc":{"Hinta":"284,95&nbsp;&euro;","Saatavuus":"J\u00e4lkitoimituksessa"},"schema":{"@context":"https:\/\/schema.org","@graph":[{"@type":["WebPage","ItemPage"],"@id":"https:\/\/padelhaus.mustlammas-dev.in\/fi\/kauppa\/nox-at10-genius-12k-alum-xtrem-by-agustin-tapia-2026\/","url":"https:\/\/padelhaus.mustlammas-dev.in\/fi\/kauppa\/nox-at10-genius-12k-alum-xtrem-by-agustin-tapia-2026\/","name":"NOX AT10 GENIUS 12K ALUM XTREM BY AGUSTIN TAPIA 2026 | Test Padelhaus","isPartOf":{"@id":"https:\/\/padelhaus.mustlammas-dev.in\/fi\/#website"},"primaryImageOfPage":{"@id":"https:\/\/padelhaus.mustlammas-dev.in\/fi\/kauppa\/nox-at10-genius-12k-alum-xtrem-by-agustin-tapia-2026\/#primaryimage"},"image":{"@id":"https:\/\/padelhaus.mustlammas-dev.in\/fi\/kauppa\/nox-at10-genius-12k-alum-xtrem-by-agustin-tapia-2026\/#primaryimage"},"thumbnailUrl":"https:\/\/padelhaus.mustlammas-dev.in\/wp-content\/uploads\/2025\/11\/NOX-AT10-GENIUS-12K-ALUM-XTREM-BY-AGUSTIN-TAPIA-20261-1.png","datePublished":"2025-11-05T08:51:44+00:00","dateModified":"2026-03-05T15:58:16+00:00","description":"Padelmailat ja padelvarusteet edullisesti. Padelhaus on padel verkkokauppa, josta l\u00f6yd\u00e4t parhaat padelmailat kaikille tasoille.","breadcrumb":{"@id":"https:\/\/padelhaus.mustlammas-dev.in\/fi\/kauppa\/nox-at10-genius-12k-alum-xtrem-by-agustin-tapia-2026\/#breadcrumb"},"inLanguage":"fi","potentialAction":[{"@type":"ReadAction","target":["https:\/\/padelhaus.mustlammas-dev.in\/fi\/kauppa\/nox-at10-genius-12k-alum-xtrem-by-agustin-tapia-2026\/"]}]},{"@type":"ImageObject","inLanguage":"fi","@id":"https:\/\/padelhaus.mustlammas-dev.in\/fi\/kauppa\/nox-at10-genius-12k-alum-xtrem-by-agustin-tapia-2026\/#primaryimage","url":"https:\/\/padelhaus.mustlammas-dev.in\/wp-content\/uploads\/2025\/11\/NOX-AT10-GENIUS-12K-ALUM-XTREM-BY-AGUSTIN-TAPIA-20261-1.png","contentUrl":"https:\/\/padelhaus.mustlammas-dev.in\/wp-content\/uploads\/2025\/11\/NOX-AT10-GENIUS-12K-ALUM-XTREM-BY-AGUSTIN-TAPIA-20261-1.png","width":960,"height":960,"caption":"NOX AT10 GENIUS 12K ALUM XTREM BY AGUSTIN TAPIA 2026"},{"@type":"BreadcrumbList","@id":"https:\/\/padelhaus.mustlammas-dev.in\/fi\/kauppa\/nox-at10-genius-12k-alum-xtrem-by-agustin-tapia-2026\/#breadcrumb","itemListElement":[{"@type":"ListItem","position":1,"name":"Avaleht","item":"https:\/\/padelhaus.fi\/"},{"@type":"ListItem","position":2,"name":"Kauppa","item":"https:\/\/padelhaus.fi\/kauppa\/"},{"@type":"ListItem","position":3,"name":"NOX AT10 GENIUS 12K ALUM XTREM BY AGUSTIN TAPIA 2026"}]},{"@type":"WebSite","@id":"https:\/\/padelhaus.mustlammas-dev.in\/fi\/#website","url":"https:\/\/padelhaus.mustlammas-dev.in\/fi\/","name":"Claude Padelhaus","description":"Sinu padelivarustuse kodu","publisher":{"@id":"https:\/\/padelhaus.mustlammas-dev.in\/fi\/#organization"},"potentialAction":[{"@type":"SearchAction","target":{"@type":"EntryPoint","urlTemplate":"https:\/\/padelhaus.mustlammas-dev.in\/fi\/?s={search_term_string}"},"query-input":{"@type":"PropertyValueSpecification","valueRequired":true,"valueName":"search_term_string"}}],"inLanguage":"fi"},{"@type":"Organization","@id":"https:\/\/padelhaus.mustlammas-dev.in\/fi\/#organization","name":"Claude Padelhaus","url":"https:\/\/padelhaus.mustlammas-dev.in\/fi\/","logo":{"@type":"ImageObject","inLanguage":"fi","@id":"https:\/\/padelhaus.mustlammas-dev.in\/fi\/#\/schema\/logo\/image\/","url":"https:\/\/padelhaus.mustlammas-dev.in\/wp-content\/uploads\/2025\/05\/Logo-1.png","contentUrl":"https:\/\/padelhaus.mustlammas-dev.in\/wp-content\/uploads\/2025\/05\/Logo-1.png","width":280,"height":115,"caption":"Claude Padelhaus"},"image":{"@id":"https:\/\/padelhaus.mustlammas-dev.in\/fi\/#\/schema\/logo\/image\/"}}]},"product_price_amount":"284.95","product_price_currency":"EUR","og_availability":"backorder","product_availability":"available for order","product_retailer_item_id":"NOX-R-22","product_condition":"new"},"_links":{"self":[{"href":"https:\/\/padelhaus.mustlammas-dev.in\/fi\/wp-json\/wp\/v2\/product\/71091","targetHints":{"allow":["GET"]}}],"collection":[{"href":"https:\/\/padelhaus.mustlammas-dev.in\/fi\/wp-json\/wp\/v2\/product"}],"about":[{"href":"https:\/\/padelhaus.mustlammas-dev.in\/fi\/wp-json\/wp\/v2\/types\/product"}],"replies":[{"embeddable":true,"href":"https:\/\/padelhaus.mustlammas-dev.in\/fi\/wp-json\/wp\/v2\/comments?post=71091"}],"wp:featuredmedia":[{"embeddable":true,"href":"https:\/\/padelhaus.mustlammas-dev.in\/fi\/wp-json\/wp\/v2\/media\/71094"}],"wp:attachment":[{"href":"https:\/\/padelhaus.mustlammas-dev.in\/fi\/wp-json\/wp\/v2\/media?parent=71091"}],"wp:term":[{"taxonomy":"product_brand","embeddable":true,"href":"https:\/\/padelhaus.mustlammas-dev.in\/fi\/wp-json\/wp\/v2\/product_brand?post=71091"},{"taxonomy":"product_cat","embeddable":true,"href":"https:\/\/padelhaus.mustlammas-dev.in\/fi\/wp-json\/wp\/v2\/product_cat?post=71091"},{"taxonomy":"product_tag","embeddable":true,"href":"https:\/\/padelhaus.mustlammas-dev.in\/fi\/wp-json\/wp\/v2\/product_tag?post=71091"}],"curies":[{"name":"wp","href":"https:\/\/api.w.org\/{rel}","templated":true}]}}