{"id":71096,"date":"2026-02-18T15:33:00","date_gmt":"2026-02-18T13:33:00","guid":{"rendered":"https:\/\/padelhaus.mustlammas-dev.in\/pood\/wilson-optix-v2-power-red\/"},"modified":"2026-03-05T17:56:41","modified_gmt":"2026-03-05T15:56:41","slug":"wilson-optix-v2-power-red","status":"publish","type":"product","link":"https:\/\/padelhaus.mustlammas-dev.in\/fi\/kauppa\/wilson-optix-v2-power-red\/","title":{"rendered":"WILSON OPTIX V2 POWER RED"},"content":{"rendered":"<p data-start=\"0\" data-end=\"234\"><strong data-start=\"0\" data-end=\"29\">Wilson Optix V2 Power Red<\/strong> on suunniteltu pelaajille, jotka etsiv\u00e4t lis\u00e4voimaa kontrollista tinkim\u00e4tt\u00e4. Sen optimoitu muotoilu mahdollistaa aggressiivisemmat hy\u00f6kk\u00e4ysly\u00f6nnit s\u00e4ilytt\u00e4en samalla tarkkuuden ja vakauden jokaisessa pallorallissa. <\/p>\n<p data-start=\"236\" data-end=\"610\">Tasapainoisen rakenteensa ansiosta se tarjoaa varman ja luotettavan vasteen niin nopeissa lentoly\u00f6nneiss\u00e4 kuin ratkaisevissa smasheiss\u00e4. Mailassa on <strong data-start=\"388\" data-end=\"402\">Power Core<\/strong> -teknologia, joka jakaa energian tasaisesti ly\u00f6ntipinnalle mahdollistaen kovemman pallonopeuden v\u00e4hemm\u00e4ll\u00e4 vaivalla. Tuloksena on dynaamisempi peli, v\u00e4h\u00e4isempi v\u00e4symys ja suurempi itseluottamus kent\u00e4ll\u00e4.  <\/p>\n<h5 data-start=\"617\" data-end=\"657\">Monipuolisuus ja parempi ly\u00f6ntituntuma<\/h5>\n<p data-start=\"659\" data-end=\"902\">Teksturoitu pinta edist\u00e4\u00e4 tarkempaa pallokosketusta, auttaen hallitsemaan jokaista ly\u00f6nti\u00e4 ja v\u00e4hent\u00e4m\u00e4\u00e4n turhia virheit\u00e4. Matalatiheyksinen vaahtoydin takaa pehme\u00e4n ja vakaan tuntuman, mik\u00e4 on ihanteellista tasaisuuden yll\u00e4pit\u00e4miseen vaativissa peleiss\u00e4. <\/p>\n<p data-start=\"904\" data-end=\"1077\">Lis\u00e4ksi lasikuiturakenne tasapainottaa joustavuutta ja lujuutta tarjoten miellytt\u00e4v\u00e4n pelikokemuksen harrastajille, jotka haluavat kehitt\u00e4\u00e4 tasoaan asteittain.<\/p>\n<h5 data-start=\"1084\" data-end=\"1117\">T\u00e4rkeimm\u00e4t ominaisuudet ja edut<\/h5>\n<ul data-start=\"1119\" data-end=\"1457\" data-is-last-node=\"\" data-is-only-node=\"\">\n<li data-start=\"1119\" data-end=\"1184\">\n<p data-start=\"1121\" data-end=\"1184\"><strong data-start=\"1121\" data-end=\"1147\">Power Core -teknologia<\/strong> \u2013 enemm\u00e4n voimaa v\u00e4hemm\u00e4ll\u00e4 vaivalla<\/p>\n<\/li>\n<li data-start=\"1185\" data-end=\"1253\">\n<p data-start=\"1187\" data-end=\"1253\"><strong data-start=\"1187\" data-end=\"1216\">Matalatiheyksinen ydin<\/strong> \u2013 pehme\u00e4 ja vakaa ly\u00f6ntituntuma<\/p>\n<\/li>\n<li data-start=\"1254\" data-end=\"1326\">\n<p data-start=\"1256\" data-end=\"1326\"><strong data-start=\"1256\" data-end=\"1275\">Lasikuiturunko<\/strong> \u2013 tasapaino vakauden ja reagoivuuden v\u00e4lill\u00e4<\/p>\n<\/li>\n<li data-start=\"1327\" data-end=\"1390\">\n<p data-start=\"1329\" data-end=\"1390\"><strong data-start=\"1329\" data-end=\"1355\">Sharp Hole -teknologia<\/strong> \u2013 parempi pallon pito ly\u00f6nniss\u00e4<\/p>\n<\/li>\n<li data-start=\"1391\" data-end=\"1457\" data-is-last-node=\"\">\n<p data-start=\"1393\" data-end=\"1457\" data-is-last-node=\"\"><strong data-start=\"1393\" data-end=\"1416\">Teksturoitu pinta<\/strong> \u2013 tarkempi kontrolli ja parempi pallotuntuma<\/p>\n<\/li>\n<\/ul>\n","protected":false},"excerpt":{"rendered":"<p>Wilson Optix V2 Power Red on suunniteltu pelaajille, jotka etsiv\u00e4t lis\u00e4voimaa kontrollista tinkim\u00e4tt\u00e4. Sen optimoitu muotoilu mahdollistaa aggressiivisemmat hy\u00f6kk\u00e4ysly\u00f6nnit s\u00e4ilytt\u00e4en samalla tarkkuuden ja vakauden jokaisessa pallorallissa. Tasapainoisen rakenteensa ansiosta se tarjoaa varman ja luotettavan vasteen niin nopeissa lentoly\u00f6nneiss\u00e4 kuin ratkaisevissa smasheiss\u00e4. Mailassa on Power Core -teknologia, joka jakaa energian tasaisesti ly\u00f6ntipinnalle mahdollistaen kovemman pallonopeuden v\u00e4hemm\u00e4ll\u00e4 [&hellip;]<\/p>\n","protected":false},"featured_media":71097,"comment_status":"open","ping_status":"closed","template":"","meta":{"_eb_attr":""},"product_brand":[519],"product_cat":[520,494,521],"product_tag":[],"class_list":{"0":"post-71096","1":"product","2":"type-product","3":"status-publish","4":"has-post-thumbnail","6":"product_brand-wilson","7":"product_cat-aloittelijat","8":"product_cat-padelmailat","9":"product_cat-wilson","10":"pa_kaal-365g","11":"pa_kuju-pisaranmuotoinen","12":"pa_mangustiil-hyokkaava","13":"pa_tasakaal-keskella","14":"pa_tase-keskitaso","15":"pa_varv-musta","16":"pa_varv-punainen","19":"first","20":"instock","21":"sale","22":"taxable","23":"shipping-taxable","24":"purchasable","25":"product-type-simple"},"yoast_head":"<!-- This site is optimized with the Yoast SEO Premium plugin v27.1 (Yoast SEO v27.1.1) - https:\/\/yoast.com\/product\/yoast-seo-premium-wordpress\/ -->\n<title>WILSON OPTIX V2 POWER RED | Test Padelhaus<\/title>\n<meta name=\"description\" content=\"Padelmailat ja padelvarusteet edullisesti. Padelhaus on padel verkkokauppa, josta l\u00f6yd\u00e4t parhaat padelmailat kaikille tasoille.\" \/>\n<meta name=\"robots\" content=\"noindex, follow, max-snippet:-1, max-image-preview:large, max-video-preview:-1\" \/>\n<meta property=\"og:locale\" content=\"fi_FI\" \/>\n<meta property=\"og:type\" content=\"article\" \/>\n<meta property=\"og:title\" content=\"WILSON OPTIX V2 POWER RED\" \/>\n<meta property=\"og:description\" content=\"Padelmailat ja padelvarusteet edullisesti. Padelhaus on padel verkkokauppa, josta l\u00f6yd\u00e4t parhaat padelmailat kaikille tasoille.\" \/>\n<meta property=\"og:url\" content=\"https:\/\/padelhaus.mustlammas-dev.in\/fi\/kauppa\/wilson-optix-v2-power-red\/\" \/>\n<meta property=\"og:site_name\" content=\"Test Padelhaus\" \/>\n<meta property=\"article:modified_time\" content=\"2026-03-05T15:56:41+00:00\" \/>\n<meta property=\"og:image\" content=\"https:\/\/padelhaus.mustlammas-dev.in\/wp-content\/uploads\/2026\/02\/13-3.webp\" \/>\n\t<meta property=\"og:image:width\" content=\"1000\" \/>\n\t<meta property=\"og:image:height\" content=\"1000\" \/>\n\t<meta property=\"og:image:type\" content=\"image\/webp\" \/>\n<meta name=\"twitter:card\" content=\"summary_large_image\" \/>\n<meta name=\"twitter:label1\" content=\"Hinta\" \/>\n\t<meta name=\"twitter:data1\" content=\"109,95&nbsp;&euro;\" \/>\n\t<meta name=\"twitter:label2\" content=\"Saatavuus\" \/>\n\t<meta name=\"twitter:data2\" content=\"Varastossa\" \/>\n<script type=\"application\/ld+json\" class=\"yoast-schema-graph\">{\"@context\":\"https:\/\/schema.org\",\"@graph\":[{\"@type\":[\"WebPage\",\"ItemPage\"],\"@id\":\"https:\/\/padelhaus.mustlammas-dev.in\/fi\/kauppa\/wilson-optix-v2-power-red\/\",\"url\":\"https:\/\/padelhaus.mustlammas-dev.in\/fi\/kauppa\/wilson-optix-v2-power-red\/\",\"name\":\"WILSON OPTIX V2 POWER RED | Test Padelhaus\",\"isPartOf\":{\"@id\":\"https:\/\/padelhaus.mustlammas-dev.in\/fi\/#website\"},\"primaryImageOfPage\":{\"@id\":\"https:\/\/padelhaus.mustlammas-dev.in\/fi\/kauppa\/wilson-optix-v2-power-red\/#primaryimage\"},\"image\":{\"@id\":\"https:\/\/padelhaus.mustlammas-dev.in\/fi\/kauppa\/wilson-optix-v2-power-red\/#primaryimage\"},\"thumbnailUrl\":\"https:\/\/padelhaus.mustlammas-dev.in\/wp-content\/uploads\/2026\/02\/13-3.webp\",\"datePublished\":\"2026-02-18T13:33:00+00:00\",\"dateModified\":\"2026-03-05T15:56:41+00:00\",\"description\":\"Padelmailat ja padelvarusteet edullisesti. Padelhaus on padel verkkokauppa, josta l\u00f6yd\u00e4t parhaat padelmailat kaikille tasoille.\",\"breadcrumb\":{\"@id\":\"https:\/\/padelhaus.mustlammas-dev.in\/fi\/kauppa\/wilson-optix-v2-power-red\/#breadcrumb\"},\"inLanguage\":\"fi\",\"potentialAction\":[{\"@type\":\"ReadAction\",\"target\":[\"https:\/\/padelhaus.mustlammas-dev.in\/fi\/kauppa\/wilson-optix-v2-power-red\/\"]}]},{\"@type\":\"ImageObject\",\"inLanguage\":\"fi\",\"@id\":\"https:\/\/padelhaus.mustlammas-dev.in\/fi\/kauppa\/wilson-optix-v2-power-red\/#primaryimage\",\"url\":\"https:\/\/padelhaus.mustlammas-dev.in\/wp-content\/uploads\/2026\/02\/13-3.webp\",\"contentUrl\":\"https:\/\/padelhaus.mustlammas-dev.in\/wp-content\/uploads\/2026\/02\/13-3.webp\",\"width\":1000,\"height\":1000,\"caption\":\"WILSON OPTIX V2 POWER RED\"},{\"@type\":\"BreadcrumbList\",\"@id\":\"https:\/\/padelhaus.mustlammas-dev.in\/fi\/kauppa\/wilson-optix-v2-power-red\/#breadcrumb\",\"itemListElement\":[{\"@type\":\"ListItem\",\"position\":1,\"name\":\"Avaleht\",\"item\":\"https:\/\/padelhaus.fi\/\"},{\"@type\":\"ListItem\",\"position\":2,\"name\":\"Kauppa\",\"item\":\"https:\/\/padelhaus.fi\/kauppa\/\"},{\"@type\":\"ListItem\",\"position\":3,\"name\":\"WILSON OPTIX V2 POWER RED\"}]},{\"@type\":\"WebSite\",\"@id\":\"https:\/\/padelhaus.mustlammas-dev.in\/fi\/#website\",\"url\":\"https:\/\/padelhaus.mustlammas-dev.in\/fi\/\",\"name\":\"Claude Padelhaus\",\"description\":\"Sinu padelivarustuse kodu\",\"publisher\":{\"@id\":\"https:\/\/padelhaus.mustlammas-dev.in\/fi\/#organization\"},\"potentialAction\":[{\"@type\":\"SearchAction\",\"target\":{\"@type\":\"EntryPoint\",\"urlTemplate\":\"https:\/\/padelhaus.mustlammas-dev.in\/fi\/?s={search_term_string}\"},\"query-input\":{\"@type\":\"PropertyValueSpecification\",\"valueRequired\":true,\"valueName\":\"search_term_string\"}}],\"inLanguage\":\"fi\"},{\"@type\":\"Organization\",\"@id\":\"https:\/\/padelhaus.mustlammas-dev.in\/fi\/#organization\",\"name\":\"Claude Padelhaus\",\"url\":\"https:\/\/padelhaus.mustlammas-dev.in\/fi\/\",\"logo\":{\"@type\":\"ImageObject\",\"inLanguage\":\"fi\",\"@id\":\"https:\/\/padelhaus.mustlammas-dev.in\/fi\/#\/schema\/logo\/image\/\",\"url\":\"https:\/\/padelhaus.mustlammas-dev.in\/wp-content\/uploads\/2025\/05\/Logo-1.png\",\"contentUrl\":\"https:\/\/padelhaus.mustlammas-dev.in\/wp-content\/uploads\/2025\/05\/Logo-1.png\",\"width\":280,\"height\":115,\"caption\":\"Claude Padelhaus\"},\"image\":{\"@id\":\"https:\/\/padelhaus.mustlammas-dev.in\/fi\/#\/schema\/logo\/image\/\"}}]}<\/script>\n<meta property=\"product:price:amount\" content=\"109.95\" \/>\n<meta property=\"product:price:currency\" content=\"EUR\" \/>\n<meta property=\"og:availability\" content=\"instock\" \/>\n<meta property=\"product:availability\" content=\"instock\" \/>\n<meta property=\"product:retailer_item_id\" content=\"WIL-R-20\" \/>\n<meta property=\"product:condition\" content=\"new\" \/>\n<!-- \/ Yoast SEO Premium plugin. -->","yoast_head_json":{"title":"WILSON OPTIX V2 POWER RED | Test Padelhaus","description":"Padelmailat ja padelvarusteet edullisesti. Padelhaus on padel verkkokauppa, josta l\u00f6yd\u00e4t parhaat padelmailat kaikille tasoille.","robots":{"index":"noindex","follow":"follow","max-snippet":"max-snippet:-1","max-image-preview":"max-image-preview:large","max-video-preview":"max-video-preview:-1"},"og_locale":"fi_FI","og_type":"article","og_title":"WILSON OPTIX V2 POWER RED","og_description":"Padelmailat ja padelvarusteet edullisesti. Padelhaus on padel verkkokauppa, josta l\u00f6yd\u00e4t parhaat padelmailat kaikille tasoille.","og_url":"https:\/\/padelhaus.mustlammas-dev.in\/fi\/kauppa\/wilson-optix-v2-power-red\/","og_site_name":"Test Padelhaus","article_modified_time":"2026-03-05T15:56:41+00:00","og_image":[{"width":1000,"height":1000,"url":"https:\/\/padelhaus.mustlammas-dev.in\/wp-content\/uploads\/2026\/02\/13-3.webp","type":"image\/webp"}],"twitter_card":"summary_large_image","twitter_misc":{"Hinta":"109,95&nbsp;&euro;","Saatavuus":"Varastossa"},"schema":{"@context":"https:\/\/schema.org","@graph":[{"@type":["WebPage","ItemPage"],"@id":"https:\/\/padelhaus.mustlammas-dev.in\/fi\/kauppa\/wilson-optix-v2-power-red\/","url":"https:\/\/padelhaus.mustlammas-dev.in\/fi\/kauppa\/wilson-optix-v2-power-red\/","name":"WILSON OPTIX V2 POWER RED | Test Padelhaus","isPartOf":{"@id":"https:\/\/padelhaus.mustlammas-dev.in\/fi\/#website"},"primaryImageOfPage":{"@id":"https:\/\/padelhaus.mustlammas-dev.in\/fi\/kauppa\/wilson-optix-v2-power-red\/#primaryimage"},"image":{"@id":"https:\/\/padelhaus.mustlammas-dev.in\/fi\/kauppa\/wilson-optix-v2-power-red\/#primaryimage"},"thumbnailUrl":"https:\/\/padelhaus.mustlammas-dev.in\/wp-content\/uploads\/2026\/02\/13-3.webp","datePublished":"2026-02-18T13:33:00+00:00","dateModified":"2026-03-05T15:56:41+00:00","description":"Padelmailat ja padelvarusteet edullisesti. Padelhaus on padel verkkokauppa, josta l\u00f6yd\u00e4t parhaat padelmailat kaikille tasoille.","breadcrumb":{"@id":"https:\/\/padelhaus.mustlammas-dev.in\/fi\/kauppa\/wilson-optix-v2-power-red\/#breadcrumb"},"inLanguage":"fi","potentialAction":[{"@type":"ReadAction","target":["https:\/\/padelhaus.mustlammas-dev.in\/fi\/kauppa\/wilson-optix-v2-power-red\/"]}]},{"@type":"ImageObject","inLanguage":"fi","@id":"https:\/\/padelhaus.mustlammas-dev.in\/fi\/kauppa\/wilson-optix-v2-power-red\/#primaryimage","url":"https:\/\/padelhaus.mustlammas-dev.in\/wp-content\/uploads\/2026\/02\/13-3.webp","contentUrl":"https:\/\/padelhaus.mustlammas-dev.in\/wp-content\/uploads\/2026\/02\/13-3.webp","width":1000,"height":1000,"caption":"WILSON OPTIX V2 POWER RED"},{"@type":"BreadcrumbList","@id":"https:\/\/padelhaus.mustlammas-dev.in\/fi\/kauppa\/wilson-optix-v2-power-red\/#breadcrumb","itemListElement":[{"@type":"ListItem","position":1,"name":"Avaleht","item":"https:\/\/padelhaus.fi\/"},{"@type":"ListItem","position":2,"name":"Kauppa","item":"https:\/\/padelhaus.fi\/kauppa\/"},{"@type":"ListItem","position":3,"name":"WILSON OPTIX V2 POWER RED"}]},{"@type":"WebSite","@id":"https:\/\/padelhaus.mustlammas-dev.in\/fi\/#website","url":"https:\/\/padelhaus.mustlammas-dev.in\/fi\/","name":"Claude Padelhaus","description":"Sinu padelivarustuse kodu","publisher":{"@id":"https:\/\/padelhaus.mustlammas-dev.in\/fi\/#organization"},"potentialAction":[{"@type":"SearchAction","target":{"@type":"EntryPoint","urlTemplate":"https:\/\/padelhaus.mustlammas-dev.in\/fi\/?s={search_term_string}"},"query-input":{"@type":"PropertyValueSpecification","valueRequired":true,"valueName":"search_term_string"}}],"inLanguage":"fi"},{"@type":"Organization","@id":"https:\/\/padelhaus.mustlammas-dev.in\/fi\/#organization","name":"Claude Padelhaus","url":"https:\/\/padelhaus.mustlammas-dev.in\/fi\/","logo":{"@type":"ImageObject","inLanguage":"fi","@id":"https:\/\/padelhaus.mustlammas-dev.in\/fi\/#\/schema\/logo\/image\/","url":"https:\/\/padelhaus.mustlammas-dev.in\/wp-content\/uploads\/2025\/05\/Logo-1.png","contentUrl":"https:\/\/padelhaus.mustlammas-dev.in\/wp-content\/uploads\/2025\/05\/Logo-1.png","width":280,"height":115,"caption":"Claude Padelhaus"},"image":{"@id":"https:\/\/padelhaus.mustlammas-dev.in\/fi\/#\/schema\/logo\/image\/"}}]},"product_price_amount":"109.95","product_price_currency":"EUR","og_availability":"instock","product_availability":"instock","product_retailer_item_id":"WIL-R-20","product_condition":"new"},"_links":{"self":[{"href":"https:\/\/padelhaus.mustlammas-dev.in\/fi\/wp-json\/wp\/v2\/product\/71096","targetHints":{"allow":["GET"]}}],"collection":[{"href":"https:\/\/padelhaus.mustlammas-dev.in\/fi\/wp-json\/wp\/v2\/product"}],"about":[{"href":"https:\/\/padelhaus.mustlammas-dev.in\/fi\/wp-json\/wp\/v2\/types\/product"}],"replies":[{"embeddable":true,"href":"https:\/\/padelhaus.mustlammas-dev.in\/fi\/wp-json\/wp\/v2\/comments?post=71096"}],"wp:featuredmedia":[{"embeddable":true,"href":"https:\/\/padelhaus.mustlammas-dev.in\/fi\/wp-json\/wp\/v2\/media\/71097"}],"wp:attachment":[{"href":"https:\/\/padelhaus.mustlammas-dev.in\/fi\/wp-json\/wp\/v2\/media?parent=71096"}],"wp:term":[{"taxonomy":"product_brand","embeddable":true,"href":"https:\/\/padelhaus.mustlammas-dev.in\/fi\/wp-json\/wp\/v2\/product_brand?post=71096"},{"taxonomy":"product_cat","embeddable":true,"href":"https:\/\/padelhaus.mustlammas-dev.in\/fi\/wp-json\/wp\/v2\/product_cat?post=71096"},{"taxonomy":"product_tag","embeddable":true,"href":"https:\/\/padelhaus.mustlammas-dev.in\/fi\/wp-json\/wp\/v2\/product_tag?post=71096"}],"curies":[{"name":"wp","href":"https:\/\/api.w.org\/{rel}","templated":true}]}}