{"id":71112,"date":"2025-11-05T10:10:20","date_gmt":"2025-11-05T08:10:20","guid":{"rendered":"https:\/\/padelhaus.mustlammas-dev.in\/pood\/head-evo-extreme-2025\/"},"modified":"2026-03-11T11:48:27","modified_gmt":"2026-03-11T09:48:27","slug":"head-evo-extreme-2025","status":"publish","type":"product","link":"https:\/\/padelhaus.mustlammas-dev.in\/fi\/kauppa\/head-evo-extreme-2025\/","title":{"rendered":"HEAD EVO EXTREME 2025"},"content":{"rendered":"<p data-start=\"27\" data-end=\"439\"><strong>Head Evo Extreme 2025<\/strong>, joka kuuluu Headin uuteen vuoden 2025 mallistoon, on suunniteltu pelaajille, jotka ovat vasta aloittamassa matkaansa padelmaailmassa. Sen <strong data-start=\"170\" data-end=\"200\">v\u00e4hennetyn painon (350 g)<\/strong> ansiosta mailaa on helppo k\u00e4sitell\u00e4, ja jokainen ly\u00f6nti on nopeampi ja sujuvampi, mik\u00e4 auttaa kasvattamaan itseluottamusta jo ensimm\u00e4isest\u00e4 pelist\u00e4 l\u00e4htien. Lis\u00e4ksi sen <strong data-start=\"356\" data-end=\"384\">moderni ja rohkea muotoilu<\/strong> antaa mailalle nykyaikaisen ilmeen, joka erottuu kent\u00e4ll\u00e4.   <\/p>\n<h5 data-start=\"446\" data-end=\"479\">Mukavuus ja helppok\u00e4ytt\u00f6isyys<\/h5>\n<p data-start=\"481\" data-end=\"914\">Yksi t\u00e4m\u00e4n mallin arvostetuimmista ominaisuuksista on <strong data-start=\"523\" data-end=\"547\">elastinen kumisyd\u00e4n<\/strong>, joka reagoi ly\u00f6nteihin pehme\u00e4sti ja laajentaa tehokasta osuma-aluetta. T\u00e4m\u00e4 tarkoittaa, ett\u00e4 my\u00f6s keskelt\u00e4 ohi menev\u00e4t ly\u00f6nnit tuntuvat mukavammilta ja niit\u00e4 on helpompi hallita. Lis\u00e4ksi mailassa on <strong data-start=\"730\" data-end=\"749\">lasikuitupinta<\/strong> \u2013 kevyt ja joustava materiaali, joka tarjoaa hiilikuituun verrattuna miellytt\u00e4v\u00e4mm\u00e4n ja v\u00e4hemm\u00e4n vaativan pallotuntuman. T\u00e4ydellinen valinta pelaajille, jotka ovat viel\u00e4 oppimisvaiheessa.   <\/p>\n<h5 data-start=\"921\" data-end=\"962\">T\u00e4rkeimm\u00e4t teknologiat ja ominaisuudet<\/h5>\n<ul data-start=\"963\" data-end=\"1340\" data-is-last-node=\"\" data-is-only-node=\"\">\n<li data-start=\"963\" data-end=\"1028\">\n<p data-start=\"965\" data-end=\"1028\"><strong data-start=\"965\" data-end=\"988\">Pisaranmuoto<\/strong> \u2013 hyv\u00e4 tasapaino kontrollin ja voiman v\u00e4lill\u00e4<\/p>\n<\/li>\n<li data-start=\"1029\" data-end=\"1072\">\n<p data-start=\"1031\" data-end=\"1072\"><strong data-start=\"1031\" data-end=\"1045\">Kevyt paino<\/strong> \u2013 parempi ohjattavuus<\/p>\n<\/li>\n<li data-start=\"1073\" data-end=\"1119\">\n<p data-start=\"1075\" data-end=\"1119\"><strong data-start=\"1075\" data-end=\"1097\">Pehme\u00e4 kumisyd\u00e4n<\/strong> \u2013 erinomainen mukavuus<\/p>\n<\/li>\n<li data-start=\"1120\" data-end=\"1167\">\n<p data-start=\"1122\" data-end=\"1167\"><strong data-start=\"1122\" data-end=\"1145\">P\u00e4ivitetty lasikuitu<\/strong> \u2013 joustava ja kevyt<\/p>\n<\/li>\n<li data-start=\"1168\" data-end=\"1245\">\n<p data-start=\"1170\" data-end=\"1245\"><strong data-start=\"1170\" data-end=\"1194\">Innegra\u2122-teknologia<\/strong> \u2013 v\u00e4hent\u00e4\u00e4 t\u00e4rin\u00e4\u00e4 ja lis\u00e4\u00e4 vakautta<\/p>\n<\/li>\n<li data-start=\"1246\" data-end=\"1293\">\n<p data-start=\"1248\" data-end=\"1293\"><strong data-start=\"1248\" data-end=\"1267\">Vahvistettu kehys<\/strong> \u2013 enemm\u00e4n voimaa ly\u00f6nteihin<\/p>\n<\/li>\n<li data-start=\"1294\" data-end=\"1340\" data-is-last-node=\"\">\n<p data-start=\"1296\" data-end=\"1340\" data-is-last-node=\"\"><strong data-start=\"1296\" data-end=\"1314\">Extreme-muotoilu<\/strong> \u2013 moderni ja katseenvangitseva<\/p>\n<\/li>\n<\/ul>\n","protected":false},"excerpt":{"rendered":"<p>Head Evo Extreme 2025, joka kuuluu Headin uuteen vuoden 2025 mallistoon, on suunniteltu pelaajille, jotka ovat vasta aloittamassa matkaansa padelmaailmassa. Sen v\u00e4hennetyn painon (350 g) ansiosta mailaa on helppo k\u00e4sitell\u00e4, ja jokainen ly\u00f6nti on nopeampi ja sujuvampi, mik\u00e4 auttaa kasvattamaan itseluottamusta jo ensimm\u00e4isest\u00e4 pelist\u00e4 l\u00e4htien. Lis\u00e4ksi sen moderni ja rohkea muotoilu antaa mailalle nykyaikaisen ilmeen, [&hellip;]<\/p>\n","protected":false},"featured_media":73130,"comment_status":"open","ping_status":"closed","template":"","meta":{"_eb_attr":""},"product_brand":[509],"product_cat":[520,510,494],"product_tag":[],"class_list":{"0":"post-71112","1":"product","2":"type-product","3":"status-publish","4":"has-post-thumbnail","6":"product_brand-head","7":"product_cat-aloittelijat","8":"product_cat-head","9":"product_cat-padelmailat","10":"pa_kaal-350g","11":"pa_kuju-pisaranmuotoinen","12":"pa_mangustiil-kontrolli","13":"pa_tasakaal-keskella","14":"pa_tase-aloittelija","15":"pa_varv-musta","16":"pa_varv-vihrea","19":"first","20":"onbackorder","21":"sale","22":"taxable","23":"shipping-taxable","24":"purchasable","25":"product-type-simple"},"yoast_head":"<!-- This site is optimized with the Yoast SEO Premium plugin v27.1 (Yoast SEO v27.1.1) - https:\/\/yoast.com\/product\/yoast-seo-premium-wordpress\/ -->\n<title>HEAD EVO EXTREME 2025 | Test Padelhaus<\/title>\n<meta name=\"description\" content=\"Padelmailat ja padelvarusteet edullisesti. Padelhaus on padel verkkokauppa, josta l\u00f6yd\u00e4t parhaat padelmailat kaikille tasoille.\" \/>\n<meta name=\"robots\" content=\"noindex, follow, max-snippet:-1, max-image-preview:large, max-video-preview:-1\" \/>\n<meta property=\"og:locale\" content=\"fi_FI\" \/>\n<meta property=\"og:type\" content=\"article\" \/>\n<meta property=\"og:title\" content=\"HEAD EVO EXTREME 2025\" \/>\n<meta property=\"og:description\" content=\"Padelmailat ja padelvarusteet edullisesti. Padelhaus on padel verkkokauppa, josta l\u00f6yd\u00e4t parhaat padelmailat kaikille tasoille.\" \/>\n<meta property=\"og:url\" content=\"https:\/\/padelhaus.mustlammas-dev.in\/fi\/kauppa\/head-evo-extreme-2025\/\" \/>\n<meta property=\"og:site_name\" content=\"Test Padelhaus\" \/>\n<meta property=\"article:modified_time\" content=\"2026-03-11T09:48:27+00:00\" \/>\n<meta property=\"og:image\" content=\"https:\/\/padelhaus.mustlammas-dev.in\/wp-content\/uploads\/2025\/11\/HEAD-EVO-EXTREME-20251.png\" \/>\n\t<meta property=\"og:image:width\" content=\"960\" \/>\n\t<meta property=\"og:image:height\" content=\"960\" \/>\n\t<meta property=\"og:image:type\" content=\"image\/png\" \/>\n<meta name=\"twitter:card\" content=\"summary_large_image\" \/>\n<meta name=\"twitter:label1\" content=\"Hinta\" \/>\n\t<meta name=\"twitter:data1\" content=\"84,95&nbsp;&euro;\" \/>\n\t<meta name=\"twitter:label2\" content=\"Saatavuus\" \/>\n\t<meta name=\"twitter:data2\" content=\"J\u00e4lkitoimituksessa\" \/>\n<script type=\"application\/ld+json\" class=\"yoast-schema-graph\">{\"@context\":\"https:\/\/schema.org\",\"@graph\":[{\"@type\":[\"WebPage\",\"ItemPage\"],\"@id\":\"https:\/\/padelhaus.mustlammas-dev.in\/fi\/kauppa\/head-evo-extreme-2025\/\",\"url\":\"https:\/\/padelhaus.mustlammas-dev.in\/fi\/kauppa\/head-evo-extreme-2025\/\",\"name\":\"HEAD EVO EXTREME 2025 | Test Padelhaus\",\"isPartOf\":{\"@id\":\"https:\/\/padelhaus.mustlammas-dev.in\/fi\/#website\"},\"primaryImageOfPage\":{\"@id\":\"https:\/\/padelhaus.mustlammas-dev.in\/fi\/kauppa\/head-evo-extreme-2025\/#primaryimage\"},\"image\":{\"@id\":\"https:\/\/padelhaus.mustlammas-dev.in\/fi\/kauppa\/head-evo-extreme-2025\/#primaryimage\"},\"thumbnailUrl\":\"https:\/\/padelhaus.mustlammas-dev.in\/wp-content\/uploads\/2025\/11\/HEAD-EVO-EXTREME-20251.png\",\"datePublished\":\"2025-11-05T08:10:20+00:00\",\"dateModified\":\"2026-03-11T09:48:27+00:00\",\"description\":\"Padelmailat ja padelvarusteet edullisesti. Padelhaus on padel verkkokauppa, josta l\u00f6yd\u00e4t parhaat padelmailat kaikille tasoille.\",\"breadcrumb\":{\"@id\":\"https:\/\/padelhaus.mustlammas-dev.in\/fi\/kauppa\/head-evo-extreme-2025\/#breadcrumb\"},\"inLanguage\":\"fi\",\"potentialAction\":[{\"@type\":\"ReadAction\",\"target\":[\"https:\/\/padelhaus.mustlammas-dev.in\/fi\/kauppa\/head-evo-extreme-2025\/\"]}]},{\"@type\":\"ImageObject\",\"inLanguage\":\"fi\",\"@id\":\"https:\/\/padelhaus.mustlammas-dev.in\/fi\/kauppa\/head-evo-extreme-2025\/#primaryimage\",\"url\":\"https:\/\/padelhaus.mustlammas-dev.in\/wp-content\/uploads\/2025\/11\/HEAD-EVO-EXTREME-20251.png\",\"contentUrl\":\"https:\/\/padelhaus.mustlammas-dev.in\/wp-content\/uploads\/2025\/11\/HEAD-EVO-EXTREME-20251.png\",\"width\":960,\"height\":960,\"caption\":\"HEAD EVO EXTREME 2025\"},{\"@type\":\"BreadcrumbList\",\"@id\":\"https:\/\/padelhaus.mustlammas-dev.in\/fi\/kauppa\/head-evo-extreme-2025\/#breadcrumb\",\"itemListElement\":[{\"@type\":\"ListItem\",\"position\":1,\"name\":\"Avaleht\",\"item\":\"https:\/\/padelhaus.fi\/\"},{\"@type\":\"ListItem\",\"position\":2,\"name\":\"Kauppa\",\"item\":\"https:\/\/padelhaus.fi\/kauppa\/\"},{\"@type\":\"ListItem\",\"position\":3,\"name\":\"HEAD EVO EXTREME 2025\"}]},{\"@type\":\"WebSite\",\"@id\":\"https:\/\/padelhaus.mustlammas-dev.in\/fi\/#website\",\"url\":\"https:\/\/padelhaus.mustlammas-dev.in\/fi\/\",\"name\":\"Claude Padelhaus\",\"description\":\"Sinu padelivarustuse kodu\",\"publisher\":{\"@id\":\"https:\/\/padelhaus.mustlammas-dev.in\/fi\/#organization\"},\"potentialAction\":[{\"@type\":\"SearchAction\",\"target\":{\"@type\":\"EntryPoint\",\"urlTemplate\":\"https:\/\/padelhaus.mustlammas-dev.in\/fi\/?s={search_term_string}\"},\"query-input\":{\"@type\":\"PropertyValueSpecification\",\"valueRequired\":true,\"valueName\":\"search_term_string\"}}],\"inLanguage\":\"fi\"},{\"@type\":\"Organization\",\"@id\":\"https:\/\/padelhaus.mustlammas-dev.in\/fi\/#organization\",\"name\":\"Claude Padelhaus\",\"url\":\"https:\/\/padelhaus.mustlammas-dev.in\/fi\/\",\"logo\":{\"@type\":\"ImageObject\",\"inLanguage\":\"fi\",\"@id\":\"https:\/\/padelhaus.mustlammas-dev.in\/fi\/#\/schema\/logo\/image\/\",\"url\":\"https:\/\/padelhaus.mustlammas-dev.in\/wp-content\/uploads\/2025\/05\/Logo-1.png\",\"contentUrl\":\"https:\/\/padelhaus.mustlammas-dev.in\/wp-content\/uploads\/2025\/05\/Logo-1.png\",\"width\":280,\"height\":115,\"caption\":\"Claude Padelhaus\"},\"image\":{\"@id\":\"https:\/\/padelhaus.mustlammas-dev.in\/fi\/#\/schema\/logo\/image\/\"}}]}<\/script>\n<meta property=\"product:price:amount\" content=\"84.95\" \/>\n<meta property=\"product:price:currency\" content=\"EUR\" \/>\n<meta property=\"og:availability\" content=\"backorder\" \/>\n<meta property=\"product:availability\" content=\"available for order\" \/>\n<meta property=\"product:retailer_item_id\" content=\"HEA-R-25\" \/>\n<meta property=\"product:condition\" content=\"new\" \/>\n<!-- \/ Yoast SEO Premium plugin. -->","yoast_head_json":{"title":"HEAD EVO EXTREME 2025 | Test Padelhaus","description":"Padelmailat ja padelvarusteet edullisesti. Padelhaus on padel verkkokauppa, josta l\u00f6yd\u00e4t parhaat padelmailat kaikille tasoille.","robots":{"index":"noindex","follow":"follow","max-snippet":"max-snippet:-1","max-image-preview":"max-image-preview:large","max-video-preview":"max-video-preview:-1"},"og_locale":"fi_FI","og_type":"article","og_title":"HEAD EVO EXTREME 2025","og_description":"Padelmailat ja padelvarusteet edullisesti. Padelhaus on padel verkkokauppa, josta l\u00f6yd\u00e4t parhaat padelmailat kaikille tasoille.","og_url":"https:\/\/padelhaus.mustlammas-dev.in\/fi\/kauppa\/head-evo-extreme-2025\/","og_site_name":"Test Padelhaus","article_modified_time":"2026-03-11T09:48:27+00:00","og_image":[{"width":960,"height":960,"url":"https:\/\/padelhaus.mustlammas-dev.in\/wp-content\/uploads\/2025\/11\/HEAD-EVO-EXTREME-20251.png","type":"image\/png"}],"twitter_card":"summary_large_image","twitter_misc":{"Hinta":"84,95&nbsp;&euro;","Saatavuus":"J\u00e4lkitoimituksessa"},"schema":{"@context":"https:\/\/schema.org","@graph":[{"@type":["WebPage","ItemPage"],"@id":"https:\/\/padelhaus.mustlammas-dev.in\/fi\/kauppa\/head-evo-extreme-2025\/","url":"https:\/\/padelhaus.mustlammas-dev.in\/fi\/kauppa\/head-evo-extreme-2025\/","name":"HEAD EVO EXTREME 2025 | Test Padelhaus","isPartOf":{"@id":"https:\/\/padelhaus.mustlammas-dev.in\/fi\/#website"},"primaryImageOfPage":{"@id":"https:\/\/padelhaus.mustlammas-dev.in\/fi\/kauppa\/head-evo-extreme-2025\/#primaryimage"},"image":{"@id":"https:\/\/padelhaus.mustlammas-dev.in\/fi\/kauppa\/head-evo-extreme-2025\/#primaryimage"},"thumbnailUrl":"https:\/\/padelhaus.mustlammas-dev.in\/wp-content\/uploads\/2025\/11\/HEAD-EVO-EXTREME-20251.png","datePublished":"2025-11-05T08:10:20+00:00","dateModified":"2026-03-11T09:48:27+00:00","description":"Padelmailat ja padelvarusteet edullisesti. Padelhaus on padel verkkokauppa, josta l\u00f6yd\u00e4t parhaat padelmailat kaikille tasoille.","breadcrumb":{"@id":"https:\/\/padelhaus.mustlammas-dev.in\/fi\/kauppa\/head-evo-extreme-2025\/#breadcrumb"},"inLanguage":"fi","potentialAction":[{"@type":"ReadAction","target":["https:\/\/padelhaus.mustlammas-dev.in\/fi\/kauppa\/head-evo-extreme-2025\/"]}]},{"@type":"ImageObject","inLanguage":"fi","@id":"https:\/\/padelhaus.mustlammas-dev.in\/fi\/kauppa\/head-evo-extreme-2025\/#primaryimage","url":"https:\/\/padelhaus.mustlammas-dev.in\/wp-content\/uploads\/2025\/11\/HEAD-EVO-EXTREME-20251.png","contentUrl":"https:\/\/padelhaus.mustlammas-dev.in\/wp-content\/uploads\/2025\/11\/HEAD-EVO-EXTREME-20251.png","width":960,"height":960,"caption":"HEAD EVO EXTREME 2025"},{"@type":"BreadcrumbList","@id":"https:\/\/padelhaus.mustlammas-dev.in\/fi\/kauppa\/head-evo-extreme-2025\/#breadcrumb","itemListElement":[{"@type":"ListItem","position":1,"name":"Avaleht","item":"https:\/\/padelhaus.fi\/"},{"@type":"ListItem","position":2,"name":"Kauppa","item":"https:\/\/padelhaus.fi\/kauppa\/"},{"@type":"ListItem","position":3,"name":"HEAD EVO EXTREME 2025"}]},{"@type":"WebSite","@id":"https:\/\/padelhaus.mustlammas-dev.in\/fi\/#website","url":"https:\/\/padelhaus.mustlammas-dev.in\/fi\/","name":"Claude Padelhaus","description":"Sinu padelivarustuse kodu","publisher":{"@id":"https:\/\/padelhaus.mustlammas-dev.in\/fi\/#organization"},"potentialAction":[{"@type":"SearchAction","target":{"@type":"EntryPoint","urlTemplate":"https:\/\/padelhaus.mustlammas-dev.in\/fi\/?s={search_term_string}"},"query-input":{"@type":"PropertyValueSpecification","valueRequired":true,"valueName":"search_term_string"}}],"inLanguage":"fi"},{"@type":"Organization","@id":"https:\/\/padelhaus.mustlammas-dev.in\/fi\/#organization","name":"Claude Padelhaus","url":"https:\/\/padelhaus.mustlammas-dev.in\/fi\/","logo":{"@type":"ImageObject","inLanguage":"fi","@id":"https:\/\/padelhaus.mustlammas-dev.in\/fi\/#\/schema\/logo\/image\/","url":"https:\/\/padelhaus.mustlammas-dev.in\/wp-content\/uploads\/2025\/05\/Logo-1.png","contentUrl":"https:\/\/padelhaus.mustlammas-dev.in\/wp-content\/uploads\/2025\/05\/Logo-1.png","width":280,"height":115,"caption":"Claude Padelhaus"},"image":{"@id":"https:\/\/padelhaus.mustlammas-dev.in\/fi\/#\/schema\/logo\/image\/"}}]},"product_price_amount":"84.95","product_price_currency":"EUR","og_availability":"backorder","product_availability":"available for order","product_retailer_item_id":"HEA-R-25","product_condition":"new"},"_links":{"self":[{"href":"https:\/\/padelhaus.mustlammas-dev.in\/fi\/wp-json\/wp\/v2\/product\/71112","targetHints":{"allow":["GET"]}}],"collection":[{"href":"https:\/\/padelhaus.mustlammas-dev.in\/fi\/wp-json\/wp\/v2\/product"}],"about":[{"href":"https:\/\/padelhaus.mustlammas-dev.in\/fi\/wp-json\/wp\/v2\/types\/product"}],"replies":[{"embeddable":true,"href":"https:\/\/padelhaus.mustlammas-dev.in\/fi\/wp-json\/wp\/v2\/comments?post=71112"}],"wp:featuredmedia":[{"embeddable":true,"href":"https:\/\/padelhaus.mustlammas-dev.in\/fi\/wp-json\/wp\/v2\/media\/73130"}],"wp:attachment":[{"href":"https:\/\/padelhaus.mustlammas-dev.in\/fi\/wp-json\/wp\/v2\/media?parent=71112"}],"wp:term":[{"taxonomy":"product_brand","embeddable":true,"href":"https:\/\/padelhaus.mustlammas-dev.in\/fi\/wp-json\/wp\/v2\/product_brand?post=71112"},{"taxonomy":"product_cat","embeddable":true,"href":"https:\/\/padelhaus.mustlammas-dev.in\/fi\/wp-json\/wp\/v2\/product_cat?post=71112"},{"taxonomy":"product_tag","embeddable":true,"href":"https:\/\/padelhaus.mustlammas-dev.in\/fi\/wp-json\/wp\/v2\/product_tag?post=71112"}],"curies":[{"name":"wp","href":"https:\/\/api.w.org\/{rel}","templated":true}]}}