{"id":71115,"date":"2025-11-05T15:39:34","date_gmt":"2025-11-05T13:39:34","guid":{"rendered":"https:\/\/padelhaus.mustlammas-dev.in\/pood\/nox-at10-genius-18k-alum-by-agustin-tapia-2026\/"},"modified":"2026-03-05T17:58:16","modified_gmt":"2026-03-05T15:58:16","slug":"nox-at10-genius-18k-alum-by-agustin-tapia-2026","status":"publish","type":"product","link":"https:\/\/padelhaus.mustlammas-dev.in\/fi\/kauppa\/nox-at10-genius-18k-alum-by-agustin-tapia-2026\/","title":{"rendered":"NOX AT10 GENIUS 18K ALUM BY AGUSTIN TAPIA 2026"},"content":{"rendered":"<p data-start=\"0\" data-end=\"251\">Uusi <strong>NOX AT10 Genius 18k Alum 2026<\/strong> merkitsee k\u00e4\u00e4nnekohtaa ammattimaisessa padelmaailmassa. Pisaranmuotoisella muotoilullaan maila tarjoaa monipuolisen pelityylin, joka yhdist\u00e4\u00e4 t\u00e4ydellisesti voiman ja kontrollin. Kyseess\u00e4 on Agust\u00edn Tapian virallinen maila.  <\/p>\n<h5 data-start=\"253\" data-end=\"656\">Muotoilu ja suorituskyky<\/h5>\n<p data-start=\"253\" data-end=\"656\">Mailan paino on 360\u2013375 grammia, mik\u00e4 tekee siit\u00e4 hyvin hallittavan ja vakaan. 38 mm profiili lis\u00e4\u00e4 ly\u00f6nteihin voimaa ja tarkkuutta. Dual Spin -viimeistely, joka yhdist\u00e4\u00e4 hiekkapinnan tekstuurin ja 3D-karheuden, lis\u00e4\u00e4 merkitt\u00e4v\u00e4sti pallon kierrett\u00e4 ja tehokkuutta. Lis\u00e4ksi Chromic Paint -reaktiivinen v\u00e4ri antaa mailalle modernin ja katseenvangitsevan ulkon\u00e4\u00f6n kent\u00e4ll\u00e4.   <\/p>\n<p data-start=\"253\" data-end=\"656\">T\u00e4m\u00e4 pisaranmuotoinen Nox-maila on ihanteellinen edistyneille ja ammattilaispelaajille, jotka etsiv\u00e4t monipuolista mailaa, joka mukautuu erilaisiin pelitilanteisiin. Innovatiivisen Weight Balance -j\u00e4rjestelm\u00e4n ansiosta pelaaja voi s\u00e4\u00e4t\u00e4\u00e4 mailan tasapainoa omien mieltymystens\u00e4 mukaan \u2013 suositaanko hy\u00f6kk\u00e4\u00e4v\u00e4mp\u00e4\u00e4 vai kontrolloidumpaa pelityyli\u00e4. Mailan keskim\u00e4\u00e4r\u00e4inen ly\u00f6ntituntuma tarjoaa t\u00e4ydellisen tasapainon puolustuspelin pallon ulostulon ja hy\u00f6kk\u00e4ysly\u00f6ntien voiman v\u00e4lill\u00e4, tehden siit\u00e4 ihanteellisen valinnan vaativalle pelaajalle, joka haluaa henkil\u00f6kohtaista ja maksimaalista suorituskyky\u00e4.  <\/p>\n<h5 data-start=\"1276\" data-end=\"1316\">T\u00e4rkeimm\u00e4t ominaisuudet ja teknologiat:<\/h5>\n<ul data-start=\"1317\" data-end=\"2135\" data-is-last-node=\"\" data-is-only-node=\"\">\n<li data-start=\"1317\" data-end=\"1420\">\n<p data-start=\"1319\" data-end=\"1420\"><strong data-start=\"1319\" data-end=\"1339\">Carbon 18k Alum:<\/strong> alumiinilla vahvistetut hiilikuidut, jotka parantavat kest\u00e4vyytt\u00e4 ja mukavuutta<\/p>\n<\/li>\n<li data-start=\"1421\" data-end=\"1512\">\n<p data-start=\"1423\" data-end=\"1512\"><strong data-start=\"1423\" data-end=\"1441\">MLD Black EVA:<\/strong> monikerroksinen ydin, joka optimoi pallon ulostulon ja lis\u00e4\u00e4 voimaa<\/p>\n<\/li>\n<li data-start=\"1513\" data-end=\"1580\">\n<p data-start=\"1515\" data-end=\"1580\"><strong data-start=\"1515\" data-end=\"1534\">Weight Balance:<\/strong> s\u00e4\u00e4dett\u00e4v\u00e4 vastapainoj\u00e4rjestelm\u00e4 (2 g ja 4 g)<\/p>\n<\/li>\n<li data-start=\"1581\" data-end=\"1646\">\n<p data-start=\"1583\" data-end=\"1646\"><strong data-start=\"1583\" data-end=\"1600\">Carbon Frame:<\/strong> 100 % hiilikuiturunko, joka takaa suuremman j\u00e4ykkyyden<\/p>\n<\/li>\n<li data-start=\"1647\" data-end=\"1731\">\n<p data-start=\"1649\" data-end=\"1731\"><strong data-start=\"1649\" data-end=\"1663\">Dual Spin:<\/strong> karhea pinta hiekkapinnalla ja 3D-tekstuurilla, joka lis\u00e4\u00e4 pallon kierrett\u00e4<\/p>\n<\/li>\n<li data-start=\"1732\" data-end=\"1808\">\n<p data-start=\"1734\" data-end=\"1808\"><strong data-start=\"1734\" data-end=\"1749\">EOS Tunnel:<\/strong> sivuttaiset aukot, jotka parantavat aerodynamiikkaa ja tarkkuutta<\/p>\n<\/li>\n<li data-start=\"1809\" data-end=\"1870\">\n<p data-start=\"1811\" data-end=\"1870\"><strong data-start=\"1811\" data-end=\"1829\">Oversize Grip:<\/strong> pidennetty kahva paremman otteen saamiseksi<\/p>\n<\/li>\n<li data-start=\"1871\" data-end=\"1940\">\n<p data-start=\"1873\" data-end=\"1940\"><strong data-start=\"1873\" data-end=\"1890\">Pulse System:<\/strong> v\u00e4rin\u00e4n v\u00e4hent\u00e4minen sivuttaisten kumien avulla<\/p>\n<\/li>\n<li data-start=\"1941\" data-end=\"2017\">\n<p data-start=\"1943\" data-end=\"2017\"><strong data-start=\"1943\" data-end=\"1959\">Custom Grip:<\/strong> Noxin patentoitu teknologia, joka parantaa pitoa<\/p>\n<\/li>\n<li data-start=\"2018\" data-end=\"2057\">\n<p data-start=\"2020\" data-end=\"2057\"><strong data-start=\"2020\" data-end=\"2035\">Smartstrap:<\/strong> vaihdettava turvanauha<\/p>\n<\/li>\n<li data-start=\"2058\" data-end=\"2135\" data-is-last-node=\"\">\n<p data-start=\"2060\" data-end=\"2135\" data-is-last-node=\"\"><strong data-start=\"2060\" data-end=\"2083\">Photochromic Paint:<\/strong> reaktiivinen v\u00e4ri, joka yhdist\u00e4\u00e4 estetiikan ja moderniuden<\/p>\n<\/li>\n<\/ul>\n","protected":false},"excerpt":{"rendered":"<p>Uusi NOX AT10 Genius 18k Alum 2026 merkitsee k\u00e4\u00e4nnekohtaa ammattimaisessa padelmaailmassa. Pisaranmuotoisella muotoilullaan maila tarjoaa monipuolisen pelityylin, joka yhdist\u00e4\u00e4 t\u00e4ydellisesti voiman ja kontrollin. Kyseess\u00e4 on Agust\u00edn Tapian virallinen maila. Muotoilu ja suorituskyky Mailan paino on 360\u2013375 grammia, mik\u00e4 tekee siit\u00e4 hyvin hallittavan ja vakaan. 38 mm profiili lis\u00e4\u00e4 ly\u00f6nteihin voimaa ja tarkkuutta. Dual Spin -viimeistely, [&hellip;]<\/p>\n","protected":false},"featured_media":71116,"comment_status":"open","ping_status":"closed","template":"","meta":{"_eb_attr":""},"product_brand":[493],"product_cat":[496,497,494],"product_tag":[],"class_list":{"0":"post-71115","1":"product","2":"type-product","3":"status-publish","4":"has-post-thumbnail","6":"product_brand-nox","7":"product_cat-edistynyt","8":"product_cat-nox","9":"product_cat-padelmailat","10":"pa_kaal-370-g","11":"pa_kuju-pisaranmuotoinen","12":"pa_mangustiil-hybridi","13":"pa_tasakaal-keskella","14":"pa_tase-edistynyt","15":"pa_varv-musta","18":"first","19":"instock","20":"sale","21":"taxable","22":"shipping-taxable","23":"purchasable","24":"product-type-simple"},"yoast_head":"<!-- This site is optimized with the Yoast SEO Premium plugin v27.1 (Yoast SEO v27.1.1) - https:\/\/yoast.com\/product\/yoast-seo-premium-wordpress\/ -->\n<title>NOX AT10 GENIUS 18K ALUM BY AGUSTIN TAPIA 2026 | Test Padelhaus<\/title>\n<meta name=\"description\" content=\"Padelmailat ja padelvarusteet edullisesti. Padelhaus on padel verkkokauppa, josta l\u00f6yd\u00e4t parhaat padelmailat kaikille tasoille.\" \/>\n<meta name=\"robots\" content=\"noindex, follow, max-snippet:-1, max-image-preview:large, max-video-preview:-1\" \/>\n<meta property=\"og:locale\" content=\"fi_FI\" \/>\n<meta property=\"og:type\" content=\"article\" \/>\n<meta property=\"og:title\" content=\"NOX AT10 GENIUS 18K ALUM BY AGUSTIN TAPIA 2026\" \/>\n<meta property=\"og:description\" content=\"Padelmailat ja padelvarusteet edullisesti. Padelhaus on padel verkkokauppa, josta l\u00f6yd\u00e4t parhaat padelmailat kaikille tasoille.\" \/>\n<meta property=\"og:url\" content=\"https:\/\/padelhaus.mustlammas-dev.in\/fi\/kauppa\/nox-at10-genius-18k-alum-by-agustin-tapia-2026\/\" \/>\n<meta property=\"og:site_name\" content=\"Test Padelhaus\" \/>\n<meta property=\"article:modified_time\" content=\"2026-03-05T15:58:16+00:00\" \/>\n<meta property=\"og:image\" content=\"https:\/\/padelhaus.mustlammas-dev.in\/wp-content\/uploads\/2025\/11\/NOX-AT10-GENIUS-18K-ALUM-BY-AGUSTIN-TAPIA-2026.png\" \/>\n\t<meta property=\"og:image:width\" content=\"960\" \/>\n\t<meta property=\"og:image:height\" content=\"960\" \/>\n\t<meta property=\"og:image:type\" content=\"image\/png\" \/>\n<meta name=\"twitter:card\" content=\"summary_large_image\" \/>\n<meta name=\"twitter:label1\" content=\"Hinta\" \/>\n\t<meta name=\"twitter:data1\" content=\"289,95&nbsp;&euro;\" \/>\n\t<meta name=\"twitter:label2\" content=\"Saatavuus\" \/>\n\t<meta name=\"twitter:data2\" content=\"Varastossa\" \/>\n<script type=\"application\/ld+json\" class=\"yoast-schema-graph\">{\"@context\":\"https:\/\/schema.org\",\"@graph\":[{\"@type\":[\"WebPage\",\"ItemPage\"],\"@id\":\"https:\/\/padelhaus.mustlammas-dev.in\/fi\/kauppa\/nox-at10-genius-18k-alum-by-agustin-tapia-2026\/\",\"url\":\"https:\/\/padelhaus.mustlammas-dev.in\/fi\/kauppa\/nox-at10-genius-18k-alum-by-agustin-tapia-2026\/\",\"name\":\"NOX AT10 GENIUS 18K ALUM BY AGUSTIN TAPIA 2026 | Test Padelhaus\",\"isPartOf\":{\"@id\":\"https:\/\/padelhaus.mustlammas-dev.in\/fi\/#website\"},\"primaryImageOfPage\":{\"@id\":\"https:\/\/padelhaus.mustlammas-dev.in\/fi\/kauppa\/nox-at10-genius-18k-alum-by-agustin-tapia-2026\/#primaryimage\"},\"image\":{\"@id\":\"https:\/\/padelhaus.mustlammas-dev.in\/fi\/kauppa\/nox-at10-genius-18k-alum-by-agustin-tapia-2026\/#primaryimage\"},\"thumbnailUrl\":\"https:\/\/padelhaus.mustlammas-dev.in\/wp-content\/uploads\/2025\/11\/NOX-AT10-GENIUS-18K-ALUM-BY-AGUSTIN-TAPIA-2026.png\",\"datePublished\":\"2025-11-05T13:39:34+00:00\",\"dateModified\":\"2026-03-05T15:58:16+00:00\",\"description\":\"Padelmailat ja padelvarusteet edullisesti. Padelhaus on padel verkkokauppa, josta l\u00f6yd\u00e4t parhaat padelmailat kaikille tasoille.\",\"breadcrumb\":{\"@id\":\"https:\/\/padelhaus.mustlammas-dev.in\/fi\/kauppa\/nox-at10-genius-18k-alum-by-agustin-tapia-2026\/#breadcrumb\"},\"inLanguage\":\"fi\",\"potentialAction\":[{\"@type\":\"ReadAction\",\"target\":[\"https:\/\/padelhaus.mustlammas-dev.in\/fi\/kauppa\/nox-at10-genius-18k-alum-by-agustin-tapia-2026\/\"]}]},{\"@type\":\"ImageObject\",\"inLanguage\":\"fi\",\"@id\":\"https:\/\/padelhaus.mustlammas-dev.in\/fi\/kauppa\/nox-at10-genius-18k-alum-by-agustin-tapia-2026\/#primaryimage\",\"url\":\"https:\/\/padelhaus.mustlammas-dev.in\/wp-content\/uploads\/2025\/11\/NOX-AT10-GENIUS-18K-ALUM-BY-AGUSTIN-TAPIA-2026.png\",\"contentUrl\":\"https:\/\/padelhaus.mustlammas-dev.in\/wp-content\/uploads\/2025\/11\/NOX-AT10-GENIUS-18K-ALUM-BY-AGUSTIN-TAPIA-2026.png\",\"width\":960,\"height\":960,\"caption\":\"NOX AT10 GENIUS 18K ALUM BY AGUSTIN TAPIA 2026\"},{\"@type\":\"BreadcrumbList\",\"@id\":\"https:\/\/padelhaus.mustlammas-dev.in\/fi\/kauppa\/nox-at10-genius-18k-alum-by-agustin-tapia-2026\/#breadcrumb\",\"itemListElement\":[{\"@type\":\"ListItem\",\"position\":1,\"name\":\"Avaleht\",\"item\":\"https:\/\/padelhaus.fi\/\"},{\"@type\":\"ListItem\",\"position\":2,\"name\":\"Kauppa\",\"item\":\"https:\/\/padelhaus.fi\/kauppa\/\"},{\"@type\":\"ListItem\",\"position\":3,\"name\":\"NOX AT10 GENIUS 18K ALUM BY AGUSTIN TAPIA 2026\"}]},{\"@type\":\"WebSite\",\"@id\":\"https:\/\/padelhaus.mustlammas-dev.in\/fi\/#website\",\"url\":\"https:\/\/padelhaus.mustlammas-dev.in\/fi\/\",\"name\":\"Claude Padelhaus\",\"description\":\"Sinu padelivarustuse kodu\",\"publisher\":{\"@id\":\"https:\/\/padelhaus.mustlammas-dev.in\/fi\/#organization\"},\"potentialAction\":[{\"@type\":\"SearchAction\",\"target\":{\"@type\":\"EntryPoint\",\"urlTemplate\":\"https:\/\/padelhaus.mustlammas-dev.in\/fi\/?s={search_term_string}\"},\"query-input\":{\"@type\":\"PropertyValueSpecification\",\"valueRequired\":true,\"valueName\":\"search_term_string\"}}],\"inLanguage\":\"fi\"},{\"@type\":\"Organization\",\"@id\":\"https:\/\/padelhaus.mustlammas-dev.in\/fi\/#organization\",\"name\":\"Claude Padelhaus\",\"url\":\"https:\/\/padelhaus.mustlammas-dev.in\/fi\/\",\"logo\":{\"@type\":\"ImageObject\",\"inLanguage\":\"fi\",\"@id\":\"https:\/\/padelhaus.mustlammas-dev.in\/fi\/#\/schema\/logo\/image\/\",\"url\":\"https:\/\/padelhaus.mustlammas-dev.in\/wp-content\/uploads\/2025\/05\/Logo-1.png\",\"contentUrl\":\"https:\/\/padelhaus.mustlammas-dev.in\/wp-content\/uploads\/2025\/05\/Logo-1.png\",\"width\":280,\"height\":115,\"caption\":\"Claude Padelhaus\"},\"image\":{\"@id\":\"https:\/\/padelhaus.mustlammas-dev.in\/fi\/#\/schema\/logo\/image\/\"}}]}<\/script>\n<meta property=\"product:price:amount\" content=\"289.95\" \/>\n<meta property=\"product:price:currency\" content=\"EUR\" \/>\n<meta property=\"og:availability\" content=\"instock\" \/>\n<meta property=\"product:availability\" content=\"instock\" \/>\n<meta property=\"product:retailer_item_id\" content=\"NOX-R-23\" \/>\n<meta property=\"product:condition\" content=\"new\" \/>\n<!-- \/ Yoast SEO Premium plugin. -->","yoast_head_json":{"title":"NOX AT10 GENIUS 18K ALUM BY AGUSTIN TAPIA 2026 | Test Padelhaus","description":"Padelmailat ja padelvarusteet edullisesti. Padelhaus on padel verkkokauppa, josta l\u00f6yd\u00e4t parhaat padelmailat kaikille tasoille.","robots":{"index":"noindex","follow":"follow","max-snippet":"max-snippet:-1","max-image-preview":"max-image-preview:large","max-video-preview":"max-video-preview:-1"},"og_locale":"fi_FI","og_type":"article","og_title":"NOX AT10 GENIUS 18K ALUM BY AGUSTIN TAPIA 2026","og_description":"Padelmailat ja padelvarusteet edullisesti. Padelhaus on padel verkkokauppa, josta l\u00f6yd\u00e4t parhaat padelmailat kaikille tasoille.","og_url":"https:\/\/padelhaus.mustlammas-dev.in\/fi\/kauppa\/nox-at10-genius-18k-alum-by-agustin-tapia-2026\/","og_site_name":"Test Padelhaus","article_modified_time":"2026-03-05T15:58:16+00:00","og_image":[{"width":960,"height":960,"url":"https:\/\/padelhaus.mustlammas-dev.in\/wp-content\/uploads\/2025\/11\/NOX-AT10-GENIUS-18K-ALUM-BY-AGUSTIN-TAPIA-2026.png","type":"image\/png"}],"twitter_card":"summary_large_image","twitter_misc":{"Hinta":"289,95&nbsp;&euro;","Saatavuus":"Varastossa"},"schema":{"@context":"https:\/\/schema.org","@graph":[{"@type":["WebPage","ItemPage"],"@id":"https:\/\/padelhaus.mustlammas-dev.in\/fi\/kauppa\/nox-at10-genius-18k-alum-by-agustin-tapia-2026\/","url":"https:\/\/padelhaus.mustlammas-dev.in\/fi\/kauppa\/nox-at10-genius-18k-alum-by-agustin-tapia-2026\/","name":"NOX AT10 GENIUS 18K ALUM BY AGUSTIN TAPIA 2026 | Test Padelhaus","isPartOf":{"@id":"https:\/\/padelhaus.mustlammas-dev.in\/fi\/#website"},"primaryImageOfPage":{"@id":"https:\/\/padelhaus.mustlammas-dev.in\/fi\/kauppa\/nox-at10-genius-18k-alum-by-agustin-tapia-2026\/#primaryimage"},"image":{"@id":"https:\/\/padelhaus.mustlammas-dev.in\/fi\/kauppa\/nox-at10-genius-18k-alum-by-agustin-tapia-2026\/#primaryimage"},"thumbnailUrl":"https:\/\/padelhaus.mustlammas-dev.in\/wp-content\/uploads\/2025\/11\/NOX-AT10-GENIUS-18K-ALUM-BY-AGUSTIN-TAPIA-2026.png","datePublished":"2025-11-05T13:39:34+00:00","dateModified":"2026-03-05T15:58:16+00:00","description":"Padelmailat ja padelvarusteet edullisesti. Padelhaus on padel verkkokauppa, josta l\u00f6yd\u00e4t parhaat padelmailat kaikille tasoille.","breadcrumb":{"@id":"https:\/\/padelhaus.mustlammas-dev.in\/fi\/kauppa\/nox-at10-genius-18k-alum-by-agustin-tapia-2026\/#breadcrumb"},"inLanguage":"fi","potentialAction":[{"@type":"ReadAction","target":["https:\/\/padelhaus.mustlammas-dev.in\/fi\/kauppa\/nox-at10-genius-18k-alum-by-agustin-tapia-2026\/"]}]},{"@type":"ImageObject","inLanguage":"fi","@id":"https:\/\/padelhaus.mustlammas-dev.in\/fi\/kauppa\/nox-at10-genius-18k-alum-by-agustin-tapia-2026\/#primaryimage","url":"https:\/\/padelhaus.mustlammas-dev.in\/wp-content\/uploads\/2025\/11\/NOX-AT10-GENIUS-18K-ALUM-BY-AGUSTIN-TAPIA-2026.png","contentUrl":"https:\/\/padelhaus.mustlammas-dev.in\/wp-content\/uploads\/2025\/11\/NOX-AT10-GENIUS-18K-ALUM-BY-AGUSTIN-TAPIA-2026.png","width":960,"height":960,"caption":"NOX AT10 GENIUS 18K ALUM BY AGUSTIN TAPIA 2026"},{"@type":"BreadcrumbList","@id":"https:\/\/padelhaus.mustlammas-dev.in\/fi\/kauppa\/nox-at10-genius-18k-alum-by-agustin-tapia-2026\/#breadcrumb","itemListElement":[{"@type":"ListItem","position":1,"name":"Avaleht","item":"https:\/\/padelhaus.fi\/"},{"@type":"ListItem","position":2,"name":"Kauppa","item":"https:\/\/padelhaus.fi\/kauppa\/"},{"@type":"ListItem","position":3,"name":"NOX AT10 GENIUS 18K ALUM BY AGUSTIN TAPIA 2026"}]},{"@type":"WebSite","@id":"https:\/\/padelhaus.mustlammas-dev.in\/fi\/#website","url":"https:\/\/padelhaus.mustlammas-dev.in\/fi\/","name":"Claude Padelhaus","description":"Sinu padelivarustuse kodu","publisher":{"@id":"https:\/\/padelhaus.mustlammas-dev.in\/fi\/#organization"},"potentialAction":[{"@type":"SearchAction","target":{"@type":"EntryPoint","urlTemplate":"https:\/\/padelhaus.mustlammas-dev.in\/fi\/?s={search_term_string}"},"query-input":{"@type":"PropertyValueSpecification","valueRequired":true,"valueName":"search_term_string"}}],"inLanguage":"fi"},{"@type":"Organization","@id":"https:\/\/padelhaus.mustlammas-dev.in\/fi\/#organization","name":"Claude Padelhaus","url":"https:\/\/padelhaus.mustlammas-dev.in\/fi\/","logo":{"@type":"ImageObject","inLanguage":"fi","@id":"https:\/\/padelhaus.mustlammas-dev.in\/fi\/#\/schema\/logo\/image\/","url":"https:\/\/padelhaus.mustlammas-dev.in\/wp-content\/uploads\/2025\/05\/Logo-1.png","contentUrl":"https:\/\/padelhaus.mustlammas-dev.in\/wp-content\/uploads\/2025\/05\/Logo-1.png","width":280,"height":115,"caption":"Claude Padelhaus"},"image":{"@id":"https:\/\/padelhaus.mustlammas-dev.in\/fi\/#\/schema\/logo\/image\/"}}]},"product_price_amount":"289.95","product_price_currency":"EUR","og_availability":"instock","product_availability":"instock","product_retailer_item_id":"NOX-R-23","product_condition":"new"},"_links":{"self":[{"href":"https:\/\/padelhaus.mustlammas-dev.in\/fi\/wp-json\/wp\/v2\/product\/71115","targetHints":{"allow":["GET"]}}],"collection":[{"href":"https:\/\/padelhaus.mustlammas-dev.in\/fi\/wp-json\/wp\/v2\/product"}],"about":[{"href":"https:\/\/padelhaus.mustlammas-dev.in\/fi\/wp-json\/wp\/v2\/types\/product"}],"replies":[{"embeddable":true,"href":"https:\/\/padelhaus.mustlammas-dev.in\/fi\/wp-json\/wp\/v2\/comments?post=71115"}],"wp:featuredmedia":[{"embeddable":true,"href":"https:\/\/padelhaus.mustlammas-dev.in\/fi\/wp-json\/wp\/v2\/media\/71116"}],"wp:attachment":[{"href":"https:\/\/padelhaus.mustlammas-dev.in\/fi\/wp-json\/wp\/v2\/media?parent=71115"}],"wp:term":[{"taxonomy":"product_brand","embeddable":true,"href":"https:\/\/padelhaus.mustlammas-dev.in\/fi\/wp-json\/wp\/v2\/product_brand?post=71115"},{"taxonomy":"product_cat","embeddable":true,"href":"https:\/\/padelhaus.mustlammas-dev.in\/fi\/wp-json\/wp\/v2\/product_cat?post=71115"},{"taxonomy":"product_tag","embeddable":true,"href":"https:\/\/padelhaus.mustlammas-dev.in\/fi\/wp-json\/wp\/v2\/product_tag?post=71115"}],"curies":[{"name":"wp","href":"https:\/\/api.w.org\/{rel}","templated":true}]}}