{"id":71145,"date":"2025-11-18T13:54:36","date_gmt":"2025-11-18T11:54:36","guid":{"rendered":"https:\/\/padelhaus.mustlammas-dev.in\/pood\/siux-diablo-elite-4-2025\/"},"modified":"2026-03-05T17:58:05","modified_gmt":"2026-03-05T15:58:05","slug":"siux-diablo-elite-4-2025","status":"publish","type":"product","link":"https:\/\/padelhaus.mustlammas-dev.in\/fi\/kauppa\/siux-diablo-elite-4-2025\/","title":{"rendered":"Siux Diablo Elite 4 2025"},"content":{"rendered":"<p><strong>Siux Diablo 4 Elite 2025<\/strong> on ihanteellinen padelmaila vaativalle pelaajalle, joka etsii huipputason suorituskyky\u00e4 jokaisessa ly\u00f6nniss\u00e4. Sen hybridimuoto ja keskitasapaino tekev\u00e4t mailasta monipuolisen \u2013 se tarjoaa sek\u00e4 tarkkuutta ett\u00e4 voimaa juuri pelin ratkaisevilla hetkill\u00e4. Kevyt paino ja elegantti mattapinta tekev\u00e4t siit\u00e4 tyylikk\u00e4\u00e4n ja laadukkaan valinnan kent\u00e4ll\u00e4.  <\/p>\n<h5 data-start=\"382\" data-end=\"778\">Diablo Elite 4 \u2013 edistyneelle pelaajalle<\/h5>\n<p data-start=\"382\" data-end=\"778\">Jos olet ammattilainen tai edistynyt padelpelaaja, joka arvostaa kontrollia, mutta ei halua luopua voimakkaasta lopetusly\u00f6nnist\u00e4 verkolla, t\u00e4m\u00e4 Siux 2025 miesten padelmaila on juuri sinulle.<br data-start=\"623\" data-end=\"626\">Laadukkaiden materiaalien yhdistelm\u00e4 mahdollistaa monipuolisen pelaamisen, tarkkojen ly\u00f6ntien ja r\u00e4j\u00e4ht\u00e4vien lopetusten suorittamisen vaivattomasti.<\/p>\n<h5 data-start=\"780\" data-end=\"819\">T\u00e4rkeimm\u00e4t ominaisuudet ja teknologiat<\/h5>\n<ul data-start=\"820\" data-end=\"1271\" data-is-last-node=\"\" data-is-only-node=\"\">\n<li data-start=\"820\" data-end=\"886\">\n<p data-start=\"822\" data-end=\"886\"><strong data-start=\"822\" data-end=\"841\">12K hiilikuitupinta<\/strong> \u2013 erityinen lujuus ja tarkka pallon irtoaminen<\/p>\n<\/li>\n<li data-start=\"887\" data-end=\"949\">\n<p data-start=\"889\" data-end=\"949\"><strong data-start=\"889\" data-end=\"904\">EVA-ydin<\/strong> \u2013 mukava ly\u00f6ntituntuma ja erinomainen kontrolli<\/p>\n<\/li>\n<li data-start=\"950\" data-end=\"1022\">\n<p data-start=\"952\" data-end=\"1022\"><strong data-start=\"952\" data-end=\"988\">Hybridimuoto ja keskitasapaino<\/strong> \u2013 tasapainoiset peliominaisuudet<\/p>\n<\/li>\n<li data-start=\"1023\" data-end=\"1078\">\n<p data-start=\"1025\" data-end=\"1078\"><strong data-start=\"1025\" data-end=\"1044\">Mattapinta<\/strong> \u2013 moderni ja elegantti ulkon\u00e4k\u00f6<\/p>\n<\/li>\n<li data-start=\"1079\" data-end=\"1170\">\n<p data-start=\"1081\" data-end=\"1170\"><strong data-start=\"1081\" data-end=\"1099\">Optimized Spot<\/strong> \u2013 laajennettu osuma-alue, joka antaa varmuutta ja tehokkuutta ly\u00f6nteihin<\/p>\n<\/li>\n<li data-start=\"1171\" data-end=\"1234\">\n<p data-start=\"1173\" data-end=\"1234\"><strong data-start=\"1173\" data-end=\"1197\">Vahva 3K hiilikuiturunko<\/strong> \u2013 parempi kest\u00e4vyys ja vakaus<\/p>\n<\/li>\n<li data-start=\"1235\" data-end=\"1271\" data-is-last-node=\"\">\n<p data-start=\"1237\" data-end=\"1271\" data-is-last-node=\"\"><strong data-start=\"1237\" data-end=\"1258\">Elite Series 2025<\/strong> -kokoelma<\/p>\n<\/li>\n<\/ul>\n","protected":false},"excerpt":{"rendered":"<p>Siux Diablo 4 Elite 2025 on ihanteellinen padelmaila vaativalle pelaajalle, joka etsii huipputason suorituskyky\u00e4 jokaisessa ly\u00f6nniss\u00e4. Sen hybridimuoto ja keskitasapaino tekev\u00e4t mailasta monipuolisen \u2013 se tarjoaa sek\u00e4 tarkkuutta ett\u00e4 voimaa juuri pelin ratkaisevilla hetkill\u00e4. Kevyt paino ja elegantti mattapinta tekev\u00e4t siit\u00e4 tyylikk\u00e4\u00e4n ja laadukkaan valinnan kent\u00e4ll\u00e4. Diablo Elite 4 \u2013 edistyneelle pelaajalle Jos olet ammattilainen [&hellip;]<\/p>\n","protected":false},"featured_media":71147,"comment_status":"open","ping_status":"closed","template":"","meta":{"_eb_attr":""},"product_brand":[527],"product_cat":[496,494,528],"product_tag":[],"class_list":{"0":"post-71145","1":"product","2":"type-product","3":"status-publish","4":"has-post-thumbnail","6":"product_brand-siux","7":"product_cat-edistynyt","8":"product_cat-padelmailat","9":"product_cat-siux","10":"pa_kaal-365g","11":"pa_kuju-pisaranmuotoinen","12":"pa_mangustiil-hybridi","13":"pa_tasakaal-keskella","14":"pa_tase-edistynyt","15":"pa_varv-musta","18":"first","19":"instock","20":"sale","21":"taxable","22":"shipping-taxable","23":"purchasable","24":"product-type-simple"},"yoast_head":"<!-- This site is optimized with the Yoast SEO Premium plugin v27.1 (Yoast SEO v27.1.1) - https:\/\/yoast.com\/product\/yoast-seo-premium-wordpress\/ -->\n<title>Siux Diablo Elite 4 2025 | Test Padelhaus<\/title>\n<meta name=\"description\" content=\"Padelmailat ja padelvarusteet edullisesti. Padelhaus on padel verkkokauppa, josta l\u00f6yd\u00e4t parhaat padelmailat kaikille tasoille.\" \/>\n<meta name=\"robots\" content=\"noindex, follow, max-snippet:-1, max-image-preview:large, max-video-preview:-1\" \/>\n<meta property=\"og:locale\" content=\"fi_FI\" \/>\n<meta property=\"og:type\" content=\"article\" \/>\n<meta property=\"og:title\" content=\"Siux Diablo Elite 4 2025\" \/>\n<meta property=\"og:description\" content=\"Padelmailat ja padelvarusteet edullisesti. Padelhaus on padel verkkokauppa, josta l\u00f6yd\u00e4t parhaat padelmailat kaikille tasoille.\" \/>\n<meta property=\"og:url\" content=\"https:\/\/padelhaus.mustlammas-dev.in\/fi\/kauppa\/siux-diablo-elite-4-2025\/\" \/>\n<meta property=\"og:site_name\" content=\"Test Padelhaus\" \/>\n<meta property=\"article:modified_time\" content=\"2026-03-05T15:58:05+00:00\" \/>\n<meta property=\"og:image\" content=\"https:\/\/padelhaus.mustlammas-dev.in\/wp-content\/uploads\/2025\/11\/beezdiablo-1.webp\" \/>\n\t<meta property=\"og:image:width\" content=\"960\" \/>\n\t<meta property=\"og:image:height\" content=\"960\" \/>\n\t<meta property=\"og:image:type\" content=\"image\/webp\" \/>\n<meta name=\"twitter:card\" content=\"summary_large_image\" \/>\n<meta name=\"twitter:label1\" content=\"Hinta\" \/>\n\t<meta name=\"twitter:data1\" content=\"137,00&nbsp;&euro;\" \/>\n\t<meta name=\"twitter:label2\" content=\"Saatavuus\" \/>\n\t<meta name=\"twitter:data2\" content=\"Varastossa\" \/>\n<script type=\"application\/ld+json\" class=\"yoast-schema-graph\">{\"@context\":\"https:\/\/schema.org\",\"@graph\":[{\"@type\":[\"WebPage\",\"ItemPage\"],\"@id\":\"https:\/\/padelhaus.mustlammas-dev.in\/fi\/kauppa\/siux-diablo-elite-4-2025\/\",\"url\":\"https:\/\/padelhaus.mustlammas-dev.in\/fi\/kauppa\/siux-diablo-elite-4-2025\/\",\"name\":\"Siux Diablo Elite 4 2025 | Test Padelhaus\",\"isPartOf\":{\"@id\":\"https:\/\/padelhaus.mustlammas-dev.in\/fi\/#website\"},\"primaryImageOfPage\":{\"@id\":\"https:\/\/padelhaus.mustlammas-dev.in\/fi\/kauppa\/siux-diablo-elite-4-2025\/#primaryimage\"},\"image\":{\"@id\":\"https:\/\/padelhaus.mustlammas-dev.in\/fi\/kauppa\/siux-diablo-elite-4-2025\/#primaryimage\"},\"thumbnailUrl\":\"https:\/\/padelhaus.mustlammas-dev.in\/wp-content\/uploads\/2025\/11\/beezdiablo-1.webp\",\"datePublished\":\"2025-11-18T11:54:36+00:00\",\"dateModified\":\"2026-03-05T15:58:05+00:00\",\"description\":\"Padelmailat ja padelvarusteet edullisesti. Padelhaus on padel verkkokauppa, josta l\u00f6yd\u00e4t parhaat padelmailat kaikille tasoille.\",\"breadcrumb\":{\"@id\":\"https:\/\/padelhaus.mustlammas-dev.in\/fi\/kauppa\/siux-diablo-elite-4-2025\/#breadcrumb\"},\"inLanguage\":\"fi\",\"potentialAction\":[{\"@type\":\"ReadAction\",\"target\":[\"https:\/\/padelhaus.mustlammas-dev.in\/fi\/kauppa\/siux-diablo-elite-4-2025\/\"]}]},{\"@type\":\"ImageObject\",\"inLanguage\":\"fi\",\"@id\":\"https:\/\/padelhaus.mustlammas-dev.in\/fi\/kauppa\/siux-diablo-elite-4-2025\/#primaryimage\",\"url\":\"https:\/\/padelhaus.mustlammas-dev.in\/wp-content\/uploads\/2025\/11\/beezdiablo-1.webp\",\"contentUrl\":\"https:\/\/padelhaus.mustlammas-dev.in\/wp-content\/uploads\/2025\/11\/beezdiablo-1.webp\",\"width\":960,\"height\":960,\"caption\":\"SIUX DIABLO ELITE 4 2025\"},{\"@type\":\"BreadcrumbList\",\"@id\":\"https:\/\/padelhaus.mustlammas-dev.in\/fi\/kauppa\/siux-diablo-elite-4-2025\/#breadcrumb\",\"itemListElement\":[{\"@type\":\"ListItem\",\"position\":1,\"name\":\"Avaleht\",\"item\":\"https:\/\/padelhaus.fi\/\"},{\"@type\":\"ListItem\",\"position\":2,\"name\":\"Kauppa\",\"item\":\"https:\/\/padelhaus.fi\/kauppa\/\"},{\"@type\":\"ListItem\",\"position\":3,\"name\":\"Siux Diablo Elite 4 2025\"}]},{\"@type\":\"WebSite\",\"@id\":\"https:\/\/padelhaus.mustlammas-dev.in\/fi\/#website\",\"url\":\"https:\/\/padelhaus.mustlammas-dev.in\/fi\/\",\"name\":\"Claude Padelhaus\",\"description\":\"Sinu padelivarustuse kodu\",\"publisher\":{\"@id\":\"https:\/\/padelhaus.mustlammas-dev.in\/fi\/#organization\"},\"potentialAction\":[{\"@type\":\"SearchAction\",\"target\":{\"@type\":\"EntryPoint\",\"urlTemplate\":\"https:\/\/padelhaus.mustlammas-dev.in\/fi\/?s={search_term_string}\"},\"query-input\":{\"@type\":\"PropertyValueSpecification\",\"valueRequired\":true,\"valueName\":\"search_term_string\"}}],\"inLanguage\":\"fi\"},{\"@type\":\"Organization\",\"@id\":\"https:\/\/padelhaus.mustlammas-dev.in\/fi\/#organization\",\"name\":\"Claude Padelhaus\",\"url\":\"https:\/\/padelhaus.mustlammas-dev.in\/fi\/\",\"logo\":{\"@type\":\"ImageObject\",\"inLanguage\":\"fi\",\"@id\":\"https:\/\/padelhaus.mustlammas-dev.in\/fi\/#\/schema\/logo\/image\/\",\"url\":\"https:\/\/padelhaus.mustlammas-dev.in\/wp-content\/uploads\/2025\/05\/Logo-1.png\",\"contentUrl\":\"https:\/\/padelhaus.mustlammas-dev.in\/wp-content\/uploads\/2025\/05\/Logo-1.png\",\"width\":280,\"height\":115,\"caption\":\"Claude Padelhaus\"},\"image\":{\"@id\":\"https:\/\/padelhaus.mustlammas-dev.in\/fi\/#\/schema\/logo\/image\/\"}}]}<\/script>\n<meta property=\"product:price:amount\" content=\"137.00\" \/>\n<meta property=\"product:price:currency\" content=\"EUR\" \/>\n<meta property=\"og:availability\" content=\"instock\" \/>\n<meta property=\"product:availability\" content=\"instock\" \/>\n<meta property=\"product:retailer_item_id\" content=\"SIU-R-1\" \/>\n<meta property=\"product:condition\" content=\"new\" \/>\n<!-- \/ Yoast SEO Premium plugin. -->","yoast_head_json":{"title":"Siux Diablo Elite 4 2025 | Test Padelhaus","description":"Padelmailat ja padelvarusteet edullisesti. Padelhaus on padel verkkokauppa, josta l\u00f6yd\u00e4t parhaat padelmailat kaikille tasoille.","robots":{"index":"noindex","follow":"follow","max-snippet":"max-snippet:-1","max-image-preview":"max-image-preview:large","max-video-preview":"max-video-preview:-1"},"og_locale":"fi_FI","og_type":"article","og_title":"Siux Diablo Elite 4 2025","og_description":"Padelmailat ja padelvarusteet edullisesti. Padelhaus on padel verkkokauppa, josta l\u00f6yd\u00e4t parhaat padelmailat kaikille tasoille.","og_url":"https:\/\/padelhaus.mustlammas-dev.in\/fi\/kauppa\/siux-diablo-elite-4-2025\/","og_site_name":"Test Padelhaus","article_modified_time":"2026-03-05T15:58:05+00:00","og_image":[{"width":960,"height":960,"url":"https:\/\/padelhaus.mustlammas-dev.in\/wp-content\/uploads\/2025\/11\/beezdiablo-1.webp","type":"image\/webp"}],"twitter_card":"summary_large_image","twitter_misc":{"Hinta":"137,00&nbsp;&euro;","Saatavuus":"Varastossa"},"schema":{"@context":"https:\/\/schema.org","@graph":[{"@type":["WebPage","ItemPage"],"@id":"https:\/\/padelhaus.mustlammas-dev.in\/fi\/kauppa\/siux-diablo-elite-4-2025\/","url":"https:\/\/padelhaus.mustlammas-dev.in\/fi\/kauppa\/siux-diablo-elite-4-2025\/","name":"Siux Diablo Elite 4 2025 | Test Padelhaus","isPartOf":{"@id":"https:\/\/padelhaus.mustlammas-dev.in\/fi\/#website"},"primaryImageOfPage":{"@id":"https:\/\/padelhaus.mustlammas-dev.in\/fi\/kauppa\/siux-diablo-elite-4-2025\/#primaryimage"},"image":{"@id":"https:\/\/padelhaus.mustlammas-dev.in\/fi\/kauppa\/siux-diablo-elite-4-2025\/#primaryimage"},"thumbnailUrl":"https:\/\/padelhaus.mustlammas-dev.in\/wp-content\/uploads\/2025\/11\/beezdiablo-1.webp","datePublished":"2025-11-18T11:54:36+00:00","dateModified":"2026-03-05T15:58:05+00:00","description":"Padelmailat ja padelvarusteet edullisesti. Padelhaus on padel verkkokauppa, josta l\u00f6yd\u00e4t parhaat padelmailat kaikille tasoille.","breadcrumb":{"@id":"https:\/\/padelhaus.mustlammas-dev.in\/fi\/kauppa\/siux-diablo-elite-4-2025\/#breadcrumb"},"inLanguage":"fi","potentialAction":[{"@type":"ReadAction","target":["https:\/\/padelhaus.mustlammas-dev.in\/fi\/kauppa\/siux-diablo-elite-4-2025\/"]}]},{"@type":"ImageObject","inLanguage":"fi","@id":"https:\/\/padelhaus.mustlammas-dev.in\/fi\/kauppa\/siux-diablo-elite-4-2025\/#primaryimage","url":"https:\/\/padelhaus.mustlammas-dev.in\/wp-content\/uploads\/2025\/11\/beezdiablo-1.webp","contentUrl":"https:\/\/padelhaus.mustlammas-dev.in\/wp-content\/uploads\/2025\/11\/beezdiablo-1.webp","width":960,"height":960,"caption":"SIUX DIABLO ELITE 4 2025"},{"@type":"BreadcrumbList","@id":"https:\/\/padelhaus.mustlammas-dev.in\/fi\/kauppa\/siux-diablo-elite-4-2025\/#breadcrumb","itemListElement":[{"@type":"ListItem","position":1,"name":"Avaleht","item":"https:\/\/padelhaus.fi\/"},{"@type":"ListItem","position":2,"name":"Kauppa","item":"https:\/\/padelhaus.fi\/kauppa\/"},{"@type":"ListItem","position":3,"name":"Siux Diablo Elite 4 2025"}]},{"@type":"WebSite","@id":"https:\/\/padelhaus.mustlammas-dev.in\/fi\/#website","url":"https:\/\/padelhaus.mustlammas-dev.in\/fi\/","name":"Claude Padelhaus","description":"Sinu padelivarustuse kodu","publisher":{"@id":"https:\/\/padelhaus.mustlammas-dev.in\/fi\/#organization"},"potentialAction":[{"@type":"SearchAction","target":{"@type":"EntryPoint","urlTemplate":"https:\/\/padelhaus.mustlammas-dev.in\/fi\/?s={search_term_string}"},"query-input":{"@type":"PropertyValueSpecification","valueRequired":true,"valueName":"search_term_string"}}],"inLanguage":"fi"},{"@type":"Organization","@id":"https:\/\/padelhaus.mustlammas-dev.in\/fi\/#organization","name":"Claude Padelhaus","url":"https:\/\/padelhaus.mustlammas-dev.in\/fi\/","logo":{"@type":"ImageObject","inLanguage":"fi","@id":"https:\/\/padelhaus.mustlammas-dev.in\/fi\/#\/schema\/logo\/image\/","url":"https:\/\/padelhaus.mustlammas-dev.in\/wp-content\/uploads\/2025\/05\/Logo-1.png","contentUrl":"https:\/\/padelhaus.mustlammas-dev.in\/wp-content\/uploads\/2025\/05\/Logo-1.png","width":280,"height":115,"caption":"Claude Padelhaus"},"image":{"@id":"https:\/\/padelhaus.mustlammas-dev.in\/fi\/#\/schema\/logo\/image\/"}}]},"product_price_amount":"137.00","product_price_currency":"EUR","og_availability":"instock","product_availability":"instock","product_retailer_item_id":"SIU-R-1","product_condition":"new"},"_links":{"self":[{"href":"https:\/\/padelhaus.mustlammas-dev.in\/fi\/wp-json\/wp\/v2\/product\/71145","targetHints":{"allow":["GET"]}}],"collection":[{"href":"https:\/\/padelhaus.mustlammas-dev.in\/fi\/wp-json\/wp\/v2\/product"}],"about":[{"href":"https:\/\/padelhaus.mustlammas-dev.in\/fi\/wp-json\/wp\/v2\/types\/product"}],"replies":[{"embeddable":true,"href":"https:\/\/padelhaus.mustlammas-dev.in\/fi\/wp-json\/wp\/v2\/comments?post=71145"}],"wp:featuredmedia":[{"embeddable":true,"href":"https:\/\/padelhaus.mustlammas-dev.in\/fi\/wp-json\/wp\/v2\/media\/71147"}],"wp:attachment":[{"href":"https:\/\/padelhaus.mustlammas-dev.in\/fi\/wp-json\/wp\/v2\/media?parent=71145"}],"wp:term":[{"taxonomy":"product_brand","embeddable":true,"href":"https:\/\/padelhaus.mustlammas-dev.in\/fi\/wp-json\/wp\/v2\/product_brand?post=71145"},{"taxonomy":"product_cat","embeddable":true,"href":"https:\/\/padelhaus.mustlammas-dev.in\/fi\/wp-json\/wp\/v2\/product_cat?post=71145"},{"taxonomy":"product_tag","embeddable":true,"href":"https:\/\/padelhaus.mustlammas-dev.in\/fi\/wp-json\/wp\/v2\/product_tag?post=71145"}],"curies":[{"name":"wp","href":"https:\/\/api.w.org\/{rel}","templated":true}]}}