{"id":71146,"date":"2025-05-28T10:59:03","date_gmt":"2025-05-28T07:59:03","guid":{"rendered":"https:\/\/padelhaus.mustlammas-dev.in\/pood\/bullpadel-neuron-2025\/"},"modified":"2026-03-05T17:58:56","modified_gmt":"2026-03-05T15:58:56","slug":"bullpadel-neuron-2025","status":"publish","type":"product","link":"https:\/\/padelhaus.mustlammas-dev.in\/fi\/kauppa\/bullpadel-neuron-2025\/","title":{"rendered":"BULLPADEL NEURON 2025"},"content":{"rendered":"<p><strong>Bullpadel Neuron 2025<\/strong> on padelmaila, joka on suunniteltu pelaajille, jotka haluavat maksimaalisen hallinnan jokaiseen ly\u00f6ntiin. Tyylikk\u00e4\u00e4n muotoilun ja innovatiivisten teknologioiden ansiosta maila antaa sinun hallita kentt\u00e4\u00e4 poikkeuksellisella tarkkuudella. Edistyneille ja ammattilaispelaajille suunniteltu Neuron 2025 tarjoaa tinkim\u00e4t\u00f6nt\u00e4 suorituskyky\u00e4 kaikissa pelitilanteissa.  <\/p>\n<h5>Teknologia<\/h5>\n<p>Neuron 2025 yhdist\u00e4\u00e4 Bullpadelin uusimmat teknologiat tarjotakseen ennenn\u00e4kem\u00e4tt\u00f6m\u00e4n kontrollin tunteen.<\/p>\n<ul>\n<li><strong>WAVE SYSTEM<\/strong> \u2013 aallonmuotoinen runkorakenne optimoi joustavuuden ja j\u00e4ykkyyden tasapainon tarjoten napakamman tuntuman ja paremman pallokosketuksen jokaisella ly\u00f6nnill\u00e4.<\/li>\n<li><strong>WAVE BRIDGE<\/strong> \u2013 mailan syd\u00e4mess\u00e4 oleva horisontaalinen silta, joka lis\u00e4\u00e4 vakautta ja v\u00e4hent\u00e4\u00e4 t\u00e4rin\u00e4\u00e4 varmistaen vahvemman ja hallitumman liikkeen.<\/li>\n<li><strong>SMART HOLES<\/strong> \u2013 reikien erityinen sijoittelu parantaa hallintaa ja antaa ly\u00f6nneille varmemman tuntuman.<\/li>\n<li><strong>3D Grain -karheapinta<\/strong> \u2013 mahdollistaa paremman kierteenhallinnan ja parantaa pallotuntumaa.<\/li>\n<li><strong>Hesacore ja Vibradrive<\/strong> \u2013 v\u00e4hent\u00e4v\u00e4t t\u00e4rin\u00e4\u00e4 ja takaavat mukavan sek\u00e4 turvallisen otteen minimoiden loukkaantumisriskin.<\/li>\n<\/ul>\n<h5>Mukauta peli\u00e4si<\/h5>\n<p>Neuron 2025 on varustettu Custom Weight -j\u00e4rjestelm\u00e4ll\u00e4, jonka avulla voit lis\u00e4t\u00e4 painoa strategisiin kohtiin ja muuttaa mailan tasapainoa pelityylisi mukaan. N\u00e4in voit l\u00f6yt\u00e4\u00e4 juuri itsellesi sopivan \u201dsweet spotin\u201d maksimoidaksesi tehokkuutesi kent\u00e4ll\u00e4. <\/p>\n","protected":false},"excerpt":{"rendered":"<p>Bullpadel Neuron 2025 on padelmaila, joka on suunniteltu pelaajille, jotka haluavat maksimaalisen hallinnan jokaiseen ly\u00f6ntiin. Tyylikk\u00e4\u00e4n muotoilun ja innovatiivisten teknologioiden ansiosta maila antaa sinun hallita kentt\u00e4\u00e4 poikkeuksellisella tarkkuudella. Edistyneille ja ammattilaispelaajille suunniteltu Neuron 2025 tarjoaa tinkim\u00e4t\u00f6nt\u00e4 suorituskyky\u00e4 kaikissa pelitilanteissa. Teknologia Neuron 2025 yhdist\u00e4\u00e4 Bullpadelin uusimmat teknologiat tarjotakseen ennenn\u00e4kem\u00e4tt\u00f6m\u00e4n kontrollin tunteen. WAVE SYSTEM \u2013 aallonmuotoinen runkorakenne [&hellip;]<\/p>\n","protected":false},"featured_media":71151,"comment_status":"open","ping_status":"closed","template":"","meta":{"_eb_attr":""},"product_brand":[503],"product_cat":[504,496,516,494],"product_tag":[],"class_list":{"0":"post-71146","1":"product","2":"type-product","3":"status-publish","4":"has-post-thumbnail","6":"product_brand-bullpadel","7":"product_cat-bullpadel","8":"product_cat-edistynyt","9":"product_cat-miehet","10":"product_cat-padelmailat","11":"pa_kaal-365g","12":"pa_kuju-pisaranmuotoinen","13":"pa_mangustiil-hybridi","14":"pa_tasakaal-keskella","15":"pa_tase-edistynyt","16":"pa_varv-harmaa","19":"first","20":"onbackorder","21":"sale","22":"featured","23":"taxable","24":"shipping-taxable","25":"purchasable","26":"product-type-simple"},"yoast_head":"<!-- This site is optimized with the Yoast SEO Premium plugin v27.1 (Yoast SEO v27.1.1) - https:\/\/yoast.com\/product\/yoast-seo-premium-wordpress\/ -->\n<title>BULLPADEL NEURON 2025 | Test Padelhaus<\/title>\n<meta name=\"description\" content=\"Padelmailat ja padelvarusteet edullisesti. Padelhaus on padel verkkokauppa, josta l\u00f6yd\u00e4t parhaat padelmailat kaikille tasoille.\" \/>\n<meta name=\"robots\" content=\"noindex, follow, max-snippet:-1, max-image-preview:large, max-video-preview:-1\" \/>\n<meta property=\"og:locale\" content=\"fi_FI\" \/>\n<meta property=\"og:type\" content=\"article\" \/>\n<meta property=\"og:title\" content=\"BULLPADEL NEURON 2025\" \/>\n<meta property=\"og:description\" content=\"Padelmailat ja padelvarusteet edullisesti. Padelhaus on padel verkkokauppa, josta l\u00f6yd\u00e4t parhaat padelmailat kaikille tasoille.\" \/>\n<meta property=\"og:url\" content=\"https:\/\/padelhaus.mustlammas-dev.in\/fi\/kauppa\/bullpadel-neuron-2025\/\" \/>\n<meta property=\"og:site_name\" content=\"Test Padelhaus\" \/>\n<meta property=\"article:modified_time\" content=\"2026-03-05T15:58:56+00:00\" \/>\n<meta property=\"og:image\" content=\"https:\/\/padelhaus.fi\/wp-content\/uploads\/2025\/05\/BUL-R-11-beez.png\" \/>\n\t<meta property=\"og:image:width\" content=\"960\" \/>\n\t<meta property=\"og:image:height\" content=\"960\" \/>\n\t<meta property=\"og:image:type\" content=\"image\/png\" \/>\n<meta name=\"twitter:card\" content=\"summary_large_image\" \/>\n<meta name=\"twitter:label1\" content=\"Hinta\" \/>\n\t<meta name=\"twitter:data1\" content=\"189,95&nbsp;&euro;\" \/>\n\t<meta name=\"twitter:label2\" content=\"Saatavuus\" \/>\n\t<meta name=\"twitter:data2\" content=\"J\u00e4lkitoimituksessa\" \/>\n<script type=\"application\/ld+json\" class=\"yoast-schema-graph\">{\"@context\":\"https:\/\/schema.org\",\"@graph\":[{\"@type\":[\"WebPage\",\"ItemPage\"],\"@id\":\"https:\/\/padelhaus.mustlammas-dev.in\/fi\/kauppa\/bullpadel-neuron-2025\/\",\"url\":\"https:\/\/padelhaus.mustlammas-dev.in\/fi\/kauppa\/bullpadel-neuron-2025\/\",\"name\":\"BULLPADEL NEURON 2025 | Test Padelhaus\",\"isPartOf\":{\"@id\":\"https:\/\/padelhaus.mustlammas-dev.in\/fi\/#website\"},\"primaryImageOfPage\":{\"@id\":\"https:\/\/padelhaus.mustlammas-dev.in\/fi\/kauppa\/bullpadel-neuron-2025\/#primaryimage\"},\"image\":{\"@id\":\"https:\/\/padelhaus.mustlammas-dev.in\/fi\/kauppa\/bullpadel-neuron-2025\/#primaryimage\"},\"thumbnailUrl\":\"https:\/\/padelhaus.mustlammas-dev.in\/wp-content\/uploads\/2025\/05\/BUL-R-11-beez.png\",\"datePublished\":\"2025-05-28T07:59:03+00:00\",\"dateModified\":\"2026-03-05T15:58:56+00:00\",\"description\":\"Padelmailat ja padelvarusteet edullisesti. Padelhaus on padel verkkokauppa, josta l\u00f6yd\u00e4t parhaat padelmailat kaikille tasoille.\",\"breadcrumb\":{\"@id\":\"https:\/\/padelhaus.mustlammas-dev.in\/fi\/kauppa\/bullpadel-neuron-2025\/#breadcrumb\"},\"inLanguage\":\"fi\",\"potentialAction\":[{\"@type\":\"ReadAction\",\"target\":[\"https:\/\/padelhaus.mustlammas-dev.in\/fi\/kauppa\/bullpadel-neuron-2025\/\"]}]},{\"@type\":\"ImageObject\",\"inLanguage\":\"fi\",\"@id\":\"https:\/\/padelhaus.mustlammas-dev.in\/fi\/kauppa\/bullpadel-neuron-2025\/#primaryimage\",\"url\":\"https:\/\/padelhaus.mustlammas-dev.in\/wp-content\/uploads\/2025\/05\/BUL-R-11-beez.png\",\"contentUrl\":\"https:\/\/padelhaus.mustlammas-dev.in\/wp-content\/uploads\/2025\/05\/BUL-R-11-beez.png\",\"width\":960,\"height\":960,\"caption\":\"BULLPADEL NEURON 2025\"},{\"@type\":\"BreadcrumbList\",\"@id\":\"https:\/\/padelhaus.mustlammas-dev.in\/fi\/kauppa\/bullpadel-neuron-2025\/#breadcrumb\",\"itemListElement\":[{\"@type\":\"ListItem\",\"position\":1,\"name\":\"Avaleht\",\"item\":\"https:\/\/padelhaus.fi\/\"},{\"@type\":\"ListItem\",\"position\":2,\"name\":\"Kauppa\",\"item\":\"https:\/\/padelhaus.fi\/kauppa\/\"},{\"@type\":\"ListItem\",\"position\":3,\"name\":\"BULLPADEL NEURON 2025\"}]},{\"@type\":\"WebSite\",\"@id\":\"https:\/\/padelhaus.mustlammas-dev.in\/fi\/#website\",\"url\":\"https:\/\/padelhaus.mustlammas-dev.in\/fi\/\",\"name\":\"Claude Padelhaus\",\"description\":\"Sinu padelivarustuse kodu\",\"publisher\":{\"@id\":\"https:\/\/padelhaus.mustlammas-dev.in\/fi\/#organization\"},\"potentialAction\":[{\"@type\":\"SearchAction\",\"target\":{\"@type\":\"EntryPoint\",\"urlTemplate\":\"https:\/\/padelhaus.mustlammas-dev.in\/fi\/?s={search_term_string}\"},\"query-input\":{\"@type\":\"PropertyValueSpecification\",\"valueRequired\":true,\"valueName\":\"search_term_string\"}}],\"inLanguage\":\"fi\"},{\"@type\":\"Organization\",\"@id\":\"https:\/\/padelhaus.mustlammas-dev.in\/fi\/#organization\",\"name\":\"Claude Padelhaus\",\"url\":\"https:\/\/padelhaus.mustlammas-dev.in\/fi\/\",\"logo\":{\"@type\":\"ImageObject\",\"inLanguage\":\"fi\",\"@id\":\"https:\/\/padelhaus.mustlammas-dev.in\/fi\/#\/schema\/logo\/image\/\",\"url\":\"https:\/\/padelhaus.mustlammas-dev.in\/wp-content\/uploads\/2025\/05\/Logo-1.png\",\"contentUrl\":\"https:\/\/padelhaus.mustlammas-dev.in\/wp-content\/uploads\/2025\/05\/Logo-1.png\",\"width\":280,\"height\":115,\"caption\":\"Claude Padelhaus\"},\"image\":{\"@id\":\"https:\/\/padelhaus.mustlammas-dev.in\/fi\/#\/schema\/logo\/image\/\"}}]}<\/script>\n<meta property=\"product:price:amount\" content=\"189.95\" \/>\n<meta property=\"product:price:currency\" content=\"EUR\" \/>\n<meta property=\"og:availability\" content=\"backorder\" \/>\n<meta property=\"product:availability\" content=\"available for order\" \/>\n<meta property=\"product:retailer_item_id\" content=\"BUL-R-11\" \/>\n<meta property=\"product:condition\" content=\"new\" \/>\n<!-- \/ Yoast SEO Premium plugin. -->","yoast_head_json":{"title":"BULLPADEL NEURON 2025 | Test Padelhaus","description":"Padelmailat ja padelvarusteet edullisesti. Padelhaus on padel verkkokauppa, josta l\u00f6yd\u00e4t parhaat padelmailat kaikille tasoille.","robots":{"index":"noindex","follow":"follow","max-snippet":"max-snippet:-1","max-image-preview":"max-image-preview:large","max-video-preview":"max-video-preview:-1"},"og_locale":"fi_FI","og_type":"article","og_title":"BULLPADEL NEURON 2025","og_description":"Padelmailat ja padelvarusteet edullisesti. Padelhaus on padel verkkokauppa, josta l\u00f6yd\u00e4t parhaat padelmailat kaikille tasoille.","og_url":"https:\/\/padelhaus.mustlammas-dev.in\/fi\/kauppa\/bullpadel-neuron-2025\/","og_site_name":"Test Padelhaus","article_modified_time":"2026-03-05T15:58:56+00:00","og_image":[{"width":960,"height":960,"url":"https:\/\/padelhaus.fi\/wp-content\/uploads\/2025\/05\/BUL-R-11-beez.png","type":"image\/png"}],"twitter_card":"summary_large_image","twitter_misc":{"Hinta":"189,95&nbsp;&euro;","Saatavuus":"J\u00e4lkitoimituksessa"},"schema":{"@context":"https:\/\/schema.org","@graph":[{"@type":["WebPage","ItemPage"],"@id":"https:\/\/padelhaus.mustlammas-dev.in\/fi\/kauppa\/bullpadel-neuron-2025\/","url":"https:\/\/padelhaus.mustlammas-dev.in\/fi\/kauppa\/bullpadel-neuron-2025\/","name":"BULLPADEL NEURON 2025 | Test Padelhaus","isPartOf":{"@id":"https:\/\/padelhaus.mustlammas-dev.in\/fi\/#website"},"primaryImageOfPage":{"@id":"https:\/\/padelhaus.mustlammas-dev.in\/fi\/kauppa\/bullpadel-neuron-2025\/#primaryimage"},"image":{"@id":"https:\/\/padelhaus.mustlammas-dev.in\/fi\/kauppa\/bullpadel-neuron-2025\/#primaryimage"},"thumbnailUrl":"https:\/\/padelhaus.mustlammas-dev.in\/wp-content\/uploads\/2025\/05\/BUL-R-11-beez.png","datePublished":"2025-05-28T07:59:03+00:00","dateModified":"2026-03-05T15:58:56+00:00","description":"Padelmailat ja padelvarusteet edullisesti. Padelhaus on padel verkkokauppa, josta l\u00f6yd\u00e4t parhaat padelmailat kaikille tasoille.","breadcrumb":{"@id":"https:\/\/padelhaus.mustlammas-dev.in\/fi\/kauppa\/bullpadel-neuron-2025\/#breadcrumb"},"inLanguage":"fi","potentialAction":[{"@type":"ReadAction","target":["https:\/\/padelhaus.mustlammas-dev.in\/fi\/kauppa\/bullpadel-neuron-2025\/"]}]},{"@type":"ImageObject","inLanguage":"fi","@id":"https:\/\/padelhaus.mustlammas-dev.in\/fi\/kauppa\/bullpadel-neuron-2025\/#primaryimage","url":"https:\/\/padelhaus.mustlammas-dev.in\/wp-content\/uploads\/2025\/05\/BUL-R-11-beez.png","contentUrl":"https:\/\/padelhaus.mustlammas-dev.in\/wp-content\/uploads\/2025\/05\/BUL-R-11-beez.png","width":960,"height":960,"caption":"BULLPADEL NEURON 2025"},{"@type":"BreadcrumbList","@id":"https:\/\/padelhaus.mustlammas-dev.in\/fi\/kauppa\/bullpadel-neuron-2025\/#breadcrumb","itemListElement":[{"@type":"ListItem","position":1,"name":"Avaleht","item":"https:\/\/padelhaus.fi\/"},{"@type":"ListItem","position":2,"name":"Kauppa","item":"https:\/\/padelhaus.fi\/kauppa\/"},{"@type":"ListItem","position":3,"name":"BULLPADEL NEURON 2025"}]},{"@type":"WebSite","@id":"https:\/\/padelhaus.mustlammas-dev.in\/fi\/#website","url":"https:\/\/padelhaus.mustlammas-dev.in\/fi\/","name":"Claude Padelhaus","description":"Sinu padelivarustuse kodu","publisher":{"@id":"https:\/\/padelhaus.mustlammas-dev.in\/fi\/#organization"},"potentialAction":[{"@type":"SearchAction","target":{"@type":"EntryPoint","urlTemplate":"https:\/\/padelhaus.mustlammas-dev.in\/fi\/?s={search_term_string}"},"query-input":{"@type":"PropertyValueSpecification","valueRequired":true,"valueName":"search_term_string"}}],"inLanguage":"fi"},{"@type":"Organization","@id":"https:\/\/padelhaus.mustlammas-dev.in\/fi\/#organization","name":"Claude Padelhaus","url":"https:\/\/padelhaus.mustlammas-dev.in\/fi\/","logo":{"@type":"ImageObject","inLanguage":"fi","@id":"https:\/\/padelhaus.mustlammas-dev.in\/fi\/#\/schema\/logo\/image\/","url":"https:\/\/padelhaus.mustlammas-dev.in\/wp-content\/uploads\/2025\/05\/Logo-1.png","contentUrl":"https:\/\/padelhaus.mustlammas-dev.in\/wp-content\/uploads\/2025\/05\/Logo-1.png","width":280,"height":115,"caption":"Claude Padelhaus"},"image":{"@id":"https:\/\/padelhaus.mustlammas-dev.in\/fi\/#\/schema\/logo\/image\/"}}]},"product_price_amount":"189.95","product_price_currency":"EUR","og_availability":"backorder","product_availability":"available for order","product_retailer_item_id":"BUL-R-11","product_condition":"new"},"_links":{"self":[{"href":"https:\/\/padelhaus.mustlammas-dev.in\/fi\/wp-json\/wp\/v2\/product\/71146","targetHints":{"allow":["GET"]}}],"collection":[{"href":"https:\/\/padelhaus.mustlammas-dev.in\/fi\/wp-json\/wp\/v2\/product"}],"about":[{"href":"https:\/\/padelhaus.mustlammas-dev.in\/fi\/wp-json\/wp\/v2\/types\/product"}],"replies":[{"embeddable":true,"href":"https:\/\/padelhaus.mustlammas-dev.in\/fi\/wp-json\/wp\/v2\/comments?post=71146"}],"wp:featuredmedia":[{"embeddable":true,"href":"https:\/\/padelhaus.mustlammas-dev.in\/fi\/wp-json\/wp\/v2\/media\/71151"}],"wp:attachment":[{"href":"https:\/\/padelhaus.mustlammas-dev.in\/fi\/wp-json\/wp\/v2\/media?parent=71146"}],"wp:term":[{"taxonomy":"product_brand","embeddable":true,"href":"https:\/\/padelhaus.mustlammas-dev.in\/fi\/wp-json\/wp\/v2\/product_brand?post=71146"},{"taxonomy":"product_cat","embeddable":true,"href":"https:\/\/padelhaus.mustlammas-dev.in\/fi\/wp-json\/wp\/v2\/product_cat?post=71146"},{"taxonomy":"product_tag","embeddable":true,"href":"https:\/\/padelhaus.mustlammas-dev.in\/fi\/wp-json\/wp\/v2\/product_tag?post=71146"}],"curies":[{"name":"wp","href":"https:\/\/api.w.org\/{rel}","templated":true}]}}