{"id":71169,"date":"2026-02-13T15:47:11","date_gmt":"2026-02-13T13:47:11","guid":{"rendered":"https:\/\/padelhaus.mustlammas-dev.in\/pood\/babolat-technical-viper-soft-3-0\/"},"modified":"2026-03-05T17:56:50","modified_gmt":"2026-03-05T15:56:50","slug":"babolat-technical-viper-soft-3-0","status":"publish","type":"product","link":"https:\/\/padelhaus.mustlammas-dev.in\/fi\/kauppa\/babolat-technical-viper-soft-3-0\/","title":{"rendered":"Babolat Technical Viper Soft 3.0"},"content":{"rendered":"<h4><b>Babolat Technical Viper Soft 3.0 \u2013 monipuolista voimaa ja mukavuutta<\/b><\/h4>\n<p>&nbsp;<\/p>\n<p class=\"p3\"><span class=\"s2\"><b>Babolat Technical Viper Soft 3.0<\/b><\/span> on padelmaila, joka yhdist\u00e4\u00e4 r\u00e4j\u00e4hdysm\u00e4isen voiman ja pelimukavuuden t\u00e4ydellisess\u00e4 tasapainossa. Sen hybridimuoto takaa suuren monipuolisuuden kaikissa pelitilanteissa. <span class=\"s2\"><b>Soft Carbon -pinnat<\/b><\/span> ja joustavampi <span class=\"s2\"><b>Black EVA -ydin<\/b><\/span> antavat joustavamman ja mukavamman ly\u00f6ntituntuman s\u00e4ilytt\u00e4en samalla nopean reagointikyvyn. <\/p>\n<p class=\"p3\"><span class=\"s2\"><b>365 g:n paino<\/b><\/span> takaa erinomaisen vakauden ja tarkkuuden my\u00f6s kaikkein voimakkaimmissa ly\u00f6nneiss\u00e4.<\/p>\n<p class=\"p3\">Edistyneen rakenteensa ansiosta maila vaimentaa t\u00e4rin\u00e4\u00e4 ja v\u00e4hent\u00e4\u00e4 ep\u00e4mukavuuden riski\u00e4, ollen ihanteellinen valinta pelaajalle, joka etsii voimaa yhdess\u00e4 kontrollin ja mukavuuden kanssa.<\/p>\n<p class=\"p1\">\n<h4><b>Monipuoliselle edistyneelle pelaajalle<\/b><\/h4>\n<p>&nbsp;<\/p>\n<p class=\"p3\">Technical Viper Soft 3.0 on luotu <span class=\"s2\"><b>edistyneille pelaajille<\/b><\/span>, jotka hallitsevat peli\u00e4 \u00e4lykk\u00e4\u00e4sti, tarkasti ja kontrolloidulla voimalla. Se sopii erinomaisesti niille, jotka haluavat diktata tempoa niin takakent\u00e4lt\u00e4 kuin verkon l\u00e4helt\u00e4. Maila tarjoaa hy\u00f6kk\u00e4ysly\u00f6nneiss\u00e4 r\u00e4j\u00e4hdysm\u00e4isen vasteen s\u00e4ilytt\u00e4en samalla pehme\u00e4mm\u00e4n tuntuman.  <\/p>\n<p class=\"p3\">Pehme\u00e4mpi kontakti tekee t\u00e4st\u00e4 erityisen hyv\u00e4n valinnan pelaajalle, joka haluaa v\u00e4hent\u00e4\u00e4 k\u00e4teen kohdistuvaa kuormitusta ja s\u00e4ilytt\u00e4\u00e4 korkean suorituskyvyn my\u00f6s pidempien otteluiden aikana. Se on ihanteellinen maila niille, jotka haluavat yhdist\u00e4\u00e4 voiman, tarkkuuden ja mukavuuden hy\u00f6kk\u00e4\u00e4v\u00e4ss\u00e4 pelityyliss\u00e4\u00e4n. <\/p>\n<p class=\"p1\">\n<h4><b>T\u00e4rkeimm\u00e4t ominaisuudet ja teknologiat<\/b><\/h4>\n<p class=\"p1\">\n<ul>\n<li>\n<p class=\"p1\"><span class=\"s1\"><b>Soft Carbon -pinnat<\/b><\/span> \u2013 parempi mukavuus ja ly\u00f6ntituntuma<\/p>\n<\/li>\n<li>\n<p class=\"p1\"><span class=\"s1\"><b>Black EVA -ydin<\/b><\/span> \u2013 joustava kumi suuremman voiman ja mukavuuden saavuttamiseksi<\/p>\n<\/li>\n<li>\n<p class=\"p1\"><span class=\"s1\"><b>Vibrabsorb System\u00b2 powered by SMAC<\/b><\/span> \u2013 integroitu t\u00e4rin\u00e4nvaimennus vammojen ehk\u00e4isemiseksi<\/p>\n<\/li>\n<li>\n<p class=\"p1\"><span class=\"s1\"><b>Holes Pattern System<\/b><\/span> \u2013 optimoitu reik\u00e4kuvio parempaan voimansiirtoon ja tarkkuuteen<\/p>\n<\/li>\n<li>\n<p class=\"p1\"><span class=\"s1\"><b>3D Spin+ -pinta<\/b><\/span> \u2013 karkea tekstuuri, joka lis\u00e4\u00e4 kierteit\u00e4 ja parantaa pallonhallintaa<\/p>\n<\/li>\n<li>\n<p class=\"p1\"><span class=\"s1\"><b>Dynamic Stability System<\/b><\/span> \u2013 vahvistettu keskiosa lis\u00e4\u00e4 vakautta ja kontrollia<\/p>\n<\/li>\n<li>\n<p class=\"p1\"><span class=\"s1\"><b>Smart Buttcap<\/b><\/span> \u2013 irrotettava ja pest\u00e4v\u00e4 rannenauha parempaan hygieniaan ja personointiin<\/p>\n<\/li>\n<\/ul>\n","protected":false},"excerpt":{"rendered":"<p>Babolat Technical Viper Soft 3.0 \u2013 monipuolista voimaa ja mukavuutta &nbsp; Babolat Technical Viper Soft 3.0 on padelmaila, joka yhdist\u00e4\u00e4 r\u00e4j\u00e4hdysm\u00e4isen voiman ja pelimukavuuden t\u00e4ydellisess\u00e4 tasapainossa. Sen hybridimuoto takaa suuren monipuolisuuden kaikissa pelitilanteissa. Soft Carbon -pinnat ja joustavampi Black EVA -ydin antavat joustavamman ja mukavamman ly\u00f6ntituntuman s\u00e4ilytt\u00e4en samalla nopean reagointikyvyn. 365 g:n paino takaa erinomaisen [&hellip;]<\/p>\n","protected":false},"featured_media":71171,"comment_status":"open","ping_status":"closed","template":"","meta":{"_eb_attr":""},"product_brand":[530],"product_cat":[531,495,494],"product_tag":[],"class_list":{"0":"post-71169","1":"product","2":"type-product","3":"status-publish","4":"has-post-thumbnail","6":"product_brand-babolat","7":"product_cat-babolat","8":"product_cat-keskitaso","9":"product_cat-padelmailat","10":"pa_kaal-365g","11":"pa_kuju-pisaranmuotoinen","12":"pa_mangustiil-hybridi","13":"pa_tasakaal-ylhaalla","14":"pa_tase-edistynyt","15":"pa_tase-keskitaso","16":"pa_varv-musta","17":"pa_varv-punainen","20":"first","21":"instock","22":"sale","23":"taxable","24":"shipping-taxable","25":"purchasable","26":"product-type-simple"},"yoast_head":"<!-- This site is optimized with the Yoast SEO Premium plugin v27.1 (Yoast SEO v27.1.1) - https:\/\/yoast.com\/product\/yoast-seo-premium-wordpress\/ -->\n<title>Babolat Technical Viper Soft 3.0 | Test Padelhaus<\/title>\n<meta name=\"description\" content=\"Padelmailat ja padelvarusteet edullisesti. Padelhaus on padel verkkokauppa, josta l\u00f6yd\u00e4t parhaat padelmailat kaikille tasoille.\" \/>\n<meta name=\"robots\" content=\"noindex, follow, max-snippet:-1, max-image-preview:large, max-video-preview:-1\" \/>\n<meta property=\"og:locale\" content=\"fi_FI\" \/>\n<meta property=\"og:type\" content=\"article\" \/>\n<meta property=\"og:title\" content=\"Babolat Technical Viper Soft 3.0\" \/>\n<meta property=\"og:description\" content=\"Padelmailat ja padelvarusteet edullisesti. Padelhaus on padel verkkokauppa, josta l\u00f6yd\u00e4t parhaat padelmailat kaikille tasoille.\" \/>\n<meta property=\"og:url\" content=\"https:\/\/padelhaus.mustlammas-dev.in\/fi\/kauppa\/babolat-technical-viper-soft-3-0\/\" \/>\n<meta property=\"og:site_name\" content=\"Test Padelhaus\" \/>\n<meta property=\"article:modified_time\" content=\"2026-03-05T15:56:50+00:00\" \/>\n<meta property=\"og:image\" content=\"https:\/\/padelhaus.lv\/wp-content\/uploads\/2026\/02\/13.webp\" \/>\n\t<meta property=\"og:image:width\" content=\"1000\" \/>\n\t<meta property=\"og:image:height\" content=\"1000\" \/>\n\t<meta property=\"og:image:type\" content=\"image\/webp\" \/>\n<meta name=\"twitter:card\" content=\"summary_large_image\" \/>\n<meta name=\"twitter:label1\" content=\"Hinta\" \/>\n\t<meta name=\"twitter:data1\" content=\"239,95&nbsp;&euro;\" \/>\n\t<meta name=\"twitter:label2\" content=\"Saatavuus\" \/>\n\t<meta name=\"twitter:data2\" content=\"Varastossa\" \/>\n<script type=\"application\/ld+json\" class=\"yoast-schema-graph\">{\"@context\":\"https:\/\/schema.org\",\"@graph\":[{\"@type\":[\"WebPage\",\"ItemPage\"],\"@id\":\"https:\/\/padelhaus.mustlammas-dev.in\/fi\/kauppa\/babolat-technical-viper-soft-3-0\/\",\"url\":\"https:\/\/padelhaus.mustlammas-dev.in\/fi\/kauppa\/babolat-technical-viper-soft-3-0\/\",\"name\":\"Babolat Technical Viper Soft 3.0 | Test Padelhaus\",\"isPartOf\":{\"@id\":\"https:\/\/padelhaus.mustlammas-dev.in\/fi\/#website\"},\"primaryImageOfPage\":{\"@id\":\"https:\/\/padelhaus.mustlammas-dev.in\/fi\/kauppa\/babolat-technical-viper-soft-3-0\/#primaryimage\"},\"image\":{\"@id\":\"https:\/\/padelhaus.mustlammas-dev.in\/fi\/kauppa\/babolat-technical-viper-soft-3-0\/#primaryimage\"},\"thumbnailUrl\":\"https:\/\/padelhaus.mustlammas-dev.in\/wp-content\/uploads\/2026\/02\/13.webp\",\"datePublished\":\"2026-02-13T13:47:11+00:00\",\"dateModified\":\"2026-03-05T15:56:50+00:00\",\"description\":\"Padelmailat ja padelvarusteet edullisesti. Padelhaus on padel verkkokauppa, josta l\u00f6yd\u00e4t parhaat padelmailat kaikille tasoille.\",\"breadcrumb\":{\"@id\":\"https:\/\/padelhaus.mustlammas-dev.in\/fi\/kauppa\/babolat-technical-viper-soft-3-0\/#breadcrumb\"},\"inLanguage\":\"fi\",\"potentialAction\":[{\"@type\":\"ReadAction\",\"target\":[\"https:\/\/padelhaus.mustlammas-dev.in\/fi\/kauppa\/babolat-technical-viper-soft-3-0\/\"]}]},{\"@type\":\"ImageObject\",\"inLanguage\":\"fi\",\"@id\":\"https:\/\/padelhaus.mustlammas-dev.in\/fi\/kauppa\/babolat-technical-viper-soft-3-0\/#primaryimage\",\"url\":\"https:\/\/padelhaus.mustlammas-dev.in\/wp-content\/uploads\/2026\/02\/13.webp\",\"contentUrl\":\"https:\/\/padelhaus.mustlammas-dev.in\/wp-content\/uploads\/2026\/02\/13.webp\",\"width\":1000,\"height\":1000},{\"@type\":\"BreadcrumbList\",\"@id\":\"https:\/\/padelhaus.mustlammas-dev.in\/fi\/kauppa\/babolat-technical-viper-soft-3-0\/#breadcrumb\",\"itemListElement\":[{\"@type\":\"ListItem\",\"position\":1,\"name\":\"Avaleht\",\"item\":\"https:\/\/padelhaus.fi\/\"},{\"@type\":\"ListItem\",\"position\":2,\"name\":\"Kauppa\",\"item\":\"https:\/\/padelhaus.fi\/kauppa\/\"},{\"@type\":\"ListItem\",\"position\":3,\"name\":\"Babolat Technical Viper Soft 3.0\"}]},{\"@type\":\"WebSite\",\"@id\":\"https:\/\/padelhaus.mustlammas-dev.in\/fi\/#website\",\"url\":\"https:\/\/padelhaus.mustlammas-dev.in\/fi\/\",\"name\":\"Claude Padelhaus\",\"description\":\"Sinu padelivarustuse kodu\",\"publisher\":{\"@id\":\"https:\/\/padelhaus.mustlammas-dev.in\/fi\/#organization\"},\"potentialAction\":[{\"@type\":\"SearchAction\",\"target\":{\"@type\":\"EntryPoint\",\"urlTemplate\":\"https:\/\/padelhaus.mustlammas-dev.in\/fi\/?s={search_term_string}\"},\"query-input\":{\"@type\":\"PropertyValueSpecification\",\"valueRequired\":true,\"valueName\":\"search_term_string\"}}],\"inLanguage\":\"fi\"},{\"@type\":\"Organization\",\"@id\":\"https:\/\/padelhaus.mustlammas-dev.in\/fi\/#organization\",\"name\":\"Claude Padelhaus\",\"url\":\"https:\/\/padelhaus.mustlammas-dev.in\/fi\/\",\"logo\":{\"@type\":\"ImageObject\",\"inLanguage\":\"fi\",\"@id\":\"https:\/\/padelhaus.mustlammas-dev.in\/fi\/#\/schema\/logo\/image\/\",\"url\":\"https:\/\/padelhaus.mustlammas-dev.in\/wp-content\/uploads\/2025\/05\/Logo-1.png\",\"contentUrl\":\"https:\/\/padelhaus.mustlammas-dev.in\/wp-content\/uploads\/2025\/05\/Logo-1.png\",\"width\":280,\"height\":115,\"caption\":\"Claude Padelhaus\"},\"image\":{\"@id\":\"https:\/\/padelhaus.mustlammas-dev.in\/fi\/#\/schema\/logo\/image\/\"}}]}<\/script>\n<meta property=\"product:price:amount\" content=\"239.95\" \/>\n<meta property=\"product:price:currency\" content=\"EUR\" \/>\n<meta property=\"og:availability\" content=\"instock\" \/>\n<meta property=\"product:availability\" content=\"instock\" \/>\n<meta property=\"product:retailer_item_id\" content=\"BAB-R-22\" \/>\n<meta property=\"product:condition\" content=\"new\" \/>\n<!-- \/ Yoast SEO Premium plugin. -->","yoast_head_json":{"title":"Babolat Technical Viper Soft 3.0 | Test Padelhaus","description":"Padelmailat ja padelvarusteet edullisesti. Padelhaus on padel verkkokauppa, josta l\u00f6yd\u00e4t parhaat padelmailat kaikille tasoille.","robots":{"index":"noindex","follow":"follow","max-snippet":"max-snippet:-1","max-image-preview":"max-image-preview:large","max-video-preview":"max-video-preview:-1"},"og_locale":"fi_FI","og_type":"article","og_title":"Babolat Technical Viper Soft 3.0","og_description":"Padelmailat ja padelvarusteet edullisesti. Padelhaus on padel verkkokauppa, josta l\u00f6yd\u00e4t parhaat padelmailat kaikille tasoille.","og_url":"https:\/\/padelhaus.mustlammas-dev.in\/fi\/kauppa\/babolat-technical-viper-soft-3-0\/","og_site_name":"Test Padelhaus","article_modified_time":"2026-03-05T15:56:50+00:00","og_image":[{"width":1000,"height":1000,"url":"https:\/\/padelhaus.lv\/wp-content\/uploads\/2026\/02\/13.webp","type":"image\/webp"}],"twitter_card":"summary_large_image","twitter_misc":{"Hinta":"239,95&nbsp;&euro;","Saatavuus":"Varastossa"},"schema":{"@context":"https:\/\/schema.org","@graph":[{"@type":["WebPage","ItemPage"],"@id":"https:\/\/padelhaus.mustlammas-dev.in\/fi\/kauppa\/babolat-technical-viper-soft-3-0\/","url":"https:\/\/padelhaus.mustlammas-dev.in\/fi\/kauppa\/babolat-technical-viper-soft-3-0\/","name":"Babolat Technical Viper Soft 3.0 | Test Padelhaus","isPartOf":{"@id":"https:\/\/padelhaus.mustlammas-dev.in\/fi\/#website"},"primaryImageOfPage":{"@id":"https:\/\/padelhaus.mustlammas-dev.in\/fi\/kauppa\/babolat-technical-viper-soft-3-0\/#primaryimage"},"image":{"@id":"https:\/\/padelhaus.mustlammas-dev.in\/fi\/kauppa\/babolat-technical-viper-soft-3-0\/#primaryimage"},"thumbnailUrl":"https:\/\/padelhaus.mustlammas-dev.in\/wp-content\/uploads\/2026\/02\/13.webp","datePublished":"2026-02-13T13:47:11+00:00","dateModified":"2026-03-05T15:56:50+00:00","description":"Padelmailat ja padelvarusteet edullisesti. Padelhaus on padel verkkokauppa, josta l\u00f6yd\u00e4t parhaat padelmailat kaikille tasoille.","breadcrumb":{"@id":"https:\/\/padelhaus.mustlammas-dev.in\/fi\/kauppa\/babolat-technical-viper-soft-3-0\/#breadcrumb"},"inLanguage":"fi","potentialAction":[{"@type":"ReadAction","target":["https:\/\/padelhaus.mustlammas-dev.in\/fi\/kauppa\/babolat-technical-viper-soft-3-0\/"]}]},{"@type":"ImageObject","inLanguage":"fi","@id":"https:\/\/padelhaus.mustlammas-dev.in\/fi\/kauppa\/babolat-technical-viper-soft-3-0\/#primaryimage","url":"https:\/\/padelhaus.mustlammas-dev.in\/wp-content\/uploads\/2026\/02\/13.webp","contentUrl":"https:\/\/padelhaus.mustlammas-dev.in\/wp-content\/uploads\/2026\/02\/13.webp","width":1000,"height":1000},{"@type":"BreadcrumbList","@id":"https:\/\/padelhaus.mustlammas-dev.in\/fi\/kauppa\/babolat-technical-viper-soft-3-0\/#breadcrumb","itemListElement":[{"@type":"ListItem","position":1,"name":"Avaleht","item":"https:\/\/padelhaus.fi\/"},{"@type":"ListItem","position":2,"name":"Kauppa","item":"https:\/\/padelhaus.fi\/kauppa\/"},{"@type":"ListItem","position":3,"name":"Babolat Technical Viper Soft 3.0"}]},{"@type":"WebSite","@id":"https:\/\/padelhaus.mustlammas-dev.in\/fi\/#website","url":"https:\/\/padelhaus.mustlammas-dev.in\/fi\/","name":"Claude Padelhaus","description":"Sinu padelivarustuse kodu","publisher":{"@id":"https:\/\/padelhaus.mustlammas-dev.in\/fi\/#organization"},"potentialAction":[{"@type":"SearchAction","target":{"@type":"EntryPoint","urlTemplate":"https:\/\/padelhaus.mustlammas-dev.in\/fi\/?s={search_term_string}"},"query-input":{"@type":"PropertyValueSpecification","valueRequired":true,"valueName":"search_term_string"}}],"inLanguage":"fi"},{"@type":"Organization","@id":"https:\/\/padelhaus.mustlammas-dev.in\/fi\/#organization","name":"Claude Padelhaus","url":"https:\/\/padelhaus.mustlammas-dev.in\/fi\/","logo":{"@type":"ImageObject","inLanguage":"fi","@id":"https:\/\/padelhaus.mustlammas-dev.in\/fi\/#\/schema\/logo\/image\/","url":"https:\/\/padelhaus.mustlammas-dev.in\/wp-content\/uploads\/2025\/05\/Logo-1.png","contentUrl":"https:\/\/padelhaus.mustlammas-dev.in\/wp-content\/uploads\/2025\/05\/Logo-1.png","width":280,"height":115,"caption":"Claude Padelhaus"},"image":{"@id":"https:\/\/padelhaus.mustlammas-dev.in\/fi\/#\/schema\/logo\/image\/"}}]},"product_price_amount":"239.95","product_price_currency":"EUR","og_availability":"instock","product_availability":"instock","product_retailer_item_id":"BAB-R-22","product_condition":"new"},"_links":{"self":[{"href":"https:\/\/padelhaus.mustlammas-dev.in\/fi\/wp-json\/wp\/v2\/product\/71169","targetHints":{"allow":["GET"]}}],"collection":[{"href":"https:\/\/padelhaus.mustlammas-dev.in\/fi\/wp-json\/wp\/v2\/product"}],"about":[{"href":"https:\/\/padelhaus.mustlammas-dev.in\/fi\/wp-json\/wp\/v2\/types\/product"}],"replies":[{"embeddable":true,"href":"https:\/\/padelhaus.mustlammas-dev.in\/fi\/wp-json\/wp\/v2\/comments?post=71169"}],"wp:featuredmedia":[{"embeddable":true,"href":"https:\/\/padelhaus.mustlammas-dev.in\/fi\/wp-json\/wp\/v2\/media\/71171"}],"wp:attachment":[{"href":"https:\/\/padelhaus.mustlammas-dev.in\/fi\/wp-json\/wp\/v2\/media?parent=71169"}],"wp:term":[{"taxonomy":"product_brand","embeddable":true,"href":"https:\/\/padelhaus.mustlammas-dev.in\/fi\/wp-json\/wp\/v2\/product_brand?post=71169"},{"taxonomy":"product_cat","embeddable":true,"href":"https:\/\/padelhaus.mustlammas-dev.in\/fi\/wp-json\/wp\/v2\/product_cat?post=71169"},{"taxonomy":"product_tag","embeddable":true,"href":"https:\/\/padelhaus.mustlammas-dev.in\/fi\/wp-json\/wp\/v2\/product_tag?post=71169"}],"curies":[{"name":"wp","href":"https:\/\/api.w.org\/{rel}","templated":true}]}}