{"id":71170,"date":"2025-05-28T13:21:16","date_gmt":"2025-05-28T10:21:16","guid":{"rendered":"https:\/\/padelhaus.mustlammas-dev.in\/pood\/head-gravity-pro-2024\/"},"modified":"2026-03-10T02:05:36","modified_gmt":"2026-03-10T00:05:36","slug":"head-gravity-pro-2024","status":"publish","type":"product","link":"https:\/\/padelhaus.mustlammas-dev.in\/fi\/kauppa\/head-gravity-pro-2024\/","title":{"rendered":"Head Gravity Pro 2024"},"content":{"rendered":"<p><strong>L\u00f6yd\u00e4 Head Gravity Pro 2024<\/strong> -padelmaila \u2013 t\u00e4ydellinen valinta vaativalle pelaajalle, joka etsii hallinnan ja voiman t\u00e4ydellist\u00e4 yhdistelm\u00e4\u00e4. Modernin ja v\u00e4rikk\u00e4\u00e4n muotoilunsa ansiosta Gravity Pro mukautuu eri pelityyleihin ja tarjoaa kent\u00e4ll\u00e4 ainutlaatuisen pelikokemuksen. <\/p>\n<h5>Monipuolisuus ja poikkeuksellinen suorituskyky<\/h5>\n<p>Headin teknologisen osaamisen ansiosta Gravity Pro on eritt\u00e4in monipuolinen maila. Sen py\u00f6re\u00e4 muoto takaa suuren makean pisteen ja tarkan hallinnan jokaisessa ly\u00f6nniss\u00e4, kun taas 375 g:n paino ja Power-kumiydin tuovat peliin voimaa ja mukavuutta. <\/p>\n<h5>T\u00e4rkeimm\u00e4t ominaisuudet:<\/h5>\n<ul>\n<li><strong>Hallinta ja voima:<\/strong> Py\u00f6re\u00e4 muoto yhdistettyn\u00e4 Power-kumiytimeen takaa t\u00e4ydellisen tasapainon tarkkuuden ja r\u00e4j\u00e4hdysm\u00e4isyyden v\u00e4lill\u00e4.<\/li>\n<li><strong>Mukavuus:<\/strong> Smart Bridge -teknologia v\u00e4hent\u00e4\u00e4 t\u00e4rin\u00e4\u00e4 tarjoten pehme\u00e4mm\u00e4n ly\u00f6nnin ja pienent\u00e4en loukkaantumisriski\u00e4.<\/li>\n<li><strong>Kierteet:<\/strong> Karhennettu pintaviimeistely mahdollistaa enemm\u00e4n kierteit\u00e4 palloon \u2013 etu ratkaisevilla hetkill\u00e4.<\/li>\n<li><strong>Monipuolisuus:<\/strong> Sopii sek\u00e4 puolustaville ett\u00e4 hy\u00f6kk\u00e4\u00e4ville pelaajille.<\/li>\n<\/ul>\n<h5>Innovatiiviset teknologiat<\/h5>\n<p>Gravity Pro sis\u00e4lt\u00e4\u00e4 uusimpia Head-teknologioita, kuten Auxetic-j\u00e4rjestelm\u00e4n, joka takaa ainutlaatuisen ly\u00f6ntituntuman, sek\u00e4 Smart Bridgen, joka auttaa vaimentamaan t\u00e4rin\u00e4\u00e4 tehokkaasti.<\/p>\n<h5>Kenelle t\u00e4m\u00e4 maila sopii?<\/h5>\n<p>Head Gravity Pro on suunniteltu keskitason ja edistyneille pelaajille. Sen monipuolisuus tekee siit\u00e4 erinomaisen valinnan pelaajalle, joka haluaa mailan mukautuvan omaan tyyliins\u00e4 ja auttavan nostamaan pelitasoa. <\/p>\n","protected":false},"excerpt":{"rendered":"<p>L\u00f6yd\u00e4 Head Gravity Pro 2024 -padelmaila \u2013 t\u00e4ydellinen valinta vaativalle pelaajalle, joka etsii hallinnan ja voiman t\u00e4ydellist\u00e4 yhdistelm\u00e4\u00e4. Modernin ja v\u00e4rikk\u00e4\u00e4n muotoilunsa ansiosta Gravity Pro mukautuu eri pelityyleihin ja tarjoaa kent\u00e4ll\u00e4 ainutlaatuisen pelikokemuksen. Monipuolisuus ja poikkeuksellinen suorituskyky Headin teknologisen osaamisen ansiosta Gravity Pro on eritt\u00e4in monipuolinen maila. Sen py\u00f6re\u00e4 muoto takaa suuren makean pisteen ja [&hellip;]<\/p>\n","protected":false},"featured_media":71172,"comment_status":"open","ping_status":"closed","template":"","meta":{"_eb_attr":""},"product_brand":[509],"product_cat":[496,510,494],"product_tag":[],"class_list":{"0":"post-71170","1":"product","2":"type-product","3":"status-publish","4":"has-post-thumbnail","6":"product_brand-head","7":"product_cat-edistynyt","8":"product_cat-head","9":"product_cat-padelmailat","10":"pa_kaal-365g","11":"pa_kuju-pyorea","12":"pa_mangustiil-kontrolli","13":"pa_tasakaal-matala","14":"pa_tase-edistynyt","15":"pa_varv-valkoinen","18":"first","19":"onbackorder","20":"sale","21":"taxable","22":"shipping-taxable","23":"purchasable","24":"product-type-simple"},"yoast_head":"<!-- This site is optimized with the Yoast SEO Premium plugin v27.1 (Yoast SEO v27.1.1) - https:\/\/yoast.com\/product\/yoast-seo-premium-wordpress\/ -->\n<title>Head Gravity Pro 2024 | Test Padelhaus<\/title>\n<meta name=\"description\" content=\"Padelmailat ja padelvarusteet edullisesti. Padelhaus on padel verkkokauppa, josta l\u00f6yd\u00e4t parhaat padelmailat kaikille tasoille.\" \/>\n<meta name=\"robots\" content=\"noindex, follow, max-snippet:-1, max-image-preview:large, max-video-preview:-1\" \/>\n<meta property=\"og:locale\" content=\"fi_FI\" \/>\n<meta property=\"og:type\" content=\"article\" \/>\n<meta property=\"og:title\" content=\"Head Gravity Pro 2024\" \/>\n<meta property=\"og:description\" content=\"Padelmailat ja padelvarusteet edullisesti. Padelhaus on padel verkkokauppa, josta l\u00f6yd\u00e4t parhaat padelmailat kaikille tasoille.\" \/>\n<meta property=\"og:url\" content=\"https:\/\/padelhaus.mustlammas-dev.in\/fi\/kauppa\/head-gravity-pro-2024\/\" \/>\n<meta property=\"og:site_name\" content=\"Test Padelhaus\" \/>\n<meta property=\"article:modified_time\" content=\"2026-03-10T00:05:36+00:00\" \/>\n<meta property=\"og:image\" content=\"https:\/\/padelhaus.mustlammas-dev.in\/wp-content\/uploads\/2025\/05\/HEA-R-16-beez.png\" \/>\n\t<meta property=\"og:image:width\" content=\"960\" \/>\n\t<meta property=\"og:image:height\" content=\"960\" \/>\n\t<meta property=\"og:image:type\" content=\"image\/png\" \/>\n<meta name=\"twitter:card\" content=\"summary_large_image\" \/>\n<meta name=\"twitter:label1\" content=\"Hinta\" \/>\n\t<meta name=\"twitter:data1\" content=\"159,95&nbsp;&euro;\" \/>\n\t<meta name=\"twitter:label2\" content=\"Saatavuus\" \/>\n\t<meta name=\"twitter:data2\" content=\"J\u00e4lkitoimituksessa\" \/>\n<script type=\"application\/ld+json\" class=\"yoast-schema-graph\">{\"@context\":\"https:\/\/schema.org\",\"@graph\":[{\"@type\":[\"WebPage\",\"ItemPage\"],\"@id\":\"https:\/\/padelhaus.mustlammas-dev.in\/fi\/kauppa\/head-gravity-pro-2024\/\",\"url\":\"https:\/\/padelhaus.mustlammas-dev.in\/fi\/kauppa\/head-gravity-pro-2024\/\",\"name\":\"Head Gravity Pro 2024 | Test Padelhaus\",\"isPartOf\":{\"@id\":\"https:\/\/padelhaus.mustlammas-dev.in\/fi\/#website\"},\"primaryImageOfPage\":{\"@id\":\"https:\/\/padelhaus.mustlammas-dev.in\/fi\/kauppa\/head-gravity-pro-2024\/#primaryimage\"},\"image\":{\"@id\":\"https:\/\/padelhaus.mustlammas-dev.in\/fi\/kauppa\/head-gravity-pro-2024\/#primaryimage\"},\"thumbnailUrl\":\"https:\/\/padelhaus.mustlammas-dev.in\/wp-content\/uploads\/2025\/05\/HEA-R-16-beez.png\",\"datePublished\":\"2025-05-28T10:21:16+00:00\",\"dateModified\":\"2026-03-10T00:05:36+00:00\",\"description\":\"Padelmailat ja padelvarusteet edullisesti. Padelhaus on padel verkkokauppa, josta l\u00f6yd\u00e4t parhaat padelmailat kaikille tasoille.\",\"breadcrumb\":{\"@id\":\"https:\/\/padelhaus.mustlammas-dev.in\/fi\/kauppa\/head-gravity-pro-2024\/#breadcrumb\"},\"inLanguage\":\"fi\",\"potentialAction\":[{\"@type\":\"ReadAction\",\"target\":[\"https:\/\/padelhaus.mustlammas-dev.in\/fi\/kauppa\/head-gravity-pro-2024\/\"]}]},{\"@type\":\"ImageObject\",\"inLanguage\":\"fi\",\"@id\":\"https:\/\/padelhaus.mustlammas-dev.in\/fi\/kauppa\/head-gravity-pro-2024\/#primaryimage\",\"url\":\"https:\/\/padelhaus.mustlammas-dev.in\/wp-content\/uploads\/2025\/05\/HEA-R-16-beez.png\",\"contentUrl\":\"https:\/\/padelhaus.mustlammas-dev.in\/wp-content\/uploads\/2025\/05\/HEA-R-16-beez.png\",\"width\":960,\"height\":960,\"caption\":\"Head Gravity Pro 2024\"},{\"@type\":\"BreadcrumbList\",\"@id\":\"https:\/\/padelhaus.mustlammas-dev.in\/fi\/kauppa\/head-gravity-pro-2024\/#breadcrumb\",\"itemListElement\":[{\"@type\":\"ListItem\",\"position\":1,\"name\":\"Avaleht\",\"item\":\"https:\/\/padelhaus.fi\/\"},{\"@type\":\"ListItem\",\"position\":2,\"name\":\"Kauppa\",\"item\":\"https:\/\/padelhaus.fi\/kauppa\/\"},{\"@type\":\"ListItem\",\"position\":3,\"name\":\"Head Gravity Pro 2024\"}]},{\"@type\":\"WebSite\",\"@id\":\"https:\/\/padelhaus.mustlammas-dev.in\/fi\/#website\",\"url\":\"https:\/\/padelhaus.mustlammas-dev.in\/fi\/\",\"name\":\"Claude Padelhaus\",\"description\":\"Sinu padelivarustuse kodu\",\"publisher\":{\"@id\":\"https:\/\/padelhaus.mustlammas-dev.in\/fi\/#organization\"},\"potentialAction\":[{\"@type\":\"SearchAction\",\"target\":{\"@type\":\"EntryPoint\",\"urlTemplate\":\"https:\/\/padelhaus.mustlammas-dev.in\/fi\/?s={search_term_string}\"},\"query-input\":{\"@type\":\"PropertyValueSpecification\",\"valueRequired\":true,\"valueName\":\"search_term_string\"}}],\"inLanguage\":\"fi\"},{\"@type\":\"Organization\",\"@id\":\"https:\/\/padelhaus.mustlammas-dev.in\/fi\/#organization\",\"name\":\"Claude Padelhaus\",\"url\":\"https:\/\/padelhaus.mustlammas-dev.in\/fi\/\",\"logo\":{\"@type\":\"ImageObject\",\"inLanguage\":\"fi\",\"@id\":\"https:\/\/padelhaus.mustlammas-dev.in\/fi\/#\/schema\/logo\/image\/\",\"url\":\"https:\/\/padelhaus.mustlammas-dev.in\/wp-content\/uploads\/2025\/05\/Logo-1.png\",\"contentUrl\":\"https:\/\/padelhaus.mustlammas-dev.in\/wp-content\/uploads\/2025\/05\/Logo-1.png\",\"width\":280,\"height\":115,\"caption\":\"Claude Padelhaus\"},\"image\":{\"@id\":\"https:\/\/padelhaus.mustlammas-dev.in\/fi\/#\/schema\/logo\/image\/\"}}]}<\/script>\n<meta property=\"product:price:amount\" content=\"159.95\" \/>\n<meta property=\"product:price:currency\" content=\"EUR\" \/>\n<meta property=\"og:availability\" content=\"backorder\" \/>\n<meta property=\"product:availability\" content=\"available for order\" \/>\n<meta property=\"product:retailer_item_id\" content=\"HEA-R-16\" \/>\n<meta property=\"product:condition\" content=\"new\" \/>\n<!-- \/ Yoast SEO Premium plugin. -->","yoast_head_json":{"title":"Head Gravity Pro 2024 | Test Padelhaus","description":"Padelmailat ja padelvarusteet edullisesti. Padelhaus on padel verkkokauppa, josta l\u00f6yd\u00e4t parhaat padelmailat kaikille tasoille.","robots":{"index":"noindex","follow":"follow","max-snippet":"max-snippet:-1","max-image-preview":"max-image-preview:large","max-video-preview":"max-video-preview:-1"},"og_locale":"fi_FI","og_type":"article","og_title":"Head Gravity Pro 2024","og_description":"Padelmailat ja padelvarusteet edullisesti. Padelhaus on padel verkkokauppa, josta l\u00f6yd\u00e4t parhaat padelmailat kaikille tasoille.","og_url":"https:\/\/padelhaus.mustlammas-dev.in\/fi\/kauppa\/head-gravity-pro-2024\/","og_site_name":"Test Padelhaus","article_modified_time":"2026-03-10T00:05:36+00:00","og_image":[{"width":960,"height":960,"url":"https:\/\/padelhaus.mustlammas-dev.in\/wp-content\/uploads\/2025\/05\/HEA-R-16-beez.png","type":"image\/png"}],"twitter_card":"summary_large_image","twitter_misc":{"Hinta":"159,95&nbsp;&euro;","Saatavuus":"J\u00e4lkitoimituksessa"},"schema":{"@context":"https:\/\/schema.org","@graph":[{"@type":["WebPage","ItemPage"],"@id":"https:\/\/padelhaus.mustlammas-dev.in\/fi\/kauppa\/head-gravity-pro-2024\/","url":"https:\/\/padelhaus.mustlammas-dev.in\/fi\/kauppa\/head-gravity-pro-2024\/","name":"Head Gravity Pro 2024 | Test Padelhaus","isPartOf":{"@id":"https:\/\/padelhaus.mustlammas-dev.in\/fi\/#website"},"primaryImageOfPage":{"@id":"https:\/\/padelhaus.mustlammas-dev.in\/fi\/kauppa\/head-gravity-pro-2024\/#primaryimage"},"image":{"@id":"https:\/\/padelhaus.mustlammas-dev.in\/fi\/kauppa\/head-gravity-pro-2024\/#primaryimage"},"thumbnailUrl":"https:\/\/padelhaus.mustlammas-dev.in\/wp-content\/uploads\/2025\/05\/HEA-R-16-beez.png","datePublished":"2025-05-28T10:21:16+00:00","dateModified":"2026-03-10T00:05:36+00:00","description":"Padelmailat ja padelvarusteet edullisesti. Padelhaus on padel verkkokauppa, josta l\u00f6yd\u00e4t parhaat padelmailat kaikille tasoille.","breadcrumb":{"@id":"https:\/\/padelhaus.mustlammas-dev.in\/fi\/kauppa\/head-gravity-pro-2024\/#breadcrumb"},"inLanguage":"fi","potentialAction":[{"@type":"ReadAction","target":["https:\/\/padelhaus.mustlammas-dev.in\/fi\/kauppa\/head-gravity-pro-2024\/"]}]},{"@type":"ImageObject","inLanguage":"fi","@id":"https:\/\/padelhaus.mustlammas-dev.in\/fi\/kauppa\/head-gravity-pro-2024\/#primaryimage","url":"https:\/\/padelhaus.mustlammas-dev.in\/wp-content\/uploads\/2025\/05\/HEA-R-16-beez.png","contentUrl":"https:\/\/padelhaus.mustlammas-dev.in\/wp-content\/uploads\/2025\/05\/HEA-R-16-beez.png","width":960,"height":960,"caption":"Head Gravity Pro 2024"},{"@type":"BreadcrumbList","@id":"https:\/\/padelhaus.mustlammas-dev.in\/fi\/kauppa\/head-gravity-pro-2024\/#breadcrumb","itemListElement":[{"@type":"ListItem","position":1,"name":"Avaleht","item":"https:\/\/padelhaus.fi\/"},{"@type":"ListItem","position":2,"name":"Kauppa","item":"https:\/\/padelhaus.fi\/kauppa\/"},{"@type":"ListItem","position":3,"name":"Head Gravity Pro 2024"}]},{"@type":"WebSite","@id":"https:\/\/padelhaus.mustlammas-dev.in\/fi\/#website","url":"https:\/\/padelhaus.mustlammas-dev.in\/fi\/","name":"Claude Padelhaus","description":"Sinu padelivarustuse kodu","publisher":{"@id":"https:\/\/padelhaus.mustlammas-dev.in\/fi\/#organization"},"potentialAction":[{"@type":"SearchAction","target":{"@type":"EntryPoint","urlTemplate":"https:\/\/padelhaus.mustlammas-dev.in\/fi\/?s={search_term_string}"},"query-input":{"@type":"PropertyValueSpecification","valueRequired":true,"valueName":"search_term_string"}}],"inLanguage":"fi"},{"@type":"Organization","@id":"https:\/\/padelhaus.mustlammas-dev.in\/fi\/#organization","name":"Claude Padelhaus","url":"https:\/\/padelhaus.mustlammas-dev.in\/fi\/","logo":{"@type":"ImageObject","inLanguage":"fi","@id":"https:\/\/padelhaus.mustlammas-dev.in\/fi\/#\/schema\/logo\/image\/","url":"https:\/\/padelhaus.mustlammas-dev.in\/wp-content\/uploads\/2025\/05\/Logo-1.png","contentUrl":"https:\/\/padelhaus.mustlammas-dev.in\/wp-content\/uploads\/2025\/05\/Logo-1.png","width":280,"height":115,"caption":"Claude Padelhaus"},"image":{"@id":"https:\/\/padelhaus.mustlammas-dev.in\/fi\/#\/schema\/logo\/image\/"}}]},"product_price_amount":"159.95","product_price_currency":"EUR","og_availability":"backorder","product_availability":"available for order","product_retailer_item_id":"HEA-R-16","product_condition":"new"},"_links":{"self":[{"href":"https:\/\/padelhaus.mustlammas-dev.in\/fi\/wp-json\/wp\/v2\/product\/71170","targetHints":{"allow":["GET"]}}],"collection":[{"href":"https:\/\/padelhaus.mustlammas-dev.in\/fi\/wp-json\/wp\/v2\/product"}],"about":[{"href":"https:\/\/padelhaus.mustlammas-dev.in\/fi\/wp-json\/wp\/v2\/types\/product"}],"replies":[{"embeddable":true,"href":"https:\/\/padelhaus.mustlammas-dev.in\/fi\/wp-json\/wp\/v2\/comments?post=71170"}],"wp:featuredmedia":[{"embeddable":true,"href":"https:\/\/padelhaus.mustlammas-dev.in\/fi\/wp-json\/wp\/v2\/media\/71172"}],"wp:attachment":[{"href":"https:\/\/padelhaus.mustlammas-dev.in\/fi\/wp-json\/wp\/v2\/media?parent=71170"}],"wp:term":[{"taxonomy":"product_brand","embeddable":true,"href":"https:\/\/padelhaus.mustlammas-dev.in\/fi\/wp-json\/wp\/v2\/product_brand?post=71170"},{"taxonomy":"product_cat","embeddable":true,"href":"https:\/\/padelhaus.mustlammas-dev.in\/fi\/wp-json\/wp\/v2\/product_cat?post=71170"},{"taxonomy":"product_tag","embeddable":true,"href":"https:\/\/padelhaus.mustlammas-dev.in\/fi\/wp-json\/wp\/v2\/product_tag?post=71170"}],"curies":[{"name":"wp","href":"https:\/\/api.w.org\/{rel}","templated":true}]}}