{"id":71194,"date":"2025-11-18T11:06:50","date_gmt":"2025-11-18T09:06:50","guid":{"rendered":"https:\/\/padelhaus.mustlammas-dev.in\/pood\/bullpadel-icon-cloud-2025\/"},"modified":"2026-03-05T17:58:08","modified_gmt":"2026-03-05T15:58:08","slug":"bullpadel-icon-cloud-2025","status":"publish","type":"product","link":"https:\/\/padelhaus.mustlammas-dev.in\/fi\/kauppa\/bullpadel-icon-cloud-2025\/","title":{"rendered":"BULLPADEL ICON CLOUD 2025"},"content":{"rendered":"<p><strong>Bullpadel Icon Cloud 2025<\/strong> \u2013 Juan Mart\u00edn D\u00edazin perinn\u00f6st\u00e4 inspiroituneena syntyi maila, joka saa sinut kokemaan padelin t\u00e4ysin uudella tasolla. Ikonisen ICON-sarjan ja sen edistyneiden teknologioiden pohjalta ICON CLOUD on viety mukavuudessa t\u00e4ysin uudelle tasolle. V\u00e4r\u00e4htelyjen v\u00e4hent\u00e4minen ja pelaajan hyvinvoinnin asettaminen etusijalle mahdollistaa pidemp\u00e4\u00e4n pelaamisen ilman v\u00e4symyst\u00e4 tai ylikuormitusta. ICON CLOUD tekee pelist\u00e4 kevyen ja ilmavan \u2013 keveys, pehmeys ja maksimaalinen mukavuus jokaisessa pisteess\u00e4.   <\/p>\n<h5 data-start=\"787\" data-end=\"814\">Avainominaisuudet<\/h5>\n<ul data-start=\"815\" data-end=\"1242\">\n<li data-start=\"815\" data-end=\"887\">\n<p data-start=\"817\" data-end=\"887\"><strong data-start=\"817\" data-end=\"833\">Timanttimuoto:<\/strong> maksimaalinen voima uhraamatta ohjattavuutta<\/p>\n<\/li>\n<li data-start=\"888\" data-end=\"967\">\n<p data-start=\"890\" data-end=\"967\"><strong data-start=\"890\" data-end=\"930\">Keskikorkea tasapaino (\u2248 26,5 cm):<\/strong> vakaus ja kontrolli jokaisessa ly\u00f6nniss\u00e4<\/p>\n<\/li>\n<li data-start=\"968\" data-end=\"1027\">\n<p data-start=\"970\" data-end=\"1027\"><strong data-start=\"970\" data-end=\"992\">530 cm\u00b2 ly\u00f6ntipinta:<\/strong> ihanteellinen hy\u00f6kk\u00e4\u00e4v\u00e4\u00e4n pelityyliin<\/p>\n<\/li>\n<li data-start=\"1028\" data-end=\"1105\">\n<p data-start=\"1030\" data-end=\"1105\"><strong data-start=\"1030\" data-end=\"1063\">Elastic Fiber -rakenne:<\/strong> joustavuuden ja ly\u00f6ntivasteen paraneminen<\/p>\n<\/li>\n<li data-start=\"1106\" data-end=\"1185\">\n<p data-start=\"1108\" data-end=\"1185\"><strong data-start=\"1108\" data-end=\"1130\">Cloud EVA -ydin:<\/strong> pehme\u00e4 ly\u00f6ntituntuma ja erinomainen t\u00e4rin\u00e4nvaimennus<\/p>\n<\/li>\n<li data-start=\"1186\" data-end=\"1242\">\n<p data-start=\"1188\" data-end=\"1242\"><strong data-start=\"1188\" data-end=\"1209\">Paino noin 370 g:<\/strong> tasapaino voiman ja mukavuuden v\u00e4lill\u00e4<\/p>\n<\/li>\n<\/ul>\n<h5 data-start=\"1249\" data-end=\"1276\">Koostumus ja muotoilu<\/h5>\n<ul data-start=\"1277\" data-end=\"1392\">\n<li data-start=\"1277\" data-end=\"1299\">\n<p data-start=\"1279\" data-end=\"1299\"><strong data-start=\"1279\" data-end=\"1291\">Profiili:<\/strong> 38 mm<\/p>\n<\/li>\n<li data-start=\"1300\" data-end=\"1336\">\n<p data-start=\"1302\" data-end=\"1336\"><strong data-start=\"1302\" data-end=\"1314\">Taso:<\/strong> edistynyt<\/p>\n<\/li>\n<li data-start=\"1337\" data-end=\"1362\">\n<p data-start=\"1339\" data-end=\"1362\"><strong data-start=\"1339\" data-end=\"1353\">Pelityyppi:<\/strong> hy\u00f6kk\u00e4ys<\/p>\n<\/li>\n<li data-start=\"1363\" data-end=\"1392\">\n<p data-start=\"1365\" data-end=\"1392\"><strong data-start=\"1365\" data-end=\"1380\">Viimeistely:<\/strong> sile\u00e4 pinta<\/p>\n<\/li>\n<\/ul>\n<p>Jos etsit tehokasta ja kevytt\u00e4 mailaa, joka on suunniteltu pelaajan hyvinvointia silm\u00e4ll\u00e4 pit\u00e4en, BULLPADEL ICON CLOUD on t\u00e4ydellinen valinta sinulle. Maailmanmestarista inspiroituneena, luotu pelaajalle, joka haluaa nauttia maksimaalisesta mukavuudesta ja korkeasta suorituskyvyst\u00e4. <\/p>\n","protected":false},"excerpt":{"rendered":"<p>Bullpadel Icon Cloud 2025 \u2013 Juan Mart\u00edn D\u00edazin perinn\u00f6st\u00e4 inspiroituneena syntyi maila, joka saa sinut kokemaan padelin t\u00e4ysin uudella tasolla. Ikonisen ICON-sarjan ja sen edistyneiden teknologioiden pohjalta ICON CLOUD on viety mukavuudessa t\u00e4ysin uudelle tasolle. V\u00e4r\u00e4htelyjen v\u00e4hent\u00e4minen ja pelaajan hyvinvoinnin asettaminen etusijalle mahdollistaa pidemp\u00e4\u00e4n pelaamisen ilman v\u00e4symyst\u00e4 tai ylikuormitusta. ICON CLOUD tekee pelist\u00e4 kevyen ja [&hellip;]<\/p>\n","protected":false},"featured_media":71195,"comment_status":"open","ping_status":"closed","template":"","meta":{"_eb_attr":""},"product_brand":[503],"product_cat":[504,496,494],"product_tag":[],"class_list":{"0":"post-71194","1":"product","2":"type-product","3":"status-publish","4":"has-post-thumbnail","6":"product_brand-bullpadel","7":"product_cat-bullpadel","8":"product_cat-edistynyt","9":"product_cat-padelmailat","10":"pa_kaal-370-g","11":"pa_kuju-timantti","12":"pa_mangustiil-hyokkaava","13":"pa_tasakaal-ylhaalla","14":"pa_tase-edistynyt","15":"pa_varv-harmaa","18":"first","19":"onbackorder","20":"sale","21":"taxable","22":"shipping-taxable","23":"purchasable","24":"product-type-simple"},"yoast_head":"<!-- This site is optimized with the Yoast SEO Premium plugin v27.1 (Yoast SEO v27.1.1) - https:\/\/yoast.com\/product\/yoast-seo-premium-wordpress\/ -->\n<title>BULLPADEL ICON CLOUD 2025 | Test Padelhaus<\/title>\n<meta name=\"description\" content=\"Padelmailat ja padelvarusteet edullisesti. Padelhaus on padel verkkokauppa, josta l\u00f6yd\u00e4t parhaat padelmailat kaikille tasoille.\" \/>\n<meta name=\"robots\" content=\"noindex, follow, max-snippet:-1, max-image-preview:large, max-video-preview:-1\" \/>\n<meta property=\"og:locale\" content=\"fi_FI\" \/>\n<meta property=\"og:type\" content=\"article\" \/>\n<meta property=\"og:title\" content=\"BULLPADEL ICON CLOUD 2025\" \/>\n<meta property=\"og:description\" content=\"Padelmailat ja padelvarusteet edullisesti. Padelhaus on padel verkkokauppa, josta l\u00f6yd\u00e4t parhaat padelmailat kaikille tasoille.\" \/>\n<meta property=\"og:url\" content=\"https:\/\/padelhaus.mustlammas-dev.in\/fi\/kauppa\/bullpadel-icon-cloud-2025\/\" \/>\n<meta property=\"og:site_name\" content=\"Test Padelhaus\" \/>\n<meta property=\"article:modified_time\" content=\"2026-03-05T15:58:08+00:00\" \/>\n<meta property=\"og:image\" content=\"https:\/\/padelhaus.mustlammas-dev.in\/wp-content\/uploads\/2025\/11\/beeziconcloud.webp\" \/>\n\t<meta property=\"og:image:width\" content=\"960\" \/>\n\t<meta property=\"og:image:height\" content=\"960\" \/>\n\t<meta property=\"og:image:type\" content=\"image\/webp\" \/>\n<meta name=\"twitter:card\" content=\"summary_large_image\" \/>\n<meta name=\"twitter:label1\" content=\"Hinta\" \/>\n\t<meta name=\"twitter:data1\" content=\"149,00&nbsp;&euro;\" \/>\n\t<meta name=\"twitter:label2\" content=\"Saatavuus\" \/>\n\t<meta name=\"twitter:data2\" content=\"J\u00e4lkitoimituksessa\" \/>\n<script type=\"application\/ld+json\" class=\"yoast-schema-graph\">{\"@context\":\"https:\/\/schema.org\",\"@graph\":[{\"@type\":[\"WebPage\",\"ItemPage\"],\"@id\":\"https:\/\/padelhaus.mustlammas-dev.in\/fi\/kauppa\/bullpadel-icon-cloud-2025\/\",\"url\":\"https:\/\/padelhaus.mustlammas-dev.in\/fi\/kauppa\/bullpadel-icon-cloud-2025\/\",\"name\":\"BULLPADEL ICON CLOUD 2025 | Test Padelhaus\",\"isPartOf\":{\"@id\":\"https:\/\/padelhaus.mustlammas-dev.in\/fi\/#website\"},\"primaryImageOfPage\":{\"@id\":\"https:\/\/padelhaus.mustlammas-dev.in\/fi\/kauppa\/bullpadel-icon-cloud-2025\/#primaryimage\"},\"image\":{\"@id\":\"https:\/\/padelhaus.mustlammas-dev.in\/fi\/kauppa\/bullpadel-icon-cloud-2025\/#primaryimage\"},\"thumbnailUrl\":\"https:\/\/padelhaus.mustlammas-dev.in\/wp-content\/uploads\/2025\/11\/beeziconcloud.webp\",\"datePublished\":\"2025-11-18T09:06:50+00:00\",\"dateModified\":\"2026-03-05T15:58:08+00:00\",\"description\":\"Padelmailat ja padelvarusteet edullisesti. Padelhaus on padel verkkokauppa, josta l\u00f6yd\u00e4t parhaat padelmailat kaikille tasoille.\",\"breadcrumb\":{\"@id\":\"https:\/\/padelhaus.mustlammas-dev.in\/fi\/kauppa\/bullpadel-icon-cloud-2025\/#breadcrumb\"},\"inLanguage\":\"fi\",\"potentialAction\":[{\"@type\":\"ReadAction\",\"target\":[\"https:\/\/padelhaus.mustlammas-dev.in\/fi\/kauppa\/bullpadel-icon-cloud-2025\/\"]}]},{\"@type\":\"ImageObject\",\"inLanguage\":\"fi\",\"@id\":\"https:\/\/padelhaus.mustlammas-dev.in\/fi\/kauppa\/bullpadel-icon-cloud-2025\/#primaryimage\",\"url\":\"https:\/\/padelhaus.mustlammas-dev.in\/wp-content\/uploads\/2025\/11\/beeziconcloud.webp\",\"contentUrl\":\"https:\/\/padelhaus.mustlammas-dev.in\/wp-content\/uploads\/2025\/11\/beeziconcloud.webp\",\"width\":960,\"height\":960,\"caption\":\"BULLPADEL ICON CLOUD 2025\"},{\"@type\":\"BreadcrumbList\",\"@id\":\"https:\/\/padelhaus.mustlammas-dev.in\/fi\/kauppa\/bullpadel-icon-cloud-2025\/#breadcrumb\",\"itemListElement\":[{\"@type\":\"ListItem\",\"position\":1,\"name\":\"Avaleht\",\"item\":\"https:\/\/padelhaus.fi\/\"},{\"@type\":\"ListItem\",\"position\":2,\"name\":\"Kauppa\",\"item\":\"https:\/\/padelhaus.fi\/kauppa\/\"},{\"@type\":\"ListItem\",\"position\":3,\"name\":\"BULLPADEL ICON CLOUD 2025\"}]},{\"@type\":\"WebSite\",\"@id\":\"https:\/\/padelhaus.mustlammas-dev.in\/fi\/#website\",\"url\":\"https:\/\/padelhaus.mustlammas-dev.in\/fi\/\",\"name\":\"Claude Padelhaus\",\"description\":\"Sinu padelivarustuse kodu\",\"publisher\":{\"@id\":\"https:\/\/padelhaus.mustlammas-dev.in\/fi\/#organization\"},\"potentialAction\":[{\"@type\":\"SearchAction\",\"target\":{\"@type\":\"EntryPoint\",\"urlTemplate\":\"https:\/\/padelhaus.mustlammas-dev.in\/fi\/?s={search_term_string}\"},\"query-input\":{\"@type\":\"PropertyValueSpecification\",\"valueRequired\":true,\"valueName\":\"search_term_string\"}}],\"inLanguage\":\"fi\"},{\"@type\":\"Organization\",\"@id\":\"https:\/\/padelhaus.mustlammas-dev.in\/fi\/#organization\",\"name\":\"Claude Padelhaus\",\"url\":\"https:\/\/padelhaus.mustlammas-dev.in\/fi\/\",\"logo\":{\"@type\":\"ImageObject\",\"inLanguage\":\"fi\",\"@id\":\"https:\/\/padelhaus.mustlammas-dev.in\/fi\/#\/schema\/logo\/image\/\",\"url\":\"https:\/\/padelhaus.mustlammas-dev.in\/wp-content\/uploads\/2025\/05\/Logo-1.png\",\"contentUrl\":\"https:\/\/padelhaus.mustlammas-dev.in\/wp-content\/uploads\/2025\/05\/Logo-1.png\",\"width\":280,\"height\":115,\"caption\":\"Claude Padelhaus\"},\"image\":{\"@id\":\"https:\/\/padelhaus.mustlammas-dev.in\/fi\/#\/schema\/logo\/image\/\"}}]}<\/script>\n<meta property=\"product:price:amount\" content=\"149.00\" \/>\n<meta property=\"product:price:currency\" content=\"EUR\" \/>\n<meta property=\"og:availability\" content=\"backorder\" \/>\n<meta property=\"product:availability\" content=\"available for order\" \/>\n<meta property=\"product:retailer_item_id\" content=\"BUL-R-25\" \/>\n<meta property=\"product:condition\" content=\"new\" \/>\n<!-- \/ Yoast SEO Premium plugin. -->","yoast_head_json":{"title":"BULLPADEL ICON CLOUD 2025 | Test Padelhaus","description":"Padelmailat ja padelvarusteet edullisesti. Padelhaus on padel verkkokauppa, josta l\u00f6yd\u00e4t parhaat padelmailat kaikille tasoille.","robots":{"index":"noindex","follow":"follow","max-snippet":"max-snippet:-1","max-image-preview":"max-image-preview:large","max-video-preview":"max-video-preview:-1"},"og_locale":"fi_FI","og_type":"article","og_title":"BULLPADEL ICON CLOUD 2025","og_description":"Padelmailat ja padelvarusteet edullisesti. Padelhaus on padel verkkokauppa, josta l\u00f6yd\u00e4t parhaat padelmailat kaikille tasoille.","og_url":"https:\/\/padelhaus.mustlammas-dev.in\/fi\/kauppa\/bullpadel-icon-cloud-2025\/","og_site_name":"Test Padelhaus","article_modified_time":"2026-03-05T15:58:08+00:00","og_image":[{"width":960,"height":960,"url":"https:\/\/padelhaus.mustlammas-dev.in\/wp-content\/uploads\/2025\/11\/beeziconcloud.webp","type":"image\/webp"}],"twitter_card":"summary_large_image","twitter_misc":{"Hinta":"149,00&nbsp;&euro;","Saatavuus":"J\u00e4lkitoimituksessa"},"schema":{"@context":"https:\/\/schema.org","@graph":[{"@type":["WebPage","ItemPage"],"@id":"https:\/\/padelhaus.mustlammas-dev.in\/fi\/kauppa\/bullpadel-icon-cloud-2025\/","url":"https:\/\/padelhaus.mustlammas-dev.in\/fi\/kauppa\/bullpadel-icon-cloud-2025\/","name":"BULLPADEL ICON CLOUD 2025 | Test Padelhaus","isPartOf":{"@id":"https:\/\/padelhaus.mustlammas-dev.in\/fi\/#website"},"primaryImageOfPage":{"@id":"https:\/\/padelhaus.mustlammas-dev.in\/fi\/kauppa\/bullpadel-icon-cloud-2025\/#primaryimage"},"image":{"@id":"https:\/\/padelhaus.mustlammas-dev.in\/fi\/kauppa\/bullpadel-icon-cloud-2025\/#primaryimage"},"thumbnailUrl":"https:\/\/padelhaus.mustlammas-dev.in\/wp-content\/uploads\/2025\/11\/beeziconcloud.webp","datePublished":"2025-11-18T09:06:50+00:00","dateModified":"2026-03-05T15:58:08+00:00","description":"Padelmailat ja padelvarusteet edullisesti. Padelhaus on padel verkkokauppa, josta l\u00f6yd\u00e4t parhaat padelmailat kaikille tasoille.","breadcrumb":{"@id":"https:\/\/padelhaus.mustlammas-dev.in\/fi\/kauppa\/bullpadel-icon-cloud-2025\/#breadcrumb"},"inLanguage":"fi","potentialAction":[{"@type":"ReadAction","target":["https:\/\/padelhaus.mustlammas-dev.in\/fi\/kauppa\/bullpadel-icon-cloud-2025\/"]}]},{"@type":"ImageObject","inLanguage":"fi","@id":"https:\/\/padelhaus.mustlammas-dev.in\/fi\/kauppa\/bullpadel-icon-cloud-2025\/#primaryimage","url":"https:\/\/padelhaus.mustlammas-dev.in\/wp-content\/uploads\/2025\/11\/beeziconcloud.webp","contentUrl":"https:\/\/padelhaus.mustlammas-dev.in\/wp-content\/uploads\/2025\/11\/beeziconcloud.webp","width":960,"height":960,"caption":"BULLPADEL ICON CLOUD 2025"},{"@type":"BreadcrumbList","@id":"https:\/\/padelhaus.mustlammas-dev.in\/fi\/kauppa\/bullpadel-icon-cloud-2025\/#breadcrumb","itemListElement":[{"@type":"ListItem","position":1,"name":"Avaleht","item":"https:\/\/padelhaus.fi\/"},{"@type":"ListItem","position":2,"name":"Kauppa","item":"https:\/\/padelhaus.fi\/kauppa\/"},{"@type":"ListItem","position":3,"name":"BULLPADEL ICON CLOUD 2025"}]},{"@type":"WebSite","@id":"https:\/\/padelhaus.mustlammas-dev.in\/fi\/#website","url":"https:\/\/padelhaus.mustlammas-dev.in\/fi\/","name":"Claude Padelhaus","description":"Sinu padelivarustuse kodu","publisher":{"@id":"https:\/\/padelhaus.mustlammas-dev.in\/fi\/#organization"},"potentialAction":[{"@type":"SearchAction","target":{"@type":"EntryPoint","urlTemplate":"https:\/\/padelhaus.mustlammas-dev.in\/fi\/?s={search_term_string}"},"query-input":{"@type":"PropertyValueSpecification","valueRequired":true,"valueName":"search_term_string"}}],"inLanguage":"fi"},{"@type":"Organization","@id":"https:\/\/padelhaus.mustlammas-dev.in\/fi\/#organization","name":"Claude Padelhaus","url":"https:\/\/padelhaus.mustlammas-dev.in\/fi\/","logo":{"@type":"ImageObject","inLanguage":"fi","@id":"https:\/\/padelhaus.mustlammas-dev.in\/fi\/#\/schema\/logo\/image\/","url":"https:\/\/padelhaus.mustlammas-dev.in\/wp-content\/uploads\/2025\/05\/Logo-1.png","contentUrl":"https:\/\/padelhaus.mustlammas-dev.in\/wp-content\/uploads\/2025\/05\/Logo-1.png","width":280,"height":115,"caption":"Claude Padelhaus"},"image":{"@id":"https:\/\/padelhaus.mustlammas-dev.in\/fi\/#\/schema\/logo\/image\/"}}]},"product_price_amount":"149.00","product_price_currency":"EUR","og_availability":"backorder","product_availability":"available for order","product_retailer_item_id":"BUL-R-25","product_condition":"new"},"_links":{"self":[{"href":"https:\/\/padelhaus.mustlammas-dev.in\/fi\/wp-json\/wp\/v2\/product\/71194","targetHints":{"allow":["GET"]}}],"collection":[{"href":"https:\/\/padelhaus.mustlammas-dev.in\/fi\/wp-json\/wp\/v2\/product"}],"about":[{"href":"https:\/\/padelhaus.mustlammas-dev.in\/fi\/wp-json\/wp\/v2\/types\/product"}],"replies":[{"embeddable":true,"href":"https:\/\/padelhaus.mustlammas-dev.in\/fi\/wp-json\/wp\/v2\/comments?post=71194"}],"wp:featuredmedia":[{"embeddable":true,"href":"https:\/\/padelhaus.mustlammas-dev.in\/fi\/wp-json\/wp\/v2\/media\/71195"}],"wp:attachment":[{"href":"https:\/\/padelhaus.mustlammas-dev.in\/fi\/wp-json\/wp\/v2\/media?parent=71194"}],"wp:term":[{"taxonomy":"product_brand","embeddable":true,"href":"https:\/\/padelhaus.mustlammas-dev.in\/fi\/wp-json\/wp\/v2\/product_brand?post=71194"},{"taxonomy":"product_cat","embeddable":true,"href":"https:\/\/padelhaus.mustlammas-dev.in\/fi\/wp-json\/wp\/v2\/product_cat?post=71194"},{"taxonomy":"product_tag","embeddable":true,"href":"https:\/\/padelhaus.mustlammas-dev.in\/fi\/wp-json\/wp\/v2\/product_tag?post=71194"}],"curies":[{"name":"wp","href":"https:\/\/api.w.org\/{rel}","templated":true}]}}