{"id":71207,"date":"2025-05-28T13:21:11","date_gmt":"2025-05-28T10:21:11","guid":{"rendered":"https:\/\/padelhaus.mustlammas-dev.in\/pood\/head-radical-elite-2024\/"},"modified":"2026-03-11T11:48:28","modified_gmt":"2026-03-11T09:48:28","slug":"head-radical-elite-2024","status":"publish","type":"product","link":"https:\/\/padelhaus.mustlammas-dev.in\/fi\/kauppa\/head-radical-elite-2024\/","title":{"rendered":"HEAD RADICAL Elite 2024"},"content":{"rendered":"<p><strong>Head Radical Elite 2024<\/strong> -padelmaila on erinomainen valinta pelaajille, jotka etsiv\u00e4t kent\u00e4ll\u00e4 monipuolista ja korkeatasoista suorituskyky\u00e4. Sen pisaramuoto tarjoaa ihanteellisen tasapainon voiman ja hallinnan v\u00e4lill\u00e4, mahdollistaen tarkat ja vahvat ly\u00f6nnit joka hetki. Sopii t\u00e4ydellisesti monipuoliselle pelaajalle.  <\/p>\n<h5>Vakaus ja ketteryys<\/h5>\n<p>365 grammaa painava Head Radical Elite 2024 takaa tarvittavan vakauden voimakkaisiin ly\u00f6nteihin s\u00e4ilytt\u00e4en samalla liikenopeuden ja joustavuuden kent\u00e4ll\u00e4. T\u00e4m\u00e4 painojakauma sopii kaikentasoisille pelaajille, jotka etsiv\u00e4t monik\u00e4ytt\u00f6ist\u00e4 mailaa. <\/p>\n<p>Tuntumaltaan keskikova, joustava pisaranmuotoinen maila<\/p>\n<p>Lasikuituiset ly\u00f6ntipinnat lis\u00e4\u00e4v\u00e4t mailan lujuutta ja joustavuutta tehden siit\u00e4 kest\u00e4v\u00e4n my\u00f6s intensiivisiss\u00e4 peleiss\u00e4 ja jatkuvassa kulutuksessa. Laadukas rakenne takaa pitk\u00e4n k\u00e4ytt\u00f6i\u00e4n ja tasaisen suorituskyvyn. <\/p>\n<p>Mailan Control Foam -ydin lis\u00e4\u00e4 peliin tarkkuutta. T\u00e4m\u00e4 innovatiivinen teknologia tarjoaa pehme\u00e4n ja mukavan tuntuman, jonka ansiosta pelaajat saavat poikkeuksellisen hallinnan jokaiseen ly\u00f6ntiin. Lasikuitupintojen ja Control Foam -ytimen yhdistelm\u00e4 luo t\u00e4ydellisen tasapainon voiman ja hallinnan v\u00e4lill\u00e4.  <\/p>\n<h5>Innovatiivinen teknologia<\/h5>\n<p>Maila on varustettu Auxetic-teknologialla, joka reagoi pelaajan liikkeisiin ja ly\u00f6nteihin mukautuen niiden muotoon ja voimakkuuteen. T\u00e4m\u00e4 takaa paremman reagoivuuden, suuremman pelimukavuuden ja yksil\u00f6llisen kokemuksen jokaiselle pelaajalle. <\/p>\n","protected":false},"excerpt":{"rendered":"<p>Head Radical Elite 2024 -padelmaila on erinomainen valinta pelaajille, jotka etsiv\u00e4t kent\u00e4ll\u00e4 monipuolista ja korkeatasoista suorituskyky\u00e4. Sen pisaramuoto tarjoaa ihanteellisen tasapainon voiman ja hallinnan v\u00e4lill\u00e4, mahdollistaen tarkat ja vahvat ly\u00f6nnit joka hetki. Sopii t\u00e4ydellisesti monipuoliselle pelaajalle. Vakaus ja ketteryys 365 grammaa painava Head Radical Elite 2024 takaa tarvittavan vakauden voimakkaisiin ly\u00f6nteihin s\u00e4ilytt\u00e4en samalla liikenopeuden ja [&hellip;]<\/p>\n","protected":false},"featured_media":73136,"comment_status":"open","ping_status":"closed","template":"","meta":{"_eb_attr":""},"product_brand":[509],"product_cat":[520,510,494],"product_tag":[],"class_list":{"0":"post-71207","1":"product","2":"type-product","3":"status-publish","4":"has-post-thumbnail","6":"product_brand-head","7":"product_cat-aloittelijat","8":"product_cat-head","9":"product_cat-padelmailat","10":"pa_kaal-365g","11":"pa_kuju-pisaranmuotoinen","12":"pa_mangustiil-hybridi","13":"pa_tasakaal-keskella","14":"pa_tase-keskitaso","15":"pa_varv-punainen","18":"first","19":"instock","20":"sale","21":"featured","22":"taxable","23":"shipping-taxable","24":"purchasable","25":"product-type-simple"},"yoast_head":"<!-- This site is optimized with the Yoast SEO Premium plugin v27.1 (Yoast SEO v27.1.1) - https:\/\/yoast.com\/product\/yoast-seo-premium-wordpress\/ -->\n<title>HEAD RADICAL Elite 2024 | Test Padelhaus<\/title>\n<meta name=\"description\" content=\"Padelmailat ja padelvarusteet edullisesti. Padelhaus on padel verkkokauppa, josta l\u00f6yd\u00e4t parhaat padelmailat kaikille tasoille.\" \/>\n<meta name=\"robots\" content=\"noindex, follow, max-snippet:-1, max-image-preview:large, max-video-preview:-1\" \/>\n<meta property=\"og:locale\" content=\"fi_FI\" \/>\n<meta property=\"og:type\" content=\"article\" \/>\n<meta property=\"og:title\" content=\"HEAD RADICAL Elite 2024\" \/>\n<meta property=\"og:description\" content=\"Padelmailat ja padelvarusteet edullisesti. Padelhaus on padel verkkokauppa, josta l\u00f6yd\u00e4t parhaat padelmailat kaikille tasoille.\" \/>\n<meta property=\"og:url\" content=\"https:\/\/padelhaus.mustlammas-dev.in\/fi\/kauppa\/head-radical-elite-2024\/\" \/>\n<meta property=\"og:site_name\" content=\"Test Padelhaus\" \/>\n<meta property=\"article:modified_time\" content=\"2026-03-11T09:48:28+00:00\" \/>\n<meta property=\"og:image\" content=\"https:\/\/padelhaus.mustlammas-dev.in\/wp-content\/uploads\/2025\/05\/HEA-R-5-beez.png\" \/>\n\t<meta property=\"og:image:width\" content=\"960\" \/>\n\t<meta property=\"og:image:height\" content=\"960\" \/>\n\t<meta property=\"og:image:type\" content=\"image\/png\" \/>\n<meta name=\"twitter:card\" content=\"summary_large_image\" \/>\n<meta name=\"twitter:label1\" content=\"Hinta\" \/>\n\t<meta name=\"twitter:data1\" content=\"119,95&nbsp;&euro;\" \/>\n\t<meta name=\"twitter:label2\" content=\"Saatavuus\" \/>\n\t<meta name=\"twitter:data2\" content=\"Varastossa\" \/>\n<script type=\"application\/ld+json\" class=\"yoast-schema-graph\">{\"@context\":\"https:\/\/schema.org\",\"@graph\":[{\"@type\":[\"WebPage\",\"ItemPage\"],\"@id\":\"https:\/\/padelhaus.mustlammas-dev.in\/fi\/kauppa\/head-radical-elite-2024\/\",\"url\":\"https:\/\/padelhaus.mustlammas-dev.in\/fi\/kauppa\/head-radical-elite-2024\/\",\"name\":\"HEAD RADICAL Elite 2024 | Test Padelhaus\",\"isPartOf\":{\"@id\":\"https:\/\/padelhaus.mustlammas-dev.in\/fi\/#website\"},\"primaryImageOfPage\":{\"@id\":\"https:\/\/padelhaus.mustlammas-dev.in\/fi\/kauppa\/head-radical-elite-2024\/#primaryimage\"},\"image\":{\"@id\":\"https:\/\/padelhaus.mustlammas-dev.in\/fi\/kauppa\/head-radical-elite-2024\/#primaryimage\"},\"thumbnailUrl\":\"https:\/\/padelhaus.mustlammas-dev.in\/wp-content\/uploads\/2025\/05\/HEA-R-5-beez.png\",\"datePublished\":\"2025-05-28T10:21:11+00:00\",\"dateModified\":\"2026-03-11T09:48:28+00:00\",\"description\":\"Padelmailat ja padelvarusteet edullisesti. Padelhaus on padel verkkokauppa, josta l\u00f6yd\u00e4t parhaat padelmailat kaikille tasoille.\",\"breadcrumb\":{\"@id\":\"https:\/\/padelhaus.mustlammas-dev.in\/fi\/kauppa\/head-radical-elite-2024\/#breadcrumb\"},\"inLanguage\":\"fi\",\"potentialAction\":[{\"@type\":\"ReadAction\",\"target\":[\"https:\/\/padelhaus.mustlammas-dev.in\/fi\/kauppa\/head-radical-elite-2024\/\"]}]},{\"@type\":\"ImageObject\",\"inLanguage\":\"fi\",\"@id\":\"https:\/\/padelhaus.mustlammas-dev.in\/fi\/kauppa\/head-radical-elite-2024\/#primaryimage\",\"url\":\"https:\/\/padelhaus.mustlammas-dev.in\/wp-content\/uploads\/2025\/05\/HEA-R-5-beez.png\",\"contentUrl\":\"https:\/\/padelhaus.mustlammas-dev.in\/wp-content\/uploads\/2025\/05\/HEA-R-5-beez.png\",\"width\":960,\"height\":960,\"caption\":\"HEAD RADICAL Elite 2024\"},{\"@type\":\"BreadcrumbList\",\"@id\":\"https:\/\/padelhaus.mustlammas-dev.in\/fi\/kauppa\/head-radical-elite-2024\/#breadcrumb\",\"itemListElement\":[{\"@type\":\"ListItem\",\"position\":1,\"name\":\"Avaleht\",\"item\":\"https:\/\/padelhaus.fi\/\"},{\"@type\":\"ListItem\",\"position\":2,\"name\":\"Kauppa\",\"item\":\"https:\/\/padelhaus.fi\/kauppa\/\"},{\"@type\":\"ListItem\",\"position\":3,\"name\":\"HEAD RADICAL Elite 2024\"}]},{\"@type\":\"WebSite\",\"@id\":\"https:\/\/padelhaus.mustlammas-dev.in\/fi\/#website\",\"url\":\"https:\/\/padelhaus.mustlammas-dev.in\/fi\/\",\"name\":\"Claude Padelhaus\",\"description\":\"Sinu padelivarustuse kodu\",\"publisher\":{\"@id\":\"https:\/\/padelhaus.mustlammas-dev.in\/fi\/#organization\"},\"potentialAction\":[{\"@type\":\"SearchAction\",\"target\":{\"@type\":\"EntryPoint\",\"urlTemplate\":\"https:\/\/padelhaus.mustlammas-dev.in\/fi\/?s={search_term_string}\"},\"query-input\":{\"@type\":\"PropertyValueSpecification\",\"valueRequired\":true,\"valueName\":\"search_term_string\"}}],\"inLanguage\":\"fi\"},{\"@type\":\"Organization\",\"@id\":\"https:\/\/padelhaus.mustlammas-dev.in\/fi\/#organization\",\"name\":\"Claude Padelhaus\",\"url\":\"https:\/\/padelhaus.mustlammas-dev.in\/fi\/\",\"logo\":{\"@type\":\"ImageObject\",\"inLanguage\":\"fi\",\"@id\":\"https:\/\/padelhaus.mustlammas-dev.in\/fi\/#\/schema\/logo\/image\/\",\"url\":\"https:\/\/padelhaus.mustlammas-dev.in\/wp-content\/uploads\/2025\/05\/Logo-1.png\",\"contentUrl\":\"https:\/\/padelhaus.mustlammas-dev.in\/wp-content\/uploads\/2025\/05\/Logo-1.png\",\"width\":280,\"height\":115,\"caption\":\"Claude Padelhaus\"},\"image\":{\"@id\":\"https:\/\/padelhaus.mustlammas-dev.in\/fi\/#\/schema\/logo\/image\/\"}}]}<\/script>\n<meta property=\"product:price:amount\" content=\"119.95\" \/>\n<meta property=\"product:price:currency\" content=\"EUR\" \/>\n<meta property=\"og:availability\" content=\"instock\" \/>\n<meta property=\"product:availability\" content=\"instock\" \/>\n<meta property=\"product:retailer_item_id\" content=\"HEA-R-5\" \/>\n<meta property=\"product:condition\" content=\"new\" \/>\n<!-- \/ Yoast SEO Premium plugin. -->","yoast_head_json":{"title":"HEAD RADICAL Elite 2024 | Test Padelhaus","description":"Padelmailat ja padelvarusteet edullisesti. Padelhaus on padel verkkokauppa, josta l\u00f6yd\u00e4t parhaat padelmailat kaikille tasoille.","robots":{"index":"noindex","follow":"follow","max-snippet":"max-snippet:-1","max-image-preview":"max-image-preview:large","max-video-preview":"max-video-preview:-1"},"og_locale":"fi_FI","og_type":"article","og_title":"HEAD RADICAL Elite 2024","og_description":"Padelmailat ja padelvarusteet edullisesti. Padelhaus on padel verkkokauppa, josta l\u00f6yd\u00e4t parhaat padelmailat kaikille tasoille.","og_url":"https:\/\/padelhaus.mustlammas-dev.in\/fi\/kauppa\/head-radical-elite-2024\/","og_site_name":"Test Padelhaus","article_modified_time":"2026-03-11T09:48:28+00:00","og_image":[{"width":960,"height":960,"url":"https:\/\/padelhaus.mustlammas-dev.in\/wp-content\/uploads\/2025\/05\/HEA-R-5-beez.png","type":"image\/png"}],"twitter_card":"summary_large_image","twitter_misc":{"Hinta":"119,95&nbsp;&euro;","Saatavuus":"Varastossa"},"schema":{"@context":"https:\/\/schema.org","@graph":[{"@type":["WebPage","ItemPage"],"@id":"https:\/\/padelhaus.mustlammas-dev.in\/fi\/kauppa\/head-radical-elite-2024\/","url":"https:\/\/padelhaus.mustlammas-dev.in\/fi\/kauppa\/head-radical-elite-2024\/","name":"HEAD RADICAL Elite 2024 | Test Padelhaus","isPartOf":{"@id":"https:\/\/padelhaus.mustlammas-dev.in\/fi\/#website"},"primaryImageOfPage":{"@id":"https:\/\/padelhaus.mustlammas-dev.in\/fi\/kauppa\/head-radical-elite-2024\/#primaryimage"},"image":{"@id":"https:\/\/padelhaus.mustlammas-dev.in\/fi\/kauppa\/head-radical-elite-2024\/#primaryimage"},"thumbnailUrl":"https:\/\/padelhaus.mustlammas-dev.in\/wp-content\/uploads\/2025\/05\/HEA-R-5-beez.png","datePublished":"2025-05-28T10:21:11+00:00","dateModified":"2026-03-11T09:48:28+00:00","description":"Padelmailat ja padelvarusteet edullisesti. Padelhaus on padel verkkokauppa, josta l\u00f6yd\u00e4t parhaat padelmailat kaikille tasoille.","breadcrumb":{"@id":"https:\/\/padelhaus.mustlammas-dev.in\/fi\/kauppa\/head-radical-elite-2024\/#breadcrumb"},"inLanguage":"fi","potentialAction":[{"@type":"ReadAction","target":["https:\/\/padelhaus.mustlammas-dev.in\/fi\/kauppa\/head-radical-elite-2024\/"]}]},{"@type":"ImageObject","inLanguage":"fi","@id":"https:\/\/padelhaus.mustlammas-dev.in\/fi\/kauppa\/head-radical-elite-2024\/#primaryimage","url":"https:\/\/padelhaus.mustlammas-dev.in\/wp-content\/uploads\/2025\/05\/HEA-R-5-beez.png","contentUrl":"https:\/\/padelhaus.mustlammas-dev.in\/wp-content\/uploads\/2025\/05\/HEA-R-5-beez.png","width":960,"height":960,"caption":"HEAD RADICAL Elite 2024"},{"@type":"BreadcrumbList","@id":"https:\/\/padelhaus.mustlammas-dev.in\/fi\/kauppa\/head-radical-elite-2024\/#breadcrumb","itemListElement":[{"@type":"ListItem","position":1,"name":"Avaleht","item":"https:\/\/padelhaus.fi\/"},{"@type":"ListItem","position":2,"name":"Kauppa","item":"https:\/\/padelhaus.fi\/kauppa\/"},{"@type":"ListItem","position":3,"name":"HEAD RADICAL Elite 2024"}]},{"@type":"WebSite","@id":"https:\/\/padelhaus.mustlammas-dev.in\/fi\/#website","url":"https:\/\/padelhaus.mustlammas-dev.in\/fi\/","name":"Claude Padelhaus","description":"Sinu padelivarustuse kodu","publisher":{"@id":"https:\/\/padelhaus.mustlammas-dev.in\/fi\/#organization"},"potentialAction":[{"@type":"SearchAction","target":{"@type":"EntryPoint","urlTemplate":"https:\/\/padelhaus.mustlammas-dev.in\/fi\/?s={search_term_string}"},"query-input":{"@type":"PropertyValueSpecification","valueRequired":true,"valueName":"search_term_string"}}],"inLanguage":"fi"},{"@type":"Organization","@id":"https:\/\/padelhaus.mustlammas-dev.in\/fi\/#organization","name":"Claude Padelhaus","url":"https:\/\/padelhaus.mustlammas-dev.in\/fi\/","logo":{"@type":"ImageObject","inLanguage":"fi","@id":"https:\/\/padelhaus.mustlammas-dev.in\/fi\/#\/schema\/logo\/image\/","url":"https:\/\/padelhaus.mustlammas-dev.in\/wp-content\/uploads\/2025\/05\/Logo-1.png","contentUrl":"https:\/\/padelhaus.mustlammas-dev.in\/wp-content\/uploads\/2025\/05\/Logo-1.png","width":280,"height":115,"caption":"Claude Padelhaus"},"image":{"@id":"https:\/\/padelhaus.mustlammas-dev.in\/fi\/#\/schema\/logo\/image\/"}}]},"product_price_amount":"119.95","product_price_currency":"EUR","og_availability":"instock","product_availability":"instock","product_retailer_item_id":"HEA-R-5","product_condition":"new"},"_links":{"self":[{"href":"https:\/\/padelhaus.mustlammas-dev.in\/fi\/wp-json\/wp\/v2\/product\/71207","targetHints":{"allow":["GET"]}}],"collection":[{"href":"https:\/\/padelhaus.mustlammas-dev.in\/fi\/wp-json\/wp\/v2\/product"}],"about":[{"href":"https:\/\/padelhaus.mustlammas-dev.in\/fi\/wp-json\/wp\/v2\/types\/product"}],"replies":[{"embeddable":true,"href":"https:\/\/padelhaus.mustlammas-dev.in\/fi\/wp-json\/wp\/v2\/comments?post=71207"}],"wp:featuredmedia":[{"embeddable":true,"href":"https:\/\/padelhaus.mustlammas-dev.in\/fi\/wp-json\/wp\/v2\/media\/73136"}],"wp:attachment":[{"href":"https:\/\/padelhaus.mustlammas-dev.in\/fi\/wp-json\/wp\/v2\/media?parent=71207"}],"wp:term":[{"taxonomy":"product_brand","embeddable":true,"href":"https:\/\/padelhaus.mustlammas-dev.in\/fi\/wp-json\/wp\/v2\/product_brand?post=71207"},{"taxonomy":"product_cat","embeddable":true,"href":"https:\/\/padelhaus.mustlammas-dev.in\/fi\/wp-json\/wp\/v2\/product_cat?post=71207"},{"taxonomy":"product_tag","embeddable":true,"href":"https:\/\/padelhaus.mustlammas-dev.in\/fi\/wp-json\/wp\/v2\/product_tag?post=71207"}],"curies":[{"name":"wp","href":"https:\/\/api.w.org\/{rel}","templated":true}]}}