{"id":71211,"date":"2025-05-26T13:26:07","date_gmt":"2025-05-26T10:26:07","guid":{"rendered":"https:\/\/padelhaus.mustlammas-dev.in\/pood\/adidas-metalbone-3-3-2024\/"},"modified":"2026-03-11T11:48:29","modified_gmt":"2026-03-11T09:48:29","slug":"adidas-metalbone-3-3-2024","status":"publish","type":"product","link":"https:\/\/padelhaus.mustlammas-dev.in\/fi\/kauppa\/adidas-metalbone-3-3-2024\/","title":{"rendered":"ADIDAS METALBONE 3.3 2024"},"content":{"rendered":"<p><strong>Adidas Metalbone 3.3<\/strong> on ammattilaispelaaja Ale Gal\u00e1nin virallinen padelmaila vuodelle 2024. Kyseess\u00e4 on huipputason urheilijoille suunnattu suorituskykyinen mailamalli, jossa on Oversize-timanttimuotoinen kehys. Leve\u00e4mpi ly\u00f6ntipinta ja voimaan keskittyv\u00e4 muotoilu tekev\u00e4t siit\u00e4 ihanteellisen aseen kent\u00e4n vaativissa tilanteissa.  <\/p>\n<ul>\n<li>Adidaksen Weight &amp; Balance System \u2013 mukautettava paino ja tasapaino<\/li>\n<li>Maila on varustettu ainutlaatuisella Weight &amp; Balance System -teknologialla, jonka avulla voit muuttaa mailan painoa ja tasapainoa irrotettavien ruuvien avulla. N\u00e4in voit mukauttaa mailan tuntumaa ja pelityyli\u00e4si \u2013 painoa voi s\u00e4\u00e4t\u00e4\u00e4 jopa 12 g verran. <\/li>\n<li>Aluminoidut hiilikuitupinnat<\/li>\n<li>Mailan kehys on valmistettu kest\u00e4v\u00e4st\u00e4 hiilikuidusta ja ly\u00f6ntipinnat on p\u00e4\u00e4llystetty Carbon Aluminized 2 to 1 -kerroksella \u2013 se on j\u00e4ykk\u00e4 ja vahva materiaali, joka maksimoi ly\u00f6ntivoiman kaikissa tilanteissa.<\/li>\n<\/ul>\n<h5>EVA Soft Performance -ydin<\/h5>\n<ul>\n<li>Mailan ytimen\u00e4 on matalatiheyksinen EVA Soft Performance -kumi, joka tarjoaa pehme\u00e4n tuntuman ja mahdollistaa tarkat, hitaamman lentoradan ly\u00f6nnit. Sopii erinomaisesti mukavaan peliin ja hyv\u00e4\u00e4n pallon palautukseen. <\/li>\n<li>Tehokkaat kierteet innovatiivisten teknologioiden ansiosta<\/li>\n<li>Spin Blade Decal -teknologian ansiosta ly\u00f6ntipinnan viimeistely on karhea, mik\u00e4 mahdollistaa paremman pidon ja suuremman kierteist\u00e4misen. Smart Holes Curve -teknologian reikien asettelu seuraa kaarevuutta, mik\u00e4 helpottaa kierteiden antamista pallolle. <\/li>\n<li>Lujuutta ja kest\u00e4vyytt\u00e4 joka tilanteeseen<\/li>\n<li>Mailan rakenne perustuu Octagonal Structure -teknologiaan, joka takaa paremman j\u00e4ykkyyden ja tarkkuuden. Structural Reinforcement -vahvistukset kehysosassa lis\u00e4\u00e4v\u00e4t v\u00e4\u00e4nt\u00f6j\u00e4ykkyytt\u00e4 ja mailan yleist\u00e4 luotettavuutta. <\/li>\n<\/ul>\n<h5>Suojaa ja tyyli\u00e4 samassa paketissa<\/h5>\n<p>Maila on varustettu Metalbone Protector Tape -suojanauhalla, joka suojaa sit\u00e4 kulumiselta. Visuaalisesti vaikutuksen tekee musta runko syv\u00e4npunaisilla yksityiskohdilla, tarjoten samalla ammattimaisen ja voimakkaan ulkon\u00e4\u00f6n. <\/p>\n","protected":false},"excerpt":{"rendered":"<p>Adidas Metalbone 3.3 on ammattilaispelaaja Ale Gal\u00e1nin virallinen padelmaila vuodelle 2024. Kyseess\u00e4 on huipputason urheilijoille suunnattu suorituskykyinen mailamalli, jossa on Oversize-timanttimuotoinen kehys. Leve\u00e4mpi ly\u00f6ntipinta ja voimaan keskittyv\u00e4 muotoilu tekev\u00e4t siit\u00e4 ihanteellisen aseen kent\u00e4n vaativissa tilanteissa. Adidaksen Weight &amp; Balance System \u2013 mukautettava paino ja tasapaino Maila on varustettu ainutlaatuisella Weight &amp; Balance System -teknologialla, jonka [&hellip;]<\/p>\n","protected":false},"featured_media":73145,"comment_status":"open","ping_status":"closed","template":"","meta":{"_eb_attr":""},"product_brand":[523],"product_cat":[524,496,494],"product_tag":[],"class_list":{"0":"post-71211","1":"product","2":"type-product","3":"status-publish","4":"has-post-thumbnail","6":"product_brand-adidas","7":"product_cat-adidas","8":"product_cat-edistynyt","9":"product_cat-padelmailat","10":"pa_kaal-355g","11":"pa_kuju-timantti","12":"pa_mangustiil-hyokkaava","13":"pa_tasakaal-ylhaalla","14":"pa_tase-edistynyt","15":"pa_varv-musta","18":"first","19":"onbackorder","20":"sale","21":"taxable","22":"shipping-taxable","23":"purchasable","24":"product-type-simple"},"yoast_head":"<!-- This site is optimized with the Yoast SEO Premium plugin v27.1 (Yoast SEO v27.1.1) - https:\/\/yoast.com\/product\/yoast-seo-premium-wordpress\/ -->\n<title>ADIDAS METALBONE 3.3 2024 | Test Padelhaus<\/title>\n<meta name=\"description\" content=\"Padelmailat ja padelvarusteet edullisesti. Padelhaus on padel verkkokauppa, josta l\u00f6yd\u00e4t parhaat padelmailat kaikille tasoille.\" \/>\n<meta name=\"robots\" content=\"noindex, follow, max-snippet:-1, max-image-preview:large, max-video-preview:-1\" \/>\n<meta property=\"og:locale\" content=\"fi_FI\" \/>\n<meta property=\"og:type\" content=\"article\" \/>\n<meta property=\"og:title\" content=\"ADIDAS METALBONE 3.3 2024\" \/>\n<meta property=\"og:description\" content=\"Padelmailat ja padelvarusteet edullisesti. Padelhaus on padel verkkokauppa, josta l\u00f6yd\u00e4t parhaat padelmailat kaikille tasoille.\" \/>\n<meta property=\"og:url\" content=\"https:\/\/padelhaus.mustlammas-dev.in\/fi\/kauppa\/adidas-metalbone-3-3-2024\/\" \/>\n<meta property=\"og:site_name\" content=\"Test Padelhaus\" \/>\n<meta property=\"article:modified_time\" content=\"2026-03-11T09:48:29+00:00\" \/>\n<meta property=\"og:image\" content=\"https:\/\/padelhaus.fi\/wp-content\/uploads\/2025\/05\/A8361_960x960_crop_center.jpg\" \/>\n\t<meta property=\"og:image:width\" content=\"960\" \/>\n\t<meta property=\"og:image:height\" content=\"960\" \/>\n\t<meta property=\"og:image:type\" content=\"image\/jpeg\" \/>\n<meta name=\"twitter:card\" content=\"summary_large_image\" \/>\n<meta name=\"twitter:label1\" content=\"Hinta\" \/>\n\t<meta name=\"twitter:data1\" content=\"197,95&nbsp;&euro;\" \/>\n\t<meta name=\"twitter:label2\" content=\"Saatavuus\" \/>\n\t<meta name=\"twitter:data2\" content=\"J\u00e4lkitoimituksessa\" \/>\n<script type=\"application\/ld+json\" class=\"yoast-schema-graph\">{\"@context\":\"https:\/\/schema.org\",\"@graph\":[{\"@type\":[\"WebPage\",\"ItemPage\"],\"@id\":\"https:\/\/padelhaus.mustlammas-dev.in\/fi\/kauppa\/adidas-metalbone-3-3-2024\/\",\"url\":\"https:\/\/padelhaus.mustlammas-dev.in\/fi\/kauppa\/adidas-metalbone-3-3-2024\/\",\"name\":\"ADIDAS METALBONE 3.3 2024 | Test Padelhaus\",\"isPartOf\":{\"@id\":\"https:\/\/padelhaus.mustlammas-dev.in\/fi\/#website\"},\"primaryImageOfPage\":{\"@id\":\"https:\/\/padelhaus.mustlammas-dev.in\/fi\/kauppa\/adidas-metalbone-3-3-2024\/#primaryimage\"},\"image\":{\"@id\":\"https:\/\/padelhaus.mustlammas-dev.in\/fi\/kauppa\/adidas-metalbone-3-3-2024\/#primaryimage\"},\"thumbnailUrl\":\"https:\/\/padelhaus.mustlammas-dev.in\/wp-content\/uploads\/2025\/05\/A8361_960x960_crop_center.jpg\",\"datePublished\":\"2025-05-26T10:26:07+00:00\",\"dateModified\":\"2026-03-11T09:48:29+00:00\",\"description\":\"Padelmailat ja padelvarusteet edullisesti. Padelhaus on padel verkkokauppa, josta l\u00f6yd\u00e4t parhaat padelmailat kaikille tasoille.\",\"breadcrumb\":{\"@id\":\"https:\/\/padelhaus.mustlammas-dev.in\/fi\/kauppa\/adidas-metalbone-3-3-2024\/#breadcrumb\"},\"inLanguage\":\"fi\",\"potentialAction\":[{\"@type\":\"ReadAction\",\"target\":[\"https:\/\/padelhaus.mustlammas-dev.in\/fi\/kauppa\/adidas-metalbone-3-3-2024\/\"]}]},{\"@type\":\"ImageObject\",\"inLanguage\":\"fi\",\"@id\":\"https:\/\/padelhaus.mustlammas-dev.in\/fi\/kauppa\/adidas-metalbone-3-3-2024\/#primaryimage\",\"url\":\"https:\/\/padelhaus.mustlammas-dev.in\/wp-content\/uploads\/2025\/05\/A8361_960x960_crop_center.jpg\",\"contentUrl\":\"https:\/\/padelhaus.mustlammas-dev.in\/wp-content\/uploads\/2025\/05\/A8361_960x960_crop_center.jpg\",\"width\":960,\"height\":960,\"caption\":\"ADIDAS METALBONE 3.3 2024\"},{\"@type\":\"BreadcrumbList\",\"@id\":\"https:\/\/padelhaus.mustlammas-dev.in\/fi\/kauppa\/adidas-metalbone-3-3-2024\/#breadcrumb\",\"itemListElement\":[{\"@type\":\"ListItem\",\"position\":1,\"name\":\"Avaleht\",\"item\":\"https:\/\/padelhaus.fi\/\"},{\"@type\":\"ListItem\",\"position\":2,\"name\":\"Kauppa\",\"item\":\"https:\/\/padelhaus.fi\/kauppa\/\"},{\"@type\":\"ListItem\",\"position\":3,\"name\":\"ADIDAS METALBONE 3.3 2024\"}]},{\"@type\":\"WebSite\",\"@id\":\"https:\/\/padelhaus.mustlammas-dev.in\/fi\/#website\",\"url\":\"https:\/\/padelhaus.mustlammas-dev.in\/fi\/\",\"name\":\"Claude Padelhaus\",\"description\":\"Sinu padelivarustuse kodu\",\"publisher\":{\"@id\":\"https:\/\/padelhaus.mustlammas-dev.in\/fi\/#organization\"},\"potentialAction\":[{\"@type\":\"SearchAction\",\"target\":{\"@type\":\"EntryPoint\",\"urlTemplate\":\"https:\/\/padelhaus.mustlammas-dev.in\/fi\/?s={search_term_string}\"},\"query-input\":{\"@type\":\"PropertyValueSpecification\",\"valueRequired\":true,\"valueName\":\"search_term_string\"}}],\"inLanguage\":\"fi\"},{\"@type\":\"Organization\",\"@id\":\"https:\/\/padelhaus.mustlammas-dev.in\/fi\/#organization\",\"name\":\"Claude Padelhaus\",\"url\":\"https:\/\/padelhaus.mustlammas-dev.in\/fi\/\",\"logo\":{\"@type\":\"ImageObject\",\"inLanguage\":\"fi\",\"@id\":\"https:\/\/padelhaus.mustlammas-dev.in\/fi\/#\/schema\/logo\/image\/\",\"url\":\"https:\/\/padelhaus.mustlammas-dev.in\/wp-content\/uploads\/2025\/05\/Logo-1.png\",\"contentUrl\":\"https:\/\/padelhaus.mustlammas-dev.in\/wp-content\/uploads\/2025\/05\/Logo-1.png\",\"width\":280,\"height\":115,\"caption\":\"Claude Padelhaus\"},\"image\":{\"@id\":\"https:\/\/padelhaus.mustlammas-dev.in\/fi\/#\/schema\/logo\/image\/\"}}]}<\/script>\n<meta property=\"product:price:amount\" content=\"197.95\" \/>\n<meta property=\"product:price:currency\" content=\"EUR\" \/>\n<meta property=\"og:availability\" content=\"backorder\" \/>\n<meta property=\"product:availability\" content=\"available for order\" \/>\n<meta property=\"product:retailer_item_id\" content=\"ADI-R-17\" \/>\n<meta property=\"product:condition\" content=\"new\" \/>\n<!-- \/ Yoast SEO Premium plugin. -->","yoast_head_json":{"title":"ADIDAS METALBONE 3.3 2024 | Test Padelhaus","description":"Padelmailat ja padelvarusteet edullisesti. Padelhaus on padel verkkokauppa, josta l\u00f6yd\u00e4t parhaat padelmailat kaikille tasoille.","robots":{"index":"noindex","follow":"follow","max-snippet":"max-snippet:-1","max-image-preview":"max-image-preview:large","max-video-preview":"max-video-preview:-1"},"og_locale":"fi_FI","og_type":"article","og_title":"ADIDAS METALBONE 3.3 2024","og_description":"Padelmailat ja padelvarusteet edullisesti. Padelhaus on padel verkkokauppa, josta l\u00f6yd\u00e4t parhaat padelmailat kaikille tasoille.","og_url":"https:\/\/padelhaus.mustlammas-dev.in\/fi\/kauppa\/adidas-metalbone-3-3-2024\/","og_site_name":"Test Padelhaus","article_modified_time":"2026-03-11T09:48:29+00:00","og_image":[{"width":960,"height":960,"url":"https:\/\/padelhaus.fi\/wp-content\/uploads\/2025\/05\/A8361_960x960_crop_center.jpg","type":"image\/jpeg"}],"twitter_card":"summary_large_image","twitter_misc":{"Hinta":"197,95&nbsp;&euro;","Saatavuus":"J\u00e4lkitoimituksessa"},"schema":{"@context":"https:\/\/schema.org","@graph":[{"@type":["WebPage","ItemPage"],"@id":"https:\/\/padelhaus.mustlammas-dev.in\/fi\/kauppa\/adidas-metalbone-3-3-2024\/","url":"https:\/\/padelhaus.mustlammas-dev.in\/fi\/kauppa\/adidas-metalbone-3-3-2024\/","name":"ADIDAS METALBONE 3.3 2024 | Test Padelhaus","isPartOf":{"@id":"https:\/\/padelhaus.mustlammas-dev.in\/fi\/#website"},"primaryImageOfPage":{"@id":"https:\/\/padelhaus.mustlammas-dev.in\/fi\/kauppa\/adidas-metalbone-3-3-2024\/#primaryimage"},"image":{"@id":"https:\/\/padelhaus.mustlammas-dev.in\/fi\/kauppa\/adidas-metalbone-3-3-2024\/#primaryimage"},"thumbnailUrl":"https:\/\/padelhaus.mustlammas-dev.in\/wp-content\/uploads\/2025\/05\/A8361_960x960_crop_center.jpg","datePublished":"2025-05-26T10:26:07+00:00","dateModified":"2026-03-11T09:48:29+00:00","description":"Padelmailat ja padelvarusteet edullisesti. Padelhaus on padel verkkokauppa, josta l\u00f6yd\u00e4t parhaat padelmailat kaikille tasoille.","breadcrumb":{"@id":"https:\/\/padelhaus.mustlammas-dev.in\/fi\/kauppa\/adidas-metalbone-3-3-2024\/#breadcrumb"},"inLanguage":"fi","potentialAction":[{"@type":"ReadAction","target":["https:\/\/padelhaus.mustlammas-dev.in\/fi\/kauppa\/adidas-metalbone-3-3-2024\/"]}]},{"@type":"ImageObject","inLanguage":"fi","@id":"https:\/\/padelhaus.mustlammas-dev.in\/fi\/kauppa\/adidas-metalbone-3-3-2024\/#primaryimage","url":"https:\/\/padelhaus.mustlammas-dev.in\/wp-content\/uploads\/2025\/05\/A8361_960x960_crop_center.jpg","contentUrl":"https:\/\/padelhaus.mustlammas-dev.in\/wp-content\/uploads\/2025\/05\/A8361_960x960_crop_center.jpg","width":960,"height":960,"caption":"ADIDAS METALBONE 3.3 2024"},{"@type":"BreadcrumbList","@id":"https:\/\/padelhaus.mustlammas-dev.in\/fi\/kauppa\/adidas-metalbone-3-3-2024\/#breadcrumb","itemListElement":[{"@type":"ListItem","position":1,"name":"Avaleht","item":"https:\/\/padelhaus.fi\/"},{"@type":"ListItem","position":2,"name":"Kauppa","item":"https:\/\/padelhaus.fi\/kauppa\/"},{"@type":"ListItem","position":3,"name":"ADIDAS METALBONE 3.3 2024"}]},{"@type":"WebSite","@id":"https:\/\/padelhaus.mustlammas-dev.in\/fi\/#website","url":"https:\/\/padelhaus.mustlammas-dev.in\/fi\/","name":"Claude Padelhaus","description":"Sinu padelivarustuse kodu","publisher":{"@id":"https:\/\/padelhaus.mustlammas-dev.in\/fi\/#organization"},"potentialAction":[{"@type":"SearchAction","target":{"@type":"EntryPoint","urlTemplate":"https:\/\/padelhaus.mustlammas-dev.in\/fi\/?s={search_term_string}"},"query-input":{"@type":"PropertyValueSpecification","valueRequired":true,"valueName":"search_term_string"}}],"inLanguage":"fi"},{"@type":"Organization","@id":"https:\/\/padelhaus.mustlammas-dev.in\/fi\/#organization","name":"Claude Padelhaus","url":"https:\/\/padelhaus.mustlammas-dev.in\/fi\/","logo":{"@type":"ImageObject","inLanguage":"fi","@id":"https:\/\/padelhaus.mustlammas-dev.in\/fi\/#\/schema\/logo\/image\/","url":"https:\/\/padelhaus.mustlammas-dev.in\/wp-content\/uploads\/2025\/05\/Logo-1.png","contentUrl":"https:\/\/padelhaus.mustlammas-dev.in\/wp-content\/uploads\/2025\/05\/Logo-1.png","width":280,"height":115,"caption":"Claude Padelhaus"},"image":{"@id":"https:\/\/padelhaus.mustlammas-dev.in\/fi\/#\/schema\/logo\/image\/"}}]},"product_price_amount":"197.95","product_price_currency":"EUR","og_availability":"backorder","product_availability":"available for order","product_retailer_item_id":"ADI-R-17","product_condition":"new"},"_links":{"self":[{"href":"https:\/\/padelhaus.mustlammas-dev.in\/fi\/wp-json\/wp\/v2\/product\/71211","targetHints":{"allow":["GET"]}}],"collection":[{"href":"https:\/\/padelhaus.mustlammas-dev.in\/fi\/wp-json\/wp\/v2\/product"}],"about":[{"href":"https:\/\/padelhaus.mustlammas-dev.in\/fi\/wp-json\/wp\/v2\/types\/product"}],"replies":[{"embeddable":true,"href":"https:\/\/padelhaus.mustlammas-dev.in\/fi\/wp-json\/wp\/v2\/comments?post=71211"}],"wp:featuredmedia":[{"embeddable":true,"href":"https:\/\/padelhaus.mustlammas-dev.in\/fi\/wp-json\/wp\/v2\/media\/73145"}],"wp:attachment":[{"href":"https:\/\/padelhaus.mustlammas-dev.in\/fi\/wp-json\/wp\/v2\/media?parent=71211"}],"wp:term":[{"taxonomy":"product_brand","embeddable":true,"href":"https:\/\/padelhaus.mustlammas-dev.in\/fi\/wp-json\/wp\/v2\/product_brand?post=71211"},{"taxonomy":"product_cat","embeddable":true,"href":"https:\/\/padelhaus.mustlammas-dev.in\/fi\/wp-json\/wp\/v2\/product_cat?post=71211"},{"taxonomy":"product_tag","embeddable":true,"href":"https:\/\/padelhaus.mustlammas-dev.in\/fi\/wp-json\/wp\/v2\/product_tag?post=71211"}],"curies":[{"name":"wp","href":"https:\/\/api.w.org\/{rel}","templated":true}]}}