{"id":71216,"date":"2025-05-26T13:26:07","date_gmt":"2025-05-26T10:26:07","guid":{"rendered":"https:\/\/padelhaus.mustlammas-dev.in\/pood\/adidas-metalbone-3-4\/"},"modified":"2026-03-05T17:59:04","modified_gmt":"2026-03-05T15:59:04","slug":"adidas-metalbone-3-4","status":"publish","type":"product","link":"https:\/\/padelhaus.mustlammas-dev.in\/fi\/kauppa\/adidas-metalbone-3-4\/","title":{"rendered":"ADIDAS METALBONE 3.4"},"content":{"rendered":"<p><strong>Adidas Metalbone 3.4 on p\u00e4ivitetty ja paranneltu kaudelle 2025<\/strong>, vahvistaen asemaansa yhten\u00e4 markkinoiden edistyneimmist\u00e4 padelmailoista. Se on suunniteltu vaativille pelaajille, jotka etsiv\u00e4t t\u00e4ydellist\u00e4 tasapainoa voiman ja hallinnan v\u00e4lill\u00e4 \u2013 t\u00e4ydellinen ase kent\u00e4n hallintaan. Timantin muoto ja EVA Soft Performance -ydin takaavat poikkeuksellisen tarkkuuden ja r\u00e4j\u00e4ht\u00e4v\u00e4n pallol\u00e4hd\u00f6n tarjoten huipputason suorituskyky\u00e4 pelin kriittisimmill\u00e4 hetkill\u00e4.   <\/p>\n<h5>Silm\u00e4\u00e4 hivelev\u00e4 muotoilu ja innovatiivinen teknologia<\/h5>\n<ul>\n<li>Hiilikuiturunko ja 16K-aluminisoidut hiilikuitupinnat antavat Metalbone 3.4:lle j\u00e4ykkyytt\u00e4, kest\u00e4vyytt\u00e4 ja ainutlaatuisen tuntuman jokaiseen ly\u00f6ntiin.<\/li>\n<li>Ainutlaatuiset Adidas-teknologiat, kuten Octagonal Structure ja uusi Power Groove -j\u00e4rjestelm\u00e4, optimoivat energian jakautumisen mahdollistaen suuremman ly\u00f6ntivoiman hallintaa menett\u00e4m\u00e4tt\u00e4.<\/li>\n<li>Low Poly \u2013 monitahoinen muotoilu \u2013 lis\u00e4\u00e4 rakenteeseen j\u00e4ykkyytt\u00e4 ja parantaa pelin tehokkuutta jokaisella ly\u00f6nnill\u00e4.<\/li>\n<\/ul>\n<h5>Hallinta ja kierre uudelle tasolle<\/h5>\n<p>Spin Blade Decal -tekstuuri ja strategisesti sijoitetut rei\u00e4t Smart Holes Curve -j\u00e4rjestelm\u00e4ss\u00e4 lis\u00e4\u00e4v\u00e4t kierrett\u00e4 ja laajentavat sweet spotia tarjoten tarkempaa hallintaa kaikissa tilanteissa. Lis\u00e4ksi maila on varustettu Weight &amp; Balance System -teknologialla, jonka avulla voit mukauttaa mailan painoa ja tasapainoa omien mieltymystesi mukaan. <\/p>\n<h5>Kenelle se on tarkoitettu?<\/h5>\n<p>Metalbone 3.4 on ihanteellinen valinta edistyneille ja ammattilaispelaajille, jotka haluavat nostaa pelitasoaan. Olipa kyseess\u00e4 yst\u00e4vyysottelu tai kilpailu \u2013 t\u00e4m\u00e4 maila erottuu voimallaan, ketteryydell\u00e4\u00e4n ja mukavuudellaan, ja siit\u00e4 tulee korvaamaton kumppani jokaiselle padel-harrastajalle. <\/p>\n<h5>T\u00e4rkeimm\u00e4t ominaisuudet:<\/h5>\n<ul>\n<li><strong>Taso:<\/strong> Edistynyt<\/li>\n<li><strong>Muoto:<\/strong> Timantti<\/li>\n<li><strong>Paino:<\/strong> 345\u2013360 g<\/li>\n<li><strong>Materiaalit:<\/strong> 16K-aluminisoitu hiilikuitu ja hiilikuiturunko<\/li>\n<li><strong>Ydin:<\/strong> EVA Soft Performance<\/li>\n<li><strong>Teknologiat:<\/strong> Octagonal Structure, Power Groove, Spin Blade Decal, Weight &amp; Balance System ym.<\/li>\n<\/ul>\n<p>Adidas Metalbone 3.4:n kanssa olet valmis kohtaamaan vaativimmatkin haasteet ja erottumaan eduksesi niin tyylikk\u00e4\u00e4ll\u00e4 muotoilulla kuin eliittitason pelill\u00e4.<\/p>\n","protected":false},"excerpt":{"rendered":"<p>Adidas Metalbone 3.4 on p\u00e4ivitetty ja paranneltu kaudelle 2025, vahvistaen asemaansa yhten\u00e4 markkinoiden edistyneimmist\u00e4 padelmailoista. Se on suunniteltu vaativille pelaajille, jotka etsiv\u00e4t t\u00e4ydellist\u00e4 tasapainoa voiman ja hallinnan v\u00e4lill\u00e4 \u2013 t\u00e4ydellinen ase kent\u00e4n hallintaan. Timantin muoto ja EVA Soft Performance -ydin takaavat poikkeuksellisen tarkkuuden ja r\u00e4j\u00e4ht\u00e4v\u00e4n pallol\u00e4hd\u00f6n tarjoten huipputason suorituskyky\u00e4 pelin kriittisimmill\u00e4 hetkill\u00e4. Silm\u00e4\u00e4 hivelev\u00e4 muotoilu [&hellip;]<\/p>\n","protected":false},"featured_media":71218,"comment_status":"open","ping_status":"closed","template":"","meta":{"_eb_attr":""},"product_brand":[523],"product_cat":[524,496,494],"product_tag":[],"class_list":{"0":"post-71216","1":"product","2":"type-product","3":"status-publish","4":"has-post-thumbnail","6":"product_brand-adidas","7":"product_cat-adidas","8":"product_cat-edistynyt","9":"product_cat-padelmailat","10":"pa_kaal-355g","11":"pa_kuju-timantti","12":"pa_mangustiil-hyokkaava","13":"pa_tasakaal-ylhaalla","14":"pa_tase-edistynyt","15":"pa_varv-musta","18":"first","19":"onbackorder","20":"sale","21":"taxable","22":"shipping-taxable","23":"purchasable","24":"product-type-simple"},"yoast_head":"<!-- This site is optimized with the Yoast SEO Premium plugin v27.1 (Yoast SEO v27.1.1) - https:\/\/yoast.com\/product\/yoast-seo-premium-wordpress\/ -->\n<title>ADIDAS METALBONE 3.4 | Test Padelhaus<\/title>\n<meta name=\"description\" content=\"Padelmailat ja padelvarusteet edullisesti. Padelhaus on padel verkkokauppa, josta l\u00f6yd\u00e4t parhaat padelmailat kaikille tasoille.\" \/>\n<meta name=\"robots\" content=\"noindex, follow, max-snippet:-1, max-image-preview:large, max-video-preview:-1\" \/>\n<meta property=\"og:locale\" content=\"fi_FI\" \/>\n<meta property=\"og:type\" content=\"article\" \/>\n<meta property=\"og:title\" content=\"ADIDAS METALBONE 3.4\" \/>\n<meta property=\"og:description\" content=\"Padelmailat ja padelvarusteet edullisesti. Padelhaus on padel verkkokauppa, josta l\u00f6yd\u00e4t parhaat padelmailat kaikille tasoille.\" \/>\n<meta property=\"og:url\" content=\"https:\/\/padelhaus.mustlammas-dev.in\/fi\/kauppa\/adidas-metalbone-3-4\/\" \/>\n<meta property=\"og:site_name\" content=\"Test Padelhaus\" \/>\n<meta property=\"article:modified_time\" content=\"2026-03-05T15:59:04+00:00\" \/>\n<meta property=\"og:image\" content=\"https:\/\/padelhaus.mustlammas-dev.in\/wp-content\/uploads\/2025\/05\/Metalbone_3.4_AR1AA0FRONT_960x960_crop_center.jpg\" \/>\n\t<meta property=\"og:image:width\" content=\"960\" \/>\n\t<meta property=\"og:image:height\" content=\"960\" \/>\n\t<meta property=\"og:image:type\" content=\"image\/jpeg\" \/>\n<meta name=\"twitter:card\" content=\"summary_large_image\" \/>\n<meta name=\"twitter:label1\" content=\"Hinta\" \/>\n\t<meta name=\"twitter:data1\" content=\"219,00&nbsp;&euro;\" \/>\n\t<meta name=\"twitter:label2\" content=\"Saatavuus\" \/>\n\t<meta name=\"twitter:data2\" content=\"J\u00e4lkitoimituksessa\" \/>\n<script type=\"application\/ld+json\" class=\"yoast-schema-graph\">{\"@context\":\"https:\/\/schema.org\",\"@graph\":[{\"@type\":[\"WebPage\",\"ItemPage\"],\"@id\":\"https:\/\/padelhaus.mustlammas-dev.in\/fi\/kauppa\/adidas-metalbone-3-4\/\",\"url\":\"https:\/\/padelhaus.mustlammas-dev.in\/fi\/kauppa\/adidas-metalbone-3-4\/\",\"name\":\"ADIDAS METALBONE 3.4 | Test Padelhaus\",\"isPartOf\":{\"@id\":\"https:\/\/padelhaus.mustlammas-dev.in\/fi\/#website\"},\"primaryImageOfPage\":{\"@id\":\"https:\/\/padelhaus.mustlammas-dev.in\/fi\/kauppa\/adidas-metalbone-3-4\/#primaryimage\"},\"image\":{\"@id\":\"https:\/\/padelhaus.mustlammas-dev.in\/fi\/kauppa\/adidas-metalbone-3-4\/#primaryimage\"},\"thumbnailUrl\":\"https:\/\/padelhaus.mustlammas-dev.in\/wp-content\/uploads\/2025\/05\/Metalbone_3.4_AR1AA0FRONT_960x960_crop_center.jpg\",\"datePublished\":\"2025-05-26T10:26:07+00:00\",\"dateModified\":\"2026-03-05T15:59:04+00:00\",\"description\":\"Padelmailat ja padelvarusteet edullisesti. Padelhaus on padel verkkokauppa, josta l\u00f6yd\u00e4t parhaat padelmailat kaikille tasoille.\",\"breadcrumb\":{\"@id\":\"https:\/\/padelhaus.mustlammas-dev.in\/fi\/kauppa\/adidas-metalbone-3-4\/#breadcrumb\"},\"inLanguage\":\"fi\",\"potentialAction\":[{\"@type\":\"ReadAction\",\"target\":[\"https:\/\/padelhaus.mustlammas-dev.in\/fi\/kauppa\/adidas-metalbone-3-4\/\"]}]},{\"@type\":\"ImageObject\",\"inLanguage\":\"fi\",\"@id\":\"https:\/\/padelhaus.mustlammas-dev.in\/fi\/kauppa\/adidas-metalbone-3-4\/#primaryimage\",\"url\":\"https:\/\/padelhaus.mustlammas-dev.in\/wp-content\/uploads\/2025\/05\/Metalbone_3.4_AR1AA0FRONT_960x960_crop_center.jpg\",\"contentUrl\":\"https:\/\/padelhaus.mustlammas-dev.in\/wp-content\/uploads\/2025\/05\/Metalbone_3.4_AR1AA0FRONT_960x960_crop_center.jpg\",\"width\":960,\"height\":960,\"caption\":\"ADIDAS METALBONE 3.4\"},{\"@type\":\"BreadcrumbList\",\"@id\":\"https:\/\/padelhaus.mustlammas-dev.in\/fi\/kauppa\/adidas-metalbone-3-4\/#breadcrumb\",\"itemListElement\":[{\"@type\":\"ListItem\",\"position\":1,\"name\":\"Avaleht\",\"item\":\"https:\/\/padelhaus.fi\/\"},{\"@type\":\"ListItem\",\"position\":2,\"name\":\"Kauppa\",\"item\":\"https:\/\/padelhaus.fi\/kauppa\/\"},{\"@type\":\"ListItem\",\"position\":3,\"name\":\"ADIDAS METALBONE 3.4\"}]},{\"@type\":\"WebSite\",\"@id\":\"https:\/\/padelhaus.mustlammas-dev.in\/fi\/#website\",\"url\":\"https:\/\/padelhaus.mustlammas-dev.in\/fi\/\",\"name\":\"Claude Padelhaus\",\"description\":\"Sinu padelivarustuse kodu\",\"publisher\":{\"@id\":\"https:\/\/padelhaus.mustlammas-dev.in\/fi\/#organization\"},\"potentialAction\":[{\"@type\":\"SearchAction\",\"target\":{\"@type\":\"EntryPoint\",\"urlTemplate\":\"https:\/\/padelhaus.mustlammas-dev.in\/fi\/?s={search_term_string}\"},\"query-input\":{\"@type\":\"PropertyValueSpecification\",\"valueRequired\":true,\"valueName\":\"search_term_string\"}}],\"inLanguage\":\"fi\"},{\"@type\":\"Organization\",\"@id\":\"https:\/\/padelhaus.mustlammas-dev.in\/fi\/#organization\",\"name\":\"Claude Padelhaus\",\"url\":\"https:\/\/padelhaus.mustlammas-dev.in\/fi\/\",\"logo\":{\"@type\":\"ImageObject\",\"inLanguage\":\"fi\",\"@id\":\"https:\/\/padelhaus.mustlammas-dev.in\/fi\/#\/schema\/logo\/image\/\",\"url\":\"https:\/\/padelhaus.mustlammas-dev.in\/wp-content\/uploads\/2025\/05\/Logo-1.png\",\"contentUrl\":\"https:\/\/padelhaus.mustlammas-dev.in\/wp-content\/uploads\/2025\/05\/Logo-1.png\",\"width\":280,\"height\":115,\"caption\":\"Claude Padelhaus\"},\"image\":{\"@id\":\"https:\/\/padelhaus.mustlammas-dev.in\/fi\/#\/schema\/logo\/image\/\"}}]}<\/script>\n<meta property=\"product:price:amount\" content=\"219.00\" \/>\n<meta property=\"product:price:currency\" content=\"EUR\" \/>\n<meta property=\"og:availability\" content=\"backorder\" \/>\n<meta property=\"product:availability\" content=\"available for order\" \/>\n<meta property=\"product:retailer_item_id\" content=\"ADI-R-15\" \/>\n<meta property=\"product:condition\" content=\"new\" \/>\n<!-- \/ Yoast SEO Premium plugin. -->","yoast_head_json":{"title":"ADIDAS METALBONE 3.4 | Test Padelhaus","description":"Padelmailat ja padelvarusteet edullisesti. Padelhaus on padel verkkokauppa, josta l\u00f6yd\u00e4t parhaat padelmailat kaikille tasoille.","robots":{"index":"noindex","follow":"follow","max-snippet":"max-snippet:-1","max-image-preview":"max-image-preview:large","max-video-preview":"max-video-preview:-1"},"og_locale":"fi_FI","og_type":"article","og_title":"ADIDAS METALBONE 3.4","og_description":"Padelmailat ja padelvarusteet edullisesti. Padelhaus on padel verkkokauppa, josta l\u00f6yd\u00e4t parhaat padelmailat kaikille tasoille.","og_url":"https:\/\/padelhaus.mustlammas-dev.in\/fi\/kauppa\/adidas-metalbone-3-4\/","og_site_name":"Test Padelhaus","article_modified_time":"2026-03-05T15:59:04+00:00","og_image":[{"width":960,"height":960,"url":"https:\/\/padelhaus.mustlammas-dev.in\/wp-content\/uploads\/2025\/05\/Metalbone_3.4_AR1AA0FRONT_960x960_crop_center.jpg","type":"image\/jpeg"}],"twitter_card":"summary_large_image","twitter_misc":{"Hinta":"219,00&nbsp;&euro;","Saatavuus":"J\u00e4lkitoimituksessa"},"schema":{"@context":"https:\/\/schema.org","@graph":[{"@type":["WebPage","ItemPage"],"@id":"https:\/\/padelhaus.mustlammas-dev.in\/fi\/kauppa\/adidas-metalbone-3-4\/","url":"https:\/\/padelhaus.mustlammas-dev.in\/fi\/kauppa\/adidas-metalbone-3-4\/","name":"ADIDAS METALBONE 3.4 | Test Padelhaus","isPartOf":{"@id":"https:\/\/padelhaus.mustlammas-dev.in\/fi\/#website"},"primaryImageOfPage":{"@id":"https:\/\/padelhaus.mustlammas-dev.in\/fi\/kauppa\/adidas-metalbone-3-4\/#primaryimage"},"image":{"@id":"https:\/\/padelhaus.mustlammas-dev.in\/fi\/kauppa\/adidas-metalbone-3-4\/#primaryimage"},"thumbnailUrl":"https:\/\/padelhaus.mustlammas-dev.in\/wp-content\/uploads\/2025\/05\/Metalbone_3.4_AR1AA0FRONT_960x960_crop_center.jpg","datePublished":"2025-05-26T10:26:07+00:00","dateModified":"2026-03-05T15:59:04+00:00","description":"Padelmailat ja padelvarusteet edullisesti. Padelhaus on padel verkkokauppa, josta l\u00f6yd\u00e4t parhaat padelmailat kaikille tasoille.","breadcrumb":{"@id":"https:\/\/padelhaus.mustlammas-dev.in\/fi\/kauppa\/adidas-metalbone-3-4\/#breadcrumb"},"inLanguage":"fi","potentialAction":[{"@type":"ReadAction","target":["https:\/\/padelhaus.mustlammas-dev.in\/fi\/kauppa\/adidas-metalbone-3-4\/"]}]},{"@type":"ImageObject","inLanguage":"fi","@id":"https:\/\/padelhaus.mustlammas-dev.in\/fi\/kauppa\/adidas-metalbone-3-4\/#primaryimage","url":"https:\/\/padelhaus.mustlammas-dev.in\/wp-content\/uploads\/2025\/05\/Metalbone_3.4_AR1AA0FRONT_960x960_crop_center.jpg","contentUrl":"https:\/\/padelhaus.mustlammas-dev.in\/wp-content\/uploads\/2025\/05\/Metalbone_3.4_AR1AA0FRONT_960x960_crop_center.jpg","width":960,"height":960,"caption":"ADIDAS METALBONE 3.4"},{"@type":"BreadcrumbList","@id":"https:\/\/padelhaus.mustlammas-dev.in\/fi\/kauppa\/adidas-metalbone-3-4\/#breadcrumb","itemListElement":[{"@type":"ListItem","position":1,"name":"Avaleht","item":"https:\/\/padelhaus.fi\/"},{"@type":"ListItem","position":2,"name":"Kauppa","item":"https:\/\/padelhaus.fi\/kauppa\/"},{"@type":"ListItem","position":3,"name":"ADIDAS METALBONE 3.4"}]},{"@type":"WebSite","@id":"https:\/\/padelhaus.mustlammas-dev.in\/fi\/#website","url":"https:\/\/padelhaus.mustlammas-dev.in\/fi\/","name":"Claude Padelhaus","description":"Sinu padelivarustuse kodu","publisher":{"@id":"https:\/\/padelhaus.mustlammas-dev.in\/fi\/#organization"},"potentialAction":[{"@type":"SearchAction","target":{"@type":"EntryPoint","urlTemplate":"https:\/\/padelhaus.mustlammas-dev.in\/fi\/?s={search_term_string}"},"query-input":{"@type":"PropertyValueSpecification","valueRequired":true,"valueName":"search_term_string"}}],"inLanguage":"fi"},{"@type":"Organization","@id":"https:\/\/padelhaus.mustlammas-dev.in\/fi\/#organization","name":"Claude Padelhaus","url":"https:\/\/padelhaus.mustlammas-dev.in\/fi\/","logo":{"@type":"ImageObject","inLanguage":"fi","@id":"https:\/\/padelhaus.mustlammas-dev.in\/fi\/#\/schema\/logo\/image\/","url":"https:\/\/padelhaus.mustlammas-dev.in\/wp-content\/uploads\/2025\/05\/Logo-1.png","contentUrl":"https:\/\/padelhaus.mustlammas-dev.in\/wp-content\/uploads\/2025\/05\/Logo-1.png","width":280,"height":115,"caption":"Claude Padelhaus"},"image":{"@id":"https:\/\/padelhaus.mustlammas-dev.in\/fi\/#\/schema\/logo\/image\/"}}]},"product_price_amount":"219.00","product_price_currency":"EUR","og_availability":"backorder","product_availability":"available for order","product_retailer_item_id":"ADI-R-15","product_condition":"new"},"_links":{"self":[{"href":"https:\/\/padelhaus.mustlammas-dev.in\/fi\/wp-json\/wp\/v2\/product\/71216","targetHints":{"allow":["GET"]}}],"collection":[{"href":"https:\/\/padelhaus.mustlammas-dev.in\/fi\/wp-json\/wp\/v2\/product"}],"about":[{"href":"https:\/\/padelhaus.mustlammas-dev.in\/fi\/wp-json\/wp\/v2\/types\/product"}],"replies":[{"embeddable":true,"href":"https:\/\/padelhaus.mustlammas-dev.in\/fi\/wp-json\/wp\/v2\/comments?post=71216"}],"wp:featuredmedia":[{"embeddable":true,"href":"https:\/\/padelhaus.mustlammas-dev.in\/fi\/wp-json\/wp\/v2\/media\/71218"}],"wp:attachment":[{"href":"https:\/\/padelhaus.mustlammas-dev.in\/fi\/wp-json\/wp\/v2\/media?parent=71216"}],"wp:term":[{"taxonomy":"product_brand","embeddable":true,"href":"https:\/\/padelhaus.mustlammas-dev.in\/fi\/wp-json\/wp\/v2\/product_brand?post=71216"},{"taxonomy":"product_cat","embeddable":true,"href":"https:\/\/padelhaus.mustlammas-dev.in\/fi\/wp-json\/wp\/v2\/product_cat?post=71216"},{"taxonomy":"product_tag","embeddable":true,"href":"https:\/\/padelhaus.mustlammas-dev.in\/fi\/wp-json\/wp\/v2\/product_tag?post=71216"}],"curies":[{"name":"wp","href":"https:\/\/api.w.org\/{rel}","templated":true}]}}