{"id":71240,"date":"2025-12-05T12:51:02","date_gmt":"2025-12-05T10:51:02","guid":{"rendered":"https:\/\/padelhaus.mustlammas-dev.in\/pood\/nox-x-hero-blue-2026\/"},"modified":"2026-03-05T17:57:43","modified_gmt":"2026-03-05T15:57:43","slug":"nox-x-hero-blue-2026","status":"publish","type":"product","link":"https:\/\/padelhaus.mustlammas-dev.in\/fi\/kauppa\/nox-x-hero-blue-2026\/","title":{"rendered":"Nox X-hero Blue 2026"},"content":{"rendered":"<p data-start=\"87\" data-end=\"477\"><strong>Nox X-Hero Blue 2026<\/strong> on ihanteellinen kumppani pelaajille, jotka vasta aloittavat padelin tai joilla on jo hieman kokemusta ja jotka kaipaavat lis\u00e4\u00e4 kontrollia, sujuvuutta ja varmuutta. Sen py\u00f6re\u00e4 muoto ja keskitasapaino laajentavat sweet spotia, mik\u00e4 helpottaa pallon sijoittelua ja v\u00e4hent\u00e4\u00e4 virheit\u00e4 ep\u00e4puhtaissa osumissa. T\u00e4m\u00e4 maila on suunniteltu auttamaan sinua kasvattamaan itseluottamustasi askel askeleelta ja nostamaan tasoasi.  <\/p>\n<h5 data-start=\"479\" data-end=\"954\">Moderni muotoilu ja kest\u00e4v\u00e4 rakenne<\/h5>\n<p data-start=\"479\" data-end=\"954\">Kiilt\u00e4v\u00e4n sinisen viimeistelyn ja tyylikk\u00e4iden yksityiskohtien ansiosta t\u00e4m\u00e4 maila tuo kent\u00e4lle raikkautta ja tyyli\u00e4. Hiilikuiturunko takaa rakenteellisen lujuuden, kun taas Fiber Glass 3K -pinta varmistaa tasaisen ja kest\u00e4v\u00e4n pallon l\u00e4hd\u00f6n. Lis\u00e4ksi kiilt\u00e4v\u00e4 pinta antaa mailalle premium-ilmeen, joka sopii sen monipuoliseen luonteeseen. Kevyt ja mukava X-Hero Blue 2026 on luotu seuraamaan sinua niin treeneiss\u00e4 kuin pidemmiss\u00e4 peleiss\u00e4kin.   <\/p>\n<h5 data-start=\"956\" data-end=\"995\">T\u00e4rkeimm\u00e4t teknologiat ja ominaisuudet<\/h5>\n<ul data-start=\"996\" data-end=\"1540\">\n<li data-start=\"996\" data-end=\"1099\">\n<p data-start=\"998\" data-end=\"1099\"><strong data-start=\"998\" data-end=\"1016\">HR3 White EVA:<\/strong> Pehme\u00e4, matalatiheyksinen ydin, joka lis\u00e4\u00e4 kontrollia ja mukavuutta jokaisessa ly\u00f6nniss\u00e4<\/p>\n<\/li>\n<li data-start=\"1100\" data-end=\"1219\">\n<p data-start=\"1102\" data-end=\"1219\"><strong data-start=\"1102\" data-end=\"1121\">Fiber Glass 3K:<\/strong> kolme kerrosta lasikuitua, jotka takaavat johdonmukaisuuden, kest\u00e4vyyden ja erinomaisen pallon l\u00e4hd\u00f6n<\/p>\n<\/li>\n<li data-start=\"1220\" data-end=\"1354\">\n<p data-start=\"1222\" data-end=\"1354\"><strong data-start=\"1222\" data-end=\"1260\">Dynamic Composite Structure (DCS):<\/strong> vahvistus, joka suojaa mailaa keskikohdan ulkopuolisilta osumilta ja pident\u00e4\u00e4 sen k\u00e4ytt\u00f6ik\u00e4\u00e4<\/p>\n<\/li>\n<li data-start=\"1355\" data-end=\"1443\">\n<p data-start=\"1357\" data-end=\"1443\"><strong data-start=\"1357\" data-end=\"1374\">Carbon Frame:<\/strong> lis\u00e4\u00e4 j\u00e4ykkyytt\u00e4, vakautta ja kest\u00e4vyytt\u00e4 pitk\u00e4aikaiseen k\u00e4ytt\u00f6\u00f6n<\/p>\n<\/li>\n<li data-start=\"1444\" data-end=\"1540\">\n<p data-start=\"1446\" data-end=\"1540\"><strong data-start=\"1446\" data-end=\"1480\">Py\u00f6re\u00e4 muoto + keskitasapaino:<\/strong> laajentaa sweet spotia ja helpottaa tarkkuutta jokaisessa ly\u00f6nniss\u00e4<\/p>\n<\/li>\n<\/ul>\n","protected":false},"excerpt":{"rendered":"<p>Nox X-Hero Blue 2026 on ihanteellinen kumppani pelaajille, jotka vasta aloittavat padelin tai joilla on jo hieman kokemusta ja jotka kaipaavat lis\u00e4\u00e4 kontrollia, sujuvuutta ja varmuutta. Sen py\u00f6re\u00e4 muoto ja keskitasapaino laajentavat sweet spotia, mik\u00e4 helpottaa pallon sijoittelua ja v\u00e4hent\u00e4\u00e4 virheit\u00e4 ep\u00e4puhtaissa osumissa. T\u00e4m\u00e4 maila on suunniteltu auttamaan sinua kasvattamaan itseluottamustasi askel askeleelta ja nostamaan [&hellip;]<\/p>\n","protected":false},"featured_media":71247,"comment_status":"open","ping_status":"closed","template":"","meta":{"_eb_attr":""},"product_brand":[493],"product_cat":[520,497,494],"product_tag":[],"class_list":{"0":"post-71240","1":"product","2":"type-product","3":"status-publish","4":"has-post-thumbnail","6":"product_brand-nox","7":"product_cat-aloittelijat","8":"product_cat-nox","9":"product_cat-padelmailat","10":"pa_kaal-360g","11":"pa_kuju-pyorea","12":"pa_mangustiil-hybridi","13":"pa_tasakaal-keskella","14":"pa_tase-aloittelija","15":"pa_varv-sininen","18":"first","19":"onbackorder","20":"sale","21":"taxable","22":"shipping-taxable","23":"purchasable","24":"product-type-simple"},"yoast_head":"<!-- This site is optimized with the Yoast SEO Premium plugin v27.1 (Yoast SEO v27.1.1) - https:\/\/yoast.com\/product\/yoast-seo-premium-wordpress\/ -->\n<title>Nox X-hero Blue 2026 | Test Padelhaus<\/title>\n<meta name=\"description\" content=\"Padelmailat ja padelvarusteet edullisesti. Padelhaus on padel verkkokauppa, josta l\u00f6yd\u00e4t parhaat padelmailat kaikille tasoille.\" \/>\n<meta name=\"robots\" content=\"noindex, follow, max-snippet:-1, max-image-preview:large, max-video-preview:-1\" \/>\n<meta property=\"og:locale\" content=\"fi_FI\" \/>\n<meta property=\"og:type\" content=\"article\" \/>\n<meta property=\"og:title\" content=\"Nox X-hero Blue 2026\" \/>\n<meta property=\"og:description\" content=\"Padelmailat ja padelvarusteet edullisesti. Padelhaus on padel verkkokauppa, josta l\u00f6yd\u00e4t parhaat padelmailat kaikille tasoille.\" \/>\n<meta property=\"og:url\" content=\"https:\/\/padelhaus.mustlammas-dev.in\/fi\/kauppa\/nox-x-hero-blue-2026\/\" \/>\n<meta property=\"og:site_name\" content=\"Test Padelhaus\" \/>\n<meta property=\"article:modified_time\" content=\"2026-03-05T15:57:43+00:00\" \/>\n<meta property=\"og:image\" content=\"https:\/\/padelhaus.mustlammas-dev.in\/wp-content\/uploads\/2025\/12\/NOX-X-HERO-BLUE-2026.webp\" \/>\n\t<meta property=\"og:image:width\" content=\"1000\" \/>\n\t<meta property=\"og:image:height\" content=\"1000\" \/>\n\t<meta property=\"og:image:type\" content=\"image\/webp\" \/>\n<meta name=\"twitter:card\" content=\"summary_large_image\" \/>\n<meta name=\"twitter:label1\" content=\"Hinta\" \/>\n\t<meta name=\"twitter:data1\" content=\"64,95&nbsp;&euro;\" \/>\n\t<meta name=\"twitter:label2\" content=\"Saatavuus\" \/>\n\t<meta name=\"twitter:data2\" content=\"J\u00e4lkitoimituksessa\" \/>\n<script type=\"application\/ld+json\" class=\"yoast-schema-graph\">{\"@context\":\"https:\/\/schema.org\",\"@graph\":[{\"@type\":[\"WebPage\",\"ItemPage\"],\"@id\":\"https:\/\/padelhaus.mustlammas-dev.in\/fi\/kauppa\/nox-x-hero-blue-2026\/\",\"url\":\"https:\/\/padelhaus.mustlammas-dev.in\/fi\/kauppa\/nox-x-hero-blue-2026\/\",\"name\":\"Nox X-hero Blue 2026 | Test Padelhaus\",\"isPartOf\":{\"@id\":\"https:\/\/padelhaus.mustlammas-dev.in\/fi\/#website\"},\"primaryImageOfPage\":{\"@id\":\"https:\/\/padelhaus.mustlammas-dev.in\/fi\/kauppa\/nox-x-hero-blue-2026\/#primaryimage\"},\"image\":{\"@id\":\"https:\/\/padelhaus.mustlammas-dev.in\/fi\/kauppa\/nox-x-hero-blue-2026\/#primaryimage\"},\"thumbnailUrl\":\"https:\/\/padelhaus.mustlammas-dev.in\/wp-content\/uploads\/2025\/12\/NOX-X-HERO-BLUE-2026.webp\",\"datePublished\":\"2025-12-05T10:51:02+00:00\",\"dateModified\":\"2026-03-05T15:57:43+00:00\",\"description\":\"Padelmailat ja padelvarusteet edullisesti. Padelhaus on padel verkkokauppa, josta l\u00f6yd\u00e4t parhaat padelmailat kaikille tasoille.\",\"breadcrumb\":{\"@id\":\"https:\/\/padelhaus.mustlammas-dev.in\/fi\/kauppa\/nox-x-hero-blue-2026\/#breadcrumb\"},\"inLanguage\":\"fi\",\"potentialAction\":[{\"@type\":\"ReadAction\",\"target\":[\"https:\/\/padelhaus.mustlammas-dev.in\/fi\/kauppa\/nox-x-hero-blue-2026\/\"]}]},{\"@type\":\"ImageObject\",\"inLanguage\":\"fi\",\"@id\":\"https:\/\/padelhaus.mustlammas-dev.in\/fi\/kauppa\/nox-x-hero-blue-2026\/#primaryimage\",\"url\":\"https:\/\/padelhaus.mustlammas-dev.in\/wp-content\/uploads\/2025\/12\/NOX-X-HERO-BLUE-2026.webp\",\"contentUrl\":\"https:\/\/padelhaus.mustlammas-dev.in\/wp-content\/uploads\/2025\/12\/NOX-X-HERO-BLUE-2026.webp\",\"width\":1000,\"height\":1000,\"caption\":\"NOX X-HERO BLUE 2026\"},{\"@type\":\"BreadcrumbList\",\"@id\":\"https:\/\/padelhaus.mustlammas-dev.in\/fi\/kauppa\/nox-x-hero-blue-2026\/#breadcrumb\",\"itemListElement\":[{\"@type\":\"ListItem\",\"position\":1,\"name\":\"Avaleht\",\"item\":\"https:\/\/padelhaus.fi\/\"},{\"@type\":\"ListItem\",\"position\":2,\"name\":\"Kauppa\",\"item\":\"https:\/\/padelhaus.fi\/kauppa\/\"},{\"@type\":\"ListItem\",\"position\":3,\"name\":\"Nox X-hero Blue 2026\"}]},{\"@type\":\"WebSite\",\"@id\":\"https:\/\/padelhaus.mustlammas-dev.in\/fi\/#website\",\"url\":\"https:\/\/padelhaus.mustlammas-dev.in\/fi\/\",\"name\":\"Claude Padelhaus\",\"description\":\"Sinu padelivarustuse kodu\",\"publisher\":{\"@id\":\"https:\/\/padelhaus.mustlammas-dev.in\/fi\/#organization\"},\"potentialAction\":[{\"@type\":\"SearchAction\",\"target\":{\"@type\":\"EntryPoint\",\"urlTemplate\":\"https:\/\/padelhaus.mustlammas-dev.in\/fi\/?s={search_term_string}\"},\"query-input\":{\"@type\":\"PropertyValueSpecification\",\"valueRequired\":true,\"valueName\":\"search_term_string\"}}],\"inLanguage\":\"fi\"},{\"@type\":\"Organization\",\"@id\":\"https:\/\/padelhaus.mustlammas-dev.in\/fi\/#organization\",\"name\":\"Claude Padelhaus\",\"url\":\"https:\/\/padelhaus.mustlammas-dev.in\/fi\/\",\"logo\":{\"@type\":\"ImageObject\",\"inLanguage\":\"fi\",\"@id\":\"https:\/\/padelhaus.mustlammas-dev.in\/fi\/#\/schema\/logo\/image\/\",\"url\":\"https:\/\/padelhaus.mustlammas-dev.in\/wp-content\/uploads\/2025\/05\/Logo-1.png\",\"contentUrl\":\"https:\/\/padelhaus.mustlammas-dev.in\/wp-content\/uploads\/2025\/05\/Logo-1.png\",\"width\":280,\"height\":115,\"caption\":\"Claude Padelhaus\"},\"image\":{\"@id\":\"https:\/\/padelhaus.mustlammas-dev.in\/fi\/#\/schema\/logo\/image\/\"}}]}<\/script>\n<meta property=\"product:price:amount\" content=\"64.95\" \/>\n<meta property=\"product:price:currency\" content=\"EUR\" \/>\n<meta property=\"og:availability\" content=\"backorder\" \/>\n<meta property=\"product:availability\" content=\"available for order\" \/>\n<meta property=\"product:retailer_item_id\" content=\"NOX-R-37\" \/>\n<meta property=\"product:condition\" content=\"new\" \/>\n<!-- \/ Yoast SEO Premium plugin. -->","yoast_head_json":{"title":"Nox X-hero Blue 2026 | Test Padelhaus","description":"Padelmailat ja padelvarusteet edullisesti. Padelhaus on padel verkkokauppa, josta l\u00f6yd\u00e4t parhaat padelmailat kaikille tasoille.","robots":{"index":"noindex","follow":"follow","max-snippet":"max-snippet:-1","max-image-preview":"max-image-preview:large","max-video-preview":"max-video-preview:-1"},"og_locale":"fi_FI","og_type":"article","og_title":"Nox X-hero Blue 2026","og_description":"Padelmailat ja padelvarusteet edullisesti. Padelhaus on padel verkkokauppa, josta l\u00f6yd\u00e4t parhaat padelmailat kaikille tasoille.","og_url":"https:\/\/padelhaus.mustlammas-dev.in\/fi\/kauppa\/nox-x-hero-blue-2026\/","og_site_name":"Test Padelhaus","article_modified_time":"2026-03-05T15:57:43+00:00","og_image":[{"width":1000,"height":1000,"url":"https:\/\/padelhaus.mustlammas-dev.in\/wp-content\/uploads\/2025\/12\/NOX-X-HERO-BLUE-2026.webp","type":"image\/webp"}],"twitter_card":"summary_large_image","twitter_misc":{"Hinta":"64,95&nbsp;&euro;","Saatavuus":"J\u00e4lkitoimituksessa"},"schema":{"@context":"https:\/\/schema.org","@graph":[{"@type":["WebPage","ItemPage"],"@id":"https:\/\/padelhaus.mustlammas-dev.in\/fi\/kauppa\/nox-x-hero-blue-2026\/","url":"https:\/\/padelhaus.mustlammas-dev.in\/fi\/kauppa\/nox-x-hero-blue-2026\/","name":"Nox X-hero Blue 2026 | Test Padelhaus","isPartOf":{"@id":"https:\/\/padelhaus.mustlammas-dev.in\/fi\/#website"},"primaryImageOfPage":{"@id":"https:\/\/padelhaus.mustlammas-dev.in\/fi\/kauppa\/nox-x-hero-blue-2026\/#primaryimage"},"image":{"@id":"https:\/\/padelhaus.mustlammas-dev.in\/fi\/kauppa\/nox-x-hero-blue-2026\/#primaryimage"},"thumbnailUrl":"https:\/\/padelhaus.mustlammas-dev.in\/wp-content\/uploads\/2025\/12\/NOX-X-HERO-BLUE-2026.webp","datePublished":"2025-12-05T10:51:02+00:00","dateModified":"2026-03-05T15:57:43+00:00","description":"Padelmailat ja padelvarusteet edullisesti. Padelhaus on padel verkkokauppa, josta l\u00f6yd\u00e4t parhaat padelmailat kaikille tasoille.","breadcrumb":{"@id":"https:\/\/padelhaus.mustlammas-dev.in\/fi\/kauppa\/nox-x-hero-blue-2026\/#breadcrumb"},"inLanguage":"fi","potentialAction":[{"@type":"ReadAction","target":["https:\/\/padelhaus.mustlammas-dev.in\/fi\/kauppa\/nox-x-hero-blue-2026\/"]}]},{"@type":"ImageObject","inLanguage":"fi","@id":"https:\/\/padelhaus.mustlammas-dev.in\/fi\/kauppa\/nox-x-hero-blue-2026\/#primaryimage","url":"https:\/\/padelhaus.mustlammas-dev.in\/wp-content\/uploads\/2025\/12\/NOX-X-HERO-BLUE-2026.webp","contentUrl":"https:\/\/padelhaus.mustlammas-dev.in\/wp-content\/uploads\/2025\/12\/NOX-X-HERO-BLUE-2026.webp","width":1000,"height":1000,"caption":"NOX X-HERO BLUE 2026"},{"@type":"BreadcrumbList","@id":"https:\/\/padelhaus.mustlammas-dev.in\/fi\/kauppa\/nox-x-hero-blue-2026\/#breadcrumb","itemListElement":[{"@type":"ListItem","position":1,"name":"Avaleht","item":"https:\/\/padelhaus.fi\/"},{"@type":"ListItem","position":2,"name":"Kauppa","item":"https:\/\/padelhaus.fi\/kauppa\/"},{"@type":"ListItem","position":3,"name":"Nox X-hero Blue 2026"}]},{"@type":"WebSite","@id":"https:\/\/padelhaus.mustlammas-dev.in\/fi\/#website","url":"https:\/\/padelhaus.mustlammas-dev.in\/fi\/","name":"Claude Padelhaus","description":"Sinu padelivarustuse kodu","publisher":{"@id":"https:\/\/padelhaus.mustlammas-dev.in\/fi\/#organization"},"potentialAction":[{"@type":"SearchAction","target":{"@type":"EntryPoint","urlTemplate":"https:\/\/padelhaus.mustlammas-dev.in\/fi\/?s={search_term_string}"},"query-input":{"@type":"PropertyValueSpecification","valueRequired":true,"valueName":"search_term_string"}}],"inLanguage":"fi"},{"@type":"Organization","@id":"https:\/\/padelhaus.mustlammas-dev.in\/fi\/#organization","name":"Claude Padelhaus","url":"https:\/\/padelhaus.mustlammas-dev.in\/fi\/","logo":{"@type":"ImageObject","inLanguage":"fi","@id":"https:\/\/padelhaus.mustlammas-dev.in\/fi\/#\/schema\/logo\/image\/","url":"https:\/\/padelhaus.mustlammas-dev.in\/wp-content\/uploads\/2025\/05\/Logo-1.png","contentUrl":"https:\/\/padelhaus.mustlammas-dev.in\/wp-content\/uploads\/2025\/05\/Logo-1.png","width":280,"height":115,"caption":"Claude Padelhaus"},"image":{"@id":"https:\/\/padelhaus.mustlammas-dev.in\/fi\/#\/schema\/logo\/image\/"}}]},"product_price_amount":"64.95","product_price_currency":"EUR","og_availability":"backorder","product_availability":"available for order","product_retailer_item_id":"NOX-R-37","product_condition":"new"},"_links":{"self":[{"href":"https:\/\/padelhaus.mustlammas-dev.in\/fi\/wp-json\/wp\/v2\/product\/71240","targetHints":{"allow":["GET"]}}],"collection":[{"href":"https:\/\/padelhaus.mustlammas-dev.in\/fi\/wp-json\/wp\/v2\/product"}],"about":[{"href":"https:\/\/padelhaus.mustlammas-dev.in\/fi\/wp-json\/wp\/v2\/types\/product"}],"replies":[{"embeddable":true,"href":"https:\/\/padelhaus.mustlammas-dev.in\/fi\/wp-json\/wp\/v2\/comments?post=71240"}],"wp:featuredmedia":[{"embeddable":true,"href":"https:\/\/padelhaus.mustlammas-dev.in\/fi\/wp-json\/wp\/v2\/media\/71247"}],"wp:attachment":[{"href":"https:\/\/padelhaus.mustlammas-dev.in\/fi\/wp-json\/wp\/v2\/media?parent=71240"}],"wp:term":[{"taxonomy":"product_brand","embeddable":true,"href":"https:\/\/padelhaus.mustlammas-dev.in\/fi\/wp-json\/wp\/v2\/product_brand?post=71240"},{"taxonomy":"product_cat","embeddable":true,"href":"https:\/\/padelhaus.mustlammas-dev.in\/fi\/wp-json\/wp\/v2\/product_cat?post=71240"},{"taxonomy":"product_tag","embeddable":true,"href":"https:\/\/padelhaus.mustlammas-dev.in\/fi\/wp-json\/wp\/v2\/product_tag?post=71240"}],"curies":[{"name":"wp","href":"https:\/\/api.w.org\/{rel}","templated":true}]}}