{"id":71248,"date":"2025-12-05T13:38:17","date_gmt":"2025-12-05T11:38:17","guid":{"rendered":"https:\/\/padelhaus.mustlammas-dev.in\/pood\/nox-pack-at2-genius-limited-edition-2024\/"},"modified":"2026-03-05T17:57:42","modified_gmt":"2026-03-05T15:57:42","slug":"nox-pack-at2-genius-limited-edition-2024","status":"publish","type":"product","link":"https:\/\/padelhaus.mustlammas-dev.in\/fi\/kauppa\/nox-pack-at2-genius-limited-edition-2024\/","title":{"rendered":"Nox Pack AT2 Genius Limited Edition 2024"},"content":{"rendered":"<p data-start=\"119\" data-end=\"306\"><strong>Nox Pack AT2 Genius Limited Edition 2024<\/strong> on eksklusiivinen, rajoitetun er\u00e4n Nox-setti, joka on luotu yhteisty\u00f6ss\u00e4 Agust\u00edn Tapian kanssa vuoden 2024 mallistoon. Setti sis\u00e4lt\u00e4\u00e4:  <\/p>\n<ul data-start=\"308\" data-end=\"520\">\n<li data-start=\"308\" data-end=\"351\">\n<p data-start=\"310\" data-end=\"351\">AT2 Genius LTD Edition 2024 -padelmaila<\/p>\n<\/li>\n<li data-start=\"352\" data-end=\"397\">\n<p data-start=\"354\" data-end=\"397\">2 mustaa Nox-rannepantaa hopeisella logolla<\/p>\n<\/li>\n<li data-start=\"398\" data-end=\"426\">\n<p data-start=\"400\" data-end=\"426\">2 vaihdettavaa turvahihnaa<\/p>\n<\/li>\n<li data-start=\"427\" data-end=\"457\">\n<p data-start=\"429\" data-end=\"457\">2 overgrippi\u00e4, musta ja valkoinen<\/p>\n<\/li>\n<li data-start=\"458\" data-end=\"520\">\n<p data-start=\"460\" data-end=\"520\">1 avaimenper\u00e4, joka on setin padelmailan kopio<\/p>\n<\/li>\n<\/ul>\n<h5 data-start=\"522\" data-end=\"859\">Setti AT2 Genius LTD Edition 2024 -padelmailalla<\/h5>\n<p data-start=\"522\" data-end=\"859\">Setin t\u00e4rkein ja j\u00e4nnitt\u00e4vin osa on padelmaila. AT2 Genius LTD Edition 2024 on monipuolinen pisaranmuotoinen maila, jossa yhdistyv\u00e4t 18K-hiilikuitupinnat ja monikerroksinen MLD Black EVA -ydin. Se tarjoaa vahvan, varman ja tasaisen tuntuman, joka sopii voimapeliin.  <\/p>\n<p data-start=\"861\" data-end=\"1158\">Mailassa on EOS FLAP -teknologia, joka parantaa materiaalien jakautumista ja lis\u00e4\u00e4 mailan ketteryytt\u00e4 nopeaan ja tarkkaan peliin. Pinnat ovat karheat, ja ne on luotu Exclusive Spin+ -teknologialla. T\u00e4m\u00e4 kaksoiskarhea viimeistely takaa paremman kest\u00e4vyyden ja parantaa pallon kierteit\u00e4.  <\/p>\n<p data-start=\"1160\" data-end=\"1484\">Parannettu, senttimetrin pidempi kahva helpottaa otetta ja mahdollistaa kahden k\u00e4den ly\u00f6nnit. Kahvassa on my\u00f6s Pulse System -t\u00e4rin\u00e4nvaimennus, joka v\u00e4hent\u00e4\u00e4 nivelten v\u00e4symist\u00e4. Lis\u00e4ksi se sis\u00e4lt\u00e4\u00e4 Nox Custom Grip -j\u00e4rjestelm\u00e4n, jonka avulla voit mukauttaa kahvan koon juuri omille k\u00e4sillesi sopivaksi.  <\/p>\n<p data-start=\"1486\" data-end=\"1682\" data-is-last-node=\"\" data-is-only-node=\"\">Vaihdettava Smartstrap-turvahihna on kompakti, vahva ja varustettu kest\u00e4v\u00e4ll\u00e4 tikkauksella, mik\u00e4 takaa turvallisen pelin ja maksimaalisen suorituskyvyn. Silmiinpist\u00e4v\u00e4 ja tyylik\u00e4s muotoilu mustana ja hopeisena. <\/p>\n","protected":false},"excerpt":{"rendered":"<p>Nox Pack AT2 Genius Limited Edition 2024 on eksklusiivinen, rajoitetun er\u00e4n Nox-setti, joka on luotu yhteisty\u00f6ss\u00e4 Agust\u00edn Tapian kanssa vuoden 2024 mallistoon. Setti sis\u00e4lt\u00e4\u00e4: AT2 Genius LTD Edition 2024 -padelmaila 2 mustaa Nox-rannepantaa hopeisella logolla 2 vaihdettavaa turvahihnaa 2 overgrippi\u00e4, musta ja valkoinen 1 avaimenper\u00e4, joka on setin padelmailan kopio Setti AT2 Genius LTD Edition [&hellip;]<\/p>\n","protected":false},"featured_media":71261,"comment_status":"open","ping_status":"closed","template":"","meta":{"_eb_attr":""},"product_brand":[493],"product_cat":[496,497,494],"product_tag":[],"class_list":{"0":"post-71248","1":"product","2":"type-product","3":"status-publish","4":"has-post-thumbnail","6":"product_brand-nox","7":"product_cat-edistynyt","8":"product_cat-nox","9":"product_cat-padelmailat","10":"pa_kaal-365g","11":"pa_kuju-pisaranmuotoinen","12":"pa_mangustiil-hybridi","13":"pa_tasakaal-keskella","14":"pa_tase-edistynyt","15":"pa_varv-musta","18":"first","19":"onbackorder","20":"sale","21":"taxable","22":"shipping-taxable","23":"purchasable","24":"product-type-simple"},"yoast_head":"<!-- This site is optimized with the Yoast SEO Premium plugin v27.1 (Yoast SEO v27.1.1) - https:\/\/yoast.com\/product\/yoast-seo-premium-wordpress\/ -->\n<title>Nox Pack AT2 Genius Limited Edition 2024 | Test Padelhaus<\/title>\n<meta name=\"description\" content=\"Padelmailat ja padelvarusteet edullisesti. Padelhaus on padel verkkokauppa, josta l\u00f6yd\u00e4t parhaat padelmailat kaikille tasoille.\" \/>\n<meta name=\"robots\" content=\"noindex, follow, max-snippet:-1, max-image-preview:large, max-video-preview:-1\" \/>\n<meta property=\"og:locale\" content=\"fi_FI\" \/>\n<meta property=\"og:type\" content=\"article\" \/>\n<meta property=\"og:title\" content=\"Nox Pack AT2 Genius Limited Edition 2024\" \/>\n<meta property=\"og:description\" content=\"Padelmailat ja padelvarusteet edullisesti. Padelhaus on padel verkkokauppa, josta l\u00f6yd\u00e4t parhaat padelmailat kaikille tasoille.\" \/>\n<meta property=\"og:url\" content=\"https:\/\/padelhaus.mustlammas-dev.in\/fi\/kauppa\/nox-pack-at2-genius-limited-edition-2024\/\" \/>\n<meta property=\"og:site_name\" content=\"Test Padelhaus\" \/>\n<meta property=\"article:modified_time\" content=\"2026-03-05T15:57:42+00:00\" \/>\n<meta property=\"og:image\" content=\"https:\/\/padelhaus.fi\/wp-content\/uploads\/2025\/12\/Nox-Pack-AT-Genius-Limited-Edition-2024.webp\" \/>\n\t<meta property=\"og:image:width\" content=\"1000\" \/>\n\t<meta property=\"og:image:height\" content=\"1000\" \/>\n\t<meta property=\"og:image:type\" content=\"image\/webp\" \/>\n<meta name=\"twitter:card\" content=\"summary_large_image\" \/>\n<meta name=\"twitter:label1\" content=\"Hinta\" \/>\n\t<meta name=\"twitter:data1\" content=\"219,00&nbsp;&euro;\" \/>\n\t<meta name=\"twitter:label2\" content=\"Saatavuus\" \/>\n\t<meta name=\"twitter:data2\" content=\"J\u00e4lkitoimituksessa\" \/>\n<script type=\"application\/ld+json\" class=\"yoast-schema-graph\">{\"@context\":\"https:\/\/schema.org\",\"@graph\":[{\"@type\":[\"WebPage\",\"ItemPage\"],\"@id\":\"https:\/\/padelhaus.mustlammas-dev.in\/fi\/kauppa\/nox-pack-at2-genius-limited-edition-2024\/\",\"url\":\"https:\/\/padelhaus.mustlammas-dev.in\/fi\/kauppa\/nox-pack-at2-genius-limited-edition-2024\/\",\"name\":\"Nox Pack AT2 Genius Limited Edition 2024 | Test Padelhaus\",\"isPartOf\":{\"@id\":\"https:\/\/padelhaus.mustlammas-dev.in\/fi\/#website\"},\"primaryImageOfPage\":{\"@id\":\"https:\/\/padelhaus.mustlammas-dev.in\/fi\/kauppa\/nox-pack-at2-genius-limited-edition-2024\/#primaryimage\"},\"image\":{\"@id\":\"https:\/\/padelhaus.mustlammas-dev.in\/fi\/kauppa\/nox-pack-at2-genius-limited-edition-2024\/#primaryimage\"},\"thumbnailUrl\":\"https:\/\/padelhaus.mustlammas-dev.in\/wp-content\/uploads\/2025\/12\/Nox-Pack-AT-Genius-Limited-Edition-2024.webp\",\"datePublished\":\"2025-12-05T11:38:17+00:00\",\"dateModified\":\"2026-03-05T15:57:42+00:00\",\"description\":\"Padelmailat ja padelvarusteet edullisesti. Padelhaus on padel verkkokauppa, josta l\u00f6yd\u00e4t parhaat padelmailat kaikille tasoille.\",\"breadcrumb\":{\"@id\":\"https:\/\/padelhaus.mustlammas-dev.in\/fi\/kauppa\/nox-pack-at2-genius-limited-edition-2024\/#breadcrumb\"},\"inLanguage\":\"fi\",\"potentialAction\":[{\"@type\":\"ReadAction\",\"target\":[\"https:\/\/padelhaus.mustlammas-dev.in\/fi\/kauppa\/nox-pack-at2-genius-limited-edition-2024\/\"]}]},{\"@type\":\"ImageObject\",\"inLanguage\":\"fi\",\"@id\":\"https:\/\/padelhaus.mustlammas-dev.in\/fi\/kauppa\/nox-pack-at2-genius-limited-edition-2024\/#primaryimage\",\"url\":\"https:\/\/padelhaus.mustlammas-dev.in\/wp-content\/uploads\/2025\/12\/Nox-Pack-AT-Genius-Limited-Edition-2024.webp\",\"contentUrl\":\"https:\/\/padelhaus.mustlammas-dev.in\/wp-content\/uploads\/2025\/12\/Nox-Pack-AT-Genius-Limited-Edition-2024.webp\",\"width\":1000,\"height\":1000,\"caption\":\"Nox Pack AT2 Genius Limited Edition 2024\"},{\"@type\":\"BreadcrumbList\",\"@id\":\"https:\/\/padelhaus.mustlammas-dev.in\/fi\/kauppa\/nox-pack-at2-genius-limited-edition-2024\/#breadcrumb\",\"itemListElement\":[{\"@type\":\"ListItem\",\"position\":1,\"name\":\"Avaleht\",\"item\":\"https:\/\/padelhaus.fi\/\"},{\"@type\":\"ListItem\",\"position\":2,\"name\":\"Kauppa\",\"item\":\"https:\/\/padelhaus.fi\/kauppa\/\"},{\"@type\":\"ListItem\",\"position\":3,\"name\":\"Nox Pack AT2 Genius Limited Edition 2024\"}]},{\"@type\":\"WebSite\",\"@id\":\"https:\/\/padelhaus.mustlammas-dev.in\/fi\/#website\",\"url\":\"https:\/\/padelhaus.mustlammas-dev.in\/fi\/\",\"name\":\"Claude Padelhaus\",\"description\":\"Sinu padelivarustuse kodu\",\"publisher\":{\"@id\":\"https:\/\/padelhaus.mustlammas-dev.in\/fi\/#organization\"},\"potentialAction\":[{\"@type\":\"SearchAction\",\"target\":{\"@type\":\"EntryPoint\",\"urlTemplate\":\"https:\/\/padelhaus.mustlammas-dev.in\/fi\/?s={search_term_string}\"},\"query-input\":{\"@type\":\"PropertyValueSpecification\",\"valueRequired\":true,\"valueName\":\"search_term_string\"}}],\"inLanguage\":\"fi\"},{\"@type\":\"Organization\",\"@id\":\"https:\/\/padelhaus.mustlammas-dev.in\/fi\/#organization\",\"name\":\"Claude Padelhaus\",\"url\":\"https:\/\/padelhaus.mustlammas-dev.in\/fi\/\",\"logo\":{\"@type\":\"ImageObject\",\"inLanguage\":\"fi\",\"@id\":\"https:\/\/padelhaus.mustlammas-dev.in\/fi\/#\/schema\/logo\/image\/\",\"url\":\"https:\/\/padelhaus.mustlammas-dev.in\/wp-content\/uploads\/2025\/05\/Logo-1.png\",\"contentUrl\":\"https:\/\/padelhaus.mustlammas-dev.in\/wp-content\/uploads\/2025\/05\/Logo-1.png\",\"width\":280,\"height\":115,\"caption\":\"Claude Padelhaus\"},\"image\":{\"@id\":\"https:\/\/padelhaus.mustlammas-dev.in\/fi\/#\/schema\/logo\/image\/\"}}]}<\/script>\n<meta property=\"product:price:amount\" content=\"219.00\" \/>\n<meta property=\"product:price:currency\" content=\"EUR\" \/>\n<meta property=\"og:availability\" content=\"backorder\" \/>\n<meta property=\"product:availability\" content=\"available for order\" \/>\n<meta property=\"product:retailer_item_id\" content=\"NOX-R-38\" \/>\n<meta property=\"product:condition\" content=\"new\" \/>\n<!-- \/ Yoast SEO Premium plugin. -->","yoast_head_json":{"title":"Nox Pack AT2 Genius Limited Edition 2024 | Test Padelhaus","description":"Padelmailat ja padelvarusteet edullisesti. Padelhaus on padel verkkokauppa, josta l\u00f6yd\u00e4t parhaat padelmailat kaikille tasoille.","robots":{"index":"noindex","follow":"follow","max-snippet":"max-snippet:-1","max-image-preview":"max-image-preview:large","max-video-preview":"max-video-preview:-1"},"og_locale":"fi_FI","og_type":"article","og_title":"Nox Pack AT2 Genius Limited Edition 2024","og_description":"Padelmailat ja padelvarusteet edullisesti. Padelhaus on padel verkkokauppa, josta l\u00f6yd\u00e4t parhaat padelmailat kaikille tasoille.","og_url":"https:\/\/padelhaus.mustlammas-dev.in\/fi\/kauppa\/nox-pack-at2-genius-limited-edition-2024\/","og_site_name":"Test Padelhaus","article_modified_time":"2026-03-05T15:57:42+00:00","og_image":[{"width":1000,"height":1000,"url":"https:\/\/padelhaus.fi\/wp-content\/uploads\/2025\/12\/Nox-Pack-AT-Genius-Limited-Edition-2024.webp","type":"image\/webp"}],"twitter_card":"summary_large_image","twitter_misc":{"Hinta":"219,00&nbsp;&euro;","Saatavuus":"J\u00e4lkitoimituksessa"},"schema":{"@context":"https:\/\/schema.org","@graph":[{"@type":["WebPage","ItemPage"],"@id":"https:\/\/padelhaus.mustlammas-dev.in\/fi\/kauppa\/nox-pack-at2-genius-limited-edition-2024\/","url":"https:\/\/padelhaus.mustlammas-dev.in\/fi\/kauppa\/nox-pack-at2-genius-limited-edition-2024\/","name":"Nox Pack AT2 Genius Limited Edition 2024 | Test Padelhaus","isPartOf":{"@id":"https:\/\/padelhaus.mustlammas-dev.in\/fi\/#website"},"primaryImageOfPage":{"@id":"https:\/\/padelhaus.mustlammas-dev.in\/fi\/kauppa\/nox-pack-at2-genius-limited-edition-2024\/#primaryimage"},"image":{"@id":"https:\/\/padelhaus.mustlammas-dev.in\/fi\/kauppa\/nox-pack-at2-genius-limited-edition-2024\/#primaryimage"},"thumbnailUrl":"https:\/\/padelhaus.mustlammas-dev.in\/wp-content\/uploads\/2025\/12\/Nox-Pack-AT-Genius-Limited-Edition-2024.webp","datePublished":"2025-12-05T11:38:17+00:00","dateModified":"2026-03-05T15:57:42+00:00","description":"Padelmailat ja padelvarusteet edullisesti. Padelhaus on padel verkkokauppa, josta l\u00f6yd\u00e4t parhaat padelmailat kaikille tasoille.","breadcrumb":{"@id":"https:\/\/padelhaus.mustlammas-dev.in\/fi\/kauppa\/nox-pack-at2-genius-limited-edition-2024\/#breadcrumb"},"inLanguage":"fi","potentialAction":[{"@type":"ReadAction","target":["https:\/\/padelhaus.mustlammas-dev.in\/fi\/kauppa\/nox-pack-at2-genius-limited-edition-2024\/"]}]},{"@type":"ImageObject","inLanguage":"fi","@id":"https:\/\/padelhaus.mustlammas-dev.in\/fi\/kauppa\/nox-pack-at2-genius-limited-edition-2024\/#primaryimage","url":"https:\/\/padelhaus.mustlammas-dev.in\/wp-content\/uploads\/2025\/12\/Nox-Pack-AT-Genius-Limited-Edition-2024.webp","contentUrl":"https:\/\/padelhaus.mustlammas-dev.in\/wp-content\/uploads\/2025\/12\/Nox-Pack-AT-Genius-Limited-Edition-2024.webp","width":1000,"height":1000,"caption":"Nox Pack AT2 Genius Limited Edition 2024"},{"@type":"BreadcrumbList","@id":"https:\/\/padelhaus.mustlammas-dev.in\/fi\/kauppa\/nox-pack-at2-genius-limited-edition-2024\/#breadcrumb","itemListElement":[{"@type":"ListItem","position":1,"name":"Avaleht","item":"https:\/\/padelhaus.fi\/"},{"@type":"ListItem","position":2,"name":"Kauppa","item":"https:\/\/padelhaus.fi\/kauppa\/"},{"@type":"ListItem","position":3,"name":"Nox Pack AT2 Genius Limited Edition 2024"}]},{"@type":"WebSite","@id":"https:\/\/padelhaus.mustlammas-dev.in\/fi\/#website","url":"https:\/\/padelhaus.mustlammas-dev.in\/fi\/","name":"Claude Padelhaus","description":"Sinu padelivarustuse kodu","publisher":{"@id":"https:\/\/padelhaus.mustlammas-dev.in\/fi\/#organization"},"potentialAction":[{"@type":"SearchAction","target":{"@type":"EntryPoint","urlTemplate":"https:\/\/padelhaus.mustlammas-dev.in\/fi\/?s={search_term_string}"},"query-input":{"@type":"PropertyValueSpecification","valueRequired":true,"valueName":"search_term_string"}}],"inLanguage":"fi"},{"@type":"Organization","@id":"https:\/\/padelhaus.mustlammas-dev.in\/fi\/#organization","name":"Claude Padelhaus","url":"https:\/\/padelhaus.mustlammas-dev.in\/fi\/","logo":{"@type":"ImageObject","inLanguage":"fi","@id":"https:\/\/padelhaus.mustlammas-dev.in\/fi\/#\/schema\/logo\/image\/","url":"https:\/\/padelhaus.mustlammas-dev.in\/wp-content\/uploads\/2025\/05\/Logo-1.png","contentUrl":"https:\/\/padelhaus.mustlammas-dev.in\/wp-content\/uploads\/2025\/05\/Logo-1.png","width":280,"height":115,"caption":"Claude Padelhaus"},"image":{"@id":"https:\/\/padelhaus.mustlammas-dev.in\/fi\/#\/schema\/logo\/image\/"}}]},"product_price_amount":"219.00","product_price_currency":"EUR","og_availability":"backorder","product_availability":"available for order","product_retailer_item_id":"NOX-R-38","product_condition":"new"},"_links":{"self":[{"href":"https:\/\/padelhaus.mustlammas-dev.in\/fi\/wp-json\/wp\/v2\/product\/71248","targetHints":{"allow":["GET"]}}],"collection":[{"href":"https:\/\/padelhaus.mustlammas-dev.in\/fi\/wp-json\/wp\/v2\/product"}],"about":[{"href":"https:\/\/padelhaus.mustlammas-dev.in\/fi\/wp-json\/wp\/v2\/types\/product"}],"replies":[{"embeddable":true,"href":"https:\/\/padelhaus.mustlammas-dev.in\/fi\/wp-json\/wp\/v2\/comments?post=71248"}],"wp:featuredmedia":[{"embeddable":true,"href":"https:\/\/padelhaus.mustlammas-dev.in\/fi\/wp-json\/wp\/v2\/media\/71261"}],"wp:attachment":[{"href":"https:\/\/padelhaus.mustlammas-dev.in\/fi\/wp-json\/wp\/v2\/media?parent=71248"}],"wp:term":[{"taxonomy":"product_brand","embeddable":true,"href":"https:\/\/padelhaus.mustlammas-dev.in\/fi\/wp-json\/wp\/v2\/product_brand?post=71248"},{"taxonomy":"product_cat","embeddable":true,"href":"https:\/\/padelhaus.mustlammas-dev.in\/fi\/wp-json\/wp\/v2\/product_cat?post=71248"},{"taxonomy":"product_tag","embeddable":true,"href":"https:\/\/padelhaus.mustlammas-dev.in\/fi\/wp-json\/wp\/v2\/product_tag?post=71248"}],"curies":[{"name":"wp","href":"https:\/\/api.w.org\/{rel}","templated":true}]}}