{"id":71280,"date":"2025-12-05T12:23:37","date_gmt":"2025-12-05T10:23:37","guid":{"rendered":"https:\/\/padelhaus.mustlammas-dev.in\/pood\/nox-x-zero-red-2026\/"},"modified":"2026-03-05T17:57:45","modified_gmt":"2026-03-05T15:57:45","slug":"nox-x-zero-red-2026","status":"publish","type":"product","link":"https:\/\/padelhaus.mustlammas-dev.in\/fi\/kauppa\/nox-x-zero-red-2026\/","title":{"rendered":"Nox X-zero Red 2026"},"content":{"rendered":"<p data-start=\"99\" data-end=\"378\"><strong>Nox X-Zero Red 2026<\/strong> on t\u00e4ydellinen maila niille, jotka ottavat ensiaskeleitaan padelissa tai ovat jo keskitason pelaajia. Pehme\u00e4n ja helposti hallittavan tuntuman ansiosta se tarjoaa poikkeuksellista kontrollia, jonka avulla voit parantaa tekniikkaasi, v\u00e4hent\u00e4\u00e4 virheit\u00e4 ja nauttia mukavammasta sek\u00e4 hauskemmasta pelikokemuksesta. <\/p>\n<h5 data-start=\"380\" data-end=\"793\">Muotoilun ominaisuudet<\/h5>\n<p data-start=\"380\" data-end=\"793\">Oppimistasi tukeva muotoilu. Py\u00f6re\u00e4n muodon ja optimoidun reik\u00e4kuvion ansiosta t\u00e4m\u00e4 maila laajentaa makeaa aluetta (sweet spot) ja helpottaa pallon oikeaa sijoittelua jopa osumissa, jotka eiv\u00e4t osu aivan keskelle. Hiilikuiturunko takaa kest\u00e4vyyden ja vakauden, kun taas punainen viimeistely n\u00e4ytt\u00e4vill\u00e4 yksityiskohdilla antaa modernin ja houkuttelevan ulkon\u00e4\u00f6n, joka tuo itseluottamusta jokaiseen peliin.  <\/p>\n<h5 data-start=\"795\" data-end=\"855\">X-Zeron t\u00e4rkeimm\u00e4t teknologiat ja ominaisuudet<\/h5>\n<ul data-start=\"856\" data-end=\"1309\">\n<li data-start=\"856\" data-end=\"932\">\n<p data-start=\"858\" data-end=\"932\"><strong data-start=\"858\" data-end=\"888\">Matalatiheyksinen ydin:<\/strong> takaa pehme\u00e4n tuntuman ja paremman kontrolli<\/p>\n<\/li>\n<li data-start=\"933\" data-end=\"1021\">\n<p data-start=\"935\" data-end=\"1021\"><strong data-start=\"935\" data-end=\"954\">Fiber Glass 3K:<\/strong> kolme kerrosta lasikuitua lis\u00e4\u00e4v\u00e4t kest\u00e4vyytt\u00e4 ja tasaisuutta<\/p>\n<\/li>\n<li data-start=\"1022\" data-end=\"1132\">\n<p data-start=\"1024\" data-end=\"1132\"><strong data-start=\"1024\" data-end=\"1062\">Dynamic Composite Structure (DCS):<\/strong> suurempi m\u00e4\u00e4r\u00e4 materiaalia rungossa v\u00e4hent\u00e4\u00e4 kuitujen rikkoutumisriski\u00e4<\/p>\n<\/li>\n<li data-start=\"1133\" data-end=\"1206\">\n<p data-start=\"1135\" data-end=\"1206\"><strong data-start=\"1135\" data-end=\"1152\">Carbon Frame:<\/strong> lis\u00e4j\u00e4ykkyys ja kest\u00e4vyys pident\u00e4v\u00e4t mailan k\u00e4ytt\u00f6ik\u00e4\u00e4<\/p>\n<\/li>\n<li data-start=\"1207\" data-end=\"1309\">\n<p data-start=\"1209\" data-end=\"1309\"><strong data-start=\"1209\" data-end=\"1223\">Mattapinta:<\/strong> miellytt\u00e4v\u00e4 tuntuma ja moderni estetiikka, joka sopii mailan monipuoliseen pelityyliin<\/p>\n<\/li>\n<\/ul>\n<h5 data-start=\"1311\" data-end=\"1598\">Maila, joka auttaa sinua kehittym\u00e4\u00e4n kent\u00e4ll\u00e4<\/h5>\n<p data-start=\"1311\" data-end=\"1598\" data-is-last-node=\"\" data-is-only-node=\"\">Jos etsit mailaa, joka tukee sinua ensiaskeleillasi ja auttaa nostamaan tasoasi nopeasti, Nox X-Zero Red 2026 on paras valinta. Se on suunniteltu tarjoamaan kontrollia, itseluottamusta ja kest\u00e4vyytt\u00e4, jotta voit nauttia jokaisesta treenist\u00e4 ja pelist\u00e4 t\u00e4ysill\u00e4. <\/p>\n","protected":false},"excerpt":{"rendered":"<p>Nox X-Zero Red 2026 on t\u00e4ydellinen maila niille, jotka ottavat ensiaskeleitaan padelissa tai ovat jo keskitason pelaajia. Pehme\u00e4n ja helposti hallittavan tuntuman ansiosta se tarjoaa poikkeuksellista kontrollia, jonka avulla voit parantaa tekniikkaasi, v\u00e4hent\u00e4\u00e4 virheit\u00e4 ja nauttia mukavammasta sek\u00e4 hauskemmasta pelikokemuksesta. Muotoilun ominaisuudet Oppimistasi tukeva muotoilu. Py\u00f6re\u00e4n muodon ja optimoidun reik\u00e4kuvion ansiosta t\u00e4m\u00e4 maila laajentaa makeaa [&hellip;]<\/p>\n","protected":false},"featured_media":73108,"comment_status":"open","ping_status":"closed","template":"","meta":{"_eb_attr":""},"product_brand":[493],"product_cat":[520,497,494],"product_tag":[],"class_list":{"0":"post-71280","1":"product","2":"type-product","3":"status-publish","4":"has-post-thumbnail","6":"product_brand-nox","7":"product_cat-aloittelijat","8":"product_cat-nox","9":"product_cat-padelmailat","10":"pa_kaal-360g","11":"pa_kuju-pyorea","12":"pa_mangustiil-hybridi","13":"pa_tasakaal-keskella","14":"pa_tase-aloittelija","15":"pa_varv-punainen","18":"first","19":"instock","20":"sale","21":"taxable","22":"shipping-taxable","23":"purchasable","24":"product-type-simple"},"yoast_head":"<!-- This site is optimized with the Yoast SEO Premium plugin v27.1 (Yoast SEO v27.1.1) - https:\/\/yoast.com\/product\/yoast-seo-premium-wordpress\/ -->\n<title>Nox X-zero Red 2026 | Test Padelhaus<\/title>\n<meta name=\"description\" content=\"Padelmailat ja padelvarusteet edullisesti. Padelhaus on padel verkkokauppa, josta l\u00f6yd\u00e4t parhaat padelmailat kaikille tasoille.\" \/>\n<meta name=\"robots\" content=\"noindex, follow, max-snippet:-1, max-image-preview:large, max-video-preview:-1\" \/>\n<meta property=\"og:locale\" content=\"fi_FI\" \/>\n<meta property=\"og:type\" content=\"article\" \/>\n<meta property=\"og:title\" content=\"Nox X-zero Red 2026\" \/>\n<meta property=\"og:description\" content=\"Padelmailat ja padelvarusteet edullisesti. Padelhaus on padel verkkokauppa, josta l\u00f6yd\u00e4t parhaat padelmailat kaikille tasoille.\" \/>\n<meta property=\"og:url\" content=\"https:\/\/padelhaus.mustlammas-dev.in\/fi\/kauppa\/nox-x-zero-red-2026\/\" \/>\n<meta property=\"og:site_name\" content=\"Test Padelhaus\" \/>\n<meta property=\"article:modified_time\" content=\"2026-03-05T15:57:45+00:00\" \/>\n<meta property=\"og:image\" content=\"https:\/\/padelhaus.fi\/wp-content\/uploads\/2025\/12\/NOX-X-ZERO-RED.webp\" \/>\n\t<meta property=\"og:image:width\" content=\"1000\" \/>\n\t<meta property=\"og:image:height\" content=\"1000\" \/>\n\t<meta property=\"og:image:type\" content=\"image\/webp\" \/>\n<meta name=\"twitter:card\" content=\"summary_large_image\" \/>\n<meta name=\"twitter:label1\" content=\"Hinta\" \/>\n\t<meta name=\"twitter:data1\" content=\"64,95&nbsp;&euro;\" \/>\n\t<meta name=\"twitter:label2\" content=\"Saatavuus\" \/>\n\t<meta name=\"twitter:data2\" content=\"Varastossa\" \/>\n<script type=\"application\/ld+json\" class=\"yoast-schema-graph\">{\"@context\":\"https:\/\/schema.org\",\"@graph\":[{\"@type\":[\"WebPage\",\"ItemPage\"],\"@id\":\"https:\/\/padelhaus.mustlammas-dev.in\/fi\/kauppa\/nox-x-zero-red-2026\/\",\"url\":\"https:\/\/padelhaus.mustlammas-dev.in\/fi\/kauppa\/nox-x-zero-red-2026\/\",\"name\":\"Nox X-zero Red 2026 | Test Padelhaus\",\"isPartOf\":{\"@id\":\"https:\/\/padelhaus.mustlammas-dev.in\/fi\/#website\"},\"primaryImageOfPage\":{\"@id\":\"https:\/\/padelhaus.mustlammas-dev.in\/fi\/kauppa\/nox-x-zero-red-2026\/#primaryimage\"},\"image\":{\"@id\":\"https:\/\/padelhaus.mustlammas-dev.in\/fi\/kauppa\/nox-x-zero-red-2026\/#primaryimage\"},\"thumbnailUrl\":\"https:\/\/padelhaus.mustlammas-dev.in\/wp-content\/uploads\/2025\/12\/NOX-X-ZERO-RED.webp\",\"datePublished\":\"2025-12-05T10:23:37+00:00\",\"dateModified\":\"2026-03-05T15:57:45+00:00\",\"description\":\"Padelmailat ja padelvarusteet edullisesti. Padelhaus on padel verkkokauppa, josta l\u00f6yd\u00e4t parhaat padelmailat kaikille tasoille.\",\"breadcrumb\":{\"@id\":\"https:\/\/padelhaus.mustlammas-dev.in\/fi\/kauppa\/nox-x-zero-red-2026\/#breadcrumb\"},\"inLanguage\":\"fi\",\"potentialAction\":[{\"@type\":\"ReadAction\",\"target\":[\"https:\/\/padelhaus.mustlammas-dev.in\/fi\/kauppa\/nox-x-zero-red-2026\/\"]}]},{\"@type\":\"ImageObject\",\"inLanguage\":\"fi\",\"@id\":\"https:\/\/padelhaus.mustlammas-dev.in\/fi\/kauppa\/nox-x-zero-red-2026\/#primaryimage\",\"url\":\"https:\/\/padelhaus.mustlammas-dev.in\/wp-content\/uploads\/2025\/12\/NOX-X-ZERO-RED.webp\",\"contentUrl\":\"https:\/\/padelhaus.mustlammas-dev.in\/wp-content\/uploads\/2025\/12\/NOX-X-ZERO-RED.webp\",\"width\":1000,\"height\":1000,\"caption\":\"NOX X-ZERO RED 2026\"},{\"@type\":\"BreadcrumbList\",\"@id\":\"https:\/\/padelhaus.mustlammas-dev.in\/fi\/kauppa\/nox-x-zero-red-2026\/#breadcrumb\",\"itemListElement\":[{\"@type\":\"ListItem\",\"position\":1,\"name\":\"Avaleht\",\"item\":\"https:\/\/padelhaus.fi\/\"},{\"@type\":\"ListItem\",\"position\":2,\"name\":\"Kauppa\",\"item\":\"https:\/\/padelhaus.fi\/kauppa\/\"},{\"@type\":\"ListItem\",\"position\":3,\"name\":\"Nox X-zero Red 2026\"}]},{\"@type\":\"WebSite\",\"@id\":\"https:\/\/padelhaus.mustlammas-dev.in\/fi\/#website\",\"url\":\"https:\/\/padelhaus.mustlammas-dev.in\/fi\/\",\"name\":\"Claude Padelhaus\",\"description\":\"Sinu padelivarustuse kodu\",\"publisher\":{\"@id\":\"https:\/\/padelhaus.mustlammas-dev.in\/fi\/#organization\"},\"potentialAction\":[{\"@type\":\"SearchAction\",\"target\":{\"@type\":\"EntryPoint\",\"urlTemplate\":\"https:\/\/padelhaus.mustlammas-dev.in\/fi\/?s={search_term_string}\"},\"query-input\":{\"@type\":\"PropertyValueSpecification\",\"valueRequired\":true,\"valueName\":\"search_term_string\"}}],\"inLanguage\":\"fi\"},{\"@type\":\"Organization\",\"@id\":\"https:\/\/padelhaus.mustlammas-dev.in\/fi\/#organization\",\"name\":\"Claude Padelhaus\",\"url\":\"https:\/\/padelhaus.mustlammas-dev.in\/fi\/\",\"logo\":{\"@type\":\"ImageObject\",\"inLanguage\":\"fi\",\"@id\":\"https:\/\/padelhaus.mustlammas-dev.in\/fi\/#\/schema\/logo\/image\/\",\"url\":\"https:\/\/padelhaus.mustlammas-dev.in\/wp-content\/uploads\/2025\/05\/Logo-1.png\",\"contentUrl\":\"https:\/\/padelhaus.mustlammas-dev.in\/wp-content\/uploads\/2025\/05\/Logo-1.png\",\"width\":280,\"height\":115,\"caption\":\"Claude Padelhaus\"},\"image\":{\"@id\":\"https:\/\/padelhaus.mustlammas-dev.in\/fi\/#\/schema\/logo\/image\/\"}}]}<\/script>\n<meta property=\"product:price:amount\" content=\"64.95\" \/>\n<meta property=\"product:price:currency\" content=\"EUR\" \/>\n<meta property=\"og:availability\" content=\"instock\" \/>\n<meta property=\"product:availability\" content=\"instock\" \/>\n<meta property=\"product:retailer_item_id\" content=\"NOX-R-33\" \/>\n<meta property=\"product:condition\" content=\"new\" \/>\n<!-- \/ Yoast SEO Premium plugin. -->","yoast_head_json":{"title":"Nox X-zero Red 2026 | Test Padelhaus","description":"Padelmailat ja padelvarusteet edullisesti. Padelhaus on padel verkkokauppa, josta l\u00f6yd\u00e4t parhaat padelmailat kaikille tasoille.","robots":{"index":"noindex","follow":"follow","max-snippet":"max-snippet:-1","max-image-preview":"max-image-preview:large","max-video-preview":"max-video-preview:-1"},"og_locale":"fi_FI","og_type":"article","og_title":"Nox X-zero Red 2026","og_description":"Padelmailat ja padelvarusteet edullisesti. Padelhaus on padel verkkokauppa, josta l\u00f6yd\u00e4t parhaat padelmailat kaikille tasoille.","og_url":"https:\/\/padelhaus.mustlammas-dev.in\/fi\/kauppa\/nox-x-zero-red-2026\/","og_site_name":"Test Padelhaus","article_modified_time":"2026-03-05T15:57:45+00:00","og_image":[{"width":1000,"height":1000,"url":"https:\/\/padelhaus.fi\/wp-content\/uploads\/2025\/12\/NOX-X-ZERO-RED.webp","type":"image\/webp"}],"twitter_card":"summary_large_image","twitter_misc":{"Hinta":"64,95&nbsp;&euro;","Saatavuus":"Varastossa"},"schema":{"@context":"https:\/\/schema.org","@graph":[{"@type":["WebPage","ItemPage"],"@id":"https:\/\/padelhaus.mustlammas-dev.in\/fi\/kauppa\/nox-x-zero-red-2026\/","url":"https:\/\/padelhaus.mustlammas-dev.in\/fi\/kauppa\/nox-x-zero-red-2026\/","name":"Nox X-zero Red 2026 | Test Padelhaus","isPartOf":{"@id":"https:\/\/padelhaus.mustlammas-dev.in\/fi\/#website"},"primaryImageOfPage":{"@id":"https:\/\/padelhaus.mustlammas-dev.in\/fi\/kauppa\/nox-x-zero-red-2026\/#primaryimage"},"image":{"@id":"https:\/\/padelhaus.mustlammas-dev.in\/fi\/kauppa\/nox-x-zero-red-2026\/#primaryimage"},"thumbnailUrl":"https:\/\/padelhaus.mustlammas-dev.in\/wp-content\/uploads\/2025\/12\/NOX-X-ZERO-RED.webp","datePublished":"2025-12-05T10:23:37+00:00","dateModified":"2026-03-05T15:57:45+00:00","description":"Padelmailat ja padelvarusteet edullisesti. Padelhaus on padel verkkokauppa, josta l\u00f6yd\u00e4t parhaat padelmailat kaikille tasoille.","breadcrumb":{"@id":"https:\/\/padelhaus.mustlammas-dev.in\/fi\/kauppa\/nox-x-zero-red-2026\/#breadcrumb"},"inLanguage":"fi","potentialAction":[{"@type":"ReadAction","target":["https:\/\/padelhaus.mustlammas-dev.in\/fi\/kauppa\/nox-x-zero-red-2026\/"]}]},{"@type":"ImageObject","inLanguage":"fi","@id":"https:\/\/padelhaus.mustlammas-dev.in\/fi\/kauppa\/nox-x-zero-red-2026\/#primaryimage","url":"https:\/\/padelhaus.mustlammas-dev.in\/wp-content\/uploads\/2025\/12\/NOX-X-ZERO-RED.webp","contentUrl":"https:\/\/padelhaus.mustlammas-dev.in\/wp-content\/uploads\/2025\/12\/NOX-X-ZERO-RED.webp","width":1000,"height":1000,"caption":"NOX X-ZERO RED 2026"},{"@type":"BreadcrumbList","@id":"https:\/\/padelhaus.mustlammas-dev.in\/fi\/kauppa\/nox-x-zero-red-2026\/#breadcrumb","itemListElement":[{"@type":"ListItem","position":1,"name":"Avaleht","item":"https:\/\/padelhaus.fi\/"},{"@type":"ListItem","position":2,"name":"Kauppa","item":"https:\/\/padelhaus.fi\/kauppa\/"},{"@type":"ListItem","position":3,"name":"Nox X-zero Red 2026"}]},{"@type":"WebSite","@id":"https:\/\/padelhaus.mustlammas-dev.in\/fi\/#website","url":"https:\/\/padelhaus.mustlammas-dev.in\/fi\/","name":"Claude Padelhaus","description":"Sinu padelivarustuse kodu","publisher":{"@id":"https:\/\/padelhaus.mustlammas-dev.in\/fi\/#organization"},"potentialAction":[{"@type":"SearchAction","target":{"@type":"EntryPoint","urlTemplate":"https:\/\/padelhaus.mustlammas-dev.in\/fi\/?s={search_term_string}"},"query-input":{"@type":"PropertyValueSpecification","valueRequired":true,"valueName":"search_term_string"}}],"inLanguage":"fi"},{"@type":"Organization","@id":"https:\/\/padelhaus.mustlammas-dev.in\/fi\/#organization","name":"Claude Padelhaus","url":"https:\/\/padelhaus.mustlammas-dev.in\/fi\/","logo":{"@type":"ImageObject","inLanguage":"fi","@id":"https:\/\/padelhaus.mustlammas-dev.in\/fi\/#\/schema\/logo\/image\/","url":"https:\/\/padelhaus.mustlammas-dev.in\/wp-content\/uploads\/2025\/05\/Logo-1.png","contentUrl":"https:\/\/padelhaus.mustlammas-dev.in\/wp-content\/uploads\/2025\/05\/Logo-1.png","width":280,"height":115,"caption":"Claude Padelhaus"},"image":{"@id":"https:\/\/padelhaus.mustlammas-dev.in\/fi\/#\/schema\/logo\/image\/"}}]},"product_price_amount":"64.95","product_price_currency":"EUR","og_availability":"instock","product_availability":"instock","product_retailer_item_id":"NOX-R-33","product_condition":"new"},"_links":{"self":[{"href":"https:\/\/padelhaus.mustlammas-dev.in\/fi\/wp-json\/wp\/v2\/product\/71280","targetHints":{"allow":["GET"]}}],"collection":[{"href":"https:\/\/padelhaus.mustlammas-dev.in\/fi\/wp-json\/wp\/v2\/product"}],"about":[{"href":"https:\/\/padelhaus.mustlammas-dev.in\/fi\/wp-json\/wp\/v2\/types\/product"}],"replies":[{"embeddable":true,"href":"https:\/\/padelhaus.mustlammas-dev.in\/fi\/wp-json\/wp\/v2\/comments?post=71280"}],"wp:featuredmedia":[{"embeddable":true,"href":"https:\/\/padelhaus.mustlammas-dev.in\/fi\/wp-json\/wp\/v2\/media\/73108"}],"wp:attachment":[{"href":"https:\/\/padelhaus.mustlammas-dev.in\/fi\/wp-json\/wp\/v2\/media?parent=71280"}],"wp:term":[{"taxonomy":"product_brand","embeddable":true,"href":"https:\/\/padelhaus.mustlammas-dev.in\/fi\/wp-json\/wp\/v2\/product_brand?post=71280"},{"taxonomy":"product_cat","embeddable":true,"href":"https:\/\/padelhaus.mustlammas-dev.in\/fi\/wp-json\/wp\/v2\/product_cat?post=71280"},{"taxonomy":"product_tag","embeddable":true,"href":"https:\/\/padelhaus.mustlammas-dev.in\/fi\/wp-json\/wp\/v2\/product_tag?post=71280"}],"curies":[{"name":"wp","href":"https:\/\/api.w.org\/{rel}","templated":true}]}}