{"id":71288,"date":"2025-12-05T12:32:13","date_gmt":"2025-12-05T10:32:13","guid":{"rendered":"https:\/\/padelhaus.mustlammas-dev.in\/pood\/nox-x-zero-blue-2026\/"},"modified":"2026-03-12T16:31:30","modified_gmt":"2026-03-12T14:31:30","slug":"nox-x-zero-blue-2026","status":"publish","type":"product","link":"https:\/\/padelhaus.mustlammas-dev.in\/fi\/kauppa\/nox-x-zero-blue-2026\/","title":{"rendered":"Nox X-zero Blue 2026"},"content":{"rendered":"<p data-start=\"87\" data-end=\"396\"><strong data-start=\"59\" data-end=\"83\">Nox X-Zero Blue 2026<\/strong> on t\u00e4ydellinen maila aloittelijoille ja keskitason pelaajille, jotka haluavat vied\u00e4 pelins\u00e4 uudelle tasolle. Pehme\u00e4 tuntuma ja erinomainen ketteryys tarjoavat maksimaalisen kontrollin, mik\u00e4 mahdollistaa pallon tarkan sijoittelun, v\u00e4hent\u00e4\u00e4 virheit\u00e4 ja antaa itseluottamusta heti ensimm\u00e4isest\u00e4 pelist\u00e4 alkaen. <\/p>\n<h5 data-start=\"398\" data-end=\"803\">Tasapainoinen, kest\u00e4v\u00e4 ja moderni muotoilu<\/h5>\n<p data-start=\"398\" data-end=\"803\">Py\u00f6re\u00e4n muodon ja keskitasapainon ansiosta maila tarjoaa vakautta ja monipuolisuutta kent\u00e4ll\u00e4. Optimoitu reik\u00e4kuvio laajentaa makeaa pistett\u00e4 (sweet spot), helpottaen tehokkaita ly\u00f6ntej\u00e4 my\u00f6s silloin, kun osuma ei ole aivan keskell\u00e4. Hiilikuiturunko lis\u00e4\u00e4 kest\u00e4vyytt\u00e4, ja sininen viimeistely moderneilla yksityiskohdilla antaa tyylikk\u00e4\u00e4n ja erottuvan ulkon\u00e4\u00f6n.  <\/p>\n<h5 data-start=\"805\" data-end=\"844\">T\u00e4rkeimm\u00e4t teknologiat ja ominaisuudet<\/h5>\n<ul data-start=\"845\" data-end=\"1290\">\n<li data-start=\"845\" data-end=\"941\">\n<p data-start=\"847\" data-end=\"941\"><strong data-start=\"847\" data-end=\"865\">HR3 White EVA:<\/strong> Matalatiheyksinen ydin, joka takaa pehme\u00e4n tuntuman ja paremman kontrollin<\/p>\n<\/li>\n<li data-start=\"942\" data-end=\"1023\">\n<p data-start=\"944\" data-end=\"1023\"><strong data-start=\"944\" data-end=\"963\">Fiber Glass 3K:<\/strong> kolme kerrosta lasikuitua lis\u00e4\u00e4v\u00e4t kest\u00e4vyytt\u00e4 ja k\u00e4ytt\u00f6ik\u00e4\u00e4<\/p>\n<\/li>\n<li data-start=\"1024\" data-end=\"1147\">\n<p data-start=\"1026\" data-end=\"1147\"><strong data-start=\"1026\" data-end=\"1064\">Dynamic Composite Structure (DCS):<\/strong> enemm\u00e4n materiaalia kehyksess\u00e4 v\u00e4hent\u00e4m\u00e4\u00e4n murtumia ja parantamaan kest\u00e4vyytt\u00e4<\/p>\n<\/li>\n<li data-start=\"1148\" data-end=\"1208\">\n<p data-start=\"1150\" data-end=\"1208\"><strong data-start=\"1150\" data-end=\"1167\">Carbon Frame:<\/strong> lis\u00e4j\u00e4ykkyytt\u00e4 ja mailan pidempi k\u00e4ytt\u00f6ik\u00e4<\/p>\n<\/li>\n<li data-start=\"1209\" data-end=\"1290\">\n<p data-start=\"1211\" data-end=\"1290\"><strong data-start=\"1211\" data-end=\"1225\">Mattapinta:<\/strong> moderni ja miellytt\u00e4v\u00e4 tuntuma, joka sopii monipuoliseen peliin<\/p>\n<\/li>\n<\/ul>\n","protected":false},"excerpt":{"rendered":"<p>Nox X-Zero Blue 2026 on t\u00e4ydellinen maila aloittelijoille ja keskitason pelaajille, jotka haluavat vied\u00e4 pelins\u00e4 uudelle tasolle. Pehme\u00e4 tuntuma ja erinomainen ketteryys tarjoavat maksimaalisen kontrollin, mik\u00e4 mahdollistaa pallon tarkan sijoittelun, v\u00e4hent\u00e4\u00e4 virheit\u00e4 ja antaa itseluottamusta heti ensimm\u00e4isest\u00e4 pelist\u00e4 alkaen. Tasapainoinen, kest\u00e4v\u00e4 ja moderni muotoilu Py\u00f6re\u00e4n muodon ja keskitasapainon ansiosta maila tarjoaa vakautta ja monipuolisuutta kent\u00e4ll\u00e4. [&hellip;]<\/p>\n","protected":false},"featured_media":71295,"comment_status":"open","ping_status":"closed","template":"","meta":{"_eb_attr":""},"product_brand":[493],"product_cat":[520,497,494],"product_tag":[],"class_list":{"0":"post-71288","1":"product","2":"type-product","3":"status-publish","4":"has-post-thumbnail","6":"product_brand-nox","7":"product_cat-aloittelijat","8":"product_cat-nox","9":"product_cat-padelmailat","10":"pa_kaal-360g","11":"pa_kuju-pyorea","12":"pa_mangustiil-hybridi","13":"pa_tasakaal-keskella","14":"pa_tase-aloittelija","15":"pa_varv-sininen","18":"first","19":"onbackorder","20":"sale","21":"taxable","22":"shipping-taxable","23":"purchasable","24":"product-type-simple"},"yoast_head":"<!-- This site is optimized with the Yoast SEO Premium plugin v27.1 (Yoast SEO v27.1.1) - https:\/\/yoast.com\/product\/yoast-seo-premium-wordpress\/ -->\n<title>Nox X-zero Blue 2026 | Test Padelhaus<\/title>\n<meta name=\"description\" content=\"Padelmailat ja padelvarusteet edullisesti. Padelhaus on padel verkkokauppa, josta l\u00f6yd\u00e4t parhaat padelmailat kaikille tasoille.\" \/>\n<meta name=\"robots\" content=\"noindex, follow, max-snippet:-1, max-image-preview:large, max-video-preview:-1\" \/>\n<meta property=\"og:locale\" content=\"fi_FI\" \/>\n<meta property=\"og:type\" content=\"article\" \/>\n<meta property=\"og:title\" content=\"Nox X-zero Blue 2026\" \/>\n<meta property=\"og:description\" content=\"Padelmailat ja padelvarusteet edullisesti. Padelhaus on padel verkkokauppa, josta l\u00f6yd\u00e4t parhaat padelmailat kaikille tasoille.\" \/>\n<meta property=\"og:url\" content=\"https:\/\/padelhaus.mustlammas-dev.in\/fi\/kauppa\/nox-x-zero-blue-2026\/\" \/>\n<meta property=\"og:site_name\" content=\"Test Padelhaus\" \/>\n<meta property=\"article:modified_time\" content=\"2026-03-12T14:31:30+00:00\" \/>\n<meta property=\"og:image\" content=\"https:\/\/padelhaus.fi\/wp-content\/uploads\/2025\/12\/NOX-X-ZERO-BLUE-2026.webp\" \/>\n\t<meta property=\"og:image:width\" content=\"1000\" \/>\n\t<meta property=\"og:image:height\" content=\"1000\" \/>\n\t<meta property=\"og:image:type\" content=\"image\/webp\" \/>\n<meta name=\"twitter:card\" content=\"summary_large_image\" \/>\n<meta name=\"twitter:label1\" content=\"Hinta\" \/>\n\t<meta name=\"twitter:data1\" content=\"62,95&nbsp;&euro;\" \/>\n\t<meta name=\"twitter:label2\" content=\"Saatavuus\" \/>\n\t<meta name=\"twitter:data2\" content=\"J\u00e4lkitoimituksessa\" \/>\n<script type=\"application\/ld+json\" class=\"yoast-schema-graph\">{\"@context\":\"https:\/\/schema.org\",\"@graph\":[{\"@type\":[\"WebPage\",\"ItemPage\"],\"@id\":\"https:\/\/padelhaus.mustlammas-dev.in\/fi\/kauppa\/nox-x-zero-blue-2026\/\",\"url\":\"https:\/\/padelhaus.mustlammas-dev.in\/fi\/kauppa\/nox-x-zero-blue-2026\/\",\"name\":\"Nox X-zero Blue 2026 | Test Padelhaus\",\"isPartOf\":{\"@id\":\"https:\/\/padelhaus.mustlammas-dev.in\/fi\/#website\"},\"primaryImageOfPage\":{\"@id\":\"https:\/\/padelhaus.mustlammas-dev.in\/fi\/kauppa\/nox-x-zero-blue-2026\/#primaryimage\"},\"image\":{\"@id\":\"https:\/\/padelhaus.mustlammas-dev.in\/fi\/kauppa\/nox-x-zero-blue-2026\/#primaryimage\"},\"thumbnailUrl\":\"https:\/\/padelhaus.mustlammas-dev.in\/wp-content\/uploads\/2025\/12\/NOX-X-ZERO-BLUE-2026.webp\",\"datePublished\":\"2025-12-05T10:32:13+00:00\",\"dateModified\":\"2026-03-12T14:31:30+00:00\",\"description\":\"Padelmailat ja padelvarusteet edullisesti. Padelhaus on padel verkkokauppa, josta l\u00f6yd\u00e4t parhaat padelmailat kaikille tasoille.\",\"breadcrumb\":{\"@id\":\"https:\/\/padelhaus.mustlammas-dev.in\/fi\/kauppa\/nox-x-zero-blue-2026\/#breadcrumb\"},\"inLanguage\":\"fi\",\"potentialAction\":[{\"@type\":\"ReadAction\",\"target\":[\"https:\/\/padelhaus.mustlammas-dev.in\/fi\/kauppa\/nox-x-zero-blue-2026\/\"]}]},{\"@type\":\"ImageObject\",\"inLanguage\":\"fi\",\"@id\":\"https:\/\/padelhaus.mustlammas-dev.in\/fi\/kauppa\/nox-x-zero-blue-2026\/#primaryimage\",\"url\":\"https:\/\/padelhaus.mustlammas-dev.in\/wp-content\/uploads\/2025\/12\/NOX-X-ZERO-BLUE-2026.webp\",\"contentUrl\":\"https:\/\/padelhaus.mustlammas-dev.in\/wp-content\/uploads\/2025\/12\/NOX-X-ZERO-BLUE-2026.webp\",\"width\":1000,\"height\":1000,\"caption\":\"Nox X-Zero Blue 2026\"},{\"@type\":\"BreadcrumbList\",\"@id\":\"https:\/\/padelhaus.mustlammas-dev.in\/fi\/kauppa\/nox-x-zero-blue-2026\/#breadcrumb\",\"itemListElement\":[{\"@type\":\"ListItem\",\"position\":1,\"name\":\"Avaleht\",\"item\":\"https:\/\/padelhaus.fi\/\"},{\"@type\":\"ListItem\",\"position\":2,\"name\":\"Kauppa\",\"item\":\"https:\/\/padelhaus.fi\/kauppa\/\"},{\"@type\":\"ListItem\",\"position\":3,\"name\":\"Nox X-zero Blue 2026\"}]},{\"@type\":\"WebSite\",\"@id\":\"https:\/\/padelhaus.mustlammas-dev.in\/fi\/#website\",\"url\":\"https:\/\/padelhaus.mustlammas-dev.in\/fi\/\",\"name\":\"Claude Padelhaus\",\"description\":\"Sinu padelivarustuse kodu\",\"publisher\":{\"@id\":\"https:\/\/padelhaus.mustlammas-dev.in\/fi\/#organization\"},\"potentialAction\":[{\"@type\":\"SearchAction\",\"target\":{\"@type\":\"EntryPoint\",\"urlTemplate\":\"https:\/\/padelhaus.mustlammas-dev.in\/fi\/?s={search_term_string}\"},\"query-input\":{\"@type\":\"PropertyValueSpecification\",\"valueRequired\":true,\"valueName\":\"search_term_string\"}}],\"inLanguage\":\"fi\"},{\"@type\":\"Organization\",\"@id\":\"https:\/\/padelhaus.mustlammas-dev.in\/fi\/#organization\",\"name\":\"Claude Padelhaus\",\"url\":\"https:\/\/padelhaus.mustlammas-dev.in\/fi\/\",\"logo\":{\"@type\":\"ImageObject\",\"inLanguage\":\"fi\",\"@id\":\"https:\/\/padelhaus.mustlammas-dev.in\/fi\/#\/schema\/logo\/image\/\",\"url\":\"https:\/\/padelhaus.mustlammas-dev.in\/wp-content\/uploads\/2025\/05\/Logo-1.png\",\"contentUrl\":\"https:\/\/padelhaus.mustlammas-dev.in\/wp-content\/uploads\/2025\/05\/Logo-1.png\",\"width\":280,\"height\":115,\"caption\":\"Claude Padelhaus\"},\"image\":{\"@id\":\"https:\/\/padelhaus.mustlammas-dev.in\/fi\/#\/schema\/logo\/image\/\"}}]}<\/script>\n<meta property=\"product:price:amount\" content=\"62.95\" \/>\n<meta property=\"product:price:currency\" content=\"EUR\" \/>\n<meta property=\"og:availability\" content=\"backorder\" \/>\n<meta property=\"product:availability\" content=\"available for order\" \/>\n<meta property=\"product:retailer_item_id\" content=\"NOX-R-34\" \/>\n<meta property=\"product:condition\" content=\"new\" \/>\n<!-- \/ Yoast SEO Premium plugin. -->","yoast_head_json":{"title":"Nox X-zero Blue 2026 | Test Padelhaus","description":"Padelmailat ja padelvarusteet edullisesti. Padelhaus on padel verkkokauppa, josta l\u00f6yd\u00e4t parhaat padelmailat kaikille tasoille.","robots":{"index":"noindex","follow":"follow","max-snippet":"max-snippet:-1","max-image-preview":"max-image-preview:large","max-video-preview":"max-video-preview:-1"},"og_locale":"fi_FI","og_type":"article","og_title":"Nox X-zero Blue 2026","og_description":"Padelmailat ja padelvarusteet edullisesti. Padelhaus on padel verkkokauppa, josta l\u00f6yd\u00e4t parhaat padelmailat kaikille tasoille.","og_url":"https:\/\/padelhaus.mustlammas-dev.in\/fi\/kauppa\/nox-x-zero-blue-2026\/","og_site_name":"Test Padelhaus","article_modified_time":"2026-03-12T14:31:30+00:00","og_image":[{"width":1000,"height":1000,"url":"https:\/\/padelhaus.fi\/wp-content\/uploads\/2025\/12\/NOX-X-ZERO-BLUE-2026.webp","type":"image\/webp"}],"twitter_card":"summary_large_image","twitter_misc":{"Hinta":"62,95&nbsp;&euro;","Saatavuus":"J\u00e4lkitoimituksessa"},"schema":{"@context":"https:\/\/schema.org","@graph":[{"@type":["WebPage","ItemPage"],"@id":"https:\/\/padelhaus.mustlammas-dev.in\/fi\/kauppa\/nox-x-zero-blue-2026\/","url":"https:\/\/padelhaus.mustlammas-dev.in\/fi\/kauppa\/nox-x-zero-blue-2026\/","name":"Nox X-zero Blue 2026 | Test Padelhaus","isPartOf":{"@id":"https:\/\/padelhaus.mustlammas-dev.in\/fi\/#website"},"primaryImageOfPage":{"@id":"https:\/\/padelhaus.mustlammas-dev.in\/fi\/kauppa\/nox-x-zero-blue-2026\/#primaryimage"},"image":{"@id":"https:\/\/padelhaus.mustlammas-dev.in\/fi\/kauppa\/nox-x-zero-blue-2026\/#primaryimage"},"thumbnailUrl":"https:\/\/padelhaus.mustlammas-dev.in\/wp-content\/uploads\/2025\/12\/NOX-X-ZERO-BLUE-2026.webp","datePublished":"2025-12-05T10:32:13+00:00","dateModified":"2026-03-12T14:31:30+00:00","description":"Padelmailat ja padelvarusteet edullisesti. Padelhaus on padel verkkokauppa, josta l\u00f6yd\u00e4t parhaat padelmailat kaikille tasoille.","breadcrumb":{"@id":"https:\/\/padelhaus.mustlammas-dev.in\/fi\/kauppa\/nox-x-zero-blue-2026\/#breadcrumb"},"inLanguage":"fi","potentialAction":[{"@type":"ReadAction","target":["https:\/\/padelhaus.mustlammas-dev.in\/fi\/kauppa\/nox-x-zero-blue-2026\/"]}]},{"@type":"ImageObject","inLanguage":"fi","@id":"https:\/\/padelhaus.mustlammas-dev.in\/fi\/kauppa\/nox-x-zero-blue-2026\/#primaryimage","url":"https:\/\/padelhaus.mustlammas-dev.in\/wp-content\/uploads\/2025\/12\/NOX-X-ZERO-BLUE-2026.webp","contentUrl":"https:\/\/padelhaus.mustlammas-dev.in\/wp-content\/uploads\/2025\/12\/NOX-X-ZERO-BLUE-2026.webp","width":1000,"height":1000,"caption":"Nox X-Zero Blue 2026"},{"@type":"BreadcrumbList","@id":"https:\/\/padelhaus.mustlammas-dev.in\/fi\/kauppa\/nox-x-zero-blue-2026\/#breadcrumb","itemListElement":[{"@type":"ListItem","position":1,"name":"Avaleht","item":"https:\/\/padelhaus.fi\/"},{"@type":"ListItem","position":2,"name":"Kauppa","item":"https:\/\/padelhaus.fi\/kauppa\/"},{"@type":"ListItem","position":3,"name":"Nox X-zero Blue 2026"}]},{"@type":"WebSite","@id":"https:\/\/padelhaus.mustlammas-dev.in\/fi\/#website","url":"https:\/\/padelhaus.mustlammas-dev.in\/fi\/","name":"Claude Padelhaus","description":"Sinu padelivarustuse kodu","publisher":{"@id":"https:\/\/padelhaus.mustlammas-dev.in\/fi\/#organization"},"potentialAction":[{"@type":"SearchAction","target":{"@type":"EntryPoint","urlTemplate":"https:\/\/padelhaus.mustlammas-dev.in\/fi\/?s={search_term_string}"},"query-input":{"@type":"PropertyValueSpecification","valueRequired":true,"valueName":"search_term_string"}}],"inLanguage":"fi"},{"@type":"Organization","@id":"https:\/\/padelhaus.mustlammas-dev.in\/fi\/#organization","name":"Claude Padelhaus","url":"https:\/\/padelhaus.mustlammas-dev.in\/fi\/","logo":{"@type":"ImageObject","inLanguage":"fi","@id":"https:\/\/padelhaus.mustlammas-dev.in\/fi\/#\/schema\/logo\/image\/","url":"https:\/\/padelhaus.mustlammas-dev.in\/wp-content\/uploads\/2025\/05\/Logo-1.png","contentUrl":"https:\/\/padelhaus.mustlammas-dev.in\/wp-content\/uploads\/2025\/05\/Logo-1.png","width":280,"height":115,"caption":"Claude Padelhaus"},"image":{"@id":"https:\/\/padelhaus.mustlammas-dev.in\/fi\/#\/schema\/logo\/image\/"}}]},"product_price_amount":"62.95","product_price_currency":"EUR","og_availability":"backorder","product_availability":"available for order","product_retailer_item_id":"NOX-R-34","product_condition":"new"},"_links":{"self":[{"href":"https:\/\/padelhaus.mustlammas-dev.in\/fi\/wp-json\/wp\/v2\/product\/71288","targetHints":{"allow":["GET"]}}],"collection":[{"href":"https:\/\/padelhaus.mustlammas-dev.in\/fi\/wp-json\/wp\/v2\/product"}],"about":[{"href":"https:\/\/padelhaus.mustlammas-dev.in\/fi\/wp-json\/wp\/v2\/types\/product"}],"replies":[{"embeddable":true,"href":"https:\/\/padelhaus.mustlammas-dev.in\/fi\/wp-json\/wp\/v2\/comments?post=71288"}],"wp:featuredmedia":[{"embeddable":true,"href":"https:\/\/padelhaus.mustlammas-dev.in\/fi\/wp-json\/wp\/v2\/media\/71295"}],"wp:attachment":[{"href":"https:\/\/padelhaus.mustlammas-dev.in\/fi\/wp-json\/wp\/v2\/media?parent=71288"}],"wp:term":[{"taxonomy":"product_brand","embeddable":true,"href":"https:\/\/padelhaus.mustlammas-dev.in\/fi\/wp-json\/wp\/v2\/product_brand?post=71288"},{"taxonomy":"product_cat","embeddable":true,"href":"https:\/\/padelhaus.mustlammas-dev.in\/fi\/wp-json\/wp\/v2\/product_cat?post=71288"},{"taxonomy":"product_tag","embeddable":true,"href":"https:\/\/padelhaus.mustlammas-dev.in\/fi\/wp-json\/wp\/v2\/product_tag?post=71288"}],"curies":[{"name":"wp","href":"https:\/\/api.w.org\/{rel}","templated":true}]}}