{"id":71344,"date":"2025-05-28T13:30:12","date_gmt":"2025-05-28T10:30:12","guid":{"rendered":"https:\/\/padelhaus.mustlammas-dev.in\/pood\/nox-at10-genius-12k-2025\/"},"modified":"2026-03-05T17:58:37","modified_gmt":"2026-03-05T15:58:37","slug":"nox-at10-genius-12k-2025","status":"publish","type":"product","link":"https:\/\/padelhaus.mustlammas-dev.in\/fi\/kauppa\/nox-at10-genius-12k-2025\/","title":{"rendered":"NOX AT10 LUXURY GENIUS 12K 2025"},"content":{"rendered":"<p><strong>Nox AT10 Luxury Genius 12K 2025<\/strong>: Yhdess\u00e4 Agust\u00edn Tapian kanssa kehitetty maila vahvempaan ja j\u00e4ykemp\u00e4\u00e4n tuntumaan<\/p>\n<p>Padel-maila on kehitetty yhteisty\u00f6ss\u00e4 ammattilaispelaaja Agust\u00edn Tapian kanssa, ja se on suunnattu pelaajille, jotka etsiv\u00e4t vahvempaa ja j\u00e4ykemp\u00e4\u00e4 pallokosketusta. T\u00e4m\u00e4 malli sopii niille, jotka tarvitsevat t\u00e4ydellisen tasapainon voiman ja hallinnan v\u00e4lill\u00e4 s\u00e4ilytt\u00e4en samalla varman ja vakaan ly\u00f6ntituntuman. <\/p>\n<h5>T\u00e4ydellinen tasapaino, pys\u00e4ytt\u00e4m\u00e4t\u00f6n nopeus<\/h5>\n<ul>\n<li>\u201dCatamarcan Mozartin\u201d ohjeiden mukaan t\u00e4m\u00e4n mailan tasapaino on viety maksiminopeuteen juuri puolustuspeliss\u00e4. Lis\u00e4ksi siin\u00e4 on kahdeksankulmainen gripin p\u00e4\u00e4ty, joka parantaa otetta ja vakautta jokaisessa ly\u00f6nniss\u00e4. EOS Flap -teknologia auttaa optimoimaan ohjattavuutta entisest\u00e4\u00e4n jakamalla painoa tehokkaammin ja tehden t\u00e4st\u00e4 mailasta nopean ja tappavan ty\u00f6kalun kent\u00e4ll\u00e4.  <\/li>\n<li>12K-hiilikuitu ja monikerroksinen MLD Black EVA -ydin<\/li>\n<li>Maila on valmistettu 12K-hiilikuidusta ja varustettu monikerroksisella MLD Black EVA -ytimell\u00e4, joka takaa vahvan tuntuman ja keskitasosta korkeaan sijoittuvan j\u00e4ykkyyden. T\u00e4m\u00e4 materiaaliyhdistelm\u00e4 tarjoaa parempaa kest\u00e4vyytt\u00e4 sek\u00e4 optimaalisen tasapainon j\u00e4ykkyyden ja hallinnan v\u00e4lill\u00e4. <\/li>\n<li>EXCLUSIVE SPIN -teknologia lis\u00e4\u00e4 kaksikerroksisella karhealla viimeistelyll\u00e4 (keskell\u00e4 3D-kuusikulmainen kuvio ja muualla hiekkainen tekstuuri) ly\u00f6nteihin enemm\u00e4n kierteit\u00e4 ja hallintaa.<\/li>\n<\/ul>\n<h5>V\u00e4hemm\u00e4n t\u00e4rin\u00e4\u00e4, enemm\u00e4n mukavuutta<\/h5>\n<ul>\n<li>NOX Custom Grip\u00ae (Testea Padel -sertifioitu) yhdess\u00e4 Pulse System -teknologian kanssa vaimentaa tehokkaasti ly\u00f6nneist\u00e4 aiheutuvaa t\u00e4rin\u00e4\u00e4, v\u00e4hent\u00e4en nivelten v\u00e4symist\u00e4 ja suojaten ranteita sek\u00e4 kyyn\u00e4rp\u00e4it\u00e4.<\/li>\n<li>Smartstrap\u00ae-turvanauhaj\u00e4rjestelm\u00e4<br \/>\nSmartstrap\u00ae mahdollistaa hygieenisen ja personoitavan turvanauhan vaihdon s\u00e4ilytt\u00e4en samalla turvallisuuden ja k\u00e4ytt\u00f6mukavuuden.<\/li>\n<\/ul>\n<h5>Kenelle t\u00e4m\u00e4 maila sopii?<\/h5>\n<p>2025. Vuoden 2025 malli, joka on kehitetty yhteisty\u00f6ss\u00e4 Agust\u00edn Tapian kanssa, on suunniteltu edistyneille ja ammattilaispelaajille, jotka etsiv\u00e4t tarkkaa hallintaa ja optimoitua j\u00e4ykkyytt\u00e4. Teknologioiden kuten EXCLUSIVE SPIN, Pulse System ja Smartstrap\u00ae ansiosta t\u00e4m\u00e4 maila on valmis hallitsemaan kentt\u00e4\u00e4 tarjoten voimaa, hallintaa ja itsevarmuutta, jota huippupelaajat tarvitsevat. <\/p>\n","protected":false},"excerpt":{"rendered":"<p>Nox AT10 Luxury Genius 12K 2025: Yhdess\u00e4 Agust\u00edn Tapian kanssa kehitetty maila vahvempaan ja j\u00e4ykemp\u00e4\u00e4n tuntumaan Padel-maila on kehitetty yhteisty\u00f6ss\u00e4 ammattilaispelaaja Agust\u00edn Tapian kanssa, ja se on suunnattu pelaajille, jotka etsiv\u00e4t vahvempaa ja j\u00e4ykemp\u00e4\u00e4 pallokosketusta. T\u00e4m\u00e4 malli sopii niille, jotka tarvitsevat t\u00e4ydellisen tasapainon voiman ja hallinnan v\u00e4lill\u00e4 s\u00e4ilytt\u00e4en samalla varman ja vakaan ly\u00f6ntituntuman. T\u00e4ydellinen tasapaino, [&hellip;]<\/p>\n","protected":false},"featured_media":71358,"comment_status":"open","ping_status":"closed","template":"","meta":{"_eb_attr":""},"product_brand":[493],"product_cat":[496,497,494],"product_tag":[],"class_list":{"0":"post-71344","1":"product","2":"type-product","3":"status-publish","4":"has-post-thumbnail","6":"product_brand-nox","7":"product_cat-edistynyt","8":"product_cat-nox","9":"product_cat-padelmailat","10":"pa_kaal-365g","11":"pa_kuju-pisaranmuotoinen","12":"pa_mangustiil-hybridi","13":"pa_tasakaal-keskella","14":"pa_tase-edistynyt","15":"pa_varv-harmaa","18":"first","19":"instock","20":"sale","21":"taxable","22":"shipping-taxable","23":"purchasable","24":"product-type-simple"},"yoast_head":"<!-- This site is optimized with the Yoast SEO Premium plugin v27.1 (Yoast SEO v27.1.1) - https:\/\/yoast.com\/product\/yoast-seo-premium-wordpress\/ -->\n<title>NOX AT10 LUXURY GENIUS 12K 2025 | Test Padelhaus<\/title>\n<meta name=\"description\" content=\"Padelmailat ja padelvarusteet edullisesti. Padelhaus on padel verkkokauppa, josta l\u00f6yd\u00e4t parhaat padelmailat kaikille tasoille.\" \/>\n<meta name=\"robots\" content=\"noindex, follow, max-snippet:-1, max-image-preview:large, max-video-preview:-1\" \/>\n<meta property=\"og:locale\" content=\"fi_FI\" \/>\n<meta property=\"og:type\" content=\"article\" \/>\n<meta property=\"og:title\" content=\"NOX AT10 LUXURY GENIUS 12K 2025\" \/>\n<meta property=\"og:description\" content=\"Padelmailat ja padelvarusteet edullisesti. Padelhaus on padel verkkokauppa, josta l\u00f6yd\u00e4t parhaat padelmailat kaikille tasoille.\" \/>\n<meta property=\"og:url\" content=\"https:\/\/padelhaus.mustlammas-dev.in\/fi\/kauppa\/nox-at10-genius-12k-2025\/\" \/>\n<meta property=\"og:site_name\" content=\"Test Padelhaus\" \/>\n<meta property=\"article:modified_time\" content=\"2026-03-05T15:58:37+00:00\" \/>\n<meta property=\"og:image\" content=\"https:\/\/padelhaus.fi\/wp-content\/uploads\/2025\/05\/NOX-R-8-beez.png\" \/>\n\t<meta property=\"og:image:width\" content=\"960\" \/>\n\t<meta property=\"og:image:height\" content=\"960\" \/>\n\t<meta property=\"og:image:type\" content=\"image\/png\" \/>\n<meta name=\"twitter:card\" content=\"summary_large_image\" \/>\n<meta name=\"twitter:label1\" content=\"Hinta\" \/>\n\t<meta name=\"twitter:data1\" content=\"169,95&nbsp;&euro;\" \/>\n\t<meta name=\"twitter:label2\" content=\"Saatavuus\" \/>\n\t<meta name=\"twitter:data2\" content=\"Varastossa\" \/>\n<script type=\"application\/ld+json\" class=\"yoast-schema-graph\">{\"@context\":\"https:\/\/schema.org\",\"@graph\":[{\"@type\":[\"WebPage\",\"ItemPage\"],\"@id\":\"https:\/\/padelhaus.mustlammas-dev.in\/fi\/kauppa\/nox-at10-genius-12k-2025\/\",\"url\":\"https:\/\/padelhaus.mustlammas-dev.in\/fi\/kauppa\/nox-at10-genius-12k-2025\/\",\"name\":\"NOX AT10 LUXURY GENIUS 12K 2025 | Test Padelhaus\",\"isPartOf\":{\"@id\":\"https:\/\/padelhaus.mustlammas-dev.in\/fi\/#website\"},\"primaryImageOfPage\":{\"@id\":\"https:\/\/padelhaus.mustlammas-dev.in\/fi\/kauppa\/nox-at10-genius-12k-2025\/#primaryimage\"},\"image\":{\"@id\":\"https:\/\/padelhaus.mustlammas-dev.in\/fi\/kauppa\/nox-at10-genius-12k-2025\/#primaryimage\"},\"thumbnailUrl\":\"https:\/\/padelhaus.mustlammas-dev.in\/wp-content\/uploads\/2025\/05\/NOX-R-8-beez.png\",\"datePublished\":\"2025-05-28T10:30:12+00:00\",\"dateModified\":\"2026-03-05T15:58:37+00:00\",\"description\":\"Padelmailat ja padelvarusteet edullisesti. Padelhaus on padel verkkokauppa, josta l\u00f6yd\u00e4t parhaat padelmailat kaikille tasoille.\",\"breadcrumb\":{\"@id\":\"https:\/\/padelhaus.mustlammas-dev.in\/fi\/kauppa\/nox-at10-genius-12k-2025\/#breadcrumb\"},\"inLanguage\":\"fi\",\"potentialAction\":[{\"@type\":\"ReadAction\",\"target\":[\"https:\/\/padelhaus.mustlammas-dev.in\/fi\/kauppa\/nox-at10-genius-12k-2025\/\"]}]},{\"@type\":\"ImageObject\",\"inLanguage\":\"fi\",\"@id\":\"https:\/\/padelhaus.mustlammas-dev.in\/fi\/kauppa\/nox-at10-genius-12k-2025\/#primaryimage\",\"url\":\"https:\/\/padelhaus.mustlammas-dev.in\/wp-content\/uploads\/2025\/05\/NOX-R-8-beez.png\",\"contentUrl\":\"https:\/\/padelhaus.mustlammas-dev.in\/wp-content\/uploads\/2025\/05\/NOX-R-8-beez.png\",\"width\":960,\"height\":960,\"caption\":\"NOX AT10 GENIUS 12K 2025\"},{\"@type\":\"BreadcrumbList\",\"@id\":\"https:\/\/padelhaus.mustlammas-dev.in\/fi\/kauppa\/nox-at10-genius-12k-2025\/#breadcrumb\",\"itemListElement\":[{\"@type\":\"ListItem\",\"position\":1,\"name\":\"Avaleht\",\"item\":\"https:\/\/padelhaus.fi\/\"},{\"@type\":\"ListItem\",\"position\":2,\"name\":\"Kauppa\",\"item\":\"https:\/\/padelhaus.fi\/kauppa\/\"},{\"@type\":\"ListItem\",\"position\":3,\"name\":\"NOX AT10 LUXURY GENIUS 12K 2025\"}]},{\"@type\":\"WebSite\",\"@id\":\"https:\/\/padelhaus.mustlammas-dev.in\/fi\/#website\",\"url\":\"https:\/\/padelhaus.mustlammas-dev.in\/fi\/\",\"name\":\"Claude Padelhaus\",\"description\":\"Sinu padelivarustuse kodu\",\"publisher\":{\"@id\":\"https:\/\/padelhaus.mustlammas-dev.in\/fi\/#organization\"},\"potentialAction\":[{\"@type\":\"SearchAction\",\"target\":{\"@type\":\"EntryPoint\",\"urlTemplate\":\"https:\/\/padelhaus.mustlammas-dev.in\/fi\/?s={search_term_string}\"},\"query-input\":{\"@type\":\"PropertyValueSpecification\",\"valueRequired\":true,\"valueName\":\"search_term_string\"}}],\"inLanguage\":\"fi\"},{\"@type\":\"Organization\",\"@id\":\"https:\/\/padelhaus.mustlammas-dev.in\/fi\/#organization\",\"name\":\"Claude Padelhaus\",\"url\":\"https:\/\/padelhaus.mustlammas-dev.in\/fi\/\",\"logo\":{\"@type\":\"ImageObject\",\"inLanguage\":\"fi\",\"@id\":\"https:\/\/padelhaus.mustlammas-dev.in\/fi\/#\/schema\/logo\/image\/\",\"url\":\"https:\/\/padelhaus.mustlammas-dev.in\/wp-content\/uploads\/2025\/05\/Logo-1.png\",\"contentUrl\":\"https:\/\/padelhaus.mustlammas-dev.in\/wp-content\/uploads\/2025\/05\/Logo-1.png\",\"width\":280,\"height\":115,\"caption\":\"Claude Padelhaus\"},\"image\":{\"@id\":\"https:\/\/padelhaus.mustlammas-dev.in\/fi\/#\/schema\/logo\/image\/\"}}]}<\/script>\n<meta property=\"product:price:amount\" content=\"169.95\" \/>\n<meta property=\"product:price:currency\" content=\"EUR\" \/>\n<meta property=\"og:availability\" content=\"instock\" \/>\n<meta property=\"product:availability\" content=\"instock\" \/>\n<meta property=\"product:retailer_item_id\" content=\"NOX-R-8\" \/>\n<meta property=\"product:condition\" content=\"new\" \/>\n<!-- \/ Yoast SEO Premium plugin. -->","yoast_head_json":{"title":"NOX AT10 LUXURY GENIUS 12K 2025 | Test Padelhaus","description":"Padelmailat ja padelvarusteet edullisesti. Padelhaus on padel verkkokauppa, josta l\u00f6yd\u00e4t parhaat padelmailat kaikille tasoille.","robots":{"index":"noindex","follow":"follow","max-snippet":"max-snippet:-1","max-image-preview":"max-image-preview:large","max-video-preview":"max-video-preview:-1"},"og_locale":"fi_FI","og_type":"article","og_title":"NOX AT10 LUXURY GENIUS 12K 2025","og_description":"Padelmailat ja padelvarusteet edullisesti. Padelhaus on padel verkkokauppa, josta l\u00f6yd\u00e4t parhaat padelmailat kaikille tasoille.","og_url":"https:\/\/padelhaus.mustlammas-dev.in\/fi\/kauppa\/nox-at10-genius-12k-2025\/","og_site_name":"Test Padelhaus","article_modified_time":"2026-03-05T15:58:37+00:00","og_image":[{"width":960,"height":960,"url":"https:\/\/padelhaus.fi\/wp-content\/uploads\/2025\/05\/NOX-R-8-beez.png","type":"image\/png"}],"twitter_card":"summary_large_image","twitter_misc":{"Hinta":"169,95&nbsp;&euro;","Saatavuus":"Varastossa"},"schema":{"@context":"https:\/\/schema.org","@graph":[{"@type":["WebPage","ItemPage"],"@id":"https:\/\/padelhaus.mustlammas-dev.in\/fi\/kauppa\/nox-at10-genius-12k-2025\/","url":"https:\/\/padelhaus.mustlammas-dev.in\/fi\/kauppa\/nox-at10-genius-12k-2025\/","name":"NOX AT10 LUXURY GENIUS 12K 2025 | Test Padelhaus","isPartOf":{"@id":"https:\/\/padelhaus.mustlammas-dev.in\/fi\/#website"},"primaryImageOfPage":{"@id":"https:\/\/padelhaus.mustlammas-dev.in\/fi\/kauppa\/nox-at10-genius-12k-2025\/#primaryimage"},"image":{"@id":"https:\/\/padelhaus.mustlammas-dev.in\/fi\/kauppa\/nox-at10-genius-12k-2025\/#primaryimage"},"thumbnailUrl":"https:\/\/padelhaus.mustlammas-dev.in\/wp-content\/uploads\/2025\/05\/NOX-R-8-beez.png","datePublished":"2025-05-28T10:30:12+00:00","dateModified":"2026-03-05T15:58:37+00:00","description":"Padelmailat ja padelvarusteet edullisesti. Padelhaus on padel verkkokauppa, josta l\u00f6yd\u00e4t parhaat padelmailat kaikille tasoille.","breadcrumb":{"@id":"https:\/\/padelhaus.mustlammas-dev.in\/fi\/kauppa\/nox-at10-genius-12k-2025\/#breadcrumb"},"inLanguage":"fi","potentialAction":[{"@type":"ReadAction","target":["https:\/\/padelhaus.mustlammas-dev.in\/fi\/kauppa\/nox-at10-genius-12k-2025\/"]}]},{"@type":"ImageObject","inLanguage":"fi","@id":"https:\/\/padelhaus.mustlammas-dev.in\/fi\/kauppa\/nox-at10-genius-12k-2025\/#primaryimage","url":"https:\/\/padelhaus.mustlammas-dev.in\/wp-content\/uploads\/2025\/05\/NOX-R-8-beez.png","contentUrl":"https:\/\/padelhaus.mustlammas-dev.in\/wp-content\/uploads\/2025\/05\/NOX-R-8-beez.png","width":960,"height":960,"caption":"NOX AT10 GENIUS 12K 2025"},{"@type":"BreadcrumbList","@id":"https:\/\/padelhaus.mustlammas-dev.in\/fi\/kauppa\/nox-at10-genius-12k-2025\/#breadcrumb","itemListElement":[{"@type":"ListItem","position":1,"name":"Avaleht","item":"https:\/\/padelhaus.fi\/"},{"@type":"ListItem","position":2,"name":"Kauppa","item":"https:\/\/padelhaus.fi\/kauppa\/"},{"@type":"ListItem","position":3,"name":"NOX AT10 LUXURY GENIUS 12K 2025"}]},{"@type":"WebSite","@id":"https:\/\/padelhaus.mustlammas-dev.in\/fi\/#website","url":"https:\/\/padelhaus.mustlammas-dev.in\/fi\/","name":"Claude Padelhaus","description":"Sinu padelivarustuse kodu","publisher":{"@id":"https:\/\/padelhaus.mustlammas-dev.in\/fi\/#organization"},"potentialAction":[{"@type":"SearchAction","target":{"@type":"EntryPoint","urlTemplate":"https:\/\/padelhaus.mustlammas-dev.in\/fi\/?s={search_term_string}"},"query-input":{"@type":"PropertyValueSpecification","valueRequired":true,"valueName":"search_term_string"}}],"inLanguage":"fi"},{"@type":"Organization","@id":"https:\/\/padelhaus.mustlammas-dev.in\/fi\/#organization","name":"Claude Padelhaus","url":"https:\/\/padelhaus.mustlammas-dev.in\/fi\/","logo":{"@type":"ImageObject","inLanguage":"fi","@id":"https:\/\/padelhaus.mustlammas-dev.in\/fi\/#\/schema\/logo\/image\/","url":"https:\/\/padelhaus.mustlammas-dev.in\/wp-content\/uploads\/2025\/05\/Logo-1.png","contentUrl":"https:\/\/padelhaus.mustlammas-dev.in\/wp-content\/uploads\/2025\/05\/Logo-1.png","width":280,"height":115,"caption":"Claude Padelhaus"},"image":{"@id":"https:\/\/padelhaus.mustlammas-dev.in\/fi\/#\/schema\/logo\/image\/"}}]},"product_price_amount":"169.95","product_price_currency":"EUR","og_availability":"instock","product_availability":"instock","product_retailer_item_id":"NOX-R-8","product_condition":"new"},"_links":{"self":[{"href":"https:\/\/padelhaus.mustlammas-dev.in\/fi\/wp-json\/wp\/v2\/product\/71344","targetHints":{"allow":["GET"]}}],"collection":[{"href":"https:\/\/padelhaus.mustlammas-dev.in\/fi\/wp-json\/wp\/v2\/product"}],"about":[{"href":"https:\/\/padelhaus.mustlammas-dev.in\/fi\/wp-json\/wp\/v2\/types\/product"}],"replies":[{"embeddable":true,"href":"https:\/\/padelhaus.mustlammas-dev.in\/fi\/wp-json\/wp\/v2\/comments?post=71344"}],"wp:featuredmedia":[{"embeddable":true,"href":"https:\/\/padelhaus.mustlammas-dev.in\/fi\/wp-json\/wp\/v2\/media\/71358"}],"wp:attachment":[{"href":"https:\/\/padelhaus.mustlammas-dev.in\/fi\/wp-json\/wp\/v2\/media?parent=71344"}],"wp:term":[{"taxonomy":"product_brand","embeddable":true,"href":"https:\/\/padelhaus.mustlammas-dev.in\/fi\/wp-json\/wp\/v2\/product_brand?post=71344"},{"taxonomy":"product_cat","embeddable":true,"href":"https:\/\/padelhaus.mustlammas-dev.in\/fi\/wp-json\/wp\/v2\/product_cat?post=71344"},{"taxonomy":"product_tag","embeddable":true,"href":"https:\/\/padelhaus.mustlammas-dev.in\/fi\/wp-json\/wp\/v2\/product_tag?post=71344"}],"curies":[{"name":"wp","href":"https:\/\/api.w.org\/{rel}","templated":true}]}}