{"id":71421,"date":"2025-12-05T13:50:12","date_gmt":"2025-12-05T11:50:12","guid":{"rendered":"https:\/\/padelhaus.mustlammas-dev.in\/pood\/nox-at-genius-18k-alum-buenos-aires-exclusive-edition-2025\/"},"modified":"2026-03-05T17:57:41","modified_gmt":"2026-03-05T15:57:41","slug":"nox-at-genius-18k-alum-buenos-aires-exclusive-edition-2025","status":"publish","type":"product","link":"https:\/\/padelhaus.mustlammas-dev.in\/fi\/kauppa\/nox-at-genius-18k-alum-buenos-aires-exclusive-edition-2025\/","title":{"rendered":"Nox AT Genius 18k Alum Buenos Aires Exclusive Edition 2025"},"content":{"rendered":"<p data-start=\"163\" data-end=\"494\">Nox AT Genius 18k Alum Buenos Aires Exclusive Edition on huipputason pisaranmuotoinen maila, joka on ihanteellinen voiman ja hallinnan t\u00e4ydellist\u00e4 tasapainoa etsiville. Sen 360\u2013375 gramman paino ja 38 mm:n paksuus takaavat j\u00e4ykkyyden ja ketteryyden, kun taas keskipaino suosii sek\u00e4 hy\u00f6kk\u00e4\u00e4v\u00e4\u00e4 ett\u00e4 puolustavaa peli\u00e4. Kaksinkertaisen karhean pinnan ansiosta (Spin 3D keskell\u00e4 ja hiekkapuhallus reunoilla) se mahdollistaa tarkat kierteet hallinnasta tinkim\u00e4tt\u00e4.  <\/p>\n<p data-start=\"694\" data-end=\"783\">T\u00e4m\u00e4 eksklusiivinen Nox-setti sis\u00e4lt\u00e4\u00e4 my\u00f6s avaimenper\u00e4n, turvarannekkeen ja pari vaihtogrippi\u00e4.<\/p>\n<h5 data-start=\"785\" data-end=\"1272\">Maila Agust\u00edn Tapian faneille<\/h5>\n<p data-start=\"785\" data-end=\"1272\">T\u00e4m\u00e4 rajoitettu er\u00e4 on suunniteltu edistyneille ja ammattitason pelaajille, jotka arvostavat sek\u00e4 teknist\u00e4 suorituskyky\u00e4 ett\u00e4 ainutlaatuista symboliikkaa. Se on t\u00e4ydellinen niille, jotka haluavat j\u00e4m\u00e4k\u00e4n tuntuman jokaiseen ly\u00f6ntiin, l\u00e4mp\u00f6stabiilisuutta ja maksimaalista pitoa vaativissa tilanteissa. Argentiinan lipusta inspiraationsa saanut muotoilu tekee siit\u00e4 erinomaisen valinnan my\u00f6s ker\u00e4ilij\u00f6ille ja Agust\u00edn Tapian faneille.  <\/p>\n<h5 data-start=\"1274\" data-end=\"1327\">T\u00e4rkeimm\u00e4t ominaisuudet ja teknologiat<\/h5>\n<ul data-start=\"1328\" data-end=\"2033\">\n<li data-start=\"1328\" data-end=\"1411\">\n<p data-start=\"1330\" data-end=\"1411\"><strong data-start=\"1330\" data-end=\"1350\">Carbon 18k Alum:<\/strong> J\u00e4m\u00e4kk\u00e4 ja tasainen tuntuma, kest\u00e4\u00e4 hyvin l\u00e4mp\u00f6tilan vaihteluita<\/p>\n<\/li>\n<li data-start=\"1412\" data-end=\"1506\">\n<p data-start=\"1414\" data-end=\"1506\"><strong data-start=\"1414\" data-end=\"1432\">MLD Black EVA:<\/strong> Monikerroksinen ydin voimaa ja hallintaa varten eri ly\u00f6ntikovuuksilla<\/p>\n<\/li>\n<li data-start=\"1507\" data-end=\"1590\">\n<p data-start=\"1509\" data-end=\"1590\"><strong data-start=\"1509\" data-end=\"1528\">Exclusive Spin:<\/strong> Karhea pinta kaksoistekstuurilla parempia kierteit\u00e4 varten<\/p>\n<\/li>\n<li data-start=\"1591\" data-end=\"1631\">\n<p data-start=\"1593\" data-end=\"1631\"><strong data-start=\"1593\" data-end=\"1609\">Smartstrap\u00ae:<\/strong> Vaihdettava turvaranneke<\/p>\n<\/li>\n<li data-start=\"1632\" data-end=\"1723\">\n<p data-start=\"1634\" data-end=\"1723\"><strong data-start=\"1634\" data-end=\"1651\">Custom Grip\u00ae:<\/strong> Parempi ote, v\u00e4hemm\u00e4n t\u00e4rin\u00e4\u00e4, Testea Padelin sertifioima<\/p>\n<\/li>\n<li data-start=\"1724\" data-end=\"1796\">\n<p data-start=\"1726\" data-end=\"1796\"><strong data-start=\"1726\" data-end=\"1743\">Pulse System:<\/strong> T\u00e4rin\u00e4nvaimennus sivuelementtien avulla<\/p>\n<\/li>\n<li data-start=\"1797\" data-end=\"1876\">\n<p data-start=\"1799\" data-end=\"1876\"><strong data-start=\"1799\" data-end=\"1817\">Oversize Grip:<\/strong> Pidennetty kahva parempaan k\u00e4sittelyyn, my\u00f6s kahden k\u00e4den otteeseen<\/p>\n<\/li>\n<li data-start=\"1877\" data-end=\"1940\">\n<p data-start=\"1879\" data-end=\"1940\"><strong data-start=\"1879\" data-end=\"1896\">Carbon Frame:<\/strong> Parempi kest\u00e4vyys ja rakenteellinen j\u00e4ykkyys<\/p>\n<\/li>\n<li data-start=\"1941\" data-end=\"2033\">\n<p data-start=\"1943\" data-end=\"2033\"><strong data-start=\"1943\" data-end=\"1956\">Eos Flap:<\/strong> Strategiset rei\u00e4t ketteryyden ja tasapainon parantamiseksi<\/p>\n<\/li>\n<\/ul>\n","protected":false},"excerpt":{"rendered":"<p>Nox AT Genius 18k Alum Buenos Aires Exclusive Edition on huipputason pisaranmuotoinen maila, joka on ihanteellinen voiman ja hallinnan t\u00e4ydellist\u00e4 tasapainoa etsiville. Sen 360\u2013375 gramman paino ja 38 mm:n paksuus takaavat j\u00e4ykkyyden ja ketteryyden, kun taas keskipaino suosii sek\u00e4 hy\u00f6kk\u00e4\u00e4v\u00e4\u00e4 ett\u00e4 puolustavaa peli\u00e4. Kaksinkertaisen karhean pinnan ansiosta (Spin 3D keskell\u00e4 ja hiekkapuhallus reunoilla) se mahdollistaa [&hellip;]<\/p>\n","protected":false},"featured_media":71433,"comment_status":"open","ping_status":"closed","template":"","meta":{"_eb_attr":""},"product_brand":[493],"product_cat":[496,497,494],"product_tag":[],"class_list":{"0":"post-71421","1":"product","2":"type-product","3":"status-publish","4":"has-post-thumbnail","6":"product_brand-nox","7":"product_cat-edistynyt","8":"product_cat-nox","9":"product_cat-padelmailat","10":"pa_kaal-365g","11":"pa_kuju-pisaranmuotoinen","12":"pa_mangustiil-hybridi","13":"pa_tasakaal-keskella","14":"pa_tase-edistynyt","15":"pa_varv-valkoinen","18":"first","19":"onbackorder","20":"sale","21":"taxable","22":"shipping-taxable","23":"purchasable","24":"product-type-simple"},"yoast_head":"<!-- This site is optimized with the Yoast SEO Premium plugin v27.1 (Yoast SEO v27.1.1) - https:\/\/yoast.com\/product\/yoast-seo-premium-wordpress\/ -->\n<title>Nox AT Genius 18k Alum Buenos Aires Exclusive Edition 2025 | Test Padelhaus<\/title>\n<meta name=\"description\" content=\"Padelmailat ja padelvarusteet edullisesti. Padelhaus on padel verkkokauppa, josta l\u00f6yd\u00e4t parhaat padelmailat kaikille tasoille.\" \/>\n<meta name=\"robots\" content=\"noindex, follow, max-snippet:-1, max-image-preview:large, max-video-preview:-1\" \/>\n<meta property=\"og:locale\" content=\"fi_FI\" \/>\n<meta property=\"og:type\" content=\"article\" \/>\n<meta property=\"og:title\" content=\"Nox AT Genius 18k Alum Buenos Aires Exclusive Edition 2025\" \/>\n<meta property=\"og:description\" content=\"Padelmailat ja padelvarusteet edullisesti. Padelhaus on padel verkkokauppa, josta l\u00f6yd\u00e4t parhaat padelmailat kaikille tasoille.\" \/>\n<meta property=\"og:url\" content=\"https:\/\/padelhaus.mustlammas-dev.in\/fi\/kauppa\/nox-at-genius-18k-alum-buenos-aires-exclusive-edition-2025\/\" \/>\n<meta property=\"og:site_name\" content=\"Test Padelhaus\" \/>\n<meta property=\"article:modified_time\" content=\"2026-03-05T15:57:41+00:00\" \/>\n<meta property=\"og:image\" content=\"https:\/\/padelhaus.fi\/wp-content\/uploads\/2025\/12\/Nox-AT-Genius-18k-Alum-Buenos-Aires-Exclusive-Edition.webp\" \/>\n\t<meta property=\"og:image:width\" content=\"1000\" \/>\n\t<meta property=\"og:image:height\" content=\"1000\" \/>\n\t<meta property=\"og:image:type\" content=\"image\/webp\" \/>\n<meta name=\"twitter:card\" content=\"summary_large_image\" \/>\n<meta name=\"twitter:label1\" content=\"Hinta\" \/>\n\t<meta name=\"twitter:data1\" content=\"299,95&nbsp;&euro;\" \/>\n\t<meta name=\"twitter:label2\" content=\"Saatavuus\" \/>\n\t<meta name=\"twitter:data2\" content=\"J\u00e4lkitoimituksessa\" \/>\n<script type=\"application\/ld+json\" class=\"yoast-schema-graph\">{\"@context\":\"https:\/\/schema.org\",\"@graph\":[{\"@type\":[\"WebPage\",\"ItemPage\"],\"@id\":\"https:\/\/padelhaus.mustlammas-dev.in\/fi\/kauppa\/nox-at-genius-18k-alum-buenos-aires-exclusive-edition-2025\/\",\"url\":\"https:\/\/padelhaus.mustlammas-dev.in\/fi\/kauppa\/nox-at-genius-18k-alum-buenos-aires-exclusive-edition-2025\/\",\"name\":\"Nox AT Genius 18k Alum Buenos Aires Exclusive Edition 2025 | Test Padelhaus\",\"isPartOf\":{\"@id\":\"https:\/\/padelhaus.mustlammas-dev.in\/fi\/#website\"},\"primaryImageOfPage\":{\"@id\":\"https:\/\/padelhaus.mustlammas-dev.in\/fi\/kauppa\/nox-at-genius-18k-alum-buenos-aires-exclusive-edition-2025\/#primaryimage\"},\"image\":{\"@id\":\"https:\/\/padelhaus.mustlammas-dev.in\/fi\/kauppa\/nox-at-genius-18k-alum-buenos-aires-exclusive-edition-2025\/#primaryimage\"},\"thumbnailUrl\":\"https:\/\/padelhaus.mustlammas-dev.in\/wp-content\/uploads\/2025\/12\/Nox-AT-Genius-18k-Alum-Buenos-Aires-Exclusive-Edition.webp\",\"datePublished\":\"2025-12-05T11:50:12+00:00\",\"dateModified\":\"2026-03-05T15:57:41+00:00\",\"description\":\"Padelmailat ja padelvarusteet edullisesti. Padelhaus on padel verkkokauppa, josta l\u00f6yd\u00e4t parhaat padelmailat kaikille tasoille.\",\"breadcrumb\":{\"@id\":\"https:\/\/padelhaus.mustlammas-dev.in\/fi\/kauppa\/nox-at-genius-18k-alum-buenos-aires-exclusive-edition-2025\/#breadcrumb\"},\"inLanguage\":\"fi\",\"potentialAction\":[{\"@type\":\"ReadAction\",\"target\":[\"https:\/\/padelhaus.mustlammas-dev.in\/fi\/kauppa\/nox-at-genius-18k-alum-buenos-aires-exclusive-edition-2025\/\"]}]},{\"@type\":\"ImageObject\",\"inLanguage\":\"fi\",\"@id\":\"https:\/\/padelhaus.mustlammas-dev.in\/fi\/kauppa\/nox-at-genius-18k-alum-buenos-aires-exclusive-edition-2025\/#primaryimage\",\"url\":\"https:\/\/padelhaus.mustlammas-dev.in\/wp-content\/uploads\/2025\/12\/Nox-AT-Genius-18k-Alum-Buenos-Aires-Exclusive-Edition.webp\",\"contentUrl\":\"https:\/\/padelhaus.mustlammas-dev.in\/wp-content\/uploads\/2025\/12\/Nox-AT-Genius-18k-Alum-Buenos-Aires-Exclusive-Edition.webp\",\"width\":1000,\"height\":1000,\"caption\":\"Nox AT Genius 18k Alum Buenos Aires Exclusive Edition\"},{\"@type\":\"BreadcrumbList\",\"@id\":\"https:\/\/padelhaus.mustlammas-dev.in\/fi\/kauppa\/nox-at-genius-18k-alum-buenos-aires-exclusive-edition-2025\/#breadcrumb\",\"itemListElement\":[{\"@type\":\"ListItem\",\"position\":1,\"name\":\"Avaleht\",\"item\":\"https:\/\/padelhaus.fi\/\"},{\"@type\":\"ListItem\",\"position\":2,\"name\":\"Kauppa\",\"item\":\"https:\/\/padelhaus.fi\/kauppa\/\"},{\"@type\":\"ListItem\",\"position\":3,\"name\":\"Nox AT Genius 18k Alum Buenos Aires Exclusive Edition 2025\"}]},{\"@type\":\"WebSite\",\"@id\":\"https:\/\/padelhaus.mustlammas-dev.in\/fi\/#website\",\"url\":\"https:\/\/padelhaus.mustlammas-dev.in\/fi\/\",\"name\":\"Claude Padelhaus\",\"description\":\"Sinu padelivarustuse kodu\",\"publisher\":{\"@id\":\"https:\/\/padelhaus.mustlammas-dev.in\/fi\/#organization\"},\"potentialAction\":[{\"@type\":\"SearchAction\",\"target\":{\"@type\":\"EntryPoint\",\"urlTemplate\":\"https:\/\/padelhaus.mustlammas-dev.in\/fi\/?s={search_term_string}\"},\"query-input\":{\"@type\":\"PropertyValueSpecification\",\"valueRequired\":true,\"valueName\":\"search_term_string\"}}],\"inLanguage\":\"fi\"},{\"@type\":\"Organization\",\"@id\":\"https:\/\/padelhaus.mustlammas-dev.in\/fi\/#organization\",\"name\":\"Claude Padelhaus\",\"url\":\"https:\/\/padelhaus.mustlammas-dev.in\/fi\/\",\"logo\":{\"@type\":\"ImageObject\",\"inLanguage\":\"fi\",\"@id\":\"https:\/\/padelhaus.mustlammas-dev.in\/fi\/#\/schema\/logo\/image\/\",\"url\":\"https:\/\/padelhaus.mustlammas-dev.in\/wp-content\/uploads\/2025\/05\/Logo-1.png\",\"contentUrl\":\"https:\/\/padelhaus.mustlammas-dev.in\/wp-content\/uploads\/2025\/05\/Logo-1.png\",\"width\":280,\"height\":115,\"caption\":\"Claude Padelhaus\"},\"image\":{\"@id\":\"https:\/\/padelhaus.mustlammas-dev.in\/fi\/#\/schema\/logo\/image\/\"}}]}<\/script>\n<meta property=\"product:price:amount\" content=\"299.95\" \/>\n<meta property=\"product:price:currency\" content=\"EUR\" \/>\n<meta property=\"og:availability\" content=\"backorder\" \/>\n<meta property=\"product:availability\" content=\"available for order\" \/>\n<meta property=\"product:retailer_item_id\" content=\"NOX-R-40\" \/>\n<meta property=\"product:condition\" content=\"new\" \/>\n<!-- \/ Yoast SEO Premium plugin. -->","yoast_head_json":{"title":"Nox AT Genius 18k Alum Buenos Aires Exclusive Edition 2025 | Test Padelhaus","description":"Padelmailat ja padelvarusteet edullisesti. Padelhaus on padel verkkokauppa, josta l\u00f6yd\u00e4t parhaat padelmailat kaikille tasoille.","robots":{"index":"noindex","follow":"follow","max-snippet":"max-snippet:-1","max-image-preview":"max-image-preview:large","max-video-preview":"max-video-preview:-1"},"og_locale":"fi_FI","og_type":"article","og_title":"Nox AT Genius 18k Alum Buenos Aires Exclusive Edition 2025","og_description":"Padelmailat ja padelvarusteet edullisesti. Padelhaus on padel verkkokauppa, josta l\u00f6yd\u00e4t parhaat padelmailat kaikille tasoille.","og_url":"https:\/\/padelhaus.mustlammas-dev.in\/fi\/kauppa\/nox-at-genius-18k-alum-buenos-aires-exclusive-edition-2025\/","og_site_name":"Test Padelhaus","article_modified_time":"2026-03-05T15:57:41+00:00","og_image":[{"width":1000,"height":1000,"url":"https:\/\/padelhaus.fi\/wp-content\/uploads\/2025\/12\/Nox-AT-Genius-18k-Alum-Buenos-Aires-Exclusive-Edition.webp","type":"image\/webp"}],"twitter_card":"summary_large_image","twitter_misc":{"Hinta":"299,95&nbsp;&euro;","Saatavuus":"J\u00e4lkitoimituksessa"},"schema":{"@context":"https:\/\/schema.org","@graph":[{"@type":["WebPage","ItemPage"],"@id":"https:\/\/padelhaus.mustlammas-dev.in\/fi\/kauppa\/nox-at-genius-18k-alum-buenos-aires-exclusive-edition-2025\/","url":"https:\/\/padelhaus.mustlammas-dev.in\/fi\/kauppa\/nox-at-genius-18k-alum-buenos-aires-exclusive-edition-2025\/","name":"Nox AT Genius 18k Alum Buenos Aires Exclusive Edition 2025 | Test Padelhaus","isPartOf":{"@id":"https:\/\/padelhaus.mustlammas-dev.in\/fi\/#website"},"primaryImageOfPage":{"@id":"https:\/\/padelhaus.mustlammas-dev.in\/fi\/kauppa\/nox-at-genius-18k-alum-buenos-aires-exclusive-edition-2025\/#primaryimage"},"image":{"@id":"https:\/\/padelhaus.mustlammas-dev.in\/fi\/kauppa\/nox-at-genius-18k-alum-buenos-aires-exclusive-edition-2025\/#primaryimage"},"thumbnailUrl":"https:\/\/padelhaus.mustlammas-dev.in\/wp-content\/uploads\/2025\/12\/Nox-AT-Genius-18k-Alum-Buenos-Aires-Exclusive-Edition.webp","datePublished":"2025-12-05T11:50:12+00:00","dateModified":"2026-03-05T15:57:41+00:00","description":"Padelmailat ja padelvarusteet edullisesti. Padelhaus on padel verkkokauppa, josta l\u00f6yd\u00e4t parhaat padelmailat kaikille tasoille.","breadcrumb":{"@id":"https:\/\/padelhaus.mustlammas-dev.in\/fi\/kauppa\/nox-at-genius-18k-alum-buenos-aires-exclusive-edition-2025\/#breadcrumb"},"inLanguage":"fi","potentialAction":[{"@type":"ReadAction","target":["https:\/\/padelhaus.mustlammas-dev.in\/fi\/kauppa\/nox-at-genius-18k-alum-buenos-aires-exclusive-edition-2025\/"]}]},{"@type":"ImageObject","inLanguage":"fi","@id":"https:\/\/padelhaus.mustlammas-dev.in\/fi\/kauppa\/nox-at-genius-18k-alum-buenos-aires-exclusive-edition-2025\/#primaryimage","url":"https:\/\/padelhaus.mustlammas-dev.in\/wp-content\/uploads\/2025\/12\/Nox-AT-Genius-18k-Alum-Buenos-Aires-Exclusive-Edition.webp","contentUrl":"https:\/\/padelhaus.mustlammas-dev.in\/wp-content\/uploads\/2025\/12\/Nox-AT-Genius-18k-Alum-Buenos-Aires-Exclusive-Edition.webp","width":1000,"height":1000,"caption":"Nox AT Genius 18k Alum Buenos Aires Exclusive Edition"},{"@type":"BreadcrumbList","@id":"https:\/\/padelhaus.mustlammas-dev.in\/fi\/kauppa\/nox-at-genius-18k-alum-buenos-aires-exclusive-edition-2025\/#breadcrumb","itemListElement":[{"@type":"ListItem","position":1,"name":"Avaleht","item":"https:\/\/padelhaus.fi\/"},{"@type":"ListItem","position":2,"name":"Kauppa","item":"https:\/\/padelhaus.fi\/kauppa\/"},{"@type":"ListItem","position":3,"name":"Nox AT Genius 18k Alum Buenos Aires Exclusive Edition 2025"}]},{"@type":"WebSite","@id":"https:\/\/padelhaus.mustlammas-dev.in\/fi\/#website","url":"https:\/\/padelhaus.mustlammas-dev.in\/fi\/","name":"Claude Padelhaus","description":"Sinu padelivarustuse kodu","publisher":{"@id":"https:\/\/padelhaus.mustlammas-dev.in\/fi\/#organization"},"potentialAction":[{"@type":"SearchAction","target":{"@type":"EntryPoint","urlTemplate":"https:\/\/padelhaus.mustlammas-dev.in\/fi\/?s={search_term_string}"},"query-input":{"@type":"PropertyValueSpecification","valueRequired":true,"valueName":"search_term_string"}}],"inLanguage":"fi"},{"@type":"Organization","@id":"https:\/\/padelhaus.mustlammas-dev.in\/fi\/#organization","name":"Claude Padelhaus","url":"https:\/\/padelhaus.mustlammas-dev.in\/fi\/","logo":{"@type":"ImageObject","inLanguage":"fi","@id":"https:\/\/padelhaus.mustlammas-dev.in\/fi\/#\/schema\/logo\/image\/","url":"https:\/\/padelhaus.mustlammas-dev.in\/wp-content\/uploads\/2025\/05\/Logo-1.png","contentUrl":"https:\/\/padelhaus.mustlammas-dev.in\/wp-content\/uploads\/2025\/05\/Logo-1.png","width":280,"height":115,"caption":"Claude Padelhaus"},"image":{"@id":"https:\/\/padelhaus.mustlammas-dev.in\/fi\/#\/schema\/logo\/image\/"}}]},"product_price_amount":"299.95","product_price_currency":"EUR","og_availability":"backorder","product_availability":"available for order","product_retailer_item_id":"NOX-R-40","product_condition":"new"},"_links":{"self":[{"href":"https:\/\/padelhaus.mustlammas-dev.in\/fi\/wp-json\/wp\/v2\/product\/71421","targetHints":{"allow":["GET"]}}],"collection":[{"href":"https:\/\/padelhaus.mustlammas-dev.in\/fi\/wp-json\/wp\/v2\/product"}],"about":[{"href":"https:\/\/padelhaus.mustlammas-dev.in\/fi\/wp-json\/wp\/v2\/types\/product"}],"replies":[{"embeddable":true,"href":"https:\/\/padelhaus.mustlammas-dev.in\/fi\/wp-json\/wp\/v2\/comments?post=71421"}],"wp:featuredmedia":[{"embeddable":true,"href":"https:\/\/padelhaus.mustlammas-dev.in\/fi\/wp-json\/wp\/v2\/media\/71433"}],"wp:attachment":[{"href":"https:\/\/padelhaus.mustlammas-dev.in\/fi\/wp-json\/wp\/v2\/media?parent=71421"}],"wp:term":[{"taxonomy":"product_brand","embeddable":true,"href":"https:\/\/padelhaus.mustlammas-dev.in\/fi\/wp-json\/wp\/v2\/product_brand?post=71421"},{"taxonomy":"product_cat","embeddable":true,"href":"https:\/\/padelhaus.mustlammas-dev.in\/fi\/wp-json\/wp\/v2\/product_cat?post=71421"},{"taxonomy":"product_tag","embeddable":true,"href":"https:\/\/padelhaus.mustlammas-dev.in\/fi\/wp-json\/wp\/v2\/product_tag?post=71421"}],"curies":[{"name":"wp","href":"https:\/\/api.w.org\/{rel}","templated":true}]}}