{"id":71451,"date":"2025-12-11T15:01:15","date_gmt":"2025-12-11T13:01:15","guid":{"rendered":"https:\/\/padelhaus.mustlammas-dev.in\/pood\/babolat-viper-soft-juan-lebron-3-0\/"},"modified":"2026-03-05T17:57:17","modified_gmt":"2026-03-05T15:57:17","slug":"babolat-viper-soft-juan-lebron-3-0","status":"publish","type":"product","link":"https:\/\/padelhaus.mustlammas-dev.in\/fi\/kauppa\/babolat-viper-soft-juan-lebron-3-0\/","title":{"rendered":"Babolat Viper Soft Juan Lebr\u00f3n 3.0"},"content":{"rendered":"<p data-start=\"97\" data-end=\"148\"><strong data-start=\"97\" data-end=\"148\">Babolat Viper Soft Juan Lebr\u00f3n 3.0, hy\u00f6kk\u00e4\u00e4v\u00e4 peli<\/strong><\/p>\n<p data-start=\"150\" data-end=\"464\">Babolat Viper Soft Juan Lebr\u00f3n 3.0 on suorituskykyinen maila, joka on suunniteltu pelaajille, jotka etsiv\u00e4t r\u00e4j\u00e4ht\u00e4v\u00e4\u00e4 voimaa pehme\u00e4ll\u00e4 ja mukavalla tuntumalla. Sen timantinmuotoinen muotoilu, korkea tasapaino ja noin 365 g paino tarjoavat t\u00e4ydellisen tasapainon voiman ja tarkkuuden v\u00e4lill\u00e4 jokaisessa ly\u00f6nniss\u00e4. <\/p>\n<p data-start=\"466\" data-end=\"757\">Valmistettu Soft Carbon -materiaalista, t\u00e4m\u00e4 maila tarjoaa joustavamman ja anteeksiantavamman vasteen, v\u00e4hent\u00e4en t\u00e4rin\u00e4\u00e4 ja parantaen kontrollin tunnetta. Lis\u00e4ksi Black EVA -sis\u00e4rakenne tarjoaa erinomaisen elastisuuden optimoidakseen sek\u00e4 voiman ett\u00e4 mukavuuden vaativimmissakin ly\u00f6nneiss\u00e4. <\/p>\n<p data-start=\"759\" data-end=\"903\">Hy\u00f6kk\u00e4\u00e4v\u00e4\u00e4n peliin suunniteltu maila mahdollistaa intensiteetin s\u00e4ilytt\u00e4misen koko pelin ajan tarjoten johdonmukaisen ja ammattimaisen suorituskyvyn.<\/p>\n<h5 data-start=\"905\" data-end=\"939\">Suunniteltu hy\u00f6kk\u00e4\u00e4ville pelaajille<\/h5>\n<p data-start=\"941\" data-end=\"1356\">Babolat Viper Soft Juan Lebr\u00f3n 3.0 on suunniteltu teknisille hy\u00f6kk\u00e4\u00e4ville pelaajille, jotka yhdist\u00e4v\u00e4t aggressiivisuuden tarkkuuteen ja pyrkiv\u00e4t hallitsemaan pisteit\u00e4 voimakkailla ja strategisilla ly\u00f6nneill\u00e4. Sen edistynyt rakenne mahdollistaa volleyt, sm\u00e4ssit ja bandejat ainutlaatuisella kontrollin, voiman ja mukavuuden yhdistelm\u00e4ll\u00e4, ollen ihanteellinen niille, jotka haluavat pit\u00e4\u00e4 jatkuvaa painetta verkolla. <\/p>\n<p data-start=\"1358\" data-end=\"1676\">Pehme\u00e4mm\u00e4n tuntumansa ansiosta t\u00e4m\u00e4 maila on ihanteellinen kilpapelaajille, jotka etsiv\u00e4t suurempaa mukavuutta menett\u00e4m\u00e4tt\u00e4 j\u00e4m\u00e4kk\u00e4\u00e4 tuntumaa ly\u00f6nniss\u00e4. Juan Lebr\u00f3nin omasta pelityylist\u00e4 inspiraationsa saanut maila on luotu niille, jotka haluavat erottua kent\u00e4ll\u00e4 maksimaalisella tehokkuudella ja tyylikkyydell\u00e4. <\/p>\n<h5 data-start=\"1678\" data-end=\"1699\">Avainominaisuudet<\/h5>\n<ul>\n<li data-start=\"1703\" data-end=\"1826\"><strong data-start=\"1703\" data-end=\"1726\">Soft Carbon -pinnat:<\/strong> Punottu hiilikuitu, joka tarjoaa joustavamman pinnan, parantaen ly\u00f6ntituntumaa ja lis\u00e4ten mukavuutta.<\/li>\n<li data-start=\"1829\" data-end=\"1943\"><strong data-start=\"1829\" data-end=\"1862\">Black EVA -sis\u00e4rakenne:<\/strong> Elastinen kumi, joka tarjoaa t\u00e4ydellisen tasapainon voiman ja pehmeyden v\u00e4lill\u00e4 jokaisessa ly\u00f6nniss\u00e4.<\/li>\n<li data-start=\"1946\" data-end=\"2052\"><strong data-start=\"1946\" data-end=\"1971\">Holes Pattern System:<\/strong> Optimoitu reikien sijoittelu, joka lis\u00e4\u00e4 voimansiirtoa ja ly\u00f6nnin tarkkuutta.<\/li>\n<li data-start=\"2055\" data-end=\"2132\"><strong data-start=\"2055\" data-end=\"2067\">3D Spin:<\/strong> Pintakuviointi, joka lis\u00e4\u00e4 kierteit\u00e4 ja pallon hallintaa.<\/li>\n<li data-start=\"2135\" data-end=\"2274\"><strong data-start=\"2135\" data-end=\"2164\">Dynamic Stability System:<\/strong> Vahvistettu syd\u00e4n keskipalkilla takaa paremman vakauden ja hallinnan voimakkaissa ly\u00f6nneiss\u00e4.<\/li>\n<\/ul>\n<p data-start=\"2276\" data-end=\"2657\">Babolat Viper Soft Juan Lebr\u00f3n 3.0 yhdist\u00e4\u00e4 teknologian, muotoilun ja premium-tuntuman hy\u00f6kk\u00e4\u00e4ville pelaajille, jotka haluavat hallita kentt\u00e4\u00e4 tarkkuudella ja voimalla. Jos haluat parantaa suoritustasi ja nauttia mukavasta, voimakkaasta mailasta, jossa on mestarin identiteetti, Viper Soft JL 3.0 on paras liittolaisesi. Nouse pelisi ansaitsemalle laatutasolle Babolatin kanssa!  <\/p>\n<h5 data-start=\"733\" data-end=\"861\">Tekniset tiedot<\/h5>\n<ul>\n<li data-start=\"39\" data-end=\"59\"><strong data-start=\"39\" data-end=\"49\">Tuotemerkki:<\/strong> Babolat<\/li>\n<li data-start=\"62\" data-end=\"79\"><strong data-start=\"62\" data-end=\"71\">V\u00e4ri:<\/strong> Oranssi<\/li>\n<li data-start=\"82\" data-end=\"108\"><strong data-start=\"82\" data-end=\"92\">Tuote:<\/strong> Padel-mailat<\/li>\n<li data-start=\"111\" data-end=\"132\"><strong data-start=\"111\" data-end=\"124\">Tasapaino:<\/strong> Korkea<\/li>\n<li data-start=\"135\" data-end=\"158\"><strong data-start=\"135\" data-end=\"147\">Ydin:<\/strong> Musta EVA<\/li>\n<li data-start=\"161\" data-end=\"192\"><strong data-start=\"161\" data-end=\"173\">Muoto:<\/strong> Vakio<\/li>\n<li data-start=\"195\" data-end=\"235\"><strong data-start=\"195\" data-end=\"209\">Pelitaso:<\/strong> Edistynyt \/ Kilpataso<\/li>\n<li data-start=\"238\" data-end=\"263\"><strong data-start=\"238\" data-end=\"253\">Viimeistely:<\/strong> 3D Spin<\/li>\n<li data-start=\"266\" data-end=\"290\"><strong data-start=\"266\" data-end=\"275\">Muoto:<\/strong> Timantti<\/li>\n<li data-start=\"293\" data-end=\"336\"><strong data-start=\"293\" data-end=\"308\">Pinnan tyyppi:<\/strong> Karhea pinta (Rough Surface)<\/li>\n<li data-start=\"339\" data-end=\"361\"><strong data-start=\"339\" data-end=\"353\">Pelityyppi:<\/strong> Power<\/li>\n<li data-start=\"364\" data-end=\"411\"><strong data-start=\"364\" data-end=\"376\">Mallisto:<\/strong> Juan Lebr\u00f3n -pelaajamallisto<\/li>\n<\/ul>\n","protected":false},"excerpt":{"rendered":"<p>Babolat Viper Soft Juan Lebr\u00f3n 3.0, hy\u00f6kk\u00e4\u00e4v\u00e4 peli Babolat Viper Soft Juan Lebr\u00f3n 3.0 on suorituskykyinen maila, joka on suunniteltu pelaajille, jotka etsiv\u00e4t r\u00e4j\u00e4ht\u00e4v\u00e4\u00e4 voimaa pehme\u00e4ll\u00e4 ja mukavalla tuntumalla. Sen timantinmuotoinen muotoilu, korkea tasapaino ja noin 365 g paino tarjoavat t\u00e4ydellisen tasapainon voiman ja tarkkuuden v\u00e4lill\u00e4 jokaisessa ly\u00f6nniss\u00e4. Valmistettu Soft Carbon -materiaalista, t\u00e4m\u00e4 maila tarjoaa [&hellip;]<\/p>\n","protected":false},"featured_media":71457,"comment_status":"open","ping_status":"closed","template":"","meta":{"_eb_attr":""},"product_brand":[530],"product_cat":[531,496,494],"product_tag":[],"class_list":{"0":"post-71451","1":"product","2":"type-product","3":"status-publish","4":"has-post-thumbnail","6":"product_brand-babolat","7":"product_cat-babolat","8":"product_cat-edistynyt","9":"product_cat-padelmailat","10":"pa_kaal-365g","11":"pa_kuju-timantti","12":"pa_mangustiil-hyokkaava","13":"pa_tasakaal-ylhaalla","14":"pa_tase-edistynyt","15":"pa_varv-oranssi","18":"first","19":"instock","20":"sale","21":"taxable","22":"shipping-taxable","23":"purchasable","24":"product-type-simple"},"yoast_head":"<!-- This site is optimized with the Yoast SEO Premium plugin v27.1 (Yoast SEO v27.1.1) - https:\/\/yoast.com\/product\/yoast-seo-premium-wordpress\/ -->\n<title>Babolat Viper Soft Juan Lebr\u00f3n 3.0 | Test Padelhaus<\/title>\n<meta name=\"description\" content=\"Padelmailat ja padelvarusteet edullisesti. Padelhaus on padel verkkokauppa, josta l\u00f6yd\u00e4t parhaat padelmailat kaikille tasoille.\" \/>\n<meta name=\"robots\" content=\"noindex, follow, max-snippet:-1, max-image-preview:large, max-video-preview:-1\" \/>\n<meta property=\"og:locale\" content=\"fi_FI\" \/>\n<meta property=\"og:type\" content=\"article\" \/>\n<meta property=\"og:title\" content=\"Babolat Viper Soft Juan Lebr\u00f3n 3.0\" \/>\n<meta property=\"og:description\" content=\"Padelmailat ja padelvarusteet edullisesti. Padelhaus on padel verkkokauppa, josta l\u00f6yd\u00e4t parhaat padelmailat kaikille tasoille.\" \/>\n<meta property=\"og:url\" content=\"https:\/\/padelhaus.mustlammas-dev.in\/fi\/kauppa\/babolat-viper-soft-juan-lebron-3-0\/\" \/>\n<meta property=\"og:site_name\" content=\"Test Padelhaus\" \/>\n<meta property=\"article:modified_time\" content=\"2026-03-05T15:57:17+00:00\" \/>\n<meta property=\"og:image\" content=\"https:\/\/padelhaus.fi\/wp-content\/uploads\/2025\/12\/49.webp\" \/>\n\t<meta property=\"og:image:width\" content=\"1000\" \/>\n\t<meta property=\"og:image:height\" content=\"1000\" \/>\n\t<meta property=\"og:image:type\" content=\"image\/webp\" \/>\n<meta name=\"twitter:card\" content=\"summary_large_image\" \/>\n<meta name=\"twitter:label1\" content=\"Hinta\" \/>\n\t<meta name=\"twitter:data1\" content=\"249,95&nbsp;&euro;\" \/>\n\t<meta name=\"twitter:label2\" content=\"Saatavuus\" \/>\n\t<meta name=\"twitter:data2\" content=\"Varastossa\" \/>\n<script type=\"application\/ld+json\" class=\"yoast-schema-graph\">{\"@context\":\"https:\/\/schema.org\",\"@graph\":[{\"@type\":[\"WebPage\",\"ItemPage\"],\"@id\":\"https:\/\/padelhaus.mustlammas-dev.in\/fi\/kauppa\/babolat-viper-soft-juan-lebron-3-0\/\",\"url\":\"https:\/\/padelhaus.mustlammas-dev.in\/fi\/kauppa\/babolat-viper-soft-juan-lebron-3-0\/\",\"name\":\"Babolat Viper Soft Juan Lebr\u00f3n 3.0 | Test Padelhaus\",\"isPartOf\":{\"@id\":\"https:\/\/padelhaus.mustlammas-dev.in\/fi\/#website\"},\"primaryImageOfPage\":{\"@id\":\"https:\/\/padelhaus.mustlammas-dev.in\/fi\/kauppa\/babolat-viper-soft-juan-lebron-3-0\/#primaryimage\"},\"image\":{\"@id\":\"https:\/\/padelhaus.mustlammas-dev.in\/fi\/kauppa\/babolat-viper-soft-juan-lebron-3-0\/#primaryimage\"},\"thumbnailUrl\":\"https:\/\/padelhaus.mustlammas-dev.in\/wp-content\/uploads\/2025\/12\/49.webp\",\"datePublished\":\"2025-12-11T13:01:15+00:00\",\"dateModified\":\"2026-03-05T15:57:17+00:00\",\"description\":\"Padelmailat ja padelvarusteet edullisesti. Padelhaus on padel verkkokauppa, josta l\u00f6yd\u00e4t parhaat padelmailat kaikille tasoille.\",\"breadcrumb\":{\"@id\":\"https:\/\/padelhaus.mustlammas-dev.in\/fi\/kauppa\/babolat-viper-soft-juan-lebron-3-0\/#breadcrumb\"},\"inLanguage\":\"fi\",\"potentialAction\":[{\"@type\":\"ReadAction\",\"target\":[\"https:\/\/padelhaus.mustlammas-dev.in\/fi\/kauppa\/babolat-viper-soft-juan-lebron-3-0\/\"]}]},{\"@type\":\"ImageObject\",\"inLanguage\":\"fi\",\"@id\":\"https:\/\/padelhaus.mustlammas-dev.in\/fi\/kauppa\/babolat-viper-soft-juan-lebron-3-0\/#primaryimage\",\"url\":\"https:\/\/padelhaus.mustlammas-dev.in\/wp-content\/uploads\/2025\/12\/49.webp\",\"contentUrl\":\"https:\/\/padelhaus.mustlammas-dev.in\/wp-content\/uploads\/2025\/12\/49.webp\",\"width\":1000,\"height\":1000},{\"@type\":\"BreadcrumbList\",\"@id\":\"https:\/\/padelhaus.mustlammas-dev.in\/fi\/kauppa\/babolat-viper-soft-juan-lebron-3-0\/#breadcrumb\",\"itemListElement\":[{\"@type\":\"ListItem\",\"position\":1,\"name\":\"Avaleht\",\"item\":\"https:\/\/padelhaus.fi\/\"},{\"@type\":\"ListItem\",\"position\":2,\"name\":\"Kauppa\",\"item\":\"https:\/\/padelhaus.fi\/kauppa\/\"},{\"@type\":\"ListItem\",\"position\":3,\"name\":\"Babolat Viper Soft Juan Lebr\u00f3n 3.0\"}]},{\"@type\":\"WebSite\",\"@id\":\"https:\/\/padelhaus.mustlammas-dev.in\/fi\/#website\",\"url\":\"https:\/\/padelhaus.mustlammas-dev.in\/fi\/\",\"name\":\"Claude Padelhaus\",\"description\":\"Sinu padelivarustuse kodu\",\"publisher\":{\"@id\":\"https:\/\/padelhaus.mustlammas-dev.in\/fi\/#organization\"},\"potentialAction\":[{\"@type\":\"SearchAction\",\"target\":{\"@type\":\"EntryPoint\",\"urlTemplate\":\"https:\/\/padelhaus.mustlammas-dev.in\/fi\/?s={search_term_string}\"},\"query-input\":{\"@type\":\"PropertyValueSpecification\",\"valueRequired\":true,\"valueName\":\"search_term_string\"}}],\"inLanguage\":\"fi\"},{\"@type\":\"Organization\",\"@id\":\"https:\/\/padelhaus.mustlammas-dev.in\/fi\/#organization\",\"name\":\"Claude Padelhaus\",\"url\":\"https:\/\/padelhaus.mustlammas-dev.in\/fi\/\",\"logo\":{\"@type\":\"ImageObject\",\"inLanguage\":\"fi\",\"@id\":\"https:\/\/padelhaus.mustlammas-dev.in\/fi\/#\/schema\/logo\/image\/\",\"url\":\"https:\/\/padelhaus.mustlammas-dev.in\/wp-content\/uploads\/2025\/05\/Logo-1.png\",\"contentUrl\":\"https:\/\/padelhaus.mustlammas-dev.in\/wp-content\/uploads\/2025\/05\/Logo-1.png\",\"width\":280,\"height\":115,\"caption\":\"Claude Padelhaus\"},\"image\":{\"@id\":\"https:\/\/padelhaus.mustlammas-dev.in\/fi\/#\/schema\/logo\/image\/\"}}]}<\/script>\n<meta property=\"product:price:amount\" content=\"249.95\" \/>\n<meta property=\"product:price:currency\" content=\"EUR\" \/>\n<meta property=\"og:availability\" content=\"instock\" \/>\n<meta property=\"product:availability\" content=\"instock\" \/>\n<meta property=\"product:retailer_item_id\" content=\"BAB-R-15\" \/>\n<meta property=\"product:condition\" content=\"new\" \/>\n<!-- \/ Yoast SEO Premium plugin. -->","yoast_head_json":{"title":"Babolat Viper Soft Juan Lebr\u00f3n 3.0 | Test Padelhaus","description":"Padelmailat ja padelvarusteet edullisesti. Padelhaus on padel verkkokauppa, josta l\u00f6yd\u00e4t parhaat padelmailat kaikille tasoille.","robots":{"index":"noindex","follow":"follow","max-snippet":"max-snippet:-1","max-image-preview":"max-image-preview:large","max-video-preview":"max-video-preview:-1"},"og_locale":"fi_FI","og_type":"article","og_title":"Babolat Viper Soft Juan Lebr\u00f3n 3.0","og_description":"Padelmailat ja padelvarusteet edullisesti. Padelhaus on padel verkkokauppa, josta l\u00f6yd\u00e4t parhaat padelmailat kaikille tasoille.","og_url":"https:\/\/padelhaus.mustlammas-dev.in\/fi\/kauppa\/babolat-viper-soft-juan-lebron-3-0\/","og_site_name":"Test Padelhaus","article_modified_time":"2026-03-05T15:57:17+00:00","og_image":[{"width":1000,"height":1000,"url":"https:\/\/padelhaus.fi\/wp-content\/uploads\/2025\/12\/49.webp","type":"image\/webp"}],"twitter_card":"summary_large_image","twitter_misc":{"Hinta":"249,95&nbsp;&euro;","Saatavuus":"Varastossa"},"schema":{"@context":"https:\/\/schema.org","@graph":[{"@type":["WebPage","ItemPage"],"@id":"https:\/\/padelhaus.mustlammas-dev.in\/fi\/kauppa\/babolat-viper-soft-juan-lebron-3-0\/","url":"https:\/\/padelhaus.mustlammas-dev.in\/fi\/kauppa\/babolat-viper-soft-juan-lebron-3-0\/","name":"Babolat Viper Soft Juan Lebr\u00f3n 3.0 | Test Padelhaus","isPartOf":{"@id":"https:\/\/padelhaus.mustlammas-dev.in\/fi\/#website"},"primaryImageOfPage":{"@id":"https:\/\/padelhaus.mustlammas-dev.in\/fi\/kauppa\/babolat-viper-soft-juan-lebron-3-0\/#primaryimage"},"image":{"@id":"https:\/\/padelhaus.mustlammas-dev.in\/fi\/kauppa\/babolat-viper-soft-juan-lebron-3-0\/#primaryimage"},"thumbnailUrl":"https:\/\/padelhaus.mustlammas-dev.in\/wp-content\/uploads\/2025\/12\/49.webp","datePublished":"2025-12-11T13:01:15+00:00","dateModified":"2026-03-05T15:57:17+00:00","description":"Padelmailat ja padelvarusteet edullisesti. Padelhaus on padel verkkokauppa, josta l\u00f6yd\u00e4t parhaat padelmailat kaikille tasoille.","breadcrumb":{"@id":"https:\/\/padelhaus.mustlammas-dev.in\/fi\/kauppa\/babolat-viper-soft-juan-lebron-3-0\/#breadcrumb"},"inLanguage":"fi","potentialAction":[{"@type":"ReadAction","target":["https:\/\/padelhaus.mustlammas-dev.in\/fi\/kauppa\/babolat-viper-soft-juan-lebron-3-0\/"]}]},{"@type":"ImageObject","inLanguage":"fi","@id":"https:\/\/padelhaus.mustlammas-dev.in\/fi\/kauppa\/babolat-viper-soft-juan-lebron-3-0\/#primaryimage","url":"https:\/\/padelhaus.mustlammas-dev.in\/wp-content\/uploads\/2025\/12\/49.webp","contentUrl":"https:\/\/padelhaus.mustlammas-dev.in\/wp-content\/uploads\/2025\/12\/49.webp","width":1000,"height":1000},{"@type":"BreadcrumbList","@id":"https:\/\/padelhaus.mustlammas-dev.in\/fi\/kauppa\/babolat-viper-soft-juan-lebron-3-0\/#breadcrumb","itemListElement":[{"@type":"ListItem","position":1,"name":"Avaleht","item":"https:\/\/padelhaus.fi\/"},{"@type":"ListItem","position":2,"name":"Kauppa","item":"https:\/\/padelhaus.fi\/kauppa\/"},{"@type":"ListItem","position":3,"name":"Babolat Viper Soft Juan Lebr\u00f3n 3.0"}]},{"@type":"WebSite","@id":"https:\/\/padelhaus.mustlammas-dev.in\/fi\/#website","url":"https:\/\/padelhaus.mustlammas-dev.in\/fi\/","name":"Claude Padelhaus","description":"Sinu padelivarustuse kodu","publisher":{"@id":"https:\/\/padelhaus.mustlammas-dev.in\/fi\/#organization"},"potentialAction":[{"@type":"SearchAction","target":{"@type":"EntryPoint","urlTemplate":"https:\/\/padelhaus.mustlammas-dev.in\/fi\/?s={search_term_string}"},"query-input":{"@type":"PropertyValueSpecification","valueRequired":true,"valueName":"search_term_string"}}],"inLanguage":"fi"},{"@type":"Organization","@id":"https:\/\/padelhaus.mustlammas-dev.in\/fi\/#organization","name":"Claude Padelhaus","url":"https:\/\/padelhaus.mustlammas-dev.in\/fi\/","logo":{"@type":"ImageObject","inLanguage":"fi","@id":"https:\/\/padelhaus.mustlammas-dev.in\/fi\/#\/schema\/logo\/image\/","url":"https:\/\/padelhaus.mustlammas-dev.in\/wp-content\/uploads\/2025\/05\/Logo-1.png","contentUrl":"https:\/\/padelhaus.mustlammas-dev.in\/wp-content\/uploads\/2025\/05\/Logo-1.png","width":280,"height":115,"caption":"Claude Padelhaus"},"image":{"@id":"https:\/\/padelhaus.mustlammas-dev.in\/fi\/#\/schema\/logo\/image\/"}}]},"product_price_amount":"249.95","product_price_currency":"EUR","og_availability":"instock","product_availability":"instock","product_retailer_item_id":"BAB-R-15","product_condition":"new"},"_links":{"self":[{"href":"https:\/\/padelhaus.mustlammas-dev.in\/fi\/wp-json\/wp\/v2\/product\/71451","targetHints":{"allow":["GET"]}}],"collection":[{"href":"https:\/\/padelhaus.mustlammas-dev.in\/fi\/wp-json\/wp\/v2\/product"}],"about":[{"href":"https:\/\/padelhaus.mustlammas-dev.in\/fi\/wp-json\/wp\/v2\/types\/product"}],"replies":[{"embeddable":true,"href":"https:\/\/padelhaus.mustlammas-dev.in\/fi\/wp-json\/wp\/v2\/comments?post=71451"}],"wp:featuredmedia":[{"embeddable":true,"href":"https:\/\/padelhaus.mustlammas-dev.in\/fi\/wp-json\/wp\/v2\/media\/71457"}],"wp:attachment":[{"href":"https:\/\/padelhaus.mustlammas-dev.in\/fi\/wp-json\/wp\/v2\/media?parent=71451"}],"wp:term":[{"taxonomy":"product_brand","embeddable":true,"href":"https:\/\/padelhaus.mustlammas-dev.in\/fi\/wp-json\/wp\/v2\/product_brand?post=71451"},{"taxonomy":"product_cat","embeddable":true,"href":"https:\/\/padelhaus.mustlammas-dev.in\/fi\/wp-json\/wp\/v2\/product_cat?post=71451"},{"taxonomy":"product_tag","embeddable":true,"href":"https:\/\/padelhaus.mustlammas-dev.in\/fi\/wp-json\/wp\/v2\/product_tag?post=71451"}],"curies":[{"name":"wp","href":"https:\/\/api.w.org\/{rel}","templated":true}]}}