{"id":71458,"date":"2025-12-11T15:09:59","date_gmt":"2025-12-11T13:09:59","guid":{"rendered":"https:\/\/padelhaus.mustlammas-dev.in\/pood\/babolat-viper-juan-lebron-3-0\/"},"modified":"2026-03-05T17:57:16","modified_gmt":"2026-03-05T15:57:16","slug":"babolat-viper-juan-lebron-3-0","status":"publish","type":"product","link":"https:\/\/padelhaus.mustlammas-dev.in\/fi\/kauppa\/babolat-viper-juan-lebron-3-0\/","title":{"rendered":"Babolat Viper Juan Lebr\u00f3n 3.0"},"content":{"rendered":"<p data-start=\"96\" data-end=\"129\"><strong data-start=\"96\" data-end=\"129\">Babolat Viper Juan Lebr\u00f3n 3.0<\/strong><\/p>\n<p data-start=\"131\" data-end=\"454\">Babolat Viper Juan Lebr\u00f3n 3.0 Red on maila, joka on suunniteltu ammattitason pelaajille, jotka haluavat dominoida jokaista pistett\u00e4 aggressiivisuudella ja kontrollilla. Yhteisty\u00f6ss\u00e4 maailmanmestari Juan Lebr\u00f3nin kanssa kehitetty ja h\u00e4nest\u00e4 inspiraationsa saanut malli yhdist\u00e4\u00e4 voiman, tarkkuuden ja tyylin tarjoten huippusuoritusta vaativimpiin k\u00e4siin. <\/p>\n<h5 data-start=\"456\" data-end=\"483\"><strong data-start=\"456\" data-end=\"483\">Muotoilu ja suorituskyky<\/strong><\/h5>\n<p data-start=\"485\" data-end=\"777\">Sen kardioidi muoto tarjoaa t\u00e4ydellisen tasapainon voiman ja ketteryyden v\u00e4lill\u00e4, mahdollistaen maksimaalisen nopeuden ly\u00f6nteihin vakaudesta tai tarkkuudesta tinkim\u00e4tt\u00e4. Upea tummansininen muotoilu heijastaa yht\u00e4 maailman parhaista pelaajista, h\u00e4nen energiaansa ja kilpailuhenkist\u00e4 luonnettaan. <\/p>\n<h5 data-start=\"779\" data-end=\"842\">Huippusuorituskykyist\u00e4 insin\u00f6\u00f6ritaitoa ammattilaispeliin<\/h5>\n<p data-start=\"844\" data-end=\"1196\">Babolatin edistyneimmist\u00e4 materiaaleista valmistettu Viper Juan Lebr\u00f3n 3.0 erottuu j\u00e4ykkyydell\u00e4\u00e4n, vakaudellaan ja r\u00e4j\u00e4hdysm\u00e4isell\u00e4 pallol\u00e4hd\u00f6ll\u00e4\u00e4n. 3K-hiilikuitupinta tarjoaa vertaansa vailla olevaa voimaa ja v\u00e4lit\u00f6nt\u00e4 reagointia, kun taas innovatiivinen Dynamic Stability System vahvistaa mailan syd\u00e4nt\u00e4 vakaamman, tehokkaamman ja tarkemman ly\u00f6nnin saavuttamiseksi. <\/p>\n<ul>\n<li data-start=\"1198\" data-end=\"1264\">Paino noin 370 g<\/li>\n<li data-start=\"1198\" data-end=\"1264\">Tasapaino 270 mm<\/li>\n<li data-start=\"1198\" data-end=\"1264\">Paksuus 38 mm<\/li>\n<\/ul>\n<p data-start=\"1266\" data-end=\"1446\">T\u00e4m\u00e4 maila sopii kokeneille pelaajille, jotka etsiv\u00e4t t\u00e4ydellist\u00e4 kontrollia jokaiseen liikkeeseen. <strong data-start=\"1352\" data-end=\"1374\">Syntec Pro -grippi<\/strong> tarjoaa varman ja mukavan otteen kaikkein intensiivisimmiss\u00e4kin palloissa.<\/p>\n<h5 data-start=\"733\" data-end=\"861\">Tekniset tiedot<\/h5>\n<ul>\n<li data-start=\"39\" data-end=\"59\"><strong data-start=\"39\" data-end=\"49\">Br\u00e4ndi:<\/strong> Babolat<\/li>\n<li data-start=\"62\" data-end=\"88\"><strong data-start=\"62\" data-end=\"72\">Tuote:<\/strong> Padelmailat<\/li>\n<li data-start=\"91\" data-end=\"115\"><strong data-start=\"91\" data-end=\"104\">Tasapaino:<\/strong> Keskitaso<\/li>\n<li data-start=\"118\" data-end=\"167\"><strong data-start=\"118\" data-end=\"136\">Pintamateriaali:<\/strong> 3K-hiilikuitu (Carbon Face)<\/li>\n<li data-start=\"170\" data-end=\"201\"><strong data-start=\"170\" data-end=\"182\">Muoto:<\/strong> Vakio<\/li>\n<li data-start=\"204\" data-end=\"236\"><strong data-start=\"204\" data-end=\"218\">Pelitaso:<\/strong> Ammattilainen<\/li>\n<li data-start=\"239\" data-end=\"264\"><strong data-start=\"239\" data-end=\"254\">Viimeistely:<\/strong> 3D Spin<\/li>\n<li data-start=\"267\" data-end=\"299\"><strong data-start=\"267\" data-end=\"276\">Muoto:<\/strong> Pisara (Teardrop)<\/li>\n<li data-start=\"302\" data-end=\"345\"><strong data-start=\"302\" data-end=\"317\">Pinnan tyyppi:<\/strong> Karhea pinta (Rough Surface)<\/li>\n<li data-start=\"348\" data-end=\"368\"><strong data-start=\"348\" data-end=\"362\">Pelityyli:<\/strong> Power<\/li>\n<\/ul>\n","protected":false},"excerpt":{"rendered":"<p>Babolat Viper Juan Lebr\u00f3n 3.0 Babolat Viper Juan Lebr\u00f3n 3.0 Red on maila, joka on suunniteltu ammattitason pelaajille, jotka haluavat dominoida jokaista pistett\u00e4 aggressiivisuudella ja kontrollilla. Yhteisty\u00f6ss\u00e4 maailmanmestari Juan Lebr\u00f3nin kanssa kehitetty ja h\u00e4nest\u00e4 inspiraationsa saanut malli yhdist\u00e4\u00e4 voiman, tarkkuuden ja tyylin tarjoten huippusuoritusta vaativimpiin k\u00e4siin. Muotoilu ja suorituskyky Sen kardioidi muoto tarjoaa t\u00e4ydellisen tasapainon [&hellip;]<\/p>\n","protected":false},"featured_media":71466,"comment_status":"open","ping_status":"closed","template":"","meta":{"_eb_attr":""},"product_brand":[530],"product_cat":[531,496,494],"product_tag":[],"class_list":{"0":"post-71458","1":"product","2":"type-product","3":"status-publish","4":"has-post-thumbnail","6":"product_brand-babolat","7":"product_cat-babolat","8":"product_cat-edistynyt","9":"product_cat-padelmailat","10":"pa_kaal-370-g","11":"pa_kuju-timantti","12":"pa_mangustiil-hyokkaava","13":"pa_tasakaal-keskella","14":"pa_tase-edistynyt","15":"pa_varv-oranssi","18":"first","19":"instock","20":"sale","21":"taxable","22":"shipping-taxable","23":"purchasable","24":"product-type-simple"},"yoast_head":"<!-- This site is optimized with the Yoast SEO Premium plugin v27.1 (Yoast SEO v27.1.1) - https:\/\/yoast.com\/product\/yoast-seo-premium-wordpress\/ -->\n<title>Babolat Viper Juan Lebr\u00f3n 3.0 | Test Padelhaus<\/title>\n<meta name=\"description\" content=\"Padelmailat ja padelvarusteet edullisesti. Padelhaus on padel verkkokauppa, josta l\u00f6yd\u00e4t parhaat padelmailat kaikille tasoille.\" \/>\n<meta name=\"robots\" content=\"noindex, follow, max-snippet:-1, max-image-preview:large, max-video-preview:-1\" \/>\n<meta property=\"og:locale\" content=\"fi_FI\" \/>\n<meta property=\"og:type\" content=\"article\" \/>\n<meta property=\"og:title\" content=\"Babolat Viper Juan Lebr\u00f3n 3.0\" \/>\n<meta property=\"og:description\" content=\"Padelmailat ja padelvarusteet edullisesti. Padelhaus on padel verkkokauppa, josta l\u00f6yd\u00e4t parhaat padelmailat kaikille tasoille.\" \/>\n<meta property=\"og:url\" content=\"https:\/\/padelhaus.mustlammas-dev.in\/fi\/kauppa\/babolat-viper-juan-lebron-3-0\/\" \/>\n<meta property=\"og:site_name\" content=\"Test Padelhaus\" \/>\n<meta property=\"article:modified_time\" content=\"2026-03-05T15:57:16+00:00\" \/>\n<meta property=\"og:image\" content=\"https:\/\/padelhaus.fi\/wp-content\/uploads\/2025\/12\/53.webp\" \/>\n\t<meta property=\"og:image:width\" content=\"1000\" \/>\n\t<meta property=\"og:image:height\" content=\"1000\" \/>\n\t<meta property=\"og:image:type\" content=\"image\/webp\" \/>\n<meta name=\"twitter:card\" content=\"summary_large_image\" \/>\n<meta name=\"twitter:label1\" content=\"Hinta\" \/>\n\t<meta name=\"twitter:data1\" content=\"309,95&nbsp;&euro;\" \/>\n\t<meta name=\"twitter:label2\" content=\"Saatavuus\" \/>\n\t<meta name=\"twitter:data2\" content=\"Varastossa\" \/>\n<script type=\"application\/ld+json\" class=\"yoast-schema-graph\">{\"@context\":\"https:\/\/schema.org\",\"@graph\":[{\"@type\":[\"WebPage\",\"ItemPage\"],\"@id\":\"https:\/\/padelhaus.mustlammas-dev.in\/fi\/kauppa\/babolat-viper-juan-lebron-3-0\/\",\"url\":\"https:\/\/padelhaus.mustlammas-dev.in\/fi\/kauppa\/babolat-viper-juan-lebron-3-0\/\",\"name\":\"Babolat Viper Juan Lebr\u00f3n 3.0 | Test Padelhaus\",\"isPartOf\":{\"@id\":\"https:\/\/padelhaus.mustlammas-dev.in\/fi\/#website\"},\"primaryImageOfPage\":{\"@id\":\"https:\/\/padelhaus.mustlammas-dev.in\/fi\/kauppa\/babolat-viper-juan-lebron-3-0\/#primaryimage\"},\"image\":{\"@id\":\"https:\/\/padelhaus.mustlammas-dev.in\/fi\/kauppa\/babolat-viper-juan-lebron-3-0\/#primaryimage\"},\"thumbnailUrl\":\"https:\/\/padelhaus.mustlammas-dev.in\/wp-content\/uploads\/2025\/12\/53.webp\",\"datePublished\":\"2025-12-11T13:09:59+00:00\",\"dateModified\":\"2026-03-05T15:57:16+00:00\",\"description\":\"Padelmailat ja padelvarusteet edullisesti. Padelhaus on padel verkkokauppa, josta l\u00f6yd\u00e4t parhaat padelmailat kaikille tasoille.\",\"breadcrumb\":{\"@id\":\"https:\/\/padelhaus.mustlammas-dev.in\/fi\/kauppa\/babolat-viper-juan-lebron-3-0\/#breadcrumb\"},\"inLanguage\":\"fi\",\"potentialAction\":[{\"@type\":\"ReadAction\",\"target\":[\"https:\/\/padelhaus.mustlammas-dev.in\/fi\/kauppa\/babolat-viper-juan-lebron-3-0\/\"]}]},{\"@type\":\"ImageObject\",\"inLanguage\":\"fi\",\"@id\":\"https:\/\/padelhaus.mustlammas-dev.in\/fi\/kauppa\/babolat-viper-juan-lebron-3-0\/#primaryimage\",\"url\":\"https:\/\/padelhaus.mustlammas-dev.in\/wp-content\/uploads\/2025\/12\/53.webp\",\"contentUrl\":\"https:\/\/padelhaus.mustlammas-dev.in\/wp-content\/uploads\/2025\/12\/53.webp\",\"width\":1000,\"height\":1000},{\"@type\":\"BreadcrumbList\",\"@id\":\"https:\/\/padelhaus.mustlammas-dev.in\/fi\/kauppa\/babolat-viper-juan-lebron-3-0\/#breadcrumb\",\"itemListElement\":[{\"@type\":\"ListItem\",\"position\":1,\"name\":\"Avaleht\",\"item\":\"https:\/\/padelhaus.fi\/\"},{\"@type\":\"ListItem\",\"position\":2,\"name\":\"Kauppa\",\"item\":\"https:\/\/padelhaus.fi\/kauppa\/\"},{\"@type\":\"ListItem\",\"position\":3,\"name\":\"Babolat Viper Juan Lebr\u00f3n 3.0\"}]},{\"@type\":\"WebSite\",\"@id\":\"https:\/\/padelhaus.mustlammas-dev.in\/fi\/#website\",\"url\":\"https:\/\/padelhaus.mustlammas-dev.in\/fi\/\",\"name\":\"Claude Padelhaus\",\"description\":\"Sinu padelivarustuse kodu\",\"publisher\":{\"@id\":\"https:\/\/padelhaus.mustlammas-dev.in\/fi\/#organization\"},\"potentialAction\":[{\"@type\":\"SearchAction\",\"target\":{\"@type\":\"EntryPoint\",\"urlTemplate\":\"https:\/\/padelhaus.mustlammas-dev.in\/fi\/?s={search_term_string}\"},\"query-input\":{\"@type\":\"PropertyValueSpecification\",\"valueRequired\":true,\"valueName\":\"search_term_string\"}}],\"inLanguage\":\"fi\"},{\"@type\":\"Organization\",\"@id\":\"https:\/\/padelhaus.mustlammas-dev.in\/fi\/#organization\",\"name\":\"Claude Padelhaus\",\"url\":\"https:\/\/padelhaus.mustlammas-dev.in\/fi\/\",\"logo\":{\"@type\":\"ImageObject\",\"inLanguage\":\"fi\",\"@id\":\"https:\/\/padelhaus.mustlammas-dev.in\/fi\/#\/schema\/logo\/image\/\",\"url\":\"https:\/\/padelhaus.mustlammas-dev.in\/wp-content\/uploads\/2025\/05\/Logo-1.png\",\"contentUrl\":\"https:\/\/padelhaus.mustlammas-dev.in\/wp-content\/uploads\/2025\/05\/Logo-1.png\",\"width\":280,\"height\":115,\"caption\":\"Claude Padelhaus\"},\"image\":{\"@id\":\"https:\/\/padelhaus.mustlammas-dev.in\/fi\/#\/schema\/logo\/image\/\"}}]}<\/script>\n<meta property=\"product:price:amount\" content=\"309.95\" \/>\n<meta property=\"product:price:currency\" content=\"EUR\" \/>\n<meta property=\"og:availability\" content=\"instock\" \/>\n<meta property=\"product:availability\" content=\"instock\" \/>\n<meta property=\"product:retailer_item_id\" content=\"BAB-R-16\" \/>\n<meta property=\"product:condition\" content=\"new\" \/>\n<!-- \/ Yoast SEO Premium plugin. -->","yoast_head_json":{"title":"Babolat Viper Juan Lebr\u00f3n 3.0 | Test Padelhaus","description":"Padelmailat ja padelvarusteet edullisesti. Padelhaus on padel verkkokauppa, josta l\u00f6yd\u00e4t parhaat padelmailat kaikille tasoille.","robots":{"index":"noindex","follow":"follow","max-snippet":"max-snippet:-1","max-image-preview":"max-image-preview:large","max-video-preview":"max-video-preview:-1"},"og_locale":"fi_FI","og_type":"article","og_title":"Babolat Viper Juan Lebr\u00f3n 3.0","og_description":"Padelmailat ja padelvarusteet edullisesti. Padelhaus on padel verkkokauppa, josta l\u00f6yd\u00e4t parhaat padelmailat kaikille tasoille.","og_url":"https:\/\/padelhaus.mustlammas-dev.in\/fi\/kauppa\/babolat-viper-juan-lebron-3-0\/","og_site_name":"Test Padelhaus","article_modified_time":"2026-03-05T15:57:16+00:00","og_image":[{"width":1000,"height":1000,"url":"https:\/\/padelhaus.fi\/wp-content\/uploads\/2025\/12\/53.webp","type":"image\/webp"}],"twitter_card":"summary_large_image","twitter_misc":{"Hinta":"309,95&nbsp;&euro;","Saatavuus":"Varastossa"},"schema":{"@context":"https:\/\/schema.org","@graph":[{"@type":["WebPage","ItemPage"],"@id":"https:\/\/padelhaus.mustlammas-dev.in\/fi\/kauppa\/babolat-viper-juan-lebron-3-0\/","url":"https:\/\/padelhaus.mustlammas-dev.in\/fi\/kauppa\/babolat-viper-juan-lebron-3-0\/","name":"Babolat Viper Juan Lebr\u00f3n 3.0 | Test Padelhaus","isPartOf":{"@id":"https:\/\/padelhaus.mustlammas-dev.in\/fi\/#website"},"primaryImageOfPage":{"@id":"https:\/\/padelhaus.mustlammas-dev.in\/fi\/kauppa\/babolat-viper-juan-lebron-3-0\/#primaryimage"},"image":{"@id":"https:\/\/padelhaus.mustlammas-dev.in\/fi\/kauppa\/babolat-viper-juan-lebron-3-0\/#primaryimage"},"thumbnailUrl":"https:\/\/padelhaus.mustlammas-dev.in\/wp-content\/uploads\/2025\/12\/53.webp","datePublished":"2025-12-11T13:09:59+00:00","dateModified":"2026-03-05T15:57:16+00:00","description":"Padelmailat ja padelvarusteet edullisesti. Padelhaus on padel verkkokauppa, josta l\u00f6yd\u00e4t parhaat padelmailat kaikille tasoille.","breadcrumb":{"@id":"https:\/\/padelhaus.mustlammas-dev.in\/fi\/kauppa\/babolat-viper-juan-lebron-3-0\/#breadcrumb"},"inLanguage":"fi","potentialAction":[{"@type":"ReadAction","target":["https:\/\/padelhaus.mustlammas-dev.in\/fi\/kauppa\/babolat-viper-juan-lebron-3-0\/"]}]},{"@type":"ImageObject","inLanguage":"fi","@id":"https:\/\/padelhaus.mustlammas-dev.in\/fi\/kauppa\/babolat-viper-juan-lebron-3-0\/#primaryimage","url":"https:\/\/padelhaus.mustlammas-dev.in\/wp-content\/uploads\/2025\/12\/53.webp","contentUrl":"https:\/\/padelhaus.mustlammas-dev.in\/wp-content\/uploads\/2025\/12\/53.webp","width":1000,"height":1000},{"@type":"BreadcrumbList","@id":"https:\/\/padelhaus.mustlammas-dev.in\/fi\/kauppa\/babolat-viper-juan-lebron-3-0\/#breadcrumb","itemListElement":[{"@type":"ListItem","position":1,"name":"Avaleht","item":"https:\/\/padelhaus.fi\/"},{"@type":"ListItem","position":2,"name":"Kauppa","item":"https:\/\/padelhaus.fi\/kauppa\/"},{"@type":"ListItem","position":3,"name":"Babolat Viper Juan Lebr\u00f3n 3.0"}]},{"@type":"WebSite","@id":"https:\/\/padelhaus.mustlammas-dev.in\/fi\/#website","url":"https:\/\/padelhaus.mustlammas-dev.in\/fi\/","name":"Claude Padelhaus","description":"Sinu padelivarustuse kodu","publisher":{"@id":"https:\/\/padelhaus.mustlammas-dev.in\/fi\/#organization"},"potentialAction":[{"@type":"SearchAction","target":{"@type":"EntryPoint","urlTemplate":"https:\/\/padelhaus.mustlammas-dev.in\/fi\/?s={search_term_string}"},"query-input":{"@type":"PropertyValueSpecification","valueRequired":true,"valueName":"search_term_string"}}],"inLanguage":"fi"},{"@type":"Organization","@id":"https:\/\/padelhaus.mustlammas-dev.in\/fi\/#organization","name":"Claude Padelhaus","url":"https:\/\/padelhaus.mustlammas-dev.in\/fi\/","logo":{"@type":"ImageObject","inLanguage":"fi","@id":"https:\/\/padelhaus.mustlammas-dev.in\/fi\/#\/schema\/logo\/image\/","url":"https:\/\/padelhaus.mustlammas-dev.in\/wp-content\/uploads\/2025\/05\/Logo-1.png","contentUrl":"https:\/\/padelhaus.mustlammas-dev.in\/wp-content\/uploads\/2025\/05\/Logo-1.png","width":280,"height":115,"caption":"Claude Padelhaus"},"image":{"@id":"https:\/\/padelhaus.mustlammas-dev.in\/fi\/#\/schema\/logo\/image\/"}}]},"product_price_amount":"309.95","product_price_currency":"EUR","og_availability":"instock","product_availability":"instock","product_retailer_item_id":"BAB-R-16","product_condition":"new"},"_links":{"self":[{"href":"https:\/\/padelhaus.mustlammas-dev.in\/fi\/wp-json\/wp\/v2\/product\/71458","targetHints":{"allow":["GET"]}}],"collection":[{"href":"https:\/\/padelhaus.mustlammas-dev.in\/fi\/wp-json\/wp\/v2\/product"}],"about":[{"href":"https:\/\/padelhaus.mustlammas-dev.in\/fi\/wp-json\/wp\/v2\/types\/product"}],"replies":[{"embeddable":true,"href":"https:\/\/padelhaus.mustlammas-dev.in\/fi\/wp-json\/wp\/v2\/comments?post=71458"}],"wp:featuredmedia":[{"embeddable":true,"href":"https:\/\/padelhaus.mustlammas-dev.in\/fi\/wp-json\/wp\/v2\/media\/71466"}],"wp:attachment":[{"href":"https:\/\/padelhaus.mustlammas-dev.in\/fi\/wp-json\/wp\/v2\/media?parent=71458"}],"wp:term":[{"taxonomy":"product_brand","embeddable":true,"href":"https:\/\/padelhaus.mustlammas-dev.in\/fi\/wp-json\/wp\/v2\/product_brand?post=71458"},{"taxonomy":"product_cat","embeddable":true,"href":"https:\/\/padelhaus.mustlammas-dev.in\/fi\/wp-json\/wp\/v2\/product_cat?post=71458"},{"taxonomy":"product_tag","embeddable":true,"href":"https:\/\/padelhaus.mustlammas-dev.in\/fi\/wp-json\/wp\/v2\/product_tag?post=71458"}],"curies":[{"name":"wp","href":"https:\/\/api.w.org\/{rel}","templated":true}]}}