{"id":71468,"date":"2025-12-11T13:25:49","date_gmt":"2025-12-11T11:25:49","guid":{"rendered":"https:\/\/padelhaus.mustlammas-dev.in\/pood\/adidas-metalbone-2026\/"},"modified":"2026-03-05T17:57:24","modified_gmt":"2026-03-05T15:57:24","slug":"adidas-metalbone-2026","status":"publish","type":"product","link":"https:\/\/padelhaus.mustlammas-dev.in\/fi\/kauppa\/adidas-metalbone-2026\/","title":{"rendered":"Adidas Metalbone 3.5 2026"},"content":{"rendered":"<p data-start=\"81\" data-end=\"146\"><strong data-start=\"81\" data-end=\"146\">Adidas Metalbone 2026: <\/strong>Absoluuttista voimaa ja mukautettavaa hallintaa<\/p>\n<p data-start=\"148\" data-end=\"398\">Adidas Metalbone 2026, Ale Gal\u00e1nin virallinen maila, edustaa padel-teknologian edistyneint\u00e4 kehityst\u00e4. Timantin muoto ja korkea sweet spot tarjoavat r\u00e4j\u00e4hdysm\u00e4ist\u00e4 voimaa, joka on ihanteellinen verkkopeli\u00e4 hallitseville hy\u00f6kk\u00e4\u00e4ville pelaajille. <\/p>\n<h5 data-start=\"400\" data-end=\"431\">Mukautettava paino ja tasapaino<\/h5>\n<p data-start=\"433\" data-end=\"673\">Mailan mukautettava paino v\u00e4lill\u00e4 345\u2013360 g (+\/- 11,2 g) mahdollistaa sen s\u00e4\u00e4t\u00e4misen jokaiseen pelityyliin sopivaksi eksklusiivisen Weight &amp; Balance System -j\u00e4rjestelm\u00e4n ansiosta. Irrotettavilla painoilla voit muuttaa tasapainoa mieltymystesi mukaan.<\/p>\n<h5 data-start=\"675\" data-end=\"710\">Edistykselliset materiaalit ja muotoilu<\/h5>\n<p data-start=\"712\" data-end=\"975\">Alumiinipinnoitetusta 16K-hiilikuidusta valmistettu maila takaa erinomaisen j\u00e4ykkyyden, kest\u00e4vyyden ja vankan ly\u00f6ntituntuman. Polyedrinen Low Poly -muotoilu tarjoaa j\u00e4ykemm\u00e4n ja vakaamman rakenteen, mik\u00e4 lis\u00e4\u00e4 jokaisen ly\u00f6nnin voimaa tarkkuudesta tinkim\u00e4tt\u00e4. <\/p>\n<h5 data-start=\"977\" data-end=\"1027\">Ammattilaisille ja hy\u00f6kk\u00e4\u00e4ville pelaajille<\/h5>\n<p data-start=\"1029\" data-end=\"1385\">Edistyneille ja ammattilaispelaajille suunniteltu Metalbone 2026 on t\u00e4ydellinen kumppani niille, jotka priorisoivat hy\u00f6kk\u00e4\u00e4v\u00e4\u00e4 peli\u00e4 ja hallintaa ratkaisevissa tilanteissa. Sen korkea tasapaino suosii voimakkaita smasheja ja ratkaisevia ly\u00f6ntej\u00e4, kun taas Eva Soft Performance -kumi tarjoaa t\u00e4ydellisen pallon ulostulon pehme\u00e4ll\u00e4 ja mukavalla tuntumalla. <\/p>\n<h5 data-start=\"1387\" data-end=\"1408\">\u00c4\u00e4rimm\u00e4ist\u00e4 suorituskyky\u00e4<\/h5>\n<p data-start=\"1410\" data-end=\"1644\">Vankka rakenne ja innovatiiviset teknologiat tekev\u00e4t t\u00e4st\u00e4 mailasta \u00e4\u00e4rimm\u00e4isen voiman ja kirurgisen tarkkuuden ty\u00f6kalun. Se on lopullinen valinta niille, jotka haluavat vied\u00e4 suorituksensa korkeimmalle tasolle, kuten kiertueen ammattilaiset. <\/p>\n<h5 data-start=\"1651\" data-end=\"1688\">T\u00e4rkeimm\u00e4t ominaisuudet ja teknologiat<\/h5>\n<ul>\n<li data-start=\"1692\" data-end=\"1806\"><strong data-start=\"1692\" data-end=\"1720\">Weight &amp; Balance System:<\/strong> S\u00e4\u00e4d\u00e4 painoa ja tasapainoa jopa 11,2 g saadaksesi lis\u00e4hallintaa suorituskykyyn.<\/li>\n<li data-start=\"1809\" data-end=\"1879\"><strong data-start=\"1809\" data-end=\"1835\">Aluminized Carbon 16K:<\/strong> Maksimaalinen j\u00e4ykkyys, kest\u00e4vyys ja voima.<\/li>\n<li data-start=\"1882\" data-end=\"1973\"><strong data-start=\"1882\" data-end=\"1899\">Power Groove:<\/strong> Rakenteellinen vahvistus rungossa, joka parantaa vakautta ja lujuutta.<\/li>\n<li data-start=\"1976\" data-end=\"2071\"><strong data-start=\"1976\" data-end=\"1996\">Low Poly Design:<\/strong> Polyedrinen rakenne, joka tarjoaa j\u00e4ykkyytt\u00e4 ja voimaa jokaiseen ly\u00f6ntiin.<\/li>\n<li data-start=\"2074\" data-end=\"2175\"><strong data-start=\"2074\" data-end=\"2106\">Eva Soft Performance Rubber:<\/strong> Pehme\u00e4 kosketus ja t\u00e4ydellinen pallon ulostulo, erottuva musta pinnoite.<\/li>\n<li data-start=\"2178\" data-end=\"2262\"><strong data-start=\"2178\" data-end=\"2199\">Spin Blade Decal:<\/strong> Karhea tekstuuri, joka lis\u00e4\u00e4 kierteit\u00e4 mukavuudesta tinkim\u00e4tt\u00e4.<\/li>\n<li data-start=\"2265\" data-end=\"2343\"><strong data-start=\"2265\" data-end=\"2281\">Timantin muoto:<\/strong> Tasapaino voiman, tarkkuuden ja nopeuden v\u00e4lill\u00e4 hy\u00f6kk\u00e4\u00e4viss\u00e4 ly\u00f6nneiss\u00e4.<\/li>\n<\/ul>\n<h5 data-start=\"733\" data-end=\"861\">Tekniset tiedot<\/h5>\n<ul>\n<li data-start=\"39\" data-end=\"58\"><strong data-start=\"39\" data-end=\"49\">Merkki:<\/strong> Adidas<\/li>\n<li data-start=\"61\" data-end=\"77\"><strong data-start=\"61\" data-end=\"70\">V\u00e4ri:<\/strong> Musta<\/li>\n<li data-start=\"80\" data-end=\"106\"><strong data-start=\"80\" data-end=\"90\">Tuote:<\/strong> Padel-mailat<\/li>\n<li data-start=\"109\" data-end=\"130\"><strong data-start=\"109\" data-end=\"122\">Tasapaino:<\/strong> Korkea<\/li>\n<li data-start=\"133\" data-end=\"168\"><strong data-start=\"133\" data-end=\"145\">Ydin:<\/strong> EVA Soft Performance<\/li>\n<li data-start=\"171\" data-end=\"221\"><strong data-start=\"171\" data-end=\"189\">Pintamateriaali:<\/strong> 16K-hiilikuitu (Carbon Face)<\/li>\n<li data-start=\"224\" data-end=\"255\"><strong data-start=\"224\" data-end=\"236\">Muoto:<\/strong> Vakio<\/li>\n<li data-start=\"258\" data-end=\"290\"><strong data-start=\"258\" data-end=\"272\">Pelitaso:<\/strong> Ammattilainen<\/li>\n<li data-start=\"293\" data-end=\"317\"><strong data-start=\"293\" data-end=\"308\">Viimeistely:<\/strong> Kiilt\u00e4v\u00e4<\/li>\n<li data-start=\"320\" data-end=\"344\"><strong data-start=\"320\" data-end=\"329\">Muoto:<\/strong> Timantti<\/li>\n<li data-start=\"347\" data-end=\"390\"><strong data-start=\"347\" data-end=\"362\">Pinnan tyyppi:<\/strong> Karhea pinta (Rough Surface)<\/li>\n<li data-start=\"393\" data-end=\"415\"><strong data-start=\"393\" data-end=\"407\">Pelityyli:<\/strong> Power<\/li>\n<li data-start=\"418\" data-end=\"469\"><strong data-start=\"418\" data-end=\"430\">Mallisto:<\/strong> Alejandro Gal\u00e1n -pelaajakokoelma<\/li>\n<\/ul>\n","protected":false},"excerpt":{"rendered":"<p>Adidas Metalbone 2026: Absoluuttista voimaa ja mukautettavaa hallintaa Adidas Metalbone 2026, Ale Gal\u00e1nin virallinen maila, edustaa padel-teknologian edistyneint\u00e4 kehityst\u00e4. Timantin muoto ja korkea sweet spot tarjoavat r\u00e4j\u00e4hdysm\u00e4ist\u00e4 voimaa, joka on ihanteellinen verkkopeli\u00e4 hallitseville hy\u00f6kk\u00e4\u00e4ville pelaajille. Mukautettava paino ja tasapaino Mailan mukautettava paino v\u00e4lill\u00e4 345\u2013360 g (+\/- 11,2 g) mahdollistaa sen s\u00e4\u00e4t\u00e4misen jokaiseen pelityyliin sopivaksi eksklusiivisen [&hellip;]<\/p>\n","protected":false},"featured_media":71478,"comment_status":"open","ping_status":"closed","template":"","meta":{"_eb_attr":""},"product_brand":[523],"product_cat":[524,496,494],"product_tag":[],"class_list":{"0":"post-71468","1":"product","2":"type-product","3":"status-publish","4":"has-post-thumbnail","6":"product_brand-adidas","7":"product_cat-adidas","8":"product_cat-edistynyt","9":"product_cat-padelmailat","12":"first","13":"onbackorder","14":"sale","15":"taxable","16":"shipping-taxable","17":"purchasable","18":"product-type-simple"},"yoast_head":"<!-- This site is optimized with the Yoast SEO Premium plugin v27.1 (Yoast SEO v27.1.1) - https:\/\/yoast.com\/product\/yoast-seo-premium-wordpress\/ -->\n<title>Adidas Metalbone 3.5 2026 | Test Padelhaus<\/title>\n<meta name=\"description\" content=\"Padelmailat ja padelvarusteet edullisesti. Padelhaus on padel verkkokauppa, josta l\u00f6yd\u00e4t parhaat padelmailat kaikille tasoille.\" \/>\n<meta name=\"robots\" content=\"noindex, follow, max-snippet:-1, max-image-preview:large, max-video-preview:-1\" \/>\n<meta property=\"og:locale\" content=\"fi_FI\" \/>\n<meta property=\"og:type\" content=\"article\" \/>\n<meta property=\"og:title\" content=\"Adidas Metalbone 3.5 2026\" \/>\n<meta property=\"og:description\" content=\"Padelmailat ja padelvarusteet edullisesti. Padelhaus on padel verkkokauppa, josta l\u00f6yd\u00e4t parhaat padelmailat kaikille tasoille.\" \/>\n<meta property=\"og:url\" content=\"https:\/\/padelhaus.mustlammas-dev.in\/fi\/kauppa\/adidas-metalbone-2026\/\" \/>\n<meta property=\"og:site_name\" content=\"Test Padelhaus\" \/>\n<meta property=\"article:modified_time\" content=\"2026-03-05T15:57:24+00:00\" \/>\n<meta property=\"og:image\" content=\"https:\/\/padelhaus.fi\/wp-content\/uploads\/2025\/12\/13.webp\" \/>\n\t<meta property=\"og:image:width\" content=\"1000\" \/>\n\t<meta property=\"og:image:height\" content=\"1000\" \/>\n\t<meta property=\"og:image:type\" content=\"image\/webp\" \/>\n<meta name=\"twitter:card\" content=\"summary_large_image\" \/>\n<meta name=\"twitter:label1\" content=\"Hinta\" \/>\n\t<meta name=\"twitter:data1\" content=\"299,95&nbsp;&euro;\" \/>\n\t<meta name=\"twitter:label2\" content=\"Saatavuus\" \/>\n\t<meta name=\"twitter:data2\" content=\"J\u00e4lkitoimituksessa\" \/>\n<script type=\"application\/ld+json\" class=\"yoast-schema-graph\">{\"@context\":\"https:\/\/schema.org\",\"@graph\":[{\"@type\":[\"WebPage\",\"ItemPage\"],\"@id\":\"https:\/\/padelhaus.mustlammas-dev.in\/fi\/kauppa\/adidas-metalbone-2026\/\",\"url\":\"https:\/\/padelhaus.mustlammas-dev.in\/fi\/kauppa\/adidas-metalbone-2026\/\",\"name\":\"Adidas Metalbone 3.5 2026 | Test Padelhaus\",\"isPartOf\":{\"@id\":\"https:\/\/padelhaus.mustlammas-dev.in\/fi\/#website\"},\"primaryImageOfPage\":{\"@id\":\"https:\/\/padelhaus.mustlammas-dev.in\/fi\/kauppa\/adidas-metalbone-2026\/#primaryimage\"},\"image\":{\"@id\":\"https:\/\/padelhaus.mustlammas-dev.in\/fi\/kauppa\/adidas-metalbone-2026\/#primaryimage\"},\"thumbnailUrl\":\"https:\/\/padelhaus.mustlammas-dev.in\/wp-content\/uploads\/2025\/12\/13.webp\",\"datePublished\":\"2025-12-11T11:25:49+00:00\",\"dateModified\":\"2026-03-05T15:57:24+00:00\",\"description\":\"Padelmailat ja padelvarusteet edullisesti. Padelhaus on padel verkkokauppa, josta l\u00f6yd\u00e4t parhaat padelmailat kaikille tasoille.\",\"breadcrumb\":{\"@id\":\"https:\/\/padelhaus.mustlammas-dev.in\/fi\/kauppa\/adidas-metalbone-2026\/#breadcrumb\"},\"inLanguage\":\"fi\",\"potentialAction\":[{\"@type\":\"ReadAction\",\"target\":[\"https:\/\/padelhaus.mustlammas-dev.in\/fi\/kauppa\/adidas-metalbone-2026\/\"]}]},{\"@type\":\"ImageObject\",\"inLanguage\":\"fi\",\"@id\":\"https:\/\/padelhaus.mustlammas-dev.in\/fi\/kauppa\/adidas-metalbone-2026\/#primaryimage\",\"url\":\"https:\/\/padelhaus.mustlammas-dev.in\/wp-content\/uploads\/2025\/12\/13.webp\",\"contentUrl\":\"https:\/\/padelhaus.mustlammas-dev.in\/wp-content\/uploads\/2025\/12\/13.webp\",\"width\":1000,\"height\":1000},{\"@type\":\"BreadcrumbList\",\"@id\":\"https:\/\/padelhaus.mustlammas-dev.in\/fi\/kauppa\/adidas-metalbone-2026\/#breadcrumb\",\"itemListElement\":[{\"@type\":\"ListItem\",\"position\":1,\"name\":\"Avaleht\",\"item\":\"https:\/\/padelhaus.fi\/\"},{\"@type\":\"ListItem\",\"position\":2,\"name\":\"Kauppa\",\"item\":\"https:\/\/padelhaus.fi\/kauppa\/\"},{\"@type\":\"ListItem\",\"position\":3,\"name\":\"Adidas Metalbone 3.5 2026\"}]},{\"@type\":\"WebSite\",\"@id\":\"https:\/\/padelhaus.mustlammas-dev.in\/fi\/#website\",\"url\":\"https:\/\/padelhaus.mustlammas-dev.in\/fi\/\",\"name\":\"Claude Padelhaus\",\"description\":\"Sinu padelivarustuse kodu\",\"publisher\":{\"@id\":\"https:\/\/padelhaus.mustlammas-dev.in\/fi\/#organization\"},\"potentialAction\":[{\"@type\":\"SearchAction\",\"target\":{\"@type\":\"EntryPoint\",\"urlTemplate\":\"https:\/\/padelhaus.mustlammas-dev.in\/fi\/?s={search_term_string}\"},\"query-input\":{\"@type\":\"PropertyValueSpecification\",\"valueRequired\":true,\"valueName\":\"search_term_string\"}}],\"inLanguage\":\"fi\"},{\"@type\":\"Organization\",\"@id\":\"https:\/\/padelhaus.mustlammas-dev.in\/fi\/#organization\",\"name\":\"Claude Padelhaus\",\"url\":\"https:\/\/padelhaus.mustlammas-dev.in\/fi\/\",\"logo\":{\"@type\":\"ImageObject\",\"inLanguage\":\"fi\",\"@id\":\"https:\/\/padelhaus.mustlammas-dev.in\/fi\/#\/schema\/logo\/image\/\",\"url\":\"https:\/\/padelhaus.mustlammas-dev.in\/wp-content\/uploads\/2025\/05\/Logo-1.png\",\"contentUrl\":\"https:\/\/padelhaus.mustlammas-dev.in\/wp-content\/uploads\/2025\/05\/Logo-1.png\",\"width\":280,\"height\":115,\"caption\":\"Claude Padelhaus\"},\"image\":{\"@id\":\"https:\/\/padelhaus.mustlammas-dev.in\/fi\/#\/schema\/logo\/image\/\"}}]}<\/script>\n<meta property=\"product:price:amount\" content=\"299.95\" \/>\n<meta property=\"product:price:currency\" content=\"EUR\" \/>\n<meta property=\"og:availability\" content=\"backorder\" \/>\n<meta property=\"product:availability\" content=\"available for order\" \/>\n<meta property=\"product:retailer_item_id\" content=\"ADI-R-28\" \/>\n<meta property=\"product:condition\" content=\"new\" \/>\n<!-- \/ Yoast SEO Premium plugin. -->","yoast_head_json":{"title":"Adidas Metalbone 3.5 2026 | Test Padelhaus","description":"Padelmailat ja padelvarusteet edullisesti. Padelhaus on padel verkkokauppa, josta l\u00f6yd\u00e4t parhaat padelmailat kaikille tasoille.","robots":{"index":"noindex","follow":"follow","max-snippet":"max-snippet:-1","max-image-preview":"max-image-preview:large","max-video-preview":"max-video-preview:-1"},"og_locale":"fi_FI","og_type":"article","og_title":"Adidas Metalbone 3.5 2026","og_description":"Padelmailat ja padelvarusteet edullisesti. Padelhaus on padel verkkokauppa, josta l\u00f6yd\u00e4t parhaat padelmailat kaikille tasoille.","og_url":"https:\/\/padelhaus.mustlammas-dev.in\/fi\/kauppa\/adidas-metalbone-2026\/","og_site_name":"Test Padelhaus","article_modified_time":"2026-03-05T15:57:24+00:00","og_image":[{"width":1000,"height":1000,"url":"https:\/\/padelhaus.fi\/wp-content\/uploads\/2025\/12\/13.webp","type":"image\/webp"}],"twitter_card":"summary_large_image","twitter_misc":{"Hinta":"299,95&nbsp;&euro;","Saatavuus":"J\u00e4lkitoimituksessa"},"schema":{"@context":"https:\/\/schema.org","@graph":[{"@type":["WebPage","ItemPage"],"@id":"https:\/\/padelhaus.mustlammas-dev.in\/fi\/kauppa\/adidas-metalbone-2026\/","url":"https:\/\/padelhaus.mustlammas-dev.in\/fi\/kauppa\/adidas-metalbone-2026\/","name":"Adidas Metalbone 3.5 2026 | Test Padelhaus","isPartOf":{"@id":"https:\/\/padelhaus.mustlammas-dev.in\/fi\/#website"},"primaryImageOfPage":{"@id":"https:\/\/padelhaus.mustlammas-dev.in\/fi\/kauppa\/adidas-metalbone-2026\/#primaryimage"},"image":{"@id":"https:\/\/padelhaus.mustlammas-dev.in\/fi\/kauppa\/adidas-metalbone-2026\/#primaryimage"},"thumbnailUrl":"https:\/\/padelhaus.mustlammas-dev.in\/wp-content\/uploads\/2025\/12\/13.webp","datePublished":"2025-12-11T11:25:49+00:00","dateModified":"2026-03-05T15:57:24+00:00","description":"Padelmailat ja padelvarusteet edullisesti. Padelhaus on padel verkkokauppa, josta l\u00f6yd\u00e4t parhaat padelmailat kaikille tasoille.","breadcrumb":{"@id":"https:\/\/padelhaus.mustlammas-dev.in\/fi\/kauppa\/adidas-metalbone-2026\/#breadcrumb"},"inLanguage":"fi","potentialAction":[{"@type":"ReadAction","target":["https:\/\/padelhaus.mustlammas-dev.in\/fi\/kauppa\/adidas-metalbone-2026\/"]}]},{"@type":"ImageObject","inLanguage":"fi","@id":"https:\/\/padelhaus.mustlammas-dev.in\/fi\/kauppa\/adidas-metalbone-2026\/#primaryimage","url":"https:\/\/padelhaus.mustlammas-dev.in\/wp-content\/uploads\/2025\/12\/13.webp","contentUrl":"https:\/\/padelhaus.mustlammas-dev.in\/wp-content\/uploads\/2025\/12\/13.webp","width":1000,"height":1000},{"@type":"BreadcrumbList","@id":"https:\/\/padelhaus.mustlammas-dev.in\/fi\/kauppa\/adidas-metalbone-2026\/#breadcrumb","itemListElement":[{"@type":"ListItem","position":1,"name":"Avaleht","item":"https:\/\/padelhaus.fi\/"},{"@type":"ListItem","position":2,"name":"Kauppa","item":"https:\/\/padelhaus.fi\/kauppa\/"},{"@type":"ListItem","position":3,"name":"Adidas Metalbone 3.5 2026"}]},{"@type":"WebSite","@id":"https:\/\/padelhaus.mustlammas-dev.in\/fi\/#website","url":"https:\/\/padelhaus.mustlammas-dev.in\/fi\/","name":"Claude Padelhaus","description":"Sinu padelivarustuse kodu","publisher":{"@id":"https:\/\/padelhaus.mustlammas-dev.in\/fi\/#organization"},"potentialAction":[{"@type":"SearchAction","target":{"@type":"EntryPoint","urlTemplate":"https:\/\/padelhaus.mustlammas-dev.in\/fi\/?s={search_term_string}"},"query-input":{"@type":"PropertyValueSpecification","valueRequired":true,"valueName":"search_term_string"}}],"inLanguage":"fi"},{"@type":"Organization","@id":"https:\/\/padelhaus.mustlammas-dev.in\/fi\/#organization","name":"Claude Padelhaus","url":"https:\/\/padelhaus.mustlammas-dev.in\/fi\/","logo":{"@type":"ImageObject","inLanguage":"fi","@id":"https:\/\/padelhaus.mustlammas-dev.in\/fi\/#\/schema\/logo\/image\/","url":"https:\/\/padelhaus.mustlammas-dev.in\/wp-content\/uploads\/2025\/05\/Logo-1.png","contentUrl":"https:\/\/padelhaus.mustlammas-dev.in\/wp-content\/uploads\/2025\/05\/Logo-1.png","width":280,"height":115,"caption":"Claude Padelhaus"},"image":{"@id":"https:\/\/padelhaus.mustlammas-dev.in\/fi\/#\/schema\/logo\/image\/"}}]},"product_price_amount":"299.95","product_price_currency":"EUR","og_availability":"backorder","product_availability":"available for order","product_retailer_item_id":"ADI-R-28","product_condition":"new"},"_links":{"self":[{"href":"https:\/\/padelhaus.mustlammas-dev.in\/fi\/wp-json\/wp\/v2\/product\/71468","targetHints":{"allow":["GET"]}}],"collection":[{"href":"https:\/\/padelhaus.mustlammas-dev.in\/fi\/wp-json\/wp\/v2\/product"}],"about":[{"href":"https:\/\/padelhaus.mustlammas-dev.in\/fi\/wp-json\/wp\/v2\/types\/product"}],"replies":[{"embeddable":true,"href":"https:\/\/padelhaus.mustlammas-dev.in\/fi\/wp-json\/wp\/v2\/comments?post=71468"}],"wp:featuredmedia":[{"embeddable":true,"href":"https:\/\/padelhaus.mustlammas-dev.in\/fi\/wp-json\/wp\/v2\/media\/71478"}],"wp:attachment":[{"href":"https:\/\/padelhaus.mustlammas-dev.in\/fi\/wp-json\/wp\/v2\/media?parent=71468"}],"wp:term":[{"taxonomy":"product_brand","embeddable":true,"href":"https:\/\/padelhaus.mustlammas-dev.in\/fi\/wp-json\/wp\/v2\/product_brand?post=71468"},{"taxonomy":"product_cat","embeddable":true,"href":"https:\/\/padelhaus.mustlammas-dev.in\/fi\/wp-json\/wp\/v2\/product_cat?post=71468"},{"taxonomy":"product_tag","embeddable":true,"href":"https:\/\/padelhaus.mustlammas-dev.in\/fi\/wp-json\/wp\/v2\/product_tag?post=71468"}],"curies":[{"name":"wp","href":"https:\/\/api.w.org\/{rel}","templated":true}]}}