{"id":71497,"date":"2025-12-11T13:12:06","date_gmt":"2025-12-11T11:12:06","guid":{"rendered":"https:\/\/padelhaus.mustlammas-dev.in\/pood\/adidas-match-light-2026\/"},"modified":"2026-03-05T17:57:25","modified_gmt":"2026-03-05T15:57:25","slug":"adidas-match-light-2026","status":"publish","type":"product","link":"https:\/\/padelhaus.mustlammas-dev.in\/fi\/kauppa\/adidas-match-light-2026\/","title":{"rendered":"Adidas Match Light 3.5 2026"},"content":{"rendered":"<p data-start=\"138\" data-end=\"435\"><strong>Adidas Match Light 2026<\/strong> \u2013 kontrollia ja voimaa<\/p>\n<p data-start=\"138\" data-end=\"435\">Adidas Match Light on hybridimaila, jossa yhdistyv\u00e4t keveys, mukavuus ja kontrolli. Se on t\u00e4ydellinen valinta niille, jotka haluavat kehitt\u00e4\u00e4 tekniikkaansa t\u00e4ydell\u00e4 itseluottamuksella. Mailan muoto ja keskitetty makea piste (sweet spot) takaavat vakaan ja tarkan ly\u00f6nnin, mik\u00e4 mahdollistaa pelin hallinnan niin takakent\u00e4ll\u00e4 kuin hy\u00f6kk\u00e4yspeliss\u00e4. <\/p>\n<p data-start=\"437\" data-end=\"645\">Vain 345\u2013360 gramman painoisena t\u00e4m\u00e4 maila erottuu erinomaisella k\u00e4sitelt\u00e4vyydell\u00e4\u00e4n ja liikkumisen vapaudellaan. Se on ihanteellinen valinta pitkiin otteluihin tai pelaajille, jotka haluavat minimoida fyysisen rasituksen.<\/p>\n<p data-start=\"647\" data-end=\"947\">Lasikuiturakenne tarjoaa pehme\u00e4mm\u00e4n tuntuman ja erinomaisen pallon ulostulon, kun taas Soft Performance -sis\u00e4rakenne matalatiheyksisell\u00e4 EVA-kumilla lis\u00e4\u00e4 mukavuutta jokaisessa ly\u00f6nniss\u00e4. Hyvin tasapainotettu maila, jossa yhdistyv\u00e4t kest\u00e4vyys, kontrolli ja pitk\u00e4ik\u00e4isyys. <\/p>\n<h5 data-start=\"949\" data-end=\"996\">Match Light \u2013 suunniteltu aloittelijoille<\/h5>\n<p data-start=\"998\" data-end=\"1223\">T\u00e4m\u00e4 Adidaksen hybridimaila on kehitetty aloittelijoille tai harrastajille, jotka etsiv\u00e4t helppoa hallittavuutta ja erinomaista anteeksiantavuutta. Sen kevyt paino ja py\u00f6re\u00e4 muoto helpottavat oppimista ja parantavat kontrollia jokaisessa ly\u00f6nniss\u00e4. <\/p>\n<p data-start=\"1225\" data-end=\"1502\">Se on t\u00e4ydellinen kumppani kaikille, jotka haluavat nauttia padelista ensimm\u00e4isest\u00e4 p\u00e4iv\u00e4st\u00e4 l\u00e4htien tinkim\u00e4tt\u00e4 Adidaksen mailoille tyypillisest\u00e4 voimasta ja mukavuudesta. Toiminnallinen muotoilu mahdollistaa nopean kehityksen tarjoten tasapainoisen ja nautinnollisen pelikokemuksen. <\/p>\n<h5 data-start=\"1504\" data-end=\"1541\">T\u00e4rkeimm\u00e4t ominaisuudet ja teknologiat<\/h5>\n<ul>\n<li data-start=\"1545\" data-end=\"1608\"><strong>Muoto<\/strong>: Keskitetty sweet spot, joka parantaa kontrollia ja tarkkuutta<\/li>\n<li data-start=\"1611\" data-end=\"1692\"><strong>Fiberglass<\/strong>: Lasikuitupinta pehme\u00e4mp\u00e4\u00e4n tuntumaan ja sujuvampaan pallon l\u00e4ht\u00f6\u00f6n<\/li>\n<li data-start=\"1695\" data-end=\"1788\"><strong>Soft Performance EVA<\/strong>: Matalatiheyksinen kumi, joka tarjoaa mukavuutta ja erinomaisen kimmoisuuden<\/li>\n<li data-start=\"1791\" data-end=\"1874\"><strong>Kevyt paino<\/strong>: Kevyt paino (345\u2013360 g), joka parantaa k\u00e4sitelt\u00e4vyytt\u00e4 ja v\u00e4hent\u00e4\u00e4 v\u00e4symyst\u00e4<\/li>\n<li data-start=\"1877\" data-end=\"1969\"><strong>Smart Holes Linear<\/strong>: Tasaisesti kolmen riveihin sijoitetut rei\u00e4t, jotka vahvistavat ly\u00f6ntipintaa<\/li>\n<li data-start=\"1972\" data-end=\"2058\"><strong>Structural Reinforcement<\/strong>: Keh\u00e4n vahvistus, joka lis\u00e4\u00e4 lujuutta ja vakautta<\/li>\n<\/ul>\n<p data-start=\"2126\" data-end=\"2372\">Adidas Match Light on tasapainoinen, kevyt ja mukava padelmaila, joka sopii erinomaisesti aloittelijoille tarjoten hyv\u00e4\u00e4 kontrollia ja pallonnopeutta. Sen vahvistettu rakenne ja miellytt\u00e4v\u00e4 tuntuma tukevat sinua koko kehitysprosessisi ajan kent\u00e4ll\u00e4. <\/p>\n<h5 data-start=\"733\" data-end=\"861\">Tekniset tiedot<\/h5>\n<ul>\n<li data-start=\"53\" data-end=\"72\"><strong data-start=\"53\" data-end=\"63\">Br\u00e4ndi:<\/strong> Adidas<\/li>\n<li data-start=\"75\" data-end=\"108\"><strong data-start=\"75\" data-end=\"84\">V\u00e4ri:<\/strong> Musta, valkoinen ja sininen<\/li>\n<li data-start=\"111\" data-end=\"144\"><strong data-start=\"111\" data-end=\"121\">Tuote:<\/strong> Maila (pala-tyyppinen)<\/li>\n<li data-start=\"147\" data-end=\"178\"><strong data-start=\"147\" data-end=\"160\">Tasapaino:<\/strong> Korkea, keskisuuri<\/li>\n<li data-start=\"181\" data-end=\"221\"><strong data-start=\"181\" data-end=\"193\">Ydin:<\/strong> EVA Soft Performance Core<\/li>\n<li data-start=\"224\" data-end=\"272\"><strong data-start=\"224\" data-end=\"242\">Pintamateriaali:<\/strong> Lasikuitu (Fiberglass Face)<\/li>\n<li data-start=\"275\" data-end=\"306\"><strong data-start=\"275\" data-end=\"287\">Muoto:<\/strong> Vakio<\/li>\n<li data-start=\"309\" data-end=\"337\"><strong data-start=\"309\" data-end=\"321\">Kovuus:<\/strong> Pehme\u00e4<\/li>\n<li data-start=\"340\" data-end=\"374\"><strong data-start=\"340\" data-end=\"354\">Pelitaso:<\/strong> Aloittelija \/ keskitaso<\/li>\n<li data-start=\"377\" data-end=\"400\"><strong data-start=\"377\" data-end=\"386\">Muoto:<\/strong> Hybridi<\/li>\n<li data-start=\"403\" data-end=\"450\"><strong data-start=\"403\" data-end=\"417\">Pelityyppi:<\/strong> Monik\u00e4ytt\u00f6inen (multipurpose)<\/li>\n<\/ul>\n","protected":false},"excerpt":{"rendered":"<p>Adidas Match Light 2026 \u2013 kontrollia ja voimaa Adidas Match Light on hybridimaila, jossa yhdistyv\u00e4t keveys, mukavuus ja kontrolli. Se on t\u00e4ydellinen valinta niille, jotka haluavat kehitt\u00e4\u00e4 tekniikkaansa t\u00e4ydell\u00e4 itseluottamuksella. Mailan muoto ja keskitetty makea piste (sweet spot) takaavat vakaan ja tarkan ly\u00f6nnin, mik\u00e4 mahdollistaa pelin hallinnan niin takakent\u00e4ll\u00e4 kuin hy\u00f6kk\u00e4yspeliss\u00e4. Vain 345\u2013360 gramman painoisena [&hellip;]<\/p>\n","protected":false},"featured_media":71505,"comment_status":"open","ping_status":"closed","template":"","meta":{"_eb_attr":""},"product_brand":[523],"product_cat":[524,520,494],"product_tag":[],"class_list":{"0":"post-71497","1":"product","2":"type-product","3":"status-publish","4":"has-post-thumbnail","6":"product_brand-adidas","7":"product_cat-adidas","8":"product_cat-aloittelijat","9":"product_cat-padelmailat","10":"pa_kaal-345-360-g","11":"pa_kuju-pisaranmuotoinen","12":"pa_mangustiil-hybridi","13":"pa_tasakaal-keskella","14":"pa_tase-aloittelija","15":"pa_varv-musta","18":"first","19":"instock","20":"sale","21":"taxable","22":"shipping-taxable","23":"purchasable","24":"product-type-simple"},"yoast_head":"<!-- This site is optimized with the Yoast SEO Premium plugin v27.1 (Yoast SEO v27.1.1) - https:\/\/yoast.com\/product\/yoast-seo-premium-wordpress\/ -->\n<title>Adidas Match Light 3.5 2026 | Test Padelhaus<\/title>\n<meta name=\"description\" content=\"Padelmailat ja padelvarusteet edullisesti. Padelhaus on padel verkkokauppa, josta l\u00f6yd\u00e4t parhaat padelmailat kaikille tasoille.\" \/>\n<meta name=\"robots\" content=\"noindex, follow, max-snippet:-1, max-image-preview:large, max-video-preview:-1\" \/>\n<meta property=\"og:locale\" content=\"fi_FI\" \/>\n<meta property=\"og:type\" content=\"article\" \/>\n<meta property=\"og:title\" content=\"Adidas Match Light 3.5 2026\" \/>\n<meta property=\"og:description\" content=\"Padelmailat ja padelvarusteet edullisesti. Padelhaus on padel verkkokauppa, josta l\u00f6yd\u00e4t parhaat padelmailat kaikille tasoille.\" \/>\n<meta property=\"og:url\" content=\"https:\/\/padelhaus.mustlammas-dev.in\/fi\/kauppa\/adidas-match-light-2026\/\" \/>\n<meta property=\"og:site_name\" content=\"Test Padelhaus\" \/>\n<meta property=\"article:modified_time\" content=\"2026-03-05T15:57:25+00:00\" \/>\n<meta property=\"og:image\" content=\"https:\/\/padelhaus.fi\/wp-content\/uploads\/2025\/12\/5.webp\" \/>\n\t<meta property=\"og:image:width\" content=\"1000\" \/>\n\t<meta property=\"og:image:height\" content=\"1000\" \/>\n\t<meta property=\"og:image:type\" content=\"image\/webp\" \/>\n<meta name=\"twitter:card\" content=\"summary_large_image\" \/>\n<meta name=\"twitter:label1\" content=\"Hinta\" \/>\n\t<meta name=\"twitter:data1\" content=\"74,95&nbsp;&euro;\" \/>\n\t<meta name=\"twitter:label2\" content=\"Saatavuus\" \/>\n\t<meta name=\"twitter:data2\" content=\"Varastossa\" \/>\n<script type=\"application\/ld+json\" class=\"yoast-schema-graph\">{\"@context\":\"https:\/\/schema.org\",\"@graph\":[{\"@type\":[\"WebPage\",\"ItemPage\"],\"@id\":\"https:\/\/padelhaus.mustlammas-dev.in\/fi\/kauppa\/adidas-match-light-2026\/\",\"url\":\"https:\/\/padelhaus.mustlammas-dev.in\/fi\/kauppa\/adidas-match-light-2026\/\",\"name\":\"Adidas Match Light 3.5 2026 | Test Padelhaus\",\"isPartOf\":{\"@id\":\"https:\/\/padelhaus.mustlammas-dev.in\/fi\/#website\"},\"primaryImageOfPage\":{\"@id\":\"https:\/\/padelhaus.mustlammas-dev.in\/fi\/kauppa\/adidas-match-light-2026\/#primaryimage\"},\"image\":{\"@id\":\"https:\/\/padelhaus.mustlammas-dev.in\/fi\/kauppa\/adidas-match-light-2026\/#primaryimage\"},\"thumbnailUrl\":\"https:\/\/padelhaus.mustlammas-dev.in\/wp-content\/uploads\/2025\/12\/5.webp\",\"datePublished\":\"2025-12-11T11:12:06+00:00\",\"dateModified\":\"2026-03-05T15:57:25+00:00\",\"description\":\"Padelmailat ja padelvarusteet edullisesti. Padelhaus on padel verkkokauppa, josta l\u00f6yd\u00e4t parhaat padelmailat kaikille tasoille.\",\"breadcrumb\":{\"@id\":\"https:\/\/padelhaus.mustlammas-dev.in\/fi\/kauppa\/adidas-match-light-2026\/#breadcrumb\"},\"inLanguage\":\"fi\",\"potentialAction\":[{\"@type\":\"ReadAction\",\"target\":[\"https:\/\/padelhaus.mustlammas-dev.in\/fi\/kauppa\/adidas-match-light-2026\/\"]}]},{\"@type\":\"ImageObject\",\"inLanguage\":\"fi\",\"@id\":\"https:\/\/padelhaus.mustlammas-dev.in\/fi\/kauppa\/adidas-match-light-2026\/#primaryimage\",\"url\":\"https:\/\/padelhaus.mustlammas-dev.in\/wp-content\/uploads\/2025\/12\/5.webp\",\"contentUrl\":\"https:\/\/padelhaus.mustlammas-dev.in\/wp-content\/uploads\/2025\/12\/5.webp\",\"width\":1000,\"height\":1000},{\"@type\":\"BreadcrumbList\",\"@id\":\"https:\/\/padelhaus.mustlammas-dev.in\/fi\/kauppa\/adidas-match-light-2026\/#breadcrumb\",\"itemListElement\":[{\"@type\":\"ListItem\",\"position\":1,\"name\":\"Avaleht\",\"item\":\"https:\/\/padelhaus.fi\/\"},{\"@type\":\"ListItem\",\"position\":2,\"name\":\"Kauppa\",\"item\":\"https:\/\/padelhaus.fi\/kauppa\/\"},{\"@type\":\"ListItem\",\"position\":3,\"name\":\"Adidas Match Light 3.5 2026\"}]},{\"@type\":\"WebSite\",\"@id\":\"https:\/\/padelhaus.mustlammas-dev.in\/fi\/#website\",\"url\":\"https:\/\/padelhaus.mustlammas-dev.in\/fi\/\",\"name\":\"Claude Padelhaus\",\"description\":\"Sinu padelivarustuse kodu\",\"publisher\":{\"@id\":\"https:\/\/padelhaus.mustlammas-dev.in\/fi\/#organization\"},\"potentialAction\":[{\"@type\":\"SearchAction\",\"target\":{\"@type\":\"EntryPoint\",\"urlTemplate\":\"https:\/\/padelhaus.mustlammas-dev.in\/fi\/?s={search_term_string}\"},\"query-input\":{\"@type\":\"PropertyValueSpecification\",\"valueRequired\":true,\"valueName\":\"search_term_string\"}}],\"inLanguage\":\"fi\"},{\"@type\":\"Organization\",\"@id\":\"https:\/\/padelhaus.mustlammas-dev.in\/fi\/#organization\",\"name\":\"Claude Padelhaus\",\"url\":\"https:\/\/padelhaus.mustlammas-dev.in\/fi\/\",\"logo\":{\"@type\":\"ImageObject\",\"inLanguage\":\"fi\",\"@id\":\"https:\/\/padelhaus.mustlammas-dev.in\/fi\/#\/schema\/logo\/image\/\",\"url\":\"https:\/\/padelhaus.mustlammas-dev.in\/wp-content\/uploads\/2025\/05\/Logo-1.png\",\"contentUrl\":\"https:\/\/padelhaus.mustlammas-dev.in\/wp-content\/uploads\/2025\/05\/Logo-1.png\",\"width\":280,\"height\":115,\"caption\":\"Claude Padelhaus\"},\"image\":{\"@id\":\"https:\/\/padelhaus.mustlammas-dev.in\/fi\/#\/schema\/logo\/image\/\"}}]}<\/script>\n<meta property=\"product:price:amount\" content=\"74.95\" \/>\n<meta property=\"product:price:currency\" content=\"EUR\" \/>\n<meta property=\"og:availability\" content=\"instock\" \/>\n<meta property=\"product:availability\" content=\"instock\" \/>\n<meta property=\"product:retailer_item_id\" content=\"ADI-R-26\" \/>\n<meta property=\"product:condition\" content=\"new\" \/>\n<!-- \/ Yoast SEO Premium plugin. -->","yoast_head_json":{"title":"Adidas Match Light 3.5 2026 | Test Padelhaus","description":"Padelmailat ja padelvarusteet edullisesti. Padelhaus on padel verkkokauppa, josta l\u00f6yd\u00e4t parhaat padelmailat kaikille tasoille.","robots":{"index":"noindex","follow":"follow","max-snippet":"max-snippet:-1","max-image-preview":"max-image-preview:large","max-video-preview":"max-video-preview:-1"},"og_locale":"fi_FI","og_type":"article","og_title":"Adidas Match Light 3.5 2026","og_description":"Padelmailat ja padelvarusteet edullisesti. Padelhaus on padel verkkokauppa, josta l\u00f6yd\u00e4t parhaat padelmailat kaikille tasoille.","og_url":"https:\/\/padelhaus.mustlammas-dev.in\/fi\/kauppa\/adidas-match-light-2026\/","og_site_name":"Test Padelhaus","article_modified_time":"2026-03-05T15:57:25+00:00","og_image":[{"width":1000,"height":1000,"url":"https:\/\/padelhaus.fi\/wp-content\/uploads\/2025\/12\/5.webp","type":"image\/webp"}],"twitter_card":"summary_large_image","twitter_misc":{"Hinta":"74,95&nbsp;&euro;","Saatavuus":"Varastossa"},"schema":{"@context":"https:\/\/schema.org","@graph":[{"@type":["WebPage","ItemPage"],"@id":"https:\/\/padelhaus.mustlammas-dev.in\/fi\/kauppa\/adidas-match-light-2026\/","url":"https:\/\/padelhaus.mustlammas-dev.in\/fi\/kauppa\/adidas-match-light-2026\/","name":"Adidas Match Light 3.5 2026 | Test Padelhaus","isPartOf":{"@id":"https:\/\/padelhaus.mustlammas-dev.in\/fi\/#website"},"primaryImageOfPage":{"@id":"https:\/\/padelhaus.mustlammas-dev.in\/fi\/kauppa\/adidas-match-light-2026\/#primaryimage"},"image":{"@id":"https:\/\/padelhaus.mustlammas-dev.in\/fi\/kauppa\/adidas-match-light-2026\/#primaryimage"},"thumbnailUrl":"https:\/\/padelhaus.mustlammas-dev.in\/wp-content\/uploads\/2025\/12\/5.webp","datePublished":"2025-12-11T11:12:06+00:00","dateModified":"2026-03-05T15:57:25+00:00","description":"Padelmailat ja padelvarusteet edullisesti. Padelhaus on padel verkkokauppa, josta l\u00f6yd\u00e4t parhaat padelmailat kaikille tasoille.","breadcrumb":{"@id":"https:\/\/padelhaus.mustlammas-dev.in\/fi\/kauppa\/adidas-match-light-2026\/#breadcrumb"},"inLanguage":"fi","potentialAction":[{"@type":"ReadAction","target":["https:\/\/padelhaus.mustlammas-dev.in\/fi\/kauppa\/adidas-match-light-2026\/"]}]},{"@type":"ImageObject","inLanguage":"fi","@id":"https:\/\/padelhaus.mustlammas-dev.in\/fi\/kauppa\/adidas-match-light-2026\/#primaryimage","url":"https:\/\/padelhaus.mustlammas-dev.in\/wp-content\/uploads\/2025\/12\/5.webp","contentUrl":"https:\/\/padelhaus.mustlammas-dev.in\/wp-content\/uploads\/2025\/12\/5.webp","width":1000,"height":1000},{"@type":"BreadcrumbList","@id":"https:\/\/padelhaus.mustlammas-dev.in\/fi\/kauppa\/adidas-match-light-2026\/#breadcrumb","itemListElement":[{"@type":"ListItem","position":1,"name":"Avaleht","item":"https:\/\/padelhaus.fi\/"},{"@type":"ListItem","position":2,"name":"Kauppa","item":"https:\/\/padelhaus.fi\/kauppa\/"},{"@type":"ListItem","position":3,"name":"Adidas Match Light 3.5 2026"}]},{"@type":"WebSite","@id":"https:\/\/padelhaus.mustlammas-dev.in\/fi\/#website","url":"https:\/\/padelhaus.mustlammas-dev.in\/fi\/","name":"Claude Padelhaus","description":"Sinu padelivarustuse kodu","publisher":{"@id":"https:\/\/padelhaus.mustlammas-dev.in\/fi\/#organization"},"potentialAction":[{"@type":"SearchAction","target":{"@type":"EntryPoint","urlTemplate":"https:\/\/padelhaus.mustlammas-dev.in\/fi\/?s={search_term_string}"},"query-input":{"@type":"PropertyValueSpecification","valueRequired":true,"valueName":"search_term_string"}}],"inLanguage":"fi"},{"@type":"Organization","@id":"https:\/\/padelhaus.mustlammas-dev.in\/fi\/#organization","name":"Claude Padelhaus","url":"https:\/\/padelhaus.mustlammas-dev.in\/fi\/","logo":{"@type":"ImageObject","inLanguage":"fi","@id":"https:\/\/padelhaus.mustlammas-dev.in\/fi\/#\/schema\/logo\/image\/","url":"https:\/\/padelhaus.mustlammas-dev.in\/wp-content\/uploads\/2025\/05\/Logo-1.png","contentUrl":"https:\/\/padelhaus.mustlammas-dev.in\/wp-content\/uploads\/2025\/05\/Logo-1.png","width":280,"height":115,"caption":"Claude Padelhaus"},"image":{"@id":"https:\/\/padelhaus.mustlammas-dev.in\/fi\/#\/schema\/logo\/image\/"}}]},"product_price_amount":"74.95","product_price_currency":"EUR","og_availability":"instock","product_availability":"instock","product_retailer_item_id":"ADI-R-26","product_condition":"new"},"_links":{"self":[{"href":"https:\/\/padelhaus.mustlammas-dev.in\/fi\/wp-json\/wp\/v2\/product\/71497","targetHints":{"allow":["GET"]}}],"collection":[{"href":"https:\/\/padelhaus.mustlammas-dev.in\/fi\/wp-json\/wp\/v2\/product"}],"about":[{"href":"https:\/\/padelhaus.mustlammas-dev.in\/fi\/wp-json\/wp\/v2\/types\/product"}],"replies":[{"embeddable":true,"href":"https:\/\/padelhaus.mustlammas-dev.in\/fi\/wp-json\/wp\/v2\/comments?post=71497"}],"wp:featuredmedia":[{"embeddable":true,"href":"https:\/\/padelhaus.mustlammas-dev.in\/fi\/wp-json\/wp\/v2\/media\/71505"}],"wp:attachment":[{"href":"https:\/\/padelhaus.mustlammas-dev.in\/fi\/wp-json\/wp\/v2\/media?parent=71497"}],"wp:term":[{"taxonomy":"product_brand","embeddable":true,"href":"https:\/\/padelhaus.mustlammas-dev.in\/fi\/wp-json\/wp\/v2\/product_brand?post=71497"},{"taxonomy":"product_cat","embeddable":true,"href":"https:\/\/padelhaus.mustlammas-dev.in\/fi\/wp-json\/wp\/v2\/product_cat?post=71497"},{"taxonomy":"product_tag","embeddable":true,"href":"https:\/\/padelhaus.mustlammas-dev.in\/fi\/wp-json\/wp\/v2\/product_tag?post=71497"}],"curies":[{"name":"wp","href":"https:\/\/api.w.org\/{rel}","templated":true}]}}