{"id":71531,"date":"2025-12-06T02:54:29","date_gmt":"2025-12-06T00:54:29","guid":{"rendered":"https:\/\/padelhaus.mustlammas-dev.in\/pood\/siux-fenix-pro-5-black\/"},"modified":"2026-03-05T17:57:30","modified_gmt":"2026-03-05T15:57:30","slug":"siux-fenix-pro-5-black","status":"publish","type":"product","link":"https:\/\/padelhaus.mustlammas-dev.in\/fi\/kauppa\/siux-fenix-pro-5-black\/","title":{"rendered":"Siux Fenix Pro 5 Black Leo Augsburger"},"content":{"rendered":"<p data-start=\"77\" data-end=\"131\"><strong data-start=\"77\" data-end=\"131\">Siux Fenix Pro 5 Black, Leo Augsburguerin padelmaila<\/strong><\/p>\n<p data-start=\"133\" data-end=\"376\">Siux Fenix Pro 5 Black on ammattilaistason padelmaila, joka on suunniteltu maksimoimaan hy\u00f6kk\u00e4\u00e4v\u00e4 peli. Sen timantin muoto ja korkea tasapaino tuovat valtavasti voimaa iskuly\u00f6nteihin ja aggressiivisiin hy\u00f6kk\u00e4yksiin. <\/p>\n<p data-start=\"378\" data-end=\"725\">Ly\u00f6ntipinta on valmistettu 24K-hiilikuidusta ja ydin koostuu Black EVA -kumista, mik\u00e4 tarjoaa enemm\u00e4n lujuutta ja kovemman ly\u00f6ntituntuman parantaen pallon l\u00e4ht\u00f6nopeutta. 3D-viimeistely lis\u00e4\u00e4 pallon kierteit\u00e4, kun taas pidempi kahva helpottaa kahden k\u00e4den rystyly\u00f6nti\u00e4. Switch Strap -j\u00e4rjestelm\u00e4n avulla voit vaihtaa rannenauhan juuri omien mieltymystesi mukaan.  <\/p>\n<h5 data-start=\"727\" data-end=\"775\">Fenix Pro 5 Black \u2013 edistyneille pelaajille<\/h5>\n<p data-start=\"777\" data-end=\"1049\">T\u00e4m\u00e4 Siuxin timantinmuotoinen maila on suunniteltu edistyneille ja ammattilaispelaajille, jotka suosivat voimakasta pelityyli\u00e4. Se sopii aggressiivisesti ja teknisesti pelaaville, jotka hy\u00f6dynt\u00e4v\u00e4t korkeaa tasapainoa ja kovaa ly\u00f6ntituntumaa tarkkoihin ja vaarallisiin ly\u00f6nteihin. <\/p>\n<p data-start=\"1051\" data-end=\"1244\">Timantin muodon ja vahvistetun rakenteen ansiosta se on erinomainen valinta pelaajalle, joka tarvitsee kovia iskuja kest\u00e4v\u00e4n mallin ja huipputason suorituskyky\u00e4 vaativimmissakin otteluissa.<\/p>\n<h5 data-start=\"1246\" data-end=\"1283\">T\u00e4rkeimm\u00e4t ominaisuudet ja teknologiat<\/h5>\n<ul data-start=\"1285\" data-end=\"1641\">\n<li data-start=\"1285\" data-end=\"1330\">\n<p data-start=\"1287\" data-end=\"1330\">Timantin muoto: maksimaalinen voima jokaiseen ly\u00f6ntiin<\/p>\n<\/li>\n<li data-start=\"1331\" data-end=\"1379\">\n<p data-start=\"1333\" data-end=\"1379\">Korkea tasapaino: parempi yl\u00e4kierre ja hy\u00f6kk\u00e4ysly\u00f6nnit<\/p>\n<\/li>\n<li data-start=\"1380\" data-end=\"1445\">\n<p data-start=\"1382\" data-end=\"1445\">Black EVA -ydin: j\u00e4ykempi tuntuma ja tehokas t\u00e4rin\u00e4nvaimennus<\/p>\n<\/li>\n<li data-start=\"1446\" data-end=\"1488\">\n<p data-start=\"1448\" data-end=\"1488\">24K-hiilikuitupinta: eritt\u00e4in kest\u00e4v\u00e4<\/p>\n<\/li>\n<li data-start=\"1489\" data-end=\"1537\">\n<p data-start=\"1491\" data-end=\"1537\">3D-viimeistely: parempi kierre leikatuissa ly\u00f6nneiss\u00e4<\/p>\n<\/li>\n<li data-start=\"1538\" data-end=\"1593\">\n<p data-start=\"1540\" data-end=\"1593\">Switch Strap: vaihdettava hihna helppoon mukauttamiseen<\/p>\n<\/li>\n<li data-start=\"1594\" data-end=\"1641\">\n<p data-start=\"1596\" data-end=\"1641\">Pitk\u00e4 kahva: ihanteellinen kahden k\u00e4den rystyly\u00f6ntiin<\/p>\n<\/li>\n<\/ul>\n<h5 data-start=\"1643\" data-end=\"1689\">Vapauta voimasi Siux Fenix Pro 5 -mailalla<\/h5>\n<p data-start=\"1691\" data-end=\"1909\" data-is-last-node=\"\" data-is-only-node=\"\">Nosta pelisi uudelle tasolle Siux Fenix Pro 5 Black -mailalla, joka on Leo Augsburguerin virallinen malli. Ammattilaisille luotu maila yhdist\u00e4\u00e4 voiman, tarkkuuden ja tyylin. Osta se P\u00e1del Nuestro -kaupasta ja hallitse kentt\u00e4\u00e4!  <\/p>\n<h5 data-start=\"733\" data-end=\"861\">Tekniset tiedot<\/h5>\n<ul>\n<li data-start=\"2\" data-end=\"19\"><strong data-start=\"2\" data-end=\"11\" data-is-only-node=\"\">Br\u00e4ndi<\/strong>: Siux<\/li>\n<li data-start=\"22\" data-end=\"38\"><strong data-start=\"22\" data-end=\"30\" data-is-only-node=\"\">V\u00e4ri<\/strong>: Musta<\/li>\n<li data-start=\"41\" data-end=\"68\"><strong data-start=\"41\" data-end=\"50\" data-is-only-node=\"\">Tuote<\/strong>: Padelmailat<\/li>\n<li data-start=\"71\" data-end=\"92\"><strong data-start=\"71\" data-end=\"83\" data-is-only-node=\"\">Tasapaino<\/strong>: Korkea<\/li>\n<li data-start=\"95\" data-end=\"119\"><strong data-start=\"95\" data-end=\"106\" data-is-only-node=\"\">Ydin<\/strong>: Black EVA<\/li>\n<li data-start=\"122\" data-end=\"147\"><strong data-start=\"122\" data-end=\"133\" data-is-only-node=\"\">Ly\u00f6ntipinta<\/strong>: Carbon 24K<\/li>\n<li data-start=\"150\" data-end=\"173\"><strong data-start=\"150\" data-end=\"161\" data-is-only-node=\"\">Muotoilu<\/strong>: Tavallinen<\/li>\n<li data-start=\"176\" data-end=\"194\"><strong data-start=\"176\" data-end=\"186\" data-is-only-node=\"\">J\u00e4ykkyys<\/strong>: J\u00e4ykk\u00e4<\/li>\n<li data-start=\"197\" data-end=\"236\"><strong data-start=\"197\" data-end=\"205\" data-is-only-node=\"\">Taso<\/strong>: Edistynyt \/ Kilpataso<\/li>\n<li data-start=\"239\" data-end=\"264\"><strong data-start=\"239\" data-end=\"253\" data-is-only-node=\"\">Viimeistely<\/strong>: 3D Spin<\/li>\n<li data-start=\"267\" data-end=\"286\"><strong data-start=\"267\" data-end=\"275\" data-is-only-node=\"\">Muoto<\/strong>: Timantti<\/li>\n<li data-start=\"289\" data-end=\"305\"><strong data-start=\"289\" data-end=\"297\" data-is-only-node=\"\">Pinta<\/strong>: Karhea<\/li>\n<li data-start=\"308\" data-end=\"329\"><strong data-start=\"308\" data-end=\"321\" data-is-only-node=\"\">Pelityyli<\/strong>: Voima<\/li>\n<li data-start=\"332\" data-end=\"375\"><strong data-start=\"332\" data-end=\"358\" data-is-only-node=\"\">Pelaajamallisto<\/strong>: Leo Augsburguer<\/li>\n<\/ul>\n","protected":false},"excerpt":{"rendered":"<p>Siux Fenix Pro 5 Black, Leo Augsburguerin padelmaila Siux Fenix Pro 5 Black on ammattilaistason padelmaila, joka on suunniteltu maksimoimaan hy\u00f6kk\u00e4\u00e4v\u00e4 peli. Sen timantin muoto ja korkea tasapaino tuovat valtavasti voimaa iskuly\u00f6nteihin ja aggressiivisiin hy\u00f6kk\u00e4yksiin. Ly\u00f6ntipinta on valmistettu 24K-hiilikuidusta ja ydin koostuu Black EVA -kumista, mik\u00e4 tarjoaa enemm\u00e4n lujuutta ja kovemman ly\u00f6ntituntuman parantaen pallon l\u00e4ht\u00f6nopeutta. [&hellip;]<\/p>\n","protected":false},"featured_media":71539,"comment_status":"open","ping_status":"closed","template":"","meta":{"_eb_attr":""},"product_brand":[527],"product_cat":[496,494,528],"product_tag":[],"class_list":{"0":"post-71531","1":"product","2":"type-product","3":"status-publish","4":"has-post-thumbnail","6":"product_brand-siux","7":"product_cat-edistynyt","8":"product_cat-padelmailat","9":"product_cat-siux","10":"pa_kaal-350-370-g","11":"pa_kuju-timantti","12":"pa_mangustiil-hyokkaava","13":"pa_tasakaal-ylhaalla","14":"pa_tase-edistynyt","15":"pa_varv-musta","18":"first","19":"instock","20":"sale","21":"taxable","22":"shipping-taxable","23":"purchasable","24":"product-type-simple"},"yoast_head":"<!-- This site is optimized with the Yoast SEO Premium plugin v27.1 (Yoast SEO v27.1.1) - https:\/\/yoast.com\/product\/yoast-seo-premium-wordpress\/ -->\n<title>Siux Fenix Pro 5 Black Leo Augsburger | Test Padelhaus<\/title>\n<meta name=\"description\" content=\"Padelmailat ja padelvarusteet edullisesti. Padelhaus on padel verkkokauppa, josta l\u00f6yd\u00e4t parhaat padelmailat kaikille tasoille.\" \/>\n<meta name=\"robots\" content=\"noindex, follow, max-snippet:-1, max-image-preview:large, max-video-preview:-1\" \/>\n<meta property=\"og:locale\" content=\"fi_FI\" \/>\n<meta property=\"og:type\" content=\"article\" \/>\n<meta property=\"og:title\" content=\"Siux Fenix Pro 5 Black Leo Augsburger\" \/>\n<meta property=\"og:description\" content=\"Padelmailat ja padelvarusteet edullisesti. Padelhaus on padel verkkokauppa, josta l\u00f6yd\u00e4t parhaat padelmailat kaikille tasoille.\" \/>\n<meta property=\"og:url\" content=\"https:\/\/padelhaus.mustlammas-dev.in\/fi\/kauppa\/siux-fenix-pro-5-black\/\" \/>\n<meta property=\"og:site_name\" content=\"Test Padelhaus\" \/>\n<meta property=\"article:modified_time\" content=\"2026-03-05T15:57:30+00:00\" \/>\n<meta property=\"og:image\" content=\"https:\/\/padelhaus.fi\/wp-content\/uploads\/2025\/12\/SIUX-FENIX-PRO-5-BLACK-BEEZ.webp\" \/>\n\t<meta property=\"og:image:width\" content=\"1000\" \/>\n\t<meta property=\"og:image:height\" content=\"1000\" \/>\n\t<meta property=\"og:image:type\" content=\"image\/webp\" \/>\n<meta name=\"twitter:card\" content=\"summary_large_image\" \/>\n<meta name=\"twitter:label1\" content=\"Hinta\" \/>\n\t<meta name=\"twitter:data1\" content=\"199,95&nbsp;&euro;\" \/>\n\t<meta name=\"twitter:label2\" content=\"Saatavuus\" \/>\n\t<meta name=\"twitter:data2\" content=\"Varastossa\" \/>\n<script type=\"application\/ld+json\" class=\"yoast-schema-graph\">{\"@context\":\"https:\/\/schema.org\",\"@graph\":[{\"@type\":[\"WebPage\",\"ItemPage\"],\"@id\":\"https:\/\/padelhaus.mustlammas-dev.in\/fi\/kauppa\/siux-fenix-pro-5-black\/\",\"url\":\"https:\/\/padelhaus.mustlammas-dev.in\/fi\/kauppa\/siux-fenix-pro-5-black\/\",\"name\":\"Siux Fenix Pro 5 Black Leo Augsburger | Test Padelhaus\",\"isPartOf\":{\"@id\":\"https:\/\/padelhaus.mustlammas-dev.in\/fi\/#website\"},\"primaryImageOfPage\":{\"@id\":\"https:\/\/padelhaus.mustlammas-dev.in\/fi\/kauppa\/siux-fenix-pro-5-black\/#primaryimage\"},\"image\":{\"@id\":\"https:\/\/padelhaus.mustlammas-dev.in\/fi\/kauppa\/siux-fenix-pro-5-black\/#primaryimage\"},\"thumbnailUrl\":\"https:\/\/padelhaus.mustlammas-dev.in\/wp-content\/uploads\/2025\/12\/SIUX-FENIX-PRO-5-BLACK-BEEZ.webp\",\"datePublished\":\"2025-12-06T00:54:29+00:00\",\"dateModified\":\"2026-03-05T15:57:30+00:00\",\"description\":\"Padelmailat ja padelvarusteet edullisesti. Padelhaus on padel verkkokauppa, josta l\u00f6yd\u00e4t parhaat padelmailat kaikille tasoille.\",\"breadcrumb\":{\"@id\":\"https:\/\/padelhaus.mustlammas-dev.in\/fi\/kauppa\/siux-fenix-pro-5-black\/#breadcrumb\"},\"inLanguage\":\"fi\",\"potentialAction\":[{\"@type\":\"ReadAction\",\"target\":[\"https:\/\/padelhaus.mustlammas-dev.in\/fi\/kauppa\/siux-fenix-pro-5-black\/\"]}]},{\"@type\":\"ImageObject\",\"inLanguage\":\"fi\",\"@id\":\"https:\/\/padelhaus.mustlammas-dev.in\/fi\/kauppa\/siux-fenix-pro-5-black\/#primaryimage\",\"url\":\"https:\/\/padelhaus.mustlammas-dev.in\/wp-content\/uploads\/2025\/12\/SIUX-FENIX-PRO-5-BLACK-BEEZ.webp\",\"contentUrl\":\"https:\/\/padelhaus.mustlammas-dev.in\/wp-content\/uploads\/2025\/12\/SIUX-FENIX-PRO-5-BLACK-BEEZ.webp\",\"width\":1000,\"height\":1000},{\"@type\":\"BreadcrumbList\",\"@id\":\"https:\/\/padelhaus.mustlammas-dev.in\/fi\/kauppa\/siux-fenix-pro-5-black\/#breadcrumb\",\"itemListElement\":[{\"@type\":\"ListItem\",\"position\":1,\"name\":\"Avaleht\",\"item\":\"https:\/\/padelhaus.fi\/\"},{\"@type\":\"ListItem\",\"position\":2,\"name\":\"Kauppa\",\"item\":\"https:\/\/padelhaus.fi\/kauppa\/\"},{\"@type\":\"ListItem\",\"position\":3,\"name\":\"Siux Fenix Pro 5 Black Leo Augsburger\"}]},{\"@type\":\"WebSite\",\"@id\":\"https:\/\/padelhaus.mustlammas-dev.in\/fi\/#website\",\"url\":\"https:\/\/padelhaus.mustlammas-dev.in\/fi\/\",\"name\":\"Claude Padelhaus\",\"description\":\"Sinu padelivarustuse kodu\",\"publisher\":{\"@id\":\"https:\/\/padelhaus.mustlammas-dev.in\/fi\/#organization\"},\"potentialAction\":[{\"@type\":\"SearchAction\",\"target\":{\"@type\":\"EntryPoint\",\"urlTemplate\":\"https:\/\/padelhaus.mustlammas-dev.in\/fi\/?s={search_term_string}\"},\"query-input\":{\"@type\":\"PropertyValueSpecification\",\"valueRequired\":true,\"valueName\":\"search_term_string\"}}],\"inLanguage\":\"fi\"},{\"@type\":\"Organization\",\"@id\":\"https:\/\/padelhaus.mustlammas-dev.in\/fi\/#organization\",\"name\":\"Claude Padelhaus\",\"url\":\"https:\/\/padelhaus.mustlammas-dev.in\/fi\/\",\"logo\":{\"@type\":\"ImageObject\",\"inLanguage\":\"fi\",\"@id\":\"https:\/\/padelhaus.mustlammas-dev.in\/fi\/#\/schema\/logo\/image\/\",\"url\":\"https:\/\/padelhaus.mustlammas-dev.in\/wp-content\/uploads\/2025\/05\/Logo-1.png\",\"contentUrl\":\"https:\/\/padelhaus.mustlammas-dev.in\/wp-content\/uploads\/2025\/05\/Logo-1.png\",\"width\":280,\"height\":115,\"caption\":\"Claude Padelhaus\"},\"image\":{\"@id\":\"https:\/\/padelhaus.mustlammas-dev.in\/fi\/#\/schema\/logo\/image\/\"}}]}<\/script>\n<meta property=\"product:price:amount\" content=\"199.95\" \/>\n<meta property=\"product:price:currency\" content=\"EUR\" \/>\n<meta property=\"og:availability\" content=\"instock\" \/>\n<meta property=\"product:availability\" content=\"instock\" \/>\n<meta property=\"product:retailer_item_id\" content=\"SIU-R-18\" \/>\n<meta property=\"product:condition\" content=\"new\" \/>\n<!-- \/ Yoast SEO Premium plugin. -->","yoast_head_json":{"title":"Siux Fenix Pro 5 Black Leo Augsburger | Test Padelhaus","description":"Padelmailat ja padelvarusteet edullisesti. Padelhaus on padel verkkokauppa, josta l\u00f6yd\u00e4t parhaat padelmailat kaikille tasoille.","robots":{"index":"noindex","follow":"follow","max-snippet":"max-snippet:-1","max-image-preview":"max-image-preview:large","max-video-preview":"max-video-preview:-1"},"og_locale":"fi_FI","og_type":"article","og_title":"Siux Fenix Pro 5 Black Leo Augsburger","og_description":"Padelmailat ja padelvarusteet edullisesti. Padelhaus on padel verkkokauppa, josta l\u00f6yd\u00e4t parhaat padelmailat kaikille tasoille.","og_url":"https:\/\/padelhaus.mustlammas-dev.in\/fi\/kauppa\/siux-fenix-pro-5-black\/","og_site_name":"Test Padelhaus","article_modified_time":"2026-03-05T15:57:30+00:00","og_image":[{"width":1000,"height":1000,"url":"https:\/\/padelhaus.fi\/wp-content\/uploads\/2025\/12\/SIUX-FENIX-PRO-5-BLACK-BEEZ.webp","type":"image\/webp"}],"twitter_card":"summary_large_image","twitter_misc":{"Hinta":"199,95&nbsp;&euro;","Saatavuus":"Varastossa"},"schema":{"@context":"https:\/\/schema.org","@graph":[{"@type":["WebPage","ItemPage"],"@id":"https:\/\/padelhaus.mustlammas-dev.in\/fi\/kauppa\/siux-fenix-pro-5-black\/","url":"https:\/\/padelhaus.mustlammas-dev.in\/fi\/kauppa\/siux-fenix-pro-5-black\/","name":"Siux Fenix Pro 5 Black Leo Augsburger | Test Padelhaus","isPartOf":{"@id":"https:\/\/padelhaus.mustlammas-dev.in\/fi\/#website"},"primaryImageOfPage":{"@id":"https:\/\/padelhaus.mustlammas-dev.in\/fi\/kauppa\/siux-fenix-pro-5-black\/#primaryimage"},"image":{"@id":"https:\/\/padelhaus.mustlammas-dev.in\/fi\/kauppa\/siux-fenix-pro-5-black\/#primaryimage"},"thumbnailUrl":"https:\/\/padelhaus.mustlammas-dev.in\/wp-content\/uploads\/2025\/12\/SIUX-FENIX-PRO-5-BLACK-BEEZ.webp","datePublished":"2025-12-06T00:54:29+00:00","dateModified":"2026-03-05T15:57:30+00:00","description":"Padelmailat ja padelvarusteet edullisesti. Padelhaus on padel verkkokauppa, josta l\u00f6yd\u00e4t parhaat padelmailat kaikille tasoille.","breadcrumb":{"@id":"https:\/\/padelhaus.mustlammas-dev.in\/fi\/kauppa\/siux-fenix-pro-5-black\/#breadcrumb"},"inLanguage":"fi","potentialAction":[{"@type":"ReadAction","target":["https:\/\/padelhaus.mustlammas-dev.in\/fi\/kauppa\/siux-fenix-pro-5-black\/"]}]},{"@type":"ImageObject","inLanguage":"fi","@id":"https:\/\/padelhaus.mustlammas-dev.in\/fi\/kauppa\/siux-fenix-pro-5-black\/#primaryimage","url":"https:\/\/padelhaus.mustlammas-dev.in\/wp-content\/uploads\/2025\/12\/SIUX-FENIX-PRO-5-BLACK-BEEZ.webp","contentUrl":"https:\/\/padelhaus.mustlammas-dev.in\/wp-content\/uploads\/2025\/12\/SIUX-FENIX-PRO-5-BLACK-BEEZ.webp","width":1000,"height":1000},{"@type":"BreadcrumbList","@id":"https:\/\/padelhaus.mustlammas-dev.in\/fi\/kauppa\/siux-fenix-pro-5-black\/#breadcrumb","itemListElement":[{"@type":"ListItem","position":1,"name":"Avaleht","item":"https:\/\/padelhaus.fi\/"},{"@type":"ListItem","position":2,"name":"Kauppa","item":"https:\/\/padelhaus.fi\/kauppa\/"},{"@type":"ListItem","position":3,"name":"Siux Fenix Pro 5 Black Leo Augsburger"}]},{"@type":"WebSite","@id":"https:\/\/padelhaus.mustlammas-dev.in\/fi\/#website","url":"https:\/\/padelhaus.mustlammas-dev.in\/fi\/","name":"Claude Padelhaus","description":"Sinu padelivarustuse kodu","publisher":{"@id":"https:\/\/padelhaus.mustlammas-dev.in\/fi\/#organization"},"potentialAction":[{"@type":"SearchAction","target":{"@type":"EntryPoint","urlTemplate":"https:\/\/padelhaus.mustlammas-dev.in\/fi\/?s={search_term_string}"},"query-input":{"@type":"PropertyValueSpecification","valueRequired":true,"valueName":"search_term_string"}}],"inLanguage":"fi"},{"@type":"Organization","@id":"https:\/\/padelhaus.mustlammas-dev.in\/fi\/#organization","name":"Claude Padelhaus","url":"https:\/\/padelhaus.mustlammas-dev.in\/fi\/","logo":{"@type":"ImageObject","inLanguage":"fi","@id":"https:\/\/padelhaus.mustlammas-dev.in\/fi\/#\/schema\/logo\/image\/","url":"https:\/\/padelhaus.mustlammas-dev.in\/wp-content\/uploads\/2025\/05\/Logo-1.png","contentUrl":"https:\/\/padelhaus.mustlammas-dev.in\/wp-content\/uploads\/2025\/05\/Logo-1.png","width":280,"height":115,"caption":"Claude Padelhaus"},"image":{"@id":"https:\/\/padelhaus.mustlammas-dev.in\/fi\/#\/schema\/logo\/image\/"}}]},"product_price_amount":"199.95","product_price_currency":"EUR","og_availability":"instock","product_availability":"instock","product_retailer_item_id":"SIU-R-18","product_condition":"new"},"_links":{"self":[{"href":"https:\/\/padelhaus.mustlammas-dev.in\/fi\/wp-json\/wp\/v2\/product\/71531","targetHints":{"allow":["GET"]}}],"collection":[{"href":"https:\/\/padelhaus.mustlammas-dev.in\/fi\/wp-json\/wp\/v2\/product"}],"about":[{"href":"https:\/\/padelhaus.mustlammas-dev.in\/fi\/wp-json\/wp\/v2\/types\/product"}],"replies":[{"embeddable":true,"href":"https:\/\/padelhaus.mustlammas-dev.in\/fi\/wp-json\/wp\/v2\/comments?post=71531"}],"wp:featuredmedia":[{"embeddable":true,"href":"https:\/\/padelhaus.mustlammas-dev.in\/fi\/wp-json\/wp\/v2\/media\/71539"}],"wp:attachment":[{"href":"https:\/\/padelhaus.mustlammas-dev.in\/fi\/wp-json\/wp\/v2\/media?parent=71531"}],"wp:term":[{"taxonomy":"product_brand","embeddable":true,"href":"https:\/\/padelhaus.mustlammas-dev.in\/fi\/wp-json\/wp\/v2\/product_brand?post=71531"},{"taxonomy":"product_cat","embeddable":true,"href":"https:\/\/padelhaus.mustlammas-dev.in\/fi\/wp-json\/wp\/v2\/product_cat?post=71531"},{"taxonomy":"product_tag","embeddable":true,"href":"https:\/\/padelhaus.mustlammas-dev.in\/fi\/wp-json\/wp\/v2\/product_tag?post=71531"}],"curies":[{"name":"wp","href":"https:\/\/api.w.org\/{rel}","templated":true}]}}