{"id":71653,"date":"2025-05-26T13:26:06","date_gmt":"2025-05-26T10:26:06","guid":{"rendered":"https:\/\/padelhaus.mustlammas-dev.in\/pood\/adidas-metalbone-hrd-3-4\/"},"modified":"2026-03-05T17:59:06","modified_gmt":"2026-03-05T15:59:06","slug":"adidas-metalbone-hrd-3-4","status":"publish","type":"product","link":"https:\/\/padelhaus.mustlammas-dev.in\/fi\/kauppa\/adidas-metalbone-hrd-3-4\/","title":{"rendered":"ADIDAS METALBONE HRD+ 3.4 2025"},"content":{"rendered":"<p><strong>Adidas Metalbone HRD+ 3.4<\/strong> on maila, joka on suunniteltu pelaajille, jotka haluavat vied\u00e4 pelins\u00e4 seuraavalle tasolle. Innovatiivisen muotoilun ja huipputeknologioiden ansiosta t\u00e4m\u00e4 maila erottuu edukseen niin suorituskyvyll\u00e4\u00e4n kuin rohkealla ja tyylikk\u00e4\u00e4ll\u00e4 ulkon\u00e4\u00f6ll\u00e4\u00e4n. Maailmanmestari Ale Gal\u00e1nin pelityylin innoittamana se yhdist\u00e4\u00e4 voiman, tarkkuuden ja r\u00e4\u00e4t\u00e4l\u00f6it\u00e4vyyden vastaten vaativimpien pelaajien tarpeisiin.  <\/p>\n<h5>Erityisominaisuudet ja innovatiivinen muotoilu<\/h5>\n<p>Timantinmuotoinen maila korkealla sweet spotilla tarjoaa r\u00e4j\u00e4ht\u00e4v\u00e4\u00e4 voimaa ja samalla hallittavuutta ratkaiseviin ly\u00f6nteihin. EVA High Memory -ydin takaa nopean pallonl\u00e4hd\u00f6n ja tarkan tuntuman, kun taas 16K-alumiinivahvisteinen hiilikuitupinta lis\u00e4\u00e4 j\u00e4ykkyytt\u00e4 ja kest\u00e4vyytt\u00e4 intensiiviseen, aggressiiviseen peliin. <\/p>\n<h5>K\u00e4ytetyt teknologiat<\/h5>\n<p>T\u00e4m\u00e4 maila on varustettu innovaatioilla, jotka optimoivat pelin jokaisen osa-alueen:<\/p>\n<ul>\n<li><strong>Octagonal Structure<\/strong> \u2013 lis\u00e4\u00e4 j\u00e4ykkyytt\u00e4 ja kest\u00e4vyytt\u00e4 mahdollistaen tehokkaammat ly\u00f6nnit.<\/li>\n<li><strong>Power Groove<\/strong> \u2013 ytimess\u00e4 oleva kanava, joka jakaa energiaa paremmin lis\u00e4ten voimaa kontrollia menett\u00e4m\u00e4tt\u00e4.<\/li>\n<li><strong>EPG (Extra Power Grip)<\/strong> \u2013 siirt\u00e4\u00e4 sweet spotia mailan p\u00e4\u00e4t\u00e4 kohti lis\u00e4ten ly\u00f6ntivoimaa ratkaisevilla hetkill\u00e4.<\/li>\n<li><strong>Low Poly Design<\/strong> \u2013 geometrinen runko ja ytimen muotoilu, joka antaa lis\u00e4j\u00e4ykkyytt\u00e4 ja enemm\u00e4n tehoa.<\/li>\n<li><strong>Spin Blade Decal<\/strong> \u2013 karhennettu pinta, joka parantaa pitoa palloon ja mahdollistaa helpot kierteet.<\/li>\n<li><strong>Smart Holes Curve<\/strong> \u2013 optimoitu reikien sijoittelu, joka laajentaa sweet spotia ja parantaa sek\u00e4 hallintaa ett\u00e4 voimaa.<\/li>\n<li><strong>Weight &amp; Balance System<\/strong> \u2013 s\u00e4\u00e4dett\u00e4v\u00e4 j\u00e4rjestelm\u00e4, jolla voit mukauttaa mailan painoa ja tasapainoa omien mieltymystesi mukaan.<\/li>\n<\/ul>\n<h5>Kenelle se on tarkoitettu?<\/h5>\n<p>Metalbone HRD+ 3.4 on ihanteellinen edistyneille ja ammattilaispelaajille, jotka etsiv\u00e4t tehokasta ja monipuolista mailaa. Ketteryyden ja voiman yhdistelm\u00e4n ansiosta se sopii aggressiiviseen ja strategiseen pelityyliin pelaajille, jotka haluavat hallita pelin ratkaisuhetki\u00e4. <\/p>\n<h5>T\u00e4rkeimm\u00e4t ominaisuudet:<\/h5>\n<ul>\n<li><strong>Muoto:<\/strong> Timantti<\/li>\n<li><strong>Paino:<\/strong> 345\u2013360 g (s\u00e4\u00e4dett\u00e4v\u00e4)<\/li>\n<li><strong>Materiaali:<\/strong> 16K-alumiinivahvisteinen hiilikuitu<\/li>\n<li><strong>Teknologiat:<\/strong> Octagonal Structure, Power Groove, Spin Blade Decal, Weight &amp; Balance System ym.<\/li>\n<li><strong>Taso:<\/strong> Edistynyt \u2013 ammattilainen<\/li>\n<\/ul>\n<p>Adidas Metalbone HRD+ 3.4 ei ole vain maila \u2013 se on ty\u00f6kalu, joka on luotu kehitt\u00e4m\u00e4\u00e4n pelin jokaista osa-aluetta ja varmistamaan huipputulokset jokaisessa ottelussa.<\/p>\n","protected":false},"excerpt":{"rendered":"<p>Adidas Metalbone HRD+ 3.4 on maila, joka on suunniteltu pelaajille, jotka haluavat vied\u00e4 pelins\u00e4 seuraavalle tasolle. Innovatiivisen muotoilun ja huipputeknologioiden ansiosta t\u00e4m\u00e4 maila erottuu edukseen niin suorituskyvyll\u00e4\u00e4n kuin rohkealla ja tyylikk\u00e4\u00e4ll\u00e4 ulkon\u00e4\u00f6ll\u00e4\u00e4n. Maailmanmestari Ale Gal\u00e1nin pelityylin innoittamana se yhdist\u00e4\u00e4 voiman, tarkkuuden ja r\u00e4\u00e4t\u00e4l\u00f6it\u00e4vyyden vastaten vaativimpien pelaajien tarpeisiin. Erityisominaisuudet ja innovatiivinen muotoilu Timantinmuotoinen maila korkealla sweet [&hellip;]<\/p>\n","protected":false},"featured_media":71655,"comment_status":"open","ping_status":"closed","template":"","meta":{"_eb_attr":""},"product_brand":[523],"product_cat":[524,496,494],"product_tag":[],"class_list":{"0":"post-71653","1":"product","2":"type-product","3":"status-publish","4":"has-post-thumbnail","6":"product_brand-adidas","7":"product_cat-adidas","8":"product_cat-edistynyt","9":"product_cat-padelmailat","10":"pa_kaal-355g","11":"pa_kuju-timantti","12":"pa_mangustiil-hyokkaava","13":"pa_tasakaal-ylhaalla","14":"pa_tase-edistynyt","15":"pa_varv-musta","18":"first","19":"onbackorder","20":"sale","21":"taxable","22":"shipping-taxable","23":"purchasable","24":"product-type-simple"},"yoast_head":"<!-- This site is optimized with the Yoast SEO Premium plugin v27.1 (Yoast SEO v27.1.1) - https:\/\/yoast.com\/product\/yoast-seo-premium-wordpress\/ -->\n<title>ADIDAS METALBONE HRD+ 3.4 2025 | Test Padelhaus<\/title>\n<meta name=\"description\" content=\"Padelmailat ja padelvarusteet edullisesti. Padelhaus on padel verkkokauppa, josta l\u00f6yd\u00e4t parhaat padelmailat kaikille tasoille.\" \/>\n<meta name=\"robots\" content=\"noindex, follow, max-snippet:-1, max-image-preview:large, max-video-preview:-1\" \/>\n<meta property=\"og:locale\" content=\"fi_FI\" \/>\n<meta property=\"og:type\" content=\"article\" \/>\n<meta property=\"og:title\" content=\"ADIDAS METALBONE HRD+ 3.4 2025\" \/>\n<meta property=\"og:description\" content=\"Padelmailat ja padelvarusteet edullisesti. Padelhaus on padel verkkokauppa, josta l\u00f6yd\u00e4t parhaat padelmailat kaikille tasoille.\" \/>\n<meta property=\"og:url\" content=\"https:\/\/padelhaus.mustlammas-dev.in\/fi\/kauppa\/adidas-metalbone-hrd-3-4\/\" \/>\n<meta property=\"og:site_name\" content=\"Test Padelhaus\" \/>\n<meta property=\"article:modified_time\" content=\"2026-03-05T15:59:06+00:00\" \/>\n<meta property=\"og:image\" content=\"https:\/\/padelhaus.fi\/wp-content\/uploads\/2025\/05\/Metalbone_HRD_3.4_AR1AA1FRONT_960x960_crop_center.jpg\" \/>\n\t<meta property=\"og:image:width\" content=\"960\" \/>\n\t<meta property=\"og:image:height\" content=\"960\" \/>\n\t<meta property=\"og:image:type\" content=\"image\/jpeg\" \/>\n<meta name=\"twitter:card\" content=\"summary_large_image\" \/>\n<meta name=\"twitter:label1\" content=\"Hinta\" \/>\n\t<meta name=\"twitter:data1\" content=\"219,95&nbsp;&euro;\" \/>\n\t<meta name=\"twitter:label2\" content=\"Saatavuus\" \/>\n\t<meta name=\"twitter:data2\" content=\"J\u00e4lkitoimituksessa\" \/>\n<script type=\"application\/ld+json\" class=\"yoast-schema-graph\">{\"@context\":\"https:\/\/schema.org\",\"@graph\":[{\"@type\":[\"WebPage\",\"ItemPage\"],\"@id\":\"https:\/\/padelhaus.mustlammas-dev.in\/fi\/kauppa\/adidas-metalbone-hrd-3-4\/\",\"url\":\"https:\/\/padelhaus.mustlammas-dev.in\/fi\/kauppa\/adidas-metalbone-hrd-3-4\/\",\"name\":\"ADIDAS METALBONE HRD+ 3.4 2025 | Test Padelhaus\",\"isPartOf\":{\"@id\":\"https:\/\/padelhaus.mustlammas-dev.in\/fi\/#website\"},\"primaryImageOfPage\":{\"@id\":\"https:\/\/padelhaus.mustlammas-dev.in\/fi\/kauppa\/adidas-metalbone-hrd-3-4\/#primaryimage\"},\"image\":{\"@id\":\"https:\/\/padelhaus.mustlammas-dev.in\/fi\/kauppa\/adidas-metalbone-hrd-3-4\/#primaryimage\"},\"thumbnailUrl\":\"https:\/\/padelhaus.mustlammas-dev.in\/wp-content\/uploads\/2025\/05\/Metalbone_HRD_3.4_AR1AA1FRONT_960x960_crop_center.jpg\",\"datePublished\":\"2025-05-26T10:26:06+00:00\",\"dateModified\":\"2026-03-05T15:59:06+00:00\",\"description\":\"Padelmailat ja padelvarusteet edullisesti. Padelhaus on padel verkkokauppa, josta l\u00f6yd\u00e4t parhaat padelmailat kaikille tasoille.\",\"breadcrumb\":{\"@id\":\"https:\/\/padelhaus.mustlammas-dev.in\/fi\/kauppa\/adidas-metalbone-hrd-3-4\/#breadcrumb\"},\"inLanguage\":\"fi\",\"potentialAction\":[{\"@type\":\"ReadAction\",\"target\":[\"https:\/\/padelhaus.mustlammas-dev.in\/fi\/kauppa\/adidas-metalbone-hrd-3-4\/\"]}]},{\"@type\":\"ImageObject\",\"inLanguage\":\"fi\",\"@id\":\"https:\/\/padelhaus.mustlammas-dev.in\/fi\/kauppa\/adidas-metalbone-hrd-3-4\/#primaryimage\",\"url\":\"https:\/\/padelhaus.mustlammas-dev.in\/wp-content\/uploads\/2025\/05\/Metalbone_HRD_3.4_AR1AA1FRONT_960x960_crop_center.jpg\",\"contentUrl\":\"https:\/\/padelhaus.mustlammas-dev.in\/wp-content\/uploads\/2025\/05\/Metalbone_HRD_3.4_AR1AA1FRONT_960x960_crop_center.jpg\",\"width\":960,\"height\":960,\"caption\":\"ADIDAS METALBONE HRD+ 3.4\"},{\"@type\":\"BreadcrumbList\",\"@id\":\"https:\/\/padelhaus.mustlammas-dev.in\/fi\/kauppa\/adidas-metalbone-hrd-3-4\/#breadcrumb\",\"itemListElement\":[{\"@type\":\"ListItem\",\"position\":1,\"name\":\"Avaleht\",\"item\":\"https:\/\/padelhaus.fi\/\"},{\"@type\":\"ListItem\",\"position\":2,\"name\":\"Kauppa\",\"item\":\"https:\/\/padelhaus.fi\/kauppa\/\"},{\"@type\":\"ListItem\",\"position\":3,\"name\":\"ADIDAS METALBONE HRD+ 3.4 2025\"}]},{\"@type\":\"WebSite\",\"@id\":\"https:\/\/padelhaus.mustlammas-dev.in\/fi\/#website\",\"url\":\"https:\/\/padelhaus.mustlammas-dev.in\/fi\/\",\"name\":\"Claude Padelhaus\",\"description\":\"Sinu padelivarustuse kodu\",\"publisher\":{\"@id\":\"https:\/\/padelhaus.mustlammas-dev.in\/fi\/#organization\"},\"potentialAction\":[{\"@type\":\"SearchAction\",\"target\":{\"@type\":\"EntryPoint\",\"urlTemplate\":\"https:\/\/padelhaus.mustlammas-dev.in\/fi\/?s={search_term_string}\"},\"query-input\":{\"@type\":\"PropertyValueSpecification\",\"valueRequired\":true,\"valueName\":\"search_term_string\"}}],\"inLanguage\":\"fi\"},{\"@type\":\"Organization\",\"@id\":\"https:\/\/padelhaus.mustlammas-dev.in\/fi\/#organization\",\"name\":\"Claude Padelhaus\",\"url\":\"https:\/\/padelhaus.mustlammas-dev.in\/fi\/\",\"logo\":{\"@type\":\"ImageObject\",\"inLanguage\":\"fi\",\"@id\":\"https:\/\/padelhaus.mustlammas-dev.in\/fi\/#\/schema\/logo\/image\/\",\"url\":\"https:\/\/padelhaus.mustlammas-dev.in\/wp-content\/uploads\/2025\/05\/Logo-1.png\",\"contentUrl\":\"https:\/\/padelhaus.mustlammas-dev.in\/wp-content\/uploads\/2025\/05\/Logo-1.png\",\"width\":280,\"height\":115,\"caption\":\"Claude Padelhaus\"},\"image\":{\"@id\":\"https:\/\/padelhaus.mustlammas-dev.in\/fi\/#\/schema\/logo\/image\/\"}}]}<\/script>\n<meta property=\"product:price:amount\" content=\"219.95\" \/>\n<meta property=\"product:price:currency\" content=\"EUR\" \/>\n<meta property=\"og:availability\" content=\"backorder\" \/>\n<meta property=\"product:availability\" content=\"available for order\" \/>\n<meta property=\"product:retailer_item_id\" content=\"ADI-R-14\" \/>\n<meta property=\"product:condition\" content=\"new\" \/>\n<!-- \/ Yoast SEO Premium plugin. -->","yoast_head_json":{"title":"ADIDAS METALBONE HRD+ 3.4 2025 | Test Padelhaus","description":"Padelmailat ja padelvarusteet edullisesti. Padelhaus on padel verkkokauppa, josta l\u00f6yd\u00e4t parhaat padelmailat kaikille tasoille.","robots":{"index":"noindex","follow":"follow","max-snippet":"max-snippet:-1","max-image-preview":"max-image-preview:large","max-video-preview":"max-video-preview:-1"},"og_locale":"fi_FI","og_type":"article","og_title":"ADIDAS METALBONE HRD+ 3.4 2025","og_description":"Padelmailat ja padelvarusteet edullisesti. Padelhaus on padel verkkokauppa, josta l\u00f6yd\u00e4t parhaat padelmailat kaikille tasoille.","og_url":"https:\/\/padelhaus.mustlammas-dev.in\/fi\/kauppa\/adidas-metalbone-hrd-3-4\/","og_site_name":"Test Padelhaus","article_modified_time":"2026-03-05T15:59:06+00:00","og_image":[{"width":960,"height":960,"url":"https:\/\/padelhaus.fi\/wp-content\/uploads\/2025\/05\/Metalbone_HRD_3.4_AR1AA1FRONT_960x960_crop_center.jpg","type":"image\/jpeg"}],"twitter_card":"summary_large_image","twitter_misc":{"Hinta":"219,95&nbsp;&euro;","Saatavuus":"J\u00e4lkitoimituksessa"},"schema":{"@context":"https:\/\/schema.org","@graph":[{"@type":["WebPage","ItemPage"],"@id":"https:\/\/padelhaus.mustlammas-dev.in\/fi\/kauppa\/adidas-metalbone-hrd-3-4\/","url":"https:\/\/padelhaus.mustlammas-dev.in\/fi\/kauppa\/adidas-metalbone-hrd-3-4\/","name":"ADIDAS METALBONE HRD+ 3.4 2025 | Test Padelhaus","isPartOf":{"@id":"https:\/\/padelhaus.mustlammas-dev.in\/fi\/#website"},"primaryImageOfPage":{"@id":"https:\/\/padelhaus.mustlammas-dev.in\/fi\/kauppa\/adidas-metalbone-hrd-3-4\/#primaryimage"},"image":{"@id":"https:\/\/padelhaus.mustlammas-dev.in\/fi\/kauppa\/adidas-metalbone-hrd-3-4\/#primaryimage"},"thumbnailUrl":"https:\/\/padelhaus.mustlammas-dev.in\/wp-content\/uploads\/2025\/05\/Metalbone_HRD_3.4_AR1AA1FRONT_960x960_crop_center.jpg","datePublished":"2025-05-26T10:26:06+00:00","dateModified":"2026-03-05T15:59:06+00:00","description":"Padelmailat ja padelvarusteet edullisesti. Padelhaus on padel verkkokauppa, josta l\u00f6yd\u00e4t parhaat padelmailat kaikille tasoille.","breadcrumb":{"@id":"https:\/\/padelhaus.mustlammas-dev.in\/fi\/kauppa\/adidas-metalbone-hrd-3-4\/#breadcrumb"},"inLanguage":"fi","potentialAction":[{"@type":"ReadAction","target":["https:\/\/padelhaus.mustlammas-dev.in\/fi\/kauppa\/adidas-metalbone-hrd-3-4\/"]}]},{"@type":"ImageObject","inLanguage":"fi","@id":"https:\/\/padelhaus.mustlammas-dev.in\/fi\/kauppa\/adidas-metalbone-hrd-3-4\/#primaryimage","url":"https:\/\/padelhaus.mustlammas-dev.in\/wp-content\/uploads\/2025\/05\/Metalbone_HRD_3.4_AR1AA1FRONT_960x960_crop_center.jpg","contentUrl":"https:\/\/padelhaus.mustlammas-dev.in\/wp-content\/uploads\/2025\/05\/Metalbone_HRD_3.4_AR1AA1FRONT_960x960_crop_center.jpg","width":960,"height":960,"caption":"ADIDAS METALBONE HRD+ 3.4"},{"@type":"BreadcrumbList","@id":"https:\/\/padelhaus.mustlammas-dev.in\/fi\/kauppa\/adidas-metalbone-hrd-3-4\/#breadcrumb","itemListElement":[{"@type":"ListItem","position":1,"name":"Avaleht","item":"https:\/\/padelhaus.fi\/"},{"@type":"ListItem","position":2,"name":"Kauppa","item":"https:\/\/padelhaus.fi\/kauppa\/"},{"@type":"ListItem","position":3,"name":"ADIDAS METALBONE HRD+ 3.4 2025"}]},{"@type":"WebSite","@id":"https:\/\/padelhaus.mustlammas-dev.in\/fi\/#website","url":"https:\/\/padelhaus.mustlammas-dev.in\/fi\/","name":"Claude Padelhaus","description":"Sinu padelivarustuse kodu","publisher":{"@id":"https:\/\/padelhaus.mustlammas-dev.in\/fi\/#organization"},"potentialAction":[{"@type":"SearchAction","target":{"@type":"EntryPoint","urlTemplate":"https:\/\/padelhaus.mustlammas-dev.in\/fi\/?s={search_term_string}"},"query-input":{"@type":"PropertyValueSpecification","valueRequired":true,"valueName":"search_term_string"}}],"inLanguage":"fi"},{"@type":"Organization","@id":"https:\/\/padelhaus.mustlammas-dev.in\/fi\/#organization","name":"Claude Padelhaus","url":"https:\/\/padelhaus.mustlammas-dev.in\/fi\/","logo":{"@type":"ImageObject","inLanguage":"fi","@id":"https:\/\/padelhaus.mustlammas-dev.in\/fi\/#\/schema\/logo\/image\/","url":"https:\/\/padelhaus.mustlammas-dev.in\/wp-content\/uploads\/2025\/05\/Logo-1.png","contentUrl":"https:\/\/padelhaus.mustlammas-dev.in\/wp-content\/uploads\/2025\/05\/Logo-1.png","width":280,"height":115,"caption":"Claude Padelhaus"},"image":{"@id":"https:\/\/padelhaus.mustlammas-dev.in\/fi\/#\/schema\/logo\/image\/"}}]},"product_price_amount":"219.95","product_price_currency":"EUR","og_availability":"backorder","product_availability":"available for order","product_retailer_item_id":"ADI-R-14","product_condition":"new"},"_links":{"self":[{"href":"https:\/\/padelhaus.mustlammas-dev.in\/fi\/wp-json\/wp\/v2\/product\/71653","targetHints":{"allow":["GET"]}}],"collection":[{"href":"https:\/\/padelhaus.mustlammas-dev.in\/fi\/wp-json\/wp\/v2\/product"}],"about":[{"href":"https:\/\/padelhaus.mustlammas-dev.in\/fi\/wp-json\/wp\/v2\/types\/product"}],"replies":[{"embeddable":true,"href":"https:\/\/padelhaus.mustlammas-dev.in\/fi\/wp-json\/wp\/v2\/comments?post=71653"}],"wp:featuredmedia":[{"embeddable":true,"href":"https:\/\/padelhaus.mustlammas-dev.in\/fi\/wp-json\/wp\/v2\/media\/71655"}],"wp:attachment":[{"href":"https:\/\/padelhaus.mustlammas-dev.in\/fi\/wp-json\/wp\/v2\/media?parent=71653"}],"wp:term":[{"taxonomy":"product_brand","embeddable":true,"href":"https:\/\/padelhaus.mustlammas-dev.in\/fi\/wp-json\/wp\/v2\/product_brand?post=71653"},{"taxonomy":"product_cat","embeddable":true,"href":"https:\/\/padelhaus.mustlammas-dev.in\/fi\/wp-json\/wp\/v2\/product_cat?post=71653"},{"taxonomy":"product_tag","embeddable":true,"href":"https:\/\/padelhaus.mustlammas-dev.in\/fi\/wp-json\/wp\/v2\/product_tag?post=71653"}],"curies":[{"name":"wp","href":"https:\/\/api.w.org\/{rel}","templated":true}]}}