{"id":71696,"date":"2025-05-28T13:21:11","date_gmt":"2025-05-28T10:21:11","guid":{"rendered":"https:\/\/padelhaus.mustlammas-dev.in\/pood\/head-one-ultralight-2024-black\/"},"modified":"2026-03-10T02:05:36","modified_gmt":"2026-03-10T00:05:36","slug":"head-one-ultralight-2024-black","status":"publish","type":"product","link":"https:\/\/padelhaus.mustlammas-dev.in\/fi\/kauppa\/head-one-ultralight-2024-black\/","title":{"rendered":"Head One Ultralight 2024 Black"},"content":{"rendered":"<p><strong>Head One Ultralight Black 2024<\/strong> -padelmaila on t\u00e4ydellinen valinta pelaajille, jotka etsiv\u00e4t keveytt\u00e4, erinomaista ohjattavuutta ja vahvaa pelipotentiaalia. T\u00e4m\u00e4 maila tarjoaa poikkeuksellista mukavuutta ja tarkkaa hallintaa, ja se sopii ihanteellisesti niille, jotka haluavat lis\u00e4t\u00e4 ly\u00f6ntien nopeutta ja tarkkuutta. <\/p>\n<h5>Innovatiivinen teknologia<\/h5>\n<p>Head One Ultralight 2024 on varustettu useilla huipputason teknologioilla, jotka viev\u00e4t suorituskyvyn seuraavalle tasolle:<\/p>\n<ul>\n<li><strong>Auxetic 2.0<\/strong> \u2013 parantaa mailan kest\u00e4vyytt\u00e4 reagoimalla v\u00e4litt\u00f6m\u00e4sti koviin ly\u00f6nteihin. Tuloksena on poikkeuksellinen tuntuma ja enemm\u00e4n voimaa ilman hallinnan menetyst\u00e4. Vastakkaissuuntaisten voimien ilmi\u00f6 mahdollistaa mailan mukautumisen tarkasti jokaiseen ly\u00f6ntiin.  <\/li>\n<li><strong>Spin Surface<\/strong> \u2013 karhea pinta helpottaa pallon kierteistyst\u00e4 ja hallintaa, mahdollistaen ly\u00f6ntien suunnan ja kierteiden vaihtelun kaikissa tilanteissa.<\/li>\n<li><strong>Comfort Foam<\/strong> \u2013 matalatiheyksinen vaahtomuovi, joka takaa mukavan pelituntuman, erinomaisen pallon l\u00e4hd\u00f6n ja v\u00e4hent\u00e4\u00e4 t\u00e4rin\u00e4\u00e4 tarjoten pehme\u00e4n ja nautinnollisen pelikokemuksen.<\/li>\n<li><strong>Smart Bridge<\/strong> \u2013 \u00e4lyk\u00e4s toiminto mailan kahvan ja ly\u00f6ntipinnan v\u00e4lill\u00e4 mukautuu pelaajan tyyliin tasapainottaen voimaa ja tarkkuutta ly\u00f6nnin mukaan. Se my\u00f6s v\u00e4hent\u00e4\u00e4 t\u00e4rin\u00e4\u00e4 ja parantaa pelimukavuutta. <\/li>\n<li><strong>Integrated Protector System (IPS)<\/strong> \u2013 muotoiltu suojaj\u00e4rjestelm\u00e4, joka suojaa mailaa iskuilta ja naarmuilta lis\u00e4ten sen kest\u00e4vyytt\u00e4.<\/li>\n<li><strong>Soft Butt Cap<\/strong> \u2013 pehmustettu kahvan p\u00e4\u00e4 takaa paremman otteen ja v\u00e4hent\u00e4\u00e4 k\u00e4teen kohdistuvaa t\u00e4rin\u00e4\u00e4 lis\u00e4ten k\u00e4ytt\u00f6mukavuutta.<\/li>\n<li><strong>Graphene Inside<\/strong> \u2013 grafeenin integrointi vahvistaa mailan rakennetta tarjoten parempaa vakautta ja energian jakautumista, mik\u00e4 takaa voimakkaammat ja tarkemmat ly\u00f6nnit.<\/li>\n<\/ul>\n<h5>Sopii kaikille tasoille<\/h5>\n<p>Head One Ultralight 2024 sopii kaikentasoisille pelaajille \u2013 aloittelijoista keskitasoon \u2013, jotka suosivat kevytt\u00e4 ja helposti hallittavaa mailaa. Erinomaisen hallinnan ja nopean reagointikyvyn ansiosta se sopii erityisesti niille, jotka arvostavat peliss\u00e4 nopeutta ja tarkkuutta. <\/p>\n","protected":false},"excerpt":{"rendered":"<p>Head One Ultralight Black 2024 -padelmaila on t\u00e4ydellinen valinta pelaajille, jotka etsiv\u00e4t keveytt\u00e4, erinomaista ohjattavuutta ja vahvaa pelipotentiaalia. T\u00e4m\u00e4 maila tarjoaa poikkeuksellista mukavuutta ja tarkkaa hallintaa, ja se sopii ihanteellisesti niille, jotka haluavat lis\u00e4t\u00e4 ly\u00f6ntien nopeutta ja tarkkuutta. Innovatiivinen teknologia Head One Ultralight 2024 on varustettu useilla huipputason teknologioilla, jotka viev\u00e4t suorituskyvyn seuraavalle tasolle: Auxetic [&hellip;]<\/p>\n","protected":false},"featured_media":71697,"comment_status":"open","ping_status":"closed","template":"","meta":{"_eb_attr":""},"product_brand":[509],"product_cat":[520,510,494],"product_tag":[],"class_list":{"0":"post-71696","1":"product","2":"type-product","3":"status-publish","4":"has-post-thumbnail","6":"product_brand-head","7":"product_cat-aloittelijat","8":"product_cat-head","9":"product_cat-padelmailat","10":"pa_kaal-300-g","11":"pa_kuju-pyorea","12":"pa_mangustiil-kontrolli","13":"pa_tasakaal-keskella","14":"pa_tase-aloittelija","15":"pa_varv-musta","18":"first","19":"instock","20":"sale","21":"taxable","22":"shipping-taxable","23":"purchasable","24":"product-type-simple"},"yoast_head":"<!-- This site is optimized with the Yoast SEO Premium plugin v27.1 (Yoast SEO v27.1.1) - https:\/\/yoast.com\/product\/yoast-seo-premium-wordpress\/ -->\n<title>Head One Ultralight 2024 Black | Test Padelhaus<\/title>\n<meta name=\"description\" content=\"Padelmailat ja padelvarusteet edullisesti. Padelhaus on padel verkkokauppa, josta l\u00f6yd\u00e4t parhaat padelmailat kaikille tasoille.\" \/>\n<meta name=\"robots\" content=\"noindex, follow, max-snippet:-1, max-image-preview:large, max-video-preview:-1\" \/>\n<meta property=\"og:locale\" content=\"fi_FI\" \/>\n<meta property=\"og:type\" content=\"article\" \/>\n<meta property=\"og:title\" content=\"Head One Ultralight 2024 Black\" \/>\n<meta property=\"og:description\" content=\"Padelmailat ja padelvarusteet edullisesti. Padelhaus on padel verkkokauppa, josta l\u00f6yd\u00e4t parhaat padelmailat kaikille tasoille.\" \/>\n<meta property=\"og:url\" content=\"https:\/\/padelhaus.mustlammas-dev.in\/fi\/kauppa\/head-one-ultralight-2024-black\/\" \/>\n<meta property=\"og:site_name\" content=\"Test Padelhaus\" \/>\n<meta property=\"article:modified_time\" content=\"2026-03-10T00:05:36+00:00\" \/>\n<meta property=\"og:image\" content=\"https:\/\/padelhaus.fi\/wp-content\/uploads\/2025\/05\/HEA-R-4-beez.png\" \/>\n\t<meta property=\"og:image:width\" content=\"960\" \/>\n\t<meta property=\"og:image:height\" content=\"960\" \/>\n\t<meta property=\"og:image:type\" content=\"image\/png\" \/>\n<meta name=\"twitter:card\" content=\"summary_large_image\" \/>\n<meta name=\"twitter:label1\" content=\"Hinta\" \/>\n\t<meta name=\"twitter:data1\" content=\"154,95&nbsp;&euro;\" \/>\n\t<meta name=\"twitter:label2\" content=\"Saatavuus\" \/>\n\t<meta name=\"twitter:data2\" content=\"Varastossa\" \/>\n<script type=\"application\/ld+json\" class=\"yoast-schema-graph\">{\"@context\":\"https:\/\/schema.org\",\"@graph\":[{\"@type\":[\"WebPage\",\"ItemPage\"],\"@id\":\"https:\/\/padelhaus.mustlammas-dev.in\/fi\/kauppa\/head-one-ultralight-2024-black\/\",\"url\":\"https:\/\/padelhaus.mustlammas-dev.in\/fi\/kauppa\/head-one-ultralight-2024-black\/\",\"name\":\"Head One Ultralight 2024 Black | Test Padelhaus\",\"isPartOf\":{\"@id\":\"https:\/\/padelhaus.mustlammas-dev.in\/fi\/#website\"},\"primaryImageOfPage\":{\"@id\":\"https:\/\/padelhaus.mustlammas-dev.in\/fi\/kauppa\/head-one-ultralight-2024-black\/#primaryimage\"},\"image\":{\"@id\":\"https:\/\/padelhaus.mustlammas-dev.in\/fi\/kauppa\/head-one-ultralight-2024-black\/#primaryimage\"},\"thumbnailUrl\":\"https:\/\/padelhaus.mustlammas-dev.in\/wp-content\/uploads\/2025\/05\/HEA-R-4-beez.png\",\"datePublished\":\"2025-05-28T10:21:11+00:00\",\"dateModified\":\"2026-03-10T00:05:36+00:00\",\"description\":\"Padelmailat ja padelvarusteet edullisesti. Padelhaus on padel verkkokauppa, josta l\u00f6yd\u00e4t parhaat padelmailat kaikille tasoille.\",\"breadcrumb\":{\"@id\":\"https:\/\/padelhaus.mustlammas-dev.in\/fi\/kauppa\/head-one-ultralight-2024-black\/#breadcrumb\"},\"inLanguage\":\"fi\",\"potentialAction\":[{\"@type\":\"ReadAction\",\"target\":[\"https:\/\/padelhaus.mustlammas-dev.in\/fi\/kauppa\/head-one-ultralight-2024-black\/\"]}]},{\"@type\":\"ImageObject\",\"inLanguage\":\"fi\",\"@id\":\"https:\/\/padelhaus.mustlammas-dev.in\/fi\/kauppa\/head-one-ultralight-2024-black\/#primaryimage\",\"url\":\"https:\/\/padelhaus.mustlammas-dev.in\/wp-content\/uploads\/2025\/05\/HEA-R-4-beez.png\",\"contentUrl\":\"https:\/\/padelhaus.mustlammas-dev.in\/wp-content\/uploads\/2025\/05\/HEA-R-4-beez.png\",\"width\":960,\"height\":960,\"caption\":\"Head One Ultralight 2024 Black\"},{\"@type\":\"BreadcrumbList\",\"@id\":\"https:\/\/padelhaus.mustlammas-dev.in\/fi\/kauppa\/head-one-ultralight-2024-black\/#breadcrumb\",\"itemListElement\":[{\"@type\":\"ListItem\",\"position\":1,\"name\":\"Avaleht\",\"item\":\"https:\/\/padelhaus.fi\/\"},{\"@type\":\"ListItem\",\"position\":2,\"name\":\"Kauppa\",\"item\":\"https:\/\/padelhaus.fi\/kauppa\/\"},{\"@type\":\"ListItem\",\"position\":3,\"name\":\"Head One Ultralight 2024 Black\"}]},{\"@type\":\"WebSite\",\"@id\":\"https:\/\/padelhaus.mustlammas-dev.in\/fi\/#website\",\"url\":\"https:\/\/padelhaus.mustlammas-dev.in\/fi\/\",\"name\":\"Claude Padelhaus\",\"description\":\"Sinu padelivarustuse kodu\",\"publisher\":{\"@id\":\"https:\/\/padelhaus.mustlammas-dev.in\/fi\/#organization\"},\"potentialAction\":[{\"@type\":\"SearchAction\",\"target\":{\"@type\":\"EntryPoint\",\"urlTemplate\":\"https:\/\/padelhaus.mustlammas-dev.in\/fi\/?s={search_term_string}\"},\"query-input\":{\"@type\":\"PropertyValueSpecification\",\"valueRequired\":true,\"valueName\":\"search_term_string\"}}],\"inLanguage\":\"fi\"},{\"@type\":\"Organization\",\"@id\":\"https:\/\/padelhaus.mustlammas-dev.in\/fi\/#organization\",\"name\":\"Claude Padelhaus\",\"url\":\"https:\/\/padelhaus.mustlammas-dev.in\/fi\/\",\"logo\":{\"@type\":\"ImageObject\",\"inLanguage\":\"fi\",\"@id\":\"https:\/\/padelhaus.mustlammas-dev.in\/fi\/#\/schema\/logo\/image\/\",\"url\":\"https:\/\/padelhaus.mustlammas-dev.in\/wp-content\/uploads\/2025\/05\/Logo-1.png\",\"contentUrl\":\"https:\/\/padelhaus.mustlammas-dev.in\/wp-content\/uploads\/2025\/05\/Logo-1.png\",\"width\":280,\"height\":115,\"caption\":\"Claude Padelhaus\"},\"image\":{\"@id\":\"https:\/\/padelhaus.mustlammas-dev.in\/fi\/#\/schema\/logo\/image\/\"}}]}<\/script>\n<meta property=\"product:price:amount\" content=\"154.95\" \/>\n<meta property=\"product:price:currency\" content=\"EUR\" \/>\n<meta property=\"og:availability\" content=\"instock\" \/>\n<meta property=\"product:availability\" content=\"instock\" \/>\n<meta property=\"product:retailer_item_id\" content=\"HEA-R-4\" \/>\n<meta property=\"product:condition\" content=\"new\" \/>\n<!-- \/ Yoast SEO Premium plugin. -->","yoast_head_json":{"title":"Head One Ultralight 2024 Black | Test Padelhaus","description":"Padelmailat ja padelvarusteet edullisesti. Padelhaus on padel verkkokauppa, josta l\u00f6yd\u00e4t parhaat padelmailat kaikille tasoille.","robots":{"index":"noindex","follow":"follow","max-snippet":"max-snippet:-1","max-image-preview":"max-image-preview:large","max-video-preview":"max-video-preview:-1"},"og_locale":"fi_FI","og_type":"article","og_title":"Head One Ultralight 2024 Black","og_description":"Padelmailat ja padelvarusteet edullisesti. Padelhaus on padel verkkokauppa, josta l\u00f6yd\u00e4t parhaat padelmailat kaikille tasoille.","og_url":"https:\/\/padelhaus.mustlammas-dev.in\/fi\/kauppa\/head-one-ultralight-2024-black\/","og_site_name":"Test Padelhaus","article_modified_time":"2026-03-10T00:05:36+00:00","og_image":[{"width":960,"height":960,"url":"https:\/\/padelhaus.fi\/wp-content\/uploads\/2025\/05\/HEA-R-4-beez.png","type":"image\/png"}],"twitter_card":"summary_large_image","twitter_misc":{"Hinta":"154,95&nbsp;&euro;","Saatavuus":"Varastossa"},"schema":{"@context":"https:\/\/schema.org","@graph":[{"@type":["WebPage","ItemPage"],"@id":"https:\/\/padelhaus.mustlammas-dev.in\/fi\/kauppa\/head-one-ultralight-2024-black\/","url":"https:\/\/padelhaus.mustlammas-dev.in\/fi\/kauppa\/head-one-ultralight-2024-black\/","name":"Head One Ultralight 2024 Black | Test Padelhaus","isPartOf":{"@id":"https:\/\/padelhaus.mustlammas-dev.in\/fi\/#website"},"primaryImageOfPage":{"@id":"https:\/\/padelhaus.mustlammas-dev.in\/fi\/kauppa\/head-one-ultralight-2024-black\/#primaryimage"},"image":{"@id":"https:\/\/padelhaus.mustlammas-dev.in\/fi\/kauppa\/head-one-ultralight-2024-black\/#primaryimage"},"thumbnailUrl":"https:\/\/padelhaus.mustlammas-dev.in\/wp-content\/uploads\/2025\/05\/HEA-R-4-beez.png","datePublished":"2025-05-28T10:21:11+00:00","dateModified":"2026-03-10T00:05:36+00:00","description":"Padelmailat ja padelvarusteet edullisesti. Padelhaus on padel verkkokauppa, josta l\u00f6yd\u00e4t parhaat padelmailat kaikille tasoille.","breadcrumb":{"@id":"https:\/\/padelhaus.mustlammas-dev.in\/fi\/kauppa\/head-one-ultralight-2024-black\/#breadcrumb"},"inLanguage":"fi","potentialAction":[{"@type":"ReadAction","target":["https:\/\/padelhaus.mustlammas-dev.in\/fi\/kauppa\/head-one-ultralight-2024-black\/"]}]},{"@type":"ImageObject","inLanguage":"fi","@id":"https:\/\/padelhaus.mustlammas-dev.in\/fi\/kauppa\/head-one-ultralight-2024-black\/#primaryimage","url":"https:\/\/padelhaus.mustlammas-dev.in\/wp-content\/uploads\/2025\/05\/HEA-R-4-beez.png","contentUrl":"https:\/\/padelhaus.mustlammas-dev.in\/wp-content\/uploads\/2025\/05\/HEA-R-4-beez.png","width":960,"height":960,"caption":"Head One Ultralight 2024 Black"},{"@type":"BreadcrumbList","@id":"https:\/\/padelhaus.mustlammas-dev.in\/fi\/kauppa\/head-one-ultralight-2024-black\/#breadcrumb","itemListElement":[{"@type":"ListItem","position":1,"name":"Avaleht","item":"https:\/\/padelhaus.fi\/"},{"@type":"ListItem","position":2,"name":"Kauppa","item":"https:\/\/padelhaus.fi\/kauppa\/"},{"@type":"ListItem","position":3,"name":"Head One Ultralight 2024 Black"}]},{"@type":"WebSite","@id":"https:\/\/padelhaus.mustlammas-dev.in\/fi\/#website","url":"https:\/\/padelhaus.mustlammas-dev.in\/fi\/","name":"Claude Padelhaus","description":"Sinu padelivarustuse kodu","publisher":{"@id":"https:\/\/padelhaus.mustlammas-dev.in\/fi\/#organization"},"potentialAction":[{"@type":"SearchAction","target":{"@type":"EntryPoint","urlTemplate":"https:\/\/padelhaus.mustlammas-dev.in\/fi\/?s={search_term_string}"},"query-input":{"@type":"PropertyValueSpecification","valueRequired":true,"valueName":"search_term_string"}}],"inLanguage":"fi"},{"@type":"Organization","@id":"https:\/\/padelhaus.mustlammas-dev.in\/fi\/#organization","name":"Claude Padelhaus","url":"https:\/\/padelhaus.mustlammas-dev.in\/fi\/","logo":{"@type":"ImageObject","inLanguage":"fi","@id":"https:\/\/padelhaus.mustlammas-dev.in\/fi\/#\/schema\/logo\/image\/","url":"https:\/\/padelhaus.mustlammas-dev.in\/wp-content\/uploads\/2025\/05\/Logo-1.png","contentUrl":"https:\/\/padelhaus.mustlammas-dev.in\/wp-content\/uploads\/2025\/05\/Logo-1.png","width":280,"height":115,"caption":"Claude Padelhaus"},"image":{"@id":"https:\/\/padelhaus.mustlammas-dev.in\/fi\/#\/schema\/logo\/image\/"}}]},"product_price_amount":"154.95","product_price_currency":"EUR","og_availability":"instock","product_availability":"instock","product_retailer_item_id":"HEA-R-4","product_condition":"new"},"_links":{"self":[{"href":"https:\/\/padelhaus.mustlammas-dev.in\/fi\/wp-json\/wp\/v2\/product\/71696","targetHints":{"allow":["GET"]}}],"collection":[{"href":"https:\/\/padelhaus.mustlammas-dev.in\/fi\/wp-json\/wp\/v2\/product"}],"about":[{"href":"https:\/\/padelhaus.mustlammas-dev.in\/fi\/wp-json\/wp\/v2\/types\/product"}],"replies":[{"embeddable":true,"href":"https:\/\/padelhaus.mustlammas-dev.in\/fi\/wp-json\/wp\/v2\/comments?post=71696"}],"wp:featuredmedia":[{"embeddable":true,"href":"https:\/\/padelhaus.mustlammas-dev.in\/fi\/wp-json\/wp\/v2\/media\/71697"}],"wp:attachment":[{"href":"https:\/\/padelhaus.mustlammas-dev.in\/fi\/wp-json\/wp\/v2\/media?parent=71696"}],"wp:term":[{"taxonomy":"product_brand","embeddable":true,"href":"https:\/\/padelhaus.mustlammas-dev.in\/fi\/wp-json\/wp\/v2\/product_brand?post=71696"},{"taxonomy":"product_cat","embeddable":true,"href":"https:\/\/padelhaus.mustlammas-dev.in\/fi\/wp-json\/wp\/v2\/product_cat?post=71696"},{"taxonomy":"product_tag","embeddable":true,"href":"https:\/\/padelhaus.mustlammas-dev.in\/fi\/wp-json\/wp\/v2\/product_tag?post=71696"}],"curies":[{"name":"wp","href":"https:\/\/api.w.org\/{rel}","templated":true}]}}