{"id":71700,"date":"2025-05-28T13:21:12","date_gmt":"2025-05-28T10:21:12","guid":{"rendered":"https:\/\/padelhaus.mustlammas-dev.in\/pood\/head-bolt-black-purple-2025\/"},"modified":"2026-03-05T17:58:51","modified_gmt":"2026-03-05T15:58:51","slug":"head-bolt-black-purple-2025","status":"publish","type":"product","link":"https:\/\/padelhaus.mustlammas-dev.in\/fi\/kauppa\/head-bolt-black-purple-2025\/","title":{"rendered":"HEAD BOLT Black 2025"},"content":{"rendered":"<p>Jos etsit mailaa, jossa yhdistyv\u00e4t voima, tarkkuus ja hallinta, HEAD BOLT Black 2025 on t\u00e4ydellinen valinta. Suurella, pisaranmuotoisella ly\u00f6ntipinnalla varustettu maila tarjoaa mukavan ja anteeksiantavan tuntuman, joka tukee sujuvaa ja monipuolista peli\u00e4. <\/p>\n<h5>Moderni muotoilu ja tasapainoinen suorituskyky<\/h5>\n<ul>\n<li>Rohkea ja tyylik\u00e4s ulkoasu mustan ja liilan s\u00e4vyiss\u00e4<\/li>\n<li>Helposti hallittavaa voimaa, sopii erinomaisesti aloittelijoille ja harrastajille<\/li>\n<li>Pisaranmuoto ja suuri ly\u00f6ntipinta monipuoliseen peliin<\/li>\n<li>Lasikuituinen ly\u00f6ntipinta takaa pehme\u00e4n ja mukavan pallotuntuman<\/li>\n<li>Suurennettu sweet spot tarjoaa anteeksiantavuutta virhely\u00f6nneiss\u00e4<\/li>\n<\/ul>\n<h5>Huipputeknologiaa paremman pelikokemuksen puolesta<\/h5>\n<ul>\n<li><strong>Innegra\u2122:<\/strong> Hybridimateriaali, joka parantaa iskujen vaimennusta ja vakautta<\/li>\n<li><strong>Power Foam:<\/strong> Eritt\u00e4in herk\u00e4sti reagoiva vaahtoydin, joka maksimoi voiman ja tehostaa hy\u00f6kk\u00e4ysly\u00f6ntej\u00e4<\/li>\n<li><strong>Power Frame:<\/strong> Erityismuotoiltu runkorakenne, joka lis\u00e4\u00e4 ly\u00f6ntien voimaa<\/li>\n<li><strong>Integrated Protector System (IPS):<\/strong> Hiilikuituinen suojus, joka suojaa mailaa naarmuilta ja iskuilta pident\u00e4en sen k\u00e4ytt\u00f6ik\u00e4\u00e4<\/li>\n<li><strong>Tailored Frame:<\/strong> Putketon rakenne, jossa kumimateriaali ulottuu mailan reunaan asti, laajentaen sweet spotia ja parantaen iskunkest\u00e4vyytt\u00e4<\/li>\n<\/ul>\n<h5>Pelaa itsevarmasti ja hallitusti<\/h5>\n<p>HEAD BOLT Black 2025 sopii loistavasti pelaajille, jotka haluavat nostaa pelitasoaan s\u00e4ilytt\u00e4en samalla hallinnan, mukavuuden ja kest\u00e4vyyden. Teknologioidensa ja monipuolisen muotoilunsa ansiosta t\u00e4m\u00e4 maila vie pelisi seuraavalle tasolle. <\/p>\n","protected":false},"excerpt":{"rendered":"<p>Jos etsit mailaa, jossa yhdistyv\u00e4t voima, tarkkuus ja hallinta, HEAD BOLT Black 2025 on t\u00e4ydellinen valinta. Suurella, pisaranmuotoisella ly\u00f6ntipinnalla varustettu maila tarjoaa mukavan ja anteeksiantavan tuntuman, joka tukee sujuvaa ja monipuolista peli\u00e4. Moderni muotoilu ja tasapainoinen suorituskyky Rohkea ja tyylik\u00e4s ulkoasu mustan ja liilan s\u00e4vyiss\u00e4 Helposti hallittavaa voimaa, sopii erinomaisesti aloittelijoille ja harrastajille Pisaranmuoto ja [&hellip;]<\/p>\n","protected":false},"featured_media":73098,"comment_status":"open","ping_status":"closed","template":"","meta":{"_eb_attr":""},"product_brand":[509],"product_cat":[520,510,494],"product_tag":[],"class_list":{"0":"post-71700","1":"product","2":"type-product","3":"status-publish","4":"has-post-thumbnail","6":"product_brand-head","7":"product_cat-aloittelijat","8":"product_cat-head","9":"product_cat-padelmailat","10":"pa_kaal-360g","11":"pa_kuju-pisaranmuotoinen","12":"pa_mangustiil-hybridi","13":"pa_tasakaal-keskella","14":"pa_tase-aloittelija","15":"pa_varv-musta","18":"first","19":"instock","20":"sale","21":"taxable","22":"shipping-taxable","23":"purchasable","24":"product-type-simple"},"yoast_head":"<!-- This site is optimized with the Yoast SEO Premium plugin v27.1 (Yoast SEO v27.1.1) - https:\/\/yoast.com\/product\/yoast-seo-premium-wordpress\/ -->\n<title>HEAD BOLT Black 2025 | Test Padelhaus<\/title>\n<meta name=\"description\" content=\"Padelmailat ja padelvarusteet edullisesti. Padelhaus on padel verkkokauppa, josta l\u00f6yd\u00e4t parhaat padelmailat kaikille tasoille.\" \/>\n<meta name=\"robots\" content=\"noindex, follow, max-snippet:-1, max-image-preview:large, max-video-preview:-1\" \/>\n<meta property=\"og:locale\" content=\"fi_FI\" \/>\n<meta property=\"og:type\" content=\"article\" \/>\n<meta property=\"og:title\" content=\"HEAD BOLT Black 2025\" \/>\n<meta property=\"og:description\" content=\"Padelmailat ja padelvarusteet edullisesti. Padelhaus on padel verkkokauppa, josta l\u00f6yd\u00e4t parhaat padelmailat kaikille tasoille.\" \/>\n<meta property=\"og:url\" content=\"https:\/\/padelhaus.mustlammas-dev.in\/fi\/kauppa\/head-bolt-black-purple-2025\/\" \/>\n<meta property=\"og:site_name\" content=\"Test Padelhaus\" \/>\n<meta property=\"article:modified_time\" content=\"2026-03-05T15:58:51+00:00\" \/>\n<meta property=\"og:image\" content=\"https:\/\/padelhaus.fi\/wp-content\/uploads\/2025\/05\/HEA-R-7-beez.png\" \/>\n\t<meta property=\"og:image:width\" content=\"960\" \/>\n\t<meta property=\"og:image:height\" content=\"960\" \/>\n\t<meta property=\"og:image:type\" content=\"image\/png\" \/>\n<meta name=\"twitter:card\" content=\"summary_large_image\" \/>\n<meta name=\"twitter:label1\" content=\"Hinta\" \/>\n\t<meta name=\"twitter:data1\" content=\"84,00&nbsp;&euro;\" \/>\n\t<meta name=\"twitter:label2\" content=\"Saatavuus\" \/>\n\t<meta name=\"twitter:data2\" content=\"Varastossa\" \/>\n<script type=\"application\/ld+json\" class=\"yoast-schema-graph\">{\"@context\":\"https:\/\/schema.org\",\"@graph\":[{\"@type\":[\"WebPage\",\"ItemPage\"],\"@id\":\"https:\/\/padelhaus.mustlammas-dev.in\/fi\/kauppa\/head-bolt-black-purple-2025\/\",\"url\":\"https:\/\/padelhaus.mustlammas-dev.in\/fi\/kauppa\/head-bolt-black-purple-2025\/\",\"name\":\"HEAD BOLT Black 2025 | Test Padelhaus\",\"isPartOf\":{\"@id\":\"https:\/\/padelhaus.mustlammas-dev.in\/fi\/#website\"},\"primaryImageOfPage\":{\"@id\":\"https:\/\/padelhaus.mustlammas-dev.in\/fi\/kauppa\/head-bolt-black-purple-2025\/#primaryimage\"},\"image\":{\"@id\":\"https:\/\/padelhaus.mustlammas-dev.in\/fi\/kauppa\/head-bolt-black-purple-2025\/#primaryimage\"},\"thumbnailUrl\":\"https:\/\/padelhaus.mustlammas-dev.in\/wp-content\/uploads\/2025\/05\/HEA-R-7-beez.png\",\"datePublished\":\"2025-05-28T10:21:12+00:00\",\"dateModified\":\"2026-03-05T15:58:51+00:00\",\"description\":\"Padelmailat ja padelvarusteet edullisesti. Padelhaus on padel verkkokauppa, josta l\u00f6yd\u00e4t parhaat padelmailat kaikille tasoille.\",\"breadcrumb\":{\"@id\":\"https:\/\/padelhaus.mustlammas-dev.in\/fi\/kauppa\/head-bolt-black-purple-2025\/#breadcrumb\"},\"inLanguage\":\"fi\",\"potentialAction\":[{\"@type\":\"ReadAction\",\"target\":[\"https:\/\/padelhaus.mustlammas-dev.in\/fi\/kauppa\/head-bolt-black-purple-2025\/\"]}]},{\"@type\":\"ImageObject\",\"inLanguage\":\"fi\",\"@id\":\"https:\/\/padelhaus.mustlammas-dev.in\/fi\/kauppa\/head-bolt-black-purple-2025\/#primaryimage\",\"url\":\"https:\/\/padelhaus.mustlammas-dev.in\/wp-content\/uploads\/2025\/05\/HEA-R-7-beez.png\",\"contentUrl\":\"https:\/\/padelhaus.mustlammas-dev.in\/wp-content\/uploads\/2025\/05\/HEA-R-7-beez.png\",\"width\":960,\"height\":960,\"caption\":\"HEAD BOLT Black\/ Purple 2025\"},{\"@type\":\"BreadcrumbList\",\"@id\":\"https:\/\/padelhaus.mustlammas-dev.in\/fi\/kauppa\/head-bolt-black-purple-2025\/#breadcrumb\",\"itemListElement\":[{\"@type\":\"ListItem\",\"position\":1,\"name\":\"Avaleht\",\"item\":\"https:\/\/padelhaus.fi\/\"},{\"@type\":\"ListItem\",\"position\":2,\"name\":\"Kauppa\",\"item\":\"https:\/\/padelhaus.fi\/kauppa\/\"},{\"@type\":\"ListItem\",\"position\":3,\"name\":\"HEAD BOLT Black 2025\"}]},{\"@type\":\"WebSite\",\"@id\":\"https:\/\/padelhaus.mustlammas-dev.in\/fi\/#website\",\"url\":\"https:\/\/padelhaus.mustlammas-dev.in\/fi\/\",\"name\":\"Claude Padelhaus\",\"description\":\"Sinu padelivarustuse kodu\",\"publisher\":{\"@id\":\"https:\/\/padelhaus.mustlammas-dev.in\/fi\/#organization\"},\"potentialAction\":[{\"@type\":\"SearchAction\",\"target\":{\"@type\":\"EntryPoint\",\"urlTemplate\":\"https:\/\/padelhaus.mustlammas-dev.in\/fi\/?s={search_term_string}\"},\"query-input\":{\"@type\":\"PropertyValueSpecification\",\"valueRequired\":true,\"valueName\":\"search_term_string\"}}],\"inLanguage\":\"fi\"},{\"@type\":\"Organization\",\"@id\":\"https:\/\/padelhaus.mustlammas-dev.in\/fi\/#organization\",\"name\":\"Claude Padelhaus\",\"url\":\"https:\/\/padelhaus.mustlammas-dev.in\/fi\/\",\"logo\":{\"@type\":\"ImageObject\",\"inLanguage\":\"fi\",\"@id\":\"https:\/\/padelhaus.mustlammas-dev.in\/fi\/#\/schema\/logo\/image\/\",\"url\":\"https:\/\/padelhaus.mustlammas-dev.in\/wp-content\/uploads\/2025\/05\/Logo-1.png\",\"contentUrl\":\"https:\/\/padelhaus.mustlammas-dev.in\/wp-content\/uploads\/2025\/05\/Logo-1.png\",\"width\":280,\"height\":115,\"caption\":\"Claude Padelhaus\"},\"image\":{\"@id\":\"https:\/\/padelhaus.mustlammas-dev.in\/fi\/#\/schema\/logo\/image\/\"}}]}<\/script>\n<meta property=\"product:price:amount\" content=\"84.00\" \/>\n<meta property=\"product:price:currency\" content=\"EUR\" \/>\n<meta property=\"og:availability\" content=\"instock\" \/>\n<meta property=\"product:availability\" content=\"instock\" \/>\n<meta property=\"product:retailer_item_id\" content=\"HEA-R-7\" \/>\n<meta property=\"product:condition\" content=\"new\" \/>\n<!-- \/ Yoast SEO Premium plugin. -->","yoast_head_json":{"title":"HEAD BOLT Black 2025 | Test Padelhaus","description":"Padelmailat ja padelvarusteet edullisesti. Padelhaus on padel verkkokauppa, josta l\u00f6yd\u00e4t parhaat padelmailat kaikille tasoille.","robots":{"index":"noindex","follow":"follow","max-snippet":"max-snippet:-1","max-image-preview":"max-image-preview:large","max-video-preview":"max-video-preview:-1"},"og_locale":"fi_FI","og_type":"article","og_title":"HEAD BOLT Black 2025","og_description":"Padelmailat ja padelvarusteet edullisesti. Padelhaus on padel verkkokauppa, josta l\u00f6yd\u00e4t parhaat padelmailat kaikille tasoille.","og_url":"https:\/\/padelhaus.mustlammas-dev.in\/fi\/kauppa\/head-bolt-black-purple-2025\/","og_site_name":"Test Padelhaus","article_modified_time":"2026-03-05T15:58:51+00:00","og_image":[{"width":960,"height":960,"url":"https:\/\/padelhaus.fi\/wp-content\/uploads\/2025\/05\/HEA-R-7-beez.png","type":"image\/png"}],"twitter_card":"summary_large_image","twitter_misc":{"Hinta":"84,00&nbsp;&euro;","Saatavuus":"Varastossa"},"schema":{"@context":"https:\/\/schema.org","@graph":[{"@type":["WebPage","ItemPage"],"@id":"https:\/\/padelhaus.mustlammas-dev.in\/fi\/kauppa\/head-bolt-black-purple-2025\/","url":"https:\/\/padelhaus.mustlammas-dev.in\/fi\/kauppa\/head-bolt-black-purple-2025\/","name":"HEAD BOLT Black 2025 | Test Padelhaus","isPartOf":{"@id":"https:\/\/padelhaus.mustlammas-dev.in\/fi\/#website"},"primaryImageOfPage":{"@id":"https:\/\/padelhaus.mustlammas-dev.in\/fi\/kauppa\/head-bolt-black-purple-2025\/#primaryimage"},"image":{"@id":"https:\/\/padelhaus.mustlammas-dev.in\/fi\/kauppa\/head-bolt-black-purple-2025\/#primaryimage"},"thumbnailUrl":"https:\/\/padelhaus.mustlammas-dev.in\/wp-content\/uploads\/2025\/05\/HEA-R-7-beez.png","datePublished":"2025-05-28T10:21:12+00:00","dateModified":"2026-03-05T15:58:51+00:00","description":"Padelmailat ja padelvarusteet edullisesti. Padelhaus on padel verkkokauppa, josta l\u00f6yd\u00e4t parhaat padelmailat kaikille tasoille.","breadcrumb":{"@id":"https:\/\/padelhaus.mustlammas-dev.in\/fi\/kauppa\/head-bolt-black-purple-2025\/#breadcrumb"},"inLanguage":"fi","potentialAction":[{"@type":"ReadAction","target":["https:\/\/padelhaus.mustlammas-dev.in\/fi\/kauppa\/head-bolt-black-purple-2025\/"]}]},{"@type":"ImageObject","inLanguage":"fi","@id":"https:\/\/padelhaus.mustlammas-dev.in\/fi\/kauppa\/head-bolt-black-purple-2025\/#primaryimage","url":"https:\/\/padelhaus.mustlammas-dev.in\/wp-content\/uploads\/2025\/05\/HEA-R-7-beez.png","contentUrl":"https:\/\/padelhaus.mustlammas-dev.in\/wp-content\/uploads\/2025\/05\/HEA-R-7-beez.png","width":960,"height":960,"caption":"HEAD BOLT Black\/ Purple 2025"},{"@type":"BreadcrumbList","@id":"https:\/\/padelhaus.mustlammas-dev.in\/fi\/kauppa\/head-bolt-black-purple-2025\/#breadcrumb","itemListElement":[{"@type":"ListItem","position":1,"name":"Avaleht","item":"https:\/\/padelhaus.fi\/"},{"@type":"ListItem","position":2,"name":"Kauppa","item":"https:\/\/padelhaus.fi\/kauppa\/"},{"@type":"ListItem","position":3,"name":"HEAD BOLT Black 2025"}]},{"@type":"WebSite","@id":"https:\/\/padelhaus.mustlammas-dev.in\/fi\/#website","url":"https:\/\/padelhaus.mustlammas-dev.in\/fi\/","name":"Claude Padelhaus","description":"Sinu padelivarustuse kodu","publisher":{"@id":"https:\/\/padelhaus.mustlammas-dev.in\/fi\/#organization"},"potentialAction":[{"@type":"SearchAction","target":{"@type":"EntryPoint","urlTemplate":"https:\/\/padelhaus.mustlammas-dev.in\/fi\/?s={search_term_string}"},"query-input":{"@type":"PropertyValueSpecification","valueRequired":true,"valueName":"search_term_string"}}],"inLanguage":"fi"},{"@type":"Organization","@id":"https:\/\/padelhaus.mustlammas-dev.in\/fi\/#organization","name":"Claude Padelhaus","url":"https:\/\/padelhaus.mustlammas-dev.in\/fi\/","logo":{"@type":"ImageObject","inLanguage":"fi","@id":"https:\/\/padelhaus.mustlammas-dev.in\/fi\/#\/schema\/logo\/image\/","url":"https:\/\/padelhaus.mustlammas-dev.in\/wp-content\/uploads\/2025\/05\/Logo-1.png","contentUrl":"https:\/\/padelhaus.mustlammas-dev.in\/wp-content\/uploads\/2025\/05\/Logo-1.png","width":280,"height":115,"caption":"Claude Padelhaus"},"image":{"@id":"https:\/\/padelhaus.mustlammas-dev.in\/fi\/#\/schema\/logo\/image\/"}}]},"product_price_amount":"84.00","product_price_currency":"EUR","og_availability":"instock","product_availability":"instock","product_retailer_item_id":"HEA-R-7","product_condition":"new"},"_links":{"self":[{"href":"https:\/\/padelhaus.mustlammas-dev.in\/fi\/wp-json\/wp\/v2\/product\/71700","targetHints":{"allow":["GET"]}}],"collection":[{"href":"https:\/\/padelhaus.mustlammas-dev.in\/fi\/wp-json\/wp\/v2\/product"}],"about":[{"href":"https:\/\/padelhaus.mustlammas-dev.in\/fi\/wp-json\/wp\/v2\/types\/product"}],"replies":[{"embeddable":true,"href":"https:\/\/padelhaus.mustlammas-dev.in\/fi\/wp-json\/wp\/v2\/comments?post=71700"}],"wp:featuredmedia":[{"embeddable":true,"href":"https:\/\/padelhaus.mustlammas-dev.in\/fi\/wp-json\/wp\/v2\/media\/73098"}],"wp:attachment":[{"href":"https:\/\/padelhaus.mustlammas-dev.in\/fi\/wp-json\/wp\/v2\/media?parent=71700"}],"wp:term":[{"taxonomy":"product_brand","embeddable":true,"href":"https:\/\/padelhaus.mustlammas-dev.in\/fi\/wp-json\/wp\/v2\/product_brand?post=71700"},{"taxonomy":"product_cat","embeddable":true,"href":"https:\/\/padelhaus.mustlammas-dev.in\/fi\/wp-json\/wp\/v2\/product_cat?post=71700"},{"taxonomy":"product_tag","embeddable":true,"href":"https:\/\/padelhaus.mustlammas-dev.in\/fi\/wp-json\/wp\/v2\/product_tag?post=71700"}],"curies":[{"name":"wp","href":"https:\/\/api.w.org\/{rel}","templated":true}]}}