{"id":71745,"date":"2025-05-28T13:30:14","date_gmt":"2025-05-28T10:30:14","guid":{"rendered":"https:\/\/padelhaus.mustlammas-dev.in\/pood\/nox-ml10-quantum-3k-2025\/"},"modified":"2026-03-10T02:05:36","modified_gmt":"2026-03-10T00:05:36","slug":"nox-ml10-quantum-3k-2025","status":"publish","type":"product","link":"https:\/\/padelhaus.mustlammas-dev.in\/fi\/kauppa\/nox-ml10-quantum-3k-2025\/","title":{"rendered":"NOX ML10 QUANTUM 3K 2025"},"content":{"rendered":"<p><strong>ML10 Quantum 3K -maila<\/strong> on Miguel Lampertin kanssa yhteisty\u00f6ss\u00e4 luotu jatkuvasti kehittyv\u00e4 klassikko. Testea Padel on valinnut sen jo toisena per\u00e4kk\u00e4isen\u00e4 vuotena (2024) parhaaksi kontrolliin painottuvaksi hybridimailaksi. Maila on t\u00e4ydellinen pelaajille, jotka etsiv\u00e4t t\u00e4ydellist\u00e4 tasapainoa kontrollin ja voiman v\u00e4lill\u00e4 s\u00e4ilytt\u00e4en NOXin kuuluisan HR3-kumiteknologian, nyt uudessa v\u00e4riss\u00e4.  <\/p>\n<h5>Innovaatio fotokromaattisella maalilla: silmiinpist\u00e4v\u00e4 ulkoasu<\/h5>\n<p>ML10 Quantum 3K hy\u00f6dynt\u00e4\u00e4 Photochromic Paint -teknologiaa \u2013 reaktiivista maalia, joka vaihtaa v\u00e4ri\u00e4 valon mukaan ja sointuu HR3-ytimen s\u00e4vyyn. Tuloksena on visuaaliselt harmoninen ja erottuva muotoilu, joka antaa mailalle modernin ilmeen s\u00e4ilytt\u00e4en sen klassisen luonteen. <\/p>\n<h5>T\u00e4ydellinen tasapaino ja paremmat reaktiot EOS Flap -teknologian ansiosta<\/h5>\n<ul>\n<li>Mailassa on kahdeksankulmainen kahvanp\u00e4\u00e4, joka parantaa otetta pelaajan otteesta riippumatta. EOS Flap -teknologia parantaa ohjattavuutta ja optimoi painonjakautumista, tehden mailasta nopean ja tarkan peliss\u00e4. <\/li>\n<li>3K-hiilikuitu + HR3-ydin: Ikoninen yhdistelm\u00e4<\/li>\n<li>ML10 Quantum 3K yhdist\u00e4\u00e4 3K-hiilikuidun ja NOXin kuuluisan HR3-kumiytimen, jota Lamperti itsekin suosii. T\u00e4m\u00e4 luo NOX-mailoille ominaisen keskikovan tuntuman ja tekee siit\u00e4 &#8220;plug-and-play&#8221; -tyyppisen mailan, joka sopii monentasoisille pelaajille. <\/li>\n<\/ul>\n<h5>EXCLUSIVE SPIN -kaksoiskarkeus: Enemm\u00e4n kierteit\u00e4<\/h5>\n<p>Mailassa on EXCLUSIVE SPIN -kaksoiskarkea viimeistely: keskiosassa on 3D-kuusikulmainen kuvio ja muualla hiekkamainen tekstuuri. T\u00e4m\u00e4 ratkaisu parantaa kontrollia ja mahdollistaa kovemmat kierteet, mik\u00e4 antaa kilpailuetua strategisissa tilanteissa. <\/p>\n<h5>Mukavuus ja t\u00e4rin\u00e4nvaimennus<\/h5>\n<ul>\n<li>V\u00e4hemm\u00e4n t\u00e4rin\u00e4\u00e4 NOX Custom Grip\u00ae- ja Pulse System -teknologioiden ansiosta<br \/>\nNOX Custom Grip\u00ae yhdess\u00e4 Pulse Systemin kanssa v\u00e4hent\u00e4\u00e4 pelin aikana syntyv\u00e4\u00e4 t\u00e4rin\u00e4\u00e4, lievitt\u00e4\u00e4 nivelten v\u00e4symist\u00e4 ja lis\u00e4\u00e4 pelimukavuutta auttaen v\u00e4ltt\u00e4m\u00e4\u00e4n vammoja my\u00f6s intensiivisiss\u00e4 otteluissa.<\/li>\n<li>Smartstrap\u00ae-j\u00e4rjestelm\u00e4: turvallisuus ja mukautettavuus<br \/>\nML10 Quantum 3K sis\u00e4lt\u00e4\u00e4 my\u00f6s Smartstrap\u00ae-j\u00e4rjestelm\u00e4n, jonka avulla rannenauhan voi vaihtaa nopeasti ja helposti. T\u00e4m\u00e4 takaa hygienian, turvallisuuden ja yksil\u00f6llisen mukautettavuuden s\u00e4ilytt\u00e4en samalla mailan tekniset ominaisuudet ja takuun. <\/li>\n<\/ul>\n<p>ML10 Quantum 3K 2025 on t\u00e4ydellinen valinta pelaajille, jotka arvostavat klassista kontrollia, moderneja teknologioita ja eleganttia muotoilua \u2013 kaikki samassa mailassa.<\/p>\n","protected":false},"excerpt":{"rendered":"<p>ML10 Quantum 3K -maila on Miguel Lampertin kanssa yhteisty\u00f6ss\u00e4 luotu jatkuvasti kehittyv\u00e4 klassikko. Testea Padel on valinnut sen jo toisena per\u00e4kk\u00e4isen\u00e4 vuotena (2024) parhaaksi kontrolliin painottuvaksi hybridimailaksi. Maila on t\u00e4ydellinen pelaajille, jotka etsiv\u00e4t t\u00e4ydellist\u00e4 tasapainoa kontrollin ja voiman v\u00e4lill\u00e4 s\u00e4ilytt\u00e4en NOXin kuuluisan HR3-kumiteknologian, nyt uudessa v\u00e4riss\u00e4. Innovaatio fotokromaattisella maalilla: silmiinpist\u00e4v\u00e4 ulkoasu ML10 Quantum 3K hy\u00f6dynt\u00e4\u00e4 [&hellip;]<\/p>\n","protected":false},"featured_media":71746,"comment_status":"open","ping_status":"closed","template":"","meta":{"_eb_attr":""},"product_brand":[493],"product_cat":[495,497,494],"product_tag":[],"class_list":{"0":"post-71745","1":"product","2":"type-product","3":"status-publish","4":"has-post-thumbnail","6":"product_brand-nox","7":"product_cat-keskitaso","8":"product_cat-nox","9":"product_cat-padelmailat","10":"pa_kaal-365g","11":"pa_kuju-pyorea","12":"pa_mangustiil-hybridi","13":"pa_tasakaal-keskella","14":"pa_tase-keskitaso","15":"pa_varv-valkoinen","18":"first","19":"instock","20":"sale","21":"featured","22":"taxable","23":"shipping-taxable","24":"purchasable","25":"product-type-simple"},"yoast_head":"<!-- This site is optimized with the Yoast SEO Premium plugin v27.1 (Yoast SEO v27.1.1) - https:\/\/yoast.com\/product\/yoast-seo-premium-wordpress\/ -->\n<title>NOX ML10 QUANTUM 3K 2025 | Test Padelhaus<\/title>\n<meta name=\"description\" content=\"Padelmailat ja padelvarusteet edullisesti. Padelhaus on padel verkkokauppa, josta l\u00f6yd\u00e4t parhaat padelmailat kaikille tasoille.\" \/>\n<meta name=\"robots\" content=\"noindex, follow, max-snippet:-1, max-image-preview:large, max-video-preview:-1\" \/>\n<meta property=\"og:locale\" content=\"fi_FI\" \/>\n<meta property=\"og:type\" content=\"article\" \/>\n<meta property=\"og:title\" content=\"NOX ML10 QUANTUM 3K 2025\" \/>\n<meta property=\"og:description\" content=\"Padelmailat ja padelvarusteet edullisesti. Padelhaus on padel verkkokauppa, josta l\u00f6yd\u00e4t parhaat padelmailat kaikille tasoille.\" \/>\n<meta property=\"og:url\" content=\"https:\/\/padelhaus.mustlammas-dev.in\/fi\/kauppa\/nox-ml10-quantum-3k-2025\/\" \/>\n<meta property=\"og:site_name\" content=\"Test Padelhaus\" \/>\n<meta property=\"article:modified_time\" content=\"2026-03-10T00:05:36+00:00\" \/>\n<meta property=\"og:image\" content=\"https:\/\/padelhaus.mustlammas-dev.in\/wp-content\/uploads\/2025\/05\/NOX-R-13-beez.png\" \/>\n\t<meta property=\"og:image:width\" content=\"960\" \/>\n\t<meta property=\"og:image:height\" content=\"960\" \/>\n\t<meta property=\"og:image:type\" content=\"image\/png\" \/>\n<meta name=\"twitter:card\" content=\"summary_large_image\" \/>\n<meta name=\"twitter:label1\" content=\"Hinta\" \/>\n\t<meta name=\"twitter:data1\" content=\"164,95&nbsp;&euro;\" \/>\n\t<meta name=\"twitter:label2\" content=\"Saatavuus\" \/>\n\t<meta name=\"twitter:data2\" content=\"Varastossa\" \/>\n<script type=\"application\/ld+json\" class=\"yoast-schema-graph\">{\"@context\":\"https:\/\/schema.org\",\"@graph\":[{\"@type\":[\"WebPage\",\"ItemPage\"],\"@id\":\"https:\/\/padelhaus.mustlammas-dev.in\/fi\/kauppa\/nox-ml10-quantum-3k-2025\/\",\"url\":\"https:\/\/padelhaus.mustlammas-dev.in\/fi\/kauppa\/nox-ml10-quantum-3k-2025\/\",\"name\":\"NOX ML10 QUANTUM 3K 2025 | Test Padelhaus\",\"isPartOf\":{\"@id\":\"https:\/\/padelhaus.mustlammas-dev.in\/fi\/#website\"},\"primaryImageOfPage\":{\"@id\":\"https:\/\/padelhaus.mustlammas-dev.in\/fi\/kauppa\/nox-ml10-quantum-3k-2025\/#primaryimage\"},\"image\":{\"@id\":\"https:\/\/padelhaus.mustlammas-dev.in\/fi\/kauppa\/nox-ml10-quantum-3k-2025\/#primaryimage\"},\"thumbnailUrl\":\"https:\/\/padelhaus.mustlammas-dev.in\/wp-content\/uploads\/2025\/05\/NOX-R-13-beez.png\",\"datePublished\":\"2025-05-28T10:30:14+00:00\",\"dateModified\":\"2026-03-10T00:05:36+00:00\",\"description\":\"Padelmailat ja padelvarusteet edullisesti. Padelhaus on padel verkkokauppa, josta l\u00f6yd\u00e4t parhaat padelmailat kaikille tasoille.\",\"breadcrumb\":{\"@id\":\"https:\/\/padelhaus.mustlammas-dev.in\/fi\/kauppa\/nox-ml10-quantum-3k-2025\/#breadcrumb\"},\"inLanguage\":\"fi\",\"potentialAction\":[{\"@type\":\"ReadAction\",\"target\":[\"https:\/\/padelhaus.mustlammas-dev.in\/fi\/kauppa\/nox-ml10-quantum-3k-2025\/\"]}]},{\"@type\":\"ImageObject\",\"inLanguage\":\"fi\",\"@id\":\"https:\/\/padelhaus.mustlammas-dev.in\/fi\/kauppa\/nox-ml10-quantum-3k-2025\/#primaryimage\",\"url\":\"https:\/\/padelhaus.mustlammas-dev.in\/wp-content\/uploads\/2025\/05\/NOX-R-13-beez.png\",\"contentUrl\":\"https:\/\/padelhaus.mustlammas-dev.in\/wp-content\/uploads\/2025\/05\/NOX-R-13-beez.png\",\"width\":960,\"height\":960,\"caption\":\"NOX ML10 QUANTUM 3K 2025\"},{\"@type\":\"BreadcrumbList\",\"@id\":\"https:\/\/padelhaus.mustlammas-dev.in\/fi\/kauppa\/nox-ml10-quantum-3k-2025\/#breadcrumb\",\"itemListElement\":[{\"@type\":\"ListItem\",\"position\":1,\"name\":\"Avaleht\",\"item\":\"https:\/\/padelhaus.fi\/\"},{\"@type\":\"ListItem\",\"position\":2,\"name\":\"Kauppa\",\"item\":\"https:\/\/padelhaus.fi\/kauppa\/\"},{\"@type\":\"ListItem\",\"position\":3,\"name\":\"NOX ML10 QUANTUM 3K 2025\"}]},{\"@type\":\"WebSite\",\"@id\":\"https:\/\/padelhaus.mustlammas-dev.in\/fi\/#website\",\"url\":\"https:\/\/padelhaus.mustlammas-dev.in\/fi\/\",\"name\":\"Claude Padelhaus\",\"description\":\"Sinu padelivarustuse kodu\",\"publisher\":{\"@id\":\"https:\/\/padelhaus.mustlammas-dev.in\/fi\/#organization\"},\"potentialAction\":[{\"@type\":\"SearchAction\",\"target\":{\"@type\":\"EntryPoint\",\"urlTemplate\":\"https:\/\/padelhaus.mustlammas-dev.in\/fi\/?s={search_term_string}\"},\"query-input\":{\"@type\":\"PropertyValueSpecification\",\"valueRequired\":true,\"valueName\":\"search_term_string\"}}],\"inLanguage\":\"fi\"},{\"@type\":\"Organization\",\"@id\":\"https:\/\/padelhaus.mustlammas-dev.in\/fi\/#organization\",\"name\":\"Claude Padelhaus\",\"url\":\"https:\/\/padelhaus.mustlammas-dev.in\/fi\/\",\"logo\":{\"@type\":\"ImageObject\",\"inLanguage\":\"fi\",\"@id\":\"https:\/\/padelhaus.mustlammas-dev.in\/fi\/#\/schema\/logo\/image\/\",\"url\":\"https:\/\/padelhaus.mustlammas-dev.in\/wp-content\/uploads\/2025\/05\/Logo-1.png\",\"contentUrl\":\"https:\/\/padelhaus.mustlammas-dev.in\/wp-content\/uploads\/2025\/05\/Logo-1.png\",\"width\":280,\"height\":115,\"caption\":\"Claude Padelhaus\"},\"image\":{\"@id\":\"https:\/\/padelhaus.mustlammas-dev.in\/fi\/#\/schema\/logo\/image\/\"}}]}<\/script>\n<meta property=\"product:price:amount\" content=\"164.95\" \/>\n<meta property=\"product:price:currency\" content=\"EUR\" \/>\n<meta property=\"og:availability\" content=\"instock\" \/>\n<meta property=\"product:availability\" content=\"instock\" \/>\n<meta property=\"product:retailer_item_id\" content=\"NOX-R-13\" \/>\n<meta property=\"product:condition\" content=\"new\" \/>\n<!-- \/ Yoast SEO Premium plugin. -->","yoast_head_json":{"title":"NOX ML10 QUANTUM 3K 2025 | Test Padelhaus","description":"Padelmailat ja padelvarusteet edullisesti. Padelhaus on padel verkkokauppa, josta l\u00f6yd\u00e4t parhaat padelmailat kaikille tasoille.","robots":{"index":"noindex","follow":"follow","max-snippet":"max-snippet:-1","max-image-preview":"max-image-preview:large","max-video-preview":"max-video-preview:-1"},"og_locale":"fi_FI","og_type":"article","og_title":"NOX ML10 QUANTUM 3K 2025","og_description":"Padelmailat ja padelvarusteet edullisesti. Padelhaus on padel verkkokauppa, josta l\u00f6yd\u00e4t parhaat padelmailat kaikille tasoille.","og_url":"https:\/\/padelhaus.mustlammas-dev.in\/fi\/kauppa\/nox-ml10-quantum-3k-2025\/","og_site_name":"Test Padelhaus","article_modified_time":"2026-03-10T00:05:36+00:00","og_image":[{"width":960,"height":960,"url":"https:\/\/padelhaus.mustlammas-dev.in\/wp-content\/uploads\/2025\/05\/NOX-R-13-beez.png","type":"image\/png"}],"twitter_card":"summary_large_image","twitter_misc":{"Hinta":"164,95&nbsp;&euro;","Saatavuus":"Varastossa"},"schema":{"@context":"https:\/\/schema.org","@graph":[{"@type":["WebPage","ItemPage"],"@id":"https:\/\/padelhaus.mustlammas-dev.in\/fi\/kauppa\/nox-ml10-quantum-3k-2025\/","url":"https:\/\/padelhaus.mustlammas-dev.in\/fi\/kauppa\/nox-ml10-quantum-3k-2025\/","name":"NOX ML10 QUANTUM 3K 2025 | Test Padelhaus","isPartOf":{"@id":"https:\/\/padelhaus.mustlammas-dev.in\/fi\/#website"},"primaryImageOfPage":{"@id":"https:\/\/padelhaus.mustlammas-dev.in\/fi\/kauppa\/nox-ml10-quantum-3k-2025\/#primaryimage"},"image":{"@id":"https:\/\/padelhaus.mustlammas-dev.in\/fi\/kauppa\/nox-ml10-quantum-3k-2025\/#primaryimage"},"thumbnailUrl":"https:\/\/padelhaus.mustlammas-dev.in\/wp-content\/uploads\/2025\/05\/NOX-R-13-beez.png","datePublished":"2025-05-28T10:30:14+00:00","dateModified":"2026-03-10T00:05:36+00:00","description":"Padelmailat ja padelvarusteet edullisesti. Padelhaus on padel verkkokauppa, josta l\u00f6yd\u00e4t parhaat padelmailat kaikille tasoille.","breadcrumb":{"@id":"https:\/\/padelhaus.mustlammas-dev.in\/fi\/kauppa\/nox-ml10-quantum-3k-2025\/#breadcrumb"},"inLanguage":"fi","potentialAction":[{"@type":"ReadAction","target":["https:\/\/padelhaus.mustlammas-dev.in\/fi\/kauppa\/nox-ml10-quantum-3k-2025\/"]}]},{"@type":"ImageObject","inLanguage":"fi","@id":"https:\/\/padelhaus.mustlammas-dev.in\/fi\/kauppa\/nox-ml10-quantum-3k-2025\/#primaryimage","url":"https:\/\/padelhaus.mustlammas-dev.in\/wp-content\/uploads\/2025\/05\/NOX-R-13-beez.png","contentUrl":"https:\/\/padelhaus.mustlammas-dev.in\/wp-content\/uploads\/2025\/05\/NOX-R-13-beez.png","width":960,"height":960,"caption":"NOX ML10 QUANTUM 3K 2025"},{"@type":"BreadcrumbList","@id":"https:\/\/padelhaus.mustlammas-dev.in\/fi\/kauppa\/nox-ml10-quantum-3k-2025\/#breadcrumb","itemListElement":[{"@type":"ListItem","position":1,"name":"Avaleht","item":"https:\/\/padelhaus.fi\/"},{"@type":"ListItem","position":2,"name":"Kauppa","item":"https:\/\/padelhaus.fi\/kauppa\/"},{"@type":"ListItem","position":3,"name":"NOX ML10 QUANTUM 3K 2025"}]},{"@type":"WebSite","@id":"https:\/\/padelhaus.mustlammas-dev.in\/fi\/#website","url":"https:\/\/padelhaus.mustlammas-dev.in\/fi\/","name":"Claude Padelhaus","description":"Sinu padelivarustuse kodu","publisher":{"@id":"https:\/\/padelhaus.mustlammas-dev.in\/fi\/#organization"},"potentialAction":[{"@type":"SearchAction","target":{"@type":"EntryPoint","urlTemplate":"https:\/\/padelhaus.mustlammas-dev.in\/fi\/?s={search_term_string}"},"query-input":{"@type":"PropertyValueSpecification","valueRequired":true,"valueName":"search_term_string"}}],"inLanguage":"fi"},{"@type":"Organization","@id":"https:\/\/padelhaus.mustlammas-dev.in\/fi\/#organization","name":"Claude Padelhaus","url":"https:\/\/padelhaus.mustlammas-dev.in\/fi\/","logo":{"@type":"ImageObject","inLanguage":"fi","@id":"https:\/\/padelhaus.mustlammas-dev.in\/fi\/#\/schema\/logo\/image\/","url":"https:\/\/padelhaus.mustlammas-dev.in\/wp-content\/uploads\/2025\/05\/Logo-1.png","contentUrl":"https:\/\/padelhaus.mustlammas-dev.in\/wp-content\/uploads\/2025\/05\/Logo-1.png","width":280,"height":115,"caption":"Claude Padelhaus"},"image":{"@id":"https:\/\/padelhaus.mustlammas-dev.in\/fi\/#\/schema\/logo\/image\/"}}]},"product_price_amount":"164.95","product_price_currency":"EUR","og_availability":"instock","product_availability":"instock","product_retailer_item_id":"NOX-R-13","product_condition":"new"},"_links":{"self":[{"href":"https:\/\/padelhaus.mustlammas-dev.in\/fi\/wp-json\/wp\/v2\/product\/71745","targetHints":{"allow":["GET"]}}],"collection":[{"href":"https:\/\/padelhaus.mustlammas-dev.in\/fi\/wp-json\/wp\/v2\/product"}],"about":[{"href":"https:\/\/padelhaus.mustlammas-dev.in\/fi\/wp-json\/wp\/v2\/types\/product"}],"replies":[{"embeddable":true,"href":"https:\/\/padelhaus.mustlammas-dev.in\/fi\/wp-json\/wp\/v2\/comments?post=71745"}],"wp:featuredmedia":[{"embeddable":true,"href":"https:\/\/padelhaus.mustlammas-dev.in\/fi\/wp-json\/wp\/v2\/media\/71746"}],"wp:attachment":[{"href":"https:\/\/padelhaus.mustlammas-dev.in\/fi\/wp-json\/wp\/v2\/media?parent=71745"}],"wp:term":[{"taxonomy":"product_brand","embeddable":true,"href":"https:\/\/padelhaus.mustlammas-dev.in\/fi\/wp-json\/wp\/v2\/product_brand?post=71745"},{"taxonomy":"product_cat","embeddable":true,"href":"https:\/\/padelhaus.mustlammas-dev.in\/fi\/wp-json\/wp\/v2\/product_cat?post=71745"},{"taxonomy":"product_tag","embeddable":true,"href":"https:\/\/padelhaus.mustlammas-dev.in\/fi\/wp-json\/wp\/v2\/product_tag?post=71745"}],"curies":[{"name":"wp","href":"https:\/\/api.w.org\/{rel}","templated":true}]}}