{"id":71755,"date":"2026-02-18T15:26:24","date_gmt":"2026-02-18T13:26:24","guid":{"rendered":"https:\/\/padelhaus.mustlammas-dev.in\/pood\/wilson-endure-v1\/"},"modified":"2026-03-05T17:56:41","modified_gmt":"2026-03-05T15:56:41","slug":"wilson-endure-v1","status":"publish","type":"product","link":"https:\/\/padelhaus.mustlammas-dev.in\/fi\/kauppa\/wilson-endure-v1\/","title":{"rendered":"WILSON ENDURE V1"},"content":{"rendered":"<p data-start=\"0\" data-end=\"288\"><strong data-start=\"0\" data-end=\"20\">Wilson Endure V1<\/strong> on suunniteltu hallitsemaan pitki\u00e4 palloralleja takakent\u00e4lt\u00e4. Sen py\u00f6re\u00e4 muoto luo suuren osuma-alueen (sweet spot), mik\u00e4 tekee syvien pallojen palauttamisesta varmaa ja kontrolloitua. Matala tasapaino edist\u00e4\u00e4 sujuvia siirtymi\u00e4 verkko- ja blokkipelin v\u00e4lill\u00e4.  <\/p>\n<p data-start=\"290\" data-end=\"569\">Kontrolliin keskittyv\u00e4 muotoilu ja Y-muotoinen siltarakenne optimoivat ilmavirran, v\u00e4hent\u00e4en ilmanvastusta ja mahdollistaen nopeamman kiihtyvyyden puolustustilanteissa. Tuloksena on vakaa, tunnokas ja mukava maila niin intensiivisiin otteluihin kuin nopeatempoisille sis\u00e4kentille. <\/p>\n<h5 data-start=\"576\" data-end=\"623\">Ihanteellinen keskitason puolustaville pelaajille<\/h5>\n<p data-start=\"625\" data-end=\"791\">T\u00e4m\u00e4 py\u00f6re\u00e4 Wilson-maila on suunnattu keskitason ja edistyneille padel-pelaajille, jotka arvostavat jatkuvuutta, sijoittelua ja taktista pelinlukua. Se sopii erityisen hyvin puolustaville pelaajille, jotka rakentavat pisteit\u00e4 k\u00e4rsiv\u00e4llisesti, hakevat tarkkuutta lobeissa ja lasista putoavissa palloissa sek\u00e4 tarvitsevat varmuutta verkon l\u00e4hell\u00e4 blokkaamiseen. <\/p>\n<p data-start=\"984\" data-end=\"1257\">Strategisesti sijoitetut kontaktipisteet parantavat otetta valmiusasennossa ja tukevat parempaa kahden k\u00e4den koordinaatiota. Jos pelisi perustuu pallon suunnan hallintaan ja vastustajan virheiden pakottamiseen, Endure V1 tarjoaa hyv\u00e4n tuntuman ja itseluottamusta jokaiseen ly\u00f6ntiin. <\/p>\n<h5 data-start=\"1264\" data-end=\"1302\">T\u00e4rkeimm\u00e4t teknologiat ja ominaisuudet<\/h5>\n<ul data-start=\"1304\" data-end=\"2189\" data-is-last-node=\"\" data-is-only-node=\"\">\n<li data-start=\"1304\" data-end=\"1452\">\n<p data-start=\"1306\" data-end=\"1452\"><strong data-start=\"1306\" data-end=\"1325\">Double Y Bridge<\/strong> \u2013 vahvistaa rakennetta tarjoten suurempaa v\u00e4\u00e4nt\u00f6vakautta ja parempaa vastetta my\u00f6s ep\u00e4puhtaissa osumissa<\/p>\n<\/li>\n<li data-start=\"1453\" data-end=\"1565\">\n<p data-start=\"1455\" data-end=\"1565\"><strong data-start=\"1455\" data-end=\"1477\">Aerodynamic Bridge<\/strong> \u2013 ohjaa ilmavirtaa lis\u00e4ten ohjattavuutta ja nopeuttaen ly\u00f6ntiin valmistautumista<\/p>\n<\/li>\n<li data-start=\"1566\" data-end=\"1653\">\n<p data-start=\"1568\" data-end=\"1653\"><strong data-start=\"1568\" data-end=\"1588\">Control Geometry<\/strong> \u2013 optimoi ly\u00f6ntipinnan kulman auttaen suuntaamaan palloa tarkemmin<\/p>\n<\/li>\n<li data-start=\"1654\" data-end=\"1740\">\n<p data-start=\"1656\" data-end=\"1740\"><strong data-start=\"1656\" data-end=\"1673\">Rounded Frame<\/strong> \u2013 laajentaa osuma-aluetta ja helpottaa puolustamista vaikeissa tilanteissa<\/p>\n<\/li>\n<li data-start=\"1741\" data-end=\"1854\">\n<p data-start=\"1743\" data-end=\"1854\"><strong data-start=\"1743\" data-end=\"1768\">Control Sandwich Foam<\/strong> \u2013 kaksitiheyksinen ydin, joka parantaa kosketustuntumaa ja tarkkuutta stoppareissa<\/p>\n<\/li>\n<li data-start=\"1855\" data-end=\"1969\">\n<p data-start=\"1857\" data-end=\"1969\"><strong data-start=\"1857\" data-end=\"1900\">14 cm Extended Handle ja kontaktipisteet<\/strong> \u2013 suurempi vipuvarsi, mukavuus kahden k\u00e4den rystyly\u00f6nneiss\u00e4 ja varmempi ote<\/p>\n<\/li>\n<li data-start=\"1970\" data-end=\"2095\">\n<p data-start=\"1972\" data-end=\"2095\"><strong data-start=\"1972\" data-end=\"1997\">Impact Surface Hybrid<\/strong> \u2013 hiili- ja lasikuidun yhdistelm\u00e4 tasapainoisen voiman, kierteiden ja kontrollin saavuttamiseen<\/p>\n<\/li>\n<li data-start=\"2096\" data-end=\"2189\" data-is-last-node=\"\">\n<p data-start=\"2098\" data-end=\"2189\" data-is-last-node=\"\"><strong data-start=\"2098\" data-end=\"2125\">Carbon UD ja ExactTouch<\/strong> \u2013 selke\u00e4 ja konkreettinen ly\u00f6ntituntuma sek\u00e4 tarkempi kierteen hallinta<\/p>\n<\/li>\n<\/ul>\n","protected":false},"excerpt":{"rendered":"<p>Wilson Endure V1 on suunniteltu hallitsemaan pitki\u00e4 palloralleja takakent\u00e4lt\u00e4. Sen py\u00f6re\u00e4 muoto luo suuren osuma-alueen (sweet spot), mik\u00e4 tekee syvien pallojen palauttamisesta varmaa ja kontrolloitua. Matala tasapaino edist\u00e4\u00e4 sujuvia siirtymi\u00e4 verkko- ja blokkipelin v\u00e4lill\u00e4. Kontrolliin keskittyv\u00e4 muotoilu ja Y-muotoinen siltarakenne optimoivat ilmavirran, v\u00e4hent\u00e4en ilmanvastusta ja mahdollistaen nopeamman kiihtyvyyden puolustustilanteissa. Tuloksena on vakaa, tunnokas ja mukava [&hellip;]<\/p>\n","protected":false},"featured_media":71756,"comment_status":"open","ping_status":"closed","template":"","meta":{"_eb_attr":""},"product_brand":[519],"product_cat":[496,495,494,521],"product_tag":[],"class_list":{"0":"post-71755","1":"product","2":"type-product","3":"status-publish","4":"has-post-thumbnail","6":"product_brand-wilson","7":"product_cat-edistynyt","8":"product_cat-keskitaso","9":"product_cat-padelmailat","10":"product_cat-wilson","11":"pa_kaal-365g","12":"pa_kuju-pyorea","13":"pa_mangustiil-kontrolli","14":"pa_tasakaal-matala","15":"pa_tase-edistynyt","16":"pa_tase-keskitaso","17":"pa_varv-sininen","20":"first","21":"instock","22":"sale","23":"taxable","24":"shipping-taxable","25":"purchasable","26":"product-type-simple"},"yoast_head":"<!-- This site is optimized with the Yoast SEO Premium plugin v27.1 (Yoast SEO v27.1.1) - https:\/\/yoast.com\/product\/yoast-seo-premium-wordpress\/ -->\n<title>WILSON ENDURE V1 | Test Padelhaus<\/title>\n<meta name=\"description\" content=\"Padelmailat ja padelvarusteet edullisesti. Padelhaus on padel verkkokauppa, josta l\u00f6yd\u00e4t parhaat padelmailat kaikille tasoille.\" \/>\n<meta name=\"robots\" content=\"noindex, follow, max-snippet:-1, max-image-preview:large, max-video-preview:-1\" \/>\n<meta property=\"og:locale\" content=\"fi_FI\" \/>\n<meta property=\"og:type\" content=\"article\" \/>\n<meta property=\"og:title\" content=\"WILSON ENDURE V1\" \/>\n<meta property=\"og:description\" content=\"Padelmailat ja padelvarusteet edullisesti. Padelhaus on padel verkkokauppa, josta l\u00f6yd\u00e4t parhaat padelmailat kaikille tasoille.\" \/>\n<meta property=\"og:url\" content=\"https:\/\/padelhaus.mustlammas-dev.in\/fi\/kauppa\/wilson-endure-v1\/\" \/>\n<meta property=\"og:site_name\" content=\"Test Padelhaus\" \/>\n<meta property=\"article:modified_time\" content=\"2026-03-05T15:56:41+00:00\" \/>\n<meta property=\"og:image\" content=\"https:\/\/padelhaus.mustlammas-dev.in\/wp-content\/uploads\/2026\/02\/9-3.webp\" \/>\n\t<meta property=\"og:image:width\" content=\"1000\" \/>\n\t<meta property=\"og:image:height\" content=\"1000\" \/>\n\t<meta property=\"og:image:type\" content=\"image\/webp\" \/>\n<meta name=\"twitter:card\" content=\"summary_large_image\" \/>\n<meta name=\"twitter:label1\" content=\"Hinta\" \/>\n\t<meta name=\"twitter:data1\" content=\"249,95&nbsp;&euro;\" \/>\n\t<meta name=\"twitter:label2\" content=\"Saatavuus\" \/>\n\t<meta name=\"twitter:data2\" content=\"Varastossa\" \/>\n<script type=\"application\/ld+json\" class=\"yoast-schema-graph\">{\"@context\":\"https:\/\/schema.org\",\"@graph\":[{\"@type\":[\"WebPage\",\"ItemPage\"],\"@id\":\"https:\/\/padelhaus.mustlammas-dev.in\/fi\/kauppa\/wilson-endure-v1\/\",\"url\":\"https:\/\/padelhaus.mustlammas-dev.in\/fi\/kauppa\/wilson-endure-v1\/\",\"name\":\"WILSON ENDURE V1 | Test Padelhaus\",\"isPartOf\":{\"@id\":\"https:\/\/padelhaus.mustlammas-dev.in\/fi\/#website\"},\"primaryImageOfPage\":{\"@id\":\"https:\/\/padelhaus.mustlammas-dev.in\/fi\/kauppa\/wilson-endure-v1\/#primaryimage\"},\"image\":{\"@id\":\"https:\/\/padelhaus.mustlammas-dev.in\/fi\/kauppa\/wilson-endure-v1\/#primaryimage\"},\"thumbnailUrl\":\"https:\/\/padelhaus.mustlammas-dev.in\/wp-content\/uploads\/2026\/02\/9-3.webp\",\"datePublished\":\"2026-02-18T13:26:24+00:00\",\"dateModified\":\"2026-03-05T15:56:41+00:00\",\"description\":\"Padelmailat ja padelvarusteet edullisesti. Padelhaus on padel verkkokauppa, josta l\u00f6yd\u00e4t parhaat padelmailat kaikille tasoille.\",\"breadcrumb\":{\"@id\":\"https:\/\/padelhaus.mustlammas-dev.in\/fi\/kauppa\/wilson-endure-v1\/#breadcrumb\"},\"inLanguage\":\"fi\",\"potentialAction\":[{\"@type\":\"ReadAction\",\"target\":[\"https:\/\/padelhaus.mustlammas-dev.in\/fi\/kauppa\/wilson-endure-v1\/\"]}]},{\"@type\":\"ImageObject\",\"inLanguage\":\"fi\",\"@id\":\"https:\/\/padelhaus.mustlammas-dev.in\/fi\/kauppa\/wilson-endure-v1\/#primaryimage\",\"url\":\"https:\/\/padelhaus.mustlammas-dev.in\/wp-content\/uploads\/2026\/02\/9-3.webp\",\"contentUrl\":\"https:\/\/padelhaus.mustlammas-dev.in\/wp-content\/uploads\/2026\/02\/9-3.webp\",\"width\":1000,\"height\":1000,\"caption\":\"WILSON ENDURE V1\"},{\"@type\":\"BreadcrumbList\",\"@id\":\"https:\/\/padelhaus.mustlammas-dev.in\/fi\/kauppa\/wilson-endure-v1\/#breadcrumb\",\"itemListElement\":[{\"@type\":\"ListItem\",\"position\":1,\"name\":\"Avaleht\",\"item\":\"https:\/\/padelhaus.fi\/\"},{\"@type\":\"ListItem\",\"position\":2,\"name\":\"Kauppa\",\"item\":\"https:\/\/padelhaus.fi\/kauppa\/\"},{\"@type\":\"ListItem\",\"position\":3,\"name\":\"WILSON ENDURE V1\"}]},{\"@type\":\"WebSite\",\"@id\":\"https:\/\/padelhaus.mustlammas-dev.in\/fi\/#website\",\"url\":\"https:\/\/padelhaus.mustlammas-dev.in\/fi\/\",\"name\":\"Claude Padelhaus\",\"description\":\"Sinu padelivarustuse kodu\",\"publisher\":{\"@id\":\"https:\/\/padelhaus.mustlammas-dev.in\/fi\/#organization\"},\"potentialAction\":[{\"@type\":\"SearchAction\",\"target\":{\"@type\":\"EntryPoint\",\"urlTemplate\":\"https:\/\/padelhaus.mustlammas-dev.in\/fi\/?s={search_term_string}\"},\"query-input\":{\"@type\":\"PropertyValueSpecification\",\"valueRequired\":true,\"valueName\":\"search_term_string\"}}],\"inLanguage\":\"fi\"},{\"@type\":\"Organization\",\"@id\":\"https:\/\/padelhaus.mustlammas-dev.in\/fi\/#organization\",\"name\":\"Claude Padelhaus\",\"url\":\"https:\/\/padelhaus.mustlammas-dev.in\/fi\/\",\"logo\":{\"@type\":\"ImageObject\",\"inLanguage\":\"fi\",\"@id\":\"https:\/\/padelhaus.mustlammas-dev.in\/fi\/#\/schema\/logo\/image\/\",\"url\":\"https:\/\/padelhaus.mustlammas-dev.in\/wp-content\/uploads\/2025\/05\/Logo-1.png\",\"contentUrl\":\"https:\/\/padelhaus.mustlammas-dev.in\/wp-content\/uploads\/2025\/05\/Logo-1.png\",\"width\":280,\"height\":115,\"caption\":\"Claude Padelhaus\"},\"image\":{\"@id\":\"https:\/\/padelhaus.mustlammas-dev.in\/fi\/#\/schema\/logo\/image\/\"}}]}<\/script>\n<meta property=\"product:price:amount\" content=\"249.95\" \/>\n<meta property=\"product:price:currency\" content=\"EUR\" \/>\n<meta property=\"og:availability\" content=\"instock\" \/>\n<meta property=\"product:availability\" content=\"instock\" \/>\n<meta property=\"product:retailer_item_id\" content=\"WIL-R-19\" \/>\n<meta property=\"product:condition\" content=\"new\" \/>\n<!-- \/ Yoast SEO Premium plugin. -->","yoast_head_json":{"title":"WILSON ENDURE V1 | Test Padelhaus","description":"Padelmailat ja padelvarusteet edullisesti. Padelhaus on padel verkkokauppa, josta l\u00f6yd\u00e4t parhaat padelmailat kaikille tasoille.","robots":{"index":"noindex","follow":"follow","max-snippet":"max-snippet:-1","max-image-preview":"max-image-preview:large","max-video-preview":"max-video-preview:-1"},"og_locale":"fi_FI","og_type":"article","og_title":"WILSON ENDURE V1","og_description":"Padelmailat ja padelvarusteet edullisesti. Padelhaus on padel verkkokauppa, josta l\u00f6yd\u00e4t parhaat padelmailat kaikille tasoille.","og_url":"https:\/\/padelhaus.mustlammas-dev.in\/fi\/kauppa\/wilson-endure-v1\/","og_site_name":"Test Padelhaus","article_modified_time":"2026-03-05T15:56:41+00:00","og_image":[{"width":1000,"height":1000,"url":"https:\/\/padelhaus.mustlammas-dev.in\/wp-content\/uploads\/2026\/02\/9-3.webp","type":"image\/webp"}],"twitter_card":"summary_large_image","twitter_misc":{"Hinta":"249,95&nbsp;&euro;","Saatavuus":"Varastossa"},"schema":{"@context":"https:\/\/schema.org","@graph":[{"@type":["WebPage","ItemPage"],"@id":"https:\/\/padelhaus.mustlammas-dev.in\/fi\/kauppa\/wilson-endure-v1\/","url":"https:\/\/padelhaus.mustlammas-dev.in\/fi\/kauppa\/wilson-endure-v1\/","name":"WILSON ENDURE V1 | Test Padelhaus","isPartOf":{"@id":"https:\/\/padelhaus.mustlammas-dev.in\/fi\/#website"},"primaryImageOfPage":{"@id":"https:\/\/padelhaus.mustlammas-dev.in\/fi\/kauppa\/wilson-endure-v1\/#primaryimage"},"image":{"@id":"https:\/\/padelhaus.mustlammas-dev.in\/fi\/kauppa\/wilson-endure-v1\/#primaryimage"},"thumbnailUrl":"https:\/\/padelhaus.mustlammas-dev.in\/wp-content\/uploads\/2026\/02\/9-3.webp","datePublished":"2026-02-18T13:26:24+00:00","dateModified":"2026-03-05T15:56:41+00:00","description":"Padelmailat ja padelvarusteet edullisesti. Padelhaus on padel verkkokauppa, josta l\u00f6yd\u00e4t parhaat padelmailat kaikille tasoille.","breadcrumb":{"@id":"https:\/\/padelhaus.mustlammas-dev.in\/fi\/kauppa\/wilson-endure-v1\/#breadcrumb"},"inLanguage":"fi","potentialAction":[{"@type":"ReadAction","target":["https:\/\/padelhaus.mustlammas-dev.in\/fi\/kauppa\/wilson-endure-v1\/"]}]},{"@type":"ImageObject","inLanguage":"fi","@id":"https:\/\/padelhaus.mustlammas-dev.in\/fi\/kauppa\/wilson-endure-v1\/#primaryimage","url":"https:\/\/padelhaus.mustlammas-dev.in\/wp-content\/uploads\/2026\/02\/9-3.webp","contentUrl":"https:\/\/padelhaus.mustlammas-dev.in\/wp-content\/uploads\/2026\/02\/9-3.webp","width":1000,"height":1000,"caption":"WILSON ENDURE V1"},{"@type":"BreadcrumbList","@id":"https:\/\/padelhaus.mustlammas-dev.in\/fi\/kauppa\/wilson-endure-v1\/#breadcrumb","itemListElement":[{"@type":"ListItem","position":1,"name":"Avaleht","item":"https:\/\/padelhaus.fi\/"},{"@type":"ListItem","position":2,"name":"Kauppa","item":"https:\/\/padelhaus.fi\/kauppa\/"},{"@type":"ListItem","position":3,"name":"WILSON ENDURE V1"}]},{"@type":"WebSite","@id":"https:\/\/padelhaus.mustlammas-dev.in\/fi\/#website","url":"https:\/\/padelhaus.mustlammas-dev.in\/fi\/","name":"Claude Padelhaus","description":"Sinu padelivarustuse kodu","publisher":{"@id":"https:\/\/padelhaus.mustlammas-dev.in\/fi\/#organization"},"potentialAction":[{"@type":"SearchAction","target":{"@type":"EntryPoint","urlTemplate":"https:\/\/padelhaus.mustlammas-dev.in\/fi\/?s={search_term_string}"},"query-input":{"@type":"PropertyValueSpecification","valueRequired":true,"valueName":"search_term_string"}}],"inLanguage":"fi"},{"@type":"Organization","@id":"https:\/\/padelhaus.mustlammas-dev.in\/fi\/#organization","name":"Claude Padelhaus","url":"https:\/\/padelhaus.mustlammas-dev.in\/fi\/","logo":{"@type":"ImageObject","inLanguage":"fi","@id":"https:\/\/padelhaus.mustlammas-dev.in\/fi\/#\/schema\/logo\/image\/","url":"https:\/\/padelhaus.mustlammas-dev.in\/wp-content\/uploads\/2025\/05\/Logo-1.png","contentUrl":"https:\/\/padelhaus.mustlammas-dev.in\/wp-content\/uploads\/2025\/05\/Logo-1.png","width":280,"height":115,"caption":"Claude Padelhaus"},"image":{"@id":"https:\/\/padelhaus.mustlammas-dev.in\/fi\/#\/schema\/logo\/image\/"}}]},"product_price_amount":"249.95","product_price_currency":"EUR","og_availability":"instock","product_availability":"instock","product_retailer_item_id":"WIL-R-19","product_condition":"new"},"_links":{"self":[{"href":"https:\/\/padelhaus.mustlammas-dev.in\/fi\/wp-json\/wp\/v2\/product\/71755","targetHints":{"allow":["GET"]}}],"collection":[{"href":"https:\/\/padelhaus.mustlammas-dev.in\/fi\/wp-json\/wp\/v2\/product"}],"about":[{"href":"https:\/\/padelhaus.mustlammas-dev.in\/fi\/wp-json\/wp\/v2\/types\/product"}],"replies":[{"embeddable":true,"href":"https:\/\/padelhaus.mustlammas-dev.in\/fi\/wp-json\/wp\/v2\/comments?post=71755"}],"wp:featuredmedia":[{"embeddable":true,"href":"https:\/\/padelhaus.mustlammas-dev.in\/fi\/wp-json\/wp\/v2\/media\/71756"}],"wp:attachment":[{"href":"https:\/\/padelhaus.mustlammas-dev.in\/fi\/wp-json\/wp\/v2\/media?parent=71755"}],"wp:term":[{"taxonomy":"product_brand","embeddable":true,"href":"https:\/\/padelhaus.mustlammas-dev.in\/fi\/wp-json\/wp\/v2\/product_brand?post=71755"},{"taxonomy":"product_cat","embeddable":true,"href":"https:\/\/padelhaus.mustlammas-dev.in\/fi\/wp-json\/wp\/v2\/product_cat?post=71755"},{"taxonomy":"product_tag","embeddable":true,"href":"https:\/\/padelhaus.mustlammas-dev.in\/fi\/wp-json\/wp\/v2\/product_tag?post=71755"}],"curies":[{"name":"wp","href":"https:\/\/api.w.org\/{rel}","templated":true}]}}