{"id":71760,"date":"2026-01-21T15:33:39","date_gmt":"2026-01-21T13:33:39","guid":{"rendered":"https:\/\/padelhaus.mustlammas-dev.in\/pood\/head-speed-motion-2023-ari-sanchez\/"},"modified":"2026-03-10T02:05:34","modified_gmt":"2026-03-10T00:05:34","slug":"head-speed-motion-2023-ari-sanchez","status":"publish","type":"product","link":"https:\/\/padelhaus.mustlammas-dev.in\/fi\/kauppa\/head-speed-motion-2023-ari-sanchez\/","title":{"rendered":"Head Speed Motion 2023 Ari S\u00e1nchez"},"content":{"rendered":"<h4><b>Head Speed Motion 2023 \u2013 nopeutta ja monipuolisuutta jokaiseen pisteeseen<\/b><\/h4>\n<p>&nbsp;<\/p>\n<p class=\"p3\"><span class=\"s2\"><b>Head Speed Motion 2023<\/b><\/span> auttaa sinua erottumaan kent\u00e4ll\u00e4 <span class=\"s2\"><b>keveytens\u00e4, monipuolisuutensa ja erinomaisen hallittavuutensa<\/b><\/span> ansiosta. Kyseess\u00e4 on Speed-sarjan <span class=\"s2\"><b>kevyin maila<\/b><\/span>, joka on suunniteltu nopeaan ja dynaamiseen peliin. <\/p>\n<p class=\"p3\">Pisaran muoto ja <span class=\"s2\"><b>keskitasapaino<\/b><\/span> mahdollistavat edistyneille pelaajille nopeamman pelin, sujuvammat liikkeet ja tahdin yll\u00e4pit\u00e4misen koko ottelun ajan. T\u00e4m\u00e4 maila sopii t\u00e4ydellisesti pelaajalle, joka haluaa johtaa peli\u00e4 aggressiivisesti mutta hallitusti. <\/p>\n<h4><b>Ammattilaisen suosittelema<\/b><\/h4>\n<p>&nbsp;<\/p>\n<p class=\"p3\">Head Speed Motion 2023 on <span class=\"s2\"><b>Ariana S\u00e1nchezin<\/b><\/span> k\u00e4ytt\u00e4m\u00e4 ja hyv\u00e4ksym\u00e4 malli.<\/p>\n<p class=\"p3\">Mailan ly\u00f6ntipinta on valmistettu <span class=\"s2\"><b>hiilikuidun ja lasikuidun hybridist\u00e4<\/b><\/span>, mik\u00e4 takaa tasapainon voiman ja tuntuman v\u00e4lill\u00e4. Ytimess\u00e4 k\u00e4ytet\u00e4\u00e4n <span class=\"s2\"><b>Power Foam<\/b><\/span> -materiaalia, joka antaa jokaiseen ly\u00f6ntiin lis\u00e4\u00e4 nopeutta ja voimaa. <\/p>\n<h4><b>Enemm\u00e4n voimaa ja parempi tuntuma<\/b><\/h4>\n<p>&nbsp;<\/p>\n<p class=\"p3\">T\u00e4m\u00e4n mallin keskeinen teknologia on <span class=\"s2\"><b>Auxetic<\/b><\/span>, joka parantaa ly\u00f6ntituntumaa ja takaa voimakkaamman palautteen pallo-osumassa.<\/p>\n<p class=\"p3\">Runko on vahvistettu <span class=\"s2\"><b>Graphene Inside<\/b><\/span> -teknologialla, joka lis\u00e4\u00e4 vakautta ja optimoi energian siirtymisen mailasta palloon tehden ly\u00f6nneist\u00e4 tehokkaampia ja tarkempia.<\/p>\n<h4><b>Suojaa ja mukavuutta jokaisessa yksityiskohdassa<\/b><\/h4>\n<ul>\n<li>\n<p class=\"p1\"><span class=\"s1\"><b>Anti Shock Skin<\/b><\/span> \u2013 korkealaatuinen polymeerisuoja, joka sijaitsee <span class=\"s1\"><b>IBS2 (Integrated Bumper System 2)<\/b><\/span> -suojaj\u00e4rjestelm\u00e4ss\u00e4 ja suojaa mailaa iskuilta sek\u00e4 naarmuilta<\/p>\n<\/li>\n<li>\n<p class=\"p1\"><span class=\"s1\"><b>Uusi pehme\u00e4 butt cap<\/b><\/span> \u2013 kahvan p\u00e4\u00e4ss\u00e4 oleva pehme\u00e4mpi suojus parantaa otetta ja yleist\u00e4 pelimukavuutta<\/p>\n<\/li>\n<\/ul>\n<h4><b>Nopea, kevyt ja ammattimainen tuntuma<\/b><\/h4>\n<p>&nbsp;<\/p>\n<p class=\"p3\">Head Speed Motion 2023 on ihanteellinen valinta <span class=\"s2\"><b>edistyneelle pelaajalle<\/b><\/span>, joka etsii <span class=\"s2\"><b>nopeutta, ketteryytt\u00e4 ja monipuolisuutta<\/b><\/span> menett\u00e4m\u00e4tt\u00e4 hallintaa tai vakautta.<\/p>\n","protected":false},"excerpt":{"rendered":"<p>Head Speed Motion 2023 \u2013 nopeutta ja monipuolisuutta jokaiseen pisteeseen &nbsp; Head Speed Motion 2023 auttaa sinua erottumaan kent\u00e4ll\u00e4 keveytens\u00e4, monipuolisuutensa ja erinomaisen hallittavuutensa ansiosta. Kyseess\u00e4 on Speed-sarjan kevyin maila, joka on suunniteltu nopeaan ja dynaamiseen peliin. Pisaran muoto ja keskitasapaino mahdollistavat edistyneille pelaajille nopeamman pelin, sujuvammat liikkeet ja tahdin yll\u00e4pit\u00e4misen koko ottelun ajan. T\u00e4m\u00e4 [&hellip;]<\/p>\n","protected":false},"featured_media":71761,"comment_status":"open","ping_status":"closed","template":"","meta":{"_eb_attr":""},"product_brand":[509],"product_cat":[496,510,505,494],"product_tag":[],"class_list":{"0":"post-71760","1":"product","2":"type-product","3":"status-publish","4":"has-post-thumbnail","6":"product_brand-head","7":"product_cat-edistynyt","8":"product_cat-head","9":"product_cat-naiset","10":"product_cat-padelmailat","11":"pa_kaal-350-360-g","12":"pa_kuju-pisaranmuotoinen","13":"pa_mangustiil-hybridi","14":"pa_mangustiil-hyokkaava","15":"pa_tasakaal-ylhaalla","16":"pa_tase-edistynyt","17":"pa_varv-musta","18":"pa_varv-ruskea","21":"first","22":"instock","23":"sale","24":"taxable","25":"shipping-taxable","26":"purchasable","27":"product-type-simple"},"yoast_head":"<!-- This site is optimized with the Yoast SEO Premium plugin v27.1 (Yoast SEO v27.1.1) - https:\/\/yoast.com\/product\/yoast-seo-premium-wordpress\/ -->\n<title>Head Speed Motion 2023 Ari S\u00e1nchez | Test Padelhaus<\/title>\n<meta name=\"description\" content=\"Padelmailat ja padelvarusteet edullisesti. Padelhaus on padel verkkokauppa, josta l\u00f6yd\u00e4t parhaat padelmailat kaikille tasoille.\" \/>\n<meta name=\"robots\" content=\"noindex, follow, max-snippet:-1, max-image-preview:large, max-video-preview:-1\" \/>\n<meta property=\"og:locale\" content=\"fi_FI\" \/>\n<meta property=\"og:type\" content=\"article\" \/>\n<meta property=\"og:title\" content=\"Head Speed Motion 2023 Ari S\u00e1nchez\" \/>\n<meta property=\"og:description\" content=\"Padelmailat ja padelvarusteet edullisesti. Padelhaus on padel verkkokauppa, josta l\u00f6yd\u00e4t parhaat padelmailat kaikille tasoille.\" \/>\n<meta property=\"og:url\" content=\"https:\/\/padelhaus.mustlammas-dev.in\/fi\/kauppa\/head-speed-motion-2023-ari-sanchez\/\" \/>\n<meta property=\"og:site_name\" content=\"Test Padelhaus\" \/>\n<meta property=\"article:modified_time\" content=\"2026-03-10T00:05:34+00:00\" \/>\n<meta property=\"og:image\" content=\"https:\/\/padelhaus.lv\/wp-content\/uploads\/2026\/01\/5-2.webp\" \/>\n\t<meta property=\"og:image:width\" content=\"1000\" \/>\n\t<meta property=\"og:image:height\" content=\"1000\" \/>\n\t<meta property=\"og:image:type\" content=\"image\/webp\" \/>\n<meta name=\"twitter:card\" content=\"summary_large_image\" \/>\n<meta name=\"twitter:label1\" content=\"Hinta\" \/>\n\t<meta name=\"twitter:data1\" content=\"134,95&nbsp;&euro;\" \/>\n\t<meta name=\"twitter:label2\" content=\"Saatavuus\" \/>\n\t<meta name=\"twitter:data2\" content=\"Varastossa\" \/>\n<script type=\"application\/ld+json\" class=\"yoast-schema-graph\">{\"@context\":\"https:\/\/schema.org\",\"@graph\":[{\"@type\":[\"WebPage\",\"ItemPage\"],\"@id\":\"https:\/\/padelhaus.mustlammas-dev.in\/fi\/kauppa\/head-speed-motion-2023-ari-sanchez\/\",\"url\":\"https:\/\/padelhaus.mustlammas-dev.in\/fi\/kauppa\/head-speed-motion-2023-ari-sanchez\/\",\"name\":\"Head Speed Motion 2023 Ari S\u00e1nchez | Test Padelhaus\",\"isPartOf\":{\"@id\":\"https:\/\/padelhaus.mustlammas-dev.in\/fi\/#website\"},\"primaryImageOfPage\":{\"@id\":\"https:\/\/padelhaus.mustlammas-dev.in\/fi\/kauppa\/head-speed-motion-2023-ari-sanchez\/#primaryimage\"},\"image\":{\"@id\":\"https:\/\/padelhaus.mustlammas-dev.in\/fi\/kauppa\/head-speed-motion-2023-ari-sanchez\/#primaryimage\"},\"thumbnailUrl\":\"https:\/\/padelhaus.mustlammas-dev.in\/wp-content\/uploads\/2026\/01\/5-2.webp\",\"datePublished\":\"2026-01-21T13:33:39+00:00\",\"dateModified\":\"2026-03-10T00:05:34+00:00\",\"description\":\"Padelmailat ja padelvarusteet edullisesti. Padelhaus on padel verkkokauppa, josta l\u00f6yd\u00e4t parhaat padelmailat kaikille tasoille.\",\"breadcrumb\":{\"@id\":\"https:\/\/padelhaus.mustlammas-dev.in\/fi\/kauppa\/head-speed-motion-2023-ari-sanchez\/#breadcrumb\"},\"inLanguage\":\"fi\",\"potentialAction\":[{\"@type\":\"ReadAction\",\"target\":[\"https:\/\/padelhaus.mustlammas-dev.in\/fi\/kauppa\/head-speed-motion-2023-ari-sanchez\/\"]}]},{\"@type\":\"ImageObject\",\"inLanguage\":\"fi\",\"@id\":\"https:\/\/padelhaus.mustlammas-dev.in\/fi\/kauppa\/head-speed-motion-2023-ari-sanchez\/#primaryimage\",\"url\":\"https:\/\/padelhaus.mustlammas-dev.in\/wp-content\/uploads\/2026\/01\/5-2.webp\",\"contentUrl\":\"https:\/\/padelhaus.mustlammas-dev.in\/wp-content\/uploads\/2026\/01\/5-2.webp\",\"width\":1000,\"height\":1000},{\"@type\":\"BreadcrumbList\",\"@id\":\"https:\/\/padelhaus.mustlammas-dev.in\/fi\/kauppa\/head-speed-motion-2023-ari-sanchez\/#breadcrumb\",\"itemListElement\":[{\"@type\":\"ListItem\",\"position\":1,\"name\":\"Avaleht\",\"item\":\"https:\/\/padelhaus.fi\/\"},{\"@type\":\"ListItem\",\"position\":2,\"name\":\"Kauppa\",\"item\":\"https:\/\/padelhaus.fi\/kauppa\/\"},{\"@type\":\"ListItem\",\"position\":3,\"name\":\"Head Speed Motion 2023 Ari S\u00e1nchez\"}]},{\"@type\":\"WebSite\",\"@id\":\"https:\/\/padelhaus.mustlammas-dev.in\/fi\/#website\",\"url\":\"https:\/\/padelhaus.mustlammas-dev.in\/fi\/\",\"name\":\"Claude Padelhaus\",\"description\":\"Sinu padelivarustuse kodu\",\"publisher\":{\"@id\":\"https:\/\/padelhaus.mustlammas-dev.in\/fi\/#organization\"},\"potentialAction\":[{\"@type\":\"SearchAction\",\"target\":{\"@type\":\"EntryPoint\",\"urlTemplate\":\"https:\/\/padelhaus.mustlammas-dev.in\/fi\/?s={search_term_string}\"},\"query-input\":{\"@type\":\"PropertyValueSpecification\",\"valueRequired\":true,\"valueName\":\"search_term_string\"}}],\"inLanguage\":\"fi\"},{\"@type\":\"Organization\",\"@id\":\"https:\/\/padelhaus.mustlammas-dev.in\/fi\/#organization\",\"name\":\"Claude Padelhaus\",\"url\":\"https:\/\/padelhaus.mustlammas-dev.in\/fi\/\",\"logo\":{\"@type\":\"ImageObject\",\"inLanguage\":\"fi\",\"@id\":\"https:\/\/padelhaus.mustlammas-dev.in\/fi\/#\/schema\/logo\/image\/\",\"url\":\"https:\/\/padelhaus.mustlammas-dev.in\/wp-content\/uploads\/2025\/05\/Logo-1.png\",\"contentUrl\":\"https:\/\/padelhaus.mustlammas-dev.in\/wp-content\/uploads\/2025\/05\/Logo-1.png\",\"width\":280,\"height\":115,\"caption\":\"Claude Padelhaus\"},\"image\":{\"@id\":\"https:\/\/padelhaus.mustlammas-dev.in\/fi\/#\/schema\/logo\/image\/\"}}]}<\/script>\n<meta property=\"product:price:amount\" content=\"134.95\" \/>\n<meta property=\"product:price:currency\" content=\"EUR\" \/>\n<meta property=\"og:availability\" content=\"instock\" \/>\n<meta property=\"product:availability\" content=\"instock\" \/>\n<meta property=\"product:retailer_item_id\" content=\"HEA-R-36\" \/>\n<meta property=\"product:condition\" content=\"new\" \/>\n<!-- \/ Yoast SEO Premium plugin. -->","yoast_head_json":{"title":"Head Speed Motion 2023 Ari S\u00e1nchez | Test Padelhaus","description":"Padelmailat ja padelvarusteet edullisesti. Padelhaus on padel verkkokauppa, josta l\u00f6yd\u00e4t parhaat padelmailat kaikille tasoille.","robots":{"index":"noindex","follow":"follow","max-snippet":"max-snippet:-1","max-image-preview":"max-image-preview:large","max-video-preview":"max-video-preview:-1"},"og_locale":"fi_FI","og_type":"article","og_title":"Head Speed Motion 2023 Ari S\u00e1nchez","og_description":"Padelmailat ja padelvarusteet edullisesti. Padelhaus on padel verkkokauppa, josta l\u00f6yd\u00e4t parhaat padelmailat kaikille tasoille.","og_url":"https:\/\/padelhaus.mustlammas-dev.in\/fi\/kauppa\/head-speed-motion-2023-ari-sanchez\/","og_site_name":"Test Padelhaus","article_modified_time":"2026-03-10T00:05:34+00:00","og_image":[{"width":1000,"height":1000,"url":"https:\/\/padelhaus.lv\/wp-content\/uploads\/2026\/01\/5-2.webp","type":"image\/webp"}],"twitter_card":"summary_large_image","twitter_misc":{"Hinta":"134,95&nbsp;&euro;","Saatavuus":"Varastossa"},"schema":{"@context":"https:\/\/schema.org","@graph":[{"@type":["WebPage","ItemPage"],"@id":"https:\/\/padelhaus.mustlammas-dev.in\/fi\/kauppa\/head-speed-motion-2023-ari-sanchez\/","url":"https:\/\/padelhaus.mustlammas-dev.in\/fi\/kauppa\/head-speed-motion-2023-ari-sanchez\/","name":"Head Speed Motion 2023 Ari S\u00e1nchez | Test Padelhaus","isPartOf":{"@id":"https:\/\/padelhaus.mustlammas-dev.in\/fi\/#website"},"primaryImageOfPage":{"@id":"https:\/\/padelhaus.mustlammas-dev.in\/fi\/kauppa\/head-speed-motion-2023-ari-sanchez\/#primaryimage"},"image":{"@id":"https:\/\/padelhaus.mustlammas-dev.in\/fi\/kauppa\/head-speed-motion-2023-ari-sanchez\/#primaryimage"},"thumbnailUrl":"https:\/\/padelhaus.mustlammas-dev.in\/wp-content\/uploads\/2026\/01\/5-2.webp","datePublished":"2026-01-21T13:33:39+00:00","dateModified":"2026-03-10T00:05:34+00:00","description":"Padelmailat ja padelvarusteet edullisesti. Padelhaus on padel verkkokauppa, josta l\u00f6yd\u00e4t parhaat padelmailat kaikille tasoille.","breadcrumb":{"@id":"https:\/\/padelhaus.mustlammas-dev.in\/fi\/kauppa\/head-speed-motion-2023-ari-sanchez\/#breadcrumb"},"inLanguage":"fi","potentialAction":[{"@type":"ReadAction","target":["https:\/\/padelhaus.mustlammas-dev.in\/fi\/kauppa\/head-speed-motion-2023-ari-sanchez\/"]}]},{"@type":"ImageObject","inLanguage":"fi","@id":"https:\/\/padelhaus.mustlammas-dev.in\/fi\/kauppa\/head-speed-motion-2023-ari-sanchez\/#primaryimage","url":"https:\/\/padelhaus.mustlammas-dev.in\/wp-content\/uploads\/2026\/01\/5-2.webp","contentUrl":"https:\/\/padelhaus.mustlammas-dev.in\/wp-content\/uploads\/2026\/01\/5-2.webp","width":1000,"height":1000},{"@type":"BreadcrumbList","@id":"https:\/\/padelhaus.mustlammas-dev.in\/fi\/kauppa\/head-speed-motion-2023-ari-sanchez\/#breadcrumb","itemListElement":[{"@type":"ListItem","position":1,"name":"Avaleht","item":"https:\/\/padelhaus.fi\/"},{"@type":"ListItem","position":2,"name":"Kauppa","item":"https:\/\/padelhaus.fi\/kauppa\/"},{"@type":"ListItem","position":3,"name":"Head Speed Motion 2023 Ari S\u00e1nchez"}]},{"@type":"WebSite","@id":"https:\/\/padelhaus.mustlammas-dev.in\/fi\/#website","url":"https:\/\/padelhaus.mustlammas-dev.in\/fi\/","name":"Claude Padelhaus","description":"Sinu padelivarustuse kodu","publisher":{"@id":"https:\/\/padelhaus.mustlammas-dev.in\/fi\/#organization"},"potentialAction":[{"@type":"SearchAction","target":{"@type":"EntryPoint","urlTemplate":"https:\/\/padelhaus.mustlammas-dev.in\/fi\/?s={search_term_string}"},"query-input":{"@type":"PropertyValueSpecification","valueRequired":true,"valueName":"search_term_string"}}],"inLanguage":"fi"},{"@type":"Organization","@id":"https:\/\/padelhaus.mustlammas-dev.in\/fi\/#organization","name":"Claude Padelhaus","url":"https:\/\/padelhaus.mustlammas-dev.in\/fi\/","logo":{"@type":"ImageObject","inLanguage":"fi","@id":"https:\/\/padelhaus.mustlammas-dev.in\/fi\/#\/schema\/logo\/image\/","url":"https:\/\/padelhaus.mustlammas-dev.in\/wp-content\/uploads\/2025\/05\/Logo-1.png","contentUrl":"https:\/\/padelhaus.mustlammas-dev.in\/wp-content\/uploads\/2025\/05\/Logo-1.png","width":280,"height":115,"caption":"Claude Padelhaus"},"image":{"@id":"https:\/\/padelhaus.mustlammas-dev.in\/fi\/#\/schema\/logo\/image\/"}}]},"product_price_amount":"134.95","product_price_currency":"EUR","og_availability":"instock","product_availability":"instock","product_retailer_item_id":"HEA-R-36","product_condition":"new"},"_links":{"self":[{"href":"https:\/\/padelhaus.mustlammas-dev.in\/fi\/wp-json\/wp\/v2\/product\/71760","targetHints":{"allow":["GET"]}}],"collection":[{"href":"https:\/\/padelhaus.mustlammas-dev.in\/fi\/wp-json\/wp\/v2\/product"}],"about":[{"href":"https:\/\/padelhaus.mustlammas-dev.in\/fi\/wp-json\/wp\/v2\/types\/product"}],"replies":[{"embeddable":true,"href":"https:\/\/padelhaus.mustlammas-dev.in\/fi\/wp-json\/wp\/v2\/comments?post=71760"}],"wp:featuredmedia":[{"embeddable":true,"href":"https:\/\/padelhaus.mustlammas-dev.in\/fi\/wp-json\/wp\/v2\/media\/71761"}],"wp:attachment":[{"href":"https:\/\/padelhaus.mustlammas-dev.in\/fi\/wp-json\/wp\/v2\/media?parent=71760"}],"wp:term":[{"taxonomy":"product_brand","embeddable":true,"href":"https:\/\/padelhaus.mustlammas-dev.in\/fi\/wp-json\/wp\/v2\/product_brand?post=71760"},{"taxonomy":"product_cat","embeddable":true,"href":"https:\/\/padelhaus.mustlammas-dev.in\/fi\/wp-json\/wp\/v2\/product_cat?post=71760"},{"taxonomy":"product_tag","embeddable":true,"href":"https:\/\/padelhaus.mustlammas-dev.in\/fi\/wp-json\/wp\/v2\/product_tag?post=71760"}],"curies":[{"name":"wp","href":"https:\/\/api.w.org\/{rel}","templated":true}]}}