{"id":71790,"date":"2025-12-05T12:40:05","date_gmt":"2025-12-05T10:40:05","guid":{"rendered":"https:\/\/padelhaus.mustlammas-dev.in\/pood\/nox-x-hero-white-2026\/"},"modified":"2026-03-11T11:51:08","modified_gmt":"2026-03-11T09:51:08","slug":"nox-x-hero-white-2026","status":"publish","type":"product","link":"https:\/\/padelhaus.mustlammas-dev.in\/fi\/kauppa\/nox-x-hero-white-2026\/","title":{"rendered":"Nox X-hero White 2026"},"content":{"rendered":"<p data-start=\"129\" data-end=\"421\"><strong>Nox X-Hero White 2026<\/strong> on t\u00e4ydellinen maila aloittelijoille ja keskitason pelaajille, jotka etsiv\u00e4t lis\u00e4\u00e4 kontrollia ja mukavuutta. Pehme\u00e4n tuntuman ja py\u00f6re\u00e4n muodon ansiosta se mahdollistaa pallon tarkan sijoittelun, v\u00e4hent\u00e4en virheit\u00e4 ja parantaen tekniikkaasi heti ensimm\u00e4isest\u00e4 p\u00e4iv\u00e4st\u00e4 alkaen. <\/p>\n<h5 data-start=\"423\" data-end=\"997\">Tasapainoinen muotoilu ketteryytt\u00e4 ja itseluottamusta varten<\/h5>\n<p data-start=\"423\" data-end=\"997\">T\u00e4m\u00e4 on tasapainoinen maila, joka on suunniteltu tarjoamaan ketteryytt\u00e4 ja itseluottamusta jokaiseen ly\u00f6ntiin. Tyylik\u00e4s ja kest\u00e4v\u00e4 muotoilu. Valkoinen viimeistely moderneilla yksityiskohdilla antaa puhtaan ja hienostuneen ilmeen, joka sopii minimalistista tyyli\u00e4 arvostaville. Hiilikuiturunko takaa j\u00e4ykkyyden ja kest\u00e4vyyden, kun taas keskipainoinen tasapaino mahdollistaa monipuolisen pelin niin puolustuksessa kuin hy\u00f6kk\u00e4yksess\u00e4. Lis\u00e4ksi kiilt\u00e4v\u00e4 pinta tuo premium-tuntumaa ja lis\u00e4\u00e4 mailan houkuttelevuutta.    <\/p>\n<h5 data-start=\"999\" data-end=\"1038\">T\u00e4rkeimm\u00e4t teknologiat ja ominaisuudet<\/h5>\n<ul data-start=\"1039\" data-end=\"1482\">\n<li data-start=\"1039\" data-end=\"1133\">\n<p data-start=\"1041\" data-end=\"1133\"><strong data-start=\"1041\" data-end=\"1059\">HR3 White EVA:<\/strong> Matalatiheyksinen ydin, joka takaa pehme\u00e4n tuntuman ja erinomaisen kontrollin<\/p>\n<\/li>\n<li data-start=\"1134\" data-end=\"1230\">\n<p data-start=\"1136\" data-end=\"1230\"><strong data-start=\"1136\" data-end=\"1155\">Fiber Glass 3K:<\/strong> Kolme kerrosta lasikuitua, jotka lis\u00e4\u00e4v\u00e4t kest\u00e4vyytt\u00e4 ja pallon l\u00e4ht\u00f6nopeutta<\/p>\n<\/li>\n<li data-start=\"1231\" data-end=\"1323\">\n<p data-start=\"1233\" data-end=\"1323\"><strong data-start=\"1233\" data-end=\"1271\">Dynamic Composite Structure (DCS):<\/strong> Vahvistaa runkoa ja v\u00e4hent\u00e4\u00e4 murtumien riski\u00e4<\/p>\n<\/li>\n<li data-start=\"1324\" data-end=\"1393\">\n<p data-start=\"1326\" data-end=\"1393\"><strong data-start=\"1326\" data-end=\"1343\">Carbon Frame:<\/strong> Parempi rakenteellinen kest\u00e4vyys ja pidempi k\u00e4ytt\u00f6ik\u00e4<\/p>\n<\/li>\n<li data-start=\"1394\" data-end=\"1482\">\n<p data-start=\"1396\" data-end=\"1482\"><strong data-start=\"1396\" data-end=\"1431\">Py\u00f6re\u00e4 muoto ja keskipainoinen tasapaino:<\/strong> Laajentavat makeaa pistett\u00e4 ja parantavat tarkkuutta<\/p>\n<\/li>\n<\/ul>\n","protected":false},"excerpt":{"rendered":"<p>Nox X-Hero White 2026 on t\u00e4ydellinen maila aloittelijoille ja keskitason pelaajille, jotka etsiv\u00e4t lis\u00e4\u00e4 kontrollia ja mukavuutta. Pehme\u00e4n tuntuman ja py\u00f6re\u00e4n muodon ansiosta se mahdollistaa pallon tarkan sijoittelun, v\u00e4hent\u00e4en virheit\u00e4 ja parantaen tekniikkaasi heti ensimm\u00e4isest\u00e4 p\u00e4iv\u00e4st\u00e4 alkaen. Tasapainoinen muotoilu ketteryytt\u00e4 ja itseluottamusta varten T\u00e4m\u00e4 on tasapainoinen maila, joka on suunniteltu tarjoamaan ketteryytt\u00e4 ja itseluottamusta jokaiseen [&hellip;]<\/p>\n","protected":false},"featured_media":73169,"comment_status":"open","ping_status":"closed","template":"","meta":{"_eb_attr":""},"product_brand":[493],"product_cat":[520,497,494],"product_tag":[],"class_list":{"0":"post-71790","1":"product","2":"type-product","3":"status-publish","4":"has-post-thumbnail","6":"product_brand-nox","7":"product_cat-aloittelijat","8":"product_cat-nox","9":"product_cat-padelmailat","10":"pa_kaal-360g","11":"pa_kuju-pyorea","12":"pa_mangustiil-hybridi","13":"pa_tasakaal-keskella","14":"pa_tase-aloittelija","15":"pa_varv-valkoinen","18":"first","19":"onbackorder","20":"sale","21":"featured","22":"taxable","23":"shipping-taxable","24":"purchasable","25":"product-type-simple"},"yoast_head":"<!-- This site is optimized with the Yoast SEO Premium plugin v27.1 (Yoast SEO v27.1.1) - https:\/\/yoast.com\/product\/yoast-seo-premium-wordpress\/ -->\n<title>Nox X-hero White 2026 | Test Padelhaus<\/title>\n<meta name=\"description\" content=\"Padelmailat ja padelvarusteet edullisesti. Padelhaus on padel verkkokauppa, josta l\u00f6yd\u00e4t parhaat padelmailat kaikille tasoille.\" \/>\n<meta name=\"robots\" content=\"noindex, follow, max-snippet:-1, max-image-preview:large, max-video-preview:-1\" \/>\n<meta property=\"og:locale\" content=\"fi_FI\" \/>\n<meta property=\"og:type\" content=\"article\" \/>\n<meta property=\"og:title\" content=\"Nox X-hero White 2026\" \/>\n<meta property=\"og:description\" content=\"Padelmailat ja padelvarusteet edullisesti. Padelhaus on padel verkkokauppa, josta l\u00f6yd\u00e4t parhaat padelmailat kaikille tasoille.\" \/>\n<meta property=\"og:url\" content=\"https:\/\/padelhaus.mustlammas-dev.in\/fi\/kauppa\/nox-x-hero-white-2026\/\" \/>\n<meta property=\"og:site_name\" content=\"Test Padelhaus\" \/>\n<meta property=\"article:modified_time\" content=\"2026-03-11T09:51:08+00:00\" \/>\n<meta property=\"og:image\" content=\"https:\/\/padelhaus.mustlammas-dev.in\/wp-content\/uploads\/2025\/12\/NOX-X-HERO-WHITE.webp\" \/>\n\t<meta property=\"og:image:width\" content=\"1000\" \/>\n\t<meta property=\"og:image:height\" content=\"1000\" \/>\n\t<meta property=\"og:image:type\" content=\"image\/webp\" \/>\n<meta name=\"twitter:card\" content=\"summary_large_image\" \/>\n<meta name=\"twitter:label1\" content=\"Hinta\" \/>\n\t<meta name=\"twitter:data1\" content=\"64,95&nbsp;&euro;\" \/>\n\t<meta name=\"twitter:label2\" content=\"Saatavuus\" \/>\n\t<meta name=\"twitter:data2\" content=\"J\u00e4lkitoimituksessa\" \/>\n<script type=\"application\/ld+json\" class=\"yoast-schema-graph\">{\"@context\":\"https:\/\/schema.org\",\"@graph\":[{\"@type\":[\"WebPage\",\"ItemPage\"],\"@id\":\"https:\/\/padelhaus.mustlammas-dev.in\/fi\/kauppa\/nox-x-hero-white-2026\/\",\"url\":\"https:\/\/padelhaus.mustlammas-dev.in\/fi\/kauppa\/nox-x-hero-white-2026\/\",\"name\":\"Nox X-hero White 2026 | Test Padelhaus\",\"isPartOf\":{\"@id\":\"https:\/\/padelhaus.mustlammas-dev.in\/fi\/#website\"},\"primaryImageOfPage\":{\"@id\":\"https:\/\/padelhaus.mustlammas-dev.in\/fi\/kauppa\/nox-x-hero-white-2026\/#primaryimage\"},\"image\":{\"@id\":\"https:\/\/padelhaus.mustlammas-dev.in\/fi\/kauppa\/nox-x-hero-white-2026\/#primaryimage\"},\"thumbnailUrl\":\"https:\/\/padelhaus.mustlammas-dev.in\/wp-content\/uploads\/2025\/12\/NOX-X-HERO-WHITE.webp\",\"datePublished\":\"2025-12-05T10:40:05+00:00\",\"dateModified\":\"2026-03-11T09:51:08+00:00\",\"description\":\"Padelmailat ja padelvarusteet edullisesti. Padelhaus on padel verkkokauppa, josta l\u00f6yd\u00e4t parhaat padelmailat kaikille tasoille.\",\"breadcrumb\":{\"@id\":\"https:\/\/padelhaus.mustlammas-dev.in\/fi\/kauppa\/nox-x-hero-white-2026\/#breadcrumb\"},\"inLanguage\":\"fi\",\"potentialAction\":[{\"@type\":\"ReadAction\",\"target\":[\"https:\/\/padelhaus.mustlammas-dev.in\/fi\/kauppa\/nox-x-hero-white-2026\/\"]}]},{\"@type\":\"ImageObject\",\"inLanguage\":\"fi\",\"@id\":\"https:\/\/padelhaus.mustlammas-dev.in\/fi\/kauppa\/nox-x-hero-white-2026\/#primaryimage\",\"url\":\"https:\/\/padelhaus.mustlammas-dev.in\/wp-content\/uploads\/2025\/12\/NOX-X-HERO-WHITE.webp\",\"contentUrl\":\"https:\/\/padelhaus.mustlammas-dev.in\/wp-content\/uploads\/2025\/12\/NOX-X-HERO-WHITE.webp\",\"width\":1000,\"height\":1000,\"caption\":\"NOX X-HERO WHITE 2026\"},{\"@type\":\"BreadcrumbList\",\"@id\":\"https:\/\/padelhaus.mustlammas-dev.in\/fi\/kauppa\/nox-x-hero-white-2026\/#breadcrumb\",\"itemListElement\":[{\"@type\":\"ListItem\",\"position\":1,\"name\":\"Avaleht\",\"item\":\"https:\/\/padelhaus.fi\/\"},{\"@type\":\"ListItem\",\"position\":2,\"name\":\"Kauppa\",\"item\":\"https:\/\/padelhaus.fi\/kauppa\/\"},{\"@type\":\"ListItem\",\"position\":3,\"name\":\"Nox X-hero White 2026\"}]},{\"@type\":\"WebSite\",\"@id\":\"https:\/\/padelhaus.mustlammas-dev.in\/fi\/#website\",\"url\":\"https:\/\/padelhaus.mustlammas-dev.in\/fi\/\",\"name\":\"Claude Padelhaus\",\"description\":\"Sinu padelivarustuse kodu\",\"publisher\":{\"@id\":\"https:\/\/padelhaus.mustlammas-dev.in\/fi\/#organization\"},\"potentialAction\":[{\"@type\":\"SearchAction\",\"target\":{\"@type\":\"EntryPoint\",\"urlTemplate\":\"https:\/\/padelhaus.mustlammas-dev.in\/fi\/?s={search_term_string}\"},\"query-input\":{\"@type\":\"PropertyValueSpecification\",\"valueRequired\":true,\"valueName\":\"search_term_string\"}}],\"inLanguage\":\"fi\"},{\"@type\":\"Organization\",\"@id\":\"https:\/\/padelhaus.mustlammas-dev.in\/fi\/#organization\",\"name\":\"Claude Padelhaus\",\"url\":\"https:\/\/padelhaus.mustlammas-dev.in\/fi\/\",\"logo\":{\"@type\":\"ImageObject\",\"inLanguage\":\"fi\",\"@id\":\"https:\/\/padelhaus.mustlammas-dev.in\/fi\/#\/schema\/logo\/image\/\",\"url\":\"https:\/\/padelhaus.mustlammas-dev.in\/wp-content\/uploads\/2025\/05\/Logo-1.png\",\"contentUrl\":\"https:\/\/padelhaus.mustlammas-dev.in\/wp-content\/uploads\/2025\/05\/Logo-1.png\",\"width\":280,\"height\":115,\"caption\":\"Claude Padelhaus\"},\"image\":{\"@id\":\"https:\/\/padelhaus.mustlammas-dev.in\/fi\/#\/schema\/logo\/image\/\"}}]}<\/script>\n<meta property=\"product:price:amount\" content=\"64.95\" \/>\n<meta property=\"product:price:currency\" content=\"EUR\" \/>\n<meta property=\"og:availability\" content=\"backorder\" \/>\n<meta property=\"product:availability\" content=\"available for order\" \/>\n<meta property=\"product:retailer_item_id\" content=\"NOX-R-35\" \/>\n<meta property=\"product:condition\" content=\"new\" \/>\n<!-- \/ Yoast SEO Premium plugin. -->","yoast_head_json":{"title":"Nox X-hero White 2026 | Test Padelhaus","description":"Padelmailat ja padelvarusteet edullisesti. Padelhaus on padel verkkokauppa, josta l\u00f6yd\u00e4t parhaat padelmailat kaikille tasoille.","robots":{"index":"noindex","follow":"follow","max-snippet":"max-snippet:-1","max-image-preview":"max-image-preview:large","max-video-preview":"max-video-preview:-1"},"og_locale":"fi_FI","og_type":"article","og_title":"Nox X-hero White 2026","og_description":"Padelmailat ja padelvarusteet edullisesti. Padelhaus on padel verkkokauppa, josta l\u00f6yd\u00e4t parhaat padelmailat kaikille tasoille.","og_url":"https:\/\/padelhaus.mustlammas-dev.in\/fi\/kauppa\/nox-x-hero-white-2026\/","og_site_name":"Test Padelhaus","article_modified_time":"2026-03-11T09:51:08+00:00","og_image":[{"width":1000,"height":1000,"url":"https:\/\/padelhaus.mustlammas-dev.in\/wp-content\/uploads\/2025\/12\/NOX-X-HERO-WHITE.webp","type":"image\/webp"}],"twitter_card":"summary_large_image","twitter_misc":{"Hinta":"64,95&nbsp;&euro;","Saatavuus":"J\u00e4lkitoimituksessa"},"schema":{"@context":"https:\/\/schema.org","@graph":[{"@type":["WebPage","ItemPage"],"@id":"https:\/\/padelhaus.mustlammas-dev.in\/fi\/kauppa\/nox-x-hero-white-2026\/","url":"https:\/\/padelhaus.mustlammas-dev.in\/fi\/kauppa\/nox-x-hero-white-2026\/","name":"Nox X-hero White 2026 | Test Padelhaus","isPartOf":{"@id":"https:\/\/padelhaus.mustlammas-dev.in\/fi\/#website"},"primaryImageOfPage":{"@id":"https:\/\/padelhaus.mustlammas-dev.in\/fi\/kauppa\/nox-x-hero-white-2026\/#primaryimage"},"image":{"@id":"https:\/\/padelhaus.mustlammas-dev.in\/fi\/kauppa\/nox-x-hero-white-2026\/#primaryimage"},"thumbnailUrl":"https:\/\/padelhaus.mustlammas-dev.in\/wp-content\/uploads\/2025\/12\/NOX-X-HERO-WHITE.webp","datePublished":"2025-12-05T10:40:05+00:00","dateModified":"2026-03-11T09:51:08+00:00","description":"Padelmailat ja padelvarusteet edullisesti. Padelhaus on padel verkkokauppa, josta l\u00f6yd\u00e4t parhaat padelmailat kaikille tasoille.","breadcrumb":{"@id":"https:\/\/padelhaus.mustlammas-dev.in\/fi\/kauppa\/nox-x-hero-white-2026\/#breadcrumb"},"inLanguage":"fi","potentialAction":[{"@type":"ReadAction","target":["https:\/\/padelhaus.mustlammas-dev.in\/fi\/kauppa\/nox-x-hero-white-2026\/"]}]},{"@type":"ImageObject","inLanguage":"fi","@id":"https:\/\/padelhaus.mustlammas-dev.in\/fi\/kauppa\/nox-x-hero-white-2026\/#primaryimage","url":"https:\/\/padelhaus.mustlammas-dev.in\/wp-content\/uploads\/2025\/12\/NOX-X-HERO-WHITE.webp","contentUrl":"https:\/\/padelhaus.mustlammas-dev.in\/wp-content\/uploads\/2025\/12\/NOX-X-HERO-WHITE.webp","width":1000,"height":1000,"caption":"NOX X-HERO WHITE 2026"},{"@type":"BreadcrumbList","@id":"https:\/\/padelhaus.mustlammas-dev.in\/fi\/kauppa\/nox-x-hero-white-2026\/#breadcrumb","itemListElement":[{"@type":"ListItem","position":1,"name":"Avaleht","item":"https:\/\/padelhaus.fi\/"},{"@type":"ListItem","position":2,"name":"Kauppa","item":"https:\/\/padelhaus.fi\/kauppa\/"},{"@type":"ListItem","position":3,"name":"Nox X-hero White 2026"}]},{"@type":"WebSite","@id":"https:\/\/padelhaus.mustlammas-dev.in\/fi\/#website","url":"https:\/\/padelhaus.mustlammas-dev.in\/fi\/","name":"Claude Padelhaus","description":"Sinu padelivarustuse kodu","publisher":{"@id":"https:\/\/padelhaus.mustlammas-dev.in\/fi\/#organization"},"potentialAction":[{"@type":"SearchAction","target":{"@type":"EntryPoint","urlTemplate":"https:\/\/padelhaus.mustlammas-dev.in\/fi\/?s={search_term_string}"},"query-input":{"@type":"PropertyValueSpecification","valueRequired":true,"valueName":"search_term_string"}}],"inLanguage":"fi"},{"@type":"Organization","@id":"https:\/\/padelhaus.mustlammas-dev.in\/fi\/#organization","name":"Claude Padelhaus","url":"https:\/\/padelhaus.mustlammas-dev.in\/fi\/","logo":{"@type":"ImageObject","inLanguage":"fi","@id":"https:\/\/padelhaus.mustlammas-dev.in\/fi\/#\/schema\/logo\/image\/","url":"https:\/\/padelhaus.mustlammas-dev.in\/wp-content\/uploads\/2025\/05\/Logo-1.png","contentUrl":"https:\/\/padelhaus.mustlammas-dev.in\/wp-content\/uploads\/2025\/05\/Logo-1.png","width":280,"height":115,"caption":"Claude Padelhaus"},"image":{"@id":"https:\/\/padelhaus.mustlammas-dev.in\/fi\/#\/schema\/logo\/image\/"}}]},"product_price_amount":"64.95","product_price_currency":"EUR","og_availability":"backorder","product_availability":"available for order","product_retailer_item_id":"NOX-R-35","product_condition":"new"},"_links":{"self":[{"href":"https:\/\/padelhaus.mustlammas-dev.in\/fi\/wp-json\/wp\/v2\/product\/71790","targetHints":{"allow":["GET"]}}],"collection":[{"href":"https:\/\/padelhaus.mustlammas-dev.in\/fi\/wp-json\/wp\/v2\/product"}],"about":[{"href":"https:\/\/padelhaus.mustlammas-dev.in\/fi\/wp-json\/wp\/v2\/types\/product"}],"replies":[{"embeddable":true,"href":"https:\/\/padelhaus.mustlammas-dev.in\/fi\/wp-json\/wp\/v2\/comments?post=71790"}],"wp:featuredmedia":[{"embeddable":true,"href":"https:\/\/padelhaus.mustlammas-dev.in\/fi\/wp-json\/wp\/v2\/media\/73169"}],"wp:attachment":[{"href":"https:\/\/padelhaus.mustlammas-dev.in\/fi\/wp-json\/wp\/v2\/media?parent=71790"}],"wp:term":[{"taxonomy":"product_brand","embeddable":true,"href":"https:\/\/padelhaus.mustlammas-dev.in\/fi\/wp-json\/wp\/v2\/product_brand?post=71790"},{"taxonomy":"product_cat","embeddable":true,"href":"https:\/\/padelhaus.mustlammas-dev.in\/fi\/wp-json\/wp\/v2\/product_cat?post=71790"},{"taxonomy":"product_tag","embeddable":true,"href":"https:\/\/padelhaus.mustlammas-dev.in\/fi\/wp-json\/wp\/v2\/product_tag?post=71790"}],"curies":[{"name":"wp","href":"https:\/\/api.w.org\/{rel}","templated":true}]}}