{"id":71809,"date":"2025-12-05T12:45:28","date_gmt":"2025-12-05T10:45:28","guid":{"rendered":"https:\/\/padelhaus.mustlammas-dev.in\/pood\/nox-x-hero-red-2026\/"},"modified":"2026-03-05T17:57:43","modified_gmt":"2026-03-05T15:57:43","slug":"nox-x-hero-red-2026","status":"publish","type":"product","link":"https:\/\/padelhaus.mustlammas-dev.in\/fi\/kauppa\/nox-x-hero-red-2026\/","title":{"rendered":"Nox X-hero Red 2026"},"content":{"rendered":"<p data-start=\"99\" data-end=\"239\"><strong>Nox X-Hero Red 2026<\/strong> on suunniteltu aloittelijoille ja keskitason pelaajille, jotka etsiv\u00e4t t\u00e4ydellist\u00e4 tasapainoa hallinnan, mukavuuden ja kevyen voiman v\u00e4lill\u00e4.<\/p>\n<h5 data-start=\"241\" data-end=\"264\">Avainominaisuudet<\/h5>\n<ul data-start=\"265\" data-end=\"490\">\n<li data-start=\"265\" data-end=\"353\">\n<p data-start=\"267\" data-end=\"353\">Pehme\u00e4 kosketus ja ketteryys, jotka mahdollistavat pelin varman hallinnan takakent\u00e4lt\u00e4<\/p>\n<\/li>\n<li data-start=\"354\" data-end=\"384\">\n<p data-start=\"356\" data-end=\"384\">Varma vaste hy\u00f6kk\u00e4yksiss\u00e4<\/p>\n<\/li>\n<li data-start=\"385\" data-end=\"490\">\n<p data-start=\"387\" data-end=\"490\">Py\u00f6re\u00e4 muoto laajentaa sweet spotia, tehden my\u00f6s osumista keskipisteen ulkopuolelle tehokkaampia ja mukavampia<\/p>\n<\/li>\n<\/ul>\n<h5 data-start=\"492\" data-end=\"805\">N\u00e4ytt\u00e4v\u00e4 muotoilu ja kest\u00e4v\u00e4 rakenne<\/h5>\n<p data-start=\"492\" data-end=\"805\">Kiilt\u00e4v\u00e4n punaisen ja harmaan viimeistelyn sek\u00e4 nykyaikaisten yksityiskohtien ansiosta maila ei ainoastaan tunnu hyv\u00e4lt\u00e4 pelatessa, vaan se erottuu my\u00f6s rohkealla ulkon\u00e4\u00f6ll\u00e4\u00e4n. Hiilikuiturunko lis\u00e4\u00e4 rakenteen j\u00e4ykkyytt\u00e4 ja takaa paremman kest\u00e4vyyden vaativimmissakin peleiss\u00e4. <\/p>\n<p data-start=\"807\" data-end=\"1068\">Keskitasapaino tarjoaa vakautta ja monipuolisuutta mukautuen eri pelityyleihin niin hy\u00f6kk\u00e4yksess\u00e4 kuin puolustuksessa. Lis\u00e4ksi kiilt\u00e4v\u00e4 pinta parantaa mailan estetiikkaa ja tuo premium-tuntumaa, joka ilahduttaa kent\u00e4ll\u00e4 ja sen ulkopuolella erottuvia pelaajia. <\/p>\n<h5 data-start=\"1070\" data-end=\"1100\">Teknologiat ja ominaisuudet<\/h5>\n<ul data-start=\"1101\" data-end=\"1624\">\n<li data-start=\"1101\" data-end=\"1200\">\n<p data-start=\"1103\" data-end=\"1200\"><strong data-start=\"1103\" data-end=\"1121\">HR3 White EVA:<\/strong> Pehme\u00e4, matalatiheyksinen ydin, joka takaa mukavuuden ja hallinnan jokaisessa ly\u00f6nniss\u00e4<\/p>\n<\/li>\n<li data-start=\"1201\" data-end=\"1321\">\n<p data-start=\"1203\" data-end=\"1321\"><strong data-start=\"1203\" data-end=\"1222\">Fiber Glass 3K:<\/strong> Kolmella lasikuitukerroksella vahvistetut pinnat, jotka takaavat kest\u00e4vyyden ja hyv\u00e4n pallonl\u00e4hd\u00f6n<\/p>\n<\/li>\n<li data-start=\"1322\" data-end=\"1440\">\n<p data-start=\"1324\" data-end=\"1440\"><strong data-start=\"1324\" data-end=\"1362\">Dynamic Composite Structure (DCS):<\/strong> Rungon vahvistus, joka suojaa vaurioilta osumissa keskipisteen ulkopuolelle<\/p>\n<\/li>\n<li data-start=\"1441\" data-end=\"1514\">\n<p data-start=\"1443\" data-end=\"1514\"><strong data-start=\"1443\" data-end=\"1460\">Carbon Frame:<\/strong> J\u00e4ykk\u00e4 ja kest\u00e4v\u00e4 runko, joka pident\u00e4\u00e4 mailan k\u00e4ytt\u00f6ik\u00e4\u00e4<\/p>\n<\/li>\n<li data-start=\"1515\" data-end=\"1624\">\n<p data-start=\"1517\" data-end=\"1624\"><strong data-start=\"1517\" data-end=\"1551\">Py\u00f6re\u00e4 muoto + keskitasapaino:<\/strong> Suurempi sweet spot ja tarkkuutta ly\u00f6nteihin, ihanteellinen oppimiseen ja kehittymiseen<\/p>\n<\/li>\n<\/ul>\n","protected":false},"excerpt":{"rendered":"<p>Nox X-Hero Red 2026 on suunniteltu aloittelijoille ja keskitason pelaajille, jotka etsiv\u00e4t t\u00e4ydellist\u00e4 tasapainoa hallinnan, mukavuuden ja kevyen voiman v\u00e4lill\u00e4. Avainominaisuudet Pehme\u00e4 kosketus ja ketteryys, jotka mahdollistavat pelin varman hallinnan takakent\u00e4lt\u00e4 Varma vaste hy\u00f6kk\u00e4yksiss\u00e4 Py\u00f6re\u00e4 muoto laajentaa sweet spotia, tehden my\u00f6s osumista keskipisteen ulkopuolelle tehokkaampia ja mukavampia N\u00e4ytt\u00e4v\u00e4 muotoilu ja kest\u00e4v\u00e4 rakenne Kiilt\u00e4v\u00e4n punaisen ja [&hellip;]<\/p>\n","protected":false},"featured_media":71816,"comment_status":"open","ping_status":"closed","template":"","meta":{"_eb_attr":""},"product_brand":[493],"product_cat":[520,497,494],"product_tag":[],"class_list":{"0":"post-71809","1":"product","2":"type-product","3":"status-publish","4":"has-post-thumbnail","6":"product_brand-nox","7":"product_cat-aloittelijat","8":"product_cat-nox","9":"product_cat-padelmailat","10":"pa_kaal-360g","11":"pa_kuju-pyorea","12":"pa_mangustiil-hybridi","13":"pa_tasakaal-keskella","14":"pa_tase-aloittelija","15":"pa_varv-punainen","18":"first","19":"onbackorder","20":"sale","21":"taxable","22":"shipping-taxable","23":"purchasable","24":"product-type-simple"},"yoast_head":"<!-- This site is optimized with the Yoast SEO Premium plugin v27.1 (Yoast SEO v27.1.1) - https:\/\/yoast.com\/product\/yoast-seo-premium-wordpress\/ -->\n<title>Nox X-hero Red 2026 | Test Padelhaus<\/title>\n<meta name=\"description\" content=\"Padelmailat ja padelvarusteet edullisesti. Padelhaus on padel verkkokauppa, josta l\u00f6yd\u00e4t parhaat padelmailat kaikille tasoille.\" \/>\n<meta name=\"robots\" content=\"noindex, follow, max-snippet:-1, max-image-preview:large, max-video-preview:-1\" \/>\n<meta property=\"og:locale\" content=\"fi_FI\" \/>\n<meta property=\"og:type\" content=\"article\" \/>\n<meta property=\"og:title\" content=\"Nox X-hero Red 2026\" \/>\n<meta property=\"og:description\" content=\"Padelmailat ja padelvarusteet edullisesti. Padelhaus on padel verkkokauppa, josta l\u00f6yd\u00e4t parhaat padelmailat kaikille tasoille.\" \/>\n<meta property=\"og:url\" content=\"https:\/\/padelhaus.mustlammas-dev.in\/fi\/kauppa\/nox-x-hero-red-2026\/\" \/>\n<meta property=\"og:site_name\" content=\"Test Padelhaus\" \/>\n<meta property=\"article:modified_time\" content=\"2026-03-05T15:57:43+00:00\" \/>\n<meta property=\"og:image\" content=\"https:\/\/padelhaus.mustlammas-dev.in\/wp-content\/uploads\/2025\/12\/NOX-X-HERO-RED-2026.webp\" \/>\n\t<meta property=\"og:image:width\" content=\"1000\" \/>\n\t<meta property=\"og:image:height\" content=\"1000\" \/>\n\t<meta property=\"og:image:type\" content=\"image\/webp\" \/>\n<meta name=\"twitter:card\" content=\"summary_large_image\" \/>\n<meta name=\"twitter:label1\" content=\"Hinta\" \/>\n\t<meta name=\"twitter:data1\" content=\"64,95&nbsp;&euro;\" \/>\n\t<meta name=\"twitter:label2\" content=\"Saatavuus\" \/>\n\t<meta name=\"twitter:data2\" content=\"J\u00e4lkitoimituksessa\" \/>\n<script type=\"application\/ld+json\" class=\"yoast-schema-graph\">{\"@context\":\"https:\/\/schema.org\",\"@graph\":[{\"@type\":[\"WebPage\",\"ItemPage\"],\"@id\":\"https:\/\/padelhaus.mustlammas-dev.in\/fi\/kauppa\/nox-x-hero-red-2026\/\",\"url\":\"https:\/\/padelhaus.mustlammas-dev.in\/fi\/kauppa\/nox-x-hero-red-2026\/\",\"name\":\"Nox X-hero Red 2026 | Test Padelhaus\",\"isPartOf\":{\"@id\":\"https:\/\/padelhaus.mustlammas-dev.in\/fi\/#website\"},\"primaryImageOfPage\":{\"@id\":\"https:\/\/padelhaus.mustlammas-dev.in\/fi\/kauppa\/nox-x-hero-red-2026\/#primaryimage\"},\"image\":{\"@id\":\"https:\/\/padelhaus.mustlammas-dev.in\/fi\/kauppa\/nox-x-hero-red-2026\/#primaryimage\"},\"thumbnailUrl\":\"https:\/\/padelhaus.mustlammas-dev.in\/wp-content\/uploads\/2025\/12\/NOX-X-HERO-RED-2026.webp\",\"datePublished\":\"2025-12-05T10:45:28+00:00\",\"dateModified\":\"2026-03-05T15:57:43+00:00\",\"description\":\"Padelmailat ja padelvarusteet edullisesti. Padelhaus on padel verkkokauppa, josta l\u00f6yd\u00e4t parhaat padelmailat kaikille tasoille.\",\"breadcrumb\":{\"@id\":\"https:\/\/padelhaus.mustlammas-dev.in\/fi\/kauppa\/nox-x-hero-red-2026\/#breadcrumb\"},\"inLanguage\":\"fi\",\"potentialAction\":[{\"@type\":\"ReadAction\",\"target\":[\"https:\/\/padelhaus.mustlammas-dev.in\/fi\/kauppa\/nox-x-hero-red-2026\/\"]}]},{\"@type\":\"ImageObject\",\"inLanguage\":\"fi\",\"@id\":\"https:\/\/padelhaus.mustlammas-dev.in\/fi\/kauppa\/nox-x-hero-red-2026\/#primaryimage\",\"url\":\"https:\/\/padelhaus.mustlammas-dev.in\/wp-content\/uploads\/2025\/12\/NOX-X-HERO-RED-2026.webp\",\"contentUrl\":\"https:\/\/padelhaus.mustlammas-dev.in\/wp-content\/uploads\/2025\/12\/NOX-X-HERO-RED-2026.webp\",\"width\":1000,\"height\":1000,\"caption\":\"NOX X-HERO RED 2026\"},{\"@type\":\"BreadcrumbList\",\"@id\":\"https:\/\/padelhaus.mustlammas-dev.in\/fi\/kauppa\/nox-x-hero-red-2026\/#breadcrumb\",\"itemListElement\":[{\"@type\":\"ListItem\",\"position\":1,\"name\":\"Avaleht\",\"item\":\"https:\/\/padelhaus.fi\/\"},{\"@type\":\"ListItem\",\"position\":2,\"name\":\"Kauppa\",\"item\":\"https:\/\/padelhaus.fi\/kauppa\/\"},{\"@type\":\"ListItem\",\"position\":3,\"name\":\"Nox X-hero Red 2026\"}]},{\"@type\":\"WebSite\",\"@id\":\"https:\/\/padelhaus.mustlammas-dev.in\/fi\/#website\",\"url\":\"https:\/\/padelhaus.mustlammas-dev.in\/fi\/\",\"name\":\"Claude Padelhaus\",\"description\":\"Sinu padelivarustuse kodu\",\"publisher\":{\"@id\":\"https:\/\/padelhaus.mustlammas-dev.in\/fi\/#organization\"},\"potentialAction\":[{\"@type\":\"SearchAction\",\"target\":{\"@type\":\"EntryPoint\",\"urlTemplate\":\"https:\/\/padelhaus.mustlammas-dev.in\/fi\/?s={search_term_string}\"},\"query-input\":{\"@type\":\"PropertyValueSpecification\",\"valueRequired\":true,\"valueName\":\"search_term_string\"}}],\"inLanguage\":\"fi\"},{\"@type\":\"Organization\",\"@id\":\"https:\/\/padelhaus.mustlammas-dev.in\/fi\/#organization\",\"name\":\"Claude Padelhaus\",\"url\":\"https:\/\/padelhaus.mustlammas-dev.in\/fi\/\",\"logo\":{\"@type\":\"ImageObject\",\"inLanguage\":\"fi\",\"@id\":\"https:\/\/padelhaus.mustlammas-dev.in\/fi\/#\/schema\/logo\/image\/\",\"url\":\"https:\/\/padelhaus.mustlammas-dev.in\/wp-content\/uploads\/2025\/05\/Logo-1.png\",\"contentUrl\":\"https:\/\/padelhaus.mustlammas-dev.in\/wp-content\/uploads\/2025\/05\/Logo-1.png\",\"width\":280,\"height\":115,\"caption\":\"Claude Padelhaus\"},\"image\":{\"@id\":\"https:\/\/padelhaus.mustlammas-dev.in\/fi\/#\/schema\/logo\/image\/\"}}]}<\/script>\n<meta property=\"product:price:amount\" content=\"64.95\" \/>\n<meta property=\"product:price:currency\" content=\"EUR\" \/>\n<meta property=\"og:availability\" content=\"backorder\" \/>\n<meta property=\"product:availability\" content=\"available for order\" \/>\n<meta property=\"product:retailer_item_id\" content=\"NOX-R-36\" \/>\n<meta property=\"product:condition\" content=\"new\" \/>\n<!-- \/ Yoast SEO Premium plugin. -->","yoast_head_json":{"title":"Nox X-hero Red 2026 | Test Padelhaus","description":"Padelmailat ja padelvarusteet edullisesti. Padelhaus on padel verkkokauppa, josta l\u00f6yd\u00e4t parhaat padelmailat kaikille tasoille.","robots":{"index":"noindex","follow":"follow","max-snippet":"max-snippet:-1","max-image-preview":"max-image-preview:large","max-video-preview":"max-video-preview:-1"},"og_locale":"fi_FI","og_type":"article","og_title":"Nox X-hero Red 2026","og_description":"Padelmailat ja padelvarusteet edullisesti. Padelhaus on padel verkkokauppa, josta l\u00f6yd\u00e4t parhaat padelmailat kaikille tasoille.","og_url":"https:\/\/padelhaus.mustlammas-dev.in\/fi\/kauppa\/nox-x-hero-red-2026\/","og_site_name":"Test Padelhaus","article_modified_time":"2026-03-05T15:57:43+00:00","og_image":[{"width":1000,"height":1000,"url":"https:\/\/padelhaus.mustlammas-dev.in\/wp-content\/uploads\/2025\/12\/NOX-X-HERO-RED-2026.webp","type":"image\/webp"}],"twitter_card":"summary_large_image","twitter_misc":{"Hinta":"64,95&nbsp;&euro;","Saatavuus":"J\u00e4lkitoimituksessa"},"schema":{"@context":"https:\/\/schema.org","@graph":[{"@type":["WebPage","ItemPage"],"@id":"https:\/\/padelhaus.mustlammas-dev.in\/fi\/kauppa\/nox-x-hero-red-2026\/","url":"https:\/\/padelhaus.mustlammas-dev.in\/fi\/kauppa\/nox-x-hero-red-2026\/","name":"Nox X-hero Red 2026 | Test Padelhaus","isPartOf":{"@id":"https:\/\/padelhaus.mustlammas-dev.in\/fi\/#website"},"primaryImageOfPage":{"@id":"https:\/\/padelhaus.mustlammas-dev.in\/fi\/kauppa\/nox-x-hero-red-2026\/#primaryimage"},"image":{"@id":"https:\/\/padelhaus.mustlammas-dev.in\/fi\/kauppa\/nox-x-hero-red-2026\/#primaryimage"},"thumbnailUrl":"https:\/\/padelhaus.mustlammas-dev.in\/wp-content\/uploads\/2025\/12\/NOX-X-HERO-RED-2026.webp","datePublished":"2025-12-05T10:45:28+00:00","dateModified":"2026-03-05T15:57:43+00:00","description":"Padelmailat ja padelvarusteet edullisesti. Padelhaus on padel verkkokauppa, josta l\u00f6yd\u00e4t parhaat padelmailat kaikille tasoille.","breadcrumb":{"@id":"https:\/\/padelhaus.mustlammas-dev.in\/fi\/kauppa\/nox-x-hero-red-2026\/#breadcrumb"},"inLanguage":"fi","potentialAction":[{"@type":"ReadAction","target":["https:\/\/padelhaus.mustlammas-dev.in\/fi\/kauppa\/nox-x-hero-red-2026\/"]}]},{"@type":"ImageObject","inLanguage":"fi","@id":"https:\/\/padelhaus.mustlammas-dev.in\/fi\/kauppa\/nox-x-hero-red-2026\/#primaryimage","url":"https:\/\/padelhaus.mustlammas-dev.in\/wp-content\/uploads\/2025\/12\/NOX-X-HERO-RED-2026.webp","contentUrl":"https:\/\/padelhaus.mustlammas-dev.in\/wp-content\/uploads\/2025\/12\/NOX-X-HERO-RED-2026.webp","width":1000,"height":1000,"caption":"NOX X-HERO RED 2026"},{"@type":"BreadcrumbList","@id":"https:\/\/padelhaus.mustlammas-dev.in\/fi\/kauppa\/nox-x-hero-red-2026\/#breadcrumb","itemListElement":[{"@type":"ListItem","position":1,"name":"Avaleht","item":"https:\/\/padelhaus.fi\/"},{"@type":"ListItem","position":2,"name":"Kauppa","item":"https:\/\/padelhaus.fi\/kauppa\/"},{"@type":"ListItem","position":3,"name":"Nox X-hero Red 2026"}]},{"@type":"WebSite","@id":"https:\/\/padelhaus.mustlammas-dev.in\/fi\/#website","url":"https:\/\/padelhaus.mustlammas-dev.in\/fi\/","name":"Claude Padelhaus","description":"Sinu padelivarustuse kodu","publisher":{"@id":"https:\/\/padelhaus.mustlammas-dev.in\/fi\/#organization"},"potentialAction":[{"@type":"SearchAction","target":{"@type":"EntryPoint","urlTemplate":"https:\/\/padelhaus.mustlammas-dev.in\/fi\/?s={search_term_string}"},"query-input":{"@type":"PropertyValueSpecification","valueRequired":true,"valueName":"search_term_string"}}],"inLanguage":"fi"},{"@type":"Organization","@id":"https:\/\/padelhaus.mustlammas-dev.in\/fi\/#organization","name":"Claude Padelhaus","url":"https:\/\/padelhaus.mustlammas-dev.in\/fi\/","logo":{"@type":"ImageObject","inLanguage":"fi","@id":"https:\/\/padelhaus.mustlammas-dev.in\/fi\/#\/schema\/logo\/image\/","url":"https:\/\/padelhaus.mustlammas-dev.in\/wp-content\/uploads\/2025\/05\/Logo-1.png","contentUrl":"https:\/\/padelhaus.mustlammas-dev.in\/wp-content\/uploads\/2025\/05\/Logo-1.png","width":280,"height":115,"caption":"Claude Padelhaus"},"image":{"@id":"https:\/\/padelhaus.mustlammas-dev.in\/fi\/#\/schema\/logo\/image\/"}}]},"product_price_amount":"64.95","product_price_currency":"EUR","og_availability":"backorder","product_availability":"available for order","product_retailer_item_id":"NOX-R-36","product_condition":"new"},"_links":{"self":[{"href":"https:\/\/padelhaus.mustlammas-dev.in\/fi\/wp-json\/wp\/v2\/product\/71809","targetHints":{"allow":["GET"]}}],"collection":[{"href":"https:\/\/padelhaus.mustlammas-dev.in\/fi\/wp-json\/wp\/v2\/product"}],"about":[{"href":"https:\/\/padelhaus.mustlammas-dev.in\/fi\/wp-json\/wp\/v2\/types\/product"}],"replies":[{"embeddable":true,"href":"https:\/\/padelhaus.mustlammas-dev.in\/fi\/wp-json\/wp\/v2\/comments?post=71809"}],"wp:featuredmedia":[{"embeddable":true,"href":"https:\/\/padelhaus.mustlammas-dev.in\/fi\/wp-json\/wp\/v2\/media\/71816"}],"wp:attachment":[{"href":"https:\/\/padelhaus.mustlammas-dev.in\/fi\/wp-json\/wp\/v2\/media?parent=71809"}],"wp:term":[{"taxonomy":"product_brand","embeddable":true,"href":"https:\/\/padelhaus.mustlammas-dev.in\/fi\/wp-json\/wp\/v2\/product_brand?post=71809"},{"taxonomy":"product_cat","embeddable":true,"href":"https:\/\/padelhaus.mustlammas-dev.in\/fi\/wp-json\/wp\/v2\/product_cat?post=71809"},{"taxonomy":"product_tag","embeddable":true,"href":"https:\/\/padelhaus.mustlammas-dev.in\/fi\/wp-json\/wp\/v2\/product_tag?post=71809"}],"curies":[{"name":"wp","href":"https:\/\/api.w.org\/{rel}","templated":true}]}}