{"id":71854,"date":"2025-12-05T05:53:51","date_gmt":"2025-12-05T03:53:51","guid":{"rendered":"https:\/\/padelhaus.mustlammas-dev.in\/pood\/bullpadel-indiga-w-26-woman\/"},"modified":"2026-03-11T02:05:42","modified_gmt":"2026-03-11T00:05:42","slug":"bullpadel-indiga-w-26-woman","status":"publish","type":"product","link":"https:\/\/padelhaus.mustlammas-dev.in\/fi\/kauppa\/bullpadel-indiga-w-26-woman\/","title":{"rendered":"Bullpadel Indiga W 26 Woman"},"content":{"rendered":"<p data-start=\"177\" data-end=\"685\"><strong>Bullpadel Indiga W 2026<\/strong> on maila, joka tarjoaa huipputason kontrollia ja tarkkuutta kent\u00e4ll\u00e4. Se on suunniteltu pelaajille, jotka haluavat hallita peli\u00e4 mukavasti ja varmasti. Maila on huolellisesti muotoiltu tarjoamaan t\u00e4ydellisen tasapainon hallinnan, tarkkuuden, ketteryyden ja ly\u00f6ntimukavuuden v\u00e4lill\u00e4. Py\u00f6re\u00e4 muoto ja matala painopiste takaavat suuren sweet-spotin ja erinomaisen reagoivuuden, mik\u00e4 sopii niin aloittelijoille kuin keskitason pelaajille, jotka haluavat kehitt\u00e4\u00e4 teknisemp\u00e4\u00e4 pelityyli\u00e4.   <\/p>\n<p data-start=\"687\" data-end=\"969\">Kevyen muotoilun ansiosta mailasta tulee k\u00e4den luonnollinen jatke, mik\u00e4 mahdollistaa nopeat liikkeet ja optimaalisen reaktion tiukoissa tilanteissa. Bullpadel vahvistaa sitoutumisensa innovaatioihin tarjoamalla naispelaajille mailan, joka ylitt\u00e4\u00e4 odotukset suorituskyvyn ja mukavuuden osalta. <\/p>\n<h5 data-start=\"976\" data-end=\"994\">T\u00e4rkeimm\u00e4t ominaisuudet<\/h5>\n<ul data-start=\"995\" data-end=\"1627\">\n<li data-start=\"995\" data-end=\"1061\">\n<p data-start=\"997\" data-end=\"1061\"><strong data-start=\"997\" data-end=\"1016\">Py\u00f6re\u00e4 muoto:<\/strong> maksimaalinen kontrolli ja tarkkuus jokaisessa ly\u00f6nniss\u00e4<\/p>\n<\/li>\n<li data-start=\"1062\" data-end=\"1155\">\n<p data-start=\"1064\" data-end=\"1155\"><strong data-start=\"1064\" data-end=\"1083\">Matala painopiste:<\/strong> paino on keskitetty l\u00e4helle kahvaa, mik\u00e4 helpottaa k\u00e4sittely\u00e4<\/p>\n<\/li>\n<li data-start=\"1156\" data-end=\"1260\">\n<p data-start=\"1158\" data-end=\"1260\"><strong data-start=\"1158\" data-end=\"1172\">Ly\u00f6ntipinta:<\/strong> suuri sweet spot, joka takaa erinomaisen pallon suuntaamisen jopa ep\u00e4tarkoissa ly\u00f6nneiss\u00e4<\/p>\n<\/li>\n<li data-start=\"1261\" data-end=\"1350\">\n<p data-start=\"1263\" data-end=\"1350\"><strong data-start=\"1263\" data-end=\"1298\">Ultralight-muotoilu (\u2248350\u2013360 g):<\/strong> kevyt ja mukava k\u00e4sitelt\u00e4vyys, v\u00e4hent\u00e4\u00e4 k\u00e4den v\u00e4symist\u00e4<\/p>\n<\/li>\n<li data-start=\"1351\" data-end=\"1427\">\n<p data-start=\"1353\" data-end=\"1427\"><strong data-start=\"1353\" data-end=\"1374\">Polyglass-pinnat:<\/strong> optimaalinen joustavuus ja pallon kimmoisuus<\/p>\n<\/li>\n<li data-start=\"1428\" data-end=\"1522\">\n<p data-start=\"1430\" data-end=\"1522\"><strong data-start=\"1430\" data-end=\"1450\">SoftEva-ydin:<\/strong> erinomainen t\u00e4rin\u00e4nvaimennus, mukavuus ja vammojen ehk\u00e4isy<\/p>\n<\/li>\n<li data-start=\"1523\" data-end=\"1627\">\n<p data-start=\"1525\" data-end=\"1627\"><strong data-start=\"1525\" data-end=\"1561\">CarbonTube-runko (38 mm profiili):<\/strong> kest\u00e4v\u00e4 ja j\u00e4ykk\u00e4 runko, joka takaa erinomaisen energiansiirron<\/p>\n<\/li>\n<\/ul>\n<h5 data-start=\"1634\" data-end=\"1661\">Koostumus ja materiaalit<\/h5>\n<ul data-start=\"1662\" data-end=\"1940\">\n<li data-start=\"1662\" data-end=\"1750\">\n<p data-start=\"1664\" data-end=\"1750\"><strong data-start=\"1664\" data-end=\"1673\">Pinta:<\/strong> Polyglass (lasikuitu + hiilikuitu), takaa kontrollin ja tarkan pallonl\u00e4hd\u00f6n<\/p>\n<\/li>\n<li data-start=\"1751\" data-end=\"1836\">\n<p data-start=\"1753\" data-end=\"1836\"><strong data-start=\"1753\" data-end=\"1765\">Ydin:<\/strong> SoftEva, eri tiheyksisi\u00e4 vaahtomateriaaleja optimaalisilla t\u00e4rin\u00e4ominaisuuksilla<\/p>\n<\/li>\n<li data-start=\"1837\" data-end=\"1940\">\n<p data-start=\"1839\" data-end=\"1940\"><strong data-start=\"1839\" data-end=\"1848\">Runko:<\/strong> 100 % kaksisuuntainen hiilikuitu CarbonTube-teknologialla, takaa kest\u00e4vyyden ja vasteen<\/p>\n<\/li>\n<\/ul>\n<h5 data-start=\"1947\" data-end=\"1983\">Teknologiat, jotka tekev\u00e4t eron<\/h5>\n<ul data-start=\"1984\" data-end=\"2401\">\n<li data-start=\"1984\" data-end=\"2052\">\n<p data-start=\"1986\" data-end=\"2052\"><strong data-start=\"1986\" data-end=\"1998\">SoftEva:<\/strong> t\u00e4rin\u00e4nvaimennus ja pehme\u00e4 pallonhallinta<\/p>\n<\/li>\n<li data-start=\"2053\" data-end=\"2127\">\n<p data-start=\"2055\" data-end=\"2127\"><strong data-start=\"2055\" data-end=\"2070\">CarbonTube:<\/strong> j\u00e4ykk\u00e4 ja kest\u00e4v\u00e4 runko, optimaalinen energiansiirtoon<\/p>\n<\/li>\n<li data-start=\"2128\" data-end=\"2209\">\n<p data-start=\"2130\" data-end=\"2209\"><strong data-start=\"2130\" data-end=\"2144\">Grip Zone:<\/strong> parempi ote ja mukavuus, parantaa hallintaa ja k\u00e4sittely\u00e4<\/p>\n<\/li>\n<li data-start=\"2210\" data-end=\"2312\">\n<p data-start=\"2212\" data-end=\"2312\"><strong data-start=\"2212\" data-end=\"2248\">Py\u00f6re\u00e4 muoto + matala painopiste:<\/strong> helppo k\u00e4sitelt\u00e4vyys, nopea reagointi, pidempi ja mukavampi peli<\/p>\n<\/li>\n<li data-start=\"2313\" data-end=\"2401\">\n<p data-start=\"2315\" data-end=\"2401\"><strong data-start=\"2315\" data-end=\"2351\">Suuren sweet spotin yhdistelm\u00e4:<\/strong> antaa anteeksi virheit\u00e4 ja lis\u00e4\u00e4 itseluottamusta<\/p>\n<\/li>\n<\/ul>\n","protected":false},"excerpt":{"rendered":"<p>Bullpadel Indiga W 2026 on maila, joka tarjoaa huipputason kontrollia ja tarkkuutta kent\u00e4ll\u00e4. Se on suunniteltu pelaajille, jotka haluavat hallita peli\u00e4 mukavasti ja varmasti. Maila on huolellisesti muotoiltu tarjoamaan t\u00e4ydellisen tasapainon hallinnan, tarkkuuden, ketteryyden ja ly\u00f6ntimukavuuden v\u00e4lill\u00e4. Py\u00f6re\u00e4 muoto ja matala painopiste takaavat suuren sweet-spotin ja erinomaisen reagoivuuden, mik\u00e4 sopii niin aloittelijoille kuin keskitason pelaajille, [&hellip;]<\/p>\n","protected":false},"featured_media":73115,"comment_status":"open","ping_status":"closed","template":"","meta":{"_eb_attr":""},"product_brand":[503],"product_cat":[520,504,495,505,494],"product_tag":[],"class_list":{"0":"post-71854","1":"product","2":"type-product","3":"status-publish","4":"has-post-thumbnail","6":"product_brand-bullpadel","7":"product_cat-aloittelijat","8":"product_cat-bullpadel","9":"product_cat-keskitaso","10":"product_cat-naiset","11":"product_cat-padelmailat","12":"pa_kaal-355g","13":"pa_kuju-pyorea","14":"pa_mangustiil-kontrolli","15":"pa_tasakaal-matala","16":"pa_tase-aloittelija","17":"pa_tase-keskitaso","18":"pa_varv-valkoinen","21":"first","22":"instock","23":"sale","24":"featured","25":"taxable","26":"shipping-taxable","27":"purchasable","28":"product-type-simple"},"yoast_head":"<!-- This site is optimized with the Yoast SEO Premium plugin v27.1 (Yoast SEO v27.1.1) - https:\/\/yoast.com\/product\/yoast-seo-premium-wordpress\/ -->\n<title>Bullpadel Indiga W 26 Woman | Test Padelhaus<\/title>\n<meta name=\"description\" content=\"Padelmailat ja padelvarusteet edullisesti. Padelhaus on padel verkkokauppa, josta l\u00f6yd\u00e4t parhaat padelmailat kaikille tasoille.\" \/>\n<meta name=\"robots\" content=\"noindex, follow, max-snippet:-1, max-image-preview:large, max-video-preview:-1\" \/>\n<meta property=\"og:locale\" content=\"fi_FI\" \/>\n<meta property=\"og:type\" content=\"article\" \/>\n<meta property=\"og:title\" content=\"Bullpadel Indiga W 26 Woman\" \/>\n<meta property=\"og:description\" content=\"Padelmailat ja padelvarusteet edullisesti. Padelhaus on padel verkkokauppa, josta l\u00f6yd\u00e4t parhaat padelmailat kaikille tasoille.\" \/>\n<meta property=\"og:url\" content=\"https:\/\/padelhaus.mustlammas-dev.in\/fi\/kauppa\/bullpadel-indiga-w-26-woman\/\" \/>\n<meta property=\"og:site_name\" content=\"Test Padelhaus\" \/>\n<meta property=\"article:modified_time\" content=\"2026-03-11T00:05:42+00:00\" \/>\n<meta property=\"og:image\" content=\"https:\/\/padelhaus.fi\/wp-content\/uploads\/2025\/12\/BULLPADEL-INDIGA-W-26.webp\" \/>\n\t<meta property=\"og:image:width\" content=\"1000\" \/>\n\t<meta property=\"og:image:height\" content=\"1000\" \/>\n\t<meta property=\"og:image:type\" content=\"image\/webp\" \/>\n<meta name=\"twitter:card\" content=\"summary_large_image\" \/>\n<meta name=\"twitter:label1\" content=\"Hinta\" \/>\n\t<meta name=\"twitter:data1\" content=\"89,95&nbsp;&euro;\" \/>\n\t<meta name=\"twitter:label2\" content=\"Saatavuus\" \/>\n\t<meta name=\"twitter:data2\" content=\"Varastossa\" \/>\n<script type=\"application\/ld+json\" class=\"yoast-schema-graph\">{\"@context\":\"https:\/\/schema.org\",\"@graph\":[{\"@type\":[\"WebPage\",\"ItemPage\"],\"@id\":\"https:\/\/padelhaus.mustlammas-dev.in\/fi\/kauppa\/bullpadel-indiga-w-26-woman\/\",\"url\":\"https:\/\/padelhaus.mustlammas-dev.in\/fi\/kauppa\/bullpadel-indiga-w-26-woman\/\",\"name\":\"Bullpadel Indiga W 26 Woman | Test Padelhaus\",\"isPartOf\":{\"@id\":\"https:\/\/padelhaus.mustlammas-dev.in\/fi\/#website\"},\"primaryImageOfPage\":{\"@id\":\"https:\/\/padelhaus.mustlammas-dev.in\/fi\/kauppa\/bullpadel-indiga-w-26-woman\/#primaryimage\"},\"image\":{\"@id\":\"https:\/\/padelhaus.mustlammas-dev.in\/fi\/kauppa\/bullpadel-indiga-w-26-woman\/#primaryimage\"},\"thumbnailUrl\":\"https:\/\/padelhaus.mustlammas-dev.in\/wp-content\/uploads\/2025\/12\/BULLPADEL-INDIGA-W-26.webp\",\"datePublished\":\"2025-12-05T03:53:51+00:00\",\"dateModified\":\"2026-03-11T00:05:42+00:00\",\"description\":\"Padelmailat ja padelvarusteet edullisesti. Padelhaus on padel verkkokauppa, josta l\u00f6yd\u00e4t parhaat padelmailat kaikille tasoille.\",\"breadcrumb\":{\"@id\":\"https:\/\/padelhaus.mustlammas-dev.in\/fi\/kauppa\/bullpadel-indiga-w-26-woman\/#breadcrumb\"},\"inLanguage\":\"fi\",\"potentialAction\":[{\"@type\":\"ReadAction\",\"target\":[\"https:\/\/padelhaus.mustlammas-dev.in\/fi\/kauppa\/bullpadel-indiga-w-26-woman\/\"]}]},{\"@type\":\"ImageObject\",\"inLanguage\":\"fi\",\"@id\":\"https:\/\/padelhaus.mustlammas-dev.in\/fi\/kauppa\/bullpadel-indiga-w-26-woman\/#primaryimage\",\"url\":\"https:\/\/padelhaus.mustlammas-dev.in\/wp-content\/uploads\/2025\/12\/BULLPADEL-INDIGA-W-26.webp\",\"contentUrl\":\"https:\/\/padelhaus.mustlammas-dev.in\/wp-content\/uploads\/2025\/12\/BULLPADEL-INDIGA-W-26.webp\",\"width\":1000,\"height\":1000,\"caption\":\"BULLPADEL INDIGA W 26\"},{\"@type\":\"BreadcrumbList\",\"@id\":\"https:\/\/padelhaus.mustlammas-dev.in\/fi\/kauppa\/bullpadel-indiga-w-26-woman\/#breadcrumb\",\"itemListElement\":[{\"@type\":\"ListItem\",\"position\":1,\"name\":\"Avaleht\",\"item\":\"https:\/\/padelhaus.fi\/\"},{\"@type\":\"ListItem\",\"position\":2,\"name\":\"Kauppa\",\"item\":\"https:\/\/padelhaus.fi\/kauppa\/\"},{\"@type\":\"ListItem\",\"position\":3,\"name\":\"Bullpadel Indiga W 26 Woman\"}]},{\"@type\":\"WebSite\",\"@id\":\"https:\/\/padelhaus.mustlammas-dev.in\/fi\/#website\",\"url\":\"https:\/\/padelhaus.mustlammas-dev.in\/fi\/\",\"name\":\"Claude Padelhaus\",\"description\":\"Sinu padelivarustuse kodu\",\"publisher\":{\"@id\":\"https:\/\/padelhaus.mustlammas-dev.in\/fi\/#organization\"},\"potentialAction\":[{\"@type\":\"SearchAction\",\"target\":{\"@type\":\"EntryPoint\",\"urlTemplate\":\"https:\/\/padelhaus.mustlammas-dev.in\/fi\/?s={search_term_string}\"},\"query-input\":{\"@type\":\"PropertyValueSpecification\",\"valueRequired\":true,\"valueName\":\"search_term_string\"}}],\"inLanguage\":\"fi\"},{\"@type\":\"Organization\",\"@id\":\"https:\/\/padelhaus.mustlammas-dev.in\/fi\/#organization\",\"name\":\"Claude Padelhaus\",\"url\":\"https:\/\/padelhaus.mustlammas-dev.in\/fi\/\",\"logo\":{\"@type\":\"ImageObject\",\"inLanguage\":\"fi\",\"@id\":\"https:\/\/padelhaus.mustlammas-dev.in\/fi\/#\/schema\/logo\/image\/\",\"url\":\"https:\/\/padelhaus.mustlammas-dev.in\/wp-content\/uploads\/2025\/05\/Logo-1.png\",\"contentUrl\":\"https:\/\/padelhaus.mustlammas-dev.in\/wp-content\/uploads\/2025\/05\/Logo-1.png\",\"width\":280,\"height\":115,\"caption\":\"Claude Padelhaus\"},\"image\":{\"@id\":\"https:\/\/padelhaus.mustlammas-dev.in\/fi\/#\/schema\/logo\/image\/\"}}]}<\/script>\n<meta property=\"product:price:amount\" content=\"89.95\" \/>\n<meta property=\"product:price:currency\" content=\"EUR\" \/>\n<meta property=\"og:availability\" content=\"instock\" \/>\n<meta property=\"product:availability\" content=\"instock\" \/>\n<meta property=\"product:retailer_item_id\" content=\"BUL-R-44\" \/>\n<meta property=\"product:condition\" content=\"new\" \/>\n<!-- \/ Yoast SEO Premium plugin. -->","yoast_head_json":{"title":"Bullpadel Indiga W 26 Woman | Test Padelhaus","description":"Padelmailat ja padelvarusteet edullisesti. Padelhaus on padel verkkokauppa, josta l\u00f6yd\u00e4t parhaat padelmailat kaikille tasoille.","robots":{"index":"noindex","follow":"follow","max-snippet":"max-snippet:-1","max-image-preview":"max-image-preview:large","max-video-preview":"max-video-preview:-1"},"og_locale":"fi_FI","og_type":"article","og_title":"Bullpadel Indiga W 26 Woman","og_description":"Padelmailat ja padelvarusteet edullisesti. Padelhaus on padel verkkokauppa, josta l\u00f6yd\u00e4t parhaat padelmailat kaikille tasoille.","og_url":"https:\/\/padelhaus.mustlammas-dev.in\/fi\/kauppa\/bullpadel-indiga-w-26-woman\/","og_site_name":"Test Padelhaus","article_modified_time":"2026-03-11T00:05:42+00:00","og_image":[{"width":1000,"height":1000,"url":"https:\/\/padelhaus.fi\/wp-content\/uploads\/2025\/12\/BULLPADEL-INDIGA-W-26.webp","type":"image\/webp"}],"twitter_card":"summary_large_image","twitter_misc":{"Hinta":"89,95&nbsp;&euro;","Saatavuus":"Varastossa"},"schema":{"@context":"https:\/\/schema.org","@graph":[{"@type":["WebPage","ItemPage"],"@id":"https:\/\/padelhaus.mustlammas-dev.in\/fi\/kauppa\/bullpadel-indiga-w-26-woman\/","url":"https:\/\/padelhaus.mustlammas-dev.in\/fi\/kauppa\/bullpadel-indiga-w-26-woman\/","name":"Bullpadel Indiga W 26 Woman | Test Padelhaus","isPartOf":{"@id":"https:\/\/padelhaus.mustlammas-dev.in\/fi\/#website"},"primaryImageOfPage":{"@id":"https:\/\/padelhaus.mustlammas-dev.in\/fi\/kauppa\/bullpadel-indiga-w-26-woman\/#primaryimage"},"image":{"@id":"https:\/\/padelhaus.mustlammas-dev.in\/fi\/kauppa\/bullpadel-indiga-w-26-woman\/#primaryimage"},"thumbnailUrl":"https:\/\/padelhaus.mustlammas-dev.in\/wp-content\/uploads\/2025\/12\/BULLPADEL-INDIGA-W-26.webp","datePublished":"2025-12-05T03:53:51+00:00","dateModified":"2026-03-11T00:05:42+00:00","description":"Padelmailat ja padelvarusteet edullisesti. Padelhaus on padel verkkokauppa, josta l\u00f6yd\u00e4t parhaat padelmailat kaikille tasoille.","breadcrumb":{"@id":"https:\/\/padelhaus.mustlammas-dev.in\/fi\/kauppa\/bullpadel-indiga-w-26-woman\/#breadcrumb"},"inLanguage":"fi","potentialAction":[{"@type":"ReadAction","target":["https:\/\/padelhaus.mustlammas-dev.in\/fi\/kauppa\/bullpadel-indiga-w-26-woman\/"]}]},{"@type":"ImageObject","inLanguage":"fi","@id":"https:\/\/padelhaus.mustlammas-dev.in\/fi\/kauppa\/bullpadel-indiga-w-26-woman\/#primaryimage","url":"https:\/\/padelhaus.mustlammas-dev.in\/wp-content\/uploads\/2025\/12\/BULLPADEL-INDIGA-W-26.webp","contentUrl":"https:\/\/padelhaus.mustlammas-dev.in\/wp-content\/uploads\/2025\/12\/BULLPADEL-INDIGA-W-26.webp","width":1000,"height":1000,"caption":"BULLPADEL INDIGA W 26"},{"@type":"BreadcrumbList","@id":"https:\/\/padelhaus.mustlammas-dev.in\/fi\/kauppa\/bullpadel-indiga-w-26-woman\/#breadcrumb","itemListElement":[{"@type":"ListItem","position":1,"name":"Avaleht","item":"https:\/\/padelhaus.fi\/"},{"@type":"ListItem","position":2,"name":"Kauppa","item":"https:\/\/padelhaus.fi\/kauppa\/"},{"@type":"ListItem","position":3,"name":"Bullpadel Indiga W 26 Woman"}]},{"@type":"WebSite","@id":"https:\/\/padelhaus.mustlammas-dev.in\/fi\/#website","url":"https:\/\/padelhaus.mustlammas-dev.in\/fi\/","name":"Claude Padelhaus","description":"Sinu padelivarustuse kodu","publisher":{"@id":"https:\/\/padelhaus.mustlammas-dev.in\/fi\/#organization"},"potentialAction":[{"@type":"SearchAction","target":{"@type":"EntryPoint","urlTemplate":"https:\/\/padelhaus.mustlammas-dev.in\/fi\/?s={search_term_string}"},"query-input":{"@type":"PropertyValueSpecification","valueRequired":true,"valueName":"search_term_string"}}],"inLanguage":"fi"},{"@type":"Organization","@id":"https:\/\/padelhaus.mustlammas-dev.in\/fi\/#organization","name":"Claude Padelhaus","url":"https:\/\/padelhaus.mustlammas-dev.in\/fi\/","logo":{"@type":"ImageObject","inLanguage":"fi","@id":"https:\/\/padelhaus.mustlammas-dev.in\/fi\/#\/schema\/logo\/image\/","url":"https:\/\/padelhaus.mustlammas-dev.in\/wp-content\/uploads\/2025\/05\/Logo-1.png","contentUrl":"https:\/\/padelhaus.mustlammas-dev.in\/wp-content\/uploads\/2025\/05\/Logo-1.png","width":280,"height":115,"caption":"Claude Padelhaus"},"image":{"@id":"https:\/\/padelhaus.mustlammas-dev.in\/fi\/#\/schema\/logo\/image\/"}}]},"product_price_amount":"89.95","product_price_currency":"EUR","og_availability":"instock","product_availability":"instock","product_retailer_item_id":"BUL-R-44","product_condition":"new"},"_links":{"self":[{"href":"https:\/\/padelhaus.mustlammas-dev.in\/fi\/wp-json\/wp\/v2\/product\/71854","targetHints":{"allow":["GET"]}}],"collection":[{"href":"https:\/\/padelhaus.mustlammas-dev.in\/fi\/wp-json\/wp\/v2\/product"}],"about":[{"href":"https:\/\/padelhaus.mustlammas-dev.in\/fi\/wp-json\/wp\/v2\/types\/product"}],"replies":[{"embeddable":true,"href":"https:\/\/padelhaus.mustlammas-dev.in\/fi\/wp-json\/wp\/v2\/comments?post=71854"}],"wp:featuredmedia":[{"embeddable":true,"href":"https:\/\/padelhaus.mustlammas-dev.in\/fi\/wp-json\/wp\/v2\/media\/73115"}],"wp:attachment":[{"href":"https:\/\/padelhaus.mustlammas-dev.in\/fi\/wp-json\/wp\/v2\/media?parent=71854"}],"wp:term":[{"taxonomy":"product_brand","embeddable":true,"href":"https:\/\/padelhaus.mustlammas-dev.in\/fi\/wp-json\/wp\/v2\/product_brand?post=71854"},{"taxonomy":"product_cat","embeddable":true,"href":"https:\/\/padelhaus.mustlammas-dev.in\/fi\/wp-json\/wp\/v2\/product_cat?post=71854"},{"taxonomy":"product_tag","embeddable":true,"href":"https:\/\/padelhaus.mustlammas-dev.in\/fi\/wp-json\/wp\/v2\/product_tag?post=71854"}],"curies":[{"name":"wp","href":"https:\/\/api.w.org\/{rel}","templated":true}]}}