{"id":71875,"date":"2025-12-05T14:53:22","date_gmt":"2025-12-05T12:53:22","guid":{"rendered":"https:\/\/padelhaus.mustlammas-dev.in\/pood\/siux-valkiria-elite-2-2026\/"},"modified":"2026-03-10T02:05:35","modified_gmt":"2026-03-10T00:05:35","slug":"siux-valkiria-elite-2-2026","status":"publish","type":"product","link":"https:\/\/padelhaus.mustlammas-dev.in\/fi\/kauppa\/siux-valkiria-elite-2-2026\/","title":{"rendered":"Siux Valkiria Elite 2 2026"},"content":{"rendered":"<p data-start=\"88\" data-end=\"369\"><strong>Siux Valkiria Elite 2 2026<\/strong> mullistaa pelin vaativimmille pelaajille. T\u00e4m\u00e4 huipputason maila tarjoaa t\u00e4ydellisen tasapainon voiman ja hallinnan v\u00e4lill\u00e4 pisaran muodon ja keskipainoisen tasapainotuksen ansiosta, mik\u00e4 mahdollistaa sujuvan siirtymisen hy\u00f6kk\u00e4yksest\u00e4 puolustukseen. <\/p>\n<p data-start=\"371\" data-end=\"772\">Vain 340\u2013360 gramman painoisena Valkiria Elite on eritt\u00e4in ketter\u00e4, mik\u00e4 v\u00e4hent\u00e4\u00e4 k\u00e4den v\u00e4symist\u00e4 intensiivisimmiss\u00e4kin otteluissa. Sen EVA Soft -ydin tarjoaa keskikovan\/pehme\u00e4n tuntuman, taaten sujuvan pallol\u00e4hd\u00f6n ja mukavuuden osumissa. Lis\u00e4ksi 3K-hiilikuitupinnat matalla hiekkapuhallusviimeistelyll\u00e4 takaavat erinomaisen vasteen ja optimaalisen pidon kierteisiin.  <\/p>\n<h5 data-start=\"774\" data-end=\"1229\">Valkiria Elite 2 -maila edistyneille pelaajille<\/h5>\n<p data-start=\"774\" data-end=\"1229\">Siuxin pisaranmuotoinen naisten maila on suunniteltu edistyneille tai ammattilaispelaajille, jotka haluavat tasapainoisen mailan teknisell\u00e4 muotoilulla ja hienostuneella estetiikalla. Kevyt paino ja keskipainoinen tasapainotus helpottavat liikkumista kent\u00e4ll\u00e4, kun taas EVA Soft -ytimen tuntuma tarjoaa herk\u00e4n ja tarkan pelikokemuksen \u2013 t\u00e4ydellinen sinulle, joka arvostat hallintaa tinkim\u00e4tt\u00e4 hy\u00f6kk\u00e4ysvoimasta. <\/p>\n<p data-start=\"1231\" data-end=\"1451\">Naisellinen ja moderni muotoilu korostaa jokaisen pelaajan persoonallisuutta yhdist\u00e4en suorituskyvyn ja eleganssin. T\u00e4ydellinen valinta, kun etsit mailaa, joka reagoi varmasti ja sujuvasti halliten pelin kaikkia osa-alueita. <\/p>\n<h5 data-start=\"1453\" data-end=\"1492\">T\u00e4rkeimm\u00e4t ominaisuudet ja teknologiat<\/h5>\n<ul data-start=\"1493\" data-end=\"1869\">\n<li data-start=\"1493\" data-end=\"1558\">\n<p data-start=\"1495\" data-end=\"1558\"><strong>Pisaran muoto<\/strong> ja keskipainoinen tasapainotus: monipuoliset ly\u00f6nnit<\/p>\n<\/li>\n<li data-start=\"1559\" data-end=\"1630\">\n<p data-start=\"1561\" data-end=\"1630\"><strong>Paino:<\/strong> 340\u2013360 g, parempi ketteryys ja v\u00e4hemm\u00e4n v\u00e4symyst\u00e4<\/p>\n<\/li>\n<li data-start=\"1631\" data-end=\"1685\">\n<p data-start=\"1633\" data-end=\"1685\"><strong>Ydin:<\/strong> EVA Soft -kumi (keskikova\/pehme\u00e4 tuntuma)<\/p>\n<\/li>\n<li data-start=\"1686\" data-end=\"1733\">\n<p data-start=\"1688\" data-end=\"1733\"><strong>Pinnat:<\/strong> 3K-hiilikuitu, lis\u00e4\u00e4 kest\u00e4vyytt\u00e4<\/p>\n<\/li>\n<li data-start=\"1734\" data-end=\"1796\">\n<p data-start=\"1736\" data-end=\"1796\"><strong>Viimeistely:<\/strong> matta hiekkapuhallus, parempi pito kierteisiin<\/p>\n<\/li>\n<li data-start=\"1797\" data-end=\"1835\">\n<p data-start=\"1799\" data-end=\"1835\"><strong>Lis\u00e4varusteet:<\/strong> Switch Strap -j\u00e4rjestelm\u00e4<\/p>\n<\/li>\n<li data-start=\"1836\" data-end=\"1869\">\n<p data-start=\"1838\" data-end=\"1869\"><strong>Muotoilu:<\/strong> naisellinen ja elegantti<\/p>\n<\/li>\n<\/ul>\n","protected":false},"excerpt":{"rendered":"<p>Siux Valkiria Elite 2 2026 mullistaa pelin vaativimmille pelaajille. T\u00e4m\u00e4 huipputason maila tarjoaa t\u00e4ydellisen tasapainon voiman ja hallinnan v\u00e4lill\u00e4 pisaran muodon ja keskipainoisen tasapainotuksen ansiosta, mik\u00e4 mahdollistaa sujuvan siirtymisen hy\u00f6kk\u00e4yksest\u00e4 puolustukseen. Vain 340\u2013360 gramman painoisena Valkiria Elite on eritt\u00e4in ketter\u00e4, mik\u00e4 v\u00e4hent\u00e4\u00e4 k\u00e4den v\u00e4symist\u00e4 intensiivisimmiss\u00e4kin otteluissa. Sen EVA Soft -ydin tarjoaa keskikovan\/pehme\u00e4n tuntuman, taaten sujuvan [&hellip;]<\/p>\n","protected":false},"featured_media":71881,"comment_status":"open","ping_status":"closed","template":"","meta":{"_eb_attr":""},"product_brand":[527],"product_cat":[496,505,494,528],"product_tag":[],"class_list":{"0":"post-71875","1":"product","2":"type-product","3":"status-publish","4":"has-post-thumbnail","6":"product_brand-siux","7":"product_cat-edistynyt","8":"product_cat-naiset","9":"product_cat-padelmailat","10":"product_cat-siux","11":"pa_kaal-360g","12":"pa_kuju-pisaranmuotoinen","13":"pa_mangustiil-hybridi","14":"pa_tasakaal-keskella","15":"pa_tase-edistynyt","16":"pa_varv-vihrea","19":"first","20":"onbackorder","21":"sale","22":"taxable","23":"shipping-taxable","24":"purchasable","25":"product-type-simple"},"yoast_head":"<!-- This site is optimized with the Yoast SEO Premium plugin v27.1 (Yoast SEO v27.1.1) - https:\/\/yoast.com\/product\/yoast-seo-premium-wordpress\/ -->\n<title>Siux Valkiria Elite 2 2026 | Test Padelhaus<\/title>\n<meta name=\"description\" content=\"Padelmailat ja padelvarusteet edullisesti. Padelhaus on padel verkkokauppa, josta l\u00f6yd\u00e4t parhaat padelmailat kaikille tasoille.\" \/>\n<meta name=\"robots\" content=\"noindex, follow, max-snippet:-1, max-image-preview:large, max-video-preview:-1\" \/>\n<meta property=\"og:locale\" content=\"fi_FI\" \/>\n<meta property=\"og:type\" content=\"article\" \/>\n<meta property=\"og:title\" content=\"Siux Valkiria Elite 2 2026\" \/>\n<meta property=\"og:description\" content=\"Padelmailat ja padelvarusteet edullisesti. Padelhaus on padel verkkokauppa, josta l\u00f6yd\u00e4t parhaat padelmailat kaikille tasoille.\" \/>\n<meta property=\"og:url\" content=\"https:\/\/padelhaus.mustlammas-dev.in\/fi\/kauppa\/siux-valkiria-elite-2-2026\/\" \/>\n<meta property=\"og:site_name\" content=\"Test Padelhaus\" \/>\n<meta property=\"article:modified_time\" content=\"2026-03-10T00:05:35+00:00\" \/>\n<meta property=\"og:image\" content=\"https:\/\/padelhaus.mustlammas-dev.in\/wp-content\/uploads\/2025\/12\/SIUX-VALKIRIA-ELITE-2-2026.webp\" \/>\n\t<meta property=\"og:image:width\" content=\"1000\" \/>\n\t<meta property=\"og:image:height\" content=\"1000\" \/>\n\t<meta property=\"og:image:type\" content=\"image\/webp\" \/>\n<meta name=\"twitter:card\" content=\"summary_large_image\" \/>\n<meta name=\"twitter:label1\" content=\"Hinta\" \/>\n\t<meta name=\"twitter:data1\" content=\"199,95&nbsp;&euro;\" \/>\n\t<meta name=\"twitter:label2\" content=\"Saatavuus\" \/>\n\t<meta name=\"twitter:data2\" content=\"J\u00e4lkitoimituksessa\" \/>\n<script type=\"application\/ld+json\" class=\"yoast-schema-graph\">{\"@context\":\"https:\/\/schema.org\",\"@graph\":[{\"@type\":[\"WebPage\",\"ItemPage\"],\"@id\":\"https:\/\/padelhaus.mustlammas-dev.in\/fi\/kauppa\/siux-valkiria-elite-2-2026\/\",\"url\":\"https:\/\/padelhaus.mustlammas-dev.in\/fi\/kauppa\/siux-valkiria-elite-2-2026\/\",\"name\":\"Siux Valkiria Elite 2 2026 | Test Padelhaus\",\"isPartOf\":{\"@id\":\"https:\/\/padelhaus.mustlammas-dev.in\/fi\/#website\"},\"primaryImageOfPage\":{\"@id\":\"https:\/\/padelhaus.mustlammas-dev.in\/fi\/kauppa\/siux-valkiria-elite-2-2026\/#primaryimage\"},\"image\":{\"@id\":\"https:\/\/padelhaus.mustlammas-dev.in\/fi\/kauppa\/siux-valkiria-elite-2-2026\/#primaryimage\"},\"thumbnailUrl\":\"https:\/\/padelhaus.mustlammas-dev.in\/wp-content\/uploads\/2025\/12\/SIUX-VALKIRIA-ELITE-2-2026.webp\",\"datePublished\":\"2025-12-05T12:53:22+00:00\",\"dateModified\":\"2026-03-10T00:05:35+00:00\",\"description\":\"Padelmailat ja padelvarusteet edullisesti. Padelhaus on padel verkkokauppa, josta l\u00f6yd\u00e4t parhaat padelmailat kaikille tasoille.\",\"breadcrumb\":{\"@id\":\"https:\/\/padelhaus.mustlammas-dev.in\/fi\/kauppa\/siux-valkiria-elite-2-2026\/#breadcrumb\"},\"inLanguage\":\"fi\",\"potentialAction\":[{\"@type\":\"ReadAction\",\"target\":[\"https:\/\/padelhaus.mustlammas-dev.in\/fi\/kauppa\/siux-valkiria-elite-2-2026\/\"]}]},{\"@type\":\"ImageObject\",\"inLanguage\":\"fi\",\"@id\":\"https:\/\/padelhaus.mustlammas-dev.in\/fi\/kauppa\/siux-valkiria-elite-2-2026\/#primaryimage\",\"url\":\"https:\/\/padelhaus.mustlammas-dev.in\/wp-content\/uploads\/2025\/12\/SIUX-VALKIRIA-ELITE-2-2026.webp\",\"contentUrl\":\"https:\/\/padelhaus.mustlammas-dev.in\/wp-content\/uploads\/2025\/12\/SIUX-VALKIRIA-ELITE-2-2026.webp\",\"width\":1000,\"height\":1000,\"caption\":\"SIUX VALKIRIA ELITE 2 2026\"},{\"@type\":\"BreadcrumbList\",\"@id\":\"https:\/\/padelhaus.mustlammas-dev.in\/fi\/kauppa\/siux-valkiria-elite-2-2026\/#breadcrumb\",\"itemListElement\":[{\"@type\":\"ListItem\",\"position\":1,\"name\":\"Avaleht\",\"item\":\"https:\/\/padelhaus.fi\/\"},{\"@type\":\"ListItem\",\"position\":2,\"name\":\"Kauppa\",\"item\":\"https:\/\/padelhaus.fi\/kauppa\/\"},{\"@type\":\"ListItem\",\"position\":3,\"name\":\"Siux Valkiria Elite 2 2026\"}]},{\"@type\":\"WebSite\",\"@id\":\"https:\/\/padelhaus.mustlammas-dev.in\/fi\/#website\",\"url\":\"https:\/\/padelhaus.mustlammas-dev.in\/fi\/\",\"name\":\"Claude Padelhaus\",\"description\":\"Sinu padelivarustuse kodu\",\"publisher\":{\"@id\":\"https:\/\/padelhaus.mustlammas-dev.in\/fi\/#organization\"},\"potentialAction\":[{\"@type\":\"SearchAction\",\"target\":{\"@type\":\"EntryPoint\",\"urlTemplate\":\"https:\/\/padelhaus.mustlammas-dev.in\/fi\/?s={search_term_string}\"},\"query-input\":{\"@type\":\"PropertyValueSpecification\",\"valueRequired\":true,\"valueName\":\"search_term_string\"}}],\"inLanguage\":\"fi\"},{\"@type\":\"Organization\",\"@id\":\"https:\/\/padelhaus.mustlammas-dev.in\/fi\/#organization\",\"name\":\"Claude Padelhaus\",\"url\":\"https:\/\/padelhaus.mustlammas-dev.in\/fi\/\",\"logo\":{\"@type\":\"ImageObject\",\"inLanguage\":\"fi\",\"@id\":\"https:\/\/padelhaus.mustlammas-dev.in\/fi\/#\/schema\/logo\/image\/\",\"url\":\"https:\/\/padelhaus.mustlammas-dev.in\/wp-content\/uploads\/2025\/05\/Logo-1.png\",\"contentUrl\":\"https:\/\/padelhaus.mustlammas-dev.in\/wp-content\/uploads\/2025\/05\/Logo-1.png\",\"width\":280,\"height\":115,\"caption\":\"Claude Padelhaus\"},\"image\":{\"@id\":\"https:\/\/padelhaus.mustlammas-dev.in\/fi\/#\/schema\/logo\/image\/\"}}]}<\/script>\n<meta property=\"product:price:amount\" content=\"199.95\" \/>\n<meta property=\"product:price:currency\" content=\"EUR\" \/>\n<meta property=\"og:availability\" content=\"backorder\" \/>\n<meta property=\"product:availability\" content=\"available for order\" \/>\n<meta property=\"product:retailer_item_id\" content=\"SIU-R-8\" \/>\n<meta property=\"product:condition\" content=\"new\" \/>\n<!-- \/ Yoast SEO Premium plugin. -->","yoast_head_json":{"title":"Siux Valkiria Elite 2 2026 | Test Padelhaus","description":"Padelmailat ja padelvarusteet edullisesti. Padelhaus on padel verkkokauppa, josta l\u00f6yd\u00e4t parhaat padelmailat kaikille tasoille.","robots":{"index":"noindex","follow":"follow","max-snippet":"max-snippet:-1","max-image-preview":"max-image-preview:large","max-video-preview":"max-video-preview:-1"},"og_locale":"fi_FI","og_type":"article","og_title":"Siux Valkiria Elite 2 2026","og_description":"Padelmailat ja padelvarusteet edullisesti. Padelhaus on padel verkkokauppa, josta l\u00f6yd\u00e4t parhaat padelmailat kaikille tasoille.","og_url":"https:\/\/padelhaus.mustlammas-dev.in\/fi\/kauppa\/siux-valkiria-elite-2-2026\/","og_site_name":"Test Padelhaus","article_modified_time":"2026-03-10T00:05:35+00:00","og_image":[{"width":1000,"height":1000,"url":"https:\/\/padelhaus.mustlammas-dev.in\/wp-content\/uploads\/2025\/12\/SIUX-VALKIRIA-ELITE-2-2026.webp","type":"image\/webp"}],"twitter_card":"summary_large_image","twitter_misc":{"Hinta":"199,95&nbsp;&euro;","Saatavuus":"J\u00e4lkitoimituksessa"},"schema":{"@context":"https:\/\/schema.org","@graph":[{"@type":["WebPage","ItemPage"],"@id":"https:\/\/padelhaus.mustlammas-dev.in\/fi\/kauppa\/siux-valkiria-elite-2-2026\/","url":"https:\/\/padelhaus.mustlammas-dev.in\/fi\/kauppa\/siux-valkiria-elite-2-2026\/","name":"Siux Valkiria Elite 2 2026 | Test Padelhaus","isPartOf":{"@id":"https:\/\/padelhaus.mustlammas-dev.in\/fi\/#website"},"primaryImageOfPage":{"@id":"https:\/\/padelhaus.mustlammas-dev.in\/fi\/kauppa\/siux-valkiria-elite-2-2026\/#primaryimage"},"image":{"@id":"https:\/\/padelhaus.mustlammas-dev.in\/fi\/kauppa\/siux-valkiria-elite-2-2026\/#primaryimage"},"thumbnailUrl":"https:\/\/padelhaus.mustlammas-dev.in\/wp-content\/uploads\/2025\/12\/SIUX-VALKIRIA-ELITE-2-2026.webp","datePublished":"2025-12-05T12:53:22+00:00","dateModified":"2026-03-10T00:05:35+00:00","description":"Padelmailat ja padelvarusteet edullisesti. Padelhaus on padel verkkokauppa, josta l\u00f6yd\u00e4t parhaat padelmailat kaikille tasoille.","breadcrumb":{"@id":"https:\/\/padelhaus.mustlammas-dev.in\/fi\/kauppa\/siux-valkiria-elite-2-2026\/#breadcrumb"},"inLanguage":"fi","potentialAction":[{"@type":"ReadAction","target":["https:\/\/padelhaus.mustlammas-dev.in\/fi\/kauppa\/siux-valkiria-elite-2-2026\/"]}]},{"@type":"ImageObject","inLanguage":"fi","@id":"https:\/\/padelhaus.mustlammas-dev.in\/fi\/kauppa\/siux-valkiria-elite-2-2026\/#primaryimage","url":"https:\/\/padelhaus.mustlammas-dev.in\/wp-content\/uploads\/2025\/12\/SIUX-VALKIRIA-ELITE-2-2026.webp","contentUrl":"https:\/\/padelhaus.mustlammas-dev.in\/wp-content\/uploads\/2025\/12\/SIUX-VALKIRIA-ELITE-2-2026.webp","width":1000,"height":1000,"caption":"SIUX VALKIRIA ELITE 2 2026"},{"@type":"BreadcrumbList","@id":"https:\/\/padelhaus.mustlammas-dev.in\/fi\/kauppa\/siux-valkiria-elite-2-2026\/#breadcrumb","itemListElement":[{"@type":"ListItem","position":1,"name":"Avaleht","item":"https:\/\/padelhaus.fi\/"},{"@type":"ListItem","position":2,"name":"Kauppa","item":"https:\/\/padelhaus.fi\/kauppa\/"},{"@type":"ListItem","position":3,"name":"Siux Valkiria Elite 2 2026"}]},{"@type":"WebSite","@id":"https:\/\/padelhaus.mustlammas-dev.in\/fi\/#website","url":"https:\/\/padelhaus.mustlammas-dev.in\/fi\/","name":"Claude Padelhaus","description":"Sinu padelivarustuse kodu","publisher":{"@id":"https:\/\/padelhaus.mustlammas-dev.in\/fi\/#organization"},"potentialAction":[{"@type":"SearchAction","target":{"@type":"EntryPoint","urlTemplate":"https:\/\/padelhaus.mustlammas-dev.in\/fi\/?s={search_term_string}"},"query-input":{"@type":"PropertyValueSpecification","valueRequired":true,"valueName":"search_term_string"}}],"inLanguage":"fi"},{"@type":"Organization","@id":"https:\/\/padelhaus.mustlammas-dev.in\/fi\/#organization","name":"Claude Padelhaus","url":"https:\/\/padelhaus.mustlammas-dev.in\/fi\/","logo":{"@type":"ImageObject","inLanguage":"fi","@id":"https:\/\/padelhaus.mustlammas-dev.in\/fi\/#\/schema\/logo\/image\/","url":"https:\/\/padelhaus.mustlammas-dev.in\/wp-content\/uploads\/2025\/05\/Logo-1.png","contentUrl":"https:\/\/padelhaus.mustlammas-dev.in\/wp-content\/uploads\/2025\/05\/Logo-1.png","width":280,"height":115,"caption":"Claude Padelhaus"},"image":{"@id":"https:\/\/padelhaus.mustlammas-dev.in\/fi\/#\/schema\/logo\/image\/"}}]},"product_price_amount":"199.95","product_price_currency":"EUR","og_availability":"backorder","product_availability":"available for order","product_retailer_item_id":"SIU-R-8","product_condition":"new"},"_links":{"self":[{"href":"https:\/\/padelhaus.mustlammas-dev.in\/fi\/wp-json\/wp\/v2\/product\/71875","targetHints":{"allow":["GET"]}}],"collection":[{"href":"https:\/\/padelhaus.mustlammas-dev.in\/fi\/wp-json\/wp\/v2\/product"}],"about":[{"href":"https:\/\/padelhaus.mustlammas-dev.in\/fi\/wp-json\/wp\/v2\/types\/product"}],"replies":[{"embeddable":true,"href":"https:\/\/padelhaus.mustlammas-dev.in\/fi\/wp-json\/wp\/v2\/comments?post=71875"}],"wp:featuredmedia":[{"embeddable":true,"href":"https:\/\/padelhaus.mustlammas-dev.in\/fi\/wp-json\/wp\/v2\/media\/71881"}],"wp:attachment":[{"href":"https:\/\/padelhaus.mustlammas-dev.in\/fi\/wp-json\/wp\/v2\/media?parent=71875"}],"wp:term":[{"taxonomy":"product_brand","embeddable":true,"href":"https:\/\/padelhaus.mustlammas-dev.in\/fi\/wp-json\/wp\/v2\/product_brand?post=71875"},{"taxonomy":"product_cat","embeddable":true,"href":"https:\/\/padelhaus.mustlammas-dev.in\/fi\/wp-json\/wp\/v2\/product_cat?post=71875"},{"taxonomy":"product_tag","embeddable":true,"href":"https:\/\/padelhaus.mustlammas-dev.in\/fi\/wp-json\/wp\/v2\/product_tag?post=71875"}],"curies":[{"name":"wp","href":"https:\/\/api.w.org\/{rel}","templated":true}]}}