{"id":71892,"date":"2025-12-05T03:41:44","date_gmt":"2025-12-05T01:41:44","guid":{"rendered":"https:\/\/padelhaus.mustlammas-dev.in\/pood\/bullpadel-elite-2026-woman\/"},"modified":"2026-03-10T02:05:34","modified_gmt":"2026-03-10T00:05:34","slug":"bullpadel-elite-2026-woman","status":"publish","type":"product","link":"https:\/\/padelhaus.mustlammas-dev.in\/fi\/kauppa\/bullpadel-elite-2026-woman\/","title":{"rendered":"Bullpadel Elite 2026 Woman"},"content":{"rendered":"<p data-start=\"121\" data-end=\"544\"><strong>Bullpadel Elite 2026 Woman<\/strong>, Gemma Triayn virallinen maila, on suunniteltu pelaajille, jotka etsiv\u00e4t t\u00e4ydellist\u00e4 suorituskyky\u00e4 tyylist\u00e4 tinkim\u00e4tt\u00e4. Hybridimuoto, noin 350\u2013360 g paino ja keskipaino (balance) tarjoavat ihanteellisen yhdistelm\u00e4n ketteryytt\u00e4, voimaa ja kontrollia. Sen karkea 3D-pinta lis\u00e4\u00e4 kierteit\u00e4, kun taas Multieva-ydin mukautuu eri ly\u00f6ntivoimakkuuksiin tarjoten maksimaalista monipuolisuutta jokaiseen palloralliin.  <\/p>\n<h5 data-start=\"546\" data-end=\"606\">Vaativille ja monipuolisille pelaajille<\/h5>\n<p data-start=\"607\" data-end=\"1074\">T\u00e4m\u00e4 Bullpadelin pisaranmuotoinen maila on suunniteltu edistyneille pelaajille, jotka hallitsevat pelin kaikki osa-alueet. Keveys helpottaa liikkumista verkolla tarjoten nopeutta lentoly\u00f6nteihin ja iskuly\u00f6nteihin, kun taas vakaus takaa varmuuden perusly\u00f6nneiss\u00e4 ja puolustuksessa. Elite on tyylin osoitus niille, jotka haluavat erottua sek\u00e4 suorituskyvyll\u00e4\u00e4n ett\u00e4 ulkon\u00e4\u00f6ll\u00e4\u00e4n. Se on t\u00e4ydellinen kumppani pelaajille, jotka haluavat j\u00e4tt\u00e4\u00e4 j\u00e4lkens\u00e4 aggressiivisella ja tyylikk\u00e4\u00e4ll\u00e4 pelill\u00e4.   <\/p>\n<h5 data-start=\"1076\" data-end=\"1110\">T\u00e4rkeimm\u00e4t teknologiat ja ominaisuudet<\/h5>\n<ul data-start=\"1111\" data-end=\"1668\">\n<li data-start=\"1111\" data-end=\"1213\">\n<p data-start=\"1113\" data-end=\"1213\"><strong data-start=\"1113\" data-end=\"1128\">Elite Core:<\/strong> syd\u00e4n k\u00e4\u00e4nteisell\u00e4 kolmiogeometrialla, joka takaa j\u00e4ykkyyden, vakauden ja kontrollin<\/p>\n<\/li>\n<li data-start=\"1214\" data-end=\"1314\">\n<p data-start=\"1216\" data-end=\"1314\"><strong data-start=\"1216\" data-end=\"1238\">Air React Channel:<\/strong> aerodynaaminen j\u00e4rjestelm\u00e4, joka parantaa kiihtyvyytt\u00e4 ja pallon l\u00e4ht\u00f6nopeutta<\/p>\n<\/li>\n<li data-start=\"1315\" data-end=\"1393\">\n<p data-start=\"1317\" data-end=\"1393\"><strong data-start=\"1317\" data-end=\"1332\">Vibradrive:<\/strong> kehittynyt t\u00e4rin\u00e4nvaimennus mukavampaan ly\u00f6ntituntumaan<\/p>\n<\/li>\n<li data-start=\"1394\" data-end=\"1492\">\n<p data-start=\"1396\" data-end=\"1492\"><strong data-start=\"1396\" data-end=\"1407\">Fibrix:<\/strong> joustava lasikuidun ja hiilikuidun yhdistelm\u00e4 pehme\u00e4\u00e4n ja reagoivaan kosketukseen<\/p>\n<\/li>\n<li data-start=\"1493\" data-end=\"1569\">\n<p data-start=\"1495\" data-end=\"1569\"><strong data-start=\"1495\" data-end=\"1508\">Multieva:<\/strong> kolmitiheyksinen ydin, joka tasapainottaa voiman ja mukavuuden<\/p>\n<\/li>\n<li data-start=\"1570\" data-end=\"1668\">\n<p data-start=\"1572\" data-end=\"1668\"><strong data-start=\"1572\" data-end=\"1587\">Carbontube:<\/strong> 100 % punottu hiilikuiturunko, joka takaa kest\u00e4vyyden ja maksimaalisen vasteen<\/p>\n<\/li>\n<\/ul>\n","protected":false},"excerpt":{"rendered":"<p>Bullpadel Elite 2026 Woman, Gemma Triayn virallinen maila, on suunniteltu pelaajille, jotka etsiv\u00e4t t\u00e4ydellist\u00e4 suorituskyky\u00e4 tyylist\u00e4 tinkim\u00e4tt\u00e4. Hybridimuoto, noin 350\u2013360 g paino ja keskipaino (balance) tarjoavat ihanteellisen yhdistelm\u00e4n ketteryytt\u00e4, voimaa ja kontrollia. Sen karkea 3D-pinta lis\u00e4\u00e4 kierteit\u00e4, kun taas Multieva-ydin mukautuu eri ly\u00f6ntivoimakkuuksiin tarjoten maksimaalista monipuolisuutta jokaiseen palloralliin. Vaativille ja monipuolisille pelaajille T\u00e4m\u00e4 Bullpadelin pisaranmuotoinen [&hellip;]<\/p>\n","protected":false},"featured_media":71897,"comment_status":"open","ping_status":"closed","template":"","meta":{"_eb_attr":""},"product_brand":[503],"product_cat":[504,496,505,494],"product_tag":[],"class_list":{"0":"post-71892","1":"product","2":"type-product","3":"status-publish","4":"has-post-thumbnail","6":"product_brand-bullpadel","7":"product_cat-bullpadel","8":"product_cat-edistynyt","9":"product_cat-naiset","10":"product_cat-padelmailat","11":"pa_kaal-360g","12":"pa_kuju-pisaranmuotoinen","13":"pa_mangustiil-hybridi","14":"pa_tasakaal-keskella","15":"pa_tase-edistynyt","16":"pa_varv-valkoinen","19":"first","20":"onbackorder","21":"sale","22":"taxable","23":"shipping-taxable","24":"purchasable","25":"product-type-simple"},"yoast_head":"<!-- This site is optimized with the Yoast SEO Premium plugin v27.1 (Yoast SEO v27.1.1) - https:\/\/yoast.com\/product\/yoast-seo-premium-wordpress\/ -->\n<title>Bullpadel Elite 2026 Woman | Test Padelhaus<\/title>\n<meta name=\"description\" content=\"Padelmailat ja padelvarusteet edullisesti. Padelhaus on padel verkkokauppa, josta l\u00f6yd\u00e4t parhaat padelmailat kaikille tasoille.\" \/>\n<meta name=\"robots\" content=\"noindex, follow, max-snippet:-1, max-image-preview:large, max-video-preview:-1\" \/>\n<meta property=\"og:locale\" content=\"fi_FI\" \/>\n<meta property=\"og:type\" content=\"article\" \/>\n<meta property=\"og:title\" content=\"Bullpadel Elite 2026 Woman\" \/>\n<meta property=\"og:description\" content=\"Padelmailat ja padelvarusteet edullisesti. Padelhaus on padel verkkokauppa, josta l\u00f6yd\u00e4t parhaat padelmailat kaikille tasoille.\" \/>\n<meta property=\"og:url\" content=\"https:\/\/padelhaus.mustlammas-dev.in\/fi\/kauppa\/bullpadel-elite-2026-woman\/\" \/>\n<meta property=\"og:site_name\" content=\"Test Padelhaus\" \/>\n<meta property=\"article:modified_time\" content=\"2026-03-10T00:05:34+00:00\" \/>\n<meta property=\"og:image\" content=\"https:\/\/padelhaus.mustlammas-dev.in\/wp-content\/uploads\/2025\/12\/BULLPADEL-ELITE-26-WOMAN.webp\" \/>\n\t<meta property=\"og:image:width\" content=\"1000\" \/>\n\t<meta property=\"og:image:height\" content=\"1000\" \/>\n\t<meta property=\"og:image:type\" content=\"image\/webp\" \/>\n<meta name=\"twitter:card\" content=\"summary_large_image\" \/>\n<meta name=\"twitter:label1\" content=\"Hinta\" \/>\n\t<meta name=\"twitter:data1\" content=\"209,95&nbsp;&euro;\" \/>\n\t<meta name=\"twitter:label2\" content=\"Saatavuus\" \/>\n\t<meta name=\"twitter:data2\" content=\"J\u00e4lkitoimituksessa\" \/>\n<script type=\"application\/ld+json\" class=\"yoast-schema-graph\">{\"@context\":\"https:\/\/schema.org\",\"@graph\":[{\"@type\":[\"WebPage\",\"ItemPage\"],\"@id\":\"https:\/\/padelhaus.mustlammas-dev.in\/fi\/kauppa\/bullpadel-elite-2026-woman\/\",\"url\":\"https:\/\/padelhaus.mustlammas-dev.in\/fi\/kauppa\/bullpadel-elite-2026-woman\/\",\"name\":\"Bullpadel Elite 2026 Woman | Test Padelhaus\",\"isPartOf\":{\"@id\":\"https:\/\/padelhaus.mustlammas-dev.in\/fi\/#website\"},\"primaryImageOfPage\":{\"@id\":\"https:\/\/padelhaus.mustlammas-dev.in\/fi\/kauppa\/bullpadel-elite-2026-woman\/#primaryimage\"},\"image\":{\"@id\":\"https:\/\/padelhaus.mustlammas-dev.in\/fi\/kauppa\/bullpadel-elite-2026-woman\/#primaryimage\"},\"thumbnailUrl\":\"https:\/\/padelhaus.mustlammas-dev.in\/wp-content\/uploads\/2025\/12\/BULLPADEL-ELITE-26-WOMAN.webp\",\"datePublished\":\"2025-12-05T01:41:44+00:00\",\"dateModified\":\"2026-03-10T00:05:34+00:00\",\"description\":\"Padelmailat ja padelvarusteet edullisesti. Padelhaus on padel verkkokauppa, josta l\u00f6yd\u00e4t parhaat padelmailat kaikille tasoille.\",\"breadcrumb\":{\"@id\":\"https:\/\/padelhaus.mustlammas-dev.in\/fi\/kauppa\/bullpadel-elite-2026-woman\/#breadcrumb\"},\"inLanguage\":\"fi\",\"potentialAction\":[{\"@type\":\"ReadAction\",\"target\":[\"https:\/\/padelhaus.mustlammas-dev.in\/fi\/kauppa\/bullpadel-elite-2026-woman\/\"]}]},{\"@type\":\"ImageObject\",\"inLanguage\":\"fi\",\"@id\":\"https:\/\/padelhaus.mustlammas-dev.in\/fi\/kauppa\/bullpadel-elite-2026-woman\/#primaryimage\",\"url\":\"https:\/\/padelhaus.mustlammas-dev.in\/wp-content\/uploads\/2025\/12\/BULLPADEL-ELITE-26-WOMAN.webp\",\"contentUrl\":\"https:\/\/padelhaus.mustlammas-dev.in\/wp-content\/uploads\/2025\/12\/BULLPADEL-ELITE-26-WOMAN.webp\",\"width\":1000,\"height\":1000,\"caption\":\"BULLPADEL ELITE 26 WOMAN\"},{\"@type\":\"BreadcrumbList\",\"@id\":\"https:\/\/padelhaus.mustlammas-dev.in\/fi\/kauppa\/bullpadel-elite-2026-woman\/#breadcrumb\",\"itemListElement\":[{\"@type\":\"ListItem\",\"position\":1,\"name\":\"Avaleht\",\"item\":\"https:\/\/padelhaus.fi\/\"},{\"@type\":\"ListItem\",\"position\":2,\"name\":\"Kauppa\",\"item\":\"https:\/\/padelhaus.fi\/kauppa\/\"},{\"@type\":\"ListItem\",\"position\":3,\"name\":\"Bullpadel Elite 2026 Woman\"}]},{\"@type\":\"WebSite\",\"@id\":\"https:\/\/padelhaus.mustlammas-dev.in\/fi\/#website\",\"url\":\"https:\/\/padelhaus.mustlammas-dev.in\/fi\/\",\"name\":\"Claude Padelhaus\",\"description\":\"Sinu padelivarustuse kodu\",\"publisher\":{\"@id\":\"https:\/\/padelhaus.mustlammas-dev.in\/fi\/#organization\"},\"potentialAction\":[{\"@type\":\"SearchAction\",\"target\":{\"@type\":\"EntryPoint\",\"urlTemplate\":\"https:\/\/padelhaus.mustlammas-dev.in\/fi\/?s={search_term_string}\"},\"query-input\":{\"@type\":\"PropertyValueSpecification\",\"valueRequired\":true,\"valueName\":\"search_term_string\"}}],\"inLanguage\":\"fi\"},{\"@type\":\"Organization\",\"@id\":\"https:\/\/padelhaus.mustlammas-dev.in\/fi\/#organization\",\"name\":\"Claude Padelhaus\",\"url\":\"https:\/\/padelhaus.mustlammas-dev.in\/fi\/\",\"logo\":{\"@type\":\"ImageObject\",\"inLanguage\":\"fi\",\"@id\":\"https:\/\/padelhaus.mustlammas-dev.in\/fi\/#\/schema\/logo\/image\/\",\"url\":\"https:\/\/padelhaus.mustlammas-dev.in\/wp-content\/uploads\/2025\/05\/Logo-1.png\",\"contentUrl\":\"https:\/\/padelhaus.mustlammas-dev.in\/wp-content\/uploads\/2025\/05\/Logo-1.png\",\"width\":280,\"height\":115,\"caption\":\"Claude Padelhaus\"},\"image\":{\"@id\":\"https:\/\/padelhaus.mustlammas-dev.in\/fi\/#\/schema\/logo\/image\/\"}}]}<\/script>\n<meta property=\"product:price:amount\" content=\"209.95\" \/>\n<meta property=\"product:price:currency\" content=\"EUR\" \/>\n<meta property=\"og:availability\" content=\"backorder\" \/>\n<meta property=\"product:availability\" content=\"available for order\" \/>\n<meta property=\"product:retailer_item_id\" content=\"BUL-R-36\" \/>\n<meta property=\"product:condition\" content=\"new\" \/>\n<!-- \/ Yoast SEO Premium plugin. -->","yoast_head_json":{"title":"Bullpadel Elite 2026 Woman | Test Padelhaus","description":"Padelmailat ja padelvarusteet edullisesti. Padelhaus on padel verkkokauppa, josta l\u00f6yd\u00e4t parhaat padelmailat kaikille tasoille.","robots":{"index":"noindex","follow":"follow","max-snippet":"max-snippet:-1","max-image-preview":"max-image-preview:large","max-video-preview":"max-video-preview:-1"},"og_locale":"fi_FI","og_type":"article","og_title":"Bullpadel Elite 2026 Woman","og_description":"Padelmailat ja padelvarusteet edullisesti. Padelhaus on padel verkkokauppa, josta l\u00f6yd\u00e4t parhaat padelmailat kaikille tasoille.","og_url":"https:\/\/padelhaus.mustlammas-dev.in\/fi\/kauppa\/bullpadel-elite-2026-woman\/","og_site_name":"Test Padelhaus","article_modified_time":"2026-03-10T00:05:34+00:00","og_image":[{"width":1000,"height":1000,"url":"https:\/\/padelhaus.mustlammas-dev.in\/wp-content\/uploads\/2025\/12\/BULLPADEL-ELITE-26-WOMAN.webp","type":"image\/webp"}],"twitter_card":"summary_large_image","twitter_misc":{"Hinta":"209,95&nbsp;&euro;","Saatavuus":"J\u00e4lkitoimituksessa"},"schema":{"@context":"https:\/\/schema.org","@graph":[{"@type":["WebPage","ItemPage"],"@id":"https:\/\/padelhaus.mustlammas-dev.in\/fi\/kauppa\/bullpadel-elite-2026-woman\/","url":"https:\/\/padelhaus.mustlammas-dev.in\/fi\/kauppa\/bullpadel-elite-2026-woman\/","name":"Bullpadel Elite 2026 Woman | Test Padelhaus","isPartOf":{"@id":"https:\/\/padelhaus.mustlammas-dev.in\/fi\/#website"},"primaryImageOfPage":{"@id":"https:\/\/padelhaus.mustlammas-dev.in\/fi\/kauppa\/bullpadel-elite-2026-woman\/#primaryimage"},"image":{"@id":"https:\/\/padelhaus.mustlammas-dev.in\/fi\/kauppa\/bullpadel-elite-2026-woman\/#primaryimage"},"thumbnailUrl":"https:\/\/padelhaus.mustlammas-dev.in\/wp-content\/uploads\/2025\/12\/BULLPADEL-ELITE-26-WOMAN.webp","datePublished":"2025-12-05T01:41:44+00:00","dateModified":"2026-03-10T00:05:34+00:00","description":"Padelmailat ja padelvarusteet edullisesti. Padelhaus on padel verkkokauppa, josta l\u00f6yd\u00e4t parhaat padelmailat kaikille tasoille.","breadcrumb":{"@id":"https:\/\/padelhaus.mustlammas-dev.in\/fi\/kauppa\/bullpadel-elite-2026-woman\/#breadcrumb"},"inLanguage":"fi","potentialAction":[{"@type":"ReadAction","target":["https:\/\/padelhaus.mustlammas-dev.in\/fi\/kauppa\/bullpadel-elite-2026-woman\/"]}]},{"@type":"ImageObject","inLanguage":"fi","@id":"https:\/\/padelhaus.mustlammas-dev.in\/fi\/kauppa\/bullpadel-elite-2026-woman\/#primaryimage","url":"https:\/\/padelhaus.mustlammas-dev.in\/wp-content\/uploads\/2025\/12\/BULLPADEL-ELITE-26-WOMAN.webp","contentUrl":"https:\/\/padelhaus.mustlammas-dev.in\/wp-content\/uploads\/2025\/12\/BULLPADEL-ELITE-26-WOMAN.webp","width":1000,"height":1000,"caption":"BULLPADEL ELITE 26 WOMAN"},{"@type":"BreadcrumbList","@id":"https:\/\/padelhaus.mustlammas-dev.in\/fi\/kauppa\/bullpadel-elite-2026-woman\/#breadcrumb","itemListElement":[{"@type":"ListItem","position":1,"name":"Avaleht","item":"https:\/\/padelhaus.fi\/"},{"@type":"ListItem","position":2,"name":"Kauppa","item":"https:\/\/padelhaus.fi\/kauppa\/"},{"@type":"ListItem","position":3,"name":"Bullpadel Elite 2026 Woman"}]},{"@type":"WebSite","@id":"https:\/\/padelhaus.mustlammas-dev.in\/fi\/#website","url":"https:\/\/padelhaus.mustlammas-dev.in\/fi\/","name":"Claude Padelhaus","description":"Sinu padelivarustuse kodu","publisher":{"@id":"https:\/\/padelhaus.mustlammas-dev.in\/fi\/#organization"},"potentialAction":[{"@type":"SearchAction","target":{"@type":"EntryPoint","urlTemplate":"https:\/\/padelhaus.mustlammas-dev.in\/fi\/?s={search_term_string}"},"query-input":{"@type":"PropertyValueSpecification","valueRequired":true,"valueName":"search_term_string"}}],"inLanguage":"fi"},{"@type":"Organization","@id":"https:\/\/padelhaus.mustlammas-dev.in\/fi\/#organization","name":"Claude Padelhaus","url":"https:\/\/padelhaus.mustlammas-dev.in\/fi\/","logo":{"@type":"ImageObject","inLanguage":"fi","@id":"https:\/\/padelhaus.mustlammas-dev.in\/fi\/#\/schema\/logo\/image\/","url":"https:\/\/padelhaus.mustlammas-dev.in\/wp-content\/uploads\/2025\/05\/Logo-1.png","contentUrl":"https:\/\/padelhaus.mustlammas-dev.in\/wp-content\/uploads\/2025\/05\/Logo-1.png","width":280,"height":115,"caption":"Claude Padelhaus"},"image":{"@id":"https:\/\/padelhaus.mustlammas-dev.in\/fi\/#\/schema\/logo\/image\/"}}]},"product_price_amount":"209.95","product_price_currency":"EUR","og_availability":"backorder","product_availability":"available for order","product_retailer_item_id":"BUL-R-36","product_condition":"new"},"_links":{"self":[{"href":"https:\/\/padelhaus.mustlammas-dev.in\/fi\/wp-json\/wp\/v2\/product\/71892","targetHints":{"allow":["GET"]}}],"collection":[{"href":"https:\/\/padelhaus.mustlammas-dev.in\/fi\/wp-json\/wp\/v2\/product"}],"about":[{"href":"https:\/\/padelhaus.mustlammas-dev.in\/fi\/wp-json\/wp\/v2\/types\/product"}],"replies":[{"embeddable":true,"href":"https:\/\/padelhaus.mustlammas-dev.in\/fi\/wp-json\/wp\/v2\/comments?post=71892"}],"wp:featuredmedia":[{"embeddable":true,"href":"https:\/\/padelhaus.mustlammas-dev.in\/fi\/wp-json\/wp\/v2\/media\/71897"}],"wp:attachment":[{"href":"https:\/\/padelhaus.mustlammas-dev.in\/fi\/wp-json\/wp\/v2\/media?parent=71892"}],"wp:term":[{"taxonomy":"product_brand","embeddable":true,"href":"https:\/\/padelhaus.mustlammas-dev.in\/fi\/wp-json\/wp\/v2\/product_brand?post=71892"},{"taxonomy":"product_cat","embeddable":true,"href":"https:\/\/padelhaus.mustlammas-dev.in\/fi\/wp-json\/wp\/v2\/product_cat?post=71892"},{"taxonomy":"product_tag","embeddable":true,"href":"https:\/\/padelhaus.mustlammas-dev.in\/fi\/wp-json\/wp\/v2\/product_tag?post=71892"}],"curies":[{"name":"wp","href":"https:\/\/api.w.org\/{rel}","templated":true}]}}