{"id":71899,"date":"2025-12-05T15:06:30","date_gmt":"2025-12-05T13:06:30","guid":{"rendered":"https:\/\/padelhaus.mustlammas-dev.in\/pood\/siux-trilogy-pro-5-2025\/"},"modified":"2026-03-05T17:57:36","modified_gmt":"2026-03-05T15:57:36","slug":"siux-trilogy-pro-5-2025","status":"publish","type":"product","link":"https:\/\/padelhaus.mustlammas-dev.in\/fi\/kauppa\/siux-trilogy-pro-5-2025\/","title":{"rendered":"Siux Trilogy Pro 5 2025"},"content":{"rendered":"<p data-start=\"103\" data-end=\"457\"><strong>Siux Trilogy Pro 5 2025<\/strong> on padelmaila, joka on suunniteltu t\u00e4ydelliseen tasapainoon voiman ja hallinnan v\u00e4lill\u00e4. Sen py\u00f6re\u00e4 muoto mahdollistaa erinomaisen hallinnan ja tarkkuuden ly\u00f6nneiss\u00e4 tarjoten laajan sweet spotin, jotta voit p\u00e4\u00e4tt\u00e4\u00e4 pisteen mist\u00e4 tahansa mailan osasta vaivatta. Matala tasapaino takaa helpon k\u00e4sitelt\u00e4vyyden ja auttaa ehk\u00e4isem\u00e4\u00e4n vammoja.  <\/p>\n<p data-start=\"459\" data-end=\"732\">Hiilikuidusta valmistettu ja EVA-kumisyd\u00e4mell\u00e4 varustettu Trilogy Pro 5 2025 tarjoaa erinomaisen vakauden ja lujuuden voimakkaisiin ly\u00f6nteihin s\u00e4ilytt\u00e4en samalla joustavuuden ja kest\u00e4vyyden. Lis\u00e4ksi siin\u00e4 on Dual Pro Grip -j\u00e4rjestelm\u00e4, joka v\u00e4hent\u00e4\u00e4 t\u00e4rin\u00e4\u00e4. <\/p>\n<h5 data-start=\"912\" data-end=\"1138\">Trilogy Pro 5 2025 \u2013 edistyneille pelaajille<\/h5>\n<p data-start=\"912\" data-end=\"1138\">T\u00e4m\u00e4 uusi padelmaila on suunniteltu erityisesti korkean tason pelaajille ja sopii t\u00e4ydellisesti edistyneille, jotka haluavat hioa teknisi\u00e4 taitojaan ja saavuttaa t\u00e4ydellisyyden.<\/p>\n<h5 data-start=\"1140\" data-end=\"1195\">Siux Trilogy Pro 5:n t\u00e4rkeimm\u00e4t uudistukset ja ominaisuudet<\/h5>\n<ul data-start=\"1196\" data-end=\"1516\">\n<li data-start=\"1196\" data-end=\"1254\">\n<p data-start=\"1198\" data-end=\"1254\"><strong data-start=\"1198\" data-end=\"1210\">Ydin:<\/strong> EVA-kumi, lis\u00e4\u00e4 ly\u00f6ntien kest\u00e4vyytt\u00e4<\/p>\n<\/li>\n<li data-start=\"1255\" data-end=\"1313\">\n<p data-start=\"1257\" data-end=\"1313\"><strong data-start=\"1257\" data-end=\"1266\">Runko:<\/strong> Hiilikuitu, vakaampi ja voimakkaampi pallon l\u00e4ht\u00f6nopeus<\/p>\n<\/li>\n<li data-start=\"1314\" data-end=\"1370\">\n<p data-start=\"1316\" data-end=\"1370\"><strong data-start=\"1316\" data-end=\"1331\">Viimeistely:<\/strong> 3D Billo, takaa erinomaiset kierteet<\/p>\n<\/li>\n<li data-start=\"1371\" data-end=\"1423\">\n<p data-start=\"1373\" data-end=\"1423\"><strong data-start=\"1373\" data-end=\"1391\">Dual Pro Grip:<\/strong> v\u00e4hent\u00e4\u00e4 kahvan t\u00e4rin\u00e4\u00e4<\/p>\n<\/li>\n<li data-start=\"1424\" data-end=\"1516\">\n<p data-start=\"1426\" data-end=\"1516\"><strong data-start=\"1426\" data-end=\"1454\">Erinomainen k\u00e4sitelt\u00e4vyys:<\/strong> mahdollistaa kent\u00e4n hallinnan parhaalla tekniikalla<\/p>\n<\/li>\n<\/ul>\n","protected":false},"excerpt":{"rendered":"<p>Siux Trilogy Pro 5 2025 on padelmaila, joka on suunniteltu t\u00e4ydelliseen tasapainoon voiman ja hallinnan v\u00e4lill\u00e4. Sen py\u00f6re\u00e4 muoto mahdollistaa erinomaisen hallinnan ja tarkkuuden ly\u00f6nneiss\u00e4 tarjoten laajan sweet spotin, jotta voit p\u00e4\u00e4tt\u00e4\u00e4 pisteen mist\u00e4 tahansa mailan osasta vaivatta. Matala tasapaino takaa helpon k\u00e4sitelt\u00e4vyyden ja auttaa ehk\u00e4isem\u00e4\u00e4n vammoja. Hiilikuidusta valmistettu ja EVA-kumisyd\u00e4mell\u00e4 varustettu Trilogy Pro 5 [&hellip;]<\/p>\n","protected":false},"featured_media":71907,"comment_status":"open","ping_status":"closed","template":"","meta":{"_eb_attr":""},"product_brand":[527],"product_cat":[496,494,528],"product_tag":[],"class_list":{"0":"post-71899","1":"product","2":"type-product","3":"status-publish","4":"has-post-thumbnail","6":"product_brand-siux","7":"product_cat-edistynyt","8":"product_cat-padelmailat","9":"product_cat-siux","10":"pa_kaal-365g","11":"pa_kuju-pyorea","12":"pa_mangustiil-hybridi","13":"pa_tasakaal-keskella","14":"pa_tase-edistynyt","15":"pa_varv-vihrea","18":"first","19":"onbackorder","20":"sale","21":"taxable","22":"shipping-taxable","23":"purchasable","24":"product-type-simple"},"yoast_head":"<!-- This site is optimized with the Yoast SEO Premium plugin v27.1 (Yoast SEO v27.1.1) - https:\/\/yoast.com\/product\/yoast-seo-premium-wordpress\/ -->\n<title>Siux Trilogy Pro 5 2025 | Test Padelhaus<\/title>\n<meta name=\"description\" content=\"Padelmailat ja padelvarusteet edullisesti. Padelhaus on padel verkkokauppa, josta l\u00f6yd\u00e4t parhaat padelmailat kaikille tasoille.\" \/>\n<meta name=\"robots\" content=\"noindex, follow, max-snippet:-1, max-image-preview:large, max-video-preview:-1\" \/>\n<meta property=\"og:locale\" content=\"fi_FI\" \/>\n<meta property=\"og:type\" content=\"article\" \/>\n<meta property=\"og:title\" content=\"Siux Trilogy Pro 5 2025\" \/>\n<meta property=\"og:description\" content=\"Padelmailat ja padelvarusteet edullisesti. Padelhaus on padel verkkokauppa, josta l\u00f6yd\u00e4t parhaat padelmailat kaikille tasoille.\" \/>\n<meta property=\"og:url\" content=\"https:\/\/padelhaus.mustlammas-dev.in\/fi\/kauppa\/siux-trilogy-pro-5-2025\/\" \/>\n<meta property=\"og:site_name\" content=\"Test Padelhaus\" \/>\n<meta property=\"article:modified_time\" content=\"2026-03-05T15:57:36+00:00\" \/>\n<meta property=\"og:image\" content=\"https:\/\/padelhaus.mustlammas-dev.in\/wp-content\/uploads\/2025\/12\/SIUX-TRILOGY-PRO-5-2025.webp\" \/>\n\t<meta property=\"og:image:width\" content=\"1000\" \/>\n\t<meta property=\"og:image:height\" content=\"1000\" \/>\n\t<meta property=\"og:image:type\" content=\"image\/webp\" \/>\n<meta name=\"twitter:card\" content=\"summary_large_image\" \/>\n<meta name=\"twitter:label1\" content=\"Hinta\" \/>\n\t<meta name=\"twitter:data1\" content=\"158,00&nbsp;&euro;\" \/>\n\t<meta name=\"twitter:label2\" content=\"Saatavuus\" \/>\n\t<meta name=\"twitter:data2\" content=\"J\u00e4lkitoimituksessa\" \/>\n<script type=\"application\/ld+json\" class=\"yoast-schema-graph\">{\"@context\":\"https:\/\/schema.org\",\"@graph\":[{\"@type\":[\"WebPage\",\"ItemPage\"],\"@id\":\"https:\/\/padelhaus.mustlammas-dev.in\/fi\/kauppa\/siux-trilogy-pro-5-2025\/\",\"url\":\"https:\/\/padelhaus.mustlammas-dev.in\/fi\/kauppa\/siux-trilogy-pro-5-2025\/\",\"name\":\"Siux Trilogy Pro 5 2025 | Test Padelhaus\",\"isPartOf\":{\"@id\":\"https:\/\/padelhaus.mustlammas-dev.in\/fi\/#website\"},\"primaryImageOfPage\":{\"@id\":\"https:\/\/padelhaus.mustlammas-dev.in\/fi\/kauppa\/siux-trilogy-pro-5-2025\/#primaryimage\"},\"image\":{\"@id\":\"https:\/\/padelhaus.mustlammas-dev.in\/fi\/kauppa\/siux-trilogy-pro-5-2025\/#primaryimage\"},\"thumbnailUrl\":\"https:\/\/padelhaus.mustlammas-dev.in\/wp-content\/uploads\/2025\/12\/SIUX-TRILOGY-PRO-5-2025.webp\",\"datePublished\":\"2025-12-05T13:06:30+00:00\",\"dateModified\":\"2026-03-05T15:57:36+00:00\",\"description\":\"Padelmailat ja padelvarusteet edullisesti. Padelhaus on padel verkkokauppa, josta l\u00f6yd\u00e4t parhaat padelmailat kaikille tasoille.\",\"breadcrumb\":{\"@id\":\"https:\/\/padelhaus.mustlammas-dev.in\/fi\/kauppa\/siux-trilogy-pro-5-2025\/#breadcrumb\"},\"inLanguage\":\"fi\",\"potentialAction\":[{\"@type\":\"ReadAction\",\"target\":[\"https:\/\/padelhaus.mustlammas-dev.in\/fi\/kauppa\/siux-trilogy-pro-5-2025\/\"]}]},{\"@type\":\"ImageObject\",\"inLanguage\":\"fi\",\"@id\":\"https:\/\/padelhaus.mustlammas-dev.in\/fi\/kauppa\/siux-trilogy-pro-5-2025\/#primaryimage\",\"url\":\"https:\/\/padelhaus.mustlammas-dev.in\/wp-content\/uploads\/2025\/12\/SIUX-TRILOGY-PRO-5-2025.webp\",\"contentUrl\":\"https:\/\/padelhaus.mustlammas-dev.in\/wp-content\/uploads\/2025\/12\/SIUX-TRILOGY-PRO-5-2025.webp\",\"width\":1000,\"height\":1000,\"caption\":\"Siux Trilogy Pro 5 2025\"},{\"@type\":\"BreadcrumbList\",\"@id\":\"https:\/\/padelhaus.mustlammas-dev.in\/fi\/kauppa\/siux-trilogy-pro-5-2025\/#breadcrumb\",\"itemListElement\":[{\"@type\":\"ListItem\",\"position\":1,\"name\":\"Avaleht\",\"item\":\"https:\/\/padelhaus.fi\/\"},{\"@type\":\"ListItem\",\"position\":2,\"name\":\"Kauppa\",\"item\":\"https:\/\/padelhaus.fi\/kauppa\/\"},{\"@type\":\"ListItem\",\"position\":3,\"name\":\"Siux Trilogy Pro 5 2025\"}]},{\"@type\":\"WebSite\",\"@id\":\"https:\/\/padelhaus.mustlammas-dev.in\/fi\/#website\",\"url\":\"https:\/\/padelhaus.mustlammas-dev.in\/fi\/\",\"name\":\"Claude Padelhaus\",\"description\":\"Sinu padelivarustuse kodu\",\"publisher\":{\"@id\":\"https:\/\/padelhaus.mustlammas-dev.in\/fi\/#organization\"},\"potentialAction\":[{\"@type\":\"SearchAction\",\"target\":{\"@type\":\"EntryPoint\",\"urlTemplate\":\"https:\/\/padelhaus.mustlammas-dev.in\/fi\/?s={search_term_string}\"},\"query-input\":{\"@type\":\"PropertyValueSpecification\",\"valueRequired\":true,\"valueName\":\"search_term_string\"}}],\"inLanguage\":\"fi\"},{\"@type\":\"Organization\",\"@id\":\"https:\/\/padelhaus.mustlammas-dev.in\/fi\/#organization\",\"name\":\"Claude Padelhaus\",\"url\":\"https:\/\/padelhaus.mustlammas-dev.in\/fi\/\",\"logo\":{\"@type\":\"ImageObject\",\"inLanguage\":\"fi\",\"@id\":\"https:\/\/padelhaus.mustlammas-dev.in\/fi\/#\/schema\/logo\/image\/\",\"url\":\"https:\/\/padelhaus.mustlammas-dev.in\/wp-content\/uploads\/2025\/05\/Logo-1.png\",\"contentUrl\":\"https:\/\/padelhaus.mustlammas-dev.in\/wp-content\/uploads\/2025\/05\/Logo-1.png\",\"width\":280,\"height\":115,\"caption\":\"Claude Padelhaus\"},\"image\":{\"@id\":\"https:\/\/padelhaus.mustlammas-dev.in\/fi\/#\/schema\/logo\/image\/\"}}]}<\/script>\n<meta property=\"product:price:amount\" content=\"158.00\" \/>\n<meta property=\"product:price:currency\" content=\"EUR\" \/>\n<meta property=\"og:availability\" content=\"backorder\" \/>\n<meta property=\"product:availability\" content=\"available for order\" \/>\n<meta property=\"product:retailer_item_id\" content=\"SIU-R-10\" \/>\n<meta property=\"product:condition\" content=\"new\" \/>\n<!-- \/ Yoast SEO Premium plugin. -->","yoast_head_json":{"title":"Siux Trilogy Pro 5 2025 | Test Padelhaus","description":"Padelmailat ja padelvarusteet edullisesti. Padelhaus on padel verkkokauppa, josta l\u00f6yd\u00e4t parhaat padelmailat kaikille tasoille.","robots":{"index":"noindex","follow":"follow","max-snippet":"max-snippet:-1","max-image-preview":"max-image-preview:large","max-video-preview":"max-video-preview:-1"},"og_locale":"fi_FI","og_type":"article","og_title":"Siux Trilogy Pro 5 2025","og_description":"Padelmailat ja padelvarusteet edullisesti. Padelhaus on padel verkkokauppa, josta l\u00f6yd\u00e4t parhaat padelmailat kaikille tasoille.","og_url":"https:\/\/padelhaus.mustlammas-dev.in\/fi\/kauppa\/siux-trilogy-pro-5-2025\/","og_site_name":"Test Padelhaus","article_modified_time":"2026-03-05T15:57:36+00:00","og_image":[{"width":1000,"height":1000,"url":"https:\/\/padelhaus.mustlammas-dev.in\/wp-content\/uploads\/2025\/12\/SIUX-TRILOGY-PRO-5-2025.webp","type":"image\/webp"}],"twitter_card":"summary_large_image","twitter_misc":{"Hinta":"158,00&nbsp;&euro;","Saatavuus":"J\u00e4lkitoimituksessa"},"schema":{"@context":"https:\/\/schema.org","@graph":[{"@type":["WebPage","ItemPage"],"@id":"https:\/\/padelhaus.mustlammas-dev.in\/fi\/kauppa\/siux-trilogy-pro-5-2025\/","url":"https:\/\/padelhaus.mustlammas-dev.in\/fi\/kauppa\/siux-trilogy-pro-5-2025\/","name":"Siux Trilogy Pro 5 2025 | Test Padelhaus","isPartOf":{"@id":"https:\/\/padelhaus.mustlammas-dev.in\/fi\/#website"},"primaryImageOfPage":{"@id":"https:\/\/padelhaus.mustlammas-dev.in\/fi\/kauppa\/siux-trilogy-pro-5-2025\/#primaryimage"},"image":{"@id":"https:\/\/padelhaus.mustlammas-dev.in\/fi\/kauppa\/siux-trilogy-pro-5-2025\/#primaryimage"},"thumbnailUrl":"https:\/\/padelhaus.mustlammas-dev.in\/wp-content\/uploads\/2025\/12\/SIUX-TRILOGY-PRO-5-2025.webp","datePublished":"2025-12-05T13:06:30+00:00","dateModified":"2026-03-05T15:57:36+00:00","description":"Padelmailat ja padelvarusteet edullisesti. Padelhaus on padel verkkokauppa, josta l\u00f6yd\u00e4t parhaat padelmailat kaikille tasoille.","breadcrumb":{"@id":"https:\/\/padelhaus.mustlammas-dev.in\/fi\/kauppa\/siux-trilogy-pro-5-2025\/#breadcrumb"},"inLanguage":"fi","potentialAction":[{"@type":"ReadAction","target":["https:\/\/padelhaus.mustlammas-dev.in\/fi\/kauppa\/siux-trilogy-pro-5-2025\/"]}]},{"@type":"ImageObject","inLanguage":"fi","@id":"https:\/\/padelhaus.mustlammas-dev.in\/fi\/kauppa\/siux-trilogy-pro-5-2025\/#primaryimage","url":"https:\/\/padelhaus.mustlammas-dev.in\/wp-content\/uploads\/2025\/12\/SIUX-TRILOGY-PRO-5-2025.webp","contentUrl":"https:\/\/padelhaus.mustlammas-dev.in\/wp-content\/uploads\/2025\/12\/SIUX-TRILOGY-PRO-5-2025.webp","width":1000,"height":1000,"caption":"Siux Trilogy Pro 5 2025"},{"@type":"BreadcrumbList","@id":"https:\/\/padelhaus.mustlammas-dev.in\/fi\/kauppa\/siux-trilogy-pro-5-2025\/#breadcrumb","itemListElement":[{"@type":"ListItem","position":1,"name":"Avaleht","item":"https:\/\/padelhaus.fi\/"},{"@type":"ListItem","position":2,"name":"Kauppa","item":"https:\/\/padelhaus.fi\/kauppa\/"},{"@type":"ListItem","position":3,"name":"Siux Trilogy Pro 5 2025"}]},{"@type":"WebSite","@id":"https:\/\/padelhaus.mustlammas-dev.in\/fi\/#website","url":"https:\/\/padelhaus.mustlammas-dev.in\/fi\/","name":"Claude Padelhaus","description":"Sinu padelivarustuse kodu","publisher":{"@id":"https:\/\/padelhaus.mustlammas-dev.in\/fi\/#organization"},"potentialAction":[{"@type":"SearchAction","target":{"@type":"EntryPoint","urlTemplate":"https:\/\/padelhaus.mustlammas-dev.in\/fi\/?s={search_term_string}"},"query-input":{"@type":"PropertyValueSpecification","valueRequired":true,"valueName":"search_term_string"}}],"inLanguage":"fi"},{"@type":"Organization","@id":"https:\/\/padelhaus.mustlammas-dev.in\/fi\/#organization","name":"Claude Padelhaus","url":"https:\/\/padelhaus.mustlammas-dev.in\/fi\/","logo":{"@type":"ImageObject","inLanguage":"fi","@id":"https:\/\/padelhaus.mustlammas-dev.in\/fi\/#\/schema\/logo\/image\/","url":"https:\/\/padelhaus.mustlammas-dev.in\/wp-content\/uploads\/2025\/05\/Logo-1.png","contentUrl":"https:\/\/padelhaus.mustlammas-dev.in\/wp-content\/uploads\/2025\/05\/Logo-1.png","width":280,"height":115,"caption":"Claude Padelhaus"},"image":{"@id":"https:\/\/padelhaus.mustlammas-dev.in\/fi\/#\/schema\/logo\/image\/"}}]},"product_price_amount":"158.00","product_price_currency":"EUR","og_availability":"backorder","product_availability":"available for order","product_retailer_item_id":"SIU-R-10","product_condition":"new"},"_links":{"self":[{"href":"https:\/\/padelhaus.mustlammas-dev.in\/fi\/wp-json\/wp\/v2\/product\/71899","targetHints":{"allow":["GET"]}}],"collection":[{"href":"https:\/\/padelhaus.mustlammas-dev.in\/fi\/wp-json\/wp\/v2\/product"}],"about":[{"href":"https:\/\/padelhaus.mustlammas-dev.in\/fi\/wp-json\/wp\/v2\/types\/product"}],"replies":[{"embeddable":true,"href":"https:\/\/padelhaus.mustlammas-dev.in\/fi\/wp-json\/wp\/v2\/comments?post=71899"}],"wp:featuredmedia":[{"embeddable":true,"href":"https:\/\/padelhaus.mustlammas-dev.in\/fi\/wp-json\/wp\/v2\/media\/71907"}],"wp:attachment":[{"href":"https:\/\/padelhaus.mustlammas-dev.in\/fi\/wp-json\/wp\/v2\/media?parent=71899"}],"wp:term":[{"taxonomy":"product_brand","embeddable":true,"href":"https:\/\/padelhaus.mustlammas-dev.in\/fi\/wp-json\/wp\/v2\/product_brand?post=71899"},{"taxonomy":"product_cat","embeddable":true,"href":"https:\/\/padelhaus.mustlammas-dev.in\/fi\/wp-json\/wp\/v2\/product_cat?post=71899"},{"taxonomy":"product_tag","embeddable":true,"href":"https:\/\/padelhaus.mustlammas-dev.in\/fi\/wp-json\/wp\/v2\/product_tag?post=71899"}],"curies":[{"name":"wp","href":"https:\/\/api.w.org\/{rel}","templated":true}]}}