{"id":71911,"date":"2025-12-05T12:11:49","date_gmt":"2025-12-05T10:11:49","guid":{"rendered":"https:\/\/padelhaus.mustlammas-dev.in\/pood\/nox-ventus-hybrid-12k-lite-2026\/"},"modified":"2026-03-10T02:05:35","modified_gmt":"2026-03-10T00:05:35","slug":"nox-ventus-hybrid-12k-lite-2026","status":"publish","type":"product","link":"https:\/\/padelhaus.mustlammas-dev.in\/fi\/kauppa\/nox-ventus-hybrid-12k-lite-2026\/","title":{"rendered":"Nox Ventus Hybrid 12k Lite 2026"},"content":{"rendered":"<p data-start=\"57\" data-end=\"340\"><strong>Ventus Hybrid 12k Lite 2026<\/strong> on ammattilaistason maila, joka on suunniteltu pelaajille, jotka etsiv\u00e4t t\u00e4ydellist\u00e4 tasapainoa kontrollin, voiman ja keveyden v\u00e4lill\u00e4. 355\u2013365 gramman paino tarjoaa erinomaisen man\u00f6\u00f6veroitavuuden, mahdollistaen nopeammat puolustusly\u00f6nnit ja varmat hy\u00f6kk\u00e4ykset. <\/p>\n<h5 data-start=\"342\" data-end=\"600\">Muotoilu ja suorituskyky<\/h5>\n<p data-start=\"342\" data-end=\"600\">Mailan muotoilussa k\u00e4ytet\u00e4\u00e4n Luxury 2026 -malliston uutta muottia, joka parantaa aerodynamiikkaa ja optimoi suorituskyvyn jokaisessa liikkeess\u00e4. Kevyt, monik\u00e4ytt\u00f6inen ja korkealaatuinen maila on ihanteellinen niille, jotka haluavat erottua kent\u00e4ll\u00e4. <\/p>\n<p data-start=\"602\" data-end=\"1025\">Py\u00f6re\u00e4 muoto ja keskipaino tekev\u00e4t t\u00e4st\u00e4 mailasta monipuolisen valinnan, joka sopii niin puolustavaan pelityyliin kuin tarkkoihin hy\u00f6kk\u00e4yksiin. 100 % hiilikuiturunko takaa kest\u00e4vyyden ja lujuuden, kun taas MLD Black EVA -ydin tarjoaa j\u00e4m\u00e4k\u00e4n tuntuman ja erinomaisen pallon ulostulon. 12k-hiilikuitupinnat tuovat vakautta ja voimaa, mahdollistaen tasaisen suorituskyvyn vaativimmissakin palloissa.  <\/p>\n<h5 data-start=\"1133\" data-end=\"1172\">T\u00e4rkeimm\u00e4t ominaisuudet ja teknologiat<\/h5>\n<ul data-start=\"1173\" data-end=\"1633\">\n<li data-start=\"1173\" data-end=\"1196\">\n<p data-start=\"1175\" data-end=\"1196\"><strong data-start=\"1175\" data-end=\"1184\">Paino:<\/strong> 355\u2013365 g<\/p>\n<\/li>\n<li data-start=\"1197\" data-end=\"1218\">\n<p data-start=\"1199\" data-end=\"1218\"><strong data-start=\"1199\" data-end=\"1210\">Paksuus:<\/strong> 38 mm<\/p>\n<\/li>\n<li data-start=\"1219\" data-end=\"1240\">\n<p data-start=\"1221\" data-end=\"1240\"><strong data-start=\"1221\" data-end=\"1230\">Runko:<\/strong> Hiilikuitu<\/p>\n<\/li>\n<li data-start=\"1241\" data-end=\"1304\">\n<p data-start=\"1243\" data-end=\"1304\"><strong data-start=\"1243\" data-end=\"1255\">Ydin:<\/strong> MLD Black EVA, suuri pallon ulostulo ja varmuus<\/p>\n<\/li>\n<li data-start=\"1305\" data-end=\"1352\">\n<p data-start=\"1307\" data-end=\"1352\"><strong data-start=\"1307\" data-end=\"1318\">Pinnat:<\/strong> 12k-hiilikuitu, voima ja vakaus<\/p>\n<\/li>\n<li data-start=\"1353\" data-end=\"1420\">\n<p data-start=\"1355\" data-end=\"1420\"><strong data-start=\"1355\" data-end=\"1364\">Pinta:<\/strong> Dual Spin, enemm\u00e4n kierteit\u00e4 leikattuihin ja nostettuihin ly\u00f6nteihin<\/p>\n<\/li>\n<li data-start=\"1421\" data-end=\"1473\">\n<p data-start=\"1423\" data-end=\"1473\"><strong data-start=\"1423\" data-end=\"1432\">Muoto:<\/strong> Py\u00f6re\u00e4, huippuluokan tarkkuus ja kontrolli<\/p>\n<\/li>\n<li data-start=\"1474\" data-end=\"1514\">\n<p data-start=\"1476\" data-end=\"1514\"><strong data-start=\"1476\" data-end=\"1496\">Suositeltu taso:<\/strong> Ammattilainen<\/p>\n<\/li>\n<li data-start=\"1515\" data-end=\"1568\">\n<p data-start=\"1517\" data-end=\"1568\"><strong data-start=\"1517\" data-end=\"1530\">Tuntuma:<\/strong> Pehme\u00e4, parempi mukavuus ja herkkyys<\/p>\n<\/li>\n<li data-start=\"1569\" data-end=\"1633\">\n<p data-start=\"1571\" data-end=\"1633\"><strong data-start=\"1571\" data-end=\"1586\">Pelityyli:<\/strong> Monipuolinen, tasapaino voiman ja kontrollin v\u00e4lill\u00e4<\/p>\n<\/li>\n<\/ul>\n<h5 data-start=\"1635\" data-end=\"1942\">Yhteenveto<\/h5>\n<p data-start=\"1635\" data-end=\"1942\" data-is-last-node=\"\" data-is-only-node=\"\">Ota askel eteenp\u00e4in ja paranna suoritustasi Ventus Hybrid 12k Liten avulla. Ventus on luotu pelaajille, jotka haluavat loistaa jokaisessa peliss\u00e4 tarkoin, dynaamisin ja voimakkain ly\u00f6nnein. \u00c4l\u00e4 j\u00e4t\u00e4 v\u00e4liin tilaisuutta vied\u00e4 pelisi uudelle tasolle. Hanki Ventus nyt ja tunne ero jo ensimm\u00e4isest\u00e4 ly\u00f6nnist\u00e4!   <\/p>\n","protected":false},"excerpt":{"rendered":"<p>Ventus Hybrid 12k Lite 2026 on ammattilaistason maila, joka on suunniteltu pelaajille, jotka etsiv\u00e4t t\u00e4ydellist\u00e4 tasapainoa kontrollin, voiman ja keveyden v\u00e4lill\u00e4. 355\u2013365 gramman paino tarjoaa erinomaisen man\u00f6\u00f6veroitavuuden, mahdollistaen nopeammat puolustusly\u00f6nnit ja varmat hy\u00f6kk\u00e4ykset. Muotoilu ja suorituskyky Mailan muotoilussa k\u00e4ytet\u00e4\u00e4n Luxury 2026 -malliston uutta muottia, joka parantaa aerodynamiikkaa ja optimoi suorituskyvyn jokaisessa liikkeess\u00e4. Kevyt, monik\u00e4ytt\u00f6inen ja [&hellip;]<\/p>\n","protected":false},"featured_media":71922,"comment_status":"open","ping_status":"closed","template":"","meta":{"_eb_attr":""},"product_brand":[493],"product_cat":[496,497,494],"product_tag":[],"class_list":{"0":"post-71911","1":"product","2":"type-product","3":"status-publish","4":"has-post-thumbnail","6":"product_brand-nox","7":"product_cat-edistynyt","8":"product_cat-nox","9":"product_cat-padelmailat","10":"pa_kaal-360g","11":"pa_kuju-pyorea","12":"pa_mangustiil-hybridi","13":"pa_tasakaal-keskella","14":"pa_tase-edistynyt","15":"pa_varv-vihrea","18":"first","19":"onbackorder","20":"sale","21":"taxable","22":"shipping-taxable","23":"purchasable","24":"product-type-simple"},"yoast_head":"<!-- This site is optimized with the Yoast SEO Premium plugin v27.1 (Yoast SEO v27.1.1) - https:\/\/yoast.com\/product\/yoast-seo-premium-wordpress\/ -->\n<title>Nox Ventus Hybrid 12k Lite 2026 | Test Padelhaus<\/title>\n<meta name=\"description\" content=\"Padelmailat ja padelvarusteet edullisesti. Padelhaus on padel verkkokauppa, josta l\u00f6yd\u00e4t parhaat padelmailat kaikille tasoille.\" \/>\n<meta name=\"robots\" content=\"noindex, follow, max-snippet:-1, max-image-preview:large, max-video-preview:-1\" \/>\n<meta property=\"og:locale\" content=\"fi_FI\" \/>\n<meta property=\"og:type\" content=\"article\" \/>\n<meta property=\"og:title\" content=\"Nox Ventus Hybrid 12k Lite 2026\" \/>\n<meta property=\"og:description\" content=\"Padelmailat ja padelvarusteet edullisesti. Padelhaus on padel verkkokauppa, josta l\u00f6yd\u00e4t parhaat padelmailat kaikille tasoille.\" \/>\n<meta property=\"og:url\" content=\"https:\/\/padelhaus.mustlammas-dev.in\/fi\/kauppa\/nox-ventus-hybrid-12k-lite-2026\/\" \/>\n<meta property=\"og:site_name\" content=\"Test Padelhaus\" \/>\n<meta property=\"article:modified_time\" content=\"2026-03-10T00:05:35+00:00\" \/>\n<meta property=\"og:image\" content=\"https:\/\/padelhaus.mustlammas-dev.in\/wp-content\/uploads\/2025\/12\/NOX-VENTUS-HYBRID-12K-LITE-PVENTUS12HL.webp\" \/>\n\t<meta property=\"og:image:width\" content=\"1000\" \/>\n\t<meta property=\"og:image:height\" content=\"1000\" \/>\n\t<meta property=\"og:image:type\" content=\"image\/webp\" \/>\n<meta name=\"twitter:card\" content=\"summary_large_image\" \/>\n<meta name=\"twitter:label1\" content=\"Hinta\" \/>\n\t<meta name=\"twitter:data1\" content=\"219,95&nbsp;&euro;\" \/>\n\t<meta name=\"twitter:label2\" content=\"Saatavuus\" \/>\n\t<meta name=\"twitter:data2\" content=\"J\u00e4lkitoimituksessa\" \/>\n<script type=\"application\/ld+json\" class=\"yoast-schema-graph\">{\"@context\":\"https:\/\/schema.org\",\"@graph\":[{\"@type\":[\"WebPage\",\"ItemPage\"],\"@id\":\"https:\/\/padelhaus.mustlammas-dev.in\/fi\/kauppa\/nox-ventus-hybrid-12k-lite-2026\/\",\"url\":\"https:\/\/padelhaus.mustlammas-dev.in\/fi\/kauppa\/nox-ventus-hybrid-12k-lite-2026\/\",\"name\":\"Nox Ventus Hybrid 12k Lite 2026 | Test Padelhaus\",\"isPartOf\":{\"@id\":\"https:\/\/padelhaus.mustlammas-dev.in\/fi\/#website\"},\"primaryImageOfPage\":{\"@id\":\"https:\/\/padelhaus.mustlammas-dev.in\/fi\/kauppa\/nox-ventus-hybrid-12k-lite-2026\/#primaryimage\"},\"image\":{\"@id\":\"https:\/\/padelhaus.mustlammas-dev.in\/fi\/kauppa\/nox-ventus-hybrid-12k-lite-2026\/#primaryimage\"},\"thumbnailUrl\":\"https:\/\/padelhaus.mustlammas-dev.in\/wp-content\/uploads\/2025\/12\/NOX-VENTUS-HYBRID-12K-LITE-PVENTUS12HL.webp\",\"datePublished\":\"2025-12-05T10:11:49+00:00\",\"dateModified\":\"2026-03-10T00:05:35+00:00\",\"description\":\"Padelmailat ja padelvarusteet edullisesti. Padelhaus on padel verkkokauppa, josta l\u00f6yd\u00e4t parhaat padelmailat kaikille tasoille.\",\"breadcrumb\":{\"@id\":\"https:\/\/padelhaus.mustlammas-dev.in\/fi\/kauppa\/nox-ventus-hybrid-12k-lite-2026\/#breadcrumb\"},\"inLanguage\":\"fi\",\"potentialAction\":[{\"@type\":\"ReadAction\",\"target\":[\"https:\/\/padelhaus.mustlammas-dev.in\/fi\/kauppa\/nox-ventus-hybrid-12k-lite-2026\/\"]}]},{\"@type\":\"ImageObject\",\"inLanguage\":\"fi\",\"@id\":\"https:\/\/padelhaus.mustlammas-dev.in\/fi\/kauppa\/nox-ventus-hybrid-12k-lite-2026\/#primaryimage\",\"url\":\"https:\/\/padelhaus.mustlammas-dev.in\/wp-content\/uploads\/2025\/12\/NOX-VENTUS-HYBRID-12K-LITE-PVENTUS12HL.webp\",\"contentUrl\":\"https:\/\/padelhaus.mustlammas-dev.in\/wp-content\/uploads\/2025\/12\/NOX-VENTUS-HYBRID-12K-LITE-PVENTUS12HL.webp\",\"width\":1000,\"height\":1000,\"caption\":\"NOX VENTUS HYBRID 12K LITE 2026\"},{\"@type\":\"BreadcrumbList\",\"@id\":\"https:\/\/padelhaus.mustlammas-dev.in\/fi\/kauppa\/nox-ventus-hybrid-12k-lite-2026\/#breadcrumb\",\"itemListElement\":[{\"@type\":\"ListItem\",\"position\":1,\"name\":\"Avaleht\",\"item\":\"https:\/\/padelhaus.fi\/\"},{\"@type\":\"ListItem\",\"position\":2,\"name\":\"Kauppa\",\"item\":\"https:\/\/padelhaus.fi\/kauppa\/\"},{\"@type\":\"ListItem\",\"position\":3,\"name\":\"Nox Ventus Hybrid 12k Lite 2026\"}]},{\"@type\":\"WebSite\",\"@id\":\"https:\/\/padelhaus.mustlammas-dev.in\/fi\/#website\",\"url\":\"https:\/\/padelhaus.mustlammas-dev.in\/fi\/\",\"name\":\"Claude Padelhaus\",\"description\":\"Sinu padelivarustuse kodu\",\"publisher\":{\"@id\":\"https:\/\/padelhaus.mustlammas-dev.in\/fi\/#organization\"},\"potentialAction\":[{\"@type\":\"SearchAction\",\"target\":{\"@type\":\"EntryPoint\",\"urlTemplate\":\"https:\/\/padelhaus.mustlammas-dev.in\/fi\/?s={search_term_string}\"},\"query-input\":{\"@type\":\"PropertyValueSpecification\",\"valueRequired\":true,\"valueName\":\"search_term_string\"}}],\"inLanguage\":\"fi\"},{\"@type\":\"Organization\",\"@id\":\"https:\/\/padelhaus.mustlammas-dev.in\/fi\/#organization\",\"name\":\"Claude Padelhaus\",\"url\":\"https:\/\/padelhaus.mustlammas-dev.in\/fi\/\",\"logo\":{\"@type\":\"ImageObject\",\"inLanguage\":\"fi\",\"@id\":\"https:\/\/padelhaus.mustlammas-dev.in\/fi\/#\/schema\/logo\/image\/\",\"url\":\"https:\/\/padelhaus.mustlammas-dev.in\/wp-content\/uploads\/2025\/05\/Logo-1.png\",\"contentUrl\":\"https:\/\/padelhaus.mustlammas-dev.in\/wp-content\/uploads\/2025\/05\/Logo-1.png\",\"width\":280,\"height\":115,\"caption\":\"Claude Padelhaus\"},\"image\":{\"@id\":\"https:\/\/padelhaus.mustlammas-dev.in\/fi\/#\/schema\/logo\/image\/\"}}]}<\/script>\n<meta property=\"product:price:amount\" content=\"219.95\" \/>\n<meta property=\"product:price:currency\" content=\"EUR\" \/>\n<meta property=\"og:availability\" content=\"backorder\" \/>\n<meta property=\"product:availability\" content=\"available for order\" \/>\n<meta property=\"product:retailer_item_id\" content=\"NOX-R-31\" \/>\n<meta property=\"product:condition\" content=\"new\" \/>\n<!-- \/ Yoast SEO Premium plugin. -->","yoast_head_json":{"title":"Nox Ventus Hybrid 12k Lite 2026 | Test Padelhaus","description":"Padelmailat ja padelvarusteet edullisesti. Padelhaus on padel verkkokauppa, josta l\u00f6yd\u00e4t parhaat padelmailat kaikille tasoille.","robots":{"index":"noindex","follow":"follow","max-snippet":"max-snippet:-1","max-image-preview":"max-image-preview:large","max-video-preview":"max-video-preview:-1"},"og_locale":"fi_FI","og_type":"article","og_title":"Nox Ventus Hybrid 12k Lite 2026","og_description":"Padelmailat ja padelvarusteet edullisesti. Padelhaus on padel verkkokauppa, josta l\u00f6yd\u00e4t parhaat padelmailat kaikille tasoille.","og_url":"https:\/\/padelhaus.mustlammas-dev.in\/fi\/kauppa\/nox-ventus-hybrid-12k-lite-2026\/","og_site_name":"Test Padelhaus","article_modified_time":"2026-03-10T00:05:35+00:00","og_image":[{"width":1000,"height":1000,"url":"https:\/\/padelhaus.mustlammas-dev.in\/wp-content\/uploads\/2025\/12\/NOX-VENTUS-HYBRID-12K-LITE-PVENTUS12HL.webp","type":"image\/webp"}],"twitter_card":"summary_large_image","twitter_misc":{"Hinta":"219,95&nbsp;&euro;","Saatavuus":"J\u00e4lkitoimituksessa"},"schema":{"@context":"https:\/\/schema.org","@graph":[{"@type":["WebPage","ItemPage"],"@id":"https:\/\/padelhaus.mustlammas-dev.in\/fi\/kauppa\/nox-ventus-hybrid-12k-lite-2026\/","url":"https:\/\/padelhaus.mustlammas-dev.in\/fi\/kauppa\/nox-ventus-hybrid-12k-lite-2026\/","name":"Nox Ventus Hybrid 12k Lite 2026 | Test Padelhaus","isPartOf":{"@id":"https:\/\/padelhaus.mustlammas-dev.in\/fi\/#website"},"primaryImageOfPage":{"@id":"https:\/\/padelhaus.mustlammas-dev.in\/fi\/kauppa\/nox-ventus-hybrid-12k-lite-2026\/#primaryimage"},"image":{"@id":"https:\/\/padelhaus.mustlammas-dev.in\/fi\/kauppa\/nox-ventus-hybrid-12k-lite-2026\/#primaryimage"},"thumbnailUrl":"https:\/\/padelhaus.mustlammas-dev.in\/wp-content\/uploads\/2025\/12\/NOX-VENTUS-HYBRID-12K-LITE-PVENTUS12HL.webp","datePublished":"2025-12-05T10:11:49+00:00","dateModified":"2026-03-10T00:05:35+00:00","description":"Padelmailat ja padelvarusteet edullisesti. Padelhaus on padel verkkokauppa, josta l\u00f6yd\u00e4t parhaat padelmailat kaikille tasoille.","breadcrumb":{"@id":"https:\/\/padelhaus.mustlammas-dev.in\/fi\/kauppa\/nox-ventus-hybrid-12k-lite-2026\/#breadcrumb"},"inLanguage":"fi","potentialAction":[{"@type":"ReadAction","target":["https:\/\/padelhaus.mustlammas-dev.in\/fi\/kauppa\/nox-ventus-hybrid-12k-lite-2026\/"]}]},{"@type":"ImageObject","inLanguage":"fi","@id":"https:\/\/padelhaus.mustlammas-dev.in\/fi\/kauppa\/nox-ventus-hybrid-12k-lite-2026\/#primaryimage","url":"https:\/\/padelhaus.mustlammas-dev.in\/wp-content\/uploads\/2025\/12\/NOX-VENTUS-HYBRID-12K-LITE-PVENTUS12HL.webp","contentUrl":"https:\/\/padelhaus.mustlammas-dev.in\/wp-content\/uploads\/2025\/12\/NOX-VENTUS-HYBRID-12K-LITE-PVENTUS12HL.webp","width":1000,"height":1000,"caption":"NOX VENTUS HYBRID 12K LITE 2026"},{"@type":"BreadcrumbList","@id":"https:\/\/padelhaus.mustlammas-dev.in\/fi\/kauppa\/nox-ventus-hybrid-12k-lite-2026\/#breadcrumb","itemListElement":[{"@type":"ListItem","position":1,"name":"Avaleht","item":"https:\/\/padelhaus.fi\/"},{"@type":"ListItem","position":2,"name":"Kauppa","item":"https:\/\/padelhaus.fi\/kauppa\/"},{"@type":"ListItem","position":3,"name":"Nox Ventus Hybrid 12k Lite 2026"}]},{"@type":"WebSite","@id":"https:\/\/padelhaus.mustlammas-dev.in\/fi\/#website","url":"https:\/\/padelhaus.mustlammas-dev.in\/fi\/","name":"Claude Padelhaus","description":"Sinu padelivarustuse kodu","publisher":{"@id":"https:\/\/padelhaus.mustlammas-dev.in\/fi\/#organization"},"potentialAction":[{"@type":"SearchAction","target":{"@type":"EntryPoint","urlTemplate":"https:\/\/padelhaus.mustlammas-dev.in\/fi\/?s={search_term_string}"},"query-input":{"@type":"PropertyValueSpecification","valueRequired":true,"valueName":"search_term_string"}}],"inLanguage":"fi"},{"@type":"Organization","@id":"https:\/\/padelhaus.mustlammas-dev.in\/fi\/#organization","name":"Claude Padelhaus","url":"https:\/\/padelhaus.mustlammas-dev.in\/fi\/","logo":{"@type":"ImageObject","inLanguage":"fi","@id":"https:\/\/padelhaus.mustlammas-dev.in\/fi\/#\/schema\/logo\/image\/","url":"https:\/\/padelhaus.mustlammas-dev.in\/wp-content\/uploads\/2025\/05\/Logo-1.png","contentUrl":"https:\/\/padelhaus.mustlammas-dev.in\/wp-content\/uploads\/2025\/05\/Logo-1.png","width":280,"height":115,"caption":"Claude Padelhaus"},"image":{"@id":"https:\/\/padelhaus.mustlammas-dev.in\/fi\/#\/schema\/logo\/image\/"}}]},"product_price_amount":"219.95","product_price_currency":"EUR","og_availability":"backorder","product_availability":"available for order","product_retailer_item_id":"NOX-R-31","product_condition":"new"},"_links":{"self":[{"href":"https:\/\/padelhaus.mustlammas-dev.in\/fi\/wp-json\/wp\/v2\/product\/71911","targetHints":{"allow":["GET"]}}],"collection":[{"href":"https:\/\/padelhaus.mustlammas-dev.in\/fi\/wp-json\/wp\/v2\/product"}],"about":[{"href":"https:\/\/padelhaus.mustlammas-dev.in\/fi\/wp-json\/wp\/v2\/types\/product"}],"replies":[{"embeddable":true,"href":"https:\/\/padelhaus.mustlammas-dev.in\/fi\/wp-json\/wp\/v2\/comments?post=71911"}],"wp:featuredmedia":[{"embeddable":true,"href":"https:\/\/padelhaus.mustlammas-dev.in\/fi\/wp-json\/wp\/v2\/media\/71922"}],"wp:attachment":[{"href":"https:\/\/padelhaus.mustlammas-dev.in\/fi\/wp-json\/wp\/v2\/media?parent=71911"}],"wp:term":[{"taxonomy":"product_brand","embeddable":true,"href":"https:\/\/padelhaus.mustlammas-dev.in\/fi\/wp-json\/wp\/v2\/product_brand?post=71911"},{"taxonomy":"product_cat","embeddable":true,"href":"https:\/\/padelhaus.mustlammas-dev.in\/fi\/wp-json\/wp\/v2\/product_cat?post=71911"},{"taxonomy":"product_tag","embeddable":true,"href":"https:\/\/padelhaus.mustlammas-dev.in\/fi\/wp-json\/wp\/v2\/product_tag?post=71911"}],"curies":[{"name":"wp","href":"https:\/\/api.w.org\/{rel}","templated":true}]}}