{"id":71932,"date":"2025-12-05T04:31:51","date_gmt":"2025-12-05T02:31:51","guid":{"rendered":"https:\/\/padelhaus.mustlammas-dev.in\/pood\/bullpadel-hack-04-comfort-2026\/"},"modified":"2026-03-05T17:57:56","modified_gmt":"2026-03-05T15:57:56","slug":"bullpadel-hack-04-comfort-2026","status":"publish","type":"product","link":"https:\/\/padelhaus.mustlammas-dev.in\/fi\/kauppa\/bullpadel-hack-04-comfort-2026\/","title":{"rendered":"Bullpadel Hack 04 Comfort 2026"},"content":{"rendered":"<p data-start=\"153\" data-end=\"450\"><strong>BULLPADEL HACK 04 CMF 2026<\/strong>, Paquito Navarron virallinen maila, on suunniteltu edistyneille pelaajille, jotka vaativat maksimaalista dynaamista voimaa ja aggressiivisuutta kent\u00e4ll\u00e4. Timantin muoto, korkea tasapaino ja huippuluokan materiaalit tekev\u00e4t siit\u00e4 nopean, r\u00e4j\u00e4ht\u00e4v\u00e4n ja poikkeuksellisen ketter\u00e4n. <\/p>\n<h5 data-start=\"990\" data-end=\"1029\">Vapauta r\u00e4j\u00e4ht\u00e4v\u00e4t ly\u00f6nnit<\/h5>\n<p data-start=\"1030\" data-end=\"1224\" data-is-last-node=\"\" data-is-only-node=\"\">HACK 04 CMF on t\u00e4ydellinen hy\u00f6kk\u00e4\u00e4ville pelaajille, jotka haluavat hallita jokaista peli\u00e4 tehokkaalla ja reagoivalla mailalla. Huipputeknologiat ja rohkea muotoilu tekev\u00e4t siit\u00e4 todellisen aseen korkeimmalla tasolla. <\/p>\n<h5 data-start=\"452\" data-end=\"470\">T\u00e4rkeimm\u00e4t ominaisuudet<\/h5>\n<ul data-start=\"471\" data-end=\"887\">\n<li data-start=\"471\" data-end=\"528\">\n<p data-start=\"473\" data-end=\"528\"><strong data-start=\"473\" data-end=\"489\">Timantin muoto:<\/strong> maksimaalinen voima hy\u00f6kk\u00e4ysly\u00f6nteihin<\/p>\n<\/li>\n<li data-start=\"529\" data-end=\"585\">\n<p data-start=\"531\" data-end=\"585\"><strong data-start=\"531\" data-end=\"556\">Tricarbon 18K -pinnat:<\/strong> varmat ja voimakkaat ly\u00f6nnit<\/p>\n<\/li>\n<li data-start=\"586\" data-end=\"635\">\n<p data-start=\"588\" data-end=\"635\"><strong data-start=\"588\" data-end=\"609\">Multieva-ydin:<\/strong> mukautuu ly\u00f6ntinopeuteen<\/p>\n<\/li>\n<li data-start=\"636\" data-end=\"697\">\n<p data-start=\"638\" data-end=\"697\"><strong data-start=\"638\" data-end=\"674\">Total Channel ja Tricore bridge:<\/strong> vakaus ja nopeus<\/p>\n<\/li>\n<li data-start=\"698\" data-end=\"748\">\n<p data-start=\"700\" data-end=\"748\"><strong data-start=\"700\" data-end=\"722\">Air React Channel:<\/strong> rakenteellinen joustavuus<\/p>\n<\/li>\n<li data-start=\"749\" data-end=\"793\">\n<p data-start=\"751\" data-end=\"793\"><strong data-start=\"751\" data-end=\"769\">Custom Weight:<\/strong> tasapainon s\u00e4\u00e4t\u00e4minen<\/p>\n<\/li>\n<li data-start=\"794\" data-end=\"849\">\n<p data-start=\"796\" data-end=\"849\"><strong data-start=\"796\" data-end=\"823\">Vibradrive ja Hesacore:<\/strong> t\u00e4rin\u00e4nvaimennus<\/p>\n<\/li>\n<li data-start=\"850\" data-end=\"887\">\n<p data-start=\"852\" data-end=\"887\"><strong data-start=\"852\" data-end=\"873\">3DGrain-tekstuuri:<\/strong> parempi kierre<\/p>\n<\/li>\n<\/ul>\n","protected":false},"excerpt":{"rendered":"<p>BULLPADEL HACK 04 CMF 2026, Paquito Navarron virallinen maila, on suunniteltu edistyneille pelaajille, jotka vaativat maksimaalista dynaamista voimaa ja aggressiivisuutta kent\u00e4ll\u00e4. Timantin muoto, korkea tasapaino ja huippuluokan materiaalit tekev\u00e4t siit\u00e4 nopean, r\u00e4j\u00e4ht\u00e4v\u00e4n ja poikkeuksellisen ketter\u00e4n. Vapauta r\u00e4j\u00e4ht\u00e4v\u00e4t ly\u00f6nnit HACK 04 CMF on t\u00e4ydellinen hy\u00f6kk\u00e4\u00e4ville pelaajille, jotka haluavat hallita jokaista peli\u00e4 tehokkaalla ja reagoivalla mailalla. Huipputeknologiat [&hellip;]<\/p>\n","protected":false},"featured_media":71941,"comment_status":"open","ping_status":"closed","template":"","meta":{"_eb_attr":""},"product_brand":[503],"product_cat":[504,496,494],"product_tag":[],"class_list":{"0":"post-71932","1":"product","2":"type-product","3":"status-publish","4":"has-post-thumbnail","6":"product_brand-bullpadel","7":"product_cat-bullpadel","8":"product_cat-edistynyt","9":"product_cat-padelmailat","10":"pa_kaal-365g","11":"pa_kuju-timantti","12":"pa_mangustiil-hyokkaava","13":"pa_tasakaal-ylhaalla","14":"pa_tase-edistynyt","15":"pa_varv-harmaa","18":"first","19":"instock","20":"sale","21":"taxable","22":"shipping-taxable","23":"purchasable","24":"product-type-simple"},"yoast_head":"<!-- This site is optimized with the Yoast SEO Premium plugin v27.1 (Yoast SEO v27.1.1) - https:\/\/yoast.com\/product\/yoast-seo-premium-wordpress\/ -->\n<title>Bullpadel Hack 04 Comfort 2026 | Test Padelhaus<\/title>\n<meta name=\"description\" content=\"Padelmailat ja padelvarusteet edullisesti. Padelhaus on padel verkkokauppa, josta l\u00f6yd\u00e4t parhaat padelmailat kaikille tasoille.\" \/>\n<meta name=\"robots\" content=\"noindex, follow, max-snippet:-1, max-image-preview:large, max-video-preview:-1\" \/>\n<meta property=\"og:locale\" content=\"fi_FI\" \/>\n<meta property=\"og:type\" content=\"article\" \/>\n<meta property=\"og:title\" content=\"Bullpadel Hack 04 Comfort 2026\" \/>\n<meta property=\"og:description\" content=\"Padelmailat ja padelvarusteet edullisesti. Padelhaus on padel verkkokauppa, josta l\u00f6yd\u00e4t parhaat padelmailat kaikille tasoille.\" \/>\n<meta property=\"og:url\" content=\"https:\/\/padelhaus.mustlammas-dev.in\/fi\/kauppa\/bullpadel-hack-04-comfort-2026\/\" \/>\n<meta property=\"og:site_name\" content=\"Test Padelhaus\" \/>\n<meta property=\"article:modified_time\" content=\"2026-03-05T15:57:56+00:00\" \/>\n<meta property=\"og:image\" content=\"https:\/\/padelhaus.mustlammas-dev.in\/wp-content\/uploads\/2025\/12\/BULLPADEL-HACK-04-COMFORT-2026.webp\" \/>\n\t<meta property=\"og:image:width\" content=\"1000\" \/>\n\t<meta property=\"og:image:height\" content=\"1000\" \/>\n\t<meta property=\"og:image:type\" content=\"image\/webp\" \/>\n<meta name=\"twitter:card\" content=\"summary_large_image\" \/>\n<meta name=\"twitter:label1\" content=\"Hinta\" \/>\n\t<meta name=\"twitter:data1\" content=\"209,95&nbsp;&euro;\" \/>\n\t<meta name=\"twitter:label2\" content=\"Saatavuus\" \/>\n\t<meta name=\"twitter:data2\" content=\"Varastossa\" \/>\n<script type=\"application\/ld+json\" class=\"yoast-schema-graph\">{\"@context\":\"https:\/\/schema.org\",\"@graph\":[{\"@type\":[\"WebPage\",\"ItemPage\"],\"@id\":\"https:\/\/padelhaus.mustlammas-dev.in\/fi\/kauppa\/bullpadel-hack-04-comfort-2026\/\",\"url\":\"https:\/\/padelhaus.mustlammas-dev.in\/fi\/kauppa\/bullpadel-hack-04-comfort-2026\/\",\"name\":\"Bullpadel Hack 04 Comfort 2026 | Test Padelhaus\",\"isPartOf\":{\"@id\":\"https:\/\/padelhaus.mustlammas-dev.in\/fi\/#website\"},\"primaryImageOfPage\":{\"@id\":\"https:\/\/padelhaus.mustlammas-dev.in\/fi\/kauppa\/bullpadel-hack-04-comfort-2026\/#primaryimage\"},\"image\":{\"@id\":\"https:\/\/padelhaus.mustlammas-dev.in\/fi\/kauppa\/bullpadel-hack-04-comfort-2026\/#primaryimage\"},\"thumbnailUrl\":\"https:\/\/padelhaus.mustlammas-dev.in\/wp-content\/uploads\/2025\/12\/BULLPADEL-HACK-04-COMFORT-2026.webp\",\"datePublished\":\"2025-12-05T02:31:51+00:00\",\"dateModified\":\"2026-03-05T15:57:56+00:00\",\"description\":\"Padelmailat ja padelvarusteet edullisesti. Padelhaus on padel verkkokauppa, josta l\u00f6yd\u00e4t parhaat padelmailat kaikille tasoille.\",\"breadcrumb\":{\"@id\":\"https:\/\/padelhaus.mustlammas-dev.in\/fi\/kauppa\/bullpadel-hack-04-comfort-2026\/#breadcrumb\"},\"inLanguage\":\"fi\",\"potentialAction\":[{\"@type\":\"ReadAction\",\"target\":[\"https:\/\/padelhaus.mustlammas-dev.in\/fi\/kauppa\/bullpadel-hack-04-comfort-2026\/\"]}]},{\"@type\":\"ImageObject\",\"inLanguage\":\"fi\",\"@id\":\"https:\/\/padelhaus.mustlammas-dev.in\/fi\/kauppa\/bullpadel-hack-04-comfort-2026\/#primaryimage\",\"url\":\"https:\/\/padelhaus.mustlammas-dev.in\/wp-content\/uploads\/2025\/12\/BULLPADEL-HACK-04-COMFORT-2026.webp\",\"contentUrl\":\"https:\/\/padelhaus.mustlammas-dev.in\/wp-content\/uploads\/2025\/12\/BULLPADEL-HACK-04-COMFORT-2026.webp\",\"width\":1000,\"height\":1000,\"caption\":\"BULLPADEL HACK 04 COMFORT 2026\"},{\"@type\":\"BreadcrumbList\",\"@id\":\"https:\/\/padelhaus.mustlammas-dev.in\/fi\/kauppa\/bullpadel-hack-04-comfort-2026\/#breadcrumb\",\"itemListElement\":[{\"@type\":\"ListItem\",\"position\":1,\"name\":\"Avaleht\",\"item\":\"https:\/\/padelhaus.fi\/\"},{\"@type\":\"ListItem\",\"position\":2,\"name\":\"Kauppa\",\"item\":\"https:\/\/padelhaus.fi\/kauppa\/\"},{\"@type\":\"ListItem\",\"position\":3,\"name\":\"Bullpadel Hack 04 Comfort 2026\"}]},{\"@type\":\"WebSite\",\"@id\":\"https:\/\/padelhaus.mustlammas-dev.in\/fi\/#website\",\"url\":\"https:\/\/padelhaus.mustlammas-dev.in\/fi\/\",\"name\":\"Claude Padelhaus\",\"description\":\"Sinu padelivarustuse kodu\",\"publisher\":{\"@id\":\"https:\/\/padelhaus.mustlammas-dev.in\/fi\/#organization\"},\"potentialAction\":[{\"@type\":\"SearchAction\",\"target\":{\"@type\":\"EntryPoint\",\"urlTemplate\":\"https:\/\/padelhaus.mustlammas-dev.in\/fi\/?s={search_term_string}\"},\"query-input\":{\"@type\":\"PropertyValueSpecification\",\"valueRequired\":true,\"valueName\":\"search_term_string\"}}],\"inLanguage\":\"fi\"},{\"@type\":\"Organization\",\"@id\":\"https:\/\/padelhaus.mustlammas-dev.in\/fi\/#organization\",\"name\":\"Claude Padelhaus\",\"url\":\"https:\/\/padelhaus.mustlammas-dev.in\/fi\/\",\"logo\":{\"@type\":\"ImageObject\",\"inLanguage\":\"fi\",\"@id\":\"https:\/\/padelhaus.mustlammas-dev.in\/fi\/#\/schema\/logo\/image\/\",\"url\":\"https:\/\/padelhaus.mustlammas-dev.in\/wp-content\/uploads\/2025\/05\/Logo-1.png\",\"contentUrl\":\"https:\/\/padelhaus.mustlammas-dev.in\/wp-content\/uploads\/2025\/05\/Logo-1.png\",\"width\":280,\"height\":115,\"caption\":\"Claude Padelhaus\"},\"image\":{\"@id\":\"https:\/\/padelhaus.mustlammas-dev.in\/fi\/#\/schema\/logo\/image\/\"}}]}<\/script>\n<meta property=\"product:price:amount\" content=\"209.95\" \/>\n<meta property=\"product:price:currency\" content=\"EUR\" \/>\n<meta property=\"og:availability\" content=\"instock\" \/>\n<meta property=\"product:availability\" content=\"instock\" \/>\n<meta property=\"product:retailer_item_id\" content=\"BUL-R-37\" \/>\n<meta property=\"product:condition\" content=\"new\" \/>\n<!-- \/ Yoast SEO Premium plugin. -->","yoast_head_json":{"title":"Bullpadel Hack 04 Comfort 2026 | Test Padelhaus","description":"Padelmailat ja padelvarusteet edullisesti. Padelhaus on padel verkkokauppa, josta l\u00f6yd\u00e4t parhaat padelmailat kaikille tasoille.","robots":{"index":"noindex","follow":"follow","max-snippet":"max-snippet:-1","max-image-preview":"max-image-preview:large","max-video-preview":"max-video-preview:-1"},"og_locale":"fi_FI","og_type":"article","og_title":"Bullpadel Hack 04 Comfort 2026","og_description":"Padelmailat ja padelvarusteet edullisesti. Padelhaus on padel verkkokauppa, josta l\u00f6yd\u00e4t parhaat padelmailat kaikille tasoille.","og_url":"https:\/\/padelhaus.mustlammas-dev.in\/fi\/kauppa\/bullpadel-hack-04-comfort-2026\/","og_site_name":"Test Padelhaus","article_modified_time":"2026-03-05T15:57:56+00:00","og_image":[{"width":1000,"height":1000,"url":"https:\/\/padelhaus.mustlammas-dev.in\/wp-content\/uploads\/2025\/12\/BULLPADEL-HACK-04-COMFORT-2026.webp","type":"image\/webp"}],"twitter_card":"summary_large_image","twitter_misc":{"Hinta":"209,95&nbsp;&euro;","Saatavuus":"Varastossa"},"schema":{"@context":"https:\/\/schema.org","@graph":[{"@type":["WebPage","ItemPage"],"@id":"https:\/\/padelhaus.mustlammas-dev.in\/fi\/kauppa\/bullpadel-hack-04-comfort-2026\/","url":"https:\/\/padelhaus.mustlammas-dev.in\/fi\/kauppa\/bullpadel-hack-04-comfort-2026\/","name":"Bullpadel Hack 04 Comfort 2026 | Test Padelhaus","isPartOf":{"@id":"https:\/\/padelhaus.mustlammas-dev.in\/fi\/#website"},"primaryImageOfPage":{"@id":"https:\/\/padelhaus.mustlammas-dev.in\/fi\/kauppa\/bullpadel-hack-04-comfort-2026\/#primaryimage"},"image":{"@id":"https:\/\/padelhaus.mustlammas-dev.in\/fi\/kauppa\/bullpadel-hack-04-comfort-2026\/#primaryimage"},"thumbnailUrl":"https:\/\/padelhaus.mustlammas-dev.in\/wp-content\/uploads\/2025\/12\/BULLPADEL-HACK-04-COMFORT-2026.webp","datePublished":"2025-12-05T02:31:51+00:00","dateModified":"2026-03-05T15:57:56+00:00","description":"Padelmailat ja padelvarusteet edullisesti. Padelhaus on padel verkkokauppa, josta l\u00f6yd\u00e4t parhaat padelmailat kaikille tasoille.","breadcrumb":{"@id":"https:\/\/padelhaus.mustlammas-dev.in\/fi\/kauppa\/bullpadel-hack-04-comfort-2026\/#breadcrumb"},"inLanguage":"fi","potentialAction":[{"@type":"ReadAction","target":["https:\/\/padelhaus.mustlammas-dev.in\/fi\/kauppa\/bullpadel-hack-04-comfort-2026\/"]}]},{"@type":"ImageObject","inLanguage":"fi","@id":"https:\/\/padelhaus.mustlammas-dev.in\/fi\/kauppa\/bullpadel-hack-04-comfort-2026\/#primaryimage","url":"https:\/\/padelhaus.mustlammas-dev.in\/wp-content\/uploads\/2025\/12\/BULLPADEL-HACK-04-COMFORT-2026.webp","contentUrl":"https:\/\/padelhaus.mustlammas-dev.in\/wp-content\/uploads\/2025\/12\/BULLPADEL-HACK-04-COMFORT-2026.webp","width":1000,"height":1000,"caption":"BULLPADEL HACK 04 COMFORT 2026"},{"@type":"BreadcrumbList","@id":"https:\/\/padelhaus.mustlammas-dev.in\/fi\/kauppa\/bullpadel-hack-04-comfort-2026\/#breadcrumb","itemListElement":[{"@type":"ListItem","position":1,"name":"Avaleht","item":"https:\/\/padelhaus.fi\/"},{"@type":"ListItem","position":2,"name":"Kauppa","item":"https:\/\/padelhaus.fi\/kauppa\/"},{"@type":"ListItem","position":3,"name":"Bullpadel Hack 04 Comfort 2026"}]},{"@type":"WebSite","@id":"https:\/\/padelhaus.mustlammas-dev.in\/fi\/#website","url":"https:\/\/padelhaus.mustlammas-dev.in\/fi\/","name":"Claude Padelhaus","description":"Sinu padelivarustuse kodu","publisher":{"@id":"https:\/\/padelhaus.mustlammas-dev.in\/fi\/#organization"},"potentialAction":[{"@type":"SearchAction","target":{"@type":"EntryPoint","urlTemplate":"https:\/\/padelhaus.mustlammas-dev.in\/fi\/?s={search_term_string}"},"query-input":{"@type":"PropertyValueSpecification","valueRequired":true,"valueName":"search_term_string"}}],"inLanguage":"fi"},{"@type":"Organization","@id":"https:\/\/padelhaus.mustlammas-dev.in\/fi\/#organization","name":"Claude Padelhaus","url":"https:\/\/padelhaus.mustlammas-dev.in\/fi\/","logo":{"@type":"ImageObject","inLanguage":"fi","@id":"https:\/\/padelhaus.mustlammas-dev.in\/fi\/#\/schema\/logo\/image\/","url":"https:\/\/padelhaus.mustlammas-dev.in\/wp-content\/uploads\/2025\/05\/Logo-1.png","contentUrl":"https:\/\/padelhaus.mustlammas-dev.in\/wp-content\/uploads\/2025\/05\/Logo-1.png","width":280,"height":115,"caption":"Claude Padelhaus"},"image":{"@id":"https:\/\/padelhaus.mustlammas-dev.in\/fi\/#\/schema\/logo\/image\/"}}]},"product_price_amount":"209.95","product_price_currency":"EUR","og_availability":"instock","product_availability":"instock","product_retailer_item_id":"BUL-R-37","product_condition":"new"},"_links":{"self":[{"href":"https:\/\/padelhaus.mustlammas-dev.in\/fi\/wp-json\/wp\/v2\/product\/71932","targetHints":{"allow":["GET"]}}],"collection":[{"href":"https:\/\/padelhaus.mustlammas-dev.in\/fi\/wp-json\/wp\/v2\/product"}],"about":[{"href":"https:\/\/padelhaus.mustlammas-dev.in\/fi\/wp-json\/wp\/v2\/types\/product"}],"replies":[{"embeddable":true,"href":"https:\/\/padelhaus.mustlammas-dev.in\/fi\/wp-json\/wp\/v2\/comments?post=71932"}],"wp:featuredmedia":[{"embeddable":true,"href":"https:\/\/padelhaus.mustlammas-dev.in\/fi\/wp-json\/wp\/v2\/media\/71941"}],"wp:attachment":[{"href":"https:\/\/padelhaus.mustlammas-dev.in\/fi\/wp-json\/wp\/v2\/media?parent=71932"}],"wp:term":[{"taxonomy":"product_brand","embeddable":true,"href":"https:\/\/padelhaus.mustlammas-dev.in\/fi\/wp-json\/wp\/v2\/product_brand?post=71932"},{"taxonomy":"product_cat","embeddable":true,"href":"https:\/\/padelhaus.mustlammas-dev.in\/fi\/wp-json\/wp\/v2\/product_cat?post=71932"},{"taxonomy":"product_tag","embeddable":true,"href":"https:\/\/padelhaus.mustlammas-dev.in\/fi\/wp-json\/wp\/v2\/product_tag?post=71932"}],"curies":[{"name":"wp","href":"https:\/\/api.w.org\/{rel}","templated":true}]}}