{"id":71949,"date":"2025-12-05T04:37:11","date_gmt":"2025-12-05T02:37:11","guid":{"rendered":"https:\/\/padelhaus.mustlammas-dev.in\/pood\/bullpadel-flow-legend-woman-2026\/"},"modified":"2026-03-10T02:05:34","modified_gmt":"2026-03-10T00:05:34","slug":"bullpadel-flow-legend-woman-2026","status":"publish","type":"product","link":"https:\/\/padelhaus.mustlammas-dev.in\/fi\/kauppa\/bullpadel-flow-legend-woman-2026\/","title":{"rendered":"Bullpadel Flow Legend Woman 2026"},"content":{"rendered":"<p data-start=\"159\" data-end=\"448\"><strong>BULLPADEL FLOW LEGEND WOMAN 2026<\/strong> on kehitetty yhteisty\u00f6ss\u00e4 Alejandra Salazarin kanssa ja se tarjoaa poikkeuksellisen pelikokemuksen. T\u00e4m\u00e4 timantinmuotoinen maila yhdist\u00e4\u00e4 voiman, hallinnan ja ketteryyden, joiden avulla hallitset kentt\u00e4\u00e4 tarkasti ja varmasti. Kevyt muotoilu ja huipputeknologiat tekev\u00e4t jokaisesta ly\u00f6nnist\u00e4 voittavan.  <\/p>\n<h5 data-start=\"450\" data-end=\"468\">T\u00e4rkeimm\u00e4t ominaisuudet<\/h5>\n<ul data-start=\"469\" data-end=\"735\">\n<li data-start=\"469\" data-end=\"531\">\n<p data-start=\"471\" data-end=\"531\"><strong data-start=\"471\" data-end=\"487\">Timantin muoto:<\/strong> maksimaalista voimaa hallinnasta tinkim\u00e4tt\u00e4<\/p>\n<\/li>\n<li data-start=\"532\" data-end=\"601\">\n<p data-start=\"534\" data-end=\"601\"><strong data-start=\"534\" data-end=\"561\">Kevyt paino (350\u2013360 g):<\/strong> parempi liikkuvuus ja nopea reagointi<\/p>\n<\/li>\n<li data-start=\"602\" data-end=\"671\">\n<p data-start=\"604\" data-end=\"671\"><strong data-start=\"604\" data-end=\"632\">Keski-korkea tasapaino:<\/strong> enemm\u00e4n kiihtyvyytt\u00e4 hy\u00f6kk\u00e4ysly\u00f6nteihin<\/p>\n<\/li>\n<li data-start=\"672\" data-end=\"735\">\n<p data-start=\"674\" data-end=\"735\"><strong data-start=\"674\" data-end=\"696\">Ly\u00f6ntipinta-ala 523 cm\u00b2:<\/strong> ihanteellinen monipuolisille pelaajille<\/p>\n<\/li>\n<\/ul>\n<h5 data-start=\"737\" data-end=\"750\">Koostumus<\/h5>\n<ul data-start=\"751\" data-end=\"1003\">\n<li data-start=\"751\" data-end=\"841\">\n<p data-start=\"753\" data-end=\"841\"><strong data-start=\"753\" data-end=\"771\">Ulkokerros:<\/strong> Fibrix \u2013 lasikuidun ja hiilikuidun sekoitus parempaan pallon kimmoisuuteen<\/p>\n<\/li>\n<li data-start=\"842\" data-end=\"926\">\n<p data-start=\"844\" data-end=\"926\"><strong data-start=\"844\" data-end=\"862\">Sis\u00e4kerros:<\/strong> Multieva-ydin EVA-kerroksilla mukautuvaan reagointiin<\/p>\n<\/li>\n<li data-start=\"927\" data-end=\"1003\">\n<p data-start=\"929\" data-end=\"1003\"><strong data-start=\"929\" data-end=\"944\">Viimeistely:<\/strong> karkea 3D Grain -pinta parempaan kierteeseen ja hallintaan<\/p>\n<\/li>\n<\/ul>\n<h5 data-start=\"1005\" data-end=\"1027\">T\u00e4rkeimm\u00e4t teknologiat<\/h5>\n<ul data-start=\"1028\" data-end=\"1327\">\n<li data-start=\"1028\" data-end=\"1099\">\n<p data-start=\"1030\" data-end=\"1099\"><strong data-start=\"1030\" data-end=\"1044\">FLOWFORCE:<\/strong> vahvistettu ydin vakauden ja tarkkuuden varmistamiseksi<\/p>\n<\/li>\n<li data-start=\"1100\" data-end=\"1186\">\n<p data-start=\"1102\" data-end=\"1186\"><strong data-start=\"1102\" data-end=\"1117\">Vibradrive:<\/strong> t\u00e4rin\u00e4nvaimennusj\u00e4rjestelm\u00e4 mukavuuden lis\u00e4\u00e4miseksi ja vammojen ehk\u00e4isemiseksi<\/p>\n<\/li>\n<li data-start=\"1187\" data-end=\"1258\">\n<p data-start=\"1189\" data-end=\"1258\"><strong data-start=\"1189\" data-end=\"1202\">3D Grain:<\/strong> teksturoitu pinta lis\u00e4\u00e4m\u00e4\u00e4n kierrett\u00e4 ja hallintaa<\/p>\n<\/li>\n<li data-start=\"1259\" data-end=\"1327\">\n<p data-start=\"1261\" data-end=\"1327\"><strong data-start=\"1261\" data-end=\"1279\">Custom Weight:<\/strong> mukautettava painotusj\u00e4rjestelm\u00e4 pelityylin mukaan<\/p>\n<\/li>\n<\/ul>\n","protected":false},"excerpt":{"rendered":"<p>BULLPADEL FLOW LEGEND WOMAN 2026 on kehitetty yhteisty\u00f6ss\u00e4 Alejandra Salazarin kanssa ja se tarjoaa poikkeuksellisen pelikokemuksen. T\u00e4m\u00e4 timantinmuotoinen maila yhdist\u00e4\u00e4 voiman, hallinnan ja ketteryyden, joiden avulla hallitset kentt\u00e4\u00e4 tarkasti ja varmasti. Kevyt muotoilu ja huipputeknologiat tekev\u00e4t jokaisesta ly\u00f6nnist\u00e4 voittavan. T\u00e4rkeimm\u00e4t ominaisuudet Timantin muoto: maksimaalista voimaa hallinnasta tinkim\u00e4tt\u00e4 Kevyt paino (350\u2013360 g): parempi liikkuvuus ja nopea [&hellip;]<\/p>\n","protected":false},"featured_media":71958,"comment_status":"open","ping_status":"closed","template":"","meta":{"_eb_attr":""},"product_brand":[503],"product_cat":[504,496,505,494],"product_tag":[],"class_list":{"0":"post-71949","1":"product","2":"type-product","3":"status-publish","4":"has-post-thumbnail","6":"product_brand-bullpadel","7":"product_cat-bullpadel","8":"product_cat-edistynyt","9":"product_cat-naiset","10":"product_cat-padelmailat","11":"pa_kaal-360g","12":"pa_kuju-timantti","13":"pa_mangustiil-hyokkaava","14":"pa_tasakaal-ylhaalla","15":"pa_tase-edistynyt","16":"pa_varv-harmaa","19":"first","20":"instock","21":"sale","22":"taxable","23":"shipping-taxable","24":"purchasable","25":"product-type-simple"},"yoast_head":"<!-- This site is optimized with the Yoast SEO Premium plugin v27.1 (Yoast SEO v27.1.1) - https:\/\/yoast.com\/product\/yoast-seo-premium-wordpress\/ -->\n<title>Bullpadel Flow Legend Woman 2026 | Test Padelhaus<\/title>\n<meta name=\"description\" content=\"Padelmailat ja padelvarusteet edullisesti. Padelhaus on padel verkkokauppa, josta l\u00f6yd\u00e4t parhaat padelmailat kaikille tasoille.\" \/>\n<meta name=\"robots\" content=\"noindex, follow, max-snippet:-1, max-image-preview:large, max-video-preview:-1\" \/>\n<meta property=\"og:locale\" content=\"fi_FI\" \/>\n<meta property=\"og:type\" content=\"article\" \/>\n<meta property=\"og:title\" content=\"Bullpadel Flow Legend Woman 2026\" \/>\n<meta property=\"og:description\" content=\"Padelmailat ja padelvarusteet edullisesti. Padelhaus on padel verkkokauppa, josta l\u00f6yd\u00e4t parhaat padelmailat kaikille tasoille.\" \/>\n<meta property=\"og:url\" content=\"https:\/\/padelhaus.mustlammas-dev.in\/fi\/kauppa\/bullpadel-flow-legend-woman-2026\/\" \/>\n<meta property=\"og:site_name\" content=\"Test Padelhaus\" \/>\n<meta property=\"article:modified_time\" content=\"2026-03-10T00:05:34+00:00\" \/>\n<meta property=\"og:image\" content=\"https:\/\/padelhaus.mustlammas-dev.in\/wp-content\/uploads\/2025\/12\/BULLPADEL-FLOW-LEGEND-WOMAN.webp\" \/>\n\t<meta property=\"og:image:width\" content=\"1000\" \/>\n\t<meta property=\"og:image:height\" content=\"1000\" \/>\n\t<meta property=\"og:image:type\" content=\"image\/webp\" \/>\n<meta name=\"twitter:card\" content=\"summary_large_image\" \/>\n<meta name=\"twitter:label1\" content=\"Hinta\" \/>\n\t<meta name=\"twitter:data1\" content=\"194,95&nbsp;&euro;\" \/>\n\t<meta name=\"twitter:label2\" content=\"Saatavuus\" \/>\n\t<meta name=\"twitter:data2\" content=\"Varastossa\" \/>\n<script type=\"application\/ld+json\" class=\"yoast-schema-graph\">{\"@context\":\"https:\/\/schema.org\",\"@graph\":[{\"@type\":[\"WebPage\",\"ItemPage\"],\"@id\":\"https:\/\/padelhaus.mustlammas-dev.in\/fi\/kauppa\/bullpadel-flow-legend-woman-2026\/\",\"url\":\"https:\/\/padelhaus.mustlammas-dev.in\/fi\/kauppa\/bullpadel-flow-legend-woman-2026\/\",\"name\":\"Bullpadel Flow Legend Woman 2026 | Test Padelhaus\",\"isPartOf\":{\"@id\":\"https:\/\/padelhaus.mustlammas-dev.in\/fi\/#website\"},\"primaryImageOfPage\":{\"@id\":\"https:\/\/padelhaus.mustlammas-dev.in\/fi\/kauppa\/bullpadel-flow-legend-woman-2026\/#primaryimage\"},\"image\":{\"@id\":\"https:\/\/padelhaus.mustlammas-dev.in\/fi\/kauppa\/bullpadel-flow-legend-woman-2026\/#primaryimage\"},\"thumbnailUrl\":\"https:\/\/padelhaus.mustlammas-dev.in\/wp-content\/uploads\/2025\/12\/BULLPADEL-FLOW-LEGEND-WOMAN.webp\",\"datePublished\":\"2025-12-05T02:37:11+00:00\",\"dateModified\":\"2026-03-10T00:05:34+00:00\",\"description\":\"Padelmailat ja padelvarusteet edullisesti. Padelhaus on padel verkkokauppa, josta l\u00f6yd\u00e4t parhaat padelmailat kaikille tasoille.\",\"breadcrumb\":{\"@id\":\"https:\/\/padelhaus.mustlammas-dev.in\/fi\/kauppa\/bullpadel-flow-legend-woman-2026\/#breadcrumb\"},\"inLanguage\":\"fi\",\"potentialAction\":[{\"@type\":\"ReadAction\",\"target\":[\"https:\/\/padelhaus.mustlammas-dev.in\/fi\/kauppa\/bullpadel-flow-legend-woman-2026\/\"]}]},{\"@type\":\"ImageObject\",\"inLanguage\":\"fi\",\"@id\":\"https:\/\/padelhaus.mustlammas-dev.in\/fi\/kauppa\/bullpadel-flow-legend-woman-2026\/#primaryimage\",\"url\":\"https:\/\/padelhaus.mustlammas-dev.in\/wp-content\/uploads\/2025\/12\/BULLPADEL-FLOW-LEGEND-WOMAN.webp\",\"contentUrl\":\"https:\/\/padelhaus.mustlammas-dev.in\/wp-content\/uploads\/2025\/12\/BULLPADEL-FLOW-LEGEND-WOMAN.webp\",\"width\":1000,\"height\":1000,\"caption\":\"BULLPADEL FLOW LEGEND WOMAN\"},{\"@type\":\"BreadcrumbList\",\"@id\":\"https:\/\/padelhaus.mustlammas-dev.in\/fi\/kauppa\/bullpadel-flow-legend-woman-2026\/#breadcrumb\",\"itemListElement\":[{\"@type\":\"ListItem\",\"position\":1,\"name\":\"Avaleht\",\"item\":\"https:\/\/padelhaus.fi\/\"},{\"@type\":\"ListItem\",\"position\":2,\"name\":\"Kauppa\",\"item\":\"https:\/\/padelhaus.fi\/kauppa\/\"},{\"@type\":\"ListItem\",\"position\":3,\"name\":\"Bullpadel Flow Legend Woman 2026\"}]},{\"@type\":\"WebSite\",\"@id\":\"https:\/\/padelhaus.mustlammas-dev.in\/fi\/#website\",\"url\":\"https:\/\/padelhaus.mustlammas-dev.in\/fi\/\",\"name\":\"Claude Padelhaus\",\"description\":\"Sinu padelivarustuse kodu\",\"publisher\":{\"@id\":\"https:\/\/padelhaus.mustlammas-dev.in\/fi\/#organization\"},\"potentialAction\":[{\"@type\":\"SearchAction\",\"target\":{\"@type\":\"EntryPoint\",\"urlTemplate\":\"https:\/\/padelhaus.mustlammas-dev.in\/fi\/?s={search_term_string}\"},\"query-input\":{\"@type\":\"PropertyValueSpecification\",\"valueRequired\":true,\"valueName\":\"search_term_string\"}}],\"inLanguage\":\"fi\"},{\"@type\":\"Organization\",\"@id\":\"https:\/\/padelhaus.mustlammas-dev.in\/fi\/#organization\",\"name\":\"Claude Padelhaus\",\"url\":\"https:\/\/padelhaus.mustlammas-dev.in\/fi\/\",\"logo\":{\"@type\":\"ImageObject\",\"inLanguage\":\"fi\",\"@id\":\"https:\/\/padelhaus.mustlammas-dev.in\/fi\/#\/schema\/logo\/image\/\",\"url\":\"https:\/\/padelhaus.mustlammas-dev.in\/wp-content\/uploads\/2025\/05\/Logo-1.png\",\"contentUrl\":\"https:\/\/padelhaus.mustlammas-dev.in\/wp-content\/uploads\/2025\/05\/Logo-1.png\",\"width\":280,\"height\":115,\"caption\":\"Claude Padelhaus\"},\"image\":{\"@id\":\"https:\/\/padelhaus.mustlammas-dev.in\/fi\/#\/schema\/logo\/image\/\"}}]}<\/script>\n<meta property=\"product:price:amount\" content=\"194.95\" \/>\n<meta property=\"product:price:currency\" content=\"EUR\" \/>\n<meta property=\"og:availability\" content=\"instock\" \/>\n<meta property=\"product:availability\" content=\"instock\" \/>\n<meta property=\"product:retailer_item_id\" content=\"BUL-R-38\" \/>\n<meta property=\"product:condition\" content=\"new\" \/>\n<!-- \/ Yoast SEO Premium plugin. -->","yoast_head_json":{"title":"Bullpadel Flow Legend Woman 2026 | Test Padelhaus","description":"Padelmailat ja padelvarusteet edullisesti. Padelhaus on padel verkkokauppa, josta l\u00f6yd\u00e4t parhaat padelmailat kaikille tasoille.","robots":{"index":"noindex","follow":"follow","max-snippet":"max-snippet:-1","max-image-preview":"max-image-preview:large","max-video-preview":"max-video-preview:-1"},"og_locale":"fi_FI","og_type":"article","og_title":"Bullpadel Flow Legend Woman 2026","og_description":"Padelmailat ja padelvarusteet edullisesti. Padelhaus on padel verkkokauppa, josta l\u00f6yd\u00e4t parhaat padelmailat kaikille tasoille.","og_url":"https:\/\/padelhaus.mustlammas-dev.in\/fi\/kauppa\/bullpadel-flow-legend-woman-2026\/","og_site_name":"Test Padelhaus","article_modified_time":"2026-03-10T00:05:34+00:00","og_image":[{"width":1000,"height":1000,"url":"https:\/\/padelhaus.mustlammas-dev.in\/wp-content\/uploads\/2025\/12\/BULLPADEL-FLOW-LEGEND-WOMAN.webp","type":"image\/webp"}],"twitter_card":"summary_large_image","twitter_misc":{"Hinta":"194,95&nbsp;&euro;","Saatavuus":"Varastossa"},"schema":{"@context":"https:\/\/schema.org","@graph":[{"@type":["WebPage","ItemPage"],"@id":"https:\/\/padelhaus.mustlammas-dev.in\/fi\/kauppa\/bullpadel-flow-legend-woman-2026\/","url":"https:\/\/padelhaus.mustlammas-dev.in\/fi\/kauppa\/bullpadel-flow-legend-woman-2026\/","name":"Bullpadel Flow Legend Woman 2026 | Test Padelhaus","isPartOf":{"@id":"https:\/\/padelhaus.mustlammas-dev.in\/fi\/#website"},"primaryImageOfPage":{"@id":"https:\/\/padelhaus.mustlammas-dev.in\/fi\/kauppa\/bullpadel-flow-legend-woman-2026\/#primaryimage"},"image":{"@id":"https:\/\/padelhaus.mustlammas-dev.in\/fi\/kauppa\/bullpadel-flow-legend-woman-2026\/#primaryimage"},"thumbnailUrl":"https:\/\/padelhaus.mustlammas-dev.in\/wp-content\/uploads\/2025\/12\/BULLPADEL-FLOW-LEGEND-WOMAN.webp","datePublished":"2025-12-05T02:37:11+00:00","dateModified":"2026-03-10T00:05:34+00:00","description":"Padelmailat ja padelvarusteet edullisesti. Padelhaus on padel verkkokauppa, josta l\u00f6yd\u00e4t parhaat padelmailat kaikille tasoille.","breadcrumb":{"@id":"https:\/\/padelhaus.mustlammas-dev.in\/fi\/kauppa\/bullpadel-flow-legend-woman-2026\/#breadcrumb"},"inLanguage":"fi","potentialAction":[{"@type":"ReadAction","target":["https:\/\/padelhaus.mustlammas-dev.in\/fi\/kauppa\/bullpadel-flow-legend-woman-2026\/"]}]},{"@type":"ImageObject","inLanguage":"fi","@id":"https:\/\/padelhaus.mustlammas-dev.in\/fi\/kauppa\/bullpadel-flow-legend-woman-2026\/#primaryimage","url":"https:\/\/padelhaus.mustlammas-dev.in\/wp-content\/uploads\/2025\/12\/BULLPADEL-FLOW-LEGEND-WOMAN.webp","contentUrl":"https:\/\/padelhaus.mustlammas-dev.in\/wp-content\/uploads\/2025\/12\/BULLPADEL-FLOW-LEGEND-WOMAN.webp","width":1000,"height":1000,"caption":"BULLPADEL FLOW LEGEND WOMAN"},{"@type":"BreadcrumbList","@id":"https:\/\/padelhaus.mustlammas-dev.in\/fi\/kauppa\/bullpadel-flow-legend-woman-2026\/#breadcrumb","itemListElement":[{"@type":"ListItem","position":1,"name":"Avaleht","item":"https:\/\/padelhaus.fi\/"},{"@type":"ListItem","position":2,"name":"Kauppa","item":"https:\/\/padelhaus.fi\/kauppa\/"},{"@type":"ListItem","position":3,"name":"Bullpadel Flow Legend Woman 2026"}]},{"@type":"WebSite","@id":"https:\/\/padelhaus.mustlammas-dev.in\/fi\/#website","url":"https:\/\/padelhaus.mustlammas-dev.in\/fi\/","name":"Claude Padelhaus","description":"Sinu padelivarustuse kodu","publisher":{"@id":"https:\/\/padelhaus.mustlammas-dev.in\/fi\/#organization"},"potentialAction":[{"@type":"SearchAction","target":{"@type":"EntryPoint","urlTemplate":"https:\/\/padelhaus.mustlammas-dev.in\/fi\/?s={search_term_string}"},"query-input":{"@type":"PropertyValueSpecification","valueRequired":true,"valueName":"search_term_string"}}],"inLanguage":"fi"},{"@type":"Organization","@id":"https:\/\/padelhaus.mustlammas-dev.in\/fi\/#organization","name":"Claude Padelhaus","url":"https:\/\/padelhaus.mustlammas-dev.in\/fi\/","logo":{"@type":"ImageObject","inLanguage":"fi","@id":"https:\/\/padelhaus.mustlammas-dev.in\/fi\/#\/schema\/logo\/image\/","url":"https:\/\/padelhaus.mustlammas-dev.in\/wp-content\/uploads\/2025\/05\/Logo-1.png","contentUrl":"https:\/\/padelhaus.mustlammas-dev.in\/wp-content\/uploads\/2025\/05\/Logo-1.png","width":280,"height":115,"caption":"Claude Padelhaus"},"image":{"@id":"https:\/\/padelhaus.mustlammas-dev.in\/fi\/#\/schema\/logo\/image\/"}}]},"product_price_amount":"194.95","product_price_currency":"EUR","og_availability":"instock","product_availability":"instock","product_retailer_item_id":"BUL-R-38","product_condition":"new"},"_links":{"self":[{"href":"https:\/\/padelhaus.mustlammas-dev.in\/fi\/wp-json\/wp\/v2\/product\/71949","targetHints":{"allow":["GET"]}}],"collection":[{"href":"https:\/\/padelhaus.mustlammas-dev.in\/fi\/wp-json\/wp\/v2\/product"}],"about":[{"href":"https:\/\/padelhaus.mustlammas-dev.in\/fi\/wp-json\/wp\/v2\/types\/product"}],"replies":[{"embeddable":true,"href":"https:\/\/padelhaus.mustlammas-dev.in\/fi\/wp-json\/wp\/v2\/comments?post=71949"}],"wp:featuredmedia":[{"embeddable":true,"href":"https:\/\/padelhaus.mustlammas-dev.in\/fi\/wp-json\/wp\/v2\/media\/71958"}],"wp:attachment":[{"href":"https:\/\/padelhaus.mustlammas-dev.in\/fi\/wp-json\/wp\/v2\/media?parent=71949"}],"wp:term":[{"taxonomy":"product_brand","embeddable":true,"href":"https:\/\/padelhaus.mustlammas-dev.in\/fi\/wp-json\/wp\/v2\/product_brand?post=71949"},{"taxonomy":"product_cat","embeddable":true,"href":"https:\/\/padelhaus.mustlammas-dev.in\/fi\/wp-json\/wp\/v2\/product_cat?post=71949"},{"taxonomy":"product_tag","embeddable":true,"href":"https:\/\/padelhaus.mustlammas-dev.in\/fi\/wp-json\/wp\/v2\/product_tag?post=71949"}],"curies":[{"name":"wp","href":"https:\/\/api.w.org\/{rel}","templated":true}]}}