{"id":71959,"date":"2025-12-11T15:19:22","date_gmt":"2025-12-11T13:19:22","guid":{"rendered":"https:\/\/padelhaus.mustlammas-dev.in\/pood\/babolat-technical-veron-juan-lebron-3-0-2026\/"},"modified":"2026-03-05T17:57:15","modified_gmt":"2026-03-05T15:57:15","slug":"babolat-technical-veron-juan-lebron-3-0-2026","status":"publish","type":"product","link":"https:\/\/padelhaus.mustlammas-dev.in\/fi\/kauppa\/babolat-technical-veron-juan-lebron-3-0-2026\/","title":{"rendered":"Babolat Technical Veron Juan Lebron 3.0"},"content":{"rendered":"<p data-start=\"72\" data-end=\"105\"><strong data-start=\"72\" data-end=\"105\">Babolat Veron Juan Lebr\u00f3n 3.0<\/strong><\/p>\n<p data-start=\"107\" data-end=\"589\">Babolat Veron Juan Lebr\u00f3n 3.0 on timanttimuotoinen maila, jossa on korkea tasapaino. Se on suunniteltu tarjoamaan r\u00e4j\u00e4hdysm\u00e4ist\u00e4 voimaa jokaiseen ly\u00f6ntiin. Noin 360 gramman paino tarjoaa ihanteellisen tasapainon voiman ja ketteryyden v\u00e4lill\u00e4, jolloin voit v\u00e4litt\u00e4\u00e4 maksimaalisen energian menett\u00e4m\u00e4tt\u00e4 hallintaa. Sen rakenne yhdist\u00e4\u00e4 edistyneit\u00e4 materiaaleja, jotka parantavat suorituskyky\u00e4 nopeissa ja hy\u00f6kk\u00e4\u00e4viss\u00e4 pelitilanteissa, taaten vakaan ly\u00f6nnin ja v\u00e4litt\u00f6m\u00e4n vasteen.  <\/p>\n<h5 data-start=\"591\" data-end=\"618\">Hy\u00f6kk\u00e4\u00e4ville pelaajille<\/h5>\n<p data-start=\"620\" data-end=\"1230\">T\u00e4m\u00e4 Babolatin timanttimuotoinen maila on suunniteltu keskitason ja ammattilaispelaajille, jotka haluavat dominoida peli\u00e4 hy\u00f6kk\u00e4\u00e4v\u00e4ll\u00e4 otteella. <strong data-start=\"778\" data-end=\"794\">Veron JL 3.0<\/strong> antaa iskuly\u00f6ntej\u00e4 ja aggressiivista peli\u00e4 priorisoiville pelaajille mahdollisuuden n\u00e4ytt\u00e4\u00e4 parhaan versionsa kent\u00e4ll\u00e4. Sen rakenne mahdollistaa dynaamisen voiman mukavuudesta tinkim\u00e4tt\u00e4, tehden siit\u00e4 t\u00e4ydellisen kumppanin niille, jotka etsiv\u00e4t nopeaa, vakaata ja tarkkaa mailaa pelin ratkaisuhetkill\u00e4. Maailmanlistan ykk\u00f6sen, Juan Lebr\u00f3nin, pelityylin inspiroimana t\u00e4ss\u00e4 mailassa korostuvat voima, hallinta ja maksimaalinen varmuus jokaisessa suorituksessa.  <\/p>\n<h5 data-start=\"1232\" data-end=\"1273\">Tekniset tiedot ja teknologiat<\/h5>\n<ul>\n<li data-start=\"1277\" data-end=\"1380\"><strong data-start=\"1277\" data-end=\"1300\">Carbon Flex -pinnat:<\/strong> Hiilikuidun ja lasikuidun yhdistelm\u00e4 joustavaa voimaa ja dynaamista ly\u00f6nti\u00e4 varten<\/li>\n<li data-start=\"1383\" data-end=\"1486\"><strong data-start=\"1383\" data-end=\"1416\">Black EVA -sis\u00e4rakenne:<\/strong> Eritt\u00e4in elastinen kumi, joka maksimoi voiman ja mukavuuden jokaisessa ly\u00f6nniss\u00e4<\/li>\n<li data-start=\"1489\" data-end=\"1590\"><strong data-start=\"1489\" data-end=\"1514\">Holes Pattern System:<\/strong> Optimoitu reik\u00e4kuviointi, joka parantaa tarkkuutta ja energian v\u00e4littymist\u00e4<\/li>\n<li data-start=\"1593\" data-end=\"1649\"><strong data-start=\"1593\" data-end=\"1605\">3D Spin:<\/strong> Karhea tekstuuri, joka lis\u00e4\u00e4 pallon kierteit\u00e4<\/li>\n<li data-start=\"1652\" data-end=\"1761\"><strong data-start=\"1652\" data-end=\"1674\">Dynamic Stability:<\/strong> Mailan syd\u00e4men vahvistettu rakenne, joka takaa paremman vakauden, hallinnan ja voiman<\/li>\n<\/ul>\n<p data-start=\"1763\" data-end=\"2053\">Babolat Veron Juan Lebr\u00f3n 3.0 on t\u00e4ydellinen valinta niille, jotka etsiv\u00e4t ty\u00f6kalua tasonsa nostamiseen hallitun voiman ja ainutlaatuisen tuntuman avulla. Edistyneen teknologiansa ja &#8220;Suden&#8221; pelityylist\u00e4 inspiroituneen muotoilunsa ansiosta t\u00e4m\u00e4 maila tarjoaa erinomaisen suorituskyvyn jokaisessa pisteess\u00e4. <\/p>\n<h5 data-start=\"733\" data-end=\"861\">Tekniset tiedot<\/h5>\n<ul>\n<li data-start=\"39\" data-end=\"59\"><strong data-start=\"39\" data-end=\"49\">Merkki:<\/strong> Babolat<\/li>\n<li data-start=\"62\" data-end=\"79\"><strong data-start=\"62\" data-end=\"71\">V\u00e4ri:<\/strong> Oranssi<\/li>\n<li data-start=\"82\" data-end=\"108\"><strong data-start=\"82\" data-end=\"92\">Tuote:<\/strong> Padelmailat<\/li>\n<li data-start=\"111\" data-end=\"132\"><strong data-start=\"111\" data-end=\"124\">Tasapaino:<\/strong> Korkea<\/li>\n<li data-start=\"135\" data-end=\"158\"><strong data-start=\"135\" data-end=\"147\">Ydin:<\/strong> Musta EVA<\/li>\n<li data-start=\"161\" data-end=\"193\"><strong data-start=\"161\" data-end=\"179\">Pintamateriaali:<\/strong> Carbon Flex<\/li>\n<li data-start=\"196\" data-end=\"227\"><strong data-start=\"196\" data-end=\"208\">Muoto:<\/strong> Vakio<\/li>\n<li data-start=\"230\" data-end=\"270\"><strong data-start=\"230\" data-end=\"244\">Pelitaso:<\/strong> Edistynyt \/ Kilpapelaaja<\/li>\n<li data-start=\"273\" data-end=\"298\"><strong data-start=\"273\" data-end=\"288\">Viimeistely:<\/strong> 3D Spin<\/li>\n<li data-start=\"301\" data-end=\"325\"><strong data-start=\"301\" data-end=\"310\">Muoto:<\/strong> Timantti<\/li>\n<li data-start=\"328\" data-end=\"371\"><strong data-start=\"328\" data-end=\"343\">Pinnan tyyppi:<\/strong> Karhea pinta (Rough Surface)<\/li>\n<li data-start=\"374\" data-end=\"396\"><strong data-start=\"374\" data-end=\"388\">Pelityyli:<\/strong> Voima (Power)<\/li>\n<li data-start=\"399\" data-end=\"446\"><strong data-start=\"399\" data-end=\"411\">Mallisto:<\/strong> Juan Lebr\u00f3n -pelaajamallisto<\/li>\n<\/ul>\n","protected":false},"excerpt":{"rendered":"<p>Babolat Veron Juan Lebr\u00f3n 3.0 Babolat Veron Juan Lebr\u00f3n 3.0 on timanttimuotoinen maila, jossa on korkea tasapaino. Se on suunniteltu tarjoamaan r\u00e4j\u00e4hdysm\u00e4ist\u00e4 voimaa jokaiseen ly\u00f6ntiin. Noin 360 gramman paino tarjoaa ihanteellisen tasapainon voiman ja ketteryyden v\u00e4lill\u00e4, jolloin voit v\u00e4litt\u00e4\u00e4 maksimaalisen energian menett\u00e4m\u00e4tt\u00e4 hallintaa. Sen rakenne yhdist\u00e4\u00e4 edistyneit\u00e4 materiaaleja, jotka parantavat suorituskyky\u00e4 nopeissa ja hy\u00f6kk\u00e4\u00e4viss\u00e4 pelitilanteissa, [&hellip;]<\/p>\n","protected":false},"featured_media":71965,"comment_status":"open","ping_status":"closed","template":"","meta":{"_eb_attr":""},"product_brand":[530],"product_cat":[531,496,494],"product_tag":[],"class_list":{"0":"post-71959","1":"product","2":"type-product","3":"status-publish","4":"has-post-thumbnail","6":"product_brand-babolat","7":"product_cat-babolat","8":"product_cat-edistynyt","9":"product_cat-padelmailat","10":"pa_kaal-360g","11":"pa_kuju-timantti","12":"pa_mangustiil-hyokkaava","13":"pa_tasakaal-ylhaalla","14":"pa_tase-edistynyt","15":"pa_varv-oranssi","18":"first","19":"instock","20":"sale","21":"taxable","22":"shipping-taxable","23":"purchasable","24":"product-type-simple"},"yoast_head":"<!-- This site is optimized with the Yoast SEO Premium plugin v27.1 (Yoast SEO v27.1.1) - https:\/\/yoast.com\/product\/yoast-seo-premium-wordpress\/ -->\n<title>Babolat Technical Veron Juan Lebron 3.0 | Test Padelhaus<\/title>\n<meta name=\"description\" content=\"Padelmailat ja padelvarusteet edullisesti. Padelhaus on padel verkkokauppa, josta l\u00f6yd\u00e4t parhaat padelmailat kaikille tasoille.\" \/>\n<meta name=\"robots\" content=\"noindex, follow, max-snippet:-1, max-image-preview:large, max-video-preview:-1\" \/>\n<meta property=\"og:locale\" content=\"fi_FI\" \/>\n<meta property=\"og:type\" content=\"article\" \/>\n<meta property=\"og:title\" content=\"Babolat Technical Veron Juan Lebron 3.0\" \/>\n<meta property=\"og:description\" content=\"Padelmailat ja padelvarusteet edullisesti. Padelhaus on padel verkkokauppa, josta l\u00f6yd\u00e4t parhaat padelmailat kaikille tasoille.\" \/>\n<meta property=\"og:url\" content=\"https:\/\/padelhaus.mustlammas-dev.in\/fi\/kauppa\/babolat-technical-veron-juan-lebron-3-0-2026\/\" \/>\n<meta property=\"og:site_name\" content=\"Test Padelhaus\" \/>\n<meta property=\"article:modified_time\" content=\"2026-03-05T15:57:15+00:00\" \/>\n<meta property=\"og:image\" content=\"https:\/\/padelhaus.mustlammas-dev.in\/wp-content\/uploads\/2025\/12\/57.webp\" \/>\n\t<meta property=\"og:image:width\" content=\"1000\" \/>\n\t<meta property=\"og:image:height\" content=\"1000\" \/>\n\t<meta property=\"og:image:type\" content=\"image\/webp\" \/>\n<meta name=\"twitter:card\" content=\"summary_large_image\" \/>\n<meta name=\"twitter:label1\" content=\"Hinta\" \/>\n\t<meta name=\"twitter:data1\" content=\"199,95&nbsp;&euro;\" \/>\n\t<meta name=\"twitter:label2\" content=\"Saatavuus\" \/>\n\t<meta name=\"twitter:data2\" content=\"Varastossa\" \/>\n<script type=\"application\/ld+json\" class=\"yoast-schema-graph\">{\"@context\":\"https:\/\/schema.org\",\"@graph\":[{\"@type\":[\"WebPage\",\"ItemPage\"],\"@id\":\"https:\/\/padelhaus.mustlammas-dev.in\/fi\/kauppa\/babolat-technical-veron-juan-lebron-3-0-2026\/\",\"url\":\"https:\/\/padelhaus.mustlammas-dev.in\/fi\/kauppa\/babolat-technical-veron-juan-lebron-3-0-2026\/\",\"name\":\"Babolat Technical Veron Juan Lebron 3.0 | Test Padelhaus\",\"isPartOf\":{\"@id\":\"https:\/\/padelhaus.mustlammas-dev.in\/fi\/#website\"},\"primaryImageOfPage\":{\"@id\":\"https:\/\/padelhaus.mustlammas-dev.in\/fi\/kauppa\/babolat-technical-veron-juan-lebron-3-0-2026\/#primaryimage\"},\"image\":{\"@id\":\"https:\/\/padelhaus.mustlammas-dev.in\/fi\/kauppa\/babolat-technical-veron-juan-lebron-3-0-2026\/#primaryimage\"},\"thumbnailUrl\":\"https:\/\/padelhaus.mustlammas-dev.in\/wp-content\/uploads\/2025\/12\/57.webp\",\"datePublished\":\"2025-12-11T13:19:22+00:00\",\"dateModified\":\"2026-03-05T15:57:15+00:00\",\"description\":\"Padelmailat ja padelvarusteet edullisesti. Padelhaus on padel verkkokauppa, josta l\u00f6yd\u00e4t parhaat padelmailat kaikille tasoille.\",\"breadcrumb\":{\"@id\":\"https:\/\/padelhaus.mustlammas-dev.in\/fi\/kauppa\/babolat-technical-veron-juan-lebron-3-0-2026\/#breadcrumb\"},\"inLanguage\":\"fi\",\"potentialAction\":[{\"@type\":\"ReadAction\",\"target\":[\"https:\/\/padelhaus.mustlammas-dev.in\/fi\/kauppa\/babolat-technical-veron-juan-lebron-3-0-2026\/\"]}]},{\"@type\":\"ImageObject\",\"inLanguage\":\"fi\",\"@id\":\"https:\/\/padelhaus.mustlammas-dev.in\/fi\/kauppa\/babolat-technical-veron-juan-lebron-3-0-2026\/#primaryimage\",\"url\":\"https:\/\/padelhaus.mustlammas-dev.in\/wp-content\/uploads\/2025\/12\/57.webp\",\"contentUrl\":\"https:\/\/padelhaus.mustlammas-dev.in\/wp-content\/uploads\/2025\/12\/57.webp\",\"width\":1000,\"height\":1000},{\"@type\":\"BreadcrumbList\",\"@id\":\"https:\/\/padelhaus.mustlammas-dev.in\/fi\/kauppa\/babolat-technical-veron-juan-lebron-3-0-2026\/#breadcrumb\",\"itemListElement\":[{\"@type\":\"ListItem\",\"position\":1,\"name\":\"Avaleht\",\"item\":\"https:\/\/padelhaus.fi\/\"},{\"@type\":\"ListItem\",\"position\":2,\"name\":\"Kauppa\",\"item\":\"https:\/\/padelhaus.fi\/kauppa\/\"},{\"@type\":\"ListItem\",\"position\":3,\"name\":\"Babolat Technical Veron Juan Lebron 3.0\"}]},{\"@type\":\"WebSite\",\"@id\":\"https:\/\/padelhaus.mustlammas-dev.in\/fi\/#website\",\"url\":\"https:\/\/padelhaus.mustlammas-dev.in\/fi\/\",\"name\":\"Claude Padelhaus\",\"description\":\"Sinu padelivarustuse kodu\",\"publisher\":{\"@id\":\"https:\/\/padelhaus.mustlammas-dev.in\/fi\/#organization\"},\"potentialAction\":[{\"@type\":\"SearchAction\",\"target\":{\"@type\":\"EntryPoint\",\"urlTemplate\":\"https:\/\/padelhaus.mustlammas-dev.in\/fi\/?s={search_term_string}\"},\"query-input\":{\"@type\":\"PropertyValueSpecification\",\"valueRequired\":true,\"valueName\":\"search_term_string\"}}],\"inLanguage\":\"fi\"},{\"@type\":\"Organization\",\"@id\":\"https:\/\/padelhaus.mustlammas-dev.in\/fi\/#organization\",\"name\":\"Claude Padelhaus\",\"url\":\"https:\/\/padelhaus.mustlammas-dev.in\/fi\/\",\"logo\":{\"@type\":\"ImageObject\",\"inLanguage\":\"fi\",\"@id\":\"https:\/\/padelhaus.mustlammas-dev.in\/fi\/#\/schema\/logo\/image\/\",\"url\":\"https:\/\/padelhaus.mustlammas-dev.in\/wp-content\/uploads\/2025\/05\/Logo-1.png\",\"contentUrl\":\"https:\/\/padelhaus.mustlammas-dev.in\/wp-content\/uploads\/2025\/05\/Logo-1.png\",\"width\":280,\"height\":115,\"caption\":\"Claude Padelhaus\"},\"image\":{\"@id\":\"https:\/\/padelhaus.mustlammas-dev.in\/fi\/#\/schema\/logo\/image\/\"}}]}<\/script>\n<meta property=\"product:price:amount\" content=\"199.95\" \/>\n<meta property=\"product:price:currency\" content=\"EUR\" \/>\n<meta property=\"og:availability\" content=\"instock\" \/>\n<meta property=\"product:availability\" content=\"instock\" \/>\n<meta property=\"product:retailer_item_id\" content=\"BAB-R-17\" \/>\n<meta property=\"product:condition\" content=\"new\" \/>\n<!-- \/ Yoast SEO Premium plugin. -->","yoast_head_json":{"title":"Babolat Technical Veron Juan Lebron 3.0 | Test Padelhaus","description":"Padelmailat ja padelvarusteet edullisesti. Padelhaus on padel verkkokauppa, josta l\u00f6yd\u00e4t parhaat padelmailat kaikille tasoille.","robots":{"index":"noindex","follow":"follow","max-snippet":"max-snippet:-1","max-image-preview":"max-image-preview:large","max-video-preview":"max-video-preview:-1"},"og_locale":"fi_FI","og_type":"article","og_title":"Babolat Technical Veron Juan Lebron 3.0","og_description":"Padelmailat ja padelvarusteet edullisesti. Padelhaus on padel verkkokauppa, josta l\u00f6yd\u00e4t parhaat padelmailat kaikille tasoille.","og_url":"https:\/\/padelhaus.mustlammas-dev.in\/fi\/kauppa\/babolat-technical-veron-juan-lebron-3-0-2026\/","og_site_name":"Test Padelhaus","article_modified_time":"2026-03-05T15:57:15+00:00","og_image":[{"width":1000,"height":1000,"url":"https:\/\/padelhaus.mustlammas-dev.in\/wp-content\/uploads\/2025\/12\/57.webp","type":"image\/webp"}],"twitter_card":"summary_large_image","twitter_misc":{"Hinta":"199,95&nbsp;&euro;","Saatavuus":"Varastossa"},"schema":{"@context":"https:\/\/schema.org","@graph":[{"@type":["WebPage","ItemPage"],"@id":"https:\/\/padelhaus.mustlammas-dev.in\/fi\/kauppa\/babolat-technical-veron-juan-lebron-3-0-2026\/","url":"https:\/\/padelhaus.mustlammas-dev.in\/fi\/kauppa\/babolat-technical-veron-juan-lebron-3-0-2026\/","name":"Babolat Technical Veron Juan Lebron 3.0 | Test Padelhaus","isPartOf":{"@id":"https:\/\/padelhaus.mustlammas-dev.in\/fi\/#website"},"primaryImageOfPage":{"@id":"https:\/\/padelhaus.mustlammas-dev.in\/fi\/kauppa\/babolat-technical-veron-juan-lebron-3-0-2026\/#primaryimage"},"image":{"@id":"https:\/\/padelhaus.mustlammas-dev.in\/fi\/kauppa\/babolat-technical-veron-juan-lebron-3-0-2026\/#primaryimage"},"thumbnailUrl":"https:\/\/padelhaus.mustlammas-dev.in\/wp-content\/uploads\/2025\/12\/57.webp","datePublished":"2025-12-11T13:19:22+00:00","dateModified":"2026-03-05T15:57:15+00:00","description":"Padelmailat ja padelvarusteet edullisesti. Padelhaus on padel verkkokauppa, josta l\u00f6yd\u00e4t parhaat padelmailat kaikille tasoille.","breadcrumb":{"@id":"https:\/\/padelhaus.mustlammas-dev.in\/fi\/kauppa\/babolat-technical-veron-juan-lebron-3-0-2026\/#breadcrumb"},"inLanguage":"fi","potentialAction":[{"@type":"ReadAction","target":["https:\/\/padelhaus.mustlammas-dev.in\/fi\/kauppa\/babolat-technical-veron-juan-lebron-3-0-2026\/"]}]},{"@type":"ImageObject","inLanguage":"fi","@id":"https:\/\/padelhaus.mustlammas-dev.in\/fi\/kauppa\/babolat-technical-veron-juan-lebron-3-0-2026\/#primaryimage","url":"https:\/\/padelhaus.mustlammas-dev.in\/wp-content\/uploads\/2025\/12\/57.webp","contentUrl":"https:\/\/padelhaus.mustlammas-dev.in\/wp-content\/uploads\/2025\/12\/57.webp","width":1000,"height":1000},{"@type":"BreadcrumbList","@id":"https:\/\/padelhaus.mustlammas-dev.in\/fi\/kauppa\/babolat-technical-veron-juan-lebron-3-0-2026\/#breadcrumb","itemListElement":[{"@type":"ListItem","position":1,"name":"Avaleht","item":"https:\/\/padelhaus.fi\/"},{"@type":"ListItem","position":2,"name":"Kauppa","item":"https:\/\/padelhaus.fi\/kauppa\/"},{"@type":"ListItem","position":3,"name":"Babolat Technical Veron Juan Lebron 3.0"}]},{"@type":"WebSite","@id":"https:\/\/padelhaus.mustlammas-dev.in\/fi\/#website","url":"https:\/\/padelhaus.mustlammas-dev.in\/fi\/","name":"Claude Padelhaus","description":"Sinu padelivarustuse kodu","publisher":{"@id":"https:\/\/padelhaus.mustlammas-dev.in\/fi\/#organization"},"potentialAction":[{"@type":"SearchAction","target":{"@type":"EntryPoint","urlTemplate":"https:\/\/padelhaus.mustlammas-dev.in\/fi\/?s={search_term_string}"},"query-input":{"@type":"PropertyValueSpecification","valueRequired":true,"valueName":"search_term_string"}}],"inLanguage":"fi"},{"@type":"Organization","@id":"https:\/\/padelhaus.mustlammas-dev.in\/fi\/#organization","name":"Claude Padelhaus","url":"https:\/\/padelhaus.mustlammas-dev.in\/fi\/","logo":{"@type":"ImageObject","inLanguage":"fi","@id":"https:\/\/padelhaus.mustlammas-dev.in\/fi\/#\/schema\/logo\/image\/","url":"https:\/\/padelhaus.mustlammas-dev.in\/wp-content\/uploads\/2025\/05\/Logo-1.png","contentUrl":"https:\/\/padelhaus.mustlammas-dev.in\/wp-content\/uploads\/2025\/05\/Logo-1.png","width":280,"height":115,"caption":"Claude Padelhaus"},"image":{"@id":"https:\/\/padelhaus.mustlammas-dev.in\/fi\/#\/schema\/logo\/image\/"}}]},"product_price_amount":"199.95","product_price_currency":"EUR","og_availability":"instock","product_availability":"instock","product_retailer_item_id":"BAB-R-17","product_condition":"new"},"_links":{"self":[{"href":"https:\/\/padelhaus.mustlammas-dev.in\/fi\/wp-json\/wp\/v2\/product\/71959","targetHints":{"allow":["GET"]}}],"collection":[{"href":"https:\/\/padelhaus.mustlammas-dev.in\/fi\/wp-json\/wp\/v2\/product"}],"about":[{"href":"https:\/\/padelhaus.mustlammas-dev.in\/fi\/wp-json\/wp\/v2\/types\/product"}],"replies":[{"embeddable":true,"href":"https:\/\/padelhaus.mustlammas-dev.in\/fi\/wp-json\/wp\/v2\/comments?post=71959"}],"wp:featuredmedia":[{"embeddable":true,"href":"https:\/\/padelhaus.mustlammas-dev.in\/fi\/wp-json\/wp\/v2\/media\/71965"}],"wp:attachment":[{"href":"https:\/\/padelhaus.mustlammas-dev.in\/fi\/wp-json\/wp\/v2\/media?parent=71959"}],"wp:term":[{"taxonomy":"product_brand","embeddable":true,"href":"https:\/\/padelhaus.mustlammas-dev.in\/fi\/wp-json\/wp\/v2\/product_brand?post=71959"},{"taxonomy":"product_cat","embeddable":true,"href":"https:\/\/padelhaus.mustlammas-dev.in\/fi\/wp-json\/wp\/v2\/product_cat?post=71959"},{"taxonomy":"product_tag","embeddable":true,"href":"https:\/\/padelhaus.mustlammas-dev.in\/fi\/wp-json\/wp\/v2\/product_tag?post=71959"}],"curies":[{"name":"wp","href":"https:\/\/api.w.org\/{rel}","templated":true}]}}