{"id":71966,"date":"2025-12-29T14:58:01","date_gmt":"2025-12-29T12:58:01","guid":{"rendered":"https:\/\/padelhaus.mustlammas-dev.in\/pood\/nox-at10-pro-cup-hard-2026\/"},"modified":"2026-03-05T17:57:13","modified_gmt":"2026-03-05T15:57:13","slug":"nox-at10-pro-cup-hard-2026","status":"publish","type":"product","link":"https:\/\/padelhaus.mustlammas-dev.in\/fi\/kauppa\/nox-at10-pro-cup-hard-2026\/","title":{"rendered":"NOX AT10 PRO CUP Hard 2026"},"content":{"rendered":"<p data-start=\"0\" data-end=\"390\"><strong>Nox AT10 Pro Cup Hard by Agust\u00edn Tapia 2026<\/strong> on legendaarisen mallin edasikehitys, joka on mukautettu ammattilaiskiertueen voima- ja tarkkuusvaatimuksiin. Tapian vuonna 2025 k\u00e4ytt\u00e4m\u00e4n muotin innoittamana t\u00e4m\u00e4 maila saapuu markkinoille uudistetulla muotoilulla ja Luxury 2026 -malliston uusimmilla teknologioilla, ollen suorituskykyinen ty\u00f6kalu edistyneille pelaajille.  <\/p>\n<h5 data-start=\"392\" data-end=\"1003\">Varmaa voimaa erinomaisella kontrollilla<\/h5>\n<p data-start=\"392\" data-end=\"1003\">Pisaran muoto ja keskitason tasapaino tekev\u00e4t AT10 Pro Cup Hardista monipuolisen mailan, jossa on selke\u00e4 painotus voimaan HR3 Hard EVA -ytimen ansiosta. T\u00e4m\u00e4 korkeatiheyksinen materiaali antaa kovemman ly\u00f6ntituntuman ja lis\u00e4\u00e4 pallon nopeutta jokaisessa osumassa \u2013 ihanteellinen pelaajille, jotka haluavat hallita hy\u00f6kk\u00e4yspeli\u00e4 menett\u00e4m\u00e4tt\u00e4 vakautta puolustuksessa. Alumiinivahvisteiset lasikuitupinnat tarjoavat keskinkertaista j\u00e4ykkyytt\u00e4, kun taas hiilikuiturunko takaa kest\u00e4vyyden ja lujuuden vaativimmissakin peleiss\u00e4.  <\/p>\n<h5 data-start=\"1005\" data-end=\"1034\">Kehittyneet teknologiat<\/h5>\n<ul data-start=\"1035\" data-end=\"1792\" data-is-last-node=\"\" data-is-only-node=\"\">\n<li data-start=\"1035\" data-end=\"1142\">\n<p data-start=\"1037\" data-end=\"1142\"><strong data-start=\"1037\" data-end=\"1050\">EOS Flap:<\/strong> sivurei&#8217;itykset, jotka parantavat aerodynamiikkaa ja lis\u00e4\u00e4v\u00e4t ketteryytt\u00e4<\/p>\n<\/li>\n<li data-start=\"1143\" data-end=\"1248\">\n<p data-start=\"1145\" data-end=\"1248\"><strong data-start=\"1145\" data-end=\"1162\">Pulse System:<\/strong> runkoon lis\u00e4tyt kumielementit, jotka v\u00e4hent\u00e4v\u00e4t t\u00e4rin\u00e4\u00e4 ja lis\u00e4\u00e4v\u00e4t mukavuutta<\/p>\n<\/li>\n<li data-start=\"1249\" data-end=\"1367\">\n<p data-start=\"1251\" data-end=\"1367\"><strong data-start=\"1251\" data-end=\"1270\">Exclusive Spin:<\/strong> karkea kaksoisviimeistelty pinta (3D-heksagon + hiekkapuhallus), joka mahdollistaa voimakkaamman kierteet<\/p>\n<\/li>\n<li data-start=\"1368\" data-end=\"1477\">\n<p data-start=\"1370\" data-end=\"1477\"><strong data-start=\"1370\" data-end=\"1399\">Fiber Glass Silver (FGS):<\/strong> metallinhohtoinen lasikuitu, joka lis\u00e4\u00e4 j\u00e4ykkyytt\u00e4 ja reagointikyky\u00e4<\/p>\n<\/li>\n<li data-start=\"1478\" data-end=\"1562\">\n<p data-start=\"1480\" data-end=\"1562\"><strong data-start=\"1480\" data-end=\"1497\">HR3 Hard EVA:<\/strong> korkeatiheyksinen kumi, joka tarjoaa j\u00e4m\u00e4kkyytt\u00e4 ja voimaa jokaiseen ly\u00f6ntiin<\/p>\n<\/li>\n<li data-start=\"1563\" data-end=\"1709\">\n<p data-start=\"1565\" data-end=\"1709\"><strong data-start=\"1565\" data-end=\"1603\">Dynamic Composite Structure (DCS):<\/strong> enemm\u00e4n materiaalia rungon ja ly\u00f6ntipinnan v\u00e4lill\u00e4, mik\u00e4 v\u00e4hent\u00e4\u00e4 murtumisriski\u00e4 ja lis\u00e4\u00e4 kest\u00e4vyytt\u00e4<\/p>\n<\/li>\n<li data-start=\"1710\" data-end=\"1792\" data-is-last-node=\"\">\n<p data-start=\"1712\" data-end=\"1792\" data-is-last-node=\"\"><strong data-start=\"1712\" data-end=\"1729\">Carbon Frame:<\/strong> 100 % hiilikuiturunko vahvempaa ja vakaampaa rakennetta varten<\/p>\n<\/li>\n<\/ul>\n","protected":false},"excerpt":{"rendered":"<p>Nox AT10 Pro Cup Hard by Agust\u00edn Tapia 2026 on legendaarisen mallin edasikehitys, joka on mukautettu ammattilaiskiertueen voima- ja tarkkuusvaatimuksiin. Tapian vuonna 2025 k\u00e4ytt\u00e4m\u00e4n muotin innoittamana t\u00e4m\u00e4 maila saapuu markkinoille uudistetulla muotoilulla ja Luxury 2026 -malliston uusimmilla teknologioilla, ollen suorituskykyinen ty\u00f6kalu edistyneille pelaajille. Varmaa voimaa erinomaisella kontrollilla Pisaran muoto ja keskitason tasapaino tekev\u00e4t AT10 Pro [&hellip;]<\/p>\n","protected":false},"featured_media":71970,"comment_status":"open","ping_status":"closed","template":"","meta":{"_eb_attr":""},"product_brand":[493],"product_cat":[495,497,494],"product_tag":[],"class_list":{"0":"post-71966","1":"product","2":"type-product","3":"status-publish","4":"has-post-thumbnail","6":"product_brand-nox","7":"product_cat-keskitaso","8":"product_cat-nox","9":"product_cat-padelmailat","10":"pa_kaal-365g","11":"pa_kuju-pisaranmuotoinen","12":"pa_mangustiil-hybridi","13":"pa_tasakaal-keskella","14":"pa_tase-edistynyt","15":"pa_varv-harmaa","16":"pa_varv-musta","19":"first","20":"onbackorder","21":"sale","22":"featured","23":"taxable","24":"shipping-taxable","25":"purchasable","26":"product-type-simple"},"yoast_head":"<!-- This site is optimized with the Yoast SEO Premium plugin v27.1 (Yoast SEO v27.1.1) - https:\/\/yoast.com\/product\/yoast-seo-premium-wordpress\/ -->\n<title>NOX AT10 PRO CUP Hard 2026 | Test Padelhaus<\/title>\n<meta name=\"description\" content=\"Padelmailat ja padelvarusteet edullisesti. Padelhaus on padel verkkokauppa, josta l\u00f6yd\u00e4t parhaat padelmailat kaikille tasoille.\" \/>\n<meta name=\"robots\" content=\"noindex, follow, max-snippet:-1, max-image-preview:large, max-video-preview:-1\" \/>\n<meta property=\"og:locale\" content=\"fi_FI\" \/>\n<meta property=\"og:type\" content=\"article\" \/>\n<meta property=\"og:title\" content=\"NOX AT10 PRO CUP Hard 2026\" \/>\n<meta property=\"og:description\" content=\"Padelmailat ja padelvarusteet edullisesti. Padelhaus on padel verkkokauppa, josta l\u00f6yd\u00e4t parhaat padelmailat kaikille tasoille.\" \/>\n<meta property=\"og:url\" content=\"https:\/\/padelhaus.mustlammas-dev.in\/fi\/kauppa\/nox-at10-pro-cup-hard-2026\/\" \/>\n<meta property=\"og:site_name\" content=\"Test Padelhaus\" \/>\n<meta property=\"article:modified_time\" content=\"2026-03-05T15:57:13+00:00\" \/>\n<meta property=\"og:image\" content=\"https:\/\/padelhaus.mustlammas-dev.in\/wp-content\/uploads\/2025\/12\/NOX-AT10-PRO-CUP-Hard-2026-1.webp\" \/>\n\t<meta property=\"og:image:width\" content=\"1000\" \/>\n\t<meta property=\"og:image:height\" content=\"1000\" \/>\n\t<meta property=\"og:image:type\" content=\"image\/webp\" \/>\n<meta name=\"twitter:card\" content=\"summary_large_image\" \/>\n<meta name=\"twitter:label1\" content=\"Hinta\" \/>\n\t<meta name=\"twitter:data1\" content=\"159,95&nbsp;&euro;\" \/>\n\t<meta name=\"twitter:label2\" content=\"Saatavuus\" \/>\n\t<meta name=\"twitter:data2\" content=\"J\u00e4lkitoimituksessa\" \/>\n<script type=\"application\/ld+json\" class=\"yoast-schema-graph\">{\"@context\":\"https:\/\/schema.org\",\"@graph\":[{\"@type\":[\"WebPage\",\"ItemPage\"],\"@id\":\"https:\/\/padelhaus.mustlammas-dev.in\/fi\/kauppa\/nox-at10-pro-cup-hard-2026\/\",\"url\":\"https:\/\/padelhaus.mustlammas-dev.in\/fi\/kauppa\/nox-at10-pro-cup-hard-2026\/\",\"name\":\"NOX AT10 PRO CUP Hard 2026 | Test Padelhaus\",\"isPartOf\":{\"@id\":\"https:\/\/padelhaus.mustlammas-dev.in\/fi\/#website\"},\"primaryImageOfPage\":{\"@id\":\"https:\/\/padelhaus.mustlammas-dev.in\/fi\/kauppa\/nox-at10-pro-cup-hard-2026\/#primaryimage\"},\"image\":{\"@id\":\"https:\/\/padelhaus.mustlammas-dev.in\/fi\/kauppa\/nox-at10-pro-cup-hard-2026\/#primaryimage\"},\"thumbnailUrl\":\"https:\/\/padelhaus.mustlammas-dev.in\/wp-content\/uploads\/2025\/12\/NOX-AT10-PRO-CUP-Hard-2026-1.webp\",\"datePublished\":\"2025-12-29T12:58:01+00:00\",\"dateModified\":\"2026-03-05T15:57:13+00:00\",\"description\":\"Padelmailat ja padelvarusteet edullisesti. Padelhaus on padel verkkokauppa, josta l\u00f6yd\u00e4t parhaat padelmailat kaikille tasoille.\",\"breadcrumb\":{\"@id\":\"https:\/\/padelhaus.mustlammas-dev.in\/fi\/kauppa\/nox-at10-pro-cup-hard-2026\/#breadcrumb\"},\"inLanguage\":\"fi\",\"potentialAction\":[{\"@type\":\"ReadAction\",\"target\":[\"https:\/\/padelhaus.mustlammas-dev.in\/fi\/kauppa\/nox-at10-pro-cup-hard-2026\/\"]}]},{\"@type\":\"ImageObject\",\"inLanguage\":\"fi\",\"@id\":\"https:\/\/padelhaus.mustlammas-dev.in\/fi\/kauppa\/nox-at10-pro-cup-hard-2026\/#primaryimage\",\"url\":\"https:\/\/padelhaus.mustlammas-dev.in\/wp-content\/uploads\/2025\/12\/NOX-AT10-PRO-CUP-Hard-2026-1.webp\",\"contentUrl\":\"https:\/\/padelhaus.mustlammas-dev.in\/wp-content\/uploads\/2025\/12\/NOX-AT10-PRO-CUP-Hard-2026-1.webp\",\"width\":1000,\"height\":1000,\"caption\":\"NOX AT10 PRO CUP Hard 2026\"},{\"@type\":\"BreadcrumbList\",\"@id\":\"https:\/\/padelhaus.mustlammas-dev.in\/fi\/kauppa\/nox-at10-pro-cup-hard-2026\/#breadcrumb\",\"itemListElement\":[{\"@type\":\"ListItem\",\"position\":1,\"name\":\"Avaleht\",\"item\":\"https:\/\/padelhaus.fi\/\"},{\"@type\":\"ListItem\",\"position\":2,\"name\":\"Kauppa\",\"item\":\"https:\/\/padelhaus.fi\/kauppa\/\"},{\"@type\":\"ListItem\",\"position\":3,\"name\":\"NOX AT10 PRO CUP Hard 2026\"}]},{\"@type\":\"WebSite\",\"@id\":\"https:\/\/padelhaus.mustlammas-dev.in\/fi\/#website\",\"url\":\"https:\/\/padelhaus.mustlammas-dev.in\/fi\/\",\"name\":\"Claude Padelhaus\",\"description\":\"Sinu padelivarustuse kodu\",\"publisher\":{\"@id\":\"https:\/\/padelhaus.mustlammas-dev.in\/fi\/#organization\"},\"potentialAction\":[{\"@type\":\"SearchAction\",\"target\":{\"@type\":\"EntryPoint\",\"urlTemplate\":\"https:\/\/padelhaus.mustlammas-dev.in\/fi\/?s={search_term_string}\"},\"query-input\":{\"@type\":\"PropertyValueSpecification\",\"valueRequired\":true,\"valueName\":\"search_term_string\"}}],\"inLanguage\":\"fi\"},{\"@type\":\"Organization\",\"@id\":\"https:\/\/padelhaus.mustlammas-dev.in\/fi\/#organization\",\"name\":\"Claude Padelhaus\",\"url\":\"https:\/\/padelhaus.mustlammas-dev.in\/fi\/\",\"logo\":{\"@type\":\"ImageObject\",\"inLanguage\":\"fi\",\"@id\":\"https:\/\/padelhaus.mustlammas-dev.in\/fi\/#\/schema\/logo\/image\/\",\"url\":\"https:\/\/padelhaus.mustlammas-dev.in\/wp-content\/uploads\/2025\/05\/Logo-1.png\",\"contentUrl\":\"https:\/\/padelhaus.mustlammas-dev.in\/wp-content\/uploads\/2025\/05\/Logo-1.png\",\"width\":280,\"height\":115,\"caption\":\"Claude Padelhaus\"},\"image\":{\"@id\":\"https:\/\/padelhaus.mustlammas-dev.in\/fi\/#\/schema\/logo\/image\/\"}}]}<\/script>\n<meta property=\"product:price:amount\" content=\"159.95\" \/>\n<meta property=\"product:price:currency\" content=\"EUR\" \/>\n<meta property=\"og:availability\" content=\"backorder\" \/>\n<meta property=\"product:availability\" content=\"available for order\" \/>\n<meta property=\"product:retailer_item_id\" content=\"NOX-R-43\" \/>\n<meta property=\"product:condition\" content=\"new\" \/>\n<!-- \/ Yoast SEO Premium plugin. -->","yoast_head_json":{"title":"NOX AT10 PRO CUP Hard 2026 | Test Padelhaus","description":"Padelmailat ja padelvarusteet edullisesti. Padelhaus on padel verkkokauppa, josta l\u00f6yd\u00e4t parhaat padelmailat kaikille tasoille.","robots":{"index":"noindex","follow":"follow","max-snippet":"max-snippet:-1","max-image-preview":"max-image-preview:large","max-video-preview":"max-video-preview:-1"},"og_locale":"fi_FI","og_type":"article","og_title":"NOX AT10 PRO CUP Hard 2026","og_description":"Padelmailat ja padelvarusteet edullisesti. Padelhaus on padel verkkokauppa, josta l\u00f6yd\u00e4t parhaat padelmailat kaikille tasoille.","og_url":"https:\/\/padelhaus.mustlammas-dev.in\/fi\/kauppa\/nox-at10-pro-cup-hard-2026\/","og_site_name":"Test Padelhaus","article_modified_time":"2026-03-05T15:57:13+00:00","og_image":[{"width":1000,"height":1000,"url":"https:\/\/padelhaus.mustlammas-dev.in\/wp-content\/uploads\/2025\/12\/NOX-AT10-PRO-CUP-Hard-2026-1.webp","type":"image\/webp"}],"twitter_card":"summary_large_image","twitter_misc":{"Hinta":"159,95&nbsp;&euro;","Saatavuus":"J\u00e4lkitoimituksessa"},"schema":{"@context":"https:\/\/schema.org","@graph":[{"@type":["WebPage","ItemPage"],"@id":"https:\/\/padelhaus.mustlammas-dev.in\/fi\/kauppa\/nox-at10-pro-cup-hard-2026\/","url":"https:\/\/padelhaus.mustlammas-dev.in\/fi\/kauppa\/nox-at10-pro-cup-hard-2026\/","name":"NOX AT10 PRO CUP Hard 2026 | Test Padelhaus","isPartOf":{"@id":"https:\/\/padelhaus.mustlammas-dev.in\/fi\/#website"},"primaryImageOfPage":{"@id":"https:\/\/padelhaus.mustlammas-dev.in\/fi\/kauppa\/nox-at10-pro-cup-hard-2026\/#primaryimage"},"image":{"@id":"https:\/\/padelhaus.mustlammas-dev.in\/fi\/kauppa\/nox-at10-pro-cup-hard-2026\/#primaryimage"},"thumbnailUrl":"https:\/\/padelhaus.mustlammas-dev.in\/wp-content\/uploads\/2025\/12\/NOX-AT10-PRO-CUP-Hard-2026-1.webp","datePublished":"2025-12-29T12:58:01+00:00","dateModified":"2026-03-05T15:57:13+00:00","description":"Padelmailat ja padelvarusteet edullisesti. Padelhaus on padel verkkokauppa, josta l\u00f6yd\u00e4t parhaat padelmailat kaikille tasoille.","breadcrumb":{"@id":"https:\/\/padelhaus.mustlammas-dev.in\/fi\/kauppa\/nox-at10-pro-cup-hard-2026\/#breadcrumb"},"inLanguage":"fi","potentialAction":[{"@type":"ReadAction","target":["https:\/\/padelhaus.mustlammas-dev.in\/fi\/kauppa\/nox-at10-pro-cup-hard-2026\/"]}]},{"@type":"ImageObject","inLanguage":"fi","@id":"https:\/\/padelhaus.mustlammas-dev.in\/fi\/kauppa\/nox-at10-pro-cup-hard-2026\/#primaryimage","url":"https:\/\/padelhaus.mustlammas-dev.in\/wp-content\/uploads\/2025\/12\/NOX-AT10-PRO-CUP-Hard-2026-1.webp","contentUrl":"https:\/\/padelhaus.mustlammas-dev.in\/wp-content\/uploads\/2025\/12\/NOX-AT10-PRO-CUP-Hard-2026-1.webp","width":1000,"height":1000,"caption":"NOX AT10 PRO CUP Hard 2026"},{"@type":"BreadcrumbList","@id":"https:\/\/padelhaus.mustlammas-dev.in\/fi\/kauppa\/nox-at10-pro-cup-hard-2026\/#breadcrumb","itemListElement":[{"@type":"ListItem","position":1,"name":"Avaleht","item":"https:\/\/padelhaus.fi\/"},{"@type":"ListItem","position":2,"name":"Kauppa","item":"https:\/\/padelhaus.fi\/kauppa\/"},{"@type":"ListItem","position":3,"name":"NOX AT10 PRO CUP Hard 2026"}]},{"@type":"WebSite","@id":"https:\/\/padelhaus.mustlammas-dev.in\/fi\/#website","url":"https:\/\/padelhaus.mustlammas-dev.in\/fi\/","name":"Claude Padelhaus","description":"Sinu padelivarustuse kodu","publisher":{"@id":"https:\/\/padelhaus.mustlammas-dev.in\/fi\/#organization"},"potentialAction":[{"@type":"SearchAction","target":{"@type":"EntryPoint","urlTemplate":"https:\/\/padelhaus.mustlammas-dev.in\/fi\/?s={search_term_string}"},"query-input":{"@type":"PropertyValueSpecification","valueRequired":true,"valueName":"search_term_string"}}],"inLanguage":"fi"},{"@type":"Organization","@id":"https:\/\/padelhaus.mustlammas-dev.in\/fi\/#organization","name":"Claude Padelhaus","url":"https:\/\/padelhaus.mustlammas-dev.in\/fi\/","logo":{"@type":"ImageObject","inLanguage":"fi","@id":"https:\/\/padelhaus.mustlammas-dev.in\/fi\/#\/schema\/logo\/image\/","url":"https:\/\/padelhaus.mustlammas-dev.in\/wp-content\/uploads\/2025\/05\/Logo-1.png","contentUrl":"https:\/\/padelhaus.mustlammas-dev.in\/wp-content\/uploads\/2025\/05\/Logo-1.png","width":280,"height":115,"caption":"Claude Padelhaus"},"image":{"@id":"https:\/\/padelhaus.mustlammas-dev.in\/fi\/#\/schema\/logo\/image\/"}}]},"product_price_amount":"159.95","product_price_currency":"EUR","og_availability":"backorder","product_availability":"available for order","product_retailer_item_id":"NOX-R-43","product_condition":"new"},"_links":{"self":[{"href":"https:\/\/padelhaus.mustlammas-dev.in\/fi\/wp-json\/wp\/v2\/product\/71966","targetHints":{"allow":["GET"]}}],"collection":[{"href":"https:\/\/padelhaus.mustlammas-dev.in\/fi\/wp-json\/wp\/v2\/product"}],"about":[{"href":"https:\/\/padelhaus.mustlammas-dev.in\/fi\/wp-json\/wp\/v2\/types\/product"}],"replies":[{"embeddable":true,"href":"https:\/\/padelhaus.mustlammas-dev.in\/fi\/wp-json\/wp\/v2\/comments?post=71966"}],"wp:featuredmedia":[{"embeddable":true,"href":"https:\/\/padelhaus.mustlammas-dev.in\/fi\/wp-json\/wp\/v2\/media\/71970"}],"wp:attachment":[{"href":"https:\/\/padelhaus.mustlammas-dev.in\/fi\/wp-json\/wp\/v2\/media?parent=71966"}],"wp:term":[{"taxonomy":"product_brand","embeddable":true,"href":"https:\/\/padelhaus.mustlammas-dev.in\/fi\/wp-json\/wp\/v2\/product_brand?post=71966"},{"taxonomy":"product_cat","embeddable":true,"href":"https:\/\/padelhaus.mustlammas-dev.in\/fi\/wp-json\/wp\/v2\/product_cat?post=71966"},{"taxonomy":"product_tag","embeddable":true,"href":"https:\/\/padelhaus.mustlammas-dev.in\/fi\/wp-json\/wp\/v2\/product_tag?post=71966"}],"curies":[{"name":"wp","href":"https:\/\/api.w.org\/{rel}","templated":true}]}}